{"id":19588,"date":"2025-04-07T06:56:10","date_gmt":"2025-04-07T06:56:10","guid":{"rendered":"https:\/\/www.hydraulic-cylinders.net\/product\/boom-cylinder-for-yuchai-yc240lc-8\/"},"modified":"2025-04-07T06:56:12","modified_gmt":"2025-04-07T06:56:12","slug":"boom-cylinder-for-yuchai-yc240lc-8","status":"publish","type":"product","link":"https:\/\/www.hydraulic-cylinders.net\/lt\/produktas\/boom-cylinder-for-yuchai-yc240lc-8\/","title":{"rendered":"Str\u0117l\u0117s cilindras, skirtas \u201eYuchai YC240LC-8\u201c"},"content":{"rendered":"<h1>Str\u0117l\u0117s cilindras, skirtas \u201eYuchai YC240LC-8\u201c<\/h1>\n<h2>Produkto ap\u017evalga<\/h2>\n<p>\u201eYuchai YC240LC-8\u201c str\u0117l\u0117s cilindras yra labai svarbus hidraulini\u0173 sistem\u0173 komponentas, specialiai sukurtas valdyti kau\u0161o jud\u0117jim\u0105 \u012fvairiose sunkiosiose ma\u0161inose, tokiose kaip ekskavatoriai, ekskavatoriniai krautuvai ir frontaliniai krautuvai. \u0160is hidraulinis cilindras leid\u017eia kau\u0161\u0105 pakelti, nuleisti ir pakreipti, taip palengvinant efektyv\u0173 med\u017eiag\u0173 tvarkym\u0105. Kau\u0161o cilindras yra esmin\u0117 hidraulin\u0117s sistemos dalis, naudojanti hidraulin\u012f skyst\u012f, kad sukurt\u0173 galingus ir tikslius judesius.<\/p>\n<p><img decoding=\"async\" src=\"https:\/\/www.hydraulic-cylinders.net\/wp-content\/uploads\/2025\/04\/songte-company-1.webp\" alt=\"Str\u0117l\u0117s cilindro vaizdas\" \/><\/p>\n<h3>Apibr\u0117\u017eimas ir tikslas<\/h3>\n<p>Kau\u0161o cilindras yra hidraulinio pavaros tipas, kuris hidraulin\u0119 energij\u0105 paver\u010dia mechanine energija, leisdamas sunkiosioms ma\u0161inoms lengvai atlikti \u012fvairias funkcijas. \u0160ie cilindrai yra sukurti taip, kad atlaikyt\u0173 auk\u0161t\u0105 sl\u0117g\u012f ir dideles apkrovas, tod\u0117l jie tinka sud\u0117tingoms aplinkoms. Kau\u0161o cilindro teikiamas funkcionalumas padidina veiklos efektyvum\u0105, suma\u017eina prastovas ir u\u017etikrina operatori\u0173 saugum\u0105 atliekant sunkias k\u0117limo ir perk\u0117limo u\u017eduotis.<\/p>\n<h2>Str\u0117l\u0117s cilindro savyb\u0117s<\/h2>\n<ul>\n<li><strong>Didelis stiprumas ir ilgaam\u017ei\u0161kumas:<\/strong> Pagaminta i\u0161 didelio stiprumo plieno arba aliuminio, galinti atlaikyti auk\u0161t\u0105 sl\u0117g\u012f ir dideles apkrovas, sukurta at\u0161iaurioms darbo s\u0105lygoms, atspari dilimui ir korozijai, kad b\u016bt\u0173 ilgesn\u0117 eksploatavimo trukm\u0117.<\/li>\n<li><strong>Efektyvus hidraulinis valdymas:<\/strong> Naudoja hidraulinio skys\u010dio sl\u0117g\u012f, kad b\u016bt\u0173 u\u017etikrintas sklandus i\u0161pl\u0117timas ir \u012ftraukimas, greitai reaguoja \u012f operatoriaus komandas, u\u017etikrina didel\u0119 st\u016bmimo ir traukimo j\u0117g\u0105, idealiai tinka sunkioms ir sud\u0117tingoms u\u017eduotims atlikti.<\/li>\n<li><strong>\u012evair\u016bs tipai:<\/strong> Galima \u012fsigyti vieno veikimo (hidraulinis skystis veikia viena kryptimi) arba dvigubo veikimo (veikia abiem kryptimis) cilindr\u0173, kad b\u016bt\u0173 galima patenkinti skirtingus eksploatacinius poreikius, o kai kurie modeliai yra teleskopiniai, kad b\u016bt\u0173 galima labiau i\u0161tiesti nedidinant i\u0161orini\u0173 matmen\u0173, tod\u0117l idealiai tinka naudoti ribotoje erdv\u0117je.<\/li>\n<li><strong>Individual\u016bs sprendimai:<\/strong> M\u016bs\u0173 gaminiai gali puikiai pakeisti \u012fvairius hidraulinius cilindrus, u\u017etikrindami suderinamum\u0105 ir na\u0161um\u0105.<\/li>\n<\/ul>\n<p><img decoding=\"async\" src=\"https:\/\/www.hydraulic-cylinders.net\/wp-content\/uploads\/2025\/04\/songte-cylinder-head-with-all-kinds-excavator-models.webp\" alt=\"Hidraulini\u0173 cilindr\u0173 suderinamumas\" \/><\/p>\n<h2>Str\u0117l\u0117s cilindro pritaikymas<\/h2>\n<h3>Statybin\u0117 \u012franga<\/h3>\n<p>Ekskavatoriuose str\u0117l\u0117s cilindrai atlieka gyvybi\u0161kai svarb\u0173 vaidmen\u012f kasant, kraunant ir perkeliant dirvo\u017eem\u012f ar \u0161iuk\u0161les. Jie suteikia reikiam\u0105 j\u0117g\u0105, kad kau\u0161as efektyviai \u012fsiskverbt\u0173 \u012f \u017eem\u0119, taip padidindami bendr\u0105 ma\u0161inos na\u0161um\u0105. Tikslus \u0161i\u0173 cilindr\u0173 valdymas u\u017etikrina, kad operatoriai gali atlikti sud\u0117tingas u\u017eduotis tiksliai ir lengvai. Be to, ekskavatoriuose-krautuvuose kau\u0161o cilindrai padeda tiek kasimo, tiek k\u0117limo operacijose, tod\u0117l jie yra nepakei\u010diami statybos projektuose.<\/p>\n<h3>\u017dem\u0117s \u016bkio technika<\/h3>\n<p>Priekiniuose krautuvuose str\u0117l\u0117s cilindrai yra labai svarb\u016bs dirvo\u017eemio, \u0161ieno ir kit\u0173 med\u017eiag\u0173 k\u0117limui, k\u0117limui ir transportavimui. Tvirta j\u0173 konstrukcija leid\u017eia jiems atlikti sud\u0117tingas u\u017eduotis, da\u017enai atliekamas \u017eem\u0117s \u016bkio aplinkoje, u\u017etikrinant patikimum\u0105 ir ilgaam\u017ei\u0161kum\u0105. \u0160ie cilindrai, palengvindami efektyv\u0173 med\u017eiag\u0173 tvarkym\u0105, \u017eenkliai prisideda prie na\u0161umo didinimo \u016bkiuose ir \u017eem\u0117s \u016bkio operacijose.<\/p>\n<h3>Ekskavatoriai<\/h3>\n<p>Ekskavatoriuose kau\u0161o cilindrai leid\u017eia kau\u0161ui \u012fsiskverbti \u012f dirv\u0105, o tai yra labai svarbu efektyviems kasimo darbams. \u0160i\u0173 cilindr\u0173 tiekiama hidraulin\u0117 galia leid\u017eia atlikti gilius kasimo darbus minimaliomis operatoriaus pastangomis, taip pagerinant veiklos efektyvum\u0105 ir sutrumpinant projektams reikaling\u0105 laik\u0105.<\/p>\n<h3>Krautuvai<\/h3>\n<p>Priekiniuose krautuvuose str\u0117l\u0117s cilindrai padeda efektyviai kelti ir i\u0161versti krovinius. D\u0117l j\u0173 geb\u0117jimo u\u017etikrinti didel\u0119 k\u0117limo gali\u0105 sunkias med\u017eiagas galima efektyviai pakrauti ir i\u0161krauti, o tai prisideda prie sklandaus statyb\u0173, kasybos ir med\u017eiag\u0173 tvarkymo darb\u0173 atlikimo.<\/p>\n<h2>Projektavimo aspektai ir atrankos kriterijai<\/h2>\n<h3>Keliamoji galia<\/h3>\n<p>Renkantis str\u0117l\u0117s cilindr\u0105, keliamoji galia yra labai svarbus veiksnys. Cilindras turi b\u016bti suprojektuotas taip, kad atlaikyt\u0173 maksimal\u0173 svor\u012f, su kuriuo bus susidurta eksploatacijos metu. Tai u\u017etikrina saugum\u0105 ir efektyvum\u0105, nes nepakankamai \u012fvertintas cilindras gali sugesti veikiant apkrovai, d\u0117l to gali b\u016bti pa\u017eeista \u012franga arba \u012fvykti avarijos. Gamintojai paprastai pateikia i\u0161samias keliamosios galios specifikacijas, leid\u017eian\u010dias operatoriams priimti pagr\u012fstus sprendimus, atsi\u017evelgdami \u012f savo konkre\u010dius poreikius.<\/p>\n<h3>Sandarumas ir ilgaam\u017ei\u0161kumas<\/h3>\n<p>Efektyvus sandarinimas yra gyvybi\u0161kai svarbus str\u0117l\u0117s cilindro ilgaam\u017ei\u0161kumui u\u017etikrinti. Auk\u0161tos kokyb\u0117s sandarikliai apsaugo nuo hidraulinio skys\u010dio nuot\u0117kio, kuris gali pakenkti na\u0161umui ir saugai. \u012evairios med\u017eiagos, tokios kaip poliuretanas ir nitrilo kau\u010diukas, naudojamos sandarikliams, atspariems dilimui ir degradacijai, sukurti. Tinkamas sandarinimas taip pat pagerina cilindro geb\u0117jim\u0105 atlaikyti at\u0161iaurias aplinkos s\u0105lygas, u\u017etikrinant pastov\u0173 veikim\u0105 laikui b\u0117gant.<\/p>\n<h3>Saugos funkcijos<\/h3>\n<p>Projektuojant str\u0117l\u0117s cilindrus, sauga yra svarbiausia. Tokios funkcijos kaip sl\u0117gio ma\u017einimo vo\u017etuvai ir apsauga nuo perkrovos yra b\u016btinos siekiant i\u0161vengti gedim\u0173 ir u\u017etikrinti saug\u0173 darb\u0105. Operatoriai tur\u0117t\u0173 \u017einoti apie \u0161ias saugos funkcijas ir suprasti, kaip jos veikia hidraulin\u0117je sistemoje. Be to, b\u016btina reguliariai atlikti technin\u0119 prie\u017ei\u016br\u0105 ir patikras, kad b\u016bt\u0173 galima nustatyti galimas saugos problemas, kol jos nesuk\u0117l\u0117 incident\u0173.<\/p>\n<h3>Prie\u017ei\u016bros paprastumas<\/h3>\n<p>Str\u0117l\u0117s cilindr\u0173 projektavimas taip, kad juos b\u016bt\u0173 lengva pri\u017ei\u016br\u0117ti, gali gerokai pailginti j\u0173 eksploatavimo laik\u0105. Komponentai tur\u0117t\u0173 b\u016bti lengvai prieinami ap\u017ei\u016brai ir remontui, taip suma\u017einant prastovas ir prie\u017ei\u016bros i\u0161laidas. Moduliniai dizainai, leid\u017eiantys lengvai pakeisti dalis, taip pat gali prisid\u0117ti prie bendro efektyvumo, u\u017etikrinant, kad \u012franga i\u0161likt\u0173 veikianti ir produktyvi.<\/p>\n<p><img decoding=\"async\" src=\"https:\/\/www.hydraulic-cylinders.net\/wp-content\/uploads\/2025\/04\/songte-oil-pipes-and-spare-parts.webp\" alt=\"Hidrauliniai komponentai\" \/><\/p>\n<h2>Sandarinimas ir tepimas<\/h2>\n<p>Str\u0117l\u0117s cilindr\u0173 sandarinimas ir tepimas yra labai svarb\u016bs j\u0173 veikimui ir ilgaam\u017ei\u0161kumui. Hidrauliniam sl\u0117giui palaikyti ir skys\u010di\u0173 nuot\u0117kiui i\u0161vengti naudojami \u012fvair\u016bs sandarinimo komponentai, tokie kaip st\u016bmokli\u0173 ir stryp\u0173 sandarikliai. I\u0161 patvari\u0173 med\u017eiag\u0173, toki\u0173 kaip poliuretanas ir nitrilo kau\u010diukas, pagaminti sandarikliai yra atspar\u016bs dilimui ir cheminiam degradacijai, tod\u0117l pailg\u0117ja cilindro tarnavimo laikas.<\/p>\n<p>Be to, cilindro korpusas ir srieginiai galiniai pavir\u0161iai yra tiksliai apdirbti, siekiant pagerinti atsparum\u0105 dilimui ir u\u017etikrinti skland\u0173 komponent\u0173 veikim\u0105 laikui b\u0117gant. Reguliarus tepimas yra b\u016btinas; operatoriai tur\u0117t\u0173 periodi\u0161kai papildyti hidraulin\u0117s alyvos lyg\u012f, kad i\u0161laikyt\u0173 optimal\u0173 na\u0161um\u0105 ir suma\u017eint\u0173 nusid\u0117v\u0117jim\u0105, taip pailgindami hidraulin\u0117s sistemos tarnavimo laik\u0105. Tinkamas tepimas taip pat suma\u017eina perkaitimo rizik\u0105 ir trint\u012f, tod\u0117l sistema veikia skland\u017eiau.<\/p>\n<h2>Reguliarus patikrinimas ir prevencin\u0117 prie\u017ei\u016bra<\/h2>\n<ul>\n<li><strong>\u012eprastiniai patikrinimai:<\/strong> Reguliar\u016bs hidraulini\u0173 cilindr\u0173 patikrinimai yra b\u016btini norint anksti nustatyti galimas problemas. Patikrinkite, ar n\u0117ra nuot\u0117ki\u0173, susid\u0117v\u0117jimo ir kit\u0173 pa\u017eeidimo po\u017eymi\u0173. Ankstyvas aptikimas gali pad\u0117ti i\u0161vengti brangaus remonto ir u\u017etikrinti saugum\u0105.<\/li>\n<li><strong>Tinkamas tepimas:<\/strong> U\u017etikrinkite, kad hidraulin\u0117s alyvos lygis b\u016bt\u0173 palaikomas ir kad tepimo ta\u0161kai b\u016bt\u0173 reguliariai pri\u017ei\u016brimi. Tinkamas tepimas suma\u017eina trint\u012f ir susid\u0117v\u0117jim\u0105, pagerindamas cilindro veikim\u0105 ir tarnavimo laik\u0105.<\/li>\n<li><strong>Sandariklio keitimas:<\/strong> Laikui b\u0117gant, sandarikliai gali susid\u0117v\u0117ti ir juos gali tekti keisti. Reguliariai tikrinkite sandarikli\u0173 b\u016bkl\u0119 ir prireikus juos pakeiskite, kad i\u0161vengtum\u0117te nuot\u0117ki\u0173 ir i\u0161laikytum\u0117te sistemos vientisum\u0105.<\/li>\n<\/ul>\n<h2>\u012erengimo gair\u0117s<\/h2>\n<p>Teisingas str\u0117l\u0117s cilindro montavimas yra labai svarbus jo veikimui ir saugumui. Pirmiausia \u012fsitikinkite, kad montavimo vieta yra \u0161vari ir be \u0161iuk\u0161li\u0173. Tinkamai sulygiuokite cilindr\u0105, kad i\u0161vengtum\u0117te nesuderinamumo, kuris gali sukelti prie\u0161laikin\u012f susid\u0117v\u0117jim\u0105 ar gedim\u0105. Naudokite tinkamus tvirtinimo laikiklius, kad pritvirtintum\u0117te cilindr\u0105 vietoje, u\u017etikrindami, kad jis b\u016bt\u0173 tvirtai pritvirtintas ir stabilus.<\/p>\n<p>Laikykit\u0117s gamintojo nurodym\u0173 d\u0117l sukimo momento nustatym\u0173 ir naudokite auk\u0161tos kokyb\u0117s tvirtinimo detales, kad laikui b\u0117gant jos neatsilaisvint\u0173. Sumontavus, atlikite bandom\u0105j\u012f paleidim\u0105, kad patikrintum\u0117te, ar n\u0117ra nuot\u0117ki\u0173, ir \u012fsitikinkite, kad cilindras veikia skland\u017eiai. Atkreipkite d\u0117mes\u012f \u012f bet kokius ne\u012fprastus garsus ar judesius, kurie gali rodyti problem\u0105. Galiausiai dokumentuokite montavimo proces\u0105, kad gal\u0117tum\u0117te i\u0161saugoti \u012fra\u0161us atei\u010diai.<\/p>\n<h2>\u012eprastos prie\u017ei\u016bros u\u017eduotys<\/h2>\n<h3>\u012eprastiniai patikrinimai<\/h3>\n<p>Reguliar\u016bs patikrinimai yra labai svarb\u016bs hidraulini\u0173 sistem\u0173 prie\u017ei\u016brai. Technikai tur\u0117t\u0173 tikrinti, ar n\u0117ra susid\u0117v\u0117jimo po\u017eymi\u0173, nuot\u0117ki\u0173 ir kit\u0173 galim\u0173 problem\u0173. Da\u017eni patikrinimai padeda u\u017etikrinti, kad visi reikalingi remonto darbai ar pakeitimai b\u016bt\u0173 atlikti laiku, taip suma\u017einant prastovas ir padidinant saug\u0105. Reguliarus patikrinim\u0173 rezultat\u0173 dokumentavimas taip pat gali pad\u0117ti steb\u0117ti \u012frangos b\u016bkl\u0119 laikui b\u0117gant.<\/p>\n<h3>Tinkamas tepimas<\/h3>\n<p>Tinkamas hidraulini\u0173 cilindr\u0173 sutepimas yra labai svarbus j\u0173 ilgaam\u017ei\u0161kumui. Technikai tur\u0117t\u0173 sudaryti tepimo grafik\u0105, atitinkant\u012f gamintojo rekomendacijas. Tai ne tik apsaugo nuo susid\u0117v\u0117jimo ir perkaitimo, bet ir prisideda prie bendro hidraulin\u0117s sistemos efektyvumo. Reguliariai tikrinti skys\u010di\u0173 lyg\u012f ir prireikus juos keisti yra b\u016btina norint i\u0161laikyti optimal\u0173 na\u0161um\u0105.<\/p>\n<h3>Tarpikli\u0173 keitimas ir kalibravimo patikrinimai<\/h3>\n<p>Laikui b\u0117gant, sandarikliai susid\u0117vi ir juos reikia pakeisti, kad b\u016bt\u0173 i\u0161laikytas sistemos vientisumas. Technikai tur\u0117t\u0173 b\u016bti apmokyti atpa\u017einti sandarikli\u0173 susid\u0117v\u0117jimo po\u017eymius ir suprasti keitimo proces\u0105. Be to, reguliar\u016bs kalibravimo patikrinimai u\u017etikrina, kad hidraulin\u0117 sistema veikt\u0173 pagal nurodytus parametrus, taip i\u0161vengiant na\u0161umo problem\u0173 ir didinant saug\u0105. Tinkamas mokymas ir technin\u0117s prie\u017ei\u016bros grafik\u0173 laikymasis yra labai svarb\u016bs norint prailginti hidraulini\u0173 cilindr\u0173 tarnavimo laik\u0105.<\/p>\n<p><img decoding=\"async\" src=\"https:\/\/www.hydraulic-cylinders.net\/wp-content\/uploads\/2025\/04\/songte-chushion-collar.webp\" alt=\"Montavimas ir prie\u017ei\u016bra\" \/><\/p>\n<h2>Saugos aspektai ir aplinkos veiksniai<\/h2>\n<p>Dirbant su str\u0117l\u0117s cilindrais, b\u016btinos saugos priemon\u0117s. Operatoriai privalo laikytis saugos protokol\u0173, \u012fskaitant tinkam\u0173 asmenini\u0173 apsaugos priemoni\u0173 (AAP) d\u0117v\u0117jim\u0105 ir konkre\u010di\u0173 pavoj\u0173, susijusi\u0173 su hidraulin\u0117mis sistemomis, supratim\u0105. Reguliar\u016bs mokymai apie saugaus darbo proced\u016bras gali pad\u0117ti suma\u017einti rizik\u0105. Be to, labai svarbu laikytis aplinkosaugos taisykli\u0173, u\u017etikrinant, kad hidrauliniai skys\u010diai ir kitos med\u017eiagos b\u016bt\u0173 tvarkomos ir \u0161alinamos saugiai.<\/p>\n<h2>Trik\u010di\u0173 \u0161alinimas ir da\u017eniausiai pasitaikan\u010dios problemos<\/h2>\n<ul>\n<li><strong>Nuot\u0117kis:<\/strong> Hidraulinio skys\u010dio nuot\u0117kis gali atsirasti d\u0117l susid\u0117v\u0117jusi\u0173 sandarikli\u0173 arba pa\u017eeist\u0173 komponent\u0173. Norint i\u0161laikyti sistemos vientisum\u0105, labai svarbu nustatyti nuot\u0117kio \u0161altin\u012f ir greitai pakeisti sandariklius arba pa\u017eeistas dalis.<\/li>\n<li><strong>Ne\u012fprasti garsai:<\/strong> Jei str\u0117l\u0117s cilindras veikimo metu skleid\u017eia ne\u012fprastus garsus, tai gali rodyti nepakankam\u0105 tepim\u0105 arba vidinius pa\u017eeidimus. I\u0161junkite \u012frang\u0105 ir atlikite i\u0161sam\u0173 patikrinim\u0105, kad nustatytum\u0117te ir pa\u0161alintum\u0117te problem\u0105.<\/li>\n<li><strong>Nenuoseklus na\u0161umas:<\/strong> Jei cilindras neveikia skland\u017eiai arba jo veikimas nepastovus, tai gali b\u016bti d\u0117l oro hidraulin\u0117se linijose arba \u017eemo skys\u010dio lygio. \u0160ias problemas galima i\u0161spr\u0119sti i\u0161leidus hidraulin\u0119 sistem\u0105 ir patikrinus skys\u010di\u0173 lyg\u012f.<\/li>\n<\/ul>\n<h3>Trik\u010di\u0173 \u0161alinimo patarimai<\/h3>\n<p>Nor\u0117dami veiksmingai diagnozuoti ir i\u0161spr\u0119sti str\u0117l\u0117s cilindr\u0173 problemas, operatoriai tur\u0117t\u0173 tvarkyti i\u0161samius technin\u0117s prie\u017ei\u016bros ir patikros veiklos \u012fra\u0161us. Reguliariai per\u017ei\u016brint \u0161iuos \u012fra\u0161us galima nustatyti modelius ir galimas problemas. \u012egyvendinus prevencines priemones, tokias kaip \u012fprastin\u0117 technin\u0117 prie\u017ei\u016bra ir patikros, galima suma\u017einti problem\u0173 atsiradim\u0105 ir pagerinti bendr\u0105 sistemos veikim\u0105.<\/p>\n<p><img decoding=\"async\" src=\"https:\/\/www.hydraulic-cylinders.net\/wp-content\/uploads\/2025\/04\/songte-bushings-with-all-kinds-of-excavator-models.webp\" alt=\"Hidraulini\u0173 cilindr\u0173 trik\u010di\u0173 \u0161alinimas\" \/><\/p>\n<h2>Apie m\u016bs\u0173 \u012fmon\u0119<\/h2>\n<p>Esame pirmaujantis pakaitini\u0173 hidraulini\u0173 cilindr\u0173 gamintojas, si\u016blantis plat\u0173 gamini\u0173 asortiment\u0105, kuris pavert\u0117 mus vienu i\u0161 \u017eymiausi\u0173 gamintoj\u0173 ir didmeninink\u0173 vidaus ir tarptautin\u0117se rinkose. Siekdami meistri\u0161kumo, vadovaujam\u0117s rafinuota gamybos strategija, kurioje pabr\u0117\u017eiamas pramonin\u0117s gamybos valdymas. M\u016bs\u0173 \u012fmon\u0117 nuolat tobulina savo gamybos platform\u0105, integruodama technines \u017einias, pa\u017eangi\u0105 skaitmenin\u0119 gamybos \u012frang\u0105 ir profesionalias testavimo sistemas.<\/p>\n<p>M\u016bs\u0173 tvirti paj\u0117gumai leid\u017eia mums efektyviai patenkinti \u012fvairius klient\u0173 poreikius, daugiausia d\u0117mesio skiriant dideliam efektyvumui, tikslumui ir kokybei. Si\u016blome individualius sprendimus, u\u017etikrindami, kad m\u016bs\u0173 klientai gaut\u0173 produktus, pritaikytus j\u0173 konkretiems poreikiams. Be to, esame gav\u0119 tarptautinius sertifikatus, patvirtinan\u010dius m\u016bs\u0173 \u012fsipareigojim\u0105 laikytis kokyb\u0117s ir saugos standart\u0173.<\/p>\n<p><img decoding=\"async\" src=\"https:\/\/www.hydraulic-cylinders.net\/wp-content\/uploads\/2025\/04\/songte-company-4.webp\" alt=\"\u012emon\u0117s ap\u017evalga\" \/><br \/>\n<img decoding=\"async\" src=\"https:\/\/www.hydraulic-cylinders.net\/wp-content\/uploads\/2025\/04\/songte-company-3.webp\" alt=\"M\u016bs\u0173 gamybos \u012frenginiai\" \/><\/p>\n<p>Autorius: lyl<\/p>","protected":false},"excerpt":{"rendered":"<p>Boom Cylinder For Yuchai YC240LC-8 Product Overview The Boom Cylinder for Yuchai YC240LC-8 is a critical component in hydraulic systems, designed specifically for controlling the movement of the bucket in various heavy machinery, such as excavators, backhoe loaders, and front loaders. This hydraulic cylinder enables the bucket to lift, lower, and tilt, facilitating efficient material [&hellip;]<\/p>","protected":false},"featured_media":17881,"comment_status":"open","ping_status":"closed","template":"","meta":{"_et_pb_use_builder":"","_et_pb_old_content":"","_et_gb_content_width":""},"product_brand":[],"product_cat":[1546],"product_tag":[1547,1496],"class_list":{"0":"post-19588","1":"product","2":"type-product","3":"status-publish","4":"has-post-thumbnail","6":"product_cat-boom-cylinders","7":"product_tag-boom-cylinders","8":"product_tag-hydraulic-cylinders","10":"first","11":"instock","12":"shipping-taxable","13":"product-type-simple"},"amp_enabled":true,"_links":{"self":[{"href":"https:\/\/www.hydraulic-cylinders.net\/lt\/wp-json\/wp\/v2\/product\/19588","targetHints":{"allow":["GET"]}}],"collection":[{"href":"https:\/\/www.hydraulic-cylinders.net\/lt\/wp-json\/wp\/v2\/product"}],"about":[{"href":"https:\/\/www.hydraulic-cylinders.net\/lt\/wp-json\/wp\/v2\/types\/product"}],"replies":[{"embeddable":true,"href":"https:\/\/www.hydraulic-cylinders.net\/lt\/wp-json\/wp\/v2\/comments?post=19588"}],"wp:featuredmedia":[{"embeddable":true,"href":"https:\/\/www.hydraulic-cylinders.net\/lt\/wp-json\/wp\/v2\/media\/17881"}],"wp:attachment":[{"href":"https:\/\/www.hydraulic-cylinders.net\/lt\/wp-json\/wp\/v2\/media?parent=19588"}],"wp:term":[{"taxonomy":"product_brand","embeddable":true,"href":"https:\/\/www.hydraulic-cylinders.net\/lt\/wp-json\/wp\/v2\/product_brand?post=19588"},{"taxonomy":"product_cat","embeddable":true,"href":"https:\/\/www.hydraulic-cylinders.net\/lt\/wp-json\/wp\/v2\/product_cat?post=19588"},{"taxonomy":"product_tag","embeddable":true,"href":"https:\/\/www.hydraulic-cylinders.net\/lt\/wp-json\/wp\/v2\/product_tag?post=19588"}],"curies":[{"name":"wp","href":"https:\/\/api.w.org\/{rel}","templated":true}]}}