{"id":1959,"date":"2023-10-20T08:06:56","date_gmt":"2023-10-20T08:06:56","guid":{"rendered":"https:\/\/hydraulic-cylinders.net\/?post_type=product&#038;p=1959"},"modified":"2023-10-20T08:06:57","modified_gmt":"2023-10-20T08:06:57","slug":"v30g-series-heavy-duty-piston-hydraulic-pump","status":"publish","type":"product","link":"https:\/\/www.hydraulic-cylinders.net\/lt\/produktas\/v30g-series-heavy-duty-piston-hydraulic-pump\/","title":{"rendered":"V30G serijos sunki\u0173j\u0173 st\u016bmoklini\u0173 hidraulini\u0173 siurbli\u0173"},"content":{"rendered":"<h1 style=\"text-align: center;\"><strong>V30G serijos sunki\u0173j\u0173 st\u016bmoklini\u0173 hidraulini\u0173 siurbli\u0173 <\/strong><\/h1>\n<p><img loading=\"lazy\" decoding=\"async\" class=\"aligncenter wp-image-1960\" src=\"https:\/\/hydraulic-cylinders.net\/wp-content\/uploads\/2023\/10\/v30g-series-heavy-duty-piston-hydraulic-pump-1-300x300.webp\" alt=\"\" width=\"400\" height=\"400\" \/><\/p>\n<p>V30G serijos galingas st\u016bmoklinis hidraulinis siurblys yra universalus ir tvirtas hidraulinis siurblys, skirtas tiekti didel\u0119 gali\u0105 reiklioms pramon\u0117s reikm\u0117ms. D\u0117l savo patvarios konstrukcijos, efektyvaus dizaino ir i\u0161skirtinio patikimumo \u0161is siurblys yra patikimas pasirinkimas galingoms hidraulin\u0117ms sistemoms. \u0160iame straipsnyje aptarsime pagrindines V30G serijos galingo st\u016bmoklinio hidraulinio siurblio charakteristikas, naudojimo b\u016bdus ir prie\u017ei\u016bros gaires.<\/p>\n<p>V30G serijos galingas st\u016bmoklinis hidraulinis siurblys pasi\u017eymi i\u0161skirtiniu na\u0161umu ir patikimumu sunkiosioms pramon\u0117s reikm\u0117ms. D\u0117l tvirtos konstrukcijos, didelio sl\u0117gio ir sklandaus veikimo \u0161is siurblys yra patikimas pasirinkimas reiklioms hidraulin\u0117ms sistemoms. Laikantis rekomenduojam\u0173 naudojimo metod\u0173 ir reguliarios prie\u017ei\u016bros praktikos, v30g serijos siurblys ir toliau u\u017etikrins i\u0161skirtin\u0119 gali\u0105 ir patikimum\u0105, prisid\u0117damas prie s\u0117kmingos pramon\u0117s veiklos. I\u0161naudokite v30g serijos galingo st\u016bmoklinio hidraulinio siurblio gali\u0105 ir patikimum\u0105, kad optimizuotum\u0117te savo hidraulin\u0117s sistemos galimybes.<\/p>\n<p>V30G serijos sunki\u0173j\u0173 st\u016bmoklini\u0173 hidraulini\u0173 siurbli\u0173 pagrindin\u0117s charakteristikos:<\/p>\n<ul>\n<li>Tvirta konstrukcija: V30G serijos siurblys sukurtas atlaikyti grie\u017etas eksploatavimo s\u0105lygas. Jis pasi\u017eymi tvirta konstrukcija ir auk\u0161tos kokyb\u0117s med\u017eiagomis, u\u017etikrinan\u010diomis i\u0161skirtin\u012f patvarum\u0105 ir ilgaam\u017ei\u0161kum\u0105 net sud\u0117tingomis s\u0105lygomis.<\/li>\n<li>Auk\u0161to sl\u0117gio galimyb\u0117s: \u0161is hidraulinis siurblys puikiai tinka auk\u0161to sl\u0117gio taikymams, tiekdamas gali\u0105, reikaling\u0105 sud\u0117tingoms pramonin\u0117ms u\u017eduotims. D\u0117l tvirtos st\u016bmoklio konstrukcijos ir tikslios in\u017einerijos V30G serijos siurblys i\u0161laiko pastov\u0173 na\u0161um\u0105 net esant auk\u0161tam sl\u0117giui, u\u017etikrindamas optimal\u0173 efektyvum\u0105.<\/li>\n<li>Platus darbinio t\u016brio pasirinkimas: V30G serija si\u016blo \u012fvairius darbinio t\u016brio variantus, leid\u017eian\u010dius vartotojams pasirinkti tinkam\u0105 siurblio dyd\u012f, atitinkant\u012f konkre\u010dius j\u0173 hidraulin\u0117s sistemos reikalavimus. \u0160is lankstumas u\u017etikrina efektyv\u0173 energijos tiekim\u0105 ir optimizuot\u0105 na\u0161um\u0105.<\/li>\n<li>Sklandus ir tylus veikimas: V30G serijos siurblyje \u012fdiegta pa\u017eangi technologija, skirta suma\u017einti triuk\u0161m\u0105 ir vibracij\u0105 veikimo metu. Tiksl\u016bs komponentai ir auk\u0161\u010diausios kokyb\u0117s in\u017einerija u\u017etikrina skland\u0173 ir tyl\u0173 veikim\u0105, suma\u017eina operatoriaus nuovarg\u012f ir padidina bendr\u0105 komfort\u0105.<\/li>\n<\/ul>\n<h2><strong>V30G serijos sunki\u0173j\u0173 st\u016bmoklini\u0173 hidraulini\u0173 siurbli\u0173 parametras:<\/strong><\/h2>\n<table class=\"table table-bordered table-hover table-colored\" data-sort=\"sortDisabled\">\n<tbody>\n<tr class=\"firstRow\">\n<td colspan=\"1\" rowspan=\"2\" align=\"center\" valign=\"middle\">Dydis<\/td>\n<td rowspan=\"2\" align=\"center\" valign=\"middle\">Darbinis t\u016bris cm\u00b3\/aps.<\/td>\n<td colspan=\"2\" rowspan=\"1\" align=\"center\" valign=\"middle\">Sl\u0117gio baras<\/td>\n<td colspan=\"2\" rowspan=\"1\" align=\"center\" valign=\"middle\">Sukimosi greitis aps.\/min.<\/td>\n<\/tr>\n<tr>\n<td align=\"center\" valign=\"middle\">\u012evertintas<\/td>\n<td align=\"center\" valign=\"middle\">Piko<\/td>\n<td align=\"center\" valign=\"middle\">Be sparnuot\u0117s<\/td>\n<td align=\"center\" valign=\"middle\">Su rotoriumi<\/td>\n<\/tr>\n<tr>\n<td align=\"center\" valign=\"middle\">V30G65<\/td>\n<td align=\"center\" valign=\"middle\">65<\/td>\n<td align=\"center\" valign=\"middle\">420<\/td>\n<td align=\"center\" valign=\"middle\">450<\/td>\n<td align=\"center\" valign=\"middle\">2500<\/td>\n<td align=\"center\" valign=\"middle\">&#8211;<\/td>\n<\/tr>\n<tr>\n<td align=\"center\" valign=\"middle\">V30G110<\/td>\n<td align=\"center\" valign=\"middle\">110<\/td>\n<td align=\"center\" valign=\"middle\">420<\/td>\n<td align=\"center\" valign=\"middle\">450<\/td>\n<td align=\"center\" valign=\"middle\">2400<\/td>\n<td align=\"center\" valign=\"middle\">&#8211;<\/td>\n<\/tr>\n<tr>\n<td align=\"center\" valign=\"middle\">V30G145<\/td>\n<td align=\"center\" valign=\"middle\">145<\/td>\n<td align=\"center\" valign=\"middle\">420<\/td>\n<td align=\"center\" valign=\"middle\">450<\/td>\n<td align=\"center\" valign=\"middle\">2300<\/td>\n<td align=\"center\" valign=\"middle\">2600<\/td>\n<\/tr>\n<tr>\n<td align=\"center\" valign=\"middle\">V30G160<\/td>\n<td align=\"center\" valign=\"middle\">160<\/td>\n<td align=\"center\" valign=\"middle\">420<\/td>\n<td align=\"center\" valign=\"middle\">450<\/td>\n<td align=\"center\" valign=\"middle\">2200<\/td>\n<td align=\"center\" valign=\"middle\">2500<\/td>\n<\/tr>\n<tr>\n<td align=\"center\" valign=\"middle\">V30G205<\/td>\n<td align=\"center\" valign=\"middle\">205<\/td>\n<td align=\"center\" valign=\"middle\">420<\/td>\n<td align=\"center\" valign=\"middle\">450<\/td>\n<td align=\"center\" valign=\"middle\">2100<\/td>\n<td align=\"center\" valign=\"middle\">2500<\/td>\n<\/tr>\n<tr>\n<td align=\"center\" valign=\"middle\">V30G280<\/td>\n<td align=\"center\" valign=\"middle\">280<\/td>\n<td align=\"center\" valign=\"middle\">420<\/td>\n<td align=\"center\" valign=\"middle\">450<\/td>\n<td align=\"center\" valign=\"middle\">1800<\/td>\n<td align=\"center\" valign=\"middle\">2150<\/td>\n<\/tr>\n<\/tbody>\n<\/table>\n<h2><strong>V30G serijos sunki\u0173j\u0173 st\u016bmoklini\u0173 hidraulini\u0173 siurbli\u0173 privalumai:<\/strong><\/h2>\n<p>\u2022 Naudojamas auk\u0161to sl\u0117gio atviros grandin\u0117s hidraulin\u0117se sistemose<br \/>\n\u2022 Kampo jutiklis yra pasirenkamas ir gali b\u016bti naudojamas su valdikliu, kad b\u016bt\u0173 pasiektas u\u017edaros grandin\u0117s didelio tikslumo valdymas<br \/>\n\u2022 D\u0117l gero savaiminio u\u017epildymo na\u0161umo, sl\u0117ginis siurblys yra neprivalomas<br \/>\n\u2022 Didesnis maksimalus sl\u0117gis, didesnis atsparumas sm\u016bgiams ir korozijai<br \/>\n\u2022 Integruotas galinio dangtelio dizainas suma\u017eina nuot\u0117kio rizik\u0105<br \/>\n\u2022 Optimizuotas korpuso dizainas suma\u017eina vibracij\u0105 ir triuk\u0161m\u0105<br \/>\n\u2022 Sustiprinti tvirti guoliai u\u017etikrina ilgesn\u012f tarnavimo laik\u0105<br \/>\n\u2022 Kompakti\u0161ka konstrukcija, didelis galios ir svorio santykis<br \/>\n\u2022 Keli valdymo metodai<\/p>\n<h2><strong>V30G serijos sunki\u0173j\u0173 st\u016bmoklini\u0173 hidraulini\u0173 siurbli\u0173 <\/strong><strong>Taikymas:<\/strong><\/h2>\n<p><img loading=\"lazy\" decoding=\"async\" class=\"alignnone wp-image-1962 size-full\" src=\"https:\/\/hydraulic-cylinders.net\/wp-content\/uploads\/2023\/10\/v30g-series-heavy-duty-piston-hydraulic-pump-2.webp\" alt=\"\" width=\"1155\" height=\"382\" srcset=\"https:\/\/hydraulic-cylinders.net\/wp-content\/uploads\/2023\/10\/v30g-series-heavy-duty-piston-hydraulic-pump-2.webp 1155w, https:\/\/hydraulic-cylinders.net\/wp-content\/uploads\/2023\/10\/v30g-series-heavy-duty-piston-hydraulic-pump-2-980x324.webp 980w, https:\/\/hydraulic-cylinders.net\/wp-content\/uploads\/2023\/10\/v30g-series-heavy-duty-piston-hydraulic-pump-2-480x159.webp 480w\" sizes=\"(min-width: 0px) and (max-width: 480px) 480px, (min-width: 481px) and (max-width: 980px) 980px, (min-width: 981px) 1155px, 100vw\" \/><\/p>\n<h2><strong>V30G serijos sunki\u0173j\u0173 st\u016bmoklini\u0173 hidraulini\u0173 siurbli\u0173 naudojimo b\u016bdas<\/strong><strong>:<\/strong><\/h2>\n<ul>\n<li><strong>Siurblio montavimas:<\/strong> Hidraulin\u0117je sistemoje pasirinkite tinkam\u0105 viet\u0105 V30G serijos galingam st\u016bmokliniam hidrauliniam siurbliui sumontuoti. \u012esitikinkite, kad siurblys tinkamai sulygiuotas, ir tvirtai pritvirtinkite j\u012f naudodami tinkamus laikiklius arba priedus.<\/li>\n<li><strong>Skys\u010di\u0173 suderinamumas:<\/strong> Patikrinkite, ar sistemoje naudojamas hidraulinis skystis suderinamas su V30G serijos siurbliu. \u017dr. gamintojo rekomendacijas d\u0117l atitinkamo skys\u010dio tipo, klampumo ir temperat\u016bros diapazono. Reguliariai steb\u0117kite ir pri\u017ei\u016br\u0117kite hidraulin\u012f skyst\u012f, kad u\u017etikrintum\u0117te optimal\u0173 siurblio veikim\u0105 ir ilgaam\u017ei\u0161kum\u0105.<\/li>\n<li><strong>Integracija su hidrauline sistema:<\/strong> Prijunkite siurbl\u012f prie hidraulin\u0117s sistemos naudodami suderinamas \u017earnas, jungiam\u0105sias detales ir vo\u017etuvus. \u012esitikinkite, kad visos jungtys yra tvirtos, be nuot\u0117ki\u0173 ir tinkamai priver\u017etos, kad hidraulinis na\u0161umas b\u016bt\u0173 maksimalus.<\/li>\n<li><strong>Valdymas ir veikimas:<\/strong> Susipa\u017einkite su V30G serijos siurblio valdymo parinktimis. Priklausomai nuo konkretaus modelio, jis gali pasi\u016blyti \u012fvairius valdymo metodus, pvz., rankin\u012f, nuotolin\u012f arba elektrohidraulin\u012f valdym\u0105. Supraskite rekomenduojamus valdymo nustatymus ir atitinkamai juos pakoreguokite, kad optimizuotum\u0117te siurblio na\u0161um\u0105.<\/li>\n<\/ul>\n<h2><strong>Kaip perpakuoti hidraulin\u012f cilindr\u0105?<\/strong><\/h2>\n<p>Hidraulinio cilindro perpakavimas apima sandarikli\u0173 ir kit\u0173 komponent\u0173 keitim\u0105, siekiant atkurti cilindro veikim\u0105 ir i\u0161vengti nuot\u0117ki\u0173. \u0160tai nuoseklus vadovas, kaip perpakuoti hidraulin\u012f cilindr\u0105:<\/p>\n<ol>\n<li><strong>Surinkite reikiamus \u012frankius ir med\u017eiagas:<\/strong>\n<ul>\n<li>Kei\u010diami sandarikliai ir O formos \u017eiedai, tinkantys j\u016bs\u0173 konkre\u010diam hidrauliniam cilindrui.<\/li>\n<li>Cilindro sandarinimo rinkinys (jei yra).<\/li>\n<li>Ver\u017eliarak\u010diai, repl\u0117s arba lizd\u0173 rinkinys.<\/li>\n<li>Hidraulinis skystis, suderinamas su j\u016bs\u0173 sistema.<\/li>\n<li>\u0160varios \u0161luost\u0117s arba rank\u0161luos\u010diai.<\/li>\n<li>Apsaugin\u0117s pir\u0161tin\u0117s ir akiniai.<\/li>\n<\/ul>\n<\/li>\n<li><strong>Paruo\u0161kite darbo viet\u0105:<\/strong>\n<ul>\n<li>Balionui i\u0161ardyti ir v\u0117l supakuoti pasirinkite \u0161vari\u0105 ir gerai ap\u0161viest\u0105 darbo viet\u0105.<\/li>\n<li>U\u017edenkite cilindr\u0105 apsauginiu dang\u010diu, kad nepa\u017eeistum\u0117te darbo pavir\u0161iaus ar pavir\u0161iaus.<\/li>\n<\/ul>\n<\/li>\n<li><strong>Saugiai atjunkite cilindr\u0105:<\/strong>\n<ul>\n<li>I\u0161junkite hidraulin\u0119 sistem\u0105 ir i\u0161leiskite sl\u0117g\u012f \u012fjungdami sl\u0117gio i\u0161leidimo vo\u017etuv\u0105.<\/li>\n<li>Atjunkite visas prie cilindro pritvirtintas \u017earnas ar jungiam\u0105sias detales.<\/li>\n<li>Baliono svor\u012f i\u0161laikykite naudodami tinkam\u0105 \u012frang\u0105 arba k\u0117limo mechanizmus.<\/li>\n<\/ul>\n<\/li>\n<li><strong>Nuimkite cilindr\u0105:<\/strong>\n<ul>\n<li>Atsukite tvirtinimo var\u017etus arba laikiklius, tvirtinan\u010dius cilindr\u0105 prie \u012frangos ar mechanizm\u0173.<\/li>\n<li>Atsargiai i\u0161imkite cilindr\u0105 i\u0161 jo tvirtinimo vietos.<\/li>\n<\/ul>\n<\/li>\n<li><strong>I\u0161ardykite cilindr\u0105:<\/strong>\n<ul>\n<li>Pad\u0117kite cilindr\u0105 ant stabilaus darbinio pavir\u0161iaus ir nuimkite galin\u012f (-ius) dangtel\u012f (-ius) i\u0161 abiej\u0173 cilindro gal\u0173.<\/li>\n<li>I\u0161leiskite hidraulin\u012f skyst\u012f i\u0161 cilindro j\u012f pakreipdami arba naudodami i\u0161leidimo kam\u0161t\u012f, jei yra.<\/li>\n<li>I\u0161ardydami cilindr\u0105, atkreipkite d\u0117mes\u012f \u012f komponent\u0173 tvark\u0105 ir pad\u0117t\u012f, kad b\u016bt\u0173 lengviau surinkti.<\/li>\n<\/ul>\n<\/li>\n<li><strong>Cilindro ap\u017ei\u016bra ir valymas:<\/strong>\n<ul>\n<li>Ap\u017ei\u016br\u0117kite cilindro vidinius komponentus, \u012fskaitant st\u016bmokl\u012f, stryp\u0105 ir cilindro sieneles, ar n\u0117ra pa\u017eeidim\u0173, susid\u0117v\u0117jimo ar \u012fbr\u0117\u017eim\u0173 po\u017eymi\u0173.<\/li>\n<li>Kruop\u0161\u010diai nuvalykite visus komponentus tinkamu tirpikliu arba hidrauliniu valikliu ir \u0161variomis skudur\u0117l\u0117mis. \u012esitikinkite, kad ant pavir\u0161i\u0173 neliko joki\u0173 \u0161iuk\u0161li\u0173 ar ter\u0161al\u0173.<\/li>\n<\/ul>\n<\/li>\n<li><strong>Pakeiskite sandariklius ir O formos \u017eiedus:<\/strong>\n<ul>\n<li>Atsargiai nuimkite senus sandariklius ir O formos \u017eiedus nuo cilindro.<\/li>\n<li>Sumontuokite naujus sandariklius ir O formos \u017eiedus naudodami tinkamus montavimo \u012frankius arba metodus. Nor\u0117dami tinkamai sumontuoti, laikykit\u0117s gamintojo nurodym\u0173.<\/li>\n<\/ul>\n<\/li>\n<li><strong>Surinkite cilindr\u0105 i\u0161 naujo:<\/strong>\n<ul>\n<li>Surinkite cilindr\u0105 atvirk\u0161tine i\u0161ardymo tvarka, u\u017etikrindami, kad kiekvienas komponentas b\u016bt\u0173 tinkamai \u012fd\u0117tas.<\/li>\n<li>Prie\u0161 montuodami, ant sandarikli\u0173 ir O formos \u017eied\u0173 u\u017etepkite plon\u0105 hidraulinio skys\u010dio arba rekomenduojamo tepalo sluoksn\u012f.<\/li>\n<li>Visus var\u017etus arba tvirtinimo detales priver\u017ekite pagal gamintojo nurodytus sukimo momento nustatymus.<\/li>\n<\/ul>\n<\/li>\n<li><strong>\u012ediekite cilindr\u0105 i\u0161 naujo:<\/strong>\n<ul>\n<li>Atsargiai \u012fstatykite cilindr\u0105 atgal \u012f jo tvirtinimo viet\u0105.<\/li>\n<li>Pritvirtinkite tvirtinimo laikiklius arba var\u017etus, u\u017etikrindami, kad jie b\u016bt\u0173 tvirtai priver\u017eti.<\/li>\n<li>Prijunkite visas \u017earnas ar jungiam\u0105sias detales, u\u017etikrindami tinkam\u0105 sulygiavim\u0105 ir tvirt\u0105 jungt\u012f.<\/li>\n<\/ul>\n<\/li>\n<li><strong>Patikrinkite ir patikrinkite, ar n\u0117ra nuot\u0117ki\u0173:<\/strong>\n<ul>\n<li>Pripildykite hidraulin\u0119 sistem\u0105 rekomenduojamu hidrauliniu skys\u010diu.<\/li>\n<li>L\u0117tai padidinkite sistemos sl\u0117g\u012f ir patikrinkite, ar n\u0117ra koki\u0173 nors nuot\u0117kio po\u017eymi\u0173.<\/li>\n<li>Atlikite hidraulin\u0119 sistem\u0105 kelis ciklus, kad u\u017etikrintum\u0117te skland\u0173 ir tinkam\u0105 perpakuoto cilindro veikim\u0105.<\/li>\n<\/ul>\n<\/li>\n<\/ol>\n<h2><strong>Gamyklos paj\u0117gumai ir talpa:<\/strong><\/h2>\n<h3>(1) Surinkimas<\/h3>\n<p>Turime pirmos klas\u0117s nepriklausom\u0105 tyrim\u0173 ir pl\u0117tros surinkimo platform\u0105. Hidraulini\u0173 cilindr\u0173 gamybos ceche yra keturios pusiau automatin\u0117s k\u0117limo cilindr\u0173 surinkimo linijos ir viena automatin\u0117 pakreipimo cilindr\u0173 surinkimo linija, kuri\u0173 projektinis metinis gamybos paj\u0117gumas yra 1 milijonas vienet\u0173. Speciali\u0173j\u0173 cilindr\u0173 ceche \u012frengta \u012fvairi\u0173 specifikacij\u0173 pusiau automatin\u0117 valymo surinkimo sistema, kurios projektinis metinis gamybos paj\u0117gumas yra 200 000 vienet\u0173, ir garsi CNC apdirbimo \u012franga, apdirbimo centras, didelio tikslumo cilindr\u0173 apdirbimo speciali \u012franga, robotinis suvirinimo aparatas, automatinis valymo aparatas, automatinis cilindr\u0173 surinkimo aparatas ir automatin\u0117 da\u017eymo gamybos linija. Esama daugiau nei 300 rinkini\u0173 (komplekt\u0173) kritin\u0117 \u012franga. Optimalus \u012frangos i\u0161tekli\u0173 paskirstymas ir efektyvus naudojimas u\u017etikrina gamini\u0173 tikslumo reikalavimus ir auk\u0161tus gamini\u0173 kokyb\u0117s poreikius.<\/p>\n<p><img loading=\"lazy\" decoding=\"async\" class=\"alignnone wp-image-626\" src=\"https:\/\/hydraulic-cylinders.net\/wp-content\/uploads\/2023\/08\/hydraulic-cylinder-product-1-300x158.webp\" alt=\"\" width=\"495\" height=\"260\" srcset=\"https:\/\/hydraulic-cylinders.net\/wp-content\/uploads\/2023\/08\/hydraulic-cylinder-product-1-300x158.webp 495w, https:\/\/hydraulic-cylinders.net\/wp-content\/uploads\/2023\/08\/hydraulic-cylinder-product-1-480x252.webp 480w\" sizes=\"(min-width: 0px) and (max-width: 480px) 480px, (min-width: 481px) 495px, 100vw\" \/> <img loading=\"lazy\" decoding=\"async\" class=\"alignnone wp-image-627\" src=\"https:\/\/hydraulic-cylinders.net\/wp-content\/uploads\/2023\/08\/hydraulic-cylinder-product-2-300x189.webp\" alt=\"\" width=\"413\" height=\"260\" \/><\/p>\n<h3>(2) Apdirbimas<\/h3>\n<p>Mechaninio apdirbimo ceche \u012frengtas pritaikytas nuo\u017eulnaus b\u0117gio tekinimo centras, apdirbimo centras, greitaeigis galandimo stakl\u0117s, suvirinimo robotas ir kita susijusi \u012franga, galinti apdirbti cilindrinius vamzd\u017eius, kuri\u0173 maksimalus vidinis skersmuo yra 400 mm, o maksimalus ilgis \u2013 6 metrai.<\/p>\n<p><img loading=\"lazy\" decoding=\"async\" class=\"alignnone wp-image-628 size-large\" src=\"https:\/\/hydraulic-cylinders.net\/wp-content\/uploads\/2023\/08\/hydraulic-cylinder-product-3-1024x391.webp\" alt=\"\" width=\"1024\" height=\"391\" srcset=\"https:\/\/hydraulic-cylinders.net\/wp-content\/uploads\/2023\/08\/hydraulic-cylinder-product-3-980x374.webp 980w, https:\/\/hydraulic-cylinders.net\/wp-content\/uploads\/2023\/08\/hydraulic-cylinder-product-3-480x183.webp 480w\" sizes=\"(min-width: 0px) and (max-width: 480px) 480px, (min-width: 481px) and (max-width: 980px) 980px, (min-width: 981px) 1024px, 100vw\" \/><\/p>\n<h3>(3) Suvirinimas<\/h3>\n<p><img loading=\"lazy\" decoding=\"async\" class=\"alignnone wp-image-629 size-large\" src=\"https:\/\/hydraulic-cylinders.net\/wp-content\/uploads\/2023\/08\/hydraulic-cylinder-product-4-1024x510.webp\" alt=\"\" width=\"1024\" height=\"510\" srcset=\"https:\/\/hydraulic-cylinders.net\/wp-content\/uploads\/2023\/08\/hydraulic-cylinder-product-4-980x488.webp 980w, https:\/\/hydraulic-cylinders.net\/wp-content\/uploads\/2023\/08\/hydraulic-cylinder-product-4-480x239.webp 480w\" sizes=\"(min-width: 0px) and (max-width: 480px) 480px, (min-width: 481px) and (max-width: 980px) 980px, (min-width: 981px) 1024px, 100vw\" \/><\/p>\n<h3>(4) Da\u017eymas ir dengimas<\/h3>\n<p>Su ma\u017eomis ir vidutinio dyd\u017eio cilindrin\u0117mis automatin\u0117mis vandens pagrindo da\u017e\u0173 dengimo linijomis, siekiant automatinio robot\u0173 pakrovimo ir i\u0161krovimo bei automatinio pur\u0161kimo, projektinis paj\u0117gumas yra 4000 vienet\u0173 per pamain\u0105;<br \/>\nTaip pat turime pusiau automatin\u0119 dideli\u0173 cilindr\u0173 da\u017e\u0173 gamybos linij\u0105, varom\u0105 grandin\u0117s, kurios projektinis na\u0161umas yra 60 d\u0117\u017ei\u0173 per pamain\u0105.<\/p>\n<p><img loading=\"lazy\" decoding=\"async\" class=\"alignnone wp-image-630\" src=\"https:\/\/hydraulic-cylinders.net\/wp-content\/uploads\/2023\/08\/hydraulic-cylinder-product-5-300x213.webp\" alt=\"\" width=\"366\" height=\"260\" \/> <img loading=\"lazy\" decoding=\"async\" class=\"alignnone wp-image-631\" src=\"https:\/\/hydraulic-cylinders.net\/wp-content\/uploads\/2023\/08\/hydraulic-cylinder-product-6-300x225.webp\" alt=\"\" width=\"347\" height=\"260\" \/><\/p>\n<h3>(5) Testavimas<\/h3>\n<p>Turime auk\u0161\u010diausios klas\u0117s patikros patalpas ir bandym\u0173 stendus, kad u\u017etikrintume, jog baliono veikimas atitinka reikalavimus.<\/p>\n<p><img loading=\"lazy\" decoding=\"async\" class=\"alignnone wp-image-632\" src=\"https:\/\/hydraulic-cylinders.net\/wp-content\/uploads\/2023\/08\/hydraulic-cylinder-product-8-300x200.webp\" alt=\"\" width=\"389\" height=\"260\" \/><\/p>\n<p>&nbsp;<\/p>\n<p>&nbsp;<\/p>\n<p>Esame vienas geriausi\u0173 hidraulini\u0173 cilindr\u0173 gamintoj\u0173. Galime pasi\u016blyti i\u0161samius hidraulinius cilindrus. Taip pat teikiame atitinkamus <a href=\"https:\/\/hzpt.com\/agricultural-pto-gearbox\/\" target=\"_blank\" rel=\"noopener\">\u017eem\u0117s \u016bkio pavar\u0173 d\u0117\u017e\u0117s<\/a>Mes eksportuojame savo gaminius klientams visame pasaulyje ir peln\u0117me ger\u0105 reputacij\u0105 d\u0117l auk\u0161\u010diausios gamini\u0173 kokyb\u0117s ir aptarnavimo po pardavimo. Mes laukiame klient\u0173 \u0161alyje ir u\u017esienyje, norin\u010di\u0173 susisiekti su mumis der\u0117tis d\u0117l verslo, keistis informacija ir... <a href=\"https:\/\/www.hydraulic-cylinders.net\/lt\/contact-us\/\">bendradarbiauti su mumis<\/a>!<\/p>\n<p>&nbsp;<\/p>","protected":false},"excerpt":{"rendered":"<p>V30G Series Heavy Duty Piston Hydraulic Pump The V30G series heavy duty piston hydraulic pump is a versatile and robust hydraulic pump designed to deliver high-performance power for demanding industrial applications. With its durable construction, efficient design, and exceptional reliability, this pump is a trusted choice for heavy-duty hydraulic systems. In this article, we will [&hellip;]<\/p>","protected":false},"featured_media":1961,"comment_status":"open","ping_status":"closed","template":"","meta":{"_et_pb_use_builder":"","_et_pb_old_content":"","_et_gb_content_width":""},"product_brand":[],"product_cat":[1425],"product_tag":[1426],"class_list":{"0":"post-1959","1":"product","2":"type-product","3":"status-publish","4":"has-post-thumbnail","6":"product_cat-piston-pump","7":"product_tag-hydraulic-pump","9":"first","10":"instock","11":"shipping-taxable","12":"product-type-simple"},"amp_enabled":true,"_links":{"self":[{"href":"https:\/\/www.hydraulic-cylinders.net\/lt\/wp-json\/wp\/v2\/product\/1959","targetHints":{"allow":["GET"]}}],"collection":[{"href":"https:\/\/www.hydraulic-cylinders.net\/lt\/wp-json\/wp\/v2\/product"}],"about":[{"href":"https:\/\/www.hydraulic-cylinders.net\/lt\/wp-json\/wp\/v2\/types\/product"}],"replies":[{"embeddable":true,"href":"https:\/\/www.hydraulic-cylinders.net\/lt\/wp-json\/wp\/v2\/comments?post=1959"}],"wp:featuredmedia":[{"embeddable":true,"href":"https:\/\/www.hydraulic-cylinders.net\/lt\/wp-json\/wp\/v2\/media\/1961"}],"wp:attachment":[{"href":"https:\/\/www.hydraulic-cylinders.net\/lt\/wp-json\/wp\/v2\/media?parent=1959"}],"wp:term":[{"taxonomy":"product_brand","embeddable":true,"href":"https:\/\/www.hydraulic-cylinders.net\/lt\/wp-json\/wp\/v2\/product_brand?post=1959"},{"taxonomy":"product_cat","embeddable":true,"href":"https:\/\/www.hydraulic-cylinders.net\/lt\/wp-json\/wp\/v2\/product_cat?post=1959"},{"taxonomy":"product_tag","embeddable":true,"href":"https:\/\/www.hydraulic-cylinders.net\/lt\/wp-json\/wp\/v2\/product_tag?post=1959"}],"curies":[{"name":"wp","href":"https:\/\/api.w.org\/{rel}","templated":true}]}}