{"id":19590,"date":"2025-04-07T06:56:14","date_gmt":"2025-04-07T06:56:14","guid":{"rendered":"https:\/\/www.hydraulic-cylinders.net\/product\/boom-cylinder-for-yangong-yg85e\/"},"modified":"2025-04-07T06:56:17","modified_gmt":"2025-04-07T06:56:17","slug":"boom-cylinder-for-yangong-yg85e","status":"publish","type":"product","link":"https:\/\/www.hydraulic-cylinders.net\/lt\/produktas\/boom-cylinder-for-yangong-yg85e\/","title":{"rendered":"Str\u0117l\u0117s cilindras Yangong YG85E"},"content":{"rendered":"<h1>Str\u0117l\u0117s cilindras Yangong YG85E<\/h1>\n<h2>\u012evadas \u012f str\u0117l\u0117s cilindr\u0105<\/h2>\n<p>Str\u0117l\u0117s cilindras yra labai svarbus hidraulini\u0173 sistem\u0173 komponentas, specialiai sukurtas sunkiosios technikos kau\u0161\u0173, toki\u0173 kaip ekskavatoriai, ekskavatoriniai krautuvai ir frontaliniai krautuvai, valdymui. \u0160is hidraulinis cilindras atlieka pagrindin\u012f vaidmen\u012f valdant kau\u0161o jud\u0117jim\u0105, leid\u017eiant jam pakelti, nuleisti ir pakreipti. Toks funkcionalumas yra b\u016btinas atliekant med\u017eiag\u0173 tvarkymo u\u017eduotis \u012fvairiose pramon\u0117s \u0161akose, didinant efektyvum\u0105 ir na\u0161um\u0105.<\/p>\n<p><img decoding=\"async\" src=\"https:\/\/www.hydraulic-cylinders.net\/wp-content\/uploads\/2025\/04\/songte-company-1.webp\" alt=\"Str\u0117l\u0117s cilindro vaizdas\"><\/p>\n<h3>Kau\u0161o cilindr\u0173 ap\u017evalga<\/h3>\n<p>Kau\u0161\u0173 cilindrai yra specializuoti hidrauliniai cilindrai, sukurti valdyti sud\u0117tingus kau\u0161\u0173 judesius statybin\u0117je \u012frangoje. \u0160ie cilindrai yra neatsiejama sunkiosios technikos veikimo dalis, u\u017etikrinanti reikiam\u0105 j\u0117g\u0105 efektyviam krovini\u0173 valdymui. Naudodami hidraulin\u012f sl\u0117g\u012f, \u0161ie cilindrai u\u017etikrina skland\u0173 ir greit\u0105 jud\u0117jim\u0105, tod\u0117l yra nepakei\u010diami tokiose pramon\u0117s \u0161akose kaip statyba ir \u017eem\u0117s \u016bkis.<\/p>\n<h2>Str\u0117l\u0117s cilindro savyb\u0117s<\/h2>\n<ul>\n<li><strong>Didelis stiprumas ir ilgaam\u017ei\u0161kumas:<\/strong> Pagamintas i\u0161 didelio stiprumo plieno arba aliuminio, str\u0117l\u0117s cilindras gali atlaikyti auk\u0161t\u0105 sl\u0117g\u012f ir dideles apkrovas, tod\u0117l tinka at\u0161iaurioms darbo s\u0105lygoms. Jo konstrukcija u\u017etikrina atsparum\u0105 dilimui ir korozijai, tod\u0117l pailg\u0117ja jo tarnavimo laikas.<\/li>\n<li><strong>Efektyvus hidraulinis valdymas:<\/strong> Cilindras naudoja hidraulin\u0117s alyvos sl\u0117g\u012f, kad skland\u017eiai i\u0161skleist\u0173 ir atitraukt\u0173, greitai reaguot\u0173 \u012f veikimo komandas ir u\u017etikrint\u0173 didel\u0119 st\u016bmimo bei traukimo j\u0117g\u0105 sunkiems k\u0117limo darbams.<\/li>\n<li><strong>\u012evair\u016bs tipai:<\/strong> Galimi variantai: vienpusio veikimo (hidraulikos naudojimas viena kryptimi) arba dvipusio veikimo (hidraulikos naudojimas abiem kryptimis) cilindrai, pritaikyti \u012fvairiems eksploatavimo poreikiams. Kai kurie modeliai yra teleskopiniai, tod\u0117l juos galima labiau prailginti nedidinant i\u0161orini\u0173 matmen\u0173, tod\u0117l jie idealiai tinka ank\u0161toms erdv\u0117ms.<\/li>\n<li><strong>Individuali gamyba:<\/strong> Mes gaminame \u0161\u012f gamin\u012f, u\u017etikrindami puik\u0173 esam\u0173 hidraulini\u0173 cilindr\u0173 pakeitim\u0105.<\/li>\n<li><strong>Kokyb\u0117s u\u017etikrinimas:<\/strong> M\u016bs\u0173 cilindrai yra grie\u017etai testuojami, kad atitikt\u0173 grie\u017etus kokyb\u0117s standartus, u\u017etikrinant klientams j\u0173 patikimum\u0105 ir na\u0161um\u0105.<\/li>\n<\/ul>\n<p><img decoding=\"async\" src=\"https:\/\/www.hydraulic-cylinders.net\/wp-content\/uploads\/2025\/04\/songte-cylinder-head-with-all-kinds-excavator-models.webp\" alt=\"Str\u0117l\u0117s cilindro galvut\u0117s vaizdas\"><\/p>\n<h2>Str\u0117l\u0117s cilindro pritaikymas<\/h2>\n<h3>Statybin\u0117 \u012franga<\/h3>\n<p>Ekskavatoriuose str\u0117l\u0117s cilindrai yra b\u016btini kasant, kraunant ir perkeliant \u017eem\u0119 ar \u0161iuk\u0161les, tod\u0117l padid\u0117ja statybos projekt\u0173 efektyvumas. Ekskavatoriuose-krautuvuose jie palengvina tiek kasimo, tiek k\u0117limo operacijas, maksimaliai padidindami na\u0161um\u0105.<\/p>\n<h3>\u017dem\u0117s \u016bkio technika<\/h3>\n<p>Priekiniuose krautuvuose naudojami str\u0117l\u0117s cilindrai padeda semti, kelti ir transportuoti dirvo\u017eem\u012f, \u0161ien\u0105 ir kitas med\u017eiagas, didindami na\u0161um\u0105 \u017eem\u0117s \u016bkio operacijose ir u\u017etikrindami efektyv\u0173 \u017eem\u0117s \u016bkio u\u017eduo\u010di\u0173 atlikim\u0105.<\/p>\n<h3>Ekskavatoriai<\/h3>\n<p>Str\u0117l\u0117s cilindrai leid\u017eia ekskavatoriams efektyviai \u012fsiskverbti \u012f dirv\u0105, tod\u0117l galima atlikti efektyvius kasimo veiksmus, reikalingus \u012fvairiuose \u017eem\u0117s darb\u0173 darbuose.<\/p>\n<h3>Krautuvai<\/h3>\n<p>Priekiniuose krautuvuose \u0161ie cilindrai yra labai svarb\u016bs efektyviam krovini\u0173 k\u0117limui ir i\u0161vertimui, tod\u0117l jie yra gyvybi\u0161kai svarb\u016bs atliek\u0173 tvarkymo ir med\u017eiag\u0173 transportavimo operacijoms.<\/p>\n<h2>Projektavimo aspektai ir atrankos kriterijai<\/h2>\n<h3>Keliamoji galia<\/h3>\n<p>Renkantis str\u0117l\u0117s cilindr\u0105, svarbiausia \u012fvertinti jo keliam\u0105j\u0105 gali\u0105. Cilindras turi atlaikyti maksimali\u0105 apkrov\u0105, numatom\u0105 eksploatacijos metu. Tai apima perkeliam\u0173 med\u017eiag\u0173 svorio apskai\u010diavim\u0105 ir u\u017etikrinim\u0105, kad hidraulinis cilindras gal\u0117t\u0173 saugiai valdyti \u0161\u012f svor\u012f. Nepakankamos keliamosios galios cilindras gali sugesti, sukelti pavoj\u0173 saugai ir eksploatavimo prastovas.<\/p>\n<h3>Sandarumas ir ilgaam\u017ei\u0161kumas<\/h3>\n<p>Str\u0117l\u0117s cilindruose naudojama sandarinimo technologija yra labai svarbi palaikant hidraulin\u012f sl\u0117g\u012f ir i\u0161vengiant nuot\u0117ki\u0173. Auk\u0161tos kokyb\u0117s sandarikliai u\u017etikrina, kad hidraulinis skystis likt\u0173 sandarus, kartu u\u017etikrindami st\u016bmoklio jud\u0117jim\u0105 cilindro viduje. Auk\u0161\u010diausios kokyb\u0117s med\u017eiag\u0173, toki\u0173 kaip poliuretanas ir nitrilo kau\u010diukas, naudojimas prisideda prie cilindro atsparumo nusid\u0117v\u0117jimui, taip pailgindamas jo bendr\u0105 tarnavimo laik\u0105 ir patikimum\u0105.<\/p>\n<h3>Saugos funkcijos<\/h3>\n<p>Sauga yra pagrindinis hidraulin\u0117s sistemos projektavimo r\u016bpestis. Str\u0117l\u0117s cilindrai turi tur\u0117ti saugos funkcijas, kad b\u016bt\u0173 i\u0161vengta katastrofi\u0161k\u0173 gedim\u0173. Tai apima apsauginius vo\u017etuvus, skirtus valdyti per didel\u012f sl\u0117g\u012f ir u\u017etikrinti saug\u0173 veikim\u0105. Reguliar\u016bs \u0161i\u0173 saugos komponent\u0173 patikrinimai ir prie\u017ei\u016bra yra b\u016btini norint laikytis eksploatavimo saugos standart\u0173, apsaugant tiek operatorius, tiek \u012frang\u0105 nuo pavoj\u0173.<\/p>\n<p><img decoding=\"async\" src=\"https:\/\/www.hydraulic-cylinders.net\/wp-content\/uploads\/2025\/04\/songte-oil-pipes-and-spare-parts.webp\" alt=\"Hidraulini\u0173 dali\u0173 vaizdas\"><\/p>\n<h2>Str\u0117l\u0117s cilindro sandarinimas ir tepimas<\/h2>\n<p>Str\u0117l\u0117s cilindro sandarikli\u0173 vientisumas yra labai svarbus optimaliam veikimui. Hidrauliniam skys\u010diui sulaikyti naudojami \u012fvair\u016bs sandarinimo komponentai, tokie kaip st\u016bmokli\u0173 ir stryp\u0173 sandarikliai. Sandarikliai paprastai gaminami i\u0161 atspari\u0173 dilimui med\u017eiag\u0173, toki\u0173 kaip poliuretanas ir nitrilo kau\u010diukas, u\u017etikrinan\u010di\u0173 ilgalaik\u012f veikim\u0105. Cilindro korpusas ir srieginiai galai yra tiksliai apdirbami, siekiant padidinti patvarum\u0105 ir suma\u017einti nusid\u0117v\u0117jim\u0105.<\/p>\n<p>Reguliarus tepimas tinkamu hidrauliniu skys\u010diu yra labai svarbus norint i\u0161laikyti cilindro veikim\u0105. Tai apima periodinius hidraulin\u0117s alyvos patikrinimus ir papildymus, kurie sutepa vidinius komponentus, suma\u017eindami trint\u012f ir \u0161ilumos kaupim\u0105si eksploatacijos metu. Tinkamas tepimas ne tik pailgina cilindro tarnavimo laik\u0105, bet ir pagerina reagavim\u0105 bei bendr\u0105 efektyvum\u0105.<\/p>\n<h2>Prevencin\u0117s prie\u017ei\u016bros priemon\u0117s<\/h2>\n<ul>\n<li><strong>Reguliar\u016bs patikrinimai:<\/strong> Reguliariai atliekant str\u0117l\u0117s cilindro patikras, galima nustatyti susid\u0117v\u0117jim\u0105, kol jis nesuk\u0117l\u0117 rimtesni\u0173 gedim\u0173. Ie\u0161kokite nuot\u0117kio po\u017eymi\u0173, ne\u012fprast\u0173 gars\u0173 ar suma\u017e\u0117jusio na\u0161umo ir nedelsdami spr\u0119skite visas problemas.<\/li>\n<li><strong>Tinkamas tepimas:<\/strong> Siekiant i\u0161vengti per didelio susid\u0117v\u0117jimo, labai svarbu u\u017etikrinti, kad cilindras b\u016bt\u0173 gerai suteptas tinkamu hidrauliniu skys\u010diu. Nor\u0117dami i\u0161laikyti optimal\u0173 na\u0161um\u0105, naudokite auk\u0161tos kokyb\u0117s hidraulines alyvas, tinkamas konkre\u010diam naudojimui.<\/li>\n<li><strong>Sandariklio keitimas:<\/strong> Laikui b\u0117gant sandarikliai gali susid\u0117v\u0117ti ir juos gali tekti pakeisti, kad cilindras i\u0161likt\u0173 sandarus. Reguliariai tikrinkite, ar sandarikliai nepa\u017eeisti, ir prireikus juos pakeiskite, kad palaikytum\u0117te hidraulin\u012f sl\u0117g\u012f.<\/li>\n<\/ul>\n<h2>Str\u0117l\u0117s cilindro montavimo gair\u0117s<\/h2>\n<p>Tinkamas str\u0117l\u0117s cilindro montavimas yra labai svarbus siekiant u\u017etikrinti optimal\u0173 na\u0161um\u0105 ir saug\u0105. Pirmiausia \u012fsitikinkite, kad visi komponentai yra \u0161var\u016bs ir be \u0161iuk\u0161li\u0173. Tinkamai sulygiuokite cilindr\u0105, kad i\u0161vengtum\u0117te i\u0161lygiavimo darbo metu, nes tai gali lemti greitesn\u012f susid\u0117v\u0117jim\u0105 ar gedim\u0105. Naudokite tinkamus tvirtinimo laikiklius, kad tvirtai pritvirtintum\u0117te cilindr\u0105 vietoje ir u\u017etikrintum\u0117te, jog jis atlaikys darbines j\u0117gas.<\/p>\n<p>Prie\u0161 prijungdami hidraulines linijas, patikrinkite, ar visos jungtys yra suderinamos ir geros b\u016bkl\u0117s. Prijung\u0119, i\u0161leiskite i\u0161 sistemos or\u0105, kuris gali trukdyti veikimui. Galiausiai atlikite i\u0161sam\u0173 cilindro bandym\u0105 eksploatavimo s\u0105lygomis, kad \u012fsitikintum\u0117te, jog viskas veikia taip, kaip numatyta.<\/p>\n<h2>Str\u0117l\u0117s cilindro prie\u017ei\u016bros u\u017eduotys<\/h2>\n<h3>Reguliarus patikrinimas<\/h3>\n<p>Reguliar\u016bs patikrinimai yra b\u016btini norint anksti nustatyti problemas, kurios gali sukelti gedim\u0105. Operatoriai tur\u0117t\u0173 tikrinti, ar n\u0117ra nuot\u0117ki\u0173, ne\u012fprast\u0173 gars\u0173 ar na\u0161umo poky\u010di\u0173. Ankstyvas problem\u0173 nustatymas gali pad\u0117ti i\u0161vengti brangaus remonto ir prastov\u0173.<\/p>\n<h3>Tinkamas tepimas<\/h3>\n<p>Tinkamo tepimo lygio palaikymas naudojant tinkam\u0105 hidraulin\u012f skyst\u012f yra labai svarbus siekiant i\u0161vengti dilimo ir u\u017etikrinti skland\u0173 veikim\u0105. Operatoriai tur\u0117t\u0173 laikytis gamintojo rekomendacij\u0173 d\u0117l skys\u010dio tipo ir keitimo interval\u0173, kad optimizuot\u0173 cilindro tarnavimo laik\u0105.<\/p>\n<h3>Tarpikli\u0173 keitimas ir kalibravimo patikrinimai<\/h3>\n<p>Reguliariai keisti sandariklius ir atlikti kalibravimo patikrinimus b\u016btina norint i\u0161laikyti hidraulin\u0117s sistemos vientisum\u0105. Tai u\u017etikrina, kad str\u0117l\u0117s cilindras veikt\u0173 efektyviai ir saugiai, suma\u017eindamas nuot\u0117ki\u0173 ir sl\u0117gio nuostoli\u0173 rizik\u0105. Operatoriai tur\u0117t\u0173 laikytis rekomenduojam\u0173 sandarikli\u0173 tikrinimo ir keitimo proced\u016br\u0173 ir prireikus kalibruoti sistem\u0105, kad b\u016bt\u0173 u\u017etikrintas tikslus veikimas.<\/p>\n<p><img decoding=\"async\" src=\"https:\/\/www.hydraulic-cylinders.net\/wp-content\/uploads\/2025\/04\/songte-chushion-collar.webp\" alt=\"Pagalv\u0117l\u0117s apykakl\u0117s vaizdas\"><\/p>\n<h2>Saugos aspektai ir aplinkos veiksniai<\/h2>\n<p>Eksploatuojant hidraulinius cilindrus, labai svarbu laikytis saugos protokol\u0173. Operatoriai tur\u0117t\u0173 d\u0117v\u0117ti tinkamas asmenines apsaugos priemones (AAP) ir laikytis vis\u0173 saugos nurodym\u0173, kad i\u0161vengt\u0173 nelaiming\u0173 atsitikim\u0173. Be to, atsi\u017evelkite \u012f aplinkos veiksnius, kurie gali tur\u0117ti \u012ftakos cilindro veikimui, pvz., temperat\u016bros poky\u010dius ir at\u0161iauri\u0173 element\u0173 poveik\u012f. \u012egyvendinus priemones \u0161iems veiksniams su\u0161velninti, galima padidinti cilindro patvarum\u0105 ir saug\u0105.<\/p>\n<h2>Trik\u010di\u0173 \u0161alinimas ir da\u017eniausiai pasitaikan\u010dios problemos<\/h2>\n<ul>\n<li><strong>Nuot\u0117kis:<\/strong> Jei i\u0161 cilindro teka hidraulinis skystis, tai gali rodyti susid\u0117v\u0117jusius sandariklius arba pa\u017eeistas jungtis. Patikrinkite \u0161iuos komponentus ir prireikus pakeiskite.<\/li>\n<li><strong>L\u0117tas veikimas:<\/strong> L\u0117tas atsakas gali rodyti \u017eem\u0105 hidraulinio skys\u010dio lyg\u012f arba oro kiek\u012f sistemoje. Patikrinkite skys\u010dio lyg\u012f ir i\u0161leiskite i\u0161 sistemos or\u0105, kad atkurtum\u0117te tinkam\u0105 veikim\u0105.<\/li>\n<li><strong>Nenuoseklus jud\u0117jimas:<\/strong> Jei cilindras juda netolygiai, prie\u017eastis gali b\u016bti netinkamas sulygiavimas arba u\u017esikim\u0161imai. \u012esitikinkite, kad jis tinkamai sulygiuotas, ir pa\u0161alinkite visas kli\u016btis hidraulin\u0117se linijose.<\/li>\n<\/ul>\n<h2>Trik\u010di\u0173 \u0161alinimo patarimai<\/h2>\n<p>Nor\u0117dami efektyviai diagnozuoti ir i\u0161spr\u0119sti str\u0117l\u0117s cilindro problemas, operatoriai tur\u0117t\u0173 laikytis konkre\u010di\u0173 trik\u010di\u0173 \u0161alinimo veiksm\u0173. Prad\u0117kite nuo nuot\u0117ki\u0173 patikrinimo ir hidraulinio skys\u010dio lygio bandymo, kad u\u017etikrintum\u0117te pakankam\u0105 sl\u0117g\u012f. Jei cilindras juda l\u0117tai arba netolygiai, patikrinkite, ar sistemoje n\u0117ra oro, ir prireikus i\u0161leiskite or\u0105. Vis\u0173 technin\u0117s prie\u017ei\u016bros veiksm\u0173 ir i\u0161kilusi\u0173 problem\u0173 \u017eurnalas gali pad\u0117ti nustatyti modelius, kuriems gali prireikti didesnio remonto ar keitimo.<\/p>\n<p><img decoding=\"async\" src=\"https:\/\/www.hydraulic-cylinders.net\/wp-content\/uploads\/2025\/04\/songte-bushings-with-all-kinds-of-excavator-models.webp\" alt=\"\u012evori\u0173 vaizdas\"><\/p>\n<h2>Apie m\u016bs\u0173 \u012fmon\u0119<\/h2>\n<p>Esame pirmaujantis hidraulini\u0173 cilindr\u0173 gamintojas, si\u016blantis plat\u0173 gamini\u0173 asortiment\u0105. M\u016bs\u0173 \u012fsipareigojimas siekti meistri\u0161kumo leido mums tapti vienais i\u0161 pirmaujan\u010di\u0173 gamintoj\u0173 ir didmeninink\u0173 vidaus ir tarptautin\u0117se rinkose. Laikom\u0117s grie\u017et\u0173 kokyb\u0117s standart\u0173, kuriuos palaiko tikslios gamybos strategijos. D\u0117mes\u012f sutelkdami \u012f pa\u017eangias technologijas, kvalifikuotus darbuotojus ir patikim\u0105 kokyb\u0117s u\u017etikrinimo sistem\u0105, nuolat tobuliname savo gamybos paj\u0117gumus.<\/p>\n<p>M\u016bs\u0173 \u012fmon\u0117 teikia pirmenyb\u0119 klient\u0173 poreikiams, teikdama individualius sprendimus, tarptautinius sertifikatus ir i\u0161skirtin\u012f aptarnavim\u0105 po pardavimo. Naudodami moderniausi\u0105 gamybos \u012frang\u0105 ir procesus, u\u017etikriname auk\u0161t\u0105 m\u016bs\u0173 gamini\u0173 efektyvum\u0105, tikslum\u0105 ir kokyb\u0119.<\/p>\n<p><img decoding=\"async\" src=\"https:\/\/www.hydraulic-cylinders.net\/wp-content\/uploads\/2025\/04\/songte-company-4.webp\" alt=\"\u012emon\u0117s \u012fvaizdis\"><br \/>\n<img decoding=\"async\" src=\"https:\/\/www.hydraulic-cylinders.net\/wp-content\/uploads\/2025\/04\/songte-company-3.webp\" alt=\"\u012emon\u0117s \u012fvaizdis\"><\/p>\n<p>Autorius: lyl<\/p>","protected":false},"excerpt":{"rendered":"<p>Boom Cylinder For Yangong YG85E Introduction to Boom Cylinder The Boom Cylinder is a critical component in hydraulic systems, specifically designed for the operation of heavy machinery buckets such as excavators, backhoe loaders, and front loaders. This hydraulic cylinder plays a pivotal role in controlling the movement of the bucket, allowing it to lift, lower, [&hellip;]<\/p>","protected":false},"featured_media":17868,"comment_status":"open","ping_status":"closed","template":"","meta":{"_et_pb_use_builder":"","_et_pb_old_content":"","_et_gb_content_width":""},"product_brand":[],"product_cat":[1546],"product_tag":[1547,1496],"class_list":{"0":"post-19590","1":"product","2":"type-product","3":"status-publish","4":"has-post-thumbnail","6":"product_cat-boom-cylinders","7":"product_tag-boom-cylinders","8":"product_tag-hydraulic-cylinders","10":"first","11":"instock","12":"shipping-taxable","13":"product-type-simple"},"amp_enabled":true,"_links":{"self":[{"href":"https:\/\/www.hydraulic-cylinders.net\/lt\/wp-json\/wp\/v2\/product\/19590","targetHints":{"allow":["GET"]}}],"collection":[{"href":"https:\/\/www.hydraulic-cylinders.net\/lt\/wp-json\/wp\/v2\/product"}],"about":[{"href":"https:\/\/www.hydraulic-cylinders.net\/lt\/wp-json\/wp\/v2\/types\/product"}],"replies":[{"embeddable":true,"href":"https:\/\/www.hydraulic-cylinders.net\/lt\/wp-json\/wp\/v2\/comments?post=19590"}],"wp:featuredmedia":[{"embeddable":true,"href":"https:\/\/www.hydraulic-cylinders.net\/lt\/wp-json\/wp\/v2\/media\/17868"}],"wp:attachment":[{"href":"https:\/\/www.hydraulic-cylinders.net\/lt\/wp-json\/wp\/v2\/media?parent=19590"}],"wp:term":[{"taxonomy":"product_brand","embeddable":true,"href":"https:\/\/www.hydraulic-cylinders.net\/lt\/wp-json\/wp\/v2\/product_brand?post=19590"},{"taxonomy":"product_cat","embeddable":true,"href":"https:\/\/www.hydraulic-cylinders.net\/lt\/wp-json\/wp\/v2\/product_cat?post=19590"},{"taxonomy":"product_tag","embeddable":true,"href":"https:\/\/www.hydraulic-cylinders.net\/lt\/wp-json\/wp\/v2\/product_tag?post=19590"}],"curies":[{"name":"wp","href":"https:\/\/api.w.org\/{rel}","templated":true}]}}