{"id":19592,"date":"2025-04-07T06:56:19","date_gmt":"2025-04-07T06:56:19","guid":{"rendered":"https:\/\/www.hydraulic-cylinders.net\/product\/boom-cylinder-for-tota-tx210c\/"},"modified":"2025-04-07T06:56:22","modified_gmt":"2025-04-07T06:56:22","slug":"boom-cylinder-for-tota-tx210c","status":"publish","type":"product","link":"https:\/\/www.hydraulic-cylinders.net\/lt\/produktas\/boom-cylinder-for-tota-tx210c\/","title":{"rendered":"Str\u0117l\u0117s cilindras, skirtas \u201eTota TX210C\u201c"},"content":{"rendered":"<h1>Str\u0117l\u0117s cilindras, skirtas \u201eTota TX210C\u201c<\/h1>\n<h2>Produkto ap\u017evalga<\/h2>\n<p>\u201eTota TX210C\u201c str\u0117l\u0117s cilindras yra labai svarbus hidraulini\u0173 sistem\u0173 komponentas, specialiai sukurtas valdyti str\u0117l\u0117s jud\u0117jim\u0105 \u012fvairiuose sunkiosiose technikose, tokiose kaip ekskavatoriai, ekskavatoriniai krautuvai ir frontaliniai krautuvai. \u0160is hidraulinis cilindras leid\u017eia str\u0117lei pakelti, nuleisti ir pakreipti, taip palengvinant efektyv\u0173 med\u017eiag\u0173 tvarkym\u0105.<\/p>\n<p>I\u0161 esm\u0117s kau\u0161o cilindras yra hidraulinio cilindro tipas, sukurtas veikti tiksliai ir patikimai. Jis u\u017etikrina, kad sunki \u012franga gal\u0117t\u0173 efektyviai manevruoti sud\u0117tingomis darbo s\u0105lygomis, tod\u0117l tai yra nepakei\u010diamas elementas statybose, \u017eem\u0117s \u016bkyje ir kitose sunkiasvor\u0117se srityse.<\/p>\n<p><img decoding=\"async\" src=\"https:\/\/www.hydraulic-cylinders.net\/wp-content\/uploads\/2025\/04\/songte-company-1.webp\" alt=\"Str\u0117l\u0117s cilindro vaizdas\" \/><\/p>\n<h2>Pagrindin\u0117s savyb\u0117s<\/h2>\n<ul>\n<li><strong>Didelis stiprumas ir ilgaam\u017ei\u0161kumas:<\/strong> \u0160ie cilindrai, pagaminti i\u0161 didelio stiprumo plieno arba aliuminio, gali atlaikyti auk\u0161t\u0105 sl\u0117g\u012f ir dideles apkrovas, prisitaikydami prie at\u0161iauri\u0173 darbo s\u0105lyg\u0173. Konstrukcijoje pabr\u0117\u017eiamas atsparumas dilimui ir korozijai, u\u017etikrinant ilgesn\u012f tarnavimo laik\u0105.<\/li>\n<li><strong>Efektyvus hidraulinis valdymas:<\/strong> Naudojant hidraulin\u0117s alyvos sl\u0117g\u012f, \u0161ie cilindrai u\u017etikrina skland\u017eius i\u0161pl\u0117timo ir atitraukimo judesius. Jie greitai reaguoja \u012f valdymo komandas, u\u017etikrindami galingas st\u016bmimo ir traukimo j\u0117gas, idealiai tinkan\u010dias sunkioms med\u017eiagoms tvarkyti ir sud\u0117tingoms u\u017eduotims atlikti.<\/li>\n<li><strong>\u012evair\u016bs tipai:<\/strong> Str\u0117l\u0117s cilindrai tiekiami vienpusio veikimo (veikiantys viena kryptimi) ir dvipusio veikimo (veikiantys abiem kryptimis) konfig\u016bracij\u0173, kad atitikt\u0173 \u012fvairius eksploatavimo poreikius. Kai kurie modeliai yra teleskopiniai, tod\u0117l juos galima labiau i\u0161tiesti nedidinant i\u0161orini\u0173 matmen\u0173, tod\u0117l jie tinka naudoti ribotoje erdv\u0117je.<\/li>\n<li><strong>Individuali gamyba:<\/strong> \u0160iuos gaminius gaminame taip, kad jie idealiai pakeist\u0173 hidraulinius cilindrus, u\u017etikrindami suderinamum\u0105 ir na\u0161um\u0105.<\/li>\n<li><strong>Universalios taikymo sritys:<\/strong> Tinka \u012fvairiems mechanizmams ir u\u017eduotims, didinant veiklos efektyvum\u0105 \u012fvairiuose sektoriuose.<\/li>\n<\/ul>\n<p><img decoding=\"async\" src=\"https:\/\/www.hydraulic-cylinders.net\/wp-content\/uploads\/2025\/04\/songte-cylinder-head-with-all-kinds-excavator-models.webp\" alt=\"Ekskavatori\u0173 modeliai\" \/><\/p>\n<h2>Parai\u0161kos<\/h2>\n<h3>Statybin\u0117 \u012franga<\/h3>\n<p>Str\u0117l\u0117s cilindrai randami ekskavatoriuose, jie yra labai svarb\u016bs kasant, kraunant ir perkeliant \u017eem\u0119 ar \u0161iuk\u0161les. Jie leid\u017eia tiksliai valdyti str\u0117l\u0117s judesius, tod\u0117l u\u017eduotys tampa efektyvios ir veiksmingos. Ekskavatoriuose-krautuvuose \u0161ie cilindrai padeda atlikti tiek kasimo, tiek k\u0117limo operacijas, demonstruodami j\u0173 universalum\u0105 statybos projektuose.<\/p>\n<h3>\u017dem\u0117s \u016bkio technika<\/h3>\n<p>Priekiniuose krautuvuose str\u0117l\u0117s cilindrai yra atsakingi u\u017e dirvo\u017eemio, \u0161ieno ir kit\u0173 med\u017eiag\u0173 k\u0117lim\u0105, k\u0117lim\u0105 ir transportavim\u0105. J\u0173 patikimas veikimas padeda \u016bkininkams ir \u017eem\u0117s \u016bkio darbuotojams lengvai valdyti sunkius krovinius, taip pagerinant \u016bkio produktyvum\u0105.<\/p>\n<h3>Ekskavatoriai<\/h3>\n<p>Ekskavatoriuose str\u0117l\u0117s cilindras leid\u017eia kau\u0161ui efektyviai \u012fsiskverbti \u012f \u017eem\u0119 atliekant kasimo darbus. \u0160i funkcija yra gyvybi\u0161kai svarbi statybose, kra\u0161tovaizd\u017eio tvarkymo ir civilin\u0117s in\u017einerijos projektuose, kur reikia giliai kasti ir judinti \u017eem\u0119.<\/p>\n<h3>Krautuvai<\/h3>\n<p>Priekiniuose krautuvuose str\u0117l\u0117s cilindrai padeda efektyviai kelti ir i\u0161versti krovinius. Jie u\u017etikrina, kad med\u017eiagas b\u016bt\u0173 galima greitai ir saugiai perkelti, taip padidinant bendr\u0105 krovimo operacij\u0173 efektyvum\u0105 \u012fvairiose pramonin\u0117se aplinkose.<\/p>\n<h2>Projektavimo aspektai ir atrankos standartai<\/h2>\n<h3>Keliamoji galia<\/h3>\n<p>Renkantis str\u0117l\u0117s cilindr\u0105, svarbiausia yra apkrovos paj\u0117gumas. Labai svarbu suprasti, kokias maksimalias apkrovas cilindras atlaikys eksploatacijos metu. Perkrova gali sukelti katastrofi\u0161k\u0173 gedim\u0173, tod\u0117l labai svarbu pasirinkti cilindr\u0105 su tinkama apkrovos verte konkre\u010dioms reikm\u0117ms. Tai apima tvarkomos med\u017eiagos svorio ir reikalingo k\u0117limo auk\u0161\u010dio \u012fvertinim\u0105. Gamintojai da\u017enai nurodo apkrovos vertes, pagr\u012fstas grie\u017etais bandymais, u\u017etikrindami, kad cilindrai gal\u0117t\u0173 veikti numatytomis darbo s\u0105lygomis.<\/p>\n<h3>Sandarinimo efektyvumas<\/h3>\n<p>Sandarinimas yra gyvybi\u0161kai svarbus hidrauliniuose cilindruose, siekiant i\u0161vengti skys\u010dio nuot\u0117kio ir palaikyti sl\u0117g\u012f. Siekiant u\u017etikrinti optimal\u0173 na\u0161um\u0105 ir ilgaam\u017ei\u0161kum\u0105, reikia pasirinkti auk\u0161tos kokyb\u0117s sandariklius. Sandarikliams naudojamos med\u017eiagos turi atlaikyti at\u0161iaurias s\u0105lygas, su kuriomis jie susiduria, \u012fskaitant temperat\u016bros svyravimus ir ter\u0161al\u0173 poveik\u012f. Tinkamas sandarinimas ne tik pagerina efektyvum\u0105, bet ir pailgina hidraulin\u0117s sistemos tarnavimo laik\u0105. B\u016btina reguliariai pri\u017ei\u016br\u0117ti sandariklius, kad b\u016bt\u0173 i\u0161vengta nuot\u0117ki\u0173, kurie gali suma\u017einti na\u0161um\u0105 ir sukelti \u017eal\u0105.<\/p>\n<h3>Patvarumas<\/h3>\n<p>Patvarumas yra pagrindinis aspektas, nes str\u0117l\u0117s cilindrai veikia sud\u0117tingomis s\u0105lygomis. Konstrukcijoje naudojamos med\u017eiagos turi b\u016bti atsparios dilimui ir korozijai, u\u017etikrinant ilgalaik\u012f patikimum\u0105. Gamintojai \u012ftraukia pa\u017eangias dangas ir apdorojimo b\u016bdus, kad padidint\u0173 cilindr\u0173 patvarum\u0105 ir leist\u0173 jiems atlaikyti sunkias apkrovas. Supratimas apie aplinkos veiksnius, su kuriais susidurs cilindras, tokius kaip dr\u0117gm\u0117, dulk\u0117s ir ekstremalios temperat\u016bros, padeda pasirinkti tinkamai patvarius variantus.<\/p>\n<h3>Saugos funkcijos<\/h3>\n<p>Saugumas yra svarbiausias dalykas projektuojant hidraulinius cilindrus. Tokios savyb\u0117s kaip sl\u0117gio ma\u017einimo vo\u017etuvai ir gedim\u0173 prevencijos mechanizmai yra labai svarbios siekiant i\u0161vengti nelaiming\u0173 atsitikim\u0173 ir \u012frangos sugadinimo. Operatoriai tur\u0117t\u0173 \u017einoti apie \u0161ias saugos funkcijas ir suprasti, kaip jas efektyviai naudoti eksploatacijos metu. Reguliar\u016bs mokymai apie saugos priemones gali \u017eymiai suma\u017einti su hidrauline \u012franga susijusi\u0173 nelaiming\u0173 atsitikim\u0173 rizik\u0105.<\/p>\n<h3>Prie\u017ei\u016bra ir tinkamumas naudoti<\/h3>\n<p>Kitas svarbus projektavimo aspektas yra technin\u0117 prie\u017ei\u016bra ir tinkamumas eksploatuoti. Hidrauliniai cilindrai tur\u0117t\u0173 b\u016bti suprojektuoti taip, kad b\u016bt\u0173 lengva pasiekti vidinius komponentus reguliariai ap\u017ei\u016brai ir techninei prie\u017ei\u016brai. Tai apima galimyb\u0119 pakeisti sandariklius, patikrinti skys\u010di\u0173 lyg\u012f ir atlikti hidraulin\u0117s alyvos technin\u0119 prie\u017ei\u016br\u0105 be didelio i\u0161montavimo. Gerai suprojektuotas cilindras suma\u017eins prastovas ir technin\u0117s prie\u017ei\u016bros i\u0161laidas, taip padidindamas bendr\u0105 veiklos efektyvum\u0105.<\/p>\n<p><img decoding=\"async\" src=\"https:\/\/www.hydraulic-cylinders.net\/wp-content\/uploads\/2025\/04\/songte-oil-pipes-and-spare-parts.webp\" alt=\"Naftos vamzd\u017eiai ir atsargin\u0117s dalys\" \/><\/p>\n<h2>Sandarinimas ir tepimas<\/h2>\n<p>Efektyvus sandarinimas ir tepimas yra gyvybi\u0161kai svarb\u016bs hidraulini\u0173 cilindr\u0173 veikimui. Siekiant u\u017etikrinti skys\u010di\u0173 nuot\u0117ki\u0173 prevencij\u0105, naudojami \u012fvair\u016bs sandarinimo komponentai, tokie kaip st\u016bmokli\u0173 ir kot\u0173 sandarikliai. D\u0117l savo patvarumo ir patikimumo pirmenyb\u0117 teikiama sandarikliams, pagamintiems i\u0161 atspari\u0173 dilimui med\u017eiag\u0173, toki\u0173 kaip poliuretanas ir nitrilo kau\u010diukas. Cilindro korpusas ir srieginiai galiniai pavir\u0161iai yra kruop\u0161\u010diai apdorojami, siekiant padidinti atsparum\u0105 dilimui ir bendr\u0105 na\u0161um\u0105. Norint palaikyti optimal\u0173 veikim\u0105 ir suma\u017einti nusid\u0117v\u0117jim\u0105, b\u016btina reguliariai \u012fpilti tinkam\u0105 kiek\u012f hidraulin\u0117s alyvos tepimui.<\/p>\n<h2>Prevencin\u0117s prie\u017ei\u016bros priemon\u0117s<\/h2>\n<ul>\n<li><strong>Reguliar\u016bs patikrinimai:<\/strong> Labai svarbu periodi\u0161kai atlikti hidraulin\u0117s sistemos patikras. Tai apima nuot\u0117ki\u0173 patikrinim\u0105, sandarikli\u0173 b\u016bkl\u0117s \u012fvertinim\u0105 ir optimalaus hidraulinio skys\u010dio lygio u\u017etikrinim\u0105. Ankstyvas galim\u0173 problem\u0173 nustatymas gali pad\u0117ti i\u0161vengti brangaus remonto ir prastov\u0173.<\/li>\n<li><strong>Tepimas:<\/strong> Norint suma\u017einti trint\u012f ir nusid\u0117v\u0117jim\u0105, labai svarbu u\u017etikrinti, kad visos judan\u010dios dalys b\u016bt\u0173 tinkamai suteptos. Reguliariai naudojant rekomenduojam\u0105 hidraulin\u0119 alyv\u0105, palaikomas efektyvus veikimas ir pailg\u0117ja cilindro tarnavimo laikas.<\/li>\n<li><strong>Sandariklio keitimas:<\/strong> Laikui b\u0117gant, sandarikliai gali susid\u0117v\u0117ti ir prarasti savo efektyvum\u0105. Norint i\u0161vengti nuot\u0117ki\u0173 ir i\u0161laikyti hidraulin\u012f efektyvum\u0105, b\u016btina juos reguliariai keisti. Kei\u010diam\u0173 sandarikli\u0173 atsarg\u0173 tur\u0117jimas gali palengvinti savalaikius technin\u0117s prie\u017ei\u016bros veiksmus.<\/li>\n<\/ul>\n<h2>\u012erengimo gair\u0117s<\/h2>\n<p>Tinkamas str\u0117l\u0117s cilindro montavimas yra labai svarbus optimaliam veikimui ir saugumui. Reik\u0117t\u0173 laikytis \u0161i\u0173 gairi\u0173:<\/p>\n<ol>\n<li><strong>Teisingas lygiavimas:<\/strong> \u012esitikinkite, kad cilindras tinkamai sulygiuotas su \u012frangos tvirtinimo ta\u0161kais. Neteisingas sulygiavimas gali sukelti netolyg\u0173 nusid\u0117v\u0117jim\u0105 ir galim\u0105 gedim\u0105.<\/li>\n<li><strong>Naudokite tinkamus tvirtinimo laikiklius:<\/strong> Cilindrui pritvirtinti naudokite rekomenduojamus tvirtinimo laikiklius. Tai u\u017etikrins stabilum\u0105 ir neleis jam jud\u0117ti eksploatacijos metu.<\/li>\n<li><strong>Hidraulin\u0117s jungtys:<\/strong> \u012esitikinkite, kad visos hidraulin\u0117s jungtys yra tvirtos ir be nuot\u0117ki\u0173. Prie\u0161 prijungdami patikrinkite, ar \u017earnos ir jungiamosios detal\u0117s n\u0117ra susid\u0117v\u0117jusios ar pa\u017eeistos.<\/li>\n<li><strong>Testavimo operacijos:<\/strong> \u012edieg\u0119 atlikite bandom\u0105j\u012f paleidim\u0105, kad \u012fsitikintum\u0117te, jog cilindras veikia skland\u017eiai. Steb\u0117kite, ar n\u0117ra ne\u012fprast\u0173 gars\u0173 ar judesi\u0173, kurie gali rodyti \u012frengimo problem\u0105.<\/li>\n<li><strong>Dokumentacija:<\/strong> Saugokite montavimo proceso \u012fra\u0161us, \u012fskaitant visus atliktus pakeitimus ir naudotas dalis. \u0160ie dokumentai gali b\u016bti vertingi atliekant technin\u0119 prie\u017ei\u016br\u0105 ir patikras ateityje.<\/li>\n<\/ol>\n<h2>\u012eprastos prie\u017ei\u016bros u\u017eduotys<\/h2>\n<ul>\n<li><strong>Reguliar\u016bs patikrinimai:<\/strong> Reguliar\u016bs hidraulini\u0173 sistem\u0173 patikrinimai padeda anksti nustatyti galimas problemas. Operatoriai tur\u0117t\u0173 patikrinti, ar n\u0117ra nuot\u0117ki\u0173, sandarikli\u0173 susid\u0117v\u0117jimo ir bendros b\u016bkl\u0117s, kad u\u017etikrint\u0173 optimal\u0173 veikim\u0105.<\/li>\n<li><strong>Tinkamas tepimas:<\/strong> Tinkamas tepimas yra labai svarbus hidraulini\u0173 cilindr\u0173 ilgaam\u017ei\u0161kumui. Operatoriai tur\u0117t\u0173 u\u017etikrinti, kad hidraulin\u0117s alyvos lygis b\u016bt\u0173 pakankamas ir kad alyva b\u016bt\u0173 reguliariai kei\u010diama pagal poreik\u012f.<\/li>\n<li><strong>Sandariklio keitimas:<\/strong> Sandariklio vientisumas yra labai svarbus siekiant i\u0161vengti nuot\u0117ki\u0173. Reguliariai kei\u010diant sandariklius, palaikomas hidraulinis sl\u0117gis ir efektyvumas, u\u017etikrinant skland\u0173 hidraulin\u0117s sistemos veikim\u0105.<\/li>\n<\/ul>\n<h2>Saugos aspektai ir aplinkos veiksniai<\/h2>\n<p>Naudojant hidraulinius cilindrus, saugos priemon\u0117s yra nepaprastai svarbios. Operatoriai turi \u017einoti apie galimus pavojus, susijusius su hidraulin\u0117mis sistemomis, \u012fskaitant auk\u0161to sl\u0117gio skys\u010di\u0173 nuot\u0117kius, kurie gali sukelti sunkius su\u017ealojimus. Siekiant suma\u017einti rizik\u0105, b\u016btina \u012fgyvendinti saugos protokolus, pavyzd\u017eiui, d\u0117v\u0117ti tinkamas asmenines apsaugos priemones ir vesti saugos mokymus. Be to, norint i\u0161laikyti atitikt\u012f reglamentams ir suma\u017einti poveik\u012f aplinkai, labai svarbu atsi\u017evelgti \u012f aplinkos veiksnius, tokius kaip skys\u010di\u0173 \u0161alinimas ir u\u017eter\u0161tumas.<\/p>\n<h2>Trik\u010di\u0173 \u0161alinimas ir da\u017eniausiai pasitaikan\u010dios problemos<\/h2>\n<ul>\n<li><strong>Skys\u010dio nuot\u0117kis:<\/strong> Viena i\u0161 da\u017eniausiai pasitaikan\u010di\u0173 problem\u0173 yra skys\u010dio nuot\u0117kis. Tai da\u017enai rodo susid\u0117v\u0117jusius sandariklius arba pa\u017eeistas \u017earnas. Patikrinkite, ar sandarikliai ir jungtys n\u0117ra susid\u0117v\u0117j\u0119, ir prireikus pakeiskite, kad i\u0161vengtum\u0117te tolesnio nuot\u0117kio.<\/li>\n<li><strong>L\u0117tas arba nenuoseklus jud\u0117jimas:<\/strong> Jei cilindras juda l\u0117tai arba netolygiai, tai gali rodyti \u017eem\u0105 hidraulinio skys\u010dio lyg\u012f arba oro kiek\u012f sistemoje. Patikrinkite skys\u010dio lyg\u012f ir i\u0161leiskite i\u0161 sistemos or\u0105, kad pa\u0161alintum\u0117te vis\u0105 \u012fstrigus\u012f or\u0105.<\/li>\n<li><strong>Ne\u012fprasti garsai:<\/strong> Bet koks ne\u012fprastas garsas veikimo metu, pavyzd\u017eiui, girg\u017ed\u0117jimas ar cypimas, gali rodyti mechanines problemas arba nepakankam\u0105 tepim\u0105. Atlikite i\u0161sam\u0173 patikrinim\u0105, kad nustatytum\u0117te triuk\u0161mo \u0161altin\u012f ir nedelsdami j\u012f pa\u0161alintum\u0117te.<\/li>\n<\/ul>\n<h2>Produkto ilgaam\u017ei\u0161kumo patarimai<\/h2>\n<p>Nor\u0117dami padidinti hidraulini\u0173 cilindr\u0173 tarnavimo laik\u0105, operatoriai tur\u0117t\u0173 laikytis \u0161i\u0173 patarim\u0173:<\/p>\n<ul>\n<li>Montavimo metu u\u017etikrinkite tinkam\u0105 i\u0161lyginim\u0105, kad i\u0161vengtum\u0117te netolygaus nusid\u0117v\u0117jimo.<\/li>\n<li>Reguliariai tikrinkite ir palaikykite hidraulinio skys\u010dio lyg\u012f, kad u\u017etikrintum\u0117te efektyv\u0173 veikim\u0105.<\/li>\n<li>Atlikite profilaktin\u0119 prie\u017ei\u016br\u0105 ir i\u0161 anksto keiskite susid\u0117v\u0117jusius komponentus.<\/li>\n<\/ul>\n<p><img decoding=\"async\" src=\"https:\/\/www.hydraulic-cylinders.net\/wp-content\/uploads\/2025\/04\/songte-bushings-with-all-kinds-of-excavator-models.webp\" alt=\"Ekskavatoriaus \u012fvor\u0117s\" \/><\/p>\n<h2>\u012emon\u0117s ap\u017evalga<\/h2>\n<p>Esame pirmaujantis pakaitini\u0173 hidraulini\u0173 cilindr\u0173 gamintojas, si\u016blantis plat\u0173 gamini\u0173 asortiment\u0105, skirt\u0105 tiek vidaus, tiek tarptautinei rinkai. M\u016bs\u0173 \u012fsipareigojimas siekti meistri\u0161kumo skatina mus gaminti auk\u0161tos kokyb\u0117s hidraulinius cilindrus, atitinkan\u010dius grie\u017etus pramon\u0117s standartus. Pasitelkdami pa\u017eangias gamybos technologijas ir kvalifikuot\u0105 darbo j\u0117g\u0105, nuolat tobuliname savo gamybos paj\u0117gumus.<\/p>\n<p>Did\u017eiuojam\u0117s savo patirtimi, o m\u016bs\u0173 gaminiams taikoma grie\u017eta kokyb\u0117s kontrol\u0117, siekiant u\u017etikrinti patikimum\u0105 ir na\u0161um\u0105. M\u016bs\u0173 tarptautiniai sertifikatai patvirtina m\u016bs\u0173 atsidavim\u0105 kokybei, o pritaikymo paslaugos leid\u017eia mums patenkinti konkre\u010dius klient\u0173 poreikius.<\/p>\n<p>M\u016bs\u0173 moderniausi gamybos \u012frenginiai apr\u016bpinti pa\u017eangiausia \u012franga, leid\u017eian\u010dia mums tiksliai ir efektyviai gaminti hidraulinius cilindrus. Be to, teikiame i\u0161skirtin\u012f aptarnavim\u0105 po pardavimo, u\u017etikrindami, kad m\u016bs\u0173 klientai gaut\u0173 reikiam\u0105 pagalb\u0105 per vis\u0105 m\u016bs\u0173 gamini\u0173 gyvavimo cikl\u0105.<\/p>\n<p><img decoding=\"async\" src=\"https:\/\/www.hydraulic-cylinders.net\/wp-content\/uploads\/2025\/04\/songte-company-4.webp\" alt=\"\u012emon\u0117s paveiksl\u0117lis 1\" \/><br \/>\n<img decoding=\"async\" src=\"https:\/\/www.hydraulic-cylinders.net\/wp-content\/uploads\/2025\/04\/songte-company-3.webp\" alt=\"\u012emon\u0117s paveiksl\u0117lis 2\" \/><\/p>\n<p>Autorius: lyl<\/p>","protected":false},"excerpt":{"rendered":"<p>Boom Cylinder For Tota TX210C Product Overview The Boom Cylinder for Tota TX210C is a critical component in hydraulic systems, specifically designed to control the movement of the boom on various heavy machinery such as excavators, backhoe loaders, and front-end loaders. This hydraulic cylinder is responsible for allowing the boom to lift, lower, and tilt, [&hellip;]<\/p>","protected":false},"featured_media":17870,"comment_status":"open","ping_status":"closed","template":"","meta":{"_et_pb_use_builder":"","_et_pb_old_content":"","_et_gb_content_width":""},"product_brand":[],"product_cat":[1546],"product_tag":[1547,1496],"class_list":{"0":"post-19592","1":"product","2":"type-product","3":"status-publish","4":"has-post-thumbnail","6":"product_cat-boom-cylinders","7":"product_tag-boom-cylinders","8":"product_tag-hydraulic-cylinders","10":"first","11":"instock","12":"shipping-taxable","13":"product-type-simple"},"amp_enabled":true,"_links":{"self":[{"href":"https:\/\/www.hydraulic-cylinders.net\/lt\/wp-json\/wp\/v2\/product\/19592","targetHints":{"allow":["GET"]}}],"collection":[{"href":"https:\/\/www.hydraulic-cylinders.net\/lt\/wp-json\/wp\/v2\/product"}],"about":[{"href":"https:\/\/www.hydraulic-cylinders.net\/lt\/wp-json\/wp\/v2\/types\/product"}],"replies":[{"embeddable":true,"href":"https:\/\/www.hydraulic-cylinders.net\/lt\/wp-json\/wp\/v2\/comments?post=19592"}],"wp:featuredmedia":[{"embeddable":true,"href":"https:\/\/www.hydraulic-cylinders.net\/lt\/wp-json\/wp\/v2\/media\/17870"}],"wp:attachment":[{"href":"https:\/\/www.hydraulic-cylinders.net\/lt\/wp-json\/wp\/v2\/media?parent=19592"}],"wp:term":[{"taxonomy":"product_brand","embeddable":true,"href":"https:\/\/www.hydraulic-cylinders.net\/lt\/wp-json\/wp\/v2\/product_brand?post=19592"},{"taxonomy":"product_cat","embeddable":true,"href":"https:\/\/www.hydraulic-cylinders.net\/lt\/wp-json\/wp\/v2\/product_cat?post=19592"},{"taxonomy":"product_tag","embeddable":true,"href":"https:\/\/www.hydraulic-cylinders.net\/lt\/wp-json\/wp\/v2\/product_tag?post=19592"}],"curies":[{"name":"wp","href":"https:\/\/api.w.org\/{rel}","templated":true}]}}