{"id":19594,"date":"2025-04-07T06:56:25","date_gmt":"2025-04-07T06:56:25","guid":{"rendered":"https:\/\/www.hydraulic-cylinders.net\/product\/boom-cylinder-for-xinyuan-crawler-excavator-xy60-8\/"},"modified":"2025-04-07T06:56:28","modified_gmt":"2025-04-07T06:56:28","slug":"boom-cylinder-for-xinyuan-crawler-excavator-xy60-8","status":"publish","type":"product","link":"https:\/\/www.hydraulic-cylinders.net\/lt\/produktas\/boom-cylinder-for-xinyuan-crawler-excavator-xy60-8\/","title":{"rendered":"Xinyuan vik\u0161rinio ekskavatoriaus XY60-8 str\u0117l\u0117s cilindras"},"content":{"rendered":"<h1>Xinyuan vik\u0161rinio ekskavatoriaus XY60-8 str\u0117l\u0117s cilindras<\/h1>\n<h2>Produkto ap\u017evalga<\/h2>\n<p>\u201eXinyuan\u201c vik\u0161rinio ekskavatoriaus XY60-8 str\u0117l\u0117s cilindras yra labai svarbus sunkiosios technikos hidraulini\u0173 sistem\u0173 komponentas. \u0160is hidraulinis cilindras yra specialiai sukurtas valdyti kau\u0161o jud\u0117jim\u0105 \u012fvairioje sunkiojoje \u012frangoje, pavyzd\u017eiui, ekskavatoriuose, ekskavatoriniuose krautuvais ir frontaliniuose krautuvuose. Palengvindamas kau\u0161o k\u0117lim\u0105, nuleidim\u0105 ir pakreipim\u0105, jis \u017eymiai pagerina med\u017eiag\u0173 tvarkymo u\u017eduotis.<\/p>\n<p>Kau\u0161o cilindras, kaip hidraulinio cilindro tipas, veikia susl\u0117gta hidrauline alyva, tod\u0117l jo funkcija yra gyvybi\u0161kai svarbi efektyviam statybos ir kasimo darb\u0173 na\u0161umui. Str\u0117l\u0117s cilindro funkcionalumas ne tik optimizuoja ekskavatoriaus veikim\u0105, bet ir u\u017etikrina, kad sunkias med\u017eiagas b\u016bt\u0173 galima perkelti tiksliai ir lengvai.<\/p>\n<p><img decoding=\"async\" src=\"https:\/\/www.hydraulic-cylinders.net\/wp-content\/uploads\/2025\/04\/songte-company-1.webp\" alt=\"Str\u0117l\u0117s cilindro vaizdas\" \/><\/p>\n<h2>Str\u0117l\u0117s cilindro savyb\u0117s<\/h2>\n<ul>\n<li>\n<h3>Didelis stiprumas ir ilgaam\u017ei\u0161kumas<\/h3>\n<p>\u0160is str\u0117l\u0117s cilindras, pagamintas i\u0161 didelio stiprumo plieno arba aliuminio, yra sukurtas taip, kad atlaikyt\u0173 auk\u0161t\u0105 sl\u0117g\u012f ir dideles apkrovas. Jo konstrukcijoje atsi\u017evelgta \u012f atsparum\u0105 dilimui ir apsaug\u0105 nuo korozijos, o tai pailgina jo eksploatavimo laik\u0105.<\/p>\n<\/li>\n<li>\n<h3>Efektyvus hidraulinis valdymas<\/h3>\n<p>Naudodamas hidraulin\u0117s alyvos sl\u0117g\u012f, str\u0117l\u0117s cilindras u\u017etikrina skland\u0173 ir greit\u0105 i\u0161pl\u0117tim\u0105 ir \u012ftraukim\u0105. Tai u\u017etikrina efektyv\u0173 reagavim\u0105 \u012f operatoriaus komandas ir galingas st\u016bmimo bei traukimo j\u0117gas, idealiai tinkan\u010dias sunkioms ar sud\u0117tingoms u\u017eduotims atlikti.<\/p>\n<\/li>\n<li>\n<h3>\u012evair\u016bs tipai<\/h3>\n<p>Priklausomai nuo eksploatacini\u0173 reikalavim\u0173, str\u0117l\u0117s cilindr\u0105 galima pasirinkti kaip vienpusio veikimo (naudojamas viena kryptimi) arba dvipusio veikimo (veikiantis abiem kryptimis) model\u012f. Kai kurios versijos yra teleskopin\u0117s, tod\u0117l galima labiau i\u0161tiesti str\u0117l\u0119 nedidinant i\u0161orini\u0173 matmen\u0173, tod\u0117l jos tinka ank\u0161toms erdv\u0117ms.<\/p>\n<\/li>\n<li>\n<h3>Individuali gamyba<\/h3>\n<p>Mes specializuojam\u0117s \u0161io produkto gamyboje, o m\u016bs\u0173 cilindrai puikiai pakei\u010dia esamus hidraulinius cilindrus, kad pagerint\u0173 na\u0161um\u0105 ir patikimum\u0105 \u012fvairiose srityse.<\/p>\n<\/li>\n<\/ul>\n<p><img decoding=\"async\" src=\"https:\/\/www.hydraulic-cylinders.net\/wp-content\/uploads\/2025\/04\/songte-cylinder-head-with-all-kinds-excavator-models.webp\" alt=\"Hidraulini\u0173 cilindr\u0173 modeliai\" \/><\/p>\n<h2>Str\u0117l\u0117s cilindro pritaikymas<\/h2>\n<h3>Statybin\u0117 \u012franga<\/h3>\n<p>Ekskavatoriuose str\u0117l\u0117s cilindrai atlieka pagrindin\u012f vaidmen\u012f kasant, kraunant ir perkeliant grunt\u0105 ar \u0161iuk\u0161les. Jie leid\u017eia kau\u0161ui efektyviai \u012fsiskverbti \u012f \u017eem\u0119, tod\u0117l galima kontroliuoti kasimo darbus. Str\u0117l\u0117s cilindro u\u017etikrinamas tikslumas padidina bendr\u0105 statybos darb\u0173 efektyvum\u0105, leisdamas operatoriams atlikti daugiau per trumpesn\u012f laik\u0105.<\/p>\n<h3>\u017dem\u0117s \u016bkio technika<\/h3>\n<p>Priekiniuose krautuvuose str\u0117l\u0117s cilindras yra b\u016btinas dirvo\u017eemio, \u0161ieno ir kit\u0173 med\u017eiag\u0173 k\u0117limui, k\u0117limui ir transportavimui. \u0160ie cilindrai, galintys efektyviai valdyti sunkius krovinius, prisideda prie didesnio na\u0161umo ir palengvina \u012fvairias \u017eem\u0117s \u016bkio u\u017eduotis \u2013 nuo \u200b\u200b\u017eem\u0117s dirbimo iki pa\u0161arini\u0173 med\u017eiag\u0173 tvarkymo.<\/p>\n<h3>Ekskavatoriai<\/h3>\n<p>Ekskavatoriams str\u0117l\u0117s cilindras yra labai svarbus, nes leid\u017eia kau\u0161ui \u012fsiskverbti \u012f dirv\u0105 ir efektyviai kasti. \u0160i galimyb\u0117 yra b\u016btina statybos, kra\u0161tovaizd\u017eio tvarkymo ir kasybos projektuose, kur reikia tiksliai i\u0161kasti pamatus arba i\u0161valyti \u017eem\u0119.<\/p>\n<h3>Krautuvai<\/h3>\n<p>Priekiniuose krautuvuose str\u0117l\u0117s cilindrai padeda efektyviai kelti ir i\u0161versti med\u017eiagas. J\u0173 veikimo efektyvumas u\u017etikrina, kad kroviniai b\u016bt\u0173 tvarkomi tiksliai, o tai yra gyvybi\u0161kai svarbu ruo\u0161iant statybviet\u0119, transportuojant med\u017eiagas ir atliekant kitas u\u017eduotis, kurioms reikalingos k\u0117limo galimyb\u0117s.<\/p>\n<h2>Projektavimo aspektai ir atrankos kriterijai<\/h2>\n<h3>Keliamoji galia<\/h3>\n<p>Renkantis str\u0117l\u0117s cilindr\u0105, vienas i\u0161 pagrindini\u0173 aspekt\u0173 yra jo keliamoji galia. Cilindras turi atlaikyti maksimali\u0105 apkrov\u0105, numatom\u0105 eksploatacijos metu, nepakenkdamas konstrukcijos vientisumui. Tinkami skai\u010diavimai, pagr\u012fsti numatoma darbo kr\u016bviu, u\u017etikrina, kad cilindras veikt\u0173 saugiai ir efektyviai esant apkrovai.<\/p>\n<h3>Sandarumas ir ilgaam\u017ei\u0161kumas<\/h3>\n<p>Sandarinimo mechanizmas yra labai svarbus siekiant i\u0161vengti nuot\u0117ki\u0173 ir palaikyti optimal\u0173 hidraulin\u012f sl\u0117g\u012f. Auk\u0161tos kokyb\u0117s sandarikliai, pagaminti i\u0161 patvari\u0173 med\u017eiag\u0173, toki\u0173 kaip poliuretanas arba nitrilo kau\u010diukas, padidina cilindro ilgaam\u017ei\u0161kum\u0105. Be to, cilindro korpuso patvarumas yra b\u016btinas, kad jis atlaikyt\u0173 at\u0161iaurias darbo s\u0105lygas, \u012fskaitant purvo, dr\u0117gm\u0117s ir ekstremali\u0173 temperat\u016br\u0173 poveik\u012f.<\/p>\n<h3>Saugumas<\/h3>\n<p>\u012e str\u0117l\u0117s cilindro konstrukcij\u0105 turi b\u016bti integruotos saugos funkcijos, siekiant apsaugoti tiek mechanizm\u0105, tiek operatori\u0173. Tai apima sl\u0117gio ma\u017einimo vo\u017etuvus, kad b\u016bt\u0173 i\u0161vengta per didelio sl\u0117gio, ir saugos fiksavimo mechanizmus, kurie pritvirtina kau\u0161\u0105, kai jis neveikia. Saugos standart\u0173 laikymasis yra labai svarbus norint saugiai valdyti sunki\u0105j\u0105 technik\u0105.<\/p>\n<h3>Prie\u017ei\u016bros aspektai<\/h3>\n<p>Lengva prie\u017ei\u016bra yra dar vienas svarbus str\u0117l\u0117s cilindr\u0173 konstrukcijos veiksnys. Konstrukcijos ypatyb\u0117s, leid\u017eian\u010dios lengvai pasiekti \u012frang\u0105 ap\u017ei\u016brai, tepimui ir remontui, gali suma\u017einti prastovas ir pailginti hidraulin\u0117s sistemos tarnavimo laik\u0105. Prie\u017ei\u016brai palank\u016bs dizainai prisideda prie bendro \u012frangos patikimumo ir na\u0161umo.<\/p>\n<p><img decoding=\"async\" src=\"https:\/\/www.hydraulic-cylinders.net\/wp-content\/uploads\/2025\/04\/songte-oil-pipes-and-spare-parts.webp\" alt=\"Hidraulini\u0173 cilindr\u0173 komponentai\" \/><\/p>\n<h2>Sandarinimas ir tepimas<\/h2>\n<p>Str\u0117l\u0117s cilindro efektyvumas labai priklauso nuo jo sandarinimo ir tepimo sistem\u0173. Auk\u0161tos kokyb\u0117s sandarikliai, tokie kaip st\u016bmokli\u0173 ir stryp\u0173 sandarikliai, yra b\u016btini norint palaikyti hidraulin\u012f sl\u0117g\u012f ir i\u0161vengti nuot\u0117ki\u0173. Sandarikliai, pagaminti i\u0161 atspari\u0173 dilimui med\u017eiag\u0173, toki\u0173 kaip poliuretanas ir nitrilo kau\u010diukas, u\u017etikrina ilgaam\u017ei\u0161kum\u0105 ir patikimum\u0105.<\/p>\n<p>Be to, cilindro korpusas ir srieginiai galai yra tiksliai apdirbami, siekiant padidinti j\u0173 atsparum\u0105 dilimui. Norint u\u017etikrinti skland\u0173 veikim\u0105 ir i\u0161vengti dilimo, taip maksimaliai pailginant str\u0117l\u0117s cilindro tarnavimo laik\u0105, b\u016btina reguliariai tepti tinkama hidrauline alyva. Rekomenduojama laikytis speciali\u0173 tepimo grafik\u0173, kad b\u016bt\u0173 i\u0161laikytas optimalus veikimas.<\/p>\n<h2>Reguliarios patikros ir prevencin\u0117s prie\u017ei\u016bros priemon\u0117s<\/h2>\n<ul>\n<li>\n<h3>Reguliar\u016bs patikrinimai<\/h3>\n<p>Reguliar\u016bs str\u0117l\u0117s cilindro patikrinimai yra labai svarb\u016bs norint nustatyti galimas problemas, kol jos nepa\u016bm\u0117jo. Reguliar\u016bs patikrinimai tur\u0117t\u0173 apimti vizualin\u012f nuot\u0117ki\u0173, nusid\u0117v\u0117jimo ir ply\u0161im\u0173 \u012fvertinim\u0105, taip pat funkcinius bandymus, siekiant u\u017etikrinti skland\u0173 cilindro veikim\u0105.<\/p>\n<\/li>\n<li>\n<h3>Tinkamas tepimas<\/h3>\n<p>Hidraulinio cilindro ilgaam\u017ei\u0161kumui labai svarbu u\u017etikrinti tinkam\u0105 jo sutepim\u0105. Operatoriai tur\u0117t\u0173 laikytis tepimo grafiko, kuris apima patvirtint\u0173 hidraulini\u0173 alyv\u0173 naudojim\u0105, siekiant i\u0161laikyti na\u0161um\u0105 ir suma\u017einti trint\u012f, kuri gali sukelti prie\u0161laikin\u012f susid\u0117v\u0117jim\u0105.<\/p>\n<\/li>\n<li>\n<h3>Sandariklio keitimas<\/h3>\n<p>Laikui b\u0117gant, sandarikliai gali susid\u0117v\u0117ti ir juos gali tekti keisti. Reguliarus sandariklio vientisumo steb\u0117jimas gali pad\u0117ti i\u0161vengti hidraulinio skys\u010dio nuot\u0117kio ir palaikyti optimal\u0173 cilindro veikim\u0105. B\u016btina tur\u0117ti keitimo grafik\u0105, pagr\u012fst\u0105 darbo aplinka ir naudojimo da\u017enumu.<\/p>\n<\/li>\n<\/ul>\n<p><img decoding=\"async\" src=\"https:\/\/www.hydraulic-cylinders.net\/wp-content\/uploads\/2025\/04\/songte-chushion-collar.webp\" alt=\"Cilindro montavimas\" \/><\/p>\n<h2>Saugos aspektai ir aplinkos veiksniai<\/h2>\n<p>Naudojant str\u0117l\u0117s cilindrus \u012fvairiose srityse, itin svarbios saugos priemon\u0117s. Operatoriai visada tur\u0117t\u0173 laikytis saugos nurodym\u0173, u\u017etikrindami, kad visi komponentai b\u016bt\u0173 reguliariai tikrinami ir pri\u017ei\u016brimi. Saugos protokol\u0173 \u012fgyvendinimas suma\u017eina \u012frangos gedim\u0173 ir operatoriaus su\u017ealojim\u0173 rizik\u0105. Be to, norint i\u0161laikyti cilindro vientisum\u0105 ir veikim\u0105, labai svarbu atsi\u017evelgti \u012f aplinkos veiksnius, tokius kaip chemini\u0173 med\u017eiag\u0173 poveikis ar ekstremalios oro s\u0105lygos.<\/p>\n<h2>Trik\u010di\u0173 \u0161alinimas ir da\u017eniausiai pasitaikan\u010dios problemos<\/h2>\n<ul>\n<li>\n<h3>Hidrauliniai nuot\u0117kiai<\/h3>\n<p>Hidrauliniai nuot\u0117kiai gali atsirasti d\u0117l susid\u0117v\u0117jusi\u0173 sandarikli\u0173 arba pa\u017eeist\u0173 komponent\u0173. Labai svarbu nustatyti nuot\u0117kio \u0161altin\u012f, nes jis gali lemti hidraulinio sl\u0117gio suma\u017e\u0117jim\u0105 ir neefektyv\u0173 veikim\u0105. Reguliar\u016bs patikrinimai gali pad\u0117ti anksti aptikti nuot\u0117kius.<\/p>\n<\/li>\n<li>\n<h3>Nenuoseklus na\u0161umas<\/h3>\n<p>Jei str\u0117l\u0117s cilindras juda netolygiai arba sl\u0117gis nepastovus, tai gali rodyti, kad hidraulin\u0117je sistemoje yra oro, \u017eemas skys\u010di\u0173 lygis arba u\u017eter\u0161tumas. Sistemos nuorinimas arba skys\u010di\u0173 lygio patikrinimas da\u017enai gali i\u0161spr\u0119sti \u0161ias problemas.<\/p>\n<\/li>\n<li>\n<h3>Sandarinimo gedimai<\/h3>\n<p>D\u0117l netinkam\u0173 sandarikli\u0173 gali kilti dideli\u0173 na\u0161umo problem\u0173. Reguliarus sandarikli\u0173 steb\u0117jimas ir savalaikis keitimas gali pad\u0117ti i\u0161vengti hidraulinio skys\u010dio nuostoli\u0173 ir u\u017etikrinti efektyv\u0173 sistemos veikim\u0105.<\/p>\n<\/li>\n<\/ul>\n<p>\u0160i\u0173 da\u017eniausiai pasitaikan\u010di\u0173 problem\u0173 sprendimas gali gerokai pailginti str\u0117l\u0117s cilindro eksploatavimo laik\u0105. Prevencin\u0117s priemon\u0117s, tokios kaip reguliari prie\u017ei\u016bra ir patikrinimai, gali suma\u017einti galimas problemas ir u\u017etikrinti skland\u0173 veikim\u0105.<\/p>\n<p><img decoding=\"async\" src=\"https:\/\/www.hydraulic-cylinders.net\/wp-content\/uploads\/2025\/04\/songte-bushings-with-all-kinds-of-excavator-models.webp\" alt=\"Cilindro \u012fvor\u0117\" \/><\/p>\n<h2>Apie m\u016bs\u0173 \u012fmon\u0119<\/h2>\n<p>Esame gamintojai, kurie specializuojasi hidraulini\u0173 cilindr\u0173 gamyboje, si\u016blantys plat\u0173 gamini\u0173 asortiment\u0105, kuris leido mums tapti pirmaujan\u010diais tiek\u0117jais tiek vidaus, tiek tarptautin\u0117se rinkose. M\u016bs\u0173 \u012fsipareigojimas siekti meistri\u0161kumo ir tikslios gamybos strategijos laikymasis leid\u017eia mums nuolat tobulinti savo gamybos paj\u0117gumus.<\/p>\n<p>Siekdami u\u017etikrinti kokyb\u0119, pasitelkiame kvalifikuotus technikus, pa\u017eangi\u0105 skaitmenin\u0119 gamybos \u012frang\u0105 ir profesionalias testavimo sistemas, kad pagerintume savo gamybos platform\u0105. M\u016bs\u0173 tvirti k\u016brybiniai geb\u0117jimai leid\u017eia mums efektyviai, tiksliai ir kokybi\u0161kai patenkinti \u012fvairius klient\u0173 poreikius.<\/p>\n<p><img decoding=\"async\" src=\"https:\/\/www.hydraulic-cylinders.net\/wp-content\/uploads\/2025\/04\/songte-company-4.webp\" alt=\"\u012emon\u0117s gamyba\" \/><br \/>\n<img decoding=\"async\" src=\"https:\/\/www.hydraulic-cylinders.net\/wp-content\/uploads\/2025\/04\/songte-company-3.webp\" alt=\"\u012emon\u0117s ap\u017evalga\" \/><\/p>\n<h3>M\u016bs\u0173 patirtis<\/h3>\n<ul>\n<li>\n<h3>Profesionalumas<\/h3>\n<p>M\u016bs\u0173 komand\u0105 sudaro hidraulini\u0173 sistem\u0173 ekspertai, u\u017etikrinantys, kad m\u016bs\u0173 gaminiai atitikt\u0173 auk\u0161\u010diausius pramon\u0117s standartus.<\/p>\n<\/li>\n<li>\n<h3>Tarptautiniai sertifikatai<\/h3>\n<p>Turime \u012fvairius tarptautinius sertifikatus, patvirtinan\u010dius m\u016bs\u0173 \u012fsipareigojim\u0105 u\u017etikrinti kokyb\u0119 ir saug\u0105 gamybos procese.<\/p>\n<\/li>\n<li>\n<h3>Individual\u016bs u\u017esakymai<\/h3>\n<p>Si\u016blome individualiai pritaikytus sprendimus, atitinkan\u010dius konkre\u010dius klient\u0173 reikalavimus, u\u017etikrindami optimal\u0173 na\u0161um\u0105 \u012fvairiose srityse.<\/p>\n<\/li>\n<li>\n<h3>Pa\u017eangi gamybos \u012franga<\/h3>\n<p>M\u016bs\u0173 moderniausios gamybos \u012fmon\u0117s naudoja pa\u017eangiausias technologijas auk\u0161tos kokyb\u0117s hidrauliniams cilindrams gaminti.<\/p>\n<\/li>\n<li>\n<h3>Aptarnavimas po pardavimo<\/h3>\n<p>Siekdami u\u017etikrinti klient\u0173 pasitenkinim\u0105, teikiame i\u0161samias garantinio aptarnavimo paslaugas, \u012fskaitant palaikym\u0105 ir prie\u017ei\u016br\u0105.<\/p>\n<\/li>\n<\/ul>\n<p>Autorius: lyl<\/p>","protected":false},"excerpt":{"rendered":"<p>Boom Cylinder For Xinyuan Crawler Excavator XY60-8 Product Overview The Boom Cylinder for the Xinyuan Crawler Excavator XY60-8 is a crucial component in hydraulic systems designed for heavy machinery. This hydraulic cylinder is specifically engineered to control the movement of the bucket in various heavy-duty equipment, such as excavators, backhoe loaders, and front loaders. By [&hellip;]<\/p>","protected":false},"featured_media":17872,"comment_status":"open","ping_status":"closed","template":"","meta":{"_et_pb_use_builder":"","_et_pb_old_content":"","_et_gb_content_width":""},"product_brand":[],"product_cat":[1546],"product_tag":[1547,1496],"class_list":{"0":"post-19594","1":"product","2":"type-product","3":"status-publish","4":"has-post-thumbnail","6":"product_cat-boom-cylinders","7":"product_tag-boom-cylinders","8":"product_tag-hydraulic-cylinders","10":"first","11":"instock","12":"shipping-taxable","13":"product-type-simple"},"amp_enabled":true,"_links":{"self":[{"href":"https:\/\/www.hydraulic-cylinders.net\/lt\/wp-json\/wp\/v2\/product\/19594","targetHints":{"allow":["GET"]}}],"collection":[{"href":"https:\/\/www.hydraulic-cylinders.net\/lt\/wp-json\/wp\/v2\/product"}],"about":[{"href":"https:\/\/www.hydraulic-cylinders.net\/lt\/wp-json\/wp\/v2\/types\/product"}],"replies":[{"embeddable":true,"href":"https:\/\/www.hydraulic-cylinders.net\/lt\/wp-json\/wp\/v2\/comments?post=19594"}],"wp:featuredmedia":[{"embeddable":true,"href":"https:\/\/www.hydraulic-cylinders.net\/lt\/wp-json\/wp\/v2\/media\/17872"}],"wp:attachment":[{"href":"https:\/\/www.hydraulic-cylinders.net\/lt\/wp-json\/wp\/v2\/media?parent=19594"}],"wp:term":[{"taxonomy":"product_brand","embeddable":true,"href":"https:\/\/www.hydraulic-cylinders.net\/lt\/wp-json\/wp\/v2\/product_brand?post=19594"},{"taxonomy":"product_cat","embeddable":true,"href":"https:\/\/www.hydraulic-cylinders.net\/lt\/wp-json\/wp\/v2\/product_cat?post=19594"},{"taxonomy":"product_tag","embeddable":true,"href":"https:\/\/www.hydraulic-cylinders.net\/lt\/wp-json\/wp\/v2\/product_tag?post=19594"}],"curies":[{"name":"wp","href":"https:\/\/api.w.org\/{rel}","templated":true}]}}