{"id":19600,"date":"2025-04-07T06:56:44","date_gmt":"2025-04-07T06:56:44","guid":{"rendered":"https:\/\/www.hydraulic-cylinders.net\/product\/boom-cylinder-for-volwa-small-excavator-dls160-8b-9\/"},"modified":"2025-04-07T06:56:52","modified_gmt":"2025-04-07T06:56:52","slug":"boom-cylinder-for-volwa-small-excavator-dls160-8b-9","status":"publish","type":"product","link":"https:\/\/www.hydraulic-cylinders.net\/lt\/produktas\/boom-cylinder-for-volwa-small-excavator-dls160-8b-9\/","title":{"rendered":"\u201eVolwa\u201c ma\u017eo ekskavatoriaus DLS160-8B-9 str\u0117l\u0117s cilindras"},"content":{"rendered":"<h1>\u201eVolwa\u201c ma\u017eo ekskavatoriaus DLS160-8B-9 str\u0117l\u0117s cilindras<\/h1>\n<h2>Str\u0117l\u0117s cilindro ap\u017evalga<\/h2>\n<p>Str\u0117l\u0117s cilindras yra labai svarbus hidraulinis komponentas, specialiai sukurtas kau\u0161o jud\u0117jimui valdyti sunkiosiose ma\u0161inose, tokiose kaip ekskavatoriai, ekskavatoriai ir frontaliniai krautuvai. Jis palengvina kau\u0161o k\u0117lim\u0105, nuleidim\u0105 ir pakreipim\u0105, taip u\u017etikrindamas efektyv\u0173 med\u017eiag\u0173 tvarkym\u0105. Kalbant apie \u201eVolwa Small Excavator DLS160-8B-9\u201c, str\u0117l\u0117s cilindras atlieka esmin\u012f vaidmen\u012f bendram ma\u0161inos na\u0161umui ir funkcionalumui.<\/p>\n<p><img decoding=\"async\" src=\"https:\/\/www.hydraulic-cylinders.net\/wp-content\/uploads\/2025\/04\/songte-company-1.webp\" alt=\"Str\u0117l\u0117s cilindras\" \/><\/p>\n<h3>Apibr\u0117\u017eimas ir funkcionalumas<\/h3>\n<p>Kau\u0161o cilindras yra hidraulinio cilindro tipas, specialiai sukurtas valdyti kau\u0161o jud\u0117jim\u0105 \u012fvairiose sunkiosiose ma\u0161inose. \u0160ie cilindrai naudoja hidraulin\u012f sl\u0117g\u012f j\u0117gai sukurti, kad b\u016bt\u0173 galima skland\u017eiai kelti ir manevruoti sunkius krovinius. Tokiose srityse kaip \u017eem\u0117s kasimas, statybos ir \u017eem\u0117s \u016bkis str\u0117l\u0117s cilindro efektyvumas ir patikimumas yra nepaprastai svarb\u016bs. Jie suprojektuoti taip, kad atlaikyt\u0173 didel\u012f sl\u0117g\u012f ir apkrovas, u\u017etikrindami optimal\u0173 na\u0161um\u0105 net ir at\u0161iauriomis darbo s\u0105lygomis.<\/p>\n<h2>Str\u0117l\u0117s cilindro savyb\u0117s<\/h2>\n<ul>\n<li><strong>Didelis stiprumas ir ilgaam\u017ei\u0161kumas:<\/strong> Paprastai i\u0161 didelio stiprumo plieno arba aliuminio pagamintas str\u0117l\u0117s cilindras gali atlaikyti didel\u012f sl\u0117g\u012f ir dideles apkrovas, tod\u0117l tinka at\u0161iaurioms s\u0105lygoms ir pailgina gaminio tarnavimo laik\u0105.<\/li>\n<li><strong>Efektyvus hidraulinis valdymas:<\/strong> Cilindras naudoja hidraulinio skys\u010dio sl\u0117g\u012f, kad skland\u017eiai i\u0161siskleist\u0173 ir susitraukt\u0173, greitai reaguodamas \u012f operatoriaus komandas didele st\u016bmimo ir traukimo j\u0117ga.<\/li>\n<li><strong>\u012evair\u016bs galimi tipai:<\/strong> Priklausomai nuo konkre\u010di\u0173 eksploatacini\u0173 poreiki\u0173, klientai gali rinktis vienpusio veikimo (veikian\u010dius viena kryptimi) arba dvipusio veikimo (veikian\u010dius abiem kryptimis) cilindrus. Kai kurie modeliai pasi\u017eymi teleskopin\u0117mis konstrukcijomis, kad b\u016bt\u0173 galima labiau i\u0161tiesti, nedidinant i\u0161orini\u0173 matmen\u0173.<\/li>\n<li><strong>Atsparumas korozijai:<\/strong> Pagamintas i\u0161 korozijai atspari\u0173 med\u017eiag\u0173, str\u0117l\u0117s cilindras u\u017etikrina ilgesn\u012f tarnavimo laik\u0105 ir patikimum\u0105 \u012fvairiomis aplinkos s\u0105lygomis.<\/li>\n<li><strong>Pritaikomos parinktys:<\/strong> Galimyb\u0117 pritaikyti specifikacijas leid\u017eia vartotojams pritaikyti cilindr\u0105 prie konkre\u010di\u0173 ma\u0161in\u0173 ir eksploatacini\u0173 reikalavim\u0173.<\/li>\n<\/ul>\n<h2>Str\u0117l\u0117s cilindro pritaikymas<\/h2>\n<h3>Statybin\u0117 \u012franga<\/h3>\n<p>Ekskavatoriuose str\u0117l\u0117s cilindrai yra gyvybi\u0161kai svarb\u016bs kasant, kraunant ir perkeliant \u017eem\u0119 ar \u0161iuk\u0161les. J\u0173 vaidmuo yra labai svarbus ne tik atliekant \u017eem\u0117s kasimo darbus, bet ir keliant sunkius krovinius, o tai gali \u017eymiai padidinti na\u0161um\u0105 statybviet\u0117se.<\/p>\n<h3>\u017dem\u0117s \u016bkio technika<\/h3>\n<p>Priekiniuose krautuvuose naudojami str\u0117l\u0117s cilindrai palengvina dirvo\u017eemio, \u0161ieno ir kit\u0173 med\u017eiag\u0173 k\u0117lim\u0105, k\u0117lim\u0105 ir transportavim\u0105. J\u0173 efektyvumas tiesiogiai veikia \u017eem\u0117s \u016bkio darb\u0173 greit\u012f, leisdamas \u016bkininkams maksimaliai padidinti savo darbo laik\u0105.<\/p>\n<h3>Ekskavatoriai<\/h3>\n<p>Ekskavatoriuose str\u0117l\u0117s cilindrai leid\u017eia kau\u0161ui efektyviai \u012fsiskverbti \u012f dirv\u0105, u\u017etikrinant efektyv\u0173 kasim\u0105. Str\u0117l\u0117s cilindro tikslumas ir reagavimas gali gerokai pagerinti bendr\u0105 ekskavatoriaus na\u0161um\u0105.<\/p>\n<h3>Krautuvai<\/h3>\n<p>Priekiniuose krautuvuose \u0161ie cilindrai padeda efektyviai pakelti ir i\u0161versti krovinius. J\u0173 konstrukcija leid\u017eia pasiekti galing\u0105 k\u0117lim\u0105, tod\u0117l operatoriai gali lengvai ir efektyviai tvarkyti sunkias med\u017eiagas.<\/p>\n<h2>Projektavimo aspektai ir atrankos kriterijai<\/h2>\n<ul>\n<li><strong>Keliamoji galia:<\/strong> Labai svarbu \u012fvertinti str\u0117l\u0117s cilindro keliam\u0105j\u0105 gali\u0105, u\u017etikrinant, kad jis atlaikyt\u0173 numatom\u0105 svor\u012f eksploatacijos metu. Konstrukcija turi atlaikyti did\u017eiausias apkrovas nepakenkiant saugumui ar funkcionalumui.<\/li>\n<li><strong>Sandarinimo mechanizmai:<\/strong> Sandarikli\u0173 vientisumas yra gyvybi\u0161kai svarbus siekiant i\u0161vengti hidraulinio skys\u010dio nuot\u0117kio, kuris gali sukelti na\u0161umo suma\u017e\u0117jim\u0105 ir pavoj\u0173 saugai. Gerai suprojektuota sandarinimo sistema u\u017etikrins efektyv\u0173 veikim\u0105 ir ilgaam\u017ei\u0161kum\u0105.<\/li>\n<li><strong>Patvarumas:<\/strong> Str\u0117l\u0117s cilindro gamybai naudojamos med\u017eiagos turi b\u016bti pakankamai patvarios, kad b\u016bt\u0173 atsparios dilimui ir korozijai, ypa\u010d sud\u0117tingomis s\u0105lygomis, kur da\u017enai veikiami oro s\u0105lyg\u0173 ir chemini\u0173 med\u017eiag\u0173.<\/li>\n<li><strong>Saugos funkcijos:<\/strong> Saugos funkcij\u0173, toki\u0173 kaip sl\u0117gio ma\u017einimo vo\u017etuvai ir saugos u\u017eraktai, \u012fdiegimas yra b\u016btinas siekiant i\u0161vengti nelaiming\u0173 atsitikim\u0173 ir \u012frangos gedim\u0173 eksploatacijos metu.<\/li>\n<li><strong>Prieinamumas prie prie\u017ei\u016bros:<\/strong> Konstrukcija tur\u0117t\u0173 u\u017etikrinti lengv\u0105 prie\u017ei\u016br\u0105 ir remont\u0105, u\u017etikrinant, kad operatoriai gal\u0117t\u0173 greitai i\u0161spr\u0119sti bet kokias i\u0161kilusias problemas be ilg\u0173 prastov\u0173.<\/li>\n<\/ul>\n<p><img decoding=\"async\" src=\"https:\/\/www.hydraulic-cylinders.net\/wp-content\/uploads\/2025\/04\/songte-oil-pipes-and-spare-parts.webp\" alt=\"Hidrauliniai komponentai\" \/><\/p>\n<h2>Sandarinimas ir tepimas<\/h2>\n<p>Str\u0117l\u0117s cilindro efektyvumas labai priklauso nuo naudojam\u0173 sandarinimo ir tepimo sistem\u0173. \u012evair\u016bs sandarikliai, pavyzd\u017eiui, st\u016bmokli\u0173 ir stryp\u0173 sandarikliai, atlieka svarb\u0173 vaidmen\u012f palaikant hidraulinio skys\u010dio vientisum\u0105. Pasirinkus sandariklius, pagamintus i\u0161 patvari\u0173 med\u017eiag\u0173, toki\u0173 kaip poliuretanas ir nitrilo kau\u010diukas, u\u017etikrinamas atsparumas dilimui. Be to, cilindro korpusas ir srieginiai galai turi b\u016bti tiksliai apdirbti, kad padid\u0117t\u0173 atsparumas dilimui. Reguliarus tepimas tinkama hidrauline alyva yra b\u016btinas norint suma\u017einti trint\u012f ir pailginti cilindro tarnavimo laik\u0105.<\/p>\n<h2>Prevencin\u0117s prie\u017ei\u016bros priemon\u0117s<\/h2>\n<ul>\n<li><strong>Reguliar\u016bs patikrinimai:<\/strong> Reguliariai tikrinkite str\u0117l\u0117s cilindr\u0105, kad anksti nustatytum\u0117te susid\u0117v\u0117jimo, nuot\u0117kio ar pa\u017eeidimo po\u017eymius. Laiku atliktas aptikimas gali pad\u0117ti i\u0161vengti brangaus remonto ir pailginti \u012frangos tarnavimo laik\u0105.<\/li>\n<li><strong>Tepimas:<\/strong> U\u017etikrinkite, kad cilindras visada b\u016bt\u0173 tinkamai suteptas. Tepimo ignoravimas gali padidinti trint\u012f ir prie\u0161laikin\u012f susid\u0117v\u0117jim\u0105, o tai galiausiai pakenks cilindro veikimui.<\/li>\n<li><strong>Sandariklio keitimas:<\/strong> Reguliariai tikrinkite ir prireikus keiskite tarpiklius. Susid\u0117v\u0117j\u0119 tarpikliai gali sukelti skys\u010di\u0173 nuot\u0117k\u012f, o tai turi \u012ftakos cilindro efektyvumui ir veikimui.<\/li>\n<\/ul>\n<h2>\u012erengimo gair\u0117s<\/h2>\n<p>Tinkamas str\u0117l\u0117s cilindro montavimas yra labai svarbus norint u\u017etikrinti optimal\u0173 na\u0161um\u0105. Pirmiausia tiksliai sulygiuokite cilindr\u0105 su mechanizmo tvirtinimo ta\u0161kais, kad i\u0161vengtum\u0117te \u012ftempimo ir nesuderinamumo. Naudokite tinkamus tvirtinimo laikiklius, kad pritvirtintum\u0117te cilindr\u0105 vietoje ir u\u017etikrintum\u0117te, jog jis gal\u0117t\u0173 laisvai jud\u0117ti be kli\u016b\u010di\u0173. Prie\u0161 baigiant montavim\u0105, rekomenduojama naudoti lygiavimo \u012frankius, kad b\u016bt\u0173 u\u017etikrintas tikslus pad\u0117ties nustatymas. Visada laikykit\u0117s gamintojo nurodym\u0173 d\u0117l sukimo momento specifikacij\u0173 ir prijungimo proced\u016br\u0173, po montavimo patikrinkite visas hidraulines jungtis, ar n\u0117ra nuot\u0117ki\u0173.<\/p>\n<h2>\u012eprastos prie\u017ei\u016bros u\u017eduotys<\/h2>\n<ul>\n<li><strong>Reguliar\u016bs patikrinimai:<\/strong> Reguliar\u016bs patikrinimai padeda nustatyti problemas, kol jos nepa\u016bm\u0117jo. Ie\u0161kokite susid\u0117v\u0117jimo ar nuot\u0117kio po\u017eymi\u0173 ir nedelsdami juos pa\u0161alinkite, kad i\u0161vengtum\u0117te tolesni\u0173 komplikacij\u0173.<\/li>\n<li><strong>Tinkamas tepimas:<\/strong> Siekiant u\u017etikrinti skland\u0173 veikim\u0105, str\u0117l\u0117s cilindras turi b\u016bti reguliariai tepamas. Turi b\u016bti naudojamas tinkamo tipo hidraulinis skystis, o sistema turi b\u016bti pripildyta iki gamintojo rekomenduojamo lygio.<\/li>\n<li><strong>Sandariklio keitimas:<\/strong> Steb\u0117kite tarpikli\u0173 b\u016bkl\u0119 ir prireikus juos pakeiskite. Tai labai svarbu norint palaikyti hidraulin\u012f sl\u0117g\u012f ir i\u0161vengti nuot\u0117ki\u0173.<\/li>\n<\/ul>\n<p><img decoding=\"async\" src=\"https:\/\/www.hydraulic-cylinders.net\/wp-content\/uploads\/2025\/04\/songte-chushion-collar.webp\" alt=\"Cilindro montavimas\" \/><\/p>\n<h2>Saugos aspektai ir aplinkos veiksniai<\/h2>\n<p>Naudojant hidraulinius cilindrus, itin svarbu \u012fdiegti saugos priemones, siekiant apsaugoti operatorius ir \u012frang\u0105. \u012esitikinkite, kad visos saugos funkcijos veikia ir kad personalas yra apmokytas saugi\u0173 eksploatavimo proced\u016br\u0173. Tinkamas hidraulini\u0173 skys\u010di\u0173 tvarkymas taip pat yra b\u016btinas siekiant suma\u017einti poveik\u012f aplinkai. Reguliariai tikrinkite hidraulines sistemas, ar n\u0117ra nuot\u0117ki\u0173, ir u\u017etikrinkite, kad bet kokie i\u0161siliejimai b\u016bt\u0173 nedelsiant i\u0161valyti, kad b\u016bt\u0173 i\u0161vengta u\u017eter\u0161imo.<\/p>\n<h2>Trik\u010di\u0173 \u0161alinimas ir da\u017eniausiai pasitaikan\u010dios problemos<\/h2>\n<ul>\n<li><strong>Nuot\u0117kis:<\/strong> Hidraulinio skys\u010dio nuot\u0117kis gali rodyti susid\u0117v\u0117jusius sandariklius arba pa\u017eeistas jungtis. Patikrinkite visus sandariklius ir jungiam\u0105sias detales, nedelsdami pakeisdami visus sugedusius komponentus.<\/li>\n<li><strong>Prastas na\u0161umas:<\/strong> Jei str\u0117l\u0117s cilindras neveikia skland\u017eiai, patikrinkite hidraulinio skys\u010dio lyg\u012f ir kokyb\u0119. U\u017eter\u0161tas arba \u017eemas skys\u010dio lygis gali labai pakenkti na\u0161umui.<\/li>\n<li><strong>Ne\u012fprasti garsai:<\/strong> Nepa\u017e\u012fstami garsai veikimo metu gali rodyti mechaninius gedimus. I\u0161tirkite triuk\u0161mo \u0161altin\u012f ir atlikite reikiamus remonto darbus, kad i\u0161vengtum\u0117te tolesn\u0117s \u017ealos.<\/li>\n<\/ul>\n<p>Norint efektyviai diagnozuoti problemas, reikia i\u0161samaus vis\u0173 veikimo parametr\u0173 ir vis\u0173 naudojimo metu pasteb\u0117t\u0173 pa\u017eeidim\u0173 \u017eurnalo. Tokie \u012fra\u0161ai pad\u0117s nustatyti modelius ir galimas problemas, kol jos netapo rimtomis. Imantis prevencini\u0173 priemoni\u0173 galima gerokai suma\u017einti prastovas ir pailginti \u012frangos tarnavimo laik\u0105.<\/p>\n<p><img decoding=\"async\" src=\"https:\/\/www.hydraulic-cylinders.net\/wp-content\/uploads\/2025\/04\/songte-bushings-with-all-kinds-of-excavator-models.webp\" alt=\"Ekskavatori\u0173 dalys\" \/><\/p>\n<h2>\u012emon\u0117s ap\u017evalga<\/h2>\n<p>Esame pirmaujantis pakaitini\u0173 hidraulini\u0173 cilindr\u0173 gamintojas, \u017einomas d\u0117l plataus gamini\u0173 asortimento tiek vidaus, tiek tarptautin\u0117se rinkose. M\u016bs\u0173 \u012fsipareigojimas siekti meistri\u0161kumo atsispindi m\u016bs\u0173 sud\u0117tingose \u200b\u200bgamybos valdymo strategijose. Nuolat tobuliname savo gamybos platform\u0105, \u012fdarbindami kvalifikuotus techninius darbuotojus, investuodami \u012f auk\u0161\u010diausios klas\u0117s skaitmenin\u0119 gamybos \u012frang\u0105 ir diegdami profesionalias testavimo sistemas. Tai leid\u017eia mums u\u017etikrinti auk\u0161t\u0105 efektyvum\u0105, tikslum\u0105 ir kokyb\u0119, tenkinant \u012fvairius klient\u0173 poreikius.<\/p>\n<p><img decoding=\"async\" src=\"https:\/\/www.hydraulic-cylinders.net\/wp-content\/uploads\/2025\/04\/songte-company-4.webp\" alt=\"\u012emon\u0117s patalpos\" \/><br \/>\n<img decoding=\"async\" src=\"https:\/\/www.hydraulic-cylinders.net\/wp-content\/uploads\/2025\/04\/songte-company-3.webp\" alt=\"\u012emon\u0117s \u012franga\" \/><\/p>\n<h2>I\u0161vada<\/h2>\n<p>Apibendrinant galima teigti, kad \u201eVolwa\u201c ma\u017eojo ekskavatoriaus DLS160-8B-9 str\u0117l\u0117s cilindras yra esminis komponentas, skirtas pagerinti sunkiosios technikos na\u0161um\u0105 ir efektyvum\u0105. D\u0117l tvirt\u0173 savybi\u0173, \u012fvairi\u0173 pritaikymo galimybi\u0173 ir pritaikymo galimybi\u0173 m\u016bs\u0173 hidrauliniai cilindrai yra idealus pasirinkimas operatoriams, ie\u0161kantiems \u012frangos patikimumo ir ilgaam\u017ei\u0161kumo.<\/p>\n<p>Autorius: lyl<\/p>","protected":false},"excerpt":{"rendered":"<p>Boom Cylinder For Volwa Small Excavator DLS160-8B-9 Overview of the Boom Cylinder The boom cylinder is a crucial hydraulic component designed specifically to control the movement of the bucket in heavy machinery such as excavators, backhoes, and front loaders. It facilitates the lifting, lowering, and tilting of the bucket, enabling efficient material handling tasks. In [&hellip;]<\/p>","protected":false},"featured_media":17878,"comment_status":"open","ping_status":"closed","template":"","meta":{"_et_pb_use_builder":"","_et_pb_old_content":"","_et_gb_content_width":""},"product_brand":[],"product_cat":[1546],"product_tag":[1547,1496],"class_list":{"0":"post-19600","1":"product","2":"type-product","3":"status-publish","4":"has-post-thumbnail","6":"product_cat-boom-cylinders","7":"product_tag-boom-cylinders","8":"product_tag-hydraulic-cylinders","10":"first","11":"instock","12":"shipping-taxable","13":"product-type-simple"},"amp_enabled":true,"_links":{"self":[{"href":"https:\/\/www.hydraulic-cylinders.net\/lt\/wp-json\/wp\/v2\/product\/19600","targetHints":{"allow":["GET"]}}],"collection":[{"href":"https:\/\/www.hydraulic-cylinders.net\/lt\/wp-json\/wp\/v2\/product"}],"about":[{"href":"https:\/\/www.hydraulic-cylinders.net\/lt\/wp-json\/wp\/v2\/types\/product"}],"replies":[{"embeddable":true,"href":"https:\/\/www.hydraulic-cylinders.net\/lt\/wp-json\/wp\/v2\/comments?post=19600"}],"wp:featuredmedia":[{"embeddable":true,"href":"https:\/\/www.hydraulic-cylinders.net\/lt\/wp-json\/wp\/v2\/media\/17878"}],"wp:attachment":[{"href":"https:\/\/www.hydraulic-cylinders.net\/lt\/wp-json\/wp\/v2\/media?parent=19600"}],"wp:term":[{"taxonomy":"product_brand","embeddable":true,"href":"https:\/\/www.hydraulic-cylinders.net\/lt\/wp-json\/wp\/v2\/product_brand?post=19600"},{"taxonomy":"product_cat","embeddable":true,"href":"https:\/\/www.hydraulic-cylinders.net\/lt\/wp-json\/wp\/v2\/product_cat?post=19600"},{"taxonomy":"product_tag","embeddable":true,"href":"https:\/\/www.hydraulic-cylinders.net\/lt\/wp-json\/wp\/v2\/product_tag?post=19600"}],"curies":[{"name":"wp","href":"https:\/\/api.w.org\/{rel}","templated":true}]}}