{"id":19601,"date":"2025-04-07T06:56:53","date_gmt":"2025-04-07T06:56:53","guid":{"rendered":"https:\/\/www.hydraulic-cylinders.net\/product\/boom-cylinder-for-volwa-small-excavator-dls818-9b\/"},"modified":"2025-04-07T06:56:55","modified_gmt":"2025-04-07T06:56:55","slug":"boom-cylinder-for-volwa-small-excavator-dls818-9b","status":"publish","type":"product","link":"https:\/\/www.hydraulic-cylinders.net\/lt\/produktas\/boom-cylinder-for-volwa-small-excavator-dls818-9b\/","title":{"rendered":"\u201eVolwa\u201c ma\u017eo ekskavatoriaus DLS818-9B str\u0117l\u0117s cilindras"},"content":{"rendered":"<h1>\u201eVolwa\u201c ma\u017eo ekskavatoriaus DLS818-9B str\u0117l\u0117s cilindras<\/h1>\n<h2>Produkto ap\u017evalga<\/h2>\n<p>\u201eVolwa Small Excavator DLS818-9B\u201c str\u0117l\u0117s cilindras yra labai svarbus ekskavatori\u0173 hidraulin\u0117s sistemos komponentas. Jis skirtas valdyti ekskavatoriaus str\u0117l\u0117s jud\u0117jim\u0105, leid\u017eiant atlikti k\u0117limo, nuleidimo ir pakreipimo veiksmus, kurie yra b\u016btini efektyviam med\u017eiag\u0173 tvarkymui. \u0160is hidraulinis cilindras, specialiai sukurtas sunkiosioms ma\u0161inoms, atlieka gyvybi\u0161kai svarb\u0173 vaidmen\u012f ekskavatori\u0173, ekskavatori\u0173-krautuv\u0173 ir frontalini\u0173 krautuv\u0173 veikime ir funkcionalume.<\/p>\n<p><img decoding=\"async\" src=\"https:\/\/www.hydraulic-cylinders.net\/wp-content\/uploads\/2025\/04\/songte-company-1.webp\" alt=\"Ekskavatori\u0173 str\u0117l\u0117s cilindras\"><\/p>\n<h3>Str\u0117l\u0117s cilindr\u0173 supratimas<\/h3>\n<p>Str\u0117l\u0117s cilindras yra hidraulinis cilindras, naudojamas kau\u0161o arba str\u0117l\u0117s jud\u0117jimui valdyti sunkiojoje technikoje. \u0160ie cilindrai yra neatsiejama ekskavatori\u0173, ekskavatorini\u0173 krautuv\u0173 ir frontalini\u0173 krautuv\u0173 veikimo dalis. Jie leid\u017eia str\u0117lei pakelti, nuleisti ir pakreipti, efektyviai atliekant \u012fvairias med\u017eiag\u0173 tvarkymo u\u017eduotis. \u0160i\u0173 cilindr\u0173 konstrukcija leid\u017eia skland\u017eius ir kontroliuojamus judesius, kurie yra b\u016btini siekiant u\u017etikrinti sunki\u0173j\u0173 operacij\u0173 saug\u0105 ir efektyvum\u0105.<\/p>\n<h2>Str\u0117l\u0117s cilindro savyb\u0117s<\/h2>\n<ul>\n<li><strong>Didelis stiprumas ir ilgaam\u017ei\u0161kumas:<\/strong> Pagamintas i\u0161 didelio stiprumo plieno arba aliuminio, str\u0117l\u0117s cilindras yra sukurtas taip, kad atlaikyt\u0173 auk\u0161t\u0105 sl\u0117g\u012f ir dideles apkrovas, tod\u0117l tinka at\u0161iaurioms darbo s\u0105lygoms. Jo konstrukcijoje integruotas atsparumas dilimui ir apsauga nuo korozijos, siekiant pailginti tarnavimo laik\u0105.<\/li>\n<li><strong>Efektyvus hidraulinis valdymas:<\/strong> Cilindras naudoja hidraulin\u0117s alyvos sl\u0117g\u012f, kad skland\u017eiai i\u0161siskleist\u0173 ir susitraukt\u0173, u\u017etikrindamas greit\u0105 reakcij\u0105 \u012f operatoriaus komandas. Tai u\u017etikrina galingas st\u016bmimo ir traukimo galimybes, idealiai tinkan\u010dias sunki\u0173 med\u017eiag\u0173 tvarkymui ir sud\u0117tingoms u\u017eduotims.<\/li>\n<li><strong>\u012evair\u016bs tipai:<\/strong> Galimi vienpusio veikimo (hidraulinis veikimas viena kryptimi) arba dvipusio veikimo (hidraulinis veikimas abiem kryptimis) cilindr\u0173 variantai, atitinkantys \u012fvairius eksploatacinius poreikius. Kai kurie modeliai pasi\u017eymi teleskopin\u0117mis konstrukcijomis, leid\u017eian\u010diomis didesn\u012f i\u0161pl\u0117tim\u0105 nedidinant i\u0161orini\u0173 matmen\u0173, tod\u0117l puikiai tinka naudoti ribotoje erdv\u0117je.<\/li>\n<li><strong>Individuali gamyba:<\/strong> Mes specializuojam\u0117s \u0161io produkto gamyboje, u\u017etikrindami, kad m\u016bs\u0173 cilindrai puikiai pakeis esamus hidraulinius cilindrus \u012fvairiose ma\u0161inose.<\/li>\n<\/ul>\n<p><img decoding=\"async\" src=\"https:\/\/www.hydraulic-cylinders.net\/wp-content\/uploads\/2025\/04\/songte-cylinder-head-with-all-kinds-excavator-models.webp\" alt=\"Ekskavatori\u0173 modeliai\"><\/p>\n<h2>Str\u0117l\u0117s cilindro pritaikymas<\/h2>\n<h3>1. Statybin\u0117 \u012franga<\/h3>\n<p>Ekskavatoriuose str\u0117l\u0117s cilindrai yra b\u016btini kasant, kraunant ir perkeliant grunt\u0105 ar \u0161iuk\u0161les. Jie leid\u017eia ma\u0161inai efektyviai atlikti \u012fvairias u\u017eduotis, u\u017etikrinant skland\u0173 darb\u0105. Ekskavatoriuose-krautuvuose str\u0117l\u0117s cilindras ne tik padeda kasant, bet ir kelti med\u017eiagas, tod\u0117l jis universalus statybos darbuose.<\/p>\n<h3>2. \u017dem\u0117s \u016bkio technika<\/h3>\n<p>Priekiniuose krautuvuose naudojami str\u0117l\u0117s cilindrai palengvina dirvo\u017eemio, \u0161ieno ir kit\u0173 med\u017eiag\u0173 s\u0117mim\u0105, k\u0117lim\u0105 ir transportavim\u0105. J\u0173 tvirtumas ir tikslumas yra gyvybi\u0161kai svarb\u016bs atliekant \u017eem\u0117s \u016bkio u\u017eduotis, tod\u0117l jie yra nepakei\u010diami \u016bkininkavimo operacijose.<\/p>\n<h3>3. Ekskavatoriai<\/h3>\n<p>Ekskavatoriuose str\u0117l\u0117s cilindras leid\u017eia kau\u0161ui efektyviai \u012fsiskverbti \u012f dirv\u0105, o tai prisideda prie s\u0117kming\u0173 kasimo darb\u0173. \u0160is hidraulinis mechanizmas yra labai svarbus norint i\u0161laikyti reikiam\u0105 gali\u0105, kad b\u016bt\u0173 galima dirbti su sud\u0117tingomis grunto s\u0105lygomis.<\/p>\n<h3>4. Krautuvai<\/h3>\n<p>Priekiniuose krautuvuose str\u0117l\u0117s cilindrai padeda efektyviai kelti ir i\u0161versti krovinius. J\u0173 konstrukcija u\u017etikrina, kad sunkias med\u017eiagas b\u016bt\u0173 galima lengvai valdyti, o tai pagerina krautuvo eksploatacines galimybes.<\/p>\n<h2>Projektavimo aspektai ir atrankos standartai<\/h2>\n<h3>Keliamoji galia<\/h3>\n<p>Str\u0117l\u0117s cilindro keliamoji galia yra nepaprastai svarbi. Jis turi atlaikyti maksimali\u0105 apkrov\u0105, su kuria susiduriama eksploatacijos metu, nepakenkdamas saugumui ar na\u0161umui. Gamintojai turi atsi\u017evelgti \u012f svorio apribojimus, atsi\u017evelgdami \u012f \u012frang\u0105, kurioje jis bus naudojamas.<\/p>\n<h3>Sandarinimas<\/h3>\n<p>Efektyvus sandarinimas yra labai svarbus siekiant i\u0161vengti hidraulinio skys\u010dio nuot\u0117ki\u0173, kurie gali sukelti sistemos gedimus ir suma\u017einti mechanizm\u0173 efektyvum\u0105. Sandarikliai turi b\u016bti parenkami atsi\u017evelgiant \u012f j\u0173 atsparum\u0105 aplinkos veiksni\u0173 poveikiui nusid\u0117v\u0117jimui.<\/p>\n<h3>Patvarumas<\/h3>\n<p>Str\u0117l\u0117s cilindrams ilgaam\u017ei\u0161kumas yra labai svarbus, nes jie veikia ekstremaliomis s\u0105lygomis. Naudojamos med\u017eiagos turi b\u016bti atsparios korozijai ir dilimui, u\u017etikrinant ilgaam\u017ei\u0161kum\u0105 ir patikim\u0105 veikim\u0105 \u012fvairiose aplinkose.<\/p>\n<h3>Saugumas<\/h3>\n<p>Saugos funkcijos yra gyvybi\u0161kai svarbios hidraulin\u0117se sistemose. Tai apima sl\u0117gio ma\u017einimo vo\u017etuv\u0173 ir saugos u\u017erakt\u0173 \u012frengim\u0105, siekiant i\u0161vengti atsitiktinio i\u0161leidimo ir u\u017etikrinti operatoriaus saugum\u0105 darbo metu.<\/p>\n<h3>Prie\u017ei\u016bra<\/h3>\n<p>Projektuojant str\u0117l\u0117s cilindrus, svarbus veiksnys yra paprastas techninis aptarnavimas. Komponentai tur\u0117t\u0173 b\u016bti lengvai prieinami \u012fprastiems patikrinimams ir remontui, kad operatoriams b\u016bt\u0173 patogiau palaikyti mechanizm\u0105 optimalioje darbin\u0117je b\u016bkl\u0117je.<\/p>\n<p><img decoding=\"async\" src=\"https:\/\/www.hydraulic-cylinders.net\/wp-content\/uploads\/2025\/04\/songte-oil-pipes-and-spare-parts.webp\" alt=\"Hidrauliniai komponentai\"><\/p>\n<h2>Sandarinimas ir tepimas<\/h2>\n<p>Sandarinimas ir tepimas yra labai svarb\u016bs str\u0117l\u0117s cilindro ilgaam\u017ei\u0161kumui ir veikimui. Hidrauliniam sl\u0117giui palaikyti ir nuot\u0117kiams i\u0161vengti naudojami \u012fvair\u016bs sandarikliai, tokie kaip st\u016bmoklio ir strypo sandarikliai. D\u0117l savo ilgaam\u017ei\u0161kumo ir atsparumo dilimui pageidaujami sandarikliai, pagaminti i\u0161 toki\u0173 med\u017eiag\u0173 kaip poliuretanas ir nitrilo kau\u010diukas. Be to, cilindro korpusas ir srieginiai pavir\u0161iai yra kruop\u0161\u010diai apdirbami, siekiant padidinti j\u0173 atsparum\u0105 dilimui ir u\u017etikrinti tvirt\u0105 prigludim\u0105. Reguliarus tepimas hidrauline alyva yra b\u016btinas norint suma\u017einti trint\u012f ir dilim\u0105, taip u\u017etikrinant efektyv\u0173 veikim\u0105.<\/p>\n<h2>Reguliarus patikrinimas ir prevencin\u0117 prie\u017ei\u016bra<\/h2>\n<ul>\n<li><strong>Da\u017enos patikros:<\/strong> Reguliariai tikrinkite hidraulin\u012f cilindr\u0105, ar n\u0117ra nuot\u0117ki\u0173, susid\u0117v\u0117jimo ir bendro veikimo. Tai padeda nustatyti galimas problemas, kol jos dar nepa\u016bm\u0117jo, u\u017etikrinant saug\u0105 ir eksploatavimo efektyvum\u0105.<\/li>\n<li><strong>Tinkamas tepimas:<\/strong> \u012esitikinkite, kad hidraulin\u0117s alyvos lygis yra tinkamas ir kad naudojama alyva tinkama darbo s\u0105lygoms. Tinkamas tepimas suma\u017eina trint\u012f ir pailgina cilindro tarnavimo laik\u0105.<\/li>\n<li><strong>Sandariklio keitimas:<\/strong> Steb\u0117kite tarpiklius, ar n\u0117ra susid\u0117v\u0117jimo ar pa\u017eeidim\u0173 po\u017eymi\u0173. Reguliariai keisti tarpiklius pagal poreik\u012f yra labai svarbu norint i\u0161vengti hidraulinio skys\u010dio nuot\u0117kio ir i\u0161laikyti sistemos vientisum\u0105.<\/li>\n<\/ul>\n<h2>\u012erengimo gair\u0117s<\/h2>\n<p>Tinkamas str\u0117l\u0117s cilindro montavimas yra labai svarbus optimaliam veikimui. Pirmiausia \u012fsitikinkite, kad montavimo vieta yra \u0161vari ir be \u0161iuk\u0161li\u0173. Tiksliai sulygiuokite cilindr\u0105 su ekskavatoriaus tvirtinimo ta\u0161kais. B\u016btina naudoti tinkamus tvirtinimo laikiklius cilindrui pritvirtinti; tai apsaugo nuo nesuderinamumo eksploatacijos metu. Nustat\u0119 pad\u0117t\u012f, \u012fsitikinkite, kad visi var\u017etai ir sraigtai yra priver\u017eti pagal gamintojo specifikacijas. Galiausiai patikrinkite cilindro veikim\u0105, kad \u012fsitikintum\u0117te, jog jis juda skland\u017eiai, ir patikrinkite, ar n\u0117ra nuot\u0117ki\u0173.<\/p>\n<h2>\u012eprastos prie\u017ei\u016bros u\u017eduotys<\/h2>\n<h3>1. Reguliar\u016bs patikrinimai<\/h3>\n<p>Reguliar\u016bs patikrinimai yra labai svarb\u016bs siekiant u\u017etikrinti tinkam\u0105 cilindro veikim\u0105. Eksploatacijos metu ie\u0161kokite susid\u0117v\u0117jimo po\u017eymi\u0173, nuot\u0117ki\u0173 ar ne\u012fprast\u0173 gars\u0173. Ankstyvas problem\u0173 nustatymas gali pad\u0117ti i\u0161vengti brangaus remonto ir prastov\u0173. Planuokite patikrinimus rekomenduojamais intervalais arba po intensyvaus naudojimo, kad i\u0161laikytum\u0117te optimal\u0173 na\u0161um\u0105.<\/p>\n<h3>2. Tinkamas tepimas<\/h3>\n<p>\u012esitikinkite, kad str\u0117l\u0117s cilindras yra suteptas tinkama hidrauline alyva. Tai suma\u017eina judan\u010di\u0173 dali\u0173 trint\u012f ir susid\u0117v\u0117jim\u0105, taip pailgindama j\u0173 tarnavimo laik\u0105. Atsi\u017evelgdami \u012f naudojim\u0105 ir aplinkos s\u0105lygas, sudarykite tepimo grafik\u0105 ir visada laikykit\u0117s gamintojo rekomendacij\u0173 d\u0117l alyvos tipo ir kiekio.<\/p>\n<h3>3. Sandariklio keitimas ir kalibravimo patikrinimai<\/h3>\n<p>Pakeitus tarpiklius pasteb\u0117jus pirmuosius susid\u0117v\u0117jimo po\u017eymius, galima i\u0161vengti nuot\u0117ki\u0173 ir u\u017etikrinti efektyv\u0173 veikim\u0105. Taip pat b\u016btini reguliar\u016bs kalibravimo patikrinimai, siekiant i\u0161laikyti hidraulini\u0173 judesi\u0173 tikslum\u0105. Laikykit\u0117s gamintojo nurodym\u0173 d\u0117l keitimo interval\u0173 ir kalibravimo proced\u016br\u0173, kad i\u0161laikytum\u0117te cilindro veikim\u0105 ir patikimum\u0105.<\/p>\n<p><img decoding=\"async\" src=\"https:\/\/www.hydraulic-cylinders.net\/wp-content\/uploads\/2025\/04\/songte-chushion-collar.webp\" alt=\"Pagalv\u0117l\u0117s apykakl\u0117\"><\/p>\n<h2>Saugos aspektai ir aplinkos veiksniai<\/h2>\n<p>Naudojant str\u0117l\u0117s cilindrus, labai svarbu \u012fdiegti saugos priemones. Operatoriai tur\u0117t\u0173 b\u016bti apmokyti suprasti hidraulin\u0117s sistemos veikim\u0105 ir galimus pavojus. Reguliar\u016bs saugos patikrinimai gali pad\u0117ti i\u0161vengti nelaiming\u0173 atsitikim\u0173, u\u017etikrinant, kad \u012franga veikt\u0173 saugiomis ribomis. Be to, atsi\u017evelkite \u012f hidraulini\u0173 skys\u010di\u0173 ir kit\u0173 naudojam\u0173 med\u017eiag\u0173 poveik\u012f aplinkai, kai \u012fmanoma, rinkdamiesi ekologi\u0161kas alternatyvas.<\/p>\n<h2>Gedim\u0173 diagnostika ir da\u017eniausios problemos<\/h2>\n<h3>Diagnoz\u0117 ir sprendimai<\/h3>\n<ul>\n<li><strong>Nuot\u0117kiai:<\/strong> Jei hidraulinis skystis teka, patikrinkite, ar n\u0117ra pa\u017eeist\u0173 sandarikli\u0173 arba atsilaisvinusi\u0173 jung\u010di\u0173. Jei reikia, pakeiskite sandariklius ir priver\u017ekite jungtis, kad sustabdytum\u0117te nuot\u0117k\u012f.<\/li>\n<li><strong>Nepakankamas jud\u0117jimas:<\/strong> Jei str\u0117l\u0117s cilindras nejuda taip, kaip tik\u0117tasi, patikrinkite hidraulinio skys\u010dio lyg\u012f ir \u012fsitikinkite, kad hidraulin\u0117se linijose n\u0117ra u\u017esikim\u0161im\u0173.<\/li>\n<li><strong>Keisti garsai:<\/strong> Ne\u012fprasti garsai veikimo metu gali rodyti vidinius pa\u017eeidimus arba susid\u0117v\u0117jim\u0105. Patikrinkite cilindr\u0105, ar n\u0117ra gedimo po\u017eymi\u0173, ir prireikus kreipkit\u0117s \u012f specialist\u0105.<\/li>\n<\/ul>\n<h2>Prevencin\u0117s priemon\u0117s<\/h2>\n<p>Siekiant suma\u017einti galimas str\u0117l\u0117s cilindr\u0173 problemas, \u012fgyvendinkite prevencines priemones, tokias kaip reguliari technin\u0117 prie\u017ei\u016bra, savalaikiai patikrinimai ir neatid\u0117liotinas bet koki\u0173 nustatyt\u0173 problem\u0173 taisymas. Technin\u0117s prie\u017ei\u016bros \u017eurnalo vedimas gali pad\u0117ti steb\u0117ti na\u0161um\u0105 ir planuoti b\u016btinus patikrinimus. Operatori\u0173 mokymas apie saug\u0173 elges\u012f su \u012franga taip pat suma\u017eins \u017ealos rizik\u0105 ir pailgins \u012frangos tarnavimo laik\u0105.<\/p>\n<p><img decoding=\"async\" src=\"https:\/\/www.hydraulic-cylinders.net\/wp-content\/uploads\/2025\/04\/songte-bushings-with-all-kinds-of-excavator-models.webp\" alt=\"Ekskavatoriaus \u012fvor\u0117s\"><\/p>\n<h2>Apie m\u016bs\u0173 \u012fmon\u0119<\/h2>\n<p>Esame pirmaujantis atsargini\u0173 hidraulini\u0173 cilindr\u0173 gamintojas ir didmeninis platintojas tiek vidaus, tiek tarptautin\u0117se rinkose. Platus gamini\u0173 asortimentas, \u012fsipareigojimas kokybei ir pa\u017eangios gamybos strategijos leido mums tapti vienu i\u0161 pirmaujan\u010di\u0173 gamintoj\u0173 pramon\u0117je. Pasitelkdami technines \u017einias, auk\u0161\u010diausios klas\u0117s skaitmenin\u0119 gamybos \u012frang\u0105 ir patikim\u0105 kokyb\u0117s u\u017etikrinimo sistem\u0105, nuolat tobuliname savo gamybos platform\u0105, kad gal\u0117tume efektyviai patenkinti \u012fvairius klient\u0173 poreikius.<\/p>\n<p><img decoding=\"async\" src=\"https:\/\/www.hydraulic-cylinders.net\/wp-content\/uploads\/2025\/04\/songte-company-4.webp\" alt=\"\u012emon\u0117s ap\u017evalga\"><br \/>\n<img decoding=\"async\" src=\"https:\/\/www.hydraulic-cylinders.net\/wp-content\/uploads\/2025\/04\/songte-company-3.webp\" alt=\"Gamybos \u012fmon\u0117\"><\/p>\n<p>M\u016bs\u0173 atsidavimas profesionalumui, tarptautiniai sertifikatai, individual\u016bs u\u017esakymai, pa\u017eangi gamybos \u012franga ir patikimas garantinis aptarnavimas i\u0161skiria mus rinkoje. Mes teikiame pirmenyb\u0119 klient\u0173 pasitenkinimui ir esame \u012fsipareigoj\u0119 tiekti auk\u0161tos kokyb\u0117s produktus, pritaikytus konkretiems veiklos poreikiams.<\/p>\n<p>Autorius: lyl<\/p>","protected":false},"excerpt":{"rendered":"<p>Boom Cylinder For Volwa Small Excavator DLS818-9B Product Overview The Boom Cylinder for Volwa Small Excavator DLS818-9B is a crucial component in the hydraulic system of excavators. It is designed to control the movement of the excavator&#8217;s boom, allowing for lifting, lowering, and tilting actions essential for efficient material handling tasks. This hydraulic cylinder, specifically [&hellip;]<\/p>","protected":false},"featured_media":17879,"comment_status":"open","ping_status":"closed","template":"","meta":{"_et_pb_use_builder":"","_et_pb_old_content":"","_et_gb_content_width":""},"product_brand":[],"product_cat":[1546],"product_tag":[1547,1496],"class_list":{"0":"post-19601","1":"product","2":"type-product","3":"status-publish","4":"has-post-thumbnail","6":"product_cat-boom-cylinders","7":"product_tag-boom-cylinders","8":"product_tag-hydraulic-cylinders","10":"first","11":"instock","12":"shipping-taxable","13":"product-type-simple"},"amp_enabled":true,"_links":{"self":[{"href":"https:\/\/www.hydraulic-cylinders.net\/lt\/wp-json\/wp\/v2\/product\/19601","targetHints":{"allow":["GET"]}}],"collection":[{"href":"https:\/\/www.hydraulic-cylinders.net\/lt\/wp-json\/wp\/v2\/product"}],"about":[{"href":"https:\/\/www.hydraulic-cylinders.net\/lt\/wp-json\/wp\/v2\/types\/product"}],"replies":[{"embeddable":true,"href":"https:\/\/www.hydraulic-cylinders.net\/lt\/wp-json\/wp\/v2\/comments?post=19601"}],"wp:featuredmedia":[{"embeddable":true,"href":"https:\/\/www.hydraulic-cylinders.net\/lt\/wp-json\/wp\/v2\/media\/17879"}],"wp:attachment":[{"href":"https:\/\/www.hydraulic-cylinders.net\/lt\/wp-json\/wp\/v2\/media?parent=19601"}],"wp:term":[{"taxonomy":"product_brand","embeddable":true,"href":"https:\/\/www.hydraulic-cylinders.net\/lt\/wp-json\/wp\/v2\/product_brand?post=19601"},{"taxonomy":"product_cat","embeddable":true,"href":"https:\/\/www.hydraulic-cylinders.net\/lt\/wp-json\/wp\/v2\/product_cat?post=19601"},{"taxonomy":"product_tag","embeddable":true,"href":"https:\/\/www.hydraulic-cylinders.net\/lt\/wp-json\/wp\/v2\/product_tag?post=19601"}],"curies":[{"name":"wp","href":"https:\/\/api.w.org\/{rel}","templated":true}]}}