{"id":19602,"date":"2025-04-07T06:56:55","date_gmt":"2025-04-07T06:56:55","guid":{"rendered":"https:\/\/www.hydraulic-cylinders.net\/product\/boom-cylinder-for-volwa-small-excavator-dls880-8b\/"},"modified":"2025-04-07T06:56:58","modified_gmt":"2025-04-07T06:56:58","slug":"boom-cylinder-for-volwa-small-excavator-dls880-8b","status":"publish","type":"product","link":"https:\/\/www.hydraulic-cylinders.net\/lt\/produktas\/boom-cylinder-for-volwa-small-excavator-dls880-8b\/","title":{"rendered":"\u201eVolwa\u201c ma\u017eo ekskavatoriaus DLS880-8B str\u0117l\u0117s cilindras"},"content":{"rendered":"<h1>\u201eVolwa\u201c ma\u017eo ekskavatoriaus DLS880-8B str\u0117l\u0117s cilindras<\/h1>\n<h2>Produkto ap\u017evalga<\/h2>\n<p>\u201eVolwa Small Excavator DLS880-8B\u201c str\u0117l\u0117s cilindras yra labai svarbus hidraulinis komponentas, skirtas pagerinti ekskavatori\u0173 na\u0161um\u0105, ypa\u010d valdant str\u0117l\u0117s jud\u0117jim\u0105. \u0160is hidraulinis cilindras atlieka esmin\u012f vaidmen\u012f \u012fvairiose sunkiosiose ma\u0161inose, tokiose kaip ekskavatoriai, ekskavatoriniai krautuvai ir frontaliniai krautuvai, palengvindamas kau\u0161o k\u0117lim\u0105, nuleidim\u0105 ir pakreipim\u0105, kad b\u016bt\u0173 galima efektyviai tvarkyti med\u017eiagas.<\/p>\n<p>Kaip hidraulinis cilindras, jis naudoja susl\u0117gt\u0105 skyst\u012f tiesiniam jud\u0117jimui sukurti, u\u017etikrindamas tvirtas jud\u0117jimo galimybes, kurios yra gyvybi\u0161kai svarbios statybos ir \u017eem\u0117s darb\u0173 metu. Kau\u0161o cilindras suprojektuotas taip, kad atlaikyt\u0173 didel\u012f darbin\u012f sl\u0117g\u012f ir dideles apkrovas, tod\u0117l yra nepakei\u010diamas sud\u0117tingoje darbo aplinkoje.<\/p>\n<p><img decoding=\"async\" src=\"https:\/\/www.hydraulic-cylinders.net\/wp-content\/uploads\/2025\/04\/songte-company-1.webp\" alt=\"Ekskavatoriaus str\u0117l\u0117s cilindras\"><\/p>\n<h2>Str\u0117l\u0117s cilindro savyb\u0117s<\/h2>\n<ul>\n<li><strong>Didelis stiprumas ir ilgaam\u017ei\u0161kumas:<\/strong> Pagamintas i\u0161 didelio stiprumo plieno arba aliuminio, \u0161is cilindras yra skirtas atlaikyti didel\u012f sl\u0117g\u012f ir dideles apkrovas, tinkamas at\u0161iaurioms darbo s\u0105lygoms. Jo konstrukcija atsi\u017evelg\u0117 \u012f atsparum\u0105 dilimui ir korozijai, o tai pailgina jo tarnavimo laik\u0105.<\/li>\n<li><strong>Efektyvus hidraulinis valdymas:<\/strong> Cilindras skland\u017eiai i\u0161traukiamas ir atitraukiamas d\u0117l hidraulinio skys\u010dio sl\u0117gio, u\u017etikrindamas greit\u0105 reakcij\u0105 \u012f veikimo komandas ir didel\u0119 st\u016bmimo bei traukimo j\u0117g\u0105, idealiai tinkan\u010di\u0105 sunkioms ir sud\u0117tingoms u\u017eduotims atlikti.<\/li>\n<li><strong>\u012evair\u016bs tipai:<\/strong> Galima \u012fsigyti vienpusio veikimo (veikian\u010di\u0173 viena kryptimi) ir dvipusio veikimo (veikian\u010di\u0173 abiem kryptimis) konfig\u016bracij\u0173, kad atitikt\u0173 \u012fvairius eksploatacinius poreikius. Kai kurie modeliai pasi\u017eymi teleskopin\u0117mis konstrukcijomis, kurios leid\u017eia didesn\u012f i\u0161pl\u0117tim\u0105 nedidinant i\u0161orini\u0173 matmen\u0173, tod\u0117l jie tinka naudoti ribotoje erdv\u0117je.<\/li>\n<\/ul>\n<h2>Gamybos paj\u0117gumai<\/h2>\n<p>\u0160\u012f gamin\u012f gaminame tiksliai ir kokybi\u0161kai, u\u017etikrindami, kad m\u016bs\u0173 hidrauliniai cilindrai puikiai pakeis esamus modelius, u\u017etikrindami patikim\u0105 na\u0161um\u0105 ir patikimum\u0105.<\/p>\n<p><img decoding=\"async\" src=\"https:\/\/www.hydraulic-cylinders.net\/wp-content\/uploads\/2025\/04\/songte-cylinder-head-with-all-kinds-excavator-models.webp\" alt=\"Hidraulini\u0173 cilindr\u0173 gamyba\"><\/p>\n<h2>Str\u0117l\u0117s cilindro pritaikymas<\/h2>\n<h3>Statybin\u0117 \u012franga<\/h3>\n<p>Ekskavatoriuose str\u0117l\u0117s cilindrai yra b\u016btini kasant, kraunant ir perkeliant \u017eem\u0119 ar \u0161iuk\u0161les. J\u0173 geb\u0117jimas atlikti tikslius judesius yra labai svarbus efektyviems kasimo darbams. Be to, ekskavatoriuose-krautuvuose \u0161ie cilindrai padeda atlikti tiek kasimo, tiek k\u0117limo veiksmus, tod\u0117l jie yra universal\u016bs \u012frankiai statybviet\u0117se.<\/p>\n<h3>\u017dem\u0117s \u016bkio technika<\/h3>\n<p>Priekiniuose krautuvuose naudojami str\u0117l\u0117s cilindrai yra pagrindiniai komponentai, skirti dirvo\u017eemiui, \u0161ienui ir kitoms med\u017eiagoms semti, kelti ir transportuoti. J\u0173 hidromechanin\u0117s galimyb\u0117s padidina \u017eem\u0117s \u016bkio darb\u0173 efektyvum\u0105, ypa\u010d atliekant u\u017eduotis, kurioms reikalingas sunkus k\u0117limas arba tikslus med\u017eiag\u0173 i\u0161d\u0117stymas.<\/p>\n<h3>Ekskavatoriai<\/h3>\n<p>Ekskavatoriuose str\u0117l\u0117s cilindras leid\u017eia kau\u0161ui \u012fsiskverbti \u012f dirv\u0105, atliekant efektyvius kasimo veiksmus. \u0160is mechanizmas yra labai svarbus atliekant \u012fvairias kasimo u\u017eduotis, leid\u017eiantis operatoriams tiksliai ir greitai pasiekti norim\u0105 kasimo gyl\u012f.<\/p>\n<h3>Krautuvai<\/h3>\n<p>Priekiniuose krautuvuose str\u0117l\u0117s cilindrai padeda efektyviai kelti ir i\u0161versti med\u017eiagas. J\u0173 konstrukcija u\u017etikrina skland\u0173 veikim\u0105, o tai labai svarbu norint i\u0161laikyti na\u0161um\u0105 atliekant krovimo u\u017eduotis.<\/p>\n<h2>Projektavimo aspektai ir atrankos standartai<\/h2>\n<h3>Keliamoji galia<\/h3>\n<p>Renkantis str\u0117l\u0117s cilindr\u0105, keliamoji galia yra labai svarbus projektavimo aspektas. Ji lemia, kiek svorio cilindras gali atlaikyti nepakenkdamas vientisumui. Gamintojai turi tiksliai \u012fvertinti numatomas apkrovas eksploatacijos metu, kad u\u017etikrint\u0173, jog cilindras gali saugiai atlaikyti reikiam\u0105 svor\u012f. Keliamoji galia tur\u0117t\u0173 atitikti konkre\u010dius ekskavatoriaus naudojimo atvejus, u\u017etikrinant pusiausvyr\u0105 tarp na\u0161umo ir saugos.<\/p>\n<h3>Sandarumas ir ilgaam\u017ei\u0161kumas<\/h3>\n<p>Sandarinimas yra gyvybi\u0161kai svarbus norint palaikyti hidraulin\u012f sl\u0117g\u012f ir i\u0161vengti nuot\u0117ki\u0173. Sandarikli\u0173, toki\u0173 kaip st\u016bmoklio ir koto sandarikliai, pasirinkimas daro didel\u0119 \u012ftak\u0105 cilindro veikimui. Auk\u0161tos kokyb\u0117s sandarikliai, pagaminti i\u0161 toki\u0173 med\u017eiag\u0173 kaip poliuretanas ir nitrilo kau\u010diukas, padidina patvarum\u0105 ir atsparum\u0105 dilimui bei aplinkos veiksniams. Be to, cilindro korpusas ir srieginiai galiniai pavir\u0161iai yra tiksliai apdirbami, siekiant pagerinti atsparum\u0105 dilimui ir pailginti eksploatavimo laik\u0105.<\/p>\n<h3>Sauga ir prie\u017ei\u016bra<\/h3>\n<p>Saugos funkcijos yra nepaprastai svarbios projektuojant hidraulinius cilindrus. Siekiant i\u0161vengti katastrofi\u0161k\u0173 gedim\u0173, b\u016btina \u012ftraukti elementus, kurie apsaugo nuo per didelio patempimo ar per didelio sl\u0117gio. Be to, lengva prie\u017ei\u016bra vaidina labai svarb\u0173 vaidmen\u012f u\u017etikrinant cilindro ilgaam\u017ei\u0161kum\u0105. Konstrukcijos tur\u0117t\u0173 b\u016bti tokios, kad b\u016bt\u0173 lengva prieiga ap\u017ei\u016brai ir remontui, leid\u017eiant atlikti \u012fprastin\u0119 technin\u0119 prie\u017ei\u016br\u0105 be ilg\u0173 prastov\u0173.<\/p>\n<p><img decoding=\"async\" src=\"https:\/\/www.hydraulic-cylinders.net\/wp-content\/uploads\/2025\/04\/songte-oil-pipes-and-spare-parts.webp\" alt=\"Hidraulini\u0173 cilindr\u0173 komponentai\"><\/p>\n<h2>Sandarinimas ir tepimas<\/h2>\n<p>Hidraulinio cilindro efektyvumas labai priklauso nuo tinkamo sandarinimo ir tepimo praktikos. \u012evair\u016bs sandarinimo komponentai, \u012fskaitant st\u016bmoklio ir koto sandariklius, yra labai svarb\u016bs norint i\u0161laikyti sl\u0117gio vientisum\u0105 ir i\u0161vengti skys\u010di\u0173 nuot\u0117kio. Sandarikliai, pagaminti i\u0161 atspari\u0173 dilimui med\u017eiag\u0173, toki\u0173 kaip poliuretanas ir nitrilo kau\u010diukas, u\u017etikrina ilgaam\u017ei\u0161kum\u0105 ir patikimum\u0105. Be to, cilindro korpusas ir srieginiai galiniai pavir\u0161iai yra tiksliai apdirbti, kad padid\u0117t\u0173 patvarumas ir atsparumas at\u0161iaurioms s\u0105lygoms.<\/p>\n<p>Reguliarus tepimas yra b\u016btinas skland\u017eiam veikimui. B\u016btina periodi\u0161kai papildyti hidraulin\u0117s alyvos lyg\u012f, kad suma\u017e\u0117t\u0173 trintis ir dilimas tarp judan\u010di\u0173 dali\u0173. \u0160i praktika ne tik pailgina cilindro tarnavimo laik\u0105, bet ir optimizuoja jo veikim\u0105 eksploatacijos metu. Tepimo nepaisymas gali sukelti dideli\u0173 eksploatacini\u0173 problem\u0173 ir brang\u0173 remont\u0105.<\/p>\n<h2>Prevencin\u0117s prie\u017ei\u016bros priemon\u0117s<\/h2>\n<ul>\n<li><strong>Reguliar\u016bs patikrinimai:<\/strong> Reguliariai atliekant hidraulin\u0117s sistemos patikras, galima nustatyti galimas problemas, kol jos nepa\u016bm\u0117jo. Eksploatacijos metu ie\u0161kokite susid\u0117v\u0117jimo po\u017eymi\u0173, nuot\u0117ki\u0173 ar ne\u012fprast\u0173 gars\u0173. Ankstyvas aptikimas gali pad\u0117ti i\u0161vengti brangi\u0173 gedim\u0173 ir u\u017etikrinti optimal\u0173 veikim\u0105.<\/li>\n<li><strong>Tinkamas tepimas:<\/strong> Tinkamas hidraulinio cilindro tepimas yra labai svarbus efektyviam veikimui. Naudokite rekomenduojamo tipo hidraulin\u0119 alyv\u0105 ir palaikykite tinkam\u0105 alyvos lyg\u012f, kad suma\u017eintum\u0117te trint\u012f ir komponent\u0173 susid\u0117v\u0117jim\u0105.<\/li>\n<li><strong>Sandariklio keitimas:<\/strong> Laikui b\u0117gant, sandarikliai gali susid\u0117v\u0117ti ir juos gali tekti keisti. Reguliariai tikrinkite sandarikli\u0173 b\u016bkl\u0119 ir prireikus pakeiskite juos, kad i\u0161laikytum\u0117te hidraulin\u012f vientisum\u0105 ir i\u0161vengtum\u0117te nuot\u0117ki\u0173.<\/li>\n<\/ul>\n<h2>Tinkamo \u012frengimo gair\u0117s<\/h2>\n<p>Teisingas str\u0117l\u0117s cilindro montavimas yra labai svarbus siekiant u\u017etikrinti optimal\u0173 jo veikim\u0105 ir ilgaam\u017ei\u0161kum\u0105. Prad\u0117kite nuo teisingo cilindro sulygiavimo su ekskavatoriaus tvirtinimo ta\u0161kais. Naudokite tinkamus tvirtinimo laikiklius, kad pritvirtintum\u0117te cilindr\u0105 vietoje ir i\u0161vengtum\u0117te bet kokio i\u0161lyginimo eksploatacijos metu. Labai svarbu laikytis gamintojo nurodym\u0173 d\u0117l sukimo momento nustatym\u0173 ir tvirtinimo b\u016bd\u0173, kad i\u0161vengtum\u0117te per didelio cilindro \u012ftempimo.<\/p>\n<p>Montavimo metu \u012fsitikinkite, kad hidraulin\u0117s jungtys yra tvirtos ir be nuot\u0117ki\u0173. Patikrinkite visas \u017earnas ir jungiam\u0105sias detales, ar n\u0117ra pa\u017eeidim\u0173 ar susid\u0117v\u0117jimo po\u017eymi\u0173, ir pakeiskite visus komponentus, kurie neatitinka saugos standart\u0173. Po montavimo atlikite i\u0161sam\u0173 sistemos patikrinim\u0105, kad \u012fsitikintum\u0117te, jog cilindras veikia skland\u017eiai ir efektyviai, prie\u0161 v\u0117l prad\u0117dami eksploatuoti \u012frang\u0105. Tinkamas suderinimas ir montavimas yra labai svarb\u016bs norint maksimaliai pailginti str\u0117l\u0117s cilindro eksploatavimo laik\u0105.<\/p>\n<p><img decoding=\"async\" src=\"https:\/\/www.hydraulic-cylinders.net\/wp-content\/uploads\/2025\/04\/songte-chushion-collar.webp\" alt=\"Str\u0117l\u0117s cilindro montavimas\"><\/p>\n<h2>Saugos aspektai ir aplinkos veiksniai<\/h2>\n<p>Saugumas yra svarbiausias dalykas valdant hidraulinius cilindrus, ypa\u010d sunkiosiose ma\u0161inose, tokiose kaip ekskavatoriai. \u012egyvendinus saugos priemones, tokias kaip tinkamas operatori\u0173 mokymas ir reguliar\u016bs saugos patikrinimai, galima gerokai suma\u017einti nelaiming\u0173 atsitikim\u0173 rizik\u0105. Operatoriai tur\u0117t\u0173 b\u016bti susipa\u017ein\u0119 su hidraulin\u0117s sistemos galimyb\u0117mis ir apribojimais, kad i\u0161vengt\u0173 perkrov\u0173 ir u\u017etikrint\u0173 saug\u0173 veikim\u0105.<\/p>\n<p>Aplinkos veiksniai taip pat vaidina svarb\u0173 vaidmen\u012f hidraulini\u0173 cilindr\u0173 ilgaam\u017ei\u0161kumui ir veikimui. Ekstremali\u0173 temperat\u016br\u0173, dr\u0117gm\u0117s ir korozini\u0173 med\u017eiag\u0173 poveikis gali susilpninti sandariklius ir komponentus. Tinkam\u0173 med\u017eiag\u0173 ir apsaugini\u0173 dang\u0173 pasirinkimas gali suma\u017einti \u0161i\u0105 rizik\u0105, u\u017etikrinant, kad cilindras i\u0161likt\u0173 funkcionalus ir patikimas nepaisant aplinkos poveikio.<\/p>\n<h2>Da\u017eniausiai pasitaikan\u010di\u0173 problem\u0173 \u0161alinimas<\/h2>\n<ul>\n<li><strong>Hidraulini\u0173 skys\u010di\u0173 nuot\u0117kiai:<\/strong> Nuot\u0117kiai gali atsirasti d\u0117l susid\u0117v\u0117jusi\u0173 sandarikli\u0173 arba pa\u017eeist\u0173 \u017earn\u0173. Reguliariai tikrinkite hidraulin\u0119 sistem\u0105, ar n\u0117ra nuot\u0117ki\u0173, ir nedelsdami pakeiskite visus pa\u017eeistus komponentus.<\/li>\n<li><strong>L\u0117tas cilindro jud\u0117jimas:<\/strong> Jei cilindras reaguoja l\u0117tai, tai gali rodyti \u017eem\u0105 hidraulinio skys\u010dio lyg\u012f arba sistemoje yra \u012fstrigusio oro. Patikrinkite skys\u010dio lyg\u012f ir, jei reikia, i\u0161leiskite i\u0161 sistemos or\u0105, kad u\u017etikrintum\u0117te tinkam\u0105 veikim\u0105.<\/li>\n<li><strong>Ne\u012fprasti garsai:<\/strong> Tokie garsai kaip girg\u017ed\u0117jimas ar girg\u017ed\u0117jimas gali rodyti mechanines problemas cilindre. I\u0161tirkite triuk\u0161mo \u0161altin\u012f ir atlikite reikiamus remonto darbus, kad i\u0161vengtum\u0117te tolesn\u0117s \u017ealos.<\/li>\n<\/ul>\n<h2>Patarimai, kaip efektyviai atlikti trik\u010di\u0173 \u0161alinim\u0105<\/h2>\n<p>Norint veiksmingai diagnozuoti ir i\u0161spr\u0119sti str\u0117l\u0117s cilindro problemas, b\u016btina taikyti sisteming\u0105 po\u017ei\u016br\u012f. Prad\u0117kite nuo simptom\u0173 nustatymo ir j\u0173 susiejimo su galimomis prie\u017eastimis. Veskite i\u0161sam\u0173 vis\u0173 problem\u0173 ir atlikt\u0173 remonto darb\u0173 \u017eurnal\u0105, kuris gali pad\u0117ti ateityje \u0161alinant triktis.<\/p>\n<p>Reguliarus techninis aptarnavimas ir patikros gali gerokai suma\u017einti problem\u0173 tikimyb\u0119. \u012egyvendinkite prevencines priemones, pvz., reguliarius sandarikli\u0173, \u017earn\u0173 ir skys\u010di\u0173 lygio patikrinimus, kad i\u0161laikytum\u0117te optimal\u0173 na\u0161um\u0105. Be to, operatori\u0173 mokymai, kaip atpa\u017einti ankstyvuosius \u012fsp\u0117jamuosius \u017eenklus, gali pad\u0117ti spr\u0119sti problemas, kol jos dar nepa\u016bm\u0117jo.<\/p>\n<p><img decoding=\"async\" src=\"https:\/\/www.hydraulic-cylinders.net\/wp-content\/uploads\/2025\/04\/songte-bushings-with-all-kinds-of-excavator-models.webp\" alt=\"Hidraulini\u0173 cilindr\u0173 dalys\"><\/p>\n<h2>Apie m\u016bs\u0173 \u012fmon\u0119<\/h2>\n<p>Esame pirmaujantis hidraulini\u0173 cilindr\u0173 gamintojas, specializuojantis auk\u0161tos kokyb\u0117s \u012fvairi\u0173 sunki\u0173j\u0173 ma\u0161in\u0173 pakaital\u0173 gamyboje. Platus gamini\u0173 asortimentas leid\u017eia mums b\u016bti vienais i\u0161 pirmaujan\u010di\u0173 gamintoj\u0173 ir didmenini\u0173 platintoj\u0173 tiek vidaus, tiek tarptautin\u0117se rinkose. Laikom\u0117s grie\u017et\u0173 kokyb\u0117s standart\u0173, naudojame tikslius gamybos procesus ir pa\u017eangias gamybos valdymo strategijas.<\/p>\n<p>M\u016bs\u0173 \u012fmon\u0117 did\u017eiuojasi savo technine patirtimi, diegdama pa\u017eangiausi\u0105 skaitmenin\u0119 gamybos \u012frang\u0105 ir profesionalias testavimo sistemas, siekdama padidinti savo gamybos paj\u0117gumus. Nuolat tobuliname savo gamybos platform\u0105, siekdami u\u017etikrinti auk\u0161t\u0105 efektyvum\u0105, tikslum\u0105 ir kokyb\u0119, puikiai patenkindami \u012fvairius m\u016bs\u0173 klient\u0173 poreikius.<\/p>\n<p>Si\u016blome individualius sprendimus, pritaikytus konkretiems reikalavimams, pagr\u012fstus tarptautiniais sertifikatais, u\u017etikrinan\u010diais gamini\u0173 patikimum\u0105. M\u016bs\u0173 patikimas garantinio aptarnavimo skyrius u\u017etikrina klient\u0173 pasitenkinim\u0105, efektyviai atsakydamas \u012f visus klausimus ar problemas.<\/p>\n<p><img decoding=\"async\" src=\"https:\/\/www.hydraulic-cylinders.net\/wp-content\/uploads\/2025\/04\/songte-company-4.webp\" alt=\"\u012emon\u0117s ap\u017evalga\"><br \/>\n<img decoding=\"async\" src=\"https:\/\/www.hydraulic-cylinders.net\/wp-content\/uploads\/2025\/04\/songte-company-3.webp\" alt=\"Pa\u017eangi gamybos \u012fmon\u0117\"><\/p>\n<p>Autorius: lyl<\/p>","protected":false},"excerpt":{"rendered":"<p>Boom Cylinder For Volwa Small Excavator DLS880-8B Product Overview The Boom Cylinder for Volwa Small Excavator DLS880-8B is a crucial hydraulic component designed to enhance the performance of excavators, specifically in controlling the movement of the boom. This hydraulic cylinder plays an essential role in various heavy machinery, such as excavators, backhoe loaders, and front-end [&hellip;]<\/p>","protected":false},"featured_media":17880,"comment_status":"open","ping_status":"closed","template":"","meta":{"_et_pb_use_builder":"","_et_pb_old_content":"","_et_gb_content_width":""},"product_brand":[],"product_cat":[1546],"product_tag":[1547,1496],"class_list":{"0":"post-19602","1":"product","2":"type-product","3":"status-publish","4":"has-post-thumbnail","6":"product_cat-boom-cylinders","7":"product_tag-boom-cylinders","8":"product_tag-hydraulic-cylinders","10":"first","11":"instock","12":"shipping-taxable","13":"product-type-simple"},"amp_enabled":true,"_links":{"self":[{"href":"https:\/\/www.hydraulic-cylinders.net\/lt\/wp-json\/wp\/v2\/product\/19602","targetHints":{"allow":["GET"]}}],"collection":[{"href":"https:\/\/www.hydraulic-cylinders.net\/lt\/wp-json\/wp\/v2\/product"}],"about":[{"href":"https:\/\/www.hydraulic-cylinders.net\/lt\/wp-json\/wp\/v2\/types\/product"}],"replies":[{"embeddable":true,"href":"https:\/\/www.hydraulic-cylinders.net\/lt\/wp-json\/wp\/v2\/comments?post=19602"}],"wp:featuredmedia":[{"embeddable":true,"href":"https:\/\/www.hydraulic-cylinders.net\/lt\/wp-json\/wp\/v2\/media\/17880"}],"wp:attachment":[{"href":"https:\/\/www.hydraulic-cylinders.net\/lt\/wp-json\/wp\/v2\/media?parent=19602"}],"wp:term":[{"taxonomy":"product_brand","embeddable":true,"href":"https:\/\/www.hydraulic-cylinders.net\/lt\/wp-json\/wp\/v2\/product_brand?post=19602"},{"taxonomy":"product_cat","embeddable":true,"href":"https:\/\/www.hydraulic-cylinders.net\/lt\/wp-json\/wp\/v2\/product_cat?post=19602"},{"taxonomy":"product_tag","embeddable":true,"href":"https:\/\/www.hydraulic-cylinders.net\/lt\/wp-json\/wp\/v2\/product_tag?post=19602"}],"curies":[{"name":"wp","href":"https:\/\/api.w.org\/{rel}","templated":true}]}}