{"id":19603,"date":"2025-04-07T06:56:58","date_gmt":"2025-04-07T06:56:58","guid":{"rendered":"https:\/\/www.hydraulic-cylinders.net\/product\/boom-cylinder-for-volwa-small-excavator-dls860-10b\/"},"modified":"2025-04-07T06:57:00","modified_gmt":"2025-04-07T06:57:00","slug":"boom-cylinder-for-volwa-small-excavator-dls860-10b","status":"publish","type":"product","link":"https:\/\/www.hydraulic-cylinders.net\/lt\/produktas\/boom-cylinder-for-volwa-small-excavator-dls860-10b\/","title":{"rendered":"\u201eVolwa\u201c ma\u017eo ekskavatoriaus DLS860-10B str\u0117l\u0117s cilindras"},"content":{"rendered":"<h1>\u201eVolwa\u201c ma\u017eo ekskavatoriaus DLS860-10B str\u0117l\u0117s cilindras<\/h1>\n<h2>Produkto ap\u017evalga<\/h2>\n<p>\u201eVolwa Small Excavator DLS860-10B\u201c str\u0117l\u0117s cilindras yra esminis hidraulinis komponentas, skirtas tiksliam sunkiosios technikos valdymui. \u0160is cilindras atlieka labai svarb\u0173 vaidmen\u012f hidraulin\u0117je sistemoje, nes leid\u017eia efektyviai jud\u0117ti ekskavatoriaus str\u0117lei. Jis specialiai sukurtas kau\u0161o k\u0117limui, nuleidimui ir pakreipimui valdyti, optimizuojant med\u017eiag\u0173 tvarkymo u\u017eduotis \u012fvairiose srityse.<\/p>\n<p><img decoding=\"async\" src=\"https:\/\/www.hydraulic-cylinders.net\/wp-content\/uploads\/2025\/04\/songte-company-1.webp\" alt=\"Str\u0117l\u0117s cilindro vaizdas\"><\/p>\n<h3>Apibr\u0117\u017eimas ir funkcionalumas<\/h3>\n<p>Kau\u0161o cilindras yra hidraulinio cilindro tipas, kuris daugiausia naudojamas kau\u0161o jud\u0117jimui valdyti sunkiosiose ma\u0161inose, tokiose kaip ekskavatoriai, ekskavatoriniai krautuvai ir frontaliniai krautuvai. \u0160ie cilindrai leid\u017eia kau\u0161\u0105 efektyviai pakelti, nuleisti ir pakreipti, tod\u0117l lengviau atlikti su med\u017eiag\u0173 tvarkymu, kasimu ir k\u0117limu susijusias u\u017eduotis. Str\u0117l\u0117s cilindro funkcionalumas yra gyvybi\u0161kai svarbus hidraulin\u0117se sistemose, nes jis hidraulin\u012f sl\u0117g\u012f paver\u010dia mechanine j\u0117ga, leisdamas operatoriams tiksliai ir lengvai atlikti sud\u0117tingas operacijas.<\/p>\n<h2>Str\u0117l\u0117s cilindro savyb\u0117s<\/h2>\n<ul>\n<li><strong>Didelis stiprumas ir ilgaam\u017ei\u0161kumas:<\/strong> \u0160ie cilindrai, pagaminti i\u0161 didelio stiprumo plieno arba aliuminio, gali atlaikyti auk\u0161t\u0105 sl\u0117g\u012f ir dideles apkrovas, tod\u0117l tinka at\u0161iaurioms darbo s\u0105lygoms. J\u0173 konstrukcija atsi\u017evelg\u0117 \u012f atsparum\u0105 dilimui ir korozijai, taip pailgindama j\u0173 tarnavimo laik\u0105.<\/li>\n<li><strong>Efektyvus hidraulinis valdymas:<\/strong> Cilindras naudoja hidraulin\u0117s alyvos sl\u0117g\u012f, kad skland\u017eiai \u012ftraukt\u0173 ir i\u0161skleist\u0173, tod\u0117l greitai reaguoti \u012f valdymo komandas ir u\u017etikrinti stipri\u0105 st\u016bmimo bei traukimo j\u0117g\u0105, idealiai tinka sunkiems daiktams tvarkyti ir sud\u0117tingoms u\u017eduotims atlikti.<\/li>\n<li><strong>\u012evair\u016bs tipai:<\/strong> Galima \u012fsigyti tiek vienpusio veikimo (hidrauli\u0161kai veikianti viena kryptimi), tiek dvipusio veikimo (hidrauli\u0161kai veikianti abiem kryptimis) konstrukcij\u0173, kad atitikt\u0173 \u012fvairius eksploatacinius poreikius, o kai kurie modeliai yra teleskopin\u0117s konstrukcijos, leid\u017eian\u010dios didesn\u012f i\u0161pl\u0117tim\u0105 be papildom\u0173 i\u0161orini\u0173 matmen\u0173.<\/li>\n<li><strong>Suderinamumas:<\/strong> M\u016bs\u0173 gaminiai sukurti taip, kad puikiai pakeist\u0173 esamus hidraulinius cilindrus, u\u017etikrindami skland\u0173 integravim\u0105 su j\u016bs\u0173 technika.<\/li>\n<\/ul>\n<p><img decoding=\"async\" src=\"https:\/\/www.hydraulic-cylinders.net\/wp-content\/uploads\/2025\/04\/songte-cylinder-head-with-all-kinds-excavator-models.webp\" alt=\"Ekskavatori\u0173 modeli\u0173 suderinamumo paveiksl\u0117lis\"><\/p>\n<h2>Str\u0117l\u0117s cilindro pritaikymas<\/h2>\n<h3>Statybin\u0117 \u012franga<\/h3>\n<p>Ekskavatoriuose str\u0117l\u0117s cilindrai yra labai svarb\u016bs kasant, kraunant ir perkeliant \u017eem\u0119 ar \u0161iuk\u0161les. J\u0173 geb\u0117jimas valdyti kau\u0161o pad\u0117t\u012f leid\u017eia operatoriams atlikti tikslius judesius, reikalingus kasimo darbams. Tai ypa\u010d svarbu dirbant nelygiame reljefe arba u\u017edarose erdv\u0117se, kur tikslumas yra raktas \u012f efektyvum\u0105.<\/p>\n<h3>\u017dem\u0117s \u016bkio technika<\/h3>\n<p>Priekiniuose krautuvuose naudojami str\u0117l\u0117s cilindrai palengvina dirvo\u017eemio, \u0161ieno ir kit\u0173 med\u017eiag\u0173 k\u0117lim\u0105, k\u0117lim\u0105 ir transportavim\u0105. Tvirta konstrukcija leid\u017eia jiems susidoroti su grie\u017etais \u017eem\u0117s \u016bkio darb\u0173 reikalavimais, pagerinti na\u0161um\u0105 ir u\u017etikrinti patikim\u0105 veikim\u0105 atliekant \u012fvairius \u016bkininkavimo darbus.<\/p>\n<h3>Ekskavatoriai<\/h3>\n<p>Str\u0117l\u0117s cilindras leid\u017eia kau\u0161ui efektyviai \u012fsiskverbti \u012f dirv\u0105, tod\u0117l galima efektyviai atlikti kasimo darbus. \u0160i funkcija yra labai svarbi ruo\u0161iant statybviet\u0119 ir atliekant statybos projektus, kuriuose s\u0117kmingam darb\u0173 u\u017ebaigimui b\u016btina geb\u0117jimas kasti giliai ir kelti sunkius krovinius.<\/p>\n<h3>Krautuvai<\/h3>\n<p>Priekiniuose krautuvuose \u0161ie cilindrai padeda efektyviai kelti ir i\u0161versti krovinius. Sklandus ir kontroliuojamas kau\u0161o jud\u0117jimas yra labai svarbus atliekant med\u017eiag\u0173 tvarkymo u\u017eduotis statybos, kra\u0161tovaizd\u017eio tvarkymo ir kasybos pramon\u0117je.<\/p>\n<h2>Projektavimo aspektai ir atrankos kriterijai<\/h2>\n<h3>Keliamoji galia<\/h3>\n<p>Renkantis str\u0117l\u0117s cilindr\u0105, svarbiausias aspektas yra keliamoji galia. Labai svarbu pasirinkti cilindr\u0105, kuris gal\u0117t\u0173 atlaikyti maksimali\u0105 ekskavatoriaus apkrov\u0105. Tinkamas apkrovos \u012fvertinimas u\u017etikrina saugum\u0105 ir efektyvum\u0105 eksploatacijos metu, suma\u017eindamas \u012frangos gedimo rizik\u0105.<\/p>\n<h3>Sandarinimo mechanizmai<\/h3>\n<p>Efektyvus sandarinimas yra labai svarbus hidrauliniams cilindrams, siekiant i\u0161vengti skys\u010di\u0173 nuot\u0117kio ir palaikyti sl\u0117g\u012f. Auk\u0161tos kokyb\u0117s sandarikliai, pagaminti i\u0161 patvari\u0173 med\u017eiag\u0173, toki\u0173 kaip poliuretanas ir nitrilo kau\u010diukas, gali padidinti cilindro ilgaam\u017ei\u0161kum\u0105 ir na\u0161um\u0105, u\u017etikrindami optimal\u0173 veikim\u0105 sud\u0117tingomis s\u0105lygomis.<\/p>\n<h3>Patvarumas<\/h3>\n<p>Str\u0117l\u0117s cilindro patvarumas yra gyvybi\u0161kai svarbus jo ilgalaikiam veikimui. Gamintojai da\u017enai naudoja pa\u017eangias med\u017eiagas ir tvirtus gamybos metodus, kad pagamint\u0173 cilindrus, kurie gali atlaikyti at\u0161iaurias aplinkos s\u0105lygas, taip suma\u017eindami prie\u017ei\u016bros i\u0161laidas ir prastovas.<\/p>\n<h3>Saugos funkcijos<\/h3>\n<p>Bet kuriame hidrauliniame cilindre b\u016btina \u012frengti saugos funkcijas, tokias kaip sl\u0117gio ma\u017einimo vo\u017etuvai ir apsauga nuo perkrovos. \u0160ios funkcijos padeda i\u0161vengti nelaiming\u0173 atsitikim\u0173 ir u\u017etikrina saug\u0173 ma\u0161in\u0173 veikim\u0105, ypa\u010d aplinkoje, kurioje da\u017enai tvarkomi sunk\u016bs kroviniai.<\/p>\n<h3>Prie\u017ei\u016bros aspektai<\/h3>\n<p>Prieinamumas techninei prie\u017ei\u016brai yra dar vienas svarbus projektavimo veiksnys. Gerai suprojektuotas str\u0117l\u0117s cilindras tur\u0117t\u0173 b\u016bti lengvai ap\u017ei\u016brimas ir aptarnaujamas, \u012fskaitant galimyb\u0119 pakeisti sandariklius ir sutepti komponentus be didelio i\u0161montavimo.<\/p>\n<p><img decoding=\"async\" src=\"https:\/\/www.hydraulic-cylinders.net\/wp-content\/uploads\/2025\/04\/songte-oil-pipes-and-spare-parts.webp\" alt=\"Naftos vamzd\u017eiai ir atsargin\u0117s dalys Vaizdas\"><\/p>\n<h2>Sandarinimas ir tepimas<\/h2>\n<p>Efektyvus sandarinimas ir tepimas yra labai svarb\u016bs hidraulinio cilindro veikimo aspektai. Naudojami \u012fvair\u016bs sandarikliai, \u012fskaitant st\u016bmokli\u0173 ir kot\u0173 sandariklius, kurie da\u017enai gaminami i\u0161 atspari\u0173 dilimui med\u017eiag\u0173, toki\u0173 kaip poliuretanas ir nitrilo kau\u010diukas. Cilindro korpusas ir srieginiai galiniai pavir\u0161iai yra tiksliai apdirbami, siekiant padidinti atsparum\u0105 dilimui. Reguliarus tepimas hidrauline alyva yra b\u016btinas siekiant suma\u017einti trint\u012f ir dilim\u0105, u\u017etikrinant skland\u0173 cilindro veikim\u0105 ir ilgaam\u017ei\u0161kum\u0105.<\/p>\n<h2>Prevencin\u0117s prie\u017ei\u016bros priemon\u0117s<\/h2>\n<ul>\n<li><strong>Reguliar\u016bs patikrinimai:<\/strong> Reguliariai atliekant nuot\u0117ki\u0173, susid\u0117v\u0117jimo ir tinkamo veikimo patikrinimus, galima nustatyti galimas problemas, kol jos nesuk\u0117l\u0117 dideli\u0173 gedim\u0173.<\/li>\n<li><strong>Tepimas:<\/strong> Labai svarbu tinkamai sutepti hidraulin\u0119 sistem\u0105. Naudokite rekomenduojam\u0105 hidraulin\u0119 alyv\u0105 ir \u012fsitikinkite, kad jos lygis yra tinkamas.<\/li>\n<li><strong>Sandariklio keitimas:<\/strong> Reguliariai tikrinkite sandariklius, ar n\u0117ra susid\u0117v\u0117jimo po\u017eymi\u0173, ir prireikus pakeiskite juos, kad i\u0161laikytum\u0117te sistemos vientisum\u0105 ir i\u0161vengtum\u0117te nuot\u0117ki\u0173.<\/li>\n<\/ul>\n<h2>\u012erengimo gair\u0117s<\/h2>\n<p>Tinkamas str\u0117l\u0117s cilindro montavimas yra labai svarbus jo veikimui. Pirmiausia \u012fsitikinkite, kad cilindras yra tinkamai sulygiuotas su ekskavatoriaus tvirtinimo ta\u0161kais. Naudokite tinkamus tvirtinimo laikiklius, kad pritvirtintum\u0117te cilindr\u0105 vietoje ir i\u0161vengtum\u0117te nesutapimo eksploatacijos metu. Laikykit\u0117s gamintojo nurodym\u0173 d\u0117l var\u017et\u0173 sukimo momento nustatym\u0173 ir \u012fsitikinkite, kad hidraulin\u0117s jungtys yra tinkamai priver\u017etos, kad i\u0161vengtum\u0117te nuot\u0117ki\u0173. Galiausiai, \u012fdieg\u0119 sistem\u0105, prie\u0161 prad\u0117dami naudoti j\u0105 pilnai, patikrinkite, ar n\u0117ra nuot\u0117ki\u0173 ir ar ji tinkamai veikia.<\/p>\n<h2>\u012eprastos prie\u017ei\u016bros u\u017eduotys<\/h2>\n<ul>\n<li><strong>Reguliar\u016bs patikrinimai:<\/strong> Reguliariai tikrinti hidraulin\u0119 sistem\u0105 yra labai svarbu norint nustatyti galimas problemas. Tai apima \u017earn\u0173, jungiam\u0173j\u0173 detali\u0173 ir sandarikli\u0173 patikrinim\u0105, ar n\u0117ra susid\u0117v\u0117jimo ar pa\u017eeidim\u0173 po\u017eymi\u0173.<\/li>\n<li><strong>Tinkamas tepimas:<\/strong> \u012esitikinkite, kad visos judan\u010dios dalys yra tinkamai suteptos tinkama hidrauline alyva, kuri padeda suma\u017einti nusid\u0117v\u0117jim\u0105 ir i\u0161laikyti sistemos efektyvum\u0105.<\/li>\n<li><strong>Sandariklio keitimas:<\/strong> Steb\u0117kite sandarikli\u0173 b\u016bkl\u0119 ir prireikus juos pakeiskite, kad i\u0161vengtum\u0117te nuot\u0117ki\u0173 ir palaikytum\u0117te sl\u0117g\u012f sistemoje. Reguliarus sandarikli\u0173 patikrinimas gali \u017eymiai pailginti hidraulinio cilindro tarnavimo laik\u0105.<\/li>\n<\/ul>\n<p><img decoding=\"async\" src=\"https:\/\/www.hydraulic-cylinders.net\/wp-content\/uploads\/2025\/04\/songte-chushion-collar.webp\" alt=\"Pagalv\u0117l\u0117s apykakl\u0117s vaizdas\"><\/p>\n<h2>Saugos aspektai ir aplinkos veiksniai<\/h2>\n<p>Eksploatuojant hidraulin\u0119 \u012frang\u0105, saugos priemon\u0117s yra nepaprastai svarbios. Operatoriai visada tur\u0117t\u0173 d\u0117v\u0117ti tinkamas asmenines apsaugos priemones (AAP) ir b\u016bti atid\u016bs aplinkai. Reguliar\u016bs mokymai apie saugaus darbo proced\u016bras gali \u017eymiai suma\u017einti nelaiming\u0173 atsitikim\u0173 skai\u010di\u0173. Be to, atsi\u017evelkite \u012f aplinkos veiksnius, tokius kaip skys\u010di\u0173 \u0161alinimas ir aplinkai nekenksming\u0173 hidraulini\u0173 skys\u010di\u0173 naudojimas, siekiant suma\u017einti poveik\u012f ekologijai.<\/p>\n<h2>Gedim\u0173 diagnostika ir da\u017eniausios problemos<\/h2>\n<ul>\n<li><strong>Galios praradimas:<\/strong> Tai gali nutikti d\u0117l \u017eemo hidraulinio skys\u010dio lygio arba oro sistemoje. \u012esitikinkite, kad skys\u010dio lygis yra tinkamas, ir i\u0161leiskite i\u0161 sistemos or\u0105.<\/li>\n<li><strong>Nuot\u0117kis:<\/strong> Ie\u0161kokite hidraulinio skys\u010dio nuot\u0117kio po\u017eymi\u0173 aplink sandariklius ir jungtis. Greitas nuot\u0117ki\u0173 pa\u0161alinimas gali pad\u0117ti i\u0161vengti tolesn\u0117s \u017ealos ir i\u0161laikyti sistemos vientisum\u0105.<\/li>\n<li><strong>Nereaguojantis cilindras:<\/strong> Jei cilindras nereaguoja, patikrinkite, ar n\u0117ra u\u017esikim\u0161im\u0173 hidraulin\u0117se linijose arba nepakankamas skys\u010dio sl\u0117gis. Pakartotinis hidraulin\u0117s sistemos \u012fvertinimas da\u017enai gali i\u0161spr\u0119sti \u0161ias problemas.<\/li>\n<\/ul>\n<p>Iniciatyvus technin\u0117s prie\u017ei\u016bros darbas gali pad\u0117ti i\u0161vengti \u0161i\u0173 problem\u0173 ir u\u017etikrinti efektyv\u0173 hidraulinio cilindro veikim\u0105.<\/p>\n<p><img decoding=\"async\" src=\"https:\/\/www.hydraulic-cylinders.net\/wp-content\/uploads\/2025\/04\/songte-bushings-with-all-kinds-of-excavator-models.webp\" alt=\"Ekskavatori\u0173 modeli\u0173 \u012fvor\u0117s (paveiksl\u0117lis)\"><\/p>\n<h2>\u012emon\u0117s ap\u017evalga<\/h2>\n<p>Esame pirmaujanti pakaitini\u0173 hidraulini\u0173 cilindr\u0173 gamintoja ir didmenin\u0117 platintoja, specializuojam\u0117s pla\u010diame gamini\u0173 asortimente, kad patenkintume tiek vietin\u0117s, tiek tarptautin\u0117s rinkos poreikius. M\u016bs\u0173 \u012fsipareigojim\u0105 siekti nepriekai\u0161tingos kokyb\u0117s lemia rafinuota gamybos valdymo strategija. Integruodami kvalifikuotus techninius darbuotojus, pa\u017eangi\u0105 skaitmenin\u0119 gamybos \u012frang\u0105 ir profesionalias testavimo sistemas, nuolat tobuliname savo gamybos paj\u0117gumus. D\u0117mesys dideliam efektyvumui, tikslumui ir kokybei leid\u017eia mums patenkinti \u012fvairius klient\u0173 poreikius, u\u017etikrinant optimal\u0173 j\u0173 \u012frangos veikim\u0105.<\/p>\n<p><img decoding=\"async\" src=\"https:\/\/www.hydraulic-cylinders.net\/wp-content\/uploads\/2025\/04\/songte-company-4.webp\" alt=\"\u012emon\u0117s paveiksl\u0117lis 1\"><br \/>\n<img decoding=\"async\" src=\"https:\/\/www.hydraulic-cylinders.net\/wp-content\/uploads\/2025\/04\/songte-company-3.webp\" alt=\"\u012emon\u0117s paveiksl\u0117lis 2\"><\/p>\n<p>M\u016bs\u0173 patirtis hidraulini\u0173 cilindr\u0173 gamyboje, tarptautini\u0173 sertifikat\u0173 laikymasis, individualiai pritaikytos paslaugos, moderni gamybos \u012franga ir i\u0161skirtinis aptarnavimas po pardavimo i\u0161skiria mus \u0161ioje pramon\u0117s \u0161akoje.<\/p>\n<p>Autorius: lyl<\/p>","protected":false},"excerpt":{"rendered":"<p>Boom Cylinder For Volwa Small Excavator DLS860-10B Product Overview The Boom Cylinder for Volwa Small Excavator DLS860-10B is an essential hydraulic component designed for precise control of heavy machinery. This cylinder plays a crucial role in the hydraulic system, allowing for the efficient movement of the excavator\u2019s boom. It is specifically engineered to manage the [&hellip;]<\/p>","protected":false},"featured_media":17881,"comment_status":"open","ping_status":"closed","template":"","meta":{"_et_pb_use_builder":"","_et_pb_old_content":"","_et_gb_content_width":""},"product_brand":[],"product_cat":[1546],"product_tag":[1547,1496],"class_list":{"0":"post-19603","1":"product","2":"type-product","3":"status-publish","4":"has-post-thumbnail","6":"product_cat-boom-cylinders","7":"product_tag-boom-cylinders","8":"product_tag-hydraulic-cylinders","10":"first","11":"instock","12":"shipping-taxable","13":"product-type-simple"},"amp_enabled":true,"_links":{"self":[{"href":"https:\/\/www.hydraulic-cylinders.net\/lt\/wp-json\/wp\/v2\/product\/19603","targetHints":{"allow":["GET"]}}],"collection":[{"href":"https:\/\/www.hydraulic-cylinders.net\/lt\/wp-json\/wp\/v2\/product"}],"about":[{"href":"https:\/\/www.hydraulic-cylinders.net\/lt\/wp-json\/wp\/v2\/types\/product"}],"replies":[{"embeddable":true,"href":"https:\/\/www.hydraulic-cylinders.net\/lt\/wp-json\/wp\/v2\/comments?post=19603"}],"wp:featuredmedia":[{"embeddable":true,"href":"https:\/\/www.hydraulic-cylinders.net\/lt\/wp-json\/wp\/v2\/media\/17881"}],"wp:attachment":[{"href":"https:\/\/www.hydraulic-cylinders.net\/lt\/wp-json\/wp\/v2\/media?parent=19603"}],"wp:term":[{"taxonomy":"product_brand","embeddable":true,"href":"https:\/\/www.hydraulic-cylinders.net\/lt\/wp-json\/wp\/v2\/product_brand?post=19603"},{"taxonomy":"product_cat","embeddable":true,"href":"https:\/\/www.hydraulic-cylinders.net\/lt\/wp-json\/wp\/v2\/product_cat?post=19603"},{"taxonomy":"product_tag","embeddable":true,"href":"https:\/\/www.hydraulic-cylinders.net\/lt\/wp-json\/wp\/v2\/product_tag?post=19603"}],"curies":[{"name":"wp","href":"https:\/\/api.w.org\/{rel}","templated":true}]}}