{"id":19604,"date":"2025-04-07T06:57:00","date_gmt":"2025-04-07T06:57:00","guid":{"rendered":"https:\/\/www.hydraulic-cylinders.net\/product\/boom-cylinder-for-volwa-small-excavator-dls130-9\/"},"modified":"2025-04-07T06:57:03","modified_gmt":"2025-04-07T06:57:03","slug":"boom-cylinder-for-volwa-small-excavator-dls130-9","status":"publish","type":"product","link":"https:\/\/www.hydraulic-cylinders.net\/lt\/produktas\/boom-cylinder-for-volwa-small-excavator-dls130-9\/","title":{"rendered":"\u201eVolwa\u201c ma\u017eo ekskavatoriaus DLS130-9 str\u0117l\u0117s cilindras"},"content":{"rendered":"<h1>\u201eVolwa\u201c ma\u017eo ekskavatoriaus DLS130-9 str\u0117l\u0117s cilindras<\/h1>\n<h2>Produkto ap\u017evalga<\/h2>\n<p>\u201eVolwa Small Excavator DLS130-9\u201c str\u0117l\u0117s cilindras yra labai svarbus hidraulini\u0173 sistem\u0173 komponentas, specialiai sukurtas valdyti kau\u0161o jud\u0117jim\u0105 \u012fvairiose sunkiosiose technikose, \u012fskaitant ekskavatorius, ekskavatorinius krautuvus ir frontalinius krautuvus. \u0160is hidraulinis cilindras palengvina kau\u0161o k\u0117lim\u0105, nuleidim\u0105 ir pakreipim\u0105, tod\u0117l tai yra b\u016btinas \u012frankis med\u017eiag\u0173 tvarkymo u\u017eduotims atlikti.<\/p>\n<p>Kau\u0161o cilindras, kaip hidraulinio cilindro tipas, veikia skys\u010dio sl\u0117gio principu. Kai hidraulin\u0117 alyva pumpuojama \u012f cilindr\u0105, ji sukuria sl\u0117g\u012f, kuris judina st\u016bmokl\u012f, kuris savo ruo\u017etu judina kau\u0161\u0105. \u0160is mechanizmas leid\u017eia tiksliai valdyti kau\u0161o pad\u0117t\u012f, tod\u0117l operatoriai gali efektyviai atlikti sud\u0117tingas u\u017eduotis. Str\u0117l\u0117s cilindro konstrukcija u\u017etikrina, kad jis atlaikyt\u0173 sunkaus k\u0117limo ir at\u0161iaurios aplinkos reikalavimus, tod\u0117l tai patikimas pasirinkimas statybos ir \u017eem\u0117s \u016bkio \u012frangai.<\/p>\n<p><img decoding=\"async\" src=\"https:\/\/www.hydraulic-cylinders.net\/wp-content\/uploads\/2025\/04\/songte-company-1.webp\" alt=\"Ekskavatoriaus str\u0117l\u0117s cilindras\"><\/p>\n<h2>Str\u0117l\u0117s cilindro savyb\u0117s<\/h2>\n<ul>\n<li><strong>Didelis stiprumas ir ilgaam\u017ei\u0161kumas:<\/strong> Paprastai pagaminti i\u0161 didelio stiprumo plieno arba aliuminio, \u0161ie cilindrai gali atlaikyti auk\u0161t\u0105 sl\u0117g\u012f ir dideles apkrovas, tod\u0117l tinkami at\u0161iaurioms darbo s\u0105lygoms. Jie sukurti atsi\u017evelgiant \u012f atsparum\u0105 dilimui ir korozijai, taip prailginant gaminio tarnavimo laik\u0105.<\/li>\n<li><strong>Efektyvus hidraulinis valdymas:<\/strong> Cilindras naudoja hidraulin\u0117s alyvos sl\u0117g\u012f, kad skland\u017eiai i\u0161skleist\u0173 ir atitraukt\u0173, greitai reaguodamas \u012f valdymo komandas ir u\u017etikrindamas galingas st\u016bmimo bei traukimo j\u0117gas, idealiai tinkan\u010dias sunkiems daiktams tvarkyti ir sud\u0117tingoms u\u017eduotims atlikti.<\/li>\n<li><strong>\u012evair\u016bs tipai:<\/strong> \u012evairiems eksploataciniams poreikiams patenkinti si\u016blomi vienpusio veikimo (hidraulinio sl\u0117gio naudojimas viena kryptimi) ir dvipusio veikimo (hidraulinio sl\u0117gio naudojimas abiem kryptimis) cilindrai. Kai kurie modeliai yra teleskopiniai, tod\u0117l juos galima labiau prailginti nedidinant i\u0161orini\u0173 matmen\u0173, tod\u0117l jie tinka naudoti ribotoje erdv\u0117je.<\/li>\n<li><strong>Individuali gamyba:<\/strong> M\u016bs\u0173 \u012fmon\u0117 specializuojasi \u0161io produkto gamyboje, u\u017etikrindama, kad m\u016bs\u0173 cilindrai puikiai pakeis esamus hidraulinius cilindrus.<\/li>\n<li><strong>Universalios taikymo sritys:<\/strong> Sukurta palaikyti \u012fvairi\u0105 technik\u0105, didinant produktyvum\u0105 \u012fvairiuose sektoriuose.<\/li>\n<\/ul>\n<p><img decoding=\"async\" src=\"https:\/\/www.hydraulic-cylinders.net\/wp-content\/uploads\/2025\/04\/songte-cylinder-head-with-all-kinds-excavator-models.webp\" alt=\"Ekskavatori\u0173 modeliai\"><\/p>\n<h2>Str\u0117l\u0117s cilindro pritaikymas<\/h2>\n<h3>Statybin\u0117 \u012franga<\/h3>\n<p>Statybin\u0117se ma\u0161inose str\u0117l\u0117s cilindrai yra labai svarb\u016bs kasant, kraunant ir perkeliant \u017eem\u0119 ar \u0161iuk\u0161les. Jie padeda valdyti kau\u0161o jud\u0117jim\u0105, tod\u0117l galima efektyviai atlikti kasimo ir krovimo operacijas. Ekskavatoriniuose krautuvuose str\u0117l\u0117s cilindras padeda tiek kasti, tiek kelti, suteikdamas lankstumo atliekant \u012fvairias u\u017eduotis.<\/p>\n<h3>\u017dem\u0117s \u016bkio technika<\/h3>\n<p>Priekiniuose krautuvuose str\u0117l\u0117s cilindrai naudojami dirvo\u017eemiui, \u0161ienui ir kitoms med\u017eiagoms semti, kelti ir transportuoti. Jie u\u017etikrina, kad kau\u0161as gal\u0117t\u0173 efektyviai susikibti su med\u017eiagomis, taip u\u017etikrindamas skland\u0173 darb\u0105 \u017eem\u0117s \u016bkyje ir med\u017eiag\u0173 tvarkyme.<\/p>\n<h3>Ekskavatoriai<\/h3>\n<p>Ekskavatoriai kasimo darb\u0173 metu naudoja kau\u0161o cilindr\u0105, kad \u012fsiskverbt\u0173 \u012f dirv\u0105. Jo konstrukcija leid\u017eia tiksliai valdyti kau\u0161o kamp\u0105 ir gyl\u012f, tod\u0117l jis idealiai tinka kasimo darbams esant skirtingoms dirvo\u017eemio s\u0105lygoms.<\/p>\n<h3>Krautuvai<\/h3>\n<p>Priekiniuose krautuvuose str\u0117l\u0117s cilindrai padeda efektyviai kelti ir i\u0161versti krovinius. Tvirta j\u0173 konstrukcija leid\u017eia kelti sunkius daiktus, u\u017etikrinant, kad operatoriai gal\u0117t\u0173 efektyviai valdyti med\u017eiagas nepakenkdami saugumui.<\/p>\n<h2>Projektavimo aspektai ir atrankos standartai<\/h2>\n<h3>Keliamoji galia<\/h3>\n<p>Renkantis str\u0117l\u0117s cilindr\u0105, svarbiausias aspektas yra keliamoji galia. Cilindras turi b\u016bti pakankamai tvirtas, kad atlaikyt\u0173 did\u017eiausias apkrovas, tik\u0117tinas eksploatacijos metu. Tokie veiksniai kaip perkeliam\u0173 med\u017eiag\u0173 svoris ir naudojamos technikos tipas vaidina svarb\u0173 vaidmen\u012f nustatant tinkam\u0105 keliam\u0105j\u0105 gali\u0105.<\/p>\n<h3>Sandarumo vientisumas<\/h3>\n<p>Str\u0117l\u0117s cilindro sandarinimas yra labai svarbus norint palaikyti hidraulin\u012f sl\u0117g\u012f ir i\u0161vengti nuot\u0117ki\u0173. Auk\u0161tos kokyb\u0117s sandarikliai yra b\u016btini norint u\u017etikrinti ilgalaik\u012f veikim\u0105. Sandarikliai tur\u0117t\u0173 b\u016bti parenkami atsi\u017evelgiant \u012f suderinamum\u0105 su hidraulin\u0117mis alyvomis ir atsparum\u0105 dilimui, u\u017etikrinant optimal\u0173 veikim\u0105.<\/p>\n<h3>Patvarumas<\/h3>\n<p>Patvarumas yra pagrindinis str\u0117l\u0117s cilindro konstrukcijos veiksnys. Jis turi atlaikyti at\u0161iaurias darbo s\u0105lygas, \u012fskaitant dulki\u0173, ne\u0161varum\u0173 ir dr\u0117gm\u0117s poveik\u012f. Gamyboje naudojamos med\u017eiagos turi b\u016bti atsparios dilimui ir korozijai, u\u017etikrinant, kad cilindras gal\u0117t\u0173 efektyviai veikti ilg\u0105 laik\u0105.<\/p>\n<h3>Saugos funkcijos<\/h3>\n<p>Svarstant hidraulinius cilindrus, svarbiausia yra saugumas. Konstrukcijoje tur\u0117t\u0173 b\u016bti numatytos saugos funkcijos, kurios apsaugo nuo perkrovos ir u\u017etikrina stabil\u0173 veikim\u0105. Tai gali b\u016bti sl\u0117gio ma\u017einimo vo\u017etuvai ir gedim\u0173 prevencijos mechanizmai, skirti apsaugoti tiek operatori\u0173, tiek mechanizm\u0105.<\/p>\n<h3>Prieinamumas prie prie\u017ei\u016bros<\/h3>\n<p>Str\u0117l\u0117s cilindro konstrukcija tur\u0117t\u0173 b\u016bti tokia, kad b\u016bt\u0173 lengva j\u012f pri\u017ei\u016br\u0117ti ir remontuoti. Prieiga prie svarbiausi\u0173 komponent\u0173 ap\u017ei\u016brai, tepimui ir keitimui gali \u017eymiai suma\u017einti prastovas ir prie\u017ei\u016bros i\u0161laidas, taip padidinant bendr\u0105 efektyvum\u0105.<\/p>\n<p><img decoding=\"async\" src=\"https:\/\/www.hydraulic-cylinders.net\/wp-content\/uploads\/2025\/04\/songte-oil-pipes-and-spare-parts.webp\" alt=\"Naftos vamzd\u017eiai ir atsargin\u0117s dalys\"><\/p>\n<h2>Sandarinimas ir tepimas<\/h2>\n<p>Efektyvus sandarinimas ir tepimas yra gyvybi\u0161kai svarb\u016bs str\u0117l\u0117s cilindr\u0173 veikimui. \u012evair\u016bs sandarikliai, tokie kaip st\u016bmokli\u0173 ir stryp\u0173 sandarikliai, yra b\u016btini norint palaikyti hidraulin\u012f sl\u0117g\u012f ir i\u0161vengti nuot\u0117kio. \u0160ie sandarikliai da\u017enai gaminami i\u0161 patvari\u0173 med\u017eiag\u0173, toki\u0173 kaip poliuretanas arba nitrilo kau\u010diukas, kurios pasi\u017eymi puikiu atsparumu dilimui. Be to, cilindro korpusas ir srieginiai galai yra kruop\u0161\u010diai apdirbti, siekiant padidinti patvarum\u0105.<\/p>\n<p>Reguliarus tepimas hidrauline alyva yra b\u016btinas norint u\u017etikrinti skland\u0173 veikim\u0105 ir i\u0161vengti prie\u0161laikinio susid\u0117v\u0117jimo. Tinkamas tepimas suma\u017eina trint\u012f tarp judan\u010di\u0173 dali\u0173, taip pailgindamas cilindro tarnavimo laik\u0105.<\/p>\n<h2>Prevencin\u0117s prie\u017ei\u016bros priemon\u0117s<\/h2>\n<ul>\n<li><strong>Reguliar\u016bs patikrinimai:<\/strong> Atlikite reguliarius patikrinimus, kad nustatytum\u0117te bet kokius susid\u0117v\u0117jimo ar nuot\u0117ki\u0173 po\u017eymius. Ankstyvas aptikimas gali pad\u0117ti i\u0161vengti dideli\u0173 gedim\u0173 ir brangaus remonto.<\/li>\n<li><strong>Tinkamas tepimas:<\/strong> \u012esitikinkite, kad hidraulin\u0117s alyvos lygis yra rekomenduojamas ir tinkama darbo s\u0105lygoms. Reguliariai tikrinkite, ar alyva neu\u017eter\u0161ta.<\/li>\n<li><strong>Sandariklio keitimas:<\/strong> Prireikus keiskite sandariklius, kad i\u0161laikytum\u0117te sl\u0117gio vientisum\u0105 ir i\u0161vengtum\u0117te nuot\u0117ki\u0173. Tai tur\u0117t\u0173 b\u016bti reguliarios prie\u017ei\u016bros grafiko dalis.<\/li>\n<\/ul>\n<h2>\u012erengimo gair\u0117s<\/h2>\n<p>Tinkamas str\u0117l\u0117s cilindro montavimas yra labai svarbus optimaliam veikimui. Pirmiausia \u012fsitikinkite, kad cilindras ir jo tvirtinimo ta\u0161kai yra \u0161var\u016bs ir be \u0161iuk\u0161li\u0173. Naudokite tinkamus lygiavimo \u012frankius, kad montuojant cilindras b\u016bt\u0173 tinkamai sulygiuotas. B\u016btina naudoti tinkamus tvirtinimo laikiklius cilindrui pritvirtinti, kad eksploatacijos metu neb\u016bt\u0173 i\u0161lyginimo.<\/p>\n<p>Atid\u017eiai laikykit\u0117s gamintojo montavimo instrukcij\u0173 ir \u012fsitikinkite, kad visi tvirtinimo elementai yra priver\u017eti iki nurodyto sukimo momento. Po montavimo atlikite i\u0161sam\u0173 patikrinim\u0105, kad \u012fsitikintum\u0117te, jog visi komponentai yra tinkamai sumontuoti ir veikia taip, kaip numatyta.<\/p>\n<h2>\u012eprastos prie\u017ei\u016bros u\u017eduotys<\/h2>\n<ul>\n<li><strong>Reguliar\u016bs patikrinimai:<\/strong> Reguliariai tikrinkite str\u0117l\u0117s cilindro b\u016bkl\u0119, ar n\u0117ra susid\u0117v\u0117jimo po\u017eymi\u0173, nuot\u0117ki\u0173 ir bendro veikimo.<\/li>\n<li><strong>Tinkamas tepimas:<\/strong> U\u017etikrinkite nuolatin\u012f hidraulin\u0117s sistemos tepim\u0105, kad suma\u017eintum\u0117te judan\u010di\u0173 dali\u0173 trint\u012f ir susid\u0117v\u0117jim\u0105, o tai yra labai svarbu norint i\u0161laikyti na\u0161um\u0105 ir pailginti cilindro tarnavimo laik\u0105.<\/li>\n<li><strong>Sandariklio keitimas:<\/strong> Steb\u0117kite tarpikli\u0173 b\u016bkl\u0119 ir prireikus juos keiskite, kad palaikytum\u0117te hidraulin\u012f sl\u0117g\u012f ir i\u0161vengtum\u0117te skys\u010di\u0173 nuot\u0117kio. Laiku atliekamas keitimas yra labai svarbus efektyviam hidraulin\u0117s sistemos veikimui.<\/li>\n<\/ul>\n<h2>Saugos aspektai ir aplinkos veiksniai<\/h2>\n<p>Dirbant su hidrauliniais cilindrais, saugos priemon\u0117s yra nepaprastai svarbios. Operatoriai tur\u0117t\u0173 b\u016bti apmokyti suprasti \u012frangos eksploatavimo ribas ir saugos funkcijas. Visada d\u0117v\u0117kite tinkamas asmenines apsaugos priemones (AAP) ir u\u017etikrinkite, kad ma\u0161inos neb\u016bt\u0173 eksploatuojamos vir\u0161ijant j\u0173 paj\u0117gumus. Reguliar\u016bs saugos auditai ir saugos taisykli\u0173 laikymasis gali \u017eymiai suma\u017einti su hidraulin\u0117mis ma\u0161inomis susijusi\u0105 rizik\u0105.<\/p>\n<h2>Da\u017eniausiai pasitaikan\u010di\u0173 problem\u0173 \u0161alinimas<\/h2>\n<ul>\n<li><strong>Nuot\u0117kis:<\/strong> Jei pasteb\u0117site skys\u010di\u0173 nuot\u0117ki\u0173, patikrinkite, ar sandarikliai ir jungiamosios detal\u0117s n\u0117ra pa\u017eeisti, ir prireikus pakeiskite. \u012esitikinkite, kad palaikomas pakankamas hidraulin\u0117s alyvos lygis.<\/li>\n<li><strong>Galios praradimas:<\/strong> Keliamosios galios suma\u017e\u0117jimas gali rodyti vidin\u012f cilindro susid\u0117v\u0117jim\u0105 arba hidraulinio skys\u010dio u\u017eter\u0161tum\u0105. Patikrinkite hidraulin\u0117s alyvos kokyb\u0119 ir prireikus pakeiskite.<\/li>\n<li><strong>Ne\u012fprasti garsai:<\/strong> Ne\u012fprasti garsai eksploatacijos metu gali rodyti mechanines problemas arba nepakankam\u0105 tepim\u0105. Atlikite i\u0161sam\u0173 patikrinim\u0105, kad nustatytum\u0117te ir pa\u0161alintum\u0117te problem\u0105.<\/li>\n<\/ul>\n<p>Iniciatyvus prie\u017ei\u016bros darbas ir greitas problem\u0173 sprendimas gali pad\u0117ti i\u0161vengti rimtesni\u0173 problem\u0173 ateityje.<\/p>\n<p><img decoding=\"async\" src=\"https:\/\/www.hydraulic-cylinders.net\/wp-content\/uploads\/2025\/04\/songte-bushings-with-all-kinds-of-excavator-models.webp\" alt=\"Ekskavatoriaus \u012fvor\u0117s\"><\/p>\n<h2>Apie m\u016bs\u0173 \u012fmon\u0119<\/h2>\n<p>Esame pakaitini\u0173 hidraulini\u0173 cilindr\u0173 gamintojas, si\u016blantis plat\u0173 gamini\u0173 asortiment\u0105, tod\u0117l esame vieni i\u0161 pirmaujan\u010di\u0173 gamintoj\u0173 ir didmenini\u0173 platintoj\u0173 tiek vidaus, tiek tarptautin\u0117se rinkose. Siekiame nepriekai\u0161tingos kokyb\u0117s ir vadovaujam\u0117s rafinuota gamybos cech\u0173 valdymo strategija. M\u016bs\u0173 \u012fmon\u0117 nuolat tobulina savo gamybos platform\u0105, pasitelkdama techninius specialistus, auk\u0161\u010diausios klas\u0117s skaitmenin\u0119 gamybos \u012frang\u0105 ir profesionalias testavimo sistemas.<\/p>\n<p>Mes orientuojam\u0117s \u012f gamini\u0173 kokyb\u0117s gamybos linij\u0173 tobulinim\u0105 ir esame i\u0161vyst\u0119 tvirtus k\u016brybinius paj\u0117gumus. M\u016bs\u0173 didelio efektyvumo, didelio tikslumo ir auk\u0161tos kokyb\u0117s principai leid\u017eia mums patenkinti \u012fvairius klient\u0173 poreikius.<\/p>\n<p><img decoding=\"async\" src=\"https:\/\/www.hydraulic-cylinders.net\/wp-content\/uploads\/2025\/04\/songte-company-4.webp\" alt=\"\u012emon\u0117s ap\u017evalga\"><br \/>\n<img decoding=\"async\" src=\"https:\/\/www.hydraulic-cylinders.net\/wp-content\/uploads\/2025\/04\/songte-company-3.webp\" alt=\"\u012emon\u0117s gamyba\"><\/p>\n<p>Autorius: lyl<\/p>","protected":false},"excerpt":{"rendered":"<p>Boom Cylinder For Volwa Small Excavator DLS130-9 Product Overview The Boom Cylinder for the Volwa Small Excavator DLS130-9 is a critical component in hydraulic systems, specifically designed to control the movement of the bucket on various heavy machinery, including excavators, backhoe loaders, and front loaders. This hydraulic cylinder facilitates the lifting, lowering, and tilting of [&hellip;]<\/p>","protected":false},"featured_media":17867,"comment_status":"open","ping_status":"closed","template":"","meta":{"_et_pb_use_builder":"","_et_pb_old_content":"","_et_gb_content_width":""},"product_brand":[],"product_cat":[1546],"product_tag":[1547,1496],"class_list":{"0":"post-19604","1":"product","2":"type-product","3":"status-publish","4":"has-post-thumbnail","6":"product_cat-boom-cylinders","7":"product_tag-boom-cylinders","8":"product_tag-hydraulic-cylinders","10":"first","11":"instock","12":"shipping-taxable","13":"product-type-simple"},"amp_enabled":true,"_links":{"self":[{"href":"https:\/\/www.hydraulic-cylinders.net\/lt\/wp-json\/wp\/v2\/product\/19604","targetHints":{"allow":["GET"]}}],"collection":[{"href":"https:\/\/www.hydraulic-cylinders.net\/lt\/wp-json\/wp\/v2\/product"}],"about":[{"href":"https:\/\/www.hydraulic-cylinders.net\/lt\/wp-json\/wp\/v2\/types\/product"}],"replies":[{"embeddable":true,"href":"https:\/\/www.hydraulic-cylinders.net\/lt\/wp-json\/wp\/v2\/comments?post=19604"}],"wp:featuredmedia":[{"embeddable":true,"href":"https:\/\/www.hydraulic-cylinders.net\/lt\/wp-json\/wp\/v2\/media\/17867"}],"wp:attachment":[{"href":"https:\/\/www.hydraulic-cylinders.net\/lt\/wp-json\/wp\/v2\/media?parent=19604"}],"wp:term":[{"taxonomy":"product_brand","embeddable":true,"href":"https:\/\/www.hydraulic-cylinders.net\/lt\/wp-json\/wp\/v2\/product_brand?post=19604"},{"taxonomy":"product_cat","embeddable":true,"href":"https:\/\/www.hydraulic-cylinders.net\/lt\/wp-json\/wp\/v2\/product_cat?post=19604"},{"taxonomy":"product_tag","embeddable":true,"href":"https:\/\/www.hydraulic-cylinders.net\/lt\/wp-json\/wp\/v2\/product_tag?post=19604"}],"curies":[{"name":"wp","href":"https:\/\/api.w.org\/{rel}","templated":true}]}}