{"id":19606,"date":"2025-04-07T06:57:05","date_gmt":"2025-04-07T06:57:05","guid":{"rendered":"https:\/\/www.hydraulic-cylinders.net\/product\/boom-cylinder-for-volwa-small-excavator-dls822-9b\/"},"modified":"2025-04-07T06:57:08","modified_gmt":"2025-04-07T06:57:08","slug":"boom-cylinder-for-volwa-small-excavator-dls822-9b","status":"publish","type":"product","link":"https:\/\/www.hydraulic-cylinders.net\/lt\/produktas\/boom-cylinder-for-volwa-small-excavator-dls822-9b\/","title":{"rendered":"\u201eVolwa\u201c ma\u017eo ekskavatoriaus DLS822-9B str\u0117l\u0117s cilindras"},"content":{"rendered":"<h1>\u201eVolwa\u201c ma\u017eo ekskavatoriaus DLS822-9B str\u0117l\u0117s cilindras<\/h1>\n<h2>Produkto ap\u017evalga<\/h2>\n<p>\u201eVolwa Small Excavator DLS822-9B\u201c str\u0117l\u0117s cilindras yra esminis hidraulini\u0173 sistem\u0173 komponentas, specialiai sukurtas valdyti str\u0117l\u0117s jud\u0117jim\u0105 ekskavatoriuose. \u0160is hidraulinis cilindras leid\u017eia str\u0117lei pakelti, nuleisti ir pakreipti, palengvindamas \u012fvairias med\u017eiag\u0173 tvarkymo u\u017eduotis. Jis atlieka labai svarb\u0173 vaidmen\u012f gerinant sunkiosios technikos, tokios kaip ekskavatoriai, ekskavatoriniai krautuvai ir frontaliniai krautuvai, funkcionalum\u0105. Kau\u0161o cilindras yra gyvybi\u0161kai svarbus efektyviems kasimo darbams ir yra suprojektuotas taip, kad atlaikyt\u0173 auk\u0161t\u0105 sl\u0117g\u012f ir sud\u0117tingas darbo s\u0105lygas.<\/p>\n<p><img decoding=\"async\" src=\"https:\/\/www.hydraulic-cylinders.net\/wp-content\/uploads\/2025\/04\/songte-company-1.webp\" alt=\"Str\u0117l\u0117s cilindras\"><\/p>\n<h2>Str\u0117l\u0117s cilindro savyb\u0117s<\/h2>\n<ul>\n<li><strong>Didelis stiprumas ir ilgaam\u017ei\u0161kumas:<\/strong> Pagamintas i\u0161 didelio stiprumo plieno arba aliuminio, jis gali atlaikyti auk\u0161t\u0105 sl\u0117g\u012f ir dideles apkrovas, tod\u0117l tinka at\u0161iaurioms darbo s\u0105lygoms. Projektuojant atsi\u017evelgiama \u012f atsparum\u0105 dilimui ir korozijai, o tai pailgina jo tarnavimo laik\u0105.<\/li>\n<li><strong>Efektyvus hidraulinis valdymas:<\/strong> Naudoja hidraulin\u0117s alyvos sl\u0117g\u012f skland\u017eiam i\u0161st\u016bmimui ir \u012ftraukimui, greitai reaguoja \u012f valdymo komandas ir tuo pa\u010diu u\u017etikrina galing\u0105 st\u016bmimo bei traukimo j\u0117g\u0105, idealiai tinka sunkiems daiktams tvarkyti ir sud\u0117tingoms u\u017eduotims atlikti.<\/li>\n<li><strong>\u012evair\u016bs tipai:<\/strong> Galima \u012fsigyti vienpusio veikimo (veikia viena kryptimi) arba dvipusio veikimo (veikia abiem kryptimis) konfig\u016bracij\u0173, kad atitikt\u0173 \u012fvairius eksploatacinius reikalavimus, o kai kurie modeliai yra teleskopiniai, kad b\u016bt\u0173 galima labiau i\u0161tiesti nedidinant i\u0161orini\u0173 matmen\u0173, tod\u0117l tinka naudoti ribotoje erdv\u0117je.<\/li>\n<\/ul>\n<h2>Gamybos paj\u0117gumai<\/h2>\n<p>M\u016bs\u0173 \u012fmon\u0117 specializuojasi \u0161i\u0173 hidraulini\u0173 cilindr\u0173 gamyboje, u\u017etikrindama, kad m\u016bs\u0173 gaminiai puikiai pakei\u010dia esamus modelius.<\/p>\n<p><img decoding=\"async\" src=\"https:\/\/www.hydraulic-cylinders.net\/wp-content\/uploads\/2025\/04\/songte-cylinder-head-with-all-kinds-excavator-models.webp\" alt=\"Cilindro galvut\u0117\"><\/p>\n<h2>Taikymo scenarijai<\/h2>\n<h3>Statybin\u0117 \u012franga<\/h3>\n<p>Ekskavatoriuose str\u0117l\u0117s cilindras yra labai svarbus kasant, kraunant ir perkeliant grunt\u0105 ar \u0161iuk\u0161les. Jis leid\u017eia ekskavatoriui atlikti \u012fvairias u\u017eduotis tiksliai ir efektyviai, o tai galiausiai padidina na\u0161um\u0105 statybviet\u0117se.<\/p>\n<h3>\u017dem\u0117s \u016bkio technika<\/h3>\n<p>Priekiniuose krautuvuose naudojamas str\u0117l\u0117s cilindras padeda semti, kelti ir transportuoti dirvo\u017eem\u012f, \u0161ien\u0105 ir kitas med\u017eiagas. Jo patikimas veikimas yra b\u016btinas efektyviam \u016bkio darbui, palengvinant tokias u\u017eduotis kaip pa\u0161ar\u0173 krovimas, produkt\u0173 transportavimas ir kt.<\/p>\n<h3>Ekskavatoriai<\/h3>\n<p>The bucket cylinder enables the excavator&#8217;s bucket to penetrate the ground, facilitating effective digging actions. This capability is vital for construction, mining, and landscaping projects where soil removal is necessary.<\/p>\n<h3>Krautuvai<\/h3>\n<p>Priekiniuose krautuvuose \u0161ie cilindrai padeda efektyviai kelti ir i\u0161versti krovinius. J\u0173 vaidmuo yra labai svarbus atliekant \u012fvairias krovimo u\u017eduotis, u\u017etikrinant greit\u0105 ir saug\u0173 med\u017eiag\u0173 tvarkym\u0105.<\/p>\n<h2>Projektavimo aspektai ir atrankos kriterijai<\/h2>\n<ul>\n<li><strong>Keliamoji galia:<\/strong> Balionas turi b\u016bti suprojektuotas taip, kad atlaikyt\u0173 maksimali\u0105 apkrov\u0105, su kuria jis susidurs eksploatacijos metu. Tai u\u017etikrina saug\u0105 ir efektyvum\u0105, nes nepakankamai suprojektuoti balionai gali sukelti gedimus ir potencialius pavojus.<\/li>\n<li><strong>Sandarinimas:<\/strong> Efektyvus sandarinimas yra labai svarbus siekiant i\u0161vengti hidraulinio skys\u010dio nuot\u0117kio. Auk\u0161tos kokyb\u0117s sandarikliai, pagaminti i\u0161 patvari\u0173 med\u017eiag\u0173, u\u017etikrina hidraulin\u0117s sistemos vientisum\u0105 ir suma\u017eina prie\u017ei\u016bros poreik\u012f.<\/li>\n<li><strong>Patvarumas:<\/strong> The materials and design must withstand harsh conditions and frequent use. This consideration significantly impacts the product&#8217;s lifespan and reliability in demanding environments.<\/li>\n<li><strong>Saugumas:<\/strong> Saugos priemon\u0117s, \u012fskaitant tinkam\u0105 sl\u0117gio lyg\u012f ir avarinio i\u0161leidimo mechanizmus, yra b\u016btinos siekiant i\u0161vengti nelaiming\u0173 atsitikim\u0173 ir u\u017etikrinti operatoriaus saug\u0105 eksploatacijos metu.<\/li>\n<li><strong>Prie\u017ei\u016bra:<\/strong> Konstrukcija tur\u0117t\u0173 b\u016bti tokia, kad b\u016bt\u0173 lengva pri\u017ei\u016br\u0117ti ir tikrinti, greitai nustatyti problemas ir atlikti greit\u0105 remont\u0105, siekiant suma\u017einti prastovas.<\/li>\n<\/ul>\n<p><img decoding=\"async\" src=\"https:\/\/www.hydraulic-cylinders.net\/wp-content\/uploads\/2025\/04\/songte-oil-pipes-and-spare-parts.webp\" alt=\"Naftos vamzd\u017eiai ir atsargin\u0117s dalys\"><\/p>\n<h2>Sandarinimas ir tepimas<\/h2>\n<p>Hidraulinio cilindro efektyvumas priklauso nuo jo sandarinimo ir tepimo sistem\u0173. Siekiant u\u017etikrinti optimal\u0173 na\u0161um\u0105, naudojami \u012fvair\u016bs sandarikliai, \u012fskaitant st\u016bmokli\u0173 ir kot\u0173 sandariklius. Sandarikliai, pagaminti i\u0161 poliuretano ir nitrilo kau\u010diuko, da\u017eniausiai pasirenkami d\u0117l j\u0173 ilgaam\u017ei\u0161kumo ir atsparumo dilimui. Be to, cilindro korpusas ir srieginiai galiniai pavir\u0161iai yra kruop\u0161\u010diai apdorojami, siekiant padidinti atsparum\u0105 dilimui. Norint u\u017etikrinti skland\u0173 veikim\u0105 ir i\u0161vengti dilimo laikui b\u0117gant, b\u016btina reguliariai tepti tinkama hidrauline alyva.<\/p>\n<h2>Reguliarus patikrinimas ir prevencin\u0117 prie\u017ei\u016bra<\/h2>\n<ul>\n<li><strong>\u012eprastiniai patikrinimai:<\/strong> Reik\u0117t\u0173 reguliariai atlikti patikras, kad b\u016bt\u0173 nustatyti bet kokie susid\u0117v\u0117jimo, nuot\u0117ki\u0173 ar pa\u017eeidim\u0173 po\u017eymiai. Ankstyvas problem\u0173 nustatymas gali pad\u0117ti i\u0161vengti brangaus remonto ir prastov\u0173.<\/li>\n<li><strong>Tinkamas tepimas:<\/strong> Ensure that the hydraulic oil levels are optimal and check for any contaminants that could affect the system&#8217;s performance.<\/li>\n<li><strong>Sandariklio keitimas:<\/strong> Over time, seals may degrade and need replacement. Scheduling regular checks and timely replacement can extend the cylinder&#8217;s life and maintain optimal performance.<\/li>\n<\/ul>\n<h2>\u012erengimo gair\u0117s<\/h2>\n<p>Montuodami str\u0117l\u0117s cilindr\u0105, u\u017etikrinkite tinkam\u0105 jo sulygiavim\u0105 su mechanizmu, kad i\u0161vengtum\u0117te per didelio cilindro \u012ftempimo. Naudokite tinkamus tvirtinimo laikiklius, kad tvirtai pritvirtintum\u0117te cilindr\u0105. Laikykit\u0117s gamintojo nurodym\u0173 d\u0117l sukimo momento nustatym\u0173 ir hidraulini\u0173 jung\u010di\u0173. Tinkamai i\u0161leiskite or\u0105 i\u0161 hidraulin\u0117s sistemos, kad pa\u0161alintum\u0117te oro ki\u0161enes ir u\u017etikrintum\u0117te skland\u0173 veikim\u0105. Reguliariai per\u017ei\u016br\u0117kite montavimo proced\u016bras, kad i\u0161laikytum\u0117te optimal\u0173 na\u0161um\u0105 ir saugos standartus.<\/p>\n<h2>\u012eprastos prie\u017ei\u016bros u\u017eduotys<\/h2>\n<h3>Reguliarus patikrinimas<\/h3>\n<p>Conduct frequent inspections to ensure the cylinder&#8217;s integrity and detect potential issues early. This is critical for maintaining safe operation and preventing unexpected failures.<\/p>\n<h3>Tinkamas tepimas<\/h3>\n<p>Tinkamas hidraulin\u0117s sistemos tepimas yra labai svarbus jos veikimui. Reguliariai tikrinkite ir papildykite hidraulin\u0117s alyvos lyg\u012f, kad i\u0161vengtum\u0117te vidini\u0173 komponent\u0173 susid\u0117v\u0117jimo.<\/p>\n<h3>Tarpikli\u0173 keitimas ir kalibravimo patikrinimai<\/h3>\n<p>Reguliariai kei\u010diant tarpiklius galima i\u0161vengti nuot\u0117ki\u0173 ir palaikyti hidraulin\u012f sl\u0117g\u012f. Kalibravimo patikrinimai tur\u0117t\u0173 u\u017etikrinti, kad cilindras veikt\u0173 pagal nurodytus parametrus, i\u0161vengiant na\u0161umo problem\u0173.<\/p>\n<p><img decoding=\"async\" src=\"https:\/\/www.hydraulic-cylinders.net\/wp-content\/uploads\/2025\/04\/songte-chushion-collar.webp\" alt=\"Pagalv\u0117l\u0117s apykakl\u0117\"><\/p>\n<h2>Saugos aspektai ir aplinkos veiksniai<\/h2>\n<p>Naudojant hidraulinius cilindrus, labai svarbu \u012fdiegti saugos priemones. Operatoriai tur\u0117t\u0173 b\u016bti apmokyti atpa\u017einti pavojus ir laikytis saugaus eksploatavimo praktikos. Tinkama prie\u017ei\u016bra ir reguliari patikra gali suma\u017einti rizik\u0105. Be to, reikia atsi\u017evelgti \u012f aplinkos veiksnius, tokius kaip kra\u0161tutin\u0117 temperat\u016bra, nes jie gali tur\u0117ti \u012ftakos hidraulinio skys\u010dio veikimui ir cilindro veikimui.<\/p>\n<h2>Trik\u010di\u0173 \u0161alinimas ir da\u017eniausiai pasitaikan\u010dios problemos<\/h2>\n<ul>\n<li><strong>Nuot\u0117kis:<\/strong> Gali rodyti susid\u0117v\u0117jusius sandariklius arba cilindro pa\u017eeidimus. Patikrinkite ir prireikus pakeiskite sandariklius.<\/li>\n<li><strong>Galios praradimas:<\/strong> Patikrinkite hidraulinio skys\u010dio lyg\u012f ir sl\u0117g\u012f. \u012esitikinkite, kad hidraulin\u0117se linijose n\u0117ra kli\u016b\u010di\u0173.<\/li>\n<li><strong>Ne\u012fprasti garsai:<\/strong> Triuk\u0161mai gali rodyti vidines problemas. Patikrinkite, ar cilindras nepa\u017eeistas ar nesusid\u0117v\u0117j\u0119s.<\/li>\n<\/ul>\n<p>Pateikiant trik\u010di\u0173 \u0161alinimo patarimus, vartotojai gali efektyviai diagnozuoti ir spr\u0119sti problemas, taip suma\u017eindami prastovas. Prevencin\u0117s priemon\u0117s, tokios kaip \u012fprastin\u0117 prie\u017ei\u016bra ir eksploatavimo gairi\u0173 laikymasis, gali gerokai suma\u017einti galimas problemas.<\/p>\n<p><img decoding=\"async\" src=\"https:\/\/www.hydraulic-cylinders.net\/wp-content\/uploads\/2025\/04\/songte-bushings-with-all-kinds-of-excavator-models.webp\" alt=\"\u012evor\u0117s su ekskavatori\u0173 modeliais\"><\/p>\n<h2>\u012emon\u0117s ap\u017evalga<\/h2>\n<p>Esame pirmaujantis pakaitini\u0173 hidraulini\u0173 cilindr\u0173 gamintojas, si\u016blantis plat\u0173 gamini\u0173 asortiment\u0105. M\u016bs\u0173 \u012fmon\u0117 \u012fsitvirtino kaip viena geriausi\u0173 tiek\u0117j\u0173 tiek vidaus, tiek tarptautin\u0117se rinkose. M\u016bs\u0173 \u012fsipareigojimas siekti meistri\u0161kumo atsispindi patobulintuose gamybos procesuose, kuriuos sustiprina kvalifikuoti technikai ir pa\u017eangi skaitmenin\u0117 gamybos \u012franga. Nuolat tobuliname savo gamybos platform\u0105, siekdami pagerinti gamini\u0173 kokyb\u0119 ir patenkinti \u012fvairius klient\u0173 poreikius.<\/p>\n<ul>\n<li><strong>Profesin\u0117 kompetencija:<\/strong> M\u016bs\u0173 komanda turi didel\u0119 patirt\u012f ir \u017einias hidraulini\u0173 cilindr\u0173 gamyboje.<\/li>\n<li><strong>Tarptautiniai sertifikatai:<\/strong> Turime \u012fvairius tarptautinius sertifikatus, u\u017etikrinan\u010dius, kad m\u016bs\u0173 produktai atitikt\u0173 pasaulinius kokyb\u0117s standartus.<\/li>\n<li><strong>Individualios paslaugos:<\/strong> Si\u016blome individualiai pritaikytus sprendimus, pritaikytus konkretiems klient\u0173 reikalavimams.<\/li>\n<li><strong>Pa\u017eangi gamybos \u012franga:<\/strong> M\u016bs\u0173 moderniausi \u012frenginiai leid\u017eia tiksliai ir efektyviai gaminti.<\/li>\n<li><strong>Aptarnavimas po pardavimo:<\/strong> Mes teikiame pirmenyb\u0119 klient\u0173 pasitenkinimui, teikdami visapusi\u0161k\u0105 pagalb\u0105 ir paslaugas.<\/li>\n<\/ul>\n<p><img decoding=\"async\" src=\"https:\/\/www.hydraulic-cylinders.net\/wp-content\/uploads\/2025\/04\/songte-company-4.webp\" alt=\"\u012emon\u0117s ap\u017evalga\"><br \/>\n<img decoding=\"async\" src=\"https:\/\/www.hydraulic-cylinders.net\/wp-content\/uploads\/2025\/04\/songte-company-3.webp\" alt=\"\u012emon\u0117s produktai\"><\/p>\n<p>Autorius: lyl<\/p>","protected":false},"excerpt":{"rendered":"<p>Boom Cylinder For Volwa Small Excavator DLS822-9B Product Overview The Boom Cylinder for Volwa Small Excavator DLS822-9B is an essential component in hydraulic systems, specifically designed to control the movement of the boom in excavators. This hydraulic cylinder enables the boom to lift, lower, and tilt, facilitating various material handling tasks. It plays a crucial [&hellip;]<\/p>","protected":false},"featured_media":17869,"comment_status":"open","ping_status":"closed","template":"","meta":{"_et_pb_use_builder":"","_et_pb_old_content":"","_et_gb_content_width":""},"product_brand":[],"product_cat":[1546],"product_tag":[1547,1496],"class_list":{"0":"post-19606","1":"product","2":"type-product","3":"status-publish","4":"has-post-thumbnail","6":"product_cat-boom-cylinders","7":"product_tag-boom-cylinders","8":"product_tag-hydraulic-cylinders","10":"first","11":"instock","12":"shipping-taxable","13":"product-type-simple"},"amp_enabled":true,"_links":{"self":[{"href":"https:\/\/www.hydraulic-cylinders.net\/lt\/wp-json\/wp\/v2\/product\/19606","targetHints":{"allow":["GET"]}}],"collection":[{"href":"https:\/\/www.hydraulic-cylinders.net\/lt\/wp-json\/wp\/v2\/product"}],"about":[{"href":"https:\/\/www.hydraulic-cylinders.net\/lt\/wp-json\/wp\/v2\/types\/product"}],"replies":[{"embeddable":true,"href":"https:\/\/www.hydraulic-cylinders.net\/lt\/wp-json\/wp\/v2\/comments?post=19606"}],"wp:featuredmedia":[{"embeddable":true,"href":"https:\/\/www.hydraulic-cylinders.net\/lt\/wp-json\/wp\/v2\/media\/17869"}],"wp:attachment":[{"href":"https:\/\/www.hydraulic-cylinders.net\/lt\/wp-json\/wp\/v2\/media?parent=19606"}],"wp:term":[{"taxonomy":"product_brand","embeddable":true,"href":"https:\/\/www.hydraulic-cylinders.net\/lt\/wp-json\/wp\/v2\/product_brand?post=19606"},{"taxonomy":"product_cat","embeddable":true,"href":"https:\/\/www.hydraulic-cylinders.net\/lt\/wp-json\/wp\/v2\/product_cat?post=19606"},{"taxonomy":"product_tag","embeddable":true,"href":"https:\/\/www.hydraulic-cylinders.net\/lt\/wp-json\/wp\/v2\/product_tag?post=19606"}],"curies":[{"name":"wp","href":"https:\/\/api.w.org\/{rel}","templated":true}]}}