{"id":19607,"date":"2025-04-07T06:57:08","date_gmt":"2025-04-07T06:57:08","guid":{"rendered":"https:\/\/www.hydraulic-cylinders.net\/product\/boom-cylinder-for-volwa-small-excavator-dls880-9b\/"},"modified":"2025-04-07T06:57:10","modified_gmt":"2025-04-07T06:57:10","slug":"boom-cylinder-for-volwa-small-excavator-dls880-9b","status":"publish","type":"product","link":"https:\/\/www.hydraulic-cylinders.net\/lt\/produktas\/boom-cylinder-for-volwa-small-excavator-dls880-9b\/","title":{"rendered":"\u201eVolwa\u201c ma\u017eo ekskavatoriaus DLS880-9B str\u0117l\u0117s cilindras"},"content":{"rendered":"<h1>\u201eVolwa\u201c ma\u017eo ekskavatoriaus DLS880-9B str\u0117l\u0117s cilindras<\/h1>\n<h2>\u012evadas \u012f str\u0117l\u0117s cilindrus<\/h2>\n<p>\u201eVolwa Small Excavator DLS880-9B\u201c str\u0117l\u0117s cilindras yra esminis ekskavatori\u0173 hidraulin\u0117s sistemos komponentas. Jis atlieka svarb\u0173 vaidmen\u012f kontroliuojant kau\u0161o jud\u0117jim\u0105, leid\u017eiant jam efektyviai kelti, leisti ir pakreipti. \u0160is hidraulinis cilindras yra specialiai sukurtas sunkiems kroviniams valdyti ir u\u017etikrina tiksl\u0173 jud\u0117jim\u0105, reikaling\u0105 \u012fvairioms med\u017eiag\u0173 tvarkymo u\u017eduotims statybviet\u0117se ir kitose sunkiasvor\u0117se srityse.<\/p>\n<p><img decoding=\"async\" src=\"https:\/\/www.hydraulic-cylinders.net\/wp-content\/uploads\/2025\/04\/songte-company-1.webp\" alt=\"Ekskavatori\u0173 str\u0117l\u0117s cilindras\"><\/p>\n<h3>Kau\u0161o cilindr\u0173 supratimas<\/h3>\n<p>Kau\u0161o cilindrai yra hidrauliniai cilindrai, kurie daugiausia naudojami kau\u0161o jud\u0117jimui valdyti sunkiosiose ma\u0161inose, tokiose kaip ekskavatoriai, ekskavatoriniai krautuvai ir frontaliniai krautuvai. Jie leid\u017eia kau\u0161ui atlikti kelet\u0105 esmini\u0173 funkcij\u0173, \u012fskaitant k\u0117lim\u0105, nuleidim\u0105 ir pakreipim\u0105, kurios yra labai svarbios efektyviam med\u017eiag\u0173 tvarkymui. \u0160i\u0173 cilindr\u0173 veikimas leid\u017eia operatoriams efektyviai atlikti tokias u\u017eduotis kaip kasimas, krovimas ir med\u017eiag\u0173 transportavimas, taip prisidedant prie didesnio na\u0161umo darbo vietose.<\/p>\n<h2>Str\u0117l\u0117s cilindro savyb\u0117s<\/h2>\n<ul>\n<li><strong>Didelis stiprumas ir ilgaam\u017ei\u0161kumas:<\/strong> Pagamintas i\u0161 didelio stiprumo plieno arba aliuminio, \u0161is cilindras gali atlaikyti auk\u0161t\u0105 sl\u0117g\u012f ir dideles apkrovas, tod\u0117l tinka at\u0161iaurioms darbo aplinkoms. Jis sukurtas taip, kad b\u016bt\u0173 atsparus dilimui ir korozijai, taip pailginant jo tarnavimo laik\u0105.<\/li>\n<li><strong>Efektyvus hidraulinis valdymas:<\/strong> Cilindras, kurio i\u0161pl\u0117timas ir \u012ftraukimas vyksta skland\u017eiai d\u0117l hidraulin\u0117s alyvos sl\u0117gio, greitai reaguoja \u012f operatoriaus komandas ir u\u017etikrina galingas st\u016bmimo bei traukimo j\u0117gas, idealiai tinkan\u010dias sunkioms ir sud\u0117tingoms u\u017eduotims atlikti.<\/li>\n<li><strong>\u012evair\u016bs variantai:<\/strong> Galima \u012fsigyti vienpusio veikimo (hidraulinis veikimas viena kryptimi) arba dvigubo veikimo (hidraulinis veikimas abiem kryptimis) konfig\u016bracij\u0173, tod\u0117l jis atitinka skirtingus eksploatacinius poreikius, o kai kurie modeliai pasi\u017eymi teleskopin\u0117mis konstrukcijomis, kad b\u016bt\u0173 galima labiau i\u0161tiesti nedidinant i\u0161orini\u0173 matmen\u0173.<\/li>\n<li><strong>Suderinamumas:<\/strong> M\u016bs\u0173 gaminys gali skland\u017eiai pakeisti \u012fvairius hidraulinius cilindrus, u\u017etikrindamas patikim\u0105 j\u016bs\u0173 ma\u0161in\u0173 veikim\u0105.<\/li>\n<\/ul>\n<p><img decoding=\"async\" src=\"https:\/\/www.hydraulic-cylinders.net\/wp-content\/uploads\/2025\/04\/songte-cylinder-head-with-all-kinds-excavator-models.webp\" alt=\"Ekskavatori\u0173 modeli\u0173 suderinamumas\"><\/p>\n<h2>Str\u0117l\u0117s cilindro pritaikymas<\/h2>\n<h3>Statybin\u0117 \u012franga<\/h3>\n<p>Ekskavatoriuose str\u0117l\u0117s cilindrai yra gyvybi\u0161kai svarb\u016bs kasant, kraunant ir transportuojant grunt\u0105 ar \u0161iuk\u0161les. Jie leid\u017eia kau\u0161ui efektyviai \u012fsiskverbti \u012f \u017eem\u0119, tod\u0117l jie yra b\u016btini atliekant kasimo darbus. Ekskavatoriuose-krautuvuose \u0161ie cilindrai padeda tiek kasant, tiek keliant, tod\u0117l padid\u0117ja universalumas.<\/p>\n<h3>\u017dem\u0117s \u016bkio \u012franga<\/h3>\n<p>Priekiniai krautuvai naudoja str\u0117l\u0117s cilindrus dirvo\u017eemiui, \u0161ienui ir kitoms med\u017eiagoms semti, kelti ir transportuoti. D\u0117l savo geb\u0117jimo atlikti kelis veiksmus jie yra nepakei\u010diami \u017eem\u0117s \u016bkio aplinkoje, kur efektyvumas yra svarbiausias.<\/p>\n<h3>Ekskavatoriai<\/h3>\n<p>Tradiciniuose ekskavatoriuose kau\u0161o cilindras leid\u017eia atlikti kasimo veiksmus, leisdamas kau\u0161ui pramu\u0161ti dirvo\u017eem\u012f. J\u0173 konstrukcija u\u017etikrina maksimal\u0173 kasimo efektyvum\u0105, o tai labai svarbu \u017eem\u0117s darb\u0173 projektuose.<\/p>\n<h3>Krautuvai<\/h3>\n<p>Priekiniuose krautuvuose \u0161ie cilindrai padeda efektyviai pakelti ir i\u0161versti krovinius. J\u0173 stiprus hidraulinis veikimas yra b\u016btinas efektyviam med\u017eiag\u0173 tvarkymui ir na\u0161umui statybviet\u0117je.<\/p>\n<h2>Projektavimo aspektai ir atrankos kriterijai<\/h2>\n<h3>Keliamoji galia<\/h3>\n<p>Renkantis str\u0117l\u0117s cilindr\u0105, svarbiausia yra keliamoji galia. Cilindras turi atlaikyti dideles apkrovas nepakenkdamas konstrukcijos vientisumui. Apskai\u010diuojant numatom\u0105 apkrov\u0105 eksploatacijos metu, u\u017etikrinama, kad pasirinktas cilindras gali atlaikyti apkrovas be gedim\u0173.<\/p>\n<h3>Sandarinimas<\/h3>\n<p>Efektyvus sandarinimas yra labai svarbus siekiant i\u0161vengti hidraulinio skys\u010dio nuot\u0117kio, kuris gali lemti sistemos neefektyvum\u0105. Auk\u0161tos kokyb\u0117s sandarikliai u\u017etikrina, kad hidraulinis skystis likt\u0173 sandarus, i\u0161laikant optimal\u0173 sl\u0117g\u012f ir na\u0161um\u0105.<\/p>\n<h3>Patvarumas<\/h3>\n<p>Patvarumas yra labai svarbus veiksnys, nes str\u0117l\u0117s cilindrai da\u017enai veikia at\u0161iauriomis s\u0105lygomis. Pasirinkus med\u017eiagas, kurios yra atsparios dilimui, korozijai ir sm\u016bgiams, galima \u017eymiai pailginti cilindro tarnavimo laik\u0105.<\/p>\n<h3>Saugumas<\/h3>\n<p>Saugos funkcijoms visada tur\u0117t\u0173 b\u016bti teikiamas prioritetas. Tai apima \u012fmontuotus apsauginius vo\u017etuvus, kurie apsaugo nuo vir\u0161sl\u0117gio situacij\u0173, kurios eksploatacijos metu gali sukelti katastrofi\u0161k\u0173 gedim\u0173.<\/p>\n<h3>Prie\u017ei\u016bra<\/h3>\n<p>Renkantis str\u0117l\u0117s cilindrus, labai svarbus j\u0173 prie\u017ei\u016bros paprastumas. Komponentai, kurie palengvina prieig\u0105 remontui ir keitimui, padidina na\u0161um\u0105 ir suma\u017eina prastovas.<\/p>\n<p><img decoding=\"async\" src=\"https:\/\/www.hydraulic-cylinders.net\/wp-content\/uploads\/2025\/04\/songte-oil-pipes-and-spare-parts.webp\" alt=\"Hidraulin\u0117s dalys ir prie\u017ei\u016bra\"><\/p>\n<h2>Hidraulinio cilindro sandarinimas ir tepimas<\/h2>\n<p>Tinkamas sandarinimas ir tepimas yra b\u016btini efektyviam str\u0117l\u0117s cilindr\u0173 veikimui. Siekiant u\u017etikrinti hidraulinio skys\u010dio sandarum\u0105, naudojami \u012fvair\u016bs sandarinimo elementai, tokie kaip st\u016bmokli\u0173 ir stryp\u0173 sandarikliai. \u0160ie sandarikliai da\u017enai gaminami i\u0161 atspari\u0173 dilimui med\u017eiag\u0173, toki\u0173 kaip poliuretanas ir nitrilo kau\u010diukas, kurios padidina patvarum\u0105. Be to, cilindr\u0173 korpusai ir srieginiai galai kruop\u0161\u010diai apdorojami, siekiant pagerinti atsparum\u0105 dilimui. Reguliarus tepimas hidrauline alyva yra b\u016btinas norint u\u017etikrinti skland\u0173 veikim\u0105 ir i\u0161vengti judan\u010di\u0173 dali\u0173 susid\u0117v\u0117jimo.<\/p>\n<h2>Reguliarios patikros ir prevencin\u0117s prie\u017ei\u016bros priemon\u0117s<\/h2>\n<ul>\n<li><strong>Reguliar\u016bs patikrinimai:<\/strong> Planuokite reguliarias patikras, kad nustatytum\u0117te susid\u0117v\u0117jim\u0105 ir galimus gedimus, kol jie nepadid\u0117s. Patikrinkite sandariklius, \u017earnas ir konstrukcijos vientisum\u0105, kad u\u017etikrintum\u0117te optimal\u0173 veikim\u0105.<\/li>\n<li><strong>Tinkamas tepimas:<\/strong> \u012esitikinkite, kad hidraulin\u0117s alyvos lygis yra tinkamas, ir keiskite j\u0105 pagal poreik\u012f, kad cilindras veikt\u0173 efektyviai.<\/li>\n<li><strong>Sandariklio keitimas:<\/strong> Steb\u0117kite sandarikli\u0173 susid\u0117v\u0117jim\u0105 ir nedelsdami juos pakeiskite. Susid\u0117v\u0117j\u0119 sandarikliai gali sukelti skys\u010dio nuot\u0117k\u012f, kuris turi \u012ftakos hidraulin\u0117s sistemos efektyvumui.<\/li>\n<\/ul>\n<h2>Teisingo \u012frengimo gair\u0117s<\/h2>\n<p>Tinkamas str\u0117l\u0117s cilindro montavimas yra labai svarbus optimaliam veikimui ir ilgaam\u017ei\u0161kumui. Pirmiausia \u012fsitikinkite, kad visi komponentai yra \u0161var\u016bs ir be \u0161iuk\u0161li\u0173. Atsargiai sulygiuokite cilindr\u0105 su tvirtinimo ta\u0161kais, naudodami tinkamus laikiklius, kad j\u012f pritvirtintum\u0117te. Montuodami venkite per didel\u0117s j\u0117gos, nes tai gali pa\u017eeisti komponentus. Be to, reguliariai tikrinkite lygiavim\u0105 ir \u012fsitikinkite, kad hidraulin\u0117s jungtys yra tvirtos ir be nuot\u0117ki\u0173. Laikydamiesi \u0161i\u0173 gairi\u0173, pagerinsite cilindro veikim\u0105 ir pailginsite jo tarnavimo laik\u0105.<\/p>\n<h2>\u012eprastos prie\u017ei\u016bros u\u017eduotys<\/h2>\n<ul>\n<li><strong>Reguliar\u016bs patikrinimai:<\/strong> Atlikite reguliarius patikrinimus, kad nustatytum\u0117te bet kokius susid\u0117v\u0117jimo po\u017eymius ar galimas problemas. Ankstyvas aptikimas gali pad\u0117ti i\u0161vengti dideli\u0173 gedim\u0173 ir pailginti cilindro tarnavimo laik\u0105.<\/li>\n<li><strong>Tinkamas tepimas:<\/strong> U\u017etikrinkite, kad hidraulin\u0117s alyvos lygis b\u016bt\u0173 optimalus, ir prireikus keiskite j\u0105, kad sistema veikt\u0173 skland\u017eiai.<\/li>\n<li><strong>Sandariklio keitimas:<\/strong> Reguliariai tikrinkite sandariklius, ar jie nesusid\u0117v\u0117j\u0119, ir pakeiskite juos, kad i\u0161vengtum\u0117te hidraulinio skys\u010dio nuot\u0117kio, kuris gali pakenkti veikimui.<\/li>\n<\/ul>\n<p>Tinkamas montavimas, tepimas ir reguliavimas yra labai svarb\u016bs norint i\u0161laikyti str\u0117l\u0117s cilindro funkcionalum\u0105 ir saug\u0105. Montavimo metu teisingai sulygiuokite cilindr\u0105, kad i\u0161vengtum\u0117te nesuderinamumo, ir naudokite tvirtinimo laikiklius stabilumui u\u017etikrinti. Reguliar\u016bs patikrinimai, remontas ir keitimas gali u\u017etikrinti geriausi\u0105 na\u0161um\u0105 ir pailginti hidraulini\u0173 komponent\u0173 tarnavimo laik\u0105.<\/p>\n<p><img decoding=\"async\" src=\"https:\/\/www.hydraulic-cylinders.net\/wp-content\/uploads\/2025\/04\/songte-chushion-collar.webp\" alt=\"Cilindr\u0173 pagalv\u0117l\u0117s apykakl\u0117\"><\/p>\n<h2>Saugos aspektai ir aplinkos veiksniai<\/h2>\n<p>Naudojant str\u0117l\u0117s cilindrus, saugos priemon\u0117s yra labai svarbios. Operatoriai tur\u0117t\u0173 b\u016bti apmokyti elgtis su hidrauline \u012franga, laikantis vis\u0173 saugos protokol\u0173, kad b\u016bt\u0173 i\u0161vengta nelaiming\u0173 atsitikim\u0173. Be to, atsi\u017evelkite \u012f aplinkos veiksnius, tokius kaip galimi nuot\u0117kiai, kurie gali pakenkti aplinkinei teritorijai. I\u0161siliejimo sulaikymo priemoni\u0173 \u012fgyvendinimas ir reguliari prie\u017ei\u016bra gali pad\u0117ti suma\u017einti \u0161i\u0105 rizik\u0105 ir u\u017etikrinti saug\u0173 darb\u0105.<\/p>\n<h2>Da\u017eniausiai pasitaikan\u010di\u0173 problem\u0173 \u0161alinimas<\/h2>\n<ul>\n<li><strong>Nuot\u0117kis:<\/strong> Nustatykite hidraulinio skys\u010dio nuot\u0117kio \u0161altin\u012f. Patikrinkite sandariklius ir jungtis ir nedelsdami pakeiskite visus pa\u017eeistus komponentus.<\/li>\n<li><strong>Prastas na\u0161umas:<\/strong> Jei cilindras nereaguoja taip, kaip numatyta, patikrinkite hidraulinio skys\u010dio lyg\u012f ir ap\u017ei\u016br\u0117kite, ar sistemoje n\u0117ra u\u017esikim\u0161im\u0173.<\/li>\n<li><strong>Ne\u012fprasti garsai:<\/strong> Veikimo metu klausykite, ar n\u0117ra ne\u012fprast\u0173 gars\u0173, kurie gali rodyti mechanines problemas. Nedelsdami i\u0161tirkite ir pa\u0161alinkite visas problemas.<\/li>\n<\/ul>\n<p>Kad \u0161ios problemos b\u016bt\u0173 veiksmingai pa\u0161alintos, operatoriai tur\u0117t\u0173 b\u016bti susipa\u017ein\u0119 su sistema. Reguliar\u016bs mokymai ir technin\u0117s prie\u017ei\u016bros praktikos atnaujinimai gali pad\u0117ti i\u0161vengti galim\u0173 problem\u0173 ir u\u017etikrinti skland\u0173 veikim\u0105.<\/p>\n<p><img decoding=\"async\" src=\"https:\/\/www.hydraulic-cylinders.net\/wp-content\/uploads\/2025\/04\/songte-bushings-with-all-kinds-of-excavator-models.webp\" alt=\"Ekskavatori\u0173 \u012fvor\u0117s\"><\/p>\n<h2>Apie m\u016bs\u0173 \u012fmon\u0119<\/h2>\n<p>Esame pirmaujantis pakaitini\u0173 hidraulini\u0173 cilindr\u0173 gamintojas, si\u016blantis plat\u0173 gamini\u0173 asortiment\u0105, b\u016btin\u0105 tiek vidaus, tiek tarptautin\u0117je rinkose. M\u016bs\u0173 \u012fsipareigojimas kokybei atsispindi tiksliuose gamybos procesuose ir pa\u017eangi\u0173 technologij\u0173 naudojime. Orientuodamiesi \u012f klient\u0173 pasitenkinim\u0105, teikiame individualius sprendimus, pritaikytus \u012fvairiems klient\u0173 poreikiams. M\u016bs\u0173 moderni gamybos \u012franga ir grie\u017etos kokyb\u0117s kontrol\u0117s sistemos u\u017etikrina, kad kiekvienas produktas atitikt\u0173 pramon\u0117s standartus, u\u017etikrindamos auk\u0161t\u0105 efektyvum\u0105, tikslum\u0105 ir patikimum\u0105.<\/p>\n<p><img decoding=\"async\" src=\"https:\/\/www.hydraulic-cylinders.net\/wp-content\/uploads\/2025\/04\/songte-company-4.webp\" alt=\"\u012emon\u0117s ap\u017evalga\"><br \/>\n<img decoding=\"async\" src=\"https:\/\/www.hydraulic-cylinders.net\/wp-content\/uploads\/2025\/04\/songte-company-3.webp\" alt=\"Gamybos \u012fmon\u0117\"><\/p>\n<h2>I\u0161vada<\/h2>\n<p>Kalbant apie auk\u0161tos kokyb\u0117s, patikimus str\u0117l\u0117s cilindrus, m\u016bs\u0173 \u012fmon\u0117 i\u0161siskiria kaip patikimas tiek\u0117jas. M\u016bs\u0173 patirtis hidraulini\u0173 sprendim\u0173 srityje u\u017etikrina, kad gausite gaminius, kurie ne tik atitinka, bet ir pranoksta j\u016bs\u0173 l\u016bkes\u010dius. Susisiekite su mumis \u0161iandien ir su\u017einokite daugiau apie m\u016bs\u0173 pasi\u016blymus bei kaip galime pad\u0117ti jums patenkinti hidraulinius poreikius.<\/p>\n<p>Autorius: lyl<\/p>","protected":false},"excerpt":{"rendered":"<p>Boom Cylinder For Volwa Small Excavator DLS880-9B Introduction to Boom Cylinders The Boom Cylinder for Volwa Small Excavator DLS880-9B is an essential component in the hydraulic system of excavators. It plays a critical role in controlling the movement of the bucket, allowing it to lift, lower, and tilt effectively. This hydraulic cylinder is specifically designed [&hellip;]<\/p>","protected":false},"featured_media":17870,"comment_status":"open","ping_status":"closed","template":"","meta":{"_et_pb_use_builder":"","_et_pb_old_content":"","_et_gb_content_width":""},"product_brand":[],"product_cat":[1546],"product_tag":[1547,1496],"class_list":{"0":"post-19607","1":"product","2":"type-product","3":"status-publish","4":"has-post-thumbnail","6":"product_cat-boom-cylinders","7":"product_tag-boom-cylinders","8":"product_tag-hydraulic-cylinders","10":"first","11":"instock","12":"shipping-taxable","13":"product-type-simple"},"amp_enabled":true,"_links":{"self":[{"href":"https:\/\/www.hydraulic-cylinders.net\/lt\/wp-json\/wp\/v2\/product\/19607","targetHints":{"allow":["GET"]}}],"collection":[{"href":"https:\/\/www.hydraulic-cylinders.net\/lt\/wp-json\/wp\/v2\/product"}],"about":[{"href":"https:\/\/www.hydraulic-cylinders.net\/lt\/wp-json\/wp\/v2\/types\/product"}],"replies":[{"embeddable":true,"href":"https:\/\/www.hydraulic-cylinders.net\/lt\/wp-json\/wp\/v2\/comments?post=19607"}],"wp:featuredmedia":[{"embeddable":true,"href":"https:\/\/www.hydraulic-cylinders.net\/lt\/wp-json\/wp\/v2\/media\/17870"}],"wp:attachment":[{"href":"https:\/\/www.hydraulic-cylinders.net\/lt\/wp-json\/wp\/v2\/media?parent=19607"}],"wp:term":[{"taxonomy":"product_brand","embeddable":true,"href":"https:\/\/www.hydraulic-cylinders.net\/lt\/wp-json\/wp\/v2\/product_brand?post=19607"},{"taxonomy":"product_cat","embeddable":true,"href":"https:\/\/www.hydraulic-cylinders.net\/lt\/wp-json\/wp\/v2\/product_cat?post=19607"},{"taxonomy":"product_tag","embeddable":true,"href":"https:\/\/www.hydraulic-cylinders.net\/lt\/wp-json\/wp\/v2\/product_tag?post=19607"}],"curies":[{"name":"wp","href":"https:\/\/api.w.org\/{rel}","templated":true}]}}