{"id":19608,"date":"2025-04-07T06:57:10","date_gmt":"2025-04-07T06:57:10","guid":{"rendered":"https:\/\/www.hydraulic-cylinders.net\/product\/boom-cylinder-for-volwa-middle-excavator-dls200-8b\/"},"modified":"2025-04-07T06:57:13","modified_gmt":"2025-04-07T06:57:13","slug":"boom-cylinder-for-volwa-middle-excavator-dls200-8b","status":"publish","type":"product","link":"https:\/\/www.hydraulic-cylinders.net\/lt\/produktas\/boom-cylinder-for-volwa-middle-excavator-dls200-8b\/","title":{"rendered":"\u201eVolwa\u201c vidutinio dyd\u017eio ekskavatoriaus DLS200-8B str\u0117l\u0117s cilindras"},"content":{"rendered":"<h1>\u201eVolwa\u201c vidutinio dyd\u017eio ekskavatoriaus DLS200-8B str\u0117l\u0117s cilindras<\/h1>\n<h2>Kau\u0161o cilindro apibr\u0117\u017eimas<\/h2>\n<p>Str\u0117l\u0117s cilindras, dar \u017einomas kaip kau\u0161o cilindras, yra labai svarbus hidraulini\u0173 sistem\u0173 komponentas, specialiai sukurtas valdyti \u012fvairi\u0173 sunki\u0173j\u0173 ma\u0161in\u0173 kau\u0161\u0173, toki\u0173 kaip ekskavatoriai, ekskavatoriniai krautuvai ir frontaliniai krautuvai, jud\u0117jim\u0105. \u0160is hidraulinis cilindras leid\u017eia kau\u0161ui kelti, nuleisti ir pakreipti, taip palengvindamas efektyv\u0173 med\u017eiag\u0173 tvarkym\u0105. Kau\u0161o cilindras atlieka gyvybi\u0161kai svarb\u0173 vaidmen\u012f didinant \u0161i\u0173 ma\u0161in\u0173 eksploatacin\u012f efektyvum\u0105, suteikdamas joms galimyb\u0119 atlikti sud\u0117tingas kasimo, k\u0117limo ir transportavimo funkcijas.<\/p>\n<p>Paprastai kau\u0161o cilindras gaminamas i\u0161 didelio stiprumo med\u017eiag\u0173, kad atlaikyt\u0173 sud\u0117tingas sunki\u0173 darb\u0173 s\u0105lygas. Jo konstrukcija orientuota \u012f ilgaam\u017ei\u0161kum\u0105, u\u017etikrinant, kad jis atlaikyt\u0173 didel\u012f sl\u0117g\u012f ir apkrovas, su kuriomis susiduriama eksploatacijos metu. D\u0117l savo esmin\u0117s funkcijos kau\u0161o cilindras yra suprojektuotas taip, kad judesiai b\u016bt\u0173 skland\u016bs ir kontroliuojami, leid\u017eiantys tiksliai tvarkyti med\u017eiagas statybviet\u0117se ir kitose pramonin\u0117se aplinkose.<\/p>\n<p><img decoding=\"async\" src=\"https:\/\/www.hydraulic-cylinders.net\/wp-content\/uploads\/2025\/04\/songte-company-1.webp\" alt=\"Str\u0117l\u0117s cilindro vaizdas\"><\/p>\n<h2>Str\u0117l\u0117s cilindro savyb\u0117s<\/h2>\n<ul>\n<li>\n<h3>Didelis stiprumas ir ilgaam\u017ei\u0161kumas<\/h3>\n<p>Paprastai i\u0161 didelio stiprumo plieno arba aliuminio pagamintas str\u0117l\u0117s cilindras yra skirtas atlaikyti auk\u0161t\u0105 sl\u0117g\u012f ir dideles apkrovas. Jo konstrukcija atsi\u017evelgia \u012f atsparum\u0105 dilimui ir korozijai, tod\u0117l jo tarnavimo laikas pailg\u0117ja net ir at\u0161iauriomis darbo s\u0105lygomis.<\/p>\n<\/li>\n<li>\n<h3>Efektyvus hidraulinis valdymas<\/h3>\n<p>Naudodamas hidraulin\u0117s alyvos sl\u0117g\u012f, str\u0117l\u0117s cilindras skland\u017eiai i\u0161tiesia ir atitraukia str\u0117l\u0119. Tai leid\u017eia greitai reaguoti \u012f valdymo komandas ir tuo pa\u010diu metu u\u017etikrinti dideles st\u016bmimo bei traukimo j\u0117gas, tod\u0117l jis tinka sunkiems objektams kelti ir sud\u0117tingoms u\u017eduotims atlikti.<\/p>\n<\/li>\n<li>\n<h3>\u012evair\u016bs tipai<\/h3>\n<p>Str\u0117l\u0117s cilindr\u0105 galima pasirinkti kaip vienpusio veikimo (hidraulin\u012f sl\u0117g\u012f naudojant viena kryptimi) arba dvipusio veikimo (hidraulin\u012f sl\u0117g\u012f naudojant abiem kryptimis), kad b\u016bt\u0173 patenkinti skirtingi eksploataciniai poreikiai. Kai kurie modeliai yra teleskopiniai, tod\u0117l galima labiau i\u0161tiesti str\u0117l\u0119 nedidinant i\u0161orini\u0173 matmen\u0173, tod\u0117l jie idealiai tinka naudoti ribotoje erdv\u0117je.<\/p>\n<\/li>\n<\/ul>\n<p>M\u016bs\u0173 \u012fmon\u0117 gali gaminti \u0161\u012f produkt\u0105, o m\u016bs\u0173 gaminiai gali puikiai pakeisti \u0161iuos hidraulinius cilindrus.<\/p>\n<p><img decoding=\"async\" src=\"https:\/\/www.hydraulic-cylinders.net\/wp-content\/uploads\/2025\/04\/songte-cylinder-head-with-all-kinds-excavator-models.webp\" alt=\"Ekskavatori\u0173 modeliai\"><\/p>\n<h2>Hidraulinio cilindro pritaikymas<\/h2>\n<ul>\n<li>\n<h3>Statybin\u0117 \u012franga<\/h3>\n<p>Ekskavatoriuose str\u0117l\u0117s cilindrai yra b\u016btini kasant, kraunant ir perkeliant grunt\u0105 ar \u0161iuk\u0161les. Jie leid\u017eia kau\u0161ui efektyviai \u012fsiskverbti \u012f \u017eem\u0119, tod\u0117l galima efektyviai atlikti kasimo darbus ir tvarkyti med\u017eiagas. Ekskavatoriuose-krautuvuose \u0161ie cilindrai palengvina tiek kasim\u0105, tiek k\u0117lim\u0105, tod\u0117l jie yra universal\u016bs \u012frenginiai \u012fvairioms statybos u\u017eduotims atlikti.<\/p>\n<\/li>\n<li>\n<h3>\u017dem\u0117s \u016bkio technika<\/h3>\n<p>Priekiniuose krautuvuose str\u0117l\u0117s cilindrai yra labai svarb\u016bs grandant, keliant ir transportuojant dirvo\u017eem\u012f, \u0161ien\u0105 ir kitas med\u017eiagas. \u0160ie hidrauliniai cilindrai leid\u017eia \u017eem\u0117s \u016bkio technikai dirbti efektyviai, o tai prisideda prie didesnio na\u0161umo \u016bkininkavimo operacijose.<\/p>\n<\/li>\n<li>\n<h3>Ekskavatoriai<\/h3>\n<p>Ekskavatori\u0173 str\u0117l\u0117s cilindras suteikia reikiam\u0105 j\u0117g\u0105 kau\u0161ui \u012fsiskverbti \u012f dirv\u0105 ir taip u\u017etikrinti efektyv\u0173 kasim\u0105. \u0160i savyb\u0117 yra gyvybi\u0161kai svarbi statyb\u0173 ir \u017eem\u0117s darb\u0173 pramon\u0117je, kur tikslumas ir galia yra b\u016btini darbui.<\/p>\n<\/li>\n<li>\n<h3>Krautuvai<\/h3>\n<p>Priekiniuose krautuvuose str\u0117l\u0117s cilindrai padeda efektyviai kelti ir i\u0161versti krovinius. Jie leid\u017eia operatoriams lengvai tvarkyti med\u017eiagas, taip prisidedant prie bendro ma\u0161inos na\u0161umo \u012fvairiose eksploatavimo s\u0105lygose.<\/p>\n<\/li>\n<\/ul>\n<h2>Projektavimo aspektai ir atrankos kriterijai<\/h2>\n<ul>\n<li>\n<h3>Keliamoji galia<\/h3>\n<p>Hidraulinio cilindro keliamoji galia yra labai svarbus jo konstrukcijos veiksnys. Jis turi b\u016bti suprojektuotas taip, kad atlaikyt\u0173 did\u017eiausias apkrovas, tik\u0117tinas eksploatacijos metu, be gedimo rizikos. Tai apima kruop\u0161\u010dius skai\u010diavimus ir med\u017eiag\u0173 parinkim\u0105, siekiant u\u017etikrinti saug\u0105 ir patikimum\u0105.<\/p>\n<\/li>\n<li>\n<h3>Sandarinimas<\/h3>\n<p>Efektyvus sandarinimas yra b\u016btinas norint i\u0161vengti hidraulinio skys\u010dio nuot\u0117kio ir palaikyti sl\u0117g\u012f sistemoje. Siekiant padidinti cilindro ilgaam\u017ei\u0161kum\u0105 ir na\u0161um\u0105, naudojami auk\u0161tos kokyb\u0117s sandarikliai, pagaminti i\u0161 patvari\u0173 med\u017eiag\u0173, toki\u0173 kaip poliuretanas arba nitrilo kau\u010diukas.<\/p>\n<\/li>\n<li>\n<h3>Patvarumas<\/h3>\n<p>Str\u0117l\u0117s cilindro patvarumas yra nepaprastai svarbus, nes jis nuolat d\u0117visi. Gamintojai da\u017enai taiko pavir\u0161iaus apdorojimo b\u016bdus ir dangas, kad pagerint\u0173 atsparum\u0105 dilimui ir korozijai, u\u017etikrindami ilgalaik\u012f funkcionalum\u0105 net ir sud\u0117tingomis s\u0105lygomis.<\/p>\n<\/li>\n<li>\n<h3>Saugumas<\/h3>\n<p>Saugumas yra svarbiausias hidraulini\u0173 cilindr\u0173 projektavimo prioritetas. Tai apima funkcij\u0173, kurios apsaugo nuo per didelio i\u0161sitempimo, riboja sl\u0117gio lyg\u012f ir apima avarinio i\u0161leidimo mechanizmus, apsaugan\u010dius operatorius ir ma\u0161inas, \u012fdiegim\u0105.<\/p>\n<\/li>\n<li>\n<h3>Prie\u017ei\u016bra<\/h3>\n<p>Hidraulini\u0173 cilindr\u0173 projektavimas atsi\u017evelgiant \u012f technin\u0119 prie\u017ei\u016br\u0105 yra b\u016btinas. Tai apima lengv\u0105 prieig\u0105 prie sandarikli\u0173, tepimo ta\u0161k\u0173 ir kit\u0173 komponent\u0173, kuriuos reikia reguliariai tikrinti ir pri\u017ei\u016br\u0117ti, siekiant u\u017etikrinti optimal\u0173 na\u0161um\u0105 ir ilgaam\u017ei\u0161kum\u0105.<\/p>\n<\/li>\n<\/ul>\n<p><img decoding=\"async\" src=\"https:\/\/www.hydraulic-cylinders.net\/wp-content\/uploads\/2025\/04\/songte-oil-pipes-and-spare-parts.webp\" alt=\"Hidraulin\u0117s dalys\"><\/p>\n<h2>Produkto sandarinimas ir tepimas<\/h2>\n<p>Siekiant u\u017etikrinti efektyv\u0173 str\u0117l\u0117s cilindr\u0173 veikim\u0105, naudojami \u012fvair\u016bs sandarinimo komponentai, \u012fskaitant st\u016bmokli\u0173 ir stryp\u0173 sandariklius. Sandarikliai paprastai gaminami i\u0161 atspari\u0173 dilimui med\u017eiag\u0173, toki\u0173 kaip poliuretanas arba nitrilo kau\u010diukas, kurios padidina j\u0173 patvarum\u0105 ir efektyvum\u0105. Cilindro korpusas ir srieginiai galiniai pavir\u0161iai yra tiksliai apdirbami, siekiant padidinti atsparum\u0105 dilimui ir funkcionalum\u0105.<\/p>\n<p>Reguliarus tepimas hidrauline alyva yra b\u016btinas skland\u017eiam veikimui. Tinkamas tepimas suma\u017eina trint\u012f tarp judan\u010di\u0173 dali\u0173, suma\u017eina susid\u0117v\u0117jim\u0105 ir pailgina cilindro tarnavimo laik\u0105. Operatoriai tur\u0117t\u0173 laikytis technin\u0117s prie\u017ei\u016bros grafik\u0173, kad hidraulin\u0117 sistema veikt\u0173 optimaliai.<\/p>\n<h2>Reguliarios patikros ir prevencin\u0117s prie\u017ei\u016bros priemon\u0117s<\/h2>\n<ul>\n<li>\n<h3>Reguliar\u016bs patikrinimai<\/h3>\n<p>Reguliar\u016bs patikrinimai yra labai svarb\u016bs norint nustatyti galimas problemas, kol jos nepa\u016bm\u0117jo. Operatoriai tur\u0117t\u0173 patikrinti, ar n\u0117ra nuot\u0117ki\u0173, sandarikli\u0173 susid\u0117v\u0117jimo ir bendros cilindro b\u016bkl\u0117s, kad i\u0161laikyt\u0173 veiklos efektyvum\u0105.<\/p>\n<\/li>\n<li>\n<h3>Tinkamas tepimas<\/h3>\n<p>Labai svarbu u\u017etikrinti, kad hidraulinis cilindras b\u016bt\u0173 tinkamai suteptas. Operatoriai tur\u0117t\u0173 reguliariai tikrinti ir papildyti hidraulin\u0117s alyvos lyg\u012f, laikydamiesi gamintojo rekomendacij\u0173 d\u0117l technin\u0117s prie\u017ei\u016bros interval\u0173.<\/p>\n<\/li>\n<li>\n<h3>Sandariklio keitimas<\/h3>\n<p>Laikui b\u0117gant, sandarikliai gali susid\u0117v\u0117ti d\u0117l susid\u0117v\u0117jimo ir s\u0105ly\u010dio su hidrauliniu skys\u010diu. Operatoriai turi steb\u0117ti sandarikli\u0173 b\u016bkl\u0119 ir prireikus juos pakeisti, kad b\u016bt\u0173 i\u0161vengta nuot\u0117ki\u0173 ir u\u017etikrintas efektyvus veikimas.<\/p>\n<\/li>\n<\/ul>\n<h2>\u012erengimo gair\u0117s<\/h2>\n<p>Teisingas montavimas yra labai svarbus str\u0117l\u0117s cilindro veikimui. Pirmiausia \u012fsitikinkite, kad tvirtinimo laikikliai yra tinkamai sulygiuoti, kad i\u0161vengtum\u0117te per didelio cilindro \u012ftempimo. Naudokite tinkamus montavimo \u012frankius, kad pritvirtintum\u0117te cilindr\u0105 vietoje, ir \u012fsitikinkite, kad visos hidraulin\u0117s jungtys yra sandarios, kad i\u0161vengtum\u0117te nuot\u0117ki\u0173.<\/p>\n<p>Labai svarbu laikytis gamintojo nurodym\u0173 d\u0117l sukimo momento nustatym\u0173 ir lygiavimo proced\u016br\u0173. Tinkam\u0173 tvirtinimo laikikli\u0173 ir \u012ftais\u0173 naudojimas gali padidinti stabilum\u0105 ir saug\u0105 eksploatacijos metu. \u012erengus sistem\u0105, prie\u0161 pradedant eksploatuoti, atlikite i\u0161sam\u0173 patikrinim\u0105, kad \u012fsitikintum\u0117te, jog hidraulinio skys\u010dio lygis yra tinkamas ir kad sistemoje n\u0117ra nuot\u0117ki\u0173.<\/p>\n<h2>\u012eprastos prie\u017ei\u016bros u\u017eduotys<\/h2>\n<ul>\n<li>\n<h3>Reguliar\u016bs patikrinimai<\/h3>\n<p>Reguliariai tikrinti str\u0117l\u0117s cilindr\u0105 yra labai svarbu norint anksti nustatyti galimas problemas. Patikrinkite, ar n\u0117ra susid\u0117v\u0117jimo po\u017eymi\u0173, nuot\u0117ki\u0173 ir ar tinkamas suderinimas. Ankstyvas problem\u0173 nustatymas gali pad\u0117ti i\u0161vengti rimtesni\u0173 gedim\u0173 ir brangaus remonto.<\/p>\n<\/li>\n<li>\n<h3>Tinkamas tepimas<\/h3>\n<p>Tepimas turi b\u016bti atliekamas pagal technin\u0117s prie\u017ei\u016bros grafik\u0105. \u012esitikinkite, kad visi tepimo ta\u0161kai yra prieinami ir kad naudojama tinkama hidraulin\u0117 alyva. Tai padeda suma\u017einti trint\u012f ir nusid\u0117v\u0117jim\u0105, taip pailgindama cilindro tarnavimo laik\u0105.<\/p>\n<\/li>\n<li>\n<h3>Tarpikli\u0173 keitimas ir kalibravimo patikrinimai<\/h3>\n<p>Tarpikliai tur\u0117t\u0173 b\u016bti reguliariai kei\u010diami, kad b\u016bt\u0173 i\u0161vengta nuot\u0117ki\u0173. Kalibravimo patikrinimai taip pat svarb\u016bs siekiant u\u017etikrinti tinkam\u0105 cilindro veikim\u0105. Reguliarios prie\u017ei\u016bros proced\u016bros tur\u0117t\u0173 b\u016bti dokumentuojamos, kad b\u016bt\u0173 galima jas per\u017ei\u016br\u0117ti ir nuolat tobulinti.<\/p>\n<\/li>\n<\/ul>\n<p><img decoding=\"async\" src=\"https:\/\/www.hydraulic-cylinders.net\/wp-content\/uploads\/2025\/04\/songte-chushion-collar.webp\" alt=\"Cilindro montavimas\"><\/p>\n<h2>Saugos aspektai ir aplinkos veiksniai<\/h2>\n<p>Naudojant hidraulinius cilindrus, labai svarbu \u012fdiegti saugos priemones. Operatoriai tur\u0117t\u0173 b\u016bti apmokyti suprasti galimus pavojus, susijusius su hidraulin\u0117mis sistemomis, \u012fskaitant auk\u0161to sl\u0117gio skys\u010dio nuot\u0117kio ir \u012frangos gedim\u0173 rizik\u0105. Tinkam\u0173 asmenini\u0173 apsaugos priemoni\u0173 (AAP) naudojimas gali suma\u017einti su\u017ealojim\u0173 rizik\u0105 eksploatacijos metu.<\/p>\n<p>Be to, b\u016btina atsi\u017evelgti \u012f aplinkos veiksnius, tokius kaip i\u0161siliejusi\u0173 skys\u010di\u0173 surinkimas ir tinkamas j\u0173 \u0161alinimas. Laikantis saugos standart\u0173 ir reglament\u0173, u\u017etikrinamas efektyvus hidraulini\u0173 sistem\u0173 veikimas, kartu apsaugant tiek personal\u0105, tiek aplink\u0105.<\/p>\n<h2>Gedim\u0173 diagnostika ir da\u017eniausios problemos<\/h2>\n<ul>\n<li>\n<h3>Nuot\u0117kis<\/h3>\n<p>Hidraulinio skys\u010dio nuot\u0117kis gali atsirasti d\u0117l susid\u0117v\u0117jusi\u0173 sandarikli\u0173 arba pa\u017eeist\u0173 komponent\u0173. Labai svarbu nustatyti nuot\u0117kio \u0161altin\u012f, o pa\u017eeistas dalis reikia nedelsiant pakeisti, kad b\u016bt\u0173 i\u0161vengta eksploatacini\u0173 problem\u0173.<\/p>\n<\/li>\n<li>\n<h3>Na\u0161umo problemos<\/h3>\n<p>Suma\u017e\u0117j\u0119s na\u0161umas gali rodyti hidraulin\u0117s sistemos problemas, pvz., \u017eem\u0105 skys\u010dio lyg\u012f arba linijose \u012fstrigusius orus. Trik\u010di\u0173 \u0161alinimas tur\u0117t\u0173 apimti skys\u010di\u0173 lygio patikrinim\u0105 ir oro i\u0161leidim\u0105 i\u0161 sistemos, kad b\u016bt\u0173 atkurtas funkcionalumas.<\/p>\n<\/li>\n<li>\n<h3>Perkaitimas<\/h3>\n<p>Jei hidraulin\u0117 sistema perkaista, tai gali b\u016bti d\u0117l nepakankamo tepimo arba per didel\u0117s apkrovos. Sistemos temperat\u016bros steb\u0117jimas ir tinkamo tepimo u\u017etikrinimas gali pad\u0117ti i\u0161vengti perkaitimo problem\u0173.<\/p>\n<\/li>\n<\/ul>\n<h2>Trik\u010di\u0173 \u0161alinimo patarimai ir prevencin\u0117s priemon\u0117s<\/h2>\n<p>Nor\u0117dami efektyviai diagnozuoti ir i\u0161spr\u0119sti str\u0117l\u0117s cilindro problemas, operatoriai tur\u0117t\u0173 laikytis sistemingo po\u017ei\u016brio. Prad\u0117kite nuo nuot\u0117ki\u0173 patikrinimo ir \u012fsitikinkite, kad visi sandarikliai nepa\u017eeisti. Jei kyla problem\u0173 d\u0117l veikimo, patikrinkite, ar hidraulinio skys\u010dio lygis yra pakankamas, ir ap\u017ei\u016br\u0117kite, ar linijose n\u0117ra oro.<\/p>\n<p>\u012egyvendinant prevencines priemones, tokias kaip reguliari technin\u0117 prie\u017ei\u016bra ir patikrinimai, galima gerokai suma\u017einti problem\u0173 tikimyb\u0119. Operatoriai tur\u0117t\u0173 tvarkyti i\u0161sam\u0173 technin\u0117s prie\u017ei\u016bros darb\u0173 \u017eurnal\u0105, kuris pad\u0117t\u0173 nustatyti d\u0117sningumus ir tobulinti b\u016bsim\u0105 technin\u0117s prie\u017ei\u016bros praktik\u0105.<\/p>\n<p><img decoding=\"async\" src=\"https:\/\/www.hydraulic-cylinders.net\/wp-content\/uploads\/2025\/04\/songte-bushings-with-all-kinds-of-excavator-models.webp\" alt=\"Ekskavatoriaus \u012fvor\u0117s\"><\/p>\n<h2>\u012emon\u0117s ap\u017evalga<\/h2>\n<p>Esame pakaitini\u0173 hidraulini\u0173 cilindr\u0173 gamintojas, pripa\u017eintas pirmaujan\u010diu gamintoju ir didmenininku tiek vidaus, tiek tarptautin\u0117se rinkose. M\u016bs\u0173 \u012fsipareigojim\u0105 siekti meistri\u0161kumo atspindi \u012fvairus gamini\u0173 asortimentas, pritaikytas \u012fvairioms pramon\u0117s reikm\u0117ms.<\/p>\n<p>M\u016bs\u0173 \u012fmon\u0117 laikosi auk\u0161t\u0173 kokyb\u0117s standart\u0173, pasitelkdama kruop\u0161\u010diai suderint\u0105 gamybos proces\u0105, kuriam vadovauja pa\u017eangi skaitmenin\u0117 \u012franga ir profesionalios testavimo sistemos. Tur\u0117dami tvirt\u0105 gamybos platform\u0105, nuolat tobuliname savo gamybos paj\u0117gumus, u\u017etikrindami, kad patenkintume \u012fvairius klient\u0173 poreikius dideliu efektyvumu, tikslumu ir kokybe.<\/p>\n<p>Si\u016blome profesionalias paslaugas, tarptautinius gamini\u0173 sertifikatus ir pritaikymo galimybes, kad patenkintume konkre\u010dius klient\u0173 reikalavimus. M\u016bs\u0173 garantinio aptarnavimo paslaugos yra skirtos u\u017etikrinti klient\u0173 pasitenkinim\u0105 ir palaikym\u0105 per vis\u0105 m\u016bs\u0173 gamini\u0173 gyvavimo cikl\u0105.<\/p>\n<p><img decoding=\"async\" src=\"https:\/\/www.hydraulic-cylinders.net\/wp-content\/uploads\/2025\/04\/songte-company-4.webp\" alt=\"\u012emon\u0117s ap\u017evalga\"><br \/>\n<img decoding=\"async\" src=\"https:\/\/www.hydraulic-cylinders.net\/wp-content\/uploads\/2025\/04\/songte-company-3.webp\" alt=\"Gamybos procesai\"><\/p>\n<p>Autorius: lyl<\/p>","protected":false},"excerpt":{"rendered":"<p>Boom Cylinder For Volwa Middle Excavator DLS200-8B Definition of the Bucket Cylinder The boom cylinder, also known as the bucket cylinder, is a crucial component in hydraulic systems, specifically designed to control the movement of various heavy machinery buckets, such as those found in excavators, backhoe loaders, and front-end loaders. This hydraulic cylinder allows the [&hellip;]<\/p>","protected":false},"featured_media":17871,"comment_status":"open","ping_status":"closed","template":"","meta":{"_et_pb_use_builder":"","_et_pb_old_content":"","_et_gb_content_width":""},"product_brand":[],"product_cat":[1546],"product_tag":[1547,1496],"class_list":{"0":"post-19608","1":"product","2":"type-product","3":"status-publish","4":"has-post-thumbnail","6":"product_cat-boom-cylinders","7":"product_tag-boom-cylinders","8":"product_tag-hydraulic-cylinders","10":"first","11":"instock","12":"shipping-taxable","13":"product-type-simple"},"amp_enabled":true,"_links":{"self":[{"href":"https:\/\/www.hydraulic-cylinders.net\/lt\/wp-json\/wp\/v2\/product\/19608","targetHints":{"allow":["GET"]}}],"collection":[{"href":"https:\/\/www.hydraulic-cylinders.net\/lt\/wp-json\/wp\/v2\/product"}],"about":[{"href":"https:\/\/www.hydraulic-cylinders.net\/lt\/wp-json\/wp\/v2\/types\/product"}],"replies":[{"embeddable":true,"href":"https:\/\/www.hydraulic-cylinders.net\/lt\/wp-json\/wp\/v2\/comments?post=19608"}],"wp:featuredmedia":[{"embeddable":true,"href":"https:\/\/www.hydraulic-cylinders.net\/lt\/wp-json\/wp\/v2\/media\/17871"}],"wp:attachment":[{"href":"https:\/\/www.hydraulic-cylinders.net\/lt\/wp-json\/wp\/v2\/media?parent=19608"}],"wp:term":[{"taxonomy":"product_brand","embeddable":true,"href":"https:\/\/www.hydraulic-cylinders.net\/lt\/wp-json\/wp\/v2\/product_brand?post=19608"},{"taxonomy":"product_cat","embeddable":true,"href":"https:\/\/www.hydraulic-cylinders.net\/lt\/wp-json\/wp\/v2\/product_cat?post=19608"},{"taxonomy":"product_tag","embeddable":true,"href":"https:\/\/www.hydraulic-cylinders.net\/lt\/wp-json\/wp\/v2\/product_tag?post=19608"}],"curies":[{"name":"wp","href":"https:\/\/api.w.org\/{rel}","templated":true}]}}