{"id":19610,"date":"2025-04-07T06:57:16","date_gmt":"2025-04-07T06:57:16","guid":{"rendered":"https:\/\/www.hydraulic-cylinders.net\/product\/boom-cylinder-for-volwa-middle-excavator-dls260\/"},"modified":"2025-04-07T06:57:19","modified_gmt":"2025-04-07T06:57:19","slug":"boom-cylinder-for-volwa-middle-excavator-dls260","status":"publish","type":"product","link":"https:\/\/www.hydraulic-cylinders.net\/lt\/produktas\/boom-cylinder-for-volwa-middle-excavator-dls260\/","title":{"rendered":"\u201eVolwa Middle\u201c ekskavatoriaus DLS260 str\u0117l\u0117s cilindras"},"content":{"rendered":"<h1>\u201eVolwa Middle\u201c ekskavatoriaus DLS260 str\u0117l\u0117s cilindras<\/h1>\n<h2>Produkto ap\u017evalga<\/h2>\n<p>\u201eVolwa Middle Excavator DLS260\u201c str\u0117l\u0117s cilindras yra labai svarbus \u0161iuolaikini\u0173 hidraulini\u0173 sistem\u0173, naudojam\u0173 sunkiojoje technikoje, komponentas. \u0160is hidraulinis cilindras yra specialiai sukurtas valdyti kau\u0161o jud\u0117jim\u0105 \u012fvairioje sunkiojoje \u012frangoje, tokioje kaip ekskavatoriai, ekskavatoriniai krautuvai ir frontaliniai krautuvai. Jis leid\u017eia kau\u0161\u0105 pakelti, nuleisti ir pakreipti, taip palengvinant efektyv\u0173 med\u017eiag\u0173 tvarkym\u0105.<\/p>\n<p>I\u0161 esm\u0117s kau\u0161o cilindras veikia hidrauliniu sl\u0117giu, paversdamas skys\u010dio energij\u0105 mechanine j\u0117ga. \u0160i funkcija yra gyvybi\u0161kai svarbi atliekant tokias u\u017eduotis kaip kasimas, k\u0117limas ir med\u017eiag\u0173 transportavimas, tod\u0117l jis yra nepakei\u010diamas \u012frankis statybos, \u017eem\u0117s \u016bkio ir kasybos pramon\u0117je.<\/p>\n<p><img decoding=\"async\" src=\"https:\/\/www.hydraulic-cylinders.net\/wp-content\/uploads\/2025\/04\/songte-company-1.webp\" alt=\"Str\u0117l\u0117s cilindro vaizdas\" \/><\/p>\n<h2>Str\u0117l\u0117s cilindro savyb\u0117s<\/h2>\n<ul>\n<li><strong>Didelis stiprumas ir ilgaam\u017ei\u0161kumas:<\/strong> Pagamintas i\u0161 didelio stiprumo plieno arba aliuminio, str\u0117l\u0117s cilindras yra suprojektuotas taip, kad atlaikyt\u0173 auk\u0161t\u0105 sl\u0117g\u012f ir dideles apkrovas, tod\u0117l tinka at\u0161iaurioms darbo s\u0105lygoms. Jo konstrukcijoje pabr\u0117\u017eiamas atsparumas dilimui ir korozijai, o tai \u017eymiai pailgina jo tarnavimo laik\u0105.<\/li>\n<li><strong>Efektyvus hidraulinis valdymas:<\/strong> Cilindras naudoja hidraulin\u0117s alyvos sl\u0117g\u012f, kad skland\u017eiai i\u0161siskleist\u0173 ir susitraukt\u0173, greitai reaguot\u0173 \u012f valdymo komandas ir u\u017etikrint\u0173 didel\u0119 st\u016bmimo bei traukimo j\u0117g\u0105, idealiai tinkan\u010di\u0105 sunkiems daiktams tvarkyti ir sud\u0117tingoms u\u017eduotims atlikti.<\/li>\n<li><strong>\u012evair\u016bs tipai:<\/strong> Str\u0117l\u0117s cilindras, tiekiamas vienpusio arba dvipusio veikimo konfig\u016bracijose, gali b\u016bti pritaikytas \u012fvairiems eksploatavimo poreikiams. Kai kurie modeliai turi teleskopines konstrukcijas, kurios leid\u017eia didesn\u012f i\u0161pl\u0117tim\u0105 nedidinant i\u0161orini\u0173 matmen\u0173, o tai puikiai tinka naudoti ribotoje erdv\u0117je.<\/li>\n<li><strong>Tikslioji in\u017einerija:<\/strong> Kiekvienas cilindras gaminamas su grie\u017etais tolerancijos intervalais, siekiant u\u017etikrinti optimal\u0173 na\u0161um\u0105, ilgaam\u017ei\u0161kum\u0105 ir patikimum\u0105 sud\u0117tingomis s\u0105lygomis.<\/li>\n<li><strong>Individuali gamyba:<\/strong> Mes specializuojam\u0117s \u0161io produkto gamyboje, u\u017etikrindami, kad m\u016bs\u0173 hidrauliniai cilindrai puikiai pakeis esamus modelius ir skland\u017eiai integruosime su skirtingomis ma\u0161inomis.<\/li>\n<\/ul>\n<p><img decoding=\"async\" src=\"https:\/\/www.hydraulic-cylinders.net\/wp-content\/uploads\/2025\/04\/songte-cylinder-head-with-all-kinds-excavator-models.webp\" alt=\"Cilindro galvut\u0117s vaizdas\" \/><\/p>\n<h2>Str\u0117l\u0117s cilindro pritaikymas<\/h2>\n<h3>Statybin\u0117 \u012franga<\/h3>\n<p>Ekskavatoriuose str\u0117l\u0117s cilindras atlieka pagrindin\u012f vaidmen\u012f kasant, kraunant ir perkeliant \u017eem\u0119 ar \u0161iuk\u0161les. Jis leid\u017eia kau\u0161ui veikti tiksliai, u\u017etikrinant, kad med\u017eiagos b\u016bt\u0173 efektyviai i\u0161kastos ir transportuojamos. Ekskavatoriuose-krautuvuose kau\u0161o cilindras padeda ne tik kasti, bet ir kelti, tod\u0117l tai universalus komponentas, itin svarbus statybos darbams.<\/p>\n<h3>\u017dem\u0117s \u016bkio technika<\/h3>\n<p>Priekiniuose krautuvuose str\u0117l\u0117s cilindras yra labai svarbus dirvo\u017eemio, \u0161ieno ir kit\u0173 med\u017eiag\u0173 k\u0117limui, k\u0117limui ir transportavimui. Jo patikimas veikimas u\u017etikrina, kad u\u017eduotys b\u016bt\u0173 atliekamos efektyviai, o tai padidina \u017eem\u0117s \u016bkio darb\u0173 na\u0161um\u0105. Be tinkamai veikian\u010dio cilindro \u0161i\u0173 ma\u0161in\u0173 efektyvumas b\u016bt\u0173 gerokai suma\u017eintas.<\/p>\n<h3>Ekskavatoriai<\/h3>\n<p>Str\u0117l\u0117s cilindras leid\u017eia kau\u0161ui efektyviai \u012fsiskverbti \u012f \u017eem\u0119, palengvindamas kasimo proces\u0105. \u0160i funkcija yra gyvybi\u0161kai svarbi \u012fvairiose statybos situacijose, nes leid\u017eia operatoriams lengvai ir tiksliai pasiekti norim\u0105 gyl\u012f ir pa\u0161alinti med\u017eiag\u0105.<\/p>\n<h3>Krautuvai<\/h3>\n<p>Priekiniuose krautuvuose str\u0117l\u0117s cilindrai padeda efektyviai kelti ir i\u0161versti med\u017eiagas. \u0160i galimyb\u0117 yra b\u016btina atliekant tokias u\u017eduotis kaip sunkve\u017eimi\u0173 krovimas ar biri\u0173 med\u017eiag\u0173 perk\u0117limas darbo vietose, tod\u0117l patikimos hidraulin\u0117s sistemos yra labai svarbios kasdien\u0117se operacijose.<\/p>\n<h2>Projektavimo aspektai ir atrankos standartai<\/h2>\n<h3>Keliamoji galia<\/h3>\n<p>Str\u0117l\u0117s cilindro keliamoji galia yra labai svarbus jo konstrukcijos veiksnys. Jis turi geb\u0117ti pakelti ne tik med\u017eiag\u0173 svor\u012f, bet ir atlaikyti papildom\u0105 apkrov\u0105 eksploatacijos metu. Tinkami skai\u010diavimai ir med\u017eiag\u0173 parinkimas yra b\u016btini siekiant u\u017etikrinti, kad cilindras gal\u0117t\u0173 atlaikyti numatytas apkrovas be gedim\u0173.<\/p>\n<h3>Sandarumas ir ilgaam\u017ei\u0161kumas<\/h3>\n<p>Efektyvus sandarinimas yra gyvybi\u0161kai svarbus hidraulin\u0117se sistemose, siekiant i\u0161vengti skys\u010di\u0173 nuot\u0117kio ir u\u017eter\u0161imo. Str\u0117l\u0117s cilindro konstrukcijoje naudojami auk\u0161tos kokyb\u0117s sandarikliai, pagaminti i\u0161 patvari\u0173 med\u017eiag\u0173, u\u017etikrinan\u010di\u0173 ilgaam\u017ei\u0161kum\u0105 ir patikimum\u0105. Norint palaikyti hidraulin\u0117s sistemos veikim\u0105, b\u016btina reguliariai tikrinti ir pri\u017ei\u016br\u0117ti sandariklius.<\/p>\n<h3>Saugos funkcijos<\/h3>\n<p>Saugumas yra svarbiausias dalykas projektuojant hidraulin\u0119 sistem\u0105. Str\u0117l\u0117s cilindrai apr\u016bpinti saugos funkcijomis, kurios apsaugo nuo per didelio i\u0161sitempimo ir u\u017etikrina saug\u0173 veikim\u0105 esant apkrovai. Saugos veiksni\u0173 \u012ftraukimas \u012f konstrukcij\u0105 padeda suma\u017einti rizik\u0105 eksploatacijos metu, apsaugant tiek \u012frang\u0105, tiek operatorius.<\/p>\n<h3>Prieinamumas prie prie\u017ei\u016bros<\/h3>\n<p>Projektuojant taip pat reikia atsi\u017evelgti \u012f prieinamum\u0105 techninei prie\u017ei\u016brai. Str\u0117l\u0117s cilindrai tur\u0117t\u0173 b\u016bti lengvai ap\u017ei\u016brimi ir pri\u017ei\u016brimi, kad b\u016bt\u0173 palaikoma optimali b\u016bkl\u0117. Konstrukcijos ypatyb\u0117s, kurios palengvina greit\u0105 prieig\u0105 prie svarbiausi\u0173 dali\u0173, gali \u017eymiai suma\u017einti prastovas ir technin\u0117s prie\u017ei\u016bros i\u0161laidas.<\/p>\n<p><img decoding=\"async\" src=\"https:\/\/www.hydraulic-cylinders.net\/wp-content\/uploads\/2025\/04\/songte-oil-pipes-and-spare-parts.webp\" alt=\"Naftos vamzd\u017eiai ir atsargin\u0117s dalys\" \/><\/p>\n<h2>Sandarinimas ir tepimas<\/h2>\n<p>Str\u0117l\u0117s cilindro sandarinimo sistema suprojektuota naudojant \u012fvairius sandariklius, tokius kaip st\u016bmokli\u0173 ir stryp\u0173 sandarikliai, pagamintus i\u0161 atspari\u0173 dilimui med\u017eiag\u0173, toki\u0173 kaip poliuretanas ir nitrilo kau\u010diukas. \u0160ie sandarikliai atlieka svarb\u0173 vaidmen\u012f palaikant sl\u0117g\u012f ir u\u017ekertant keli\u0105 hidraulinio skys\u010dio nuot\u0117kiui.<\/p>\n<p>Vamzdelis ir srieginiai galiniai pavir\u0161iai yra kruop\u0161\u010diai apdirbti, siekiant padidinti atsparum\u0105 dilimui ir u\u017etikrinti patikim\u0105 veikim\u0105 per vis\u0105 cilindro eksploatavimo laik\u0105. Norint u\u017etikrinti skland\u0173 veikim\u0105 ir i\u0161vengti vidini\u0173 komponent\u0173 susid\u0117v\u0117jimo, b\u016btina reguliariai tepti hidrauline alyva.<\/p>\n<h2>Prevencin\u0117s prie\u017ei\u016bros priemon\u0117s<\/h2>\n<ul>\n<li><strong>Reguliar\u016bs patikrinimai:<\/strong> Reguliar\u016bs str\u0117l\u0117s cilindro patikrinimai gali pad\u0117ti nustatyti susid\u0117v\u0117jim\u0105 ar pa\u017eeidimus, kol jie nesuk\u0117l\u0117 gedim\u0173. Eksploatacijos metu ie\u0161kokite nuot\u0117ki\u0173, korozijos ir ne\u012fprast\u0173 gars\u0173 po\u017eymi\u0173.<\/li>\n<li><strong>Tinkamas tepimas:<\/strong> \u012esitikinkite, kad hidraulin\u0117s alyvos lygis yra tinkamas ir kad naudojama tinkamo tipo alyva. Reguliarus tepimas yra labai svarbus norint i\u0161laikyti cilindro funkcionalum\u0105 ir ilgaam\u017ei\u0161kum\u0105.<\/li>\n<li><strong>Sandariklio keitimas:<\/strong> Tarpikliai tur\u0117t\u0173 b\u016bti kei\u010diami pagal gamintojo rekomendacijas. Susid\u0117v\u0117j\u0119 arba pa\u017eeisti tarpikliai gali sukelti hidraulinio skys\u010dio nuot\u0117k\u012f, o tai gali pakenkti na\u0161umui.<\/li>\n<\/ul>\n<h2>\u012erengimo gair\u0117s<\/h2>\n<p>Tinkamas str\u0117l\u0117s cilindro montavimas yra labai svarbus optimaliam veikimui. Pirmiausia \u012fsitikinkite, kad turite tinkamus \u012frankius ir \u012frang\u0105 montavimui. Tiksliai sulygiuokite cilindr\u0105 su tvirtinimo laikikliais, u\u017etikrindami, kad jis b\u016bt\u0173 tvirtai laikomas vietoje. Patartina naudoti tinkamus tvirtinimo laikiklius, kad b\u016bt\u0173 u\u017etikrintas stabilumas ir i\u0161vengta nesuderinamumo eksploatacijos metu.<\/p>\n<p>Sulyginus, tvirtai priver\u017ekite visus tvirtinimo elementus pagal gamintojo specifikacijas. Po montavimo atlikite i\u0161sam\u0173 str\u0117l\u0117s cilindro patikrinim\u0105 ir i\u0161bandykite jo veikim\u0105 be apkrovos, kad \u012fsitikintum\u0117te, jog viskas veikia tinkamai. Prie\u0161 naudodami darbines apkrovas, atlikite reikiamus reguliavimus.<\/p>\n<h2>\u012eprastos prie\u017ei\u016bros u\u017eduotys<\/h2>\n<ul>\n<li><strong>Reguliar\u016bs patikrinimai:<\/strong> Reguliariai tikrinkite str\u0117l\u0117s cilindr\u0105, ar n\u0117ra susid\u0117v\u0117jimo ar nuot\u0117ki\u0173 po\u017eymi\u0173. Prevencin\u0117 prie\u017ei\u016bra padeda i\u0161vengti netik\u0117t\u0173 gedim\u0173.<\/li>\n<li><strong>Tinkamas tepimas:<\/strong> \u012esitikinkite, kad hidraulin\u0117 sistema yra tinkamai sutepta, kad ji veikt\u0173 skland\u017eiai. Tai apima reguliar\u0173 alyvos lygio ir kokyb\u0117s tikrinim\u0105.<\/li>\n<li><strong>Sandariklio keitimas:<\/strong> Steb\u0117kite sandarikli\u0173 b\u016bkl\u0119 ir prireikus juos keiskite, kad palaikytum\u0117te sl\u0117g\u012f ir i\u0161vengtum\u0117te nuot\u0117ki\u0173. Tinkamas sandarinimas yra b\u016btinas efektyviam hidrauliniam veikimui.<\/li>\n<\/ul>\n<h2>Saugos aspektai ir aplinkos veiksniai<\/h2>\n<p>Eksploatuojant hidraulines sistemas, saugos priemon\u0117s yra labai svarbios. Operatoriai tur\u0117t\u0173 b\u016bti apmokyti suprasti str\u0117l\u0117s cilindro veikimo ribas, \u012fskaitant keliam\u0105j\u0105 gali\u0105 ir saugaus elgesio praktik\u0105. Tinkama saugos \u012franga ir saugos protokol\u0173 laikymasis gali suma\u017einti nelaiming\u0173 atsitikim\u0173 rizik\u0105.<\/p>\n<h2>Trik\u010di\u0173 \u0161alinimas ir da\u017eniausiai pasitaikan\u010dios problemos<\/h2>\n<ul>\n<li><strong>Nuot\u0117kis:<\/strong> Viena da\u017ena problema yra hidraulinio skys\u010dio nuot\u0117kis, da\u017enai sukeliamas susid\u0117v\u0117jusi\u0173 sandarikli\u0173. Nor\u0117dami tai i\u0161spr\u0119sti, patikrinkite sandariklius ir prireikus juos pakeiskite, u\u017etikrindami, kad visos jungtys b\u016bt\u0173 sandarios.<\/li>\n<li><strong>Suma\u017eintas na\u0161umas:<\/strong> Jei str\u0117l\u0117s cilindras nereaguoja taip, kaip tik\u0117tasi, patikrinkite, ar hidraulin\u0117se linijose n\u0117ra u\u017esikim\u0161im\u0173, ir \u012fsitikinkite, kad hidraulinio skys\u010dio lygis ir kokyb\u0117 yra tinkami.<\/li>\n<li><strong>Keisti garsai:<\/strong> Ne\u012fprasti garsai veikimo metu gali rodyti vidinius pa\u017eeidimus arba tepimo tr\u016bkum\u0105. Nedelsdami patikrinkite ir atlikite reikiamus remonto darbus.<\/li>\n<\/ul>\n<h2>Produkto diagnostika ir prevencin\u0117s priemon\u0117s<\/h2>\n<p>Nor\u0117dami veiksmingai diagnozuoti str\u0117l\u0117s cilindro problemas, operatoriai tur\u0117t\u0173 b\u016bti budr\u016bs ir steb\u0117ti veikim\u0105 darbo metu. Reguliariai tikrinkite, ar n\u0117ra susid\u0117v\u0117jimo po\u017eymi\u0173, ir klausykite, ar n\u0117ra ne\u012fprast\u0173 gars\u0173. Prevencin\u0117s priemon\u0117s, tokios kaip planin\u0117 prie\u017ei\u016bra ir patikrinimai, gali \u017eymiai suma\u017einti netik\u0117t\u0173 gedim\u0173 tikimyb\u0119.<\/p>\n<p><img decoding=\"async\" src=\"https:\/\/www.hydraulic-cylinders.net\/wp-content\/uploads\/2025\/04\/songte-bushings-with-all-kinds-of-excavator-models.webp\" alt=\"Ekskavatori\u0173 modeli\u0173 \u012fvor\u0117s\" \/><\/p>\n<h2>Apie m\u016bs\u0173 \u012fmon\u0119<\/h2>\n<p>Esame hidraulini\u0173 cilindr\u0173 gamintojas, si\u016blantis plat\u0173 gamini\u0173 asortiment\u0105, kad patenkint\u0173 \u012fvairius rinkos poreikius. B\u016bdami pirmaujan\u010diu hidraulini\u0173 cilindr\u0173 gamintoju ir didmeniniu platintoju tiek vidaus, tiek tarptautin\u0117se rinkose, teikiame pirmenyb\u0119 kokybei.<\/p>\n<p>M\u016bs\u0173 veikla pagr\u012fsta patobulintomis gamybos valdymo strategijomis, pasitelkiant kvalifikuotus technikus, pa\u017eangi\u0105 skaitmenin\u0119 gamybos \u012frang\u0105 ir profesionalias testavimo sistemas. \u0160is \u012fsipareigojimas nuolat tobul\u0117ti ir diegti inovacijas stiprina m\u016bs\u0173 gamybos platform\u0105, u\u017etikrindamas auk\u0161t\u0105 efektyvum\u0105, tikslum\u0105 ir kokyb\u0119, kad patenkintume \u012fvairius m\u016bs\u0173 klient\u0173 poreikius.<\/p>\n<p>Taip pat teikiame individualiai pritaikytas paslaugas, kad patenkintume konkre\u010dius klient\u0173 reikalavimus, o m\u016bs\u0173 produktai yra sertifikuoti tarptautiniu mastu, u\u017etikrinant, kad jie atitinka pasaulinius standartus. M\u016bs\u0173 specializuotas garantinio aptarnavimo centras padeda klientams maksimaliai pailginti m\u016bs\u0173 gamini\u0173 tarnavimo laik\u0105 ir na\u0161um\u0105.<\/p>\n<p><img decoding=\"async\" src=\"https:\/\/www.hydraulic-cylinders.net\/wp-content\/uploads\/2025\/04\/songte-company-4.webp\" alt=\"\u012emon\u0117s ap\u017evalga\" \/><br \/>\n<img decoding=\"async\" src=\"https:\/\/www.hydraulic-cylinders.net\/wp-content\/uploads\/2025\/04\/songte-company-3.webp\" alt=\"\u012emon\u0117s patalpos\" \/><\/p>\n<p>Autorius: lyl<\/p>","protected":false},"excerpt":{"rendered":"<p>Boom Cylinder For Volwa Middle Excavator DLS260 Product Overview The Boom Cylinder for Volwa Middle Excavator DLS260 is a critical component in modern hydraulic systems used in heavy machinery. This hydraulic cylinder is specifically designed to control the movement of the bucket in various heavy-duty equipment such as excavators, backhoe loaders, and front loaders. It [&hellip;]<\/p>","protected":false},"featured_media":17873,"comment_status":"open","ping_status":"closed","template":"","meta":{"_et_pb_use_builder":"","_et_pb_old_content":"","_et_gb_content_width":""},"product_brand":[],"product_cat":[1546],"product_tag":[1547,1496],"class_list":{"0":"post-19610","1":"product","2":"type-product","3":"status-publish","4":"has-post-thumbnail","6":"product_cat-boom-cylinders","7":"product_tag-boom-cylinders","8":"product_tag-hydraulic-cylinders","10":"first","11":"instock","12":"shipping-taxable","13":"product-type-simple"},"amp_enabled":true,"_links":{"self":[{"href":"https:\/\/www.hydraulic-cylinders.net\/lt\/wp-json\/wp\/v2\/product\/19610","targetHints":{"allow":["GET"]}}],"collection":[{"href":"https:\/\/www.hydraulic-cylinders.net\/lt\/wp-json\/wp\/v2\/product"}],"about":[{"href":"https:\/\/www.hydraulic-cylinders.net\/lt\/wp-json\/wp\/v2\/types\/product"}],"replies":[{"embeddable":true,"href":"https:\/\/www.hydraulic-cylinders.net\/lt\/wp-json\/wp\/v2\/comments?post=19610"}],"wp:featuredmedia":[{"embeddable":true,"href":"https:\/\/www.hydraulic-cylinders.net\/lt\/wp-json\/wp\/v2\/media\/17873"}],"wp:attachment":[{"href":"https:\/\/www.hydraulic-cylinders.net\/lt\/wp-json\/wp\/v2\/media?parent=19610"}],"wp:term":[{"taxonomy":"product_brand","embeddable":true,"href":"https:\/\/www.hydraulic-cylinders.net\/lt\/wp-json\/wp\/v2\/product_brand?post=19610"},{"taxonomy":"product_cat","embeddable":true,"href":"https:\/\/www.hydraulic-cylinders.net\/lt\/wp-json\/wp\/v2\/product_cat?post=19610"},{"taxonomy":"product_tag","embeddable":true,"href":"https:\/\/www.hydraulic-cylinders.net\/lt\/wp-json\/wp\/v2\/product_tag?post=19610"}],"curies":[{"name":"wp","href":"https:\/\/api.w.org\/{rel}","templated":true}]}}