{"id":19614,"date":"2025-04-07T06:57:27","date_gmt":"2025-04-07T06:57:27","guid":{"rendered":"https:\/\/www.hydraulic-cylinders.net\/product\/boom-cylinder-for-volwa-large-excavator-dls330-8b\/"},"modified":"2025-04-07T06:57:29","modified_gmt":"2025-04-07T06:57:29","slug":"boom-cylinder-for-volwa-large-excavator-dls330-8b","status":"publish","type":"product","link":"https:\/\/www.hydraulic-cylinders.net\/lt\/produktas\/boom-cylinder-for-volwa-large-excavator-dls330-8b\/","title":{"rendered":"\u201eVolwa\u201c didelio ekskavatoriaus DLS330-8B str\u0117l\u0117s cilindras"},"content":{"rendered":"<h1>\u201eVolwa\u201c didelio ekskavatoriaus DLS330-8B str\u0117l\u0117s cilindras<\/h1>\n<h2>Produkto ap\u017evalga<\/h2>\n<p>The <strong>\u201eVolwa\u201c didelio ekskavatoriaus DLS330-8B str\u0117l\u0117s cilindras<\/strong> yra esminis ekskavatori\u0173 hidraulin\u0117s sistemos komponentas. Jis specialiai sukurtas str\u0117l\u0117s jud\u0117jimui valdyti, o tai yra labai svarbu atliekant \u012fvairias sunkiosios technikos u\u017eduotis. Str\u0117l\u0117s cilindras veikia nukreipdamas hidraulin\u012f skyst\u012f, kad str\u0117l\u0117 gal\u0117t\u0173 pakilti, nuleisti ir pakreipti, taip palengvindamas efektyv\u0173 med\u017eiag\u0173 tvarkym\u0105. \u0160is hidraulinio cilindro tipas yra gyvybi\u0161kai svarbus tokioje \u012frangoje kaip ekskavatoriai, ekskavatoriniai krautuvai ir frontaliniai krautuvai, nes leid\u017eia atlikti tokias operacijas kaip kasimas ir med\u017eiag\u0173 transportavimas.<\/p>\n<p><img decoding=\"async\" src=\"https:\/\/www.hydraulic-cylinders.net\/wp-content\/uploads\/2025\/04\/songte-company-1.webp\" alt=\"Ekskavatori\u0173 str\u0117l\u0117s cilindras\" \/><\/p>\n<h2>Str\u0117l\u0117s cilindro savyb\u0117s<\/h2>\n<ul>\n<li><strong>Didelis stiprumas ir ilgaam\u017ei\u0161kumas:<\/strong> Pagaminti i\u0161 didelio stiprumo plieno arba aliuminio, \u0161ie cilindrai gali atlaikyti auk\u0161t\u0105 sl\u0117g\u012f ir dideles apkrovas, tod\u0117l tinkami naudoti at\u0161iauriomis darbo s\u0105lygomis.<\/li>\n<li><strong>Efektyvus hidraulinis valdymas:<\/strong> Str\u0117l\u0117s cilindras leid\u017eia skland\u017eiai i\u0161skleisti ir atitraukti str\u0117l\u0119 naudojant hidraulin\u0117s alyvos sl\u0117g\u012f, greitai reaguodamas \u012f veikimo komandas ir u\u017etikrindamas stipri\u0105 st\u016bmimo bei traukimo j\u0117g\u0105.<\/li>\n<li><strong>\u012evair\u016bs variantai:<\/strong> Galima \u012fsigyti vienpusio veikimo (veikian\u010dio viena kryptimi) arba dvigubo veikimo (veikian\u010dio abiem kryptimis) konfig\u016bracij\u0173, kai kurie modeliai turi teleskopines konstrukcijas, kad b\u016bt\u0173 galima pasiekti didesn\u012f atstum\u0105 nedidinant i\u0161orini\u0173 matmen\u0173.<\/li>\n<li><strong>Atsparumas dilimui ir korozijai:<\/strong> Sukurtas i\u0161 med\u017eiag\u0173, atspari\u0173 dilimui ir korozijai, u\u017etikrinant ilg\u0105 tarnavimo laik\u0105 net ir sud\u0117tingomis s\u0105lygomis.<\/li>\n<li><strong>Pritaikomi sprendimai:<\/strong> \u0160iuos hidraulinius cilindrus galime pagaminti taip, kad jie puikiai pakeist\u0173 originali\u0105 \u012frang\u0105, u\u017etikrindami suderinamum\u0105 ir optimal\u0173 na\u0161um\u0105.<\/li>\n<\/ul>\n<p><img decoding=\"async\" src=\"https:\/\/www.hydraulic-cylinders.net\/wp-content\/uploads\/2025\/04\/songte-cylinder-head-with-all-kinds-excavator-models.webp\" alt=\"Ekskavatori\u0173 modeliai\" \/><\/p>\n<h2>Str\u0117l\u0117s cilindro pritaikymas<\/h2>\n<h3>Statybin\u0117 \u012franga<\/h3>\n<p>Ekskavatoriuose str\u0117l\u0117s cilindras yra labai svarbus kasant, kraunant ir perkeliant grunt\u0105 ar \u0161iuk\u0161les. Jo vaidmuo leid\u017eia operatoriams efektyviai manevruoti ma\u0161ina, atliekant tokias u\u017eduotis kaip tran\u0161\u0117j\u0173 kasimas ir aik\u0161tel\u0117s paruo\u0161imas. Ekskavatoriuose-krautuvuose str\u0117l\u0117s cilindras padeda tiek kasimo, tiek k\u0117limo operacijose, tod\u0117l yra b\u016btinas statybos ir \u017eem\u0117s kasimo projektuose.<\/p>\n<h3>\u017dem\u0117s \u016bkio technika<\/h3>\n<p>Str\u0117l\u0117s cilindras taip pat naudojamas priekiniuose krautuvuose dirvo\u017eemiui, \u0161ienui ir kitoms med\u017eiagoms semti, kelti ir transportuoti. \u0160ioms ma\u0161inoms reikalingos patikimos hidraulin\u0117s sistemos, kad b\u016bt\u0173 padidintas \u017eem\u0117s \u016bkio darb\u0173 na\u0161umas ir u\u017etikrintas efektyvus pakrovimo ir i\u0161krovimo darbas.<\/p>\n<h3>Ekskavatoriai<\/h3>\n<p>Ekskavatoriuose str\u0117l\u0117s cilindras leid\u017eia kau\u0161ui efektyviai \u012fsiskverbti \u012f \u017eem\u0119, palengvindamas grunto kasim\u0105. Hidraulin\u0117s sistemos teikiama galia ir valdymas leid\u017eia tiksliai kasti, o tai labai svarbu \u012fvairiuose statybos projektuose.<\/p>\n<h3>Krautuvai<\/h3>\n<p>Priekiniuose krautuvuose jie padeda efektyviai kelti ir i\u0161versti med\u017eiagas. Hidraulin\u0117 str\u0117l\u0117s veikimas leid\u017eia operatoriams greitai ir saugiai valdyti didelius krovinius, o tai labai svarbu statybose ir med\u017eiag\u0173 tvarkymo operacijose.<\/p>\n<h2>Projektavimo aspektai ir atrankos kriterijai<\/h2>\n<h3>Keliamoji galia<\/h3>\n<p>Renkantis str\u0117l\u0117s cilindr\u0105, labai svarbu suprasti jo keliam\u0105j\u0105 gali\u0105. Tinkamai \u012fvertintas cilindras u\u017etikrina, kad jis gali pakelti ir perkelti reikiam\u0105 svor\u012f be gedim\u0173. Keliamoji galia priklauso nuo cilindro dyd\u017eio, med\u017eiagos ir konstrukcijos. Cilindras, vir\u0161ijantis savo apkrovos rib\u0105, rizikuoja katastrofi\u0161kai sugesti, d\u0117l ko gali b\u016bti pa\u017eeista \u012franga ir kilti pavojus saugai.<\/p>\n<h3>Sandarinimas<\/h3>\n<p>Sandarinimas yra b\u016btinas norint i\u0161laikyti hidraulinio cilindro vientisum\u0105. Efektyv\u016bs sandarikliai apsaugo nuo hidraulinio skys\u010dio nuot\u0117kio, u\u017etikrindami efektyv\u0173 veikim\u0105 ir suma\u017eindami prie\u017ei\u016bros i\u0161laidas. Siekiant atlaikyti auk\u0161t\u0105 sl\u0117g\u012f ir nusid\u0117v\u0117jim\u0105, naudojamos auk\u0161tos kokyb\u0117s sandarinimo med\u017eiagos, tokios kaip poliuretanas ir nitrilo kau\u010diukas. Tinkamas sandarinimas garantuoja efektyv\u0173 cilindro veikim\u0105 vis\u0105 jo eksploatavimo laik\u0105.<\/p>\n<h3>Patvarumas<\/h3>\n<p>Str\u0117l\u0117s cilindro patvarumas yra nepaprastai svarbus, ypa\u010d sud\u0117tingomis s\u0105lygomis. Patvarus cilindras pagamintas i\u0161 tvirt\u0173 med\u017eiag\u0173, skirt\u0173 atsparumui dilimui ir korozijai. Reguliarus cilindro b\u016bkl\u0117s vertinimas gali pad\u0117ti i\u0161vengti prie\u0161laikinio gedimo ir brangaus remonto, tod\u0117l patvarumas yra pagrindinis pasirinkimo veiksnys.<\/p>\n<h3>Saugumas<\/h3>\n<p>Saugos funkcijos, tokios kaip apsauga nuo perkrovos ir veiksmingos sl\u0117gio ma\u017einimo sistemos, yra labai svarbios hidrauliniuose cilindruose. \u0160ios funkcijos padeda i\u0161vengti nelaiming\u0173 atsitikim\u0173 ir \u012frangos pa\u017eeidim\u0173 eksploatacijos metu. Pasirinkus cilindr\u0105 su \u012fmontuotomis saugos priemon\u0117mis, operatoriai gali dirbti u\u017etikrintai ir saugiai.<\/p>\n<h3>Prie\u017ei\u016bra<\/h3>\n<p>Kitas projektavimo aspektas yra lengva prie\u017ei\u016bra. Produktai, kuriuos galima paprastai ap\u017ei\u016br\u0117ti ir laiku pakeisti sandariklius bei komponentus, pailgina eksploatavimo laik\u0105. Gerai suprojektuotas hidraulinis cilindras suma\u017eina prastovas, u\u017etikrindamas, kad \u012franga veikt\u0173 ilg\u0105 laik\u0105.<\/p>\n<p><img decoding=\"async\" src=\"https:\/\/www.hydraulic-cylinders.net\/wp-content\/uploads\/2025\/04\/songte-oil-pipes-and-spare-parts.webp\" alt=\"Hidrauliniai vamzd\u017eiai ir atsargin\u0117s dalys\" \/><\/p>\n<h2>Hidraulinio cilindro sandarinimas ir tepimas<\/h2>\n<p>Str\u0117l\u0117s cilindro patikimumas labai priklauso nuo jo sandarinimo ir tepimo kokyb\u0117s. Siekiant i\u0161vengti skys\u010dio nuot\u0117kio, naudojami \u012fvair\u016bs sandarikliai, pavyzd\u017eiui, st\u016bmokli\u0173 ir stryp\u0173 sandarikliai. D\u0117l savo ilgaam\u017ei\u0161kumo ir atsparumo dilimui pirmenyb\u0117 teikiama sandarikliams, pagamintiems i\u0161 toki\u0173 med\u017eiag\u0173 kaip poliuretanas ir nitrilo kau\u010diukas. Cilindro korpusas ir srieginiai galiniai pavir\u0161iai yra tiksliai apdorojami, siekiant padidinti atsparum\u0105 dilimui.<\/p>\n<p>Reguliarus tepimas hidrauline alyva yra b\u016btinas norint palaikyti cilindr\u0173 veikim\u0105. \u0160is tepimas ne tik suma\u017eina judan\u010di\u0173 dali\u0173 susid\u0117v\u0117jim\u0105, bet ir apsaugo nuo korozijos bei perkaitimo. Tinkama tepimo praktika u\u017etikrina hidraulin\u0117s sistemos ilgaam\u017ei\u0161kum\u0105 ir efektyv\u0173 veikim\u0105.<\/p>\n<h2>Prevencin\u0117s prie\u017ei\u016bros priemon\u0117s<\/h2>\n<ul>\n<li><strong>Reguliar\u016bs patikrinimai:<\/strong> Reguliariai tikrinkite cilindr\u0105, ar n\u0117ra susid\u0117v\u0117jimo, nuot\u0117ki\u0173 ar pa\u017eeidim\u0173 po\u017eymi\u0173. Ankstyvas problem\u0173 nustatymas gali pad\u0117ti i\u0161vengti katastrofi\u0161k\u0173 gedim\u0173.<\/li>\n<li><strong>Tinkamas tepimas:<\/strong> \u012esitikinkite, kad cilindras yra tinkamai suteptas rekomenduojama hidrauline alyva, nes nepakankamas sutepimas gali padidinti susid\u0117v\u0117jim\u0105.<\/li>\n<li><strong>Sandarinimo element\u0173 keitimas:<\/strong> Reguliariai tikrinkite ir prireikus keiskite sandariklius, kad i\u0161laikytum\u0117te na\u0161um\u0105 ir i\u0161vengtum\u0117te nuot\u0117kio.<\/li>\n<\/ul>\n<h2>\u012erengimo gair\u0117s<\/h2>\n<p>Tinkamas str\u0117l\u0117s cilindro montavimas yra b\u016btinas optimaliam veikimui. Pirmiausia \u012fsitikinkite, kad visi komponentai yra \u0161var\u016bs ir be \u0161iuk\u0161li\u0173. Tinkamai sulygiuokite cilindr\u0105 su tvirtinimo ta\u0161kais, kad i\u0161vengtum\u0117te nesuderinamumo, kuris gali sukelti prie\u0161laikin\u012f susid\u0117v\u0117jim\u0105. Naudokite tinkamus tvirtinimo laikiklius, kad pritvirtintum\u0117te cilindr\u0105 vietoje ir u\u017etikrintum\u0117te stabilum\u0105 eksploatavimo metu.<\/p>\n<p>Prie\u0161 baigdami montavim\u0105, dar kart\u0105 patikrinkite visas jungtis, kad \u012fsitikintum\u0117te, jog jos yra tvirtos ir saugios. \u012edieg\u0119, i\u0161bandykite cilindr\u0105 \u012fprastomis eksploatavimo s\u0105lygomis, kad \u012fsitikintum\u0117te, jog jis veikia tinkamai. Visus reikalingus reguliavimus reikia atlikti nedelsiant, kad b\u016bt\u0173 i\u0161vengta eksploatacini\u0173 problem\u0173.<\/p>\n<h2>\u012eprastos prie\u017ei\u016bros u\u017eduotys<\/h2>\n<h3>Reguliar\u016bs patikrinimai<\/h3>\n<p>Reguliariai tikrinkite, kad anksti nustatytum\u0117te galimas problemas. Ie\u0161kokite susid\u0117v\u0117jimo, korozijos ar nuot\u0117ki\u0173 po\u017eymi\u0173 ir nedelsdami juos pa\u0161alinkite, kad i\u0161vengtum\u0117te ilgalaik\u0117s \u017ealos.<\/p>\n<h3>Tinkamas tepimas<\/h3>\n<p>Labai svarbu palaikyti tinkam\u0105 tepimo lyg\u012f. Naudokite gamintojo rekomenduojam\u0105 hidraulin\u0119 alyv\u0105 ir tepkite j\u0105 nurodytais intervalais, kad u\u017etikrintum\u0117te skland\u0173 veikim\u0105.<\/p>\n<h3>Sandariklio keitimas ir kalibravimo patikrinimas<\/h3>\n<p>Norint i\u0161laikyti hidraulin\u012f efektyvum\u0105, b\u016btina keisti tarpiklius. Laikykit\u0117s tarpikli\u0173 keitimo grafiko ir periodi\u0161kai tikrinkite cilindro kalibravim\u0105, kad u\u017etikrintum\u0117te tinkam\u0105 veikim\u0105.<\/p>\n<p><img decoding=\"async\" src=\"https:\/\/www.hydraulic-cylinders.net\/wp-content\/uploads\/2025\/04\/songte-chushion-collar.webp\" alt=\"Hidraulikos pagalv\u0117l\u0117s apykakl\u0117\" \/><\/p>\n<h2>Saugos aspektai ir aplinkos veiksniai<\/h2>\n<p>Dirbant su hidraulin\u0117mis sistemomis, labai svarbu laikytis saugos priemoni\u0173. Tinkami hidraulini\u0173 operacij\u0173 mokymai u\u017etikrina, kad operatoriai gal\u0117t\u0173 saugiai elgtis su \u012franga. Be to, atsakingai naudojant hidraulinius cilindrus, suma\u017einamas poveikis aplinkai. Siekiant apsaugoti aplink\u0105, u\u017etikrinkite tinkam\u0105 hidraulini\u0173 skys\u010di\u0173 ir kit\u0173 med\u017eiag\u0173 utilizavim\u0105.<\/p>\n<h2>Trik\u010di\u0173 \u0161alinimas ir da\u017eniausiai pasitaikan\u010dios problemos<\/h2>\n<ul>\n<li><strong>Nesandar\u016bs sandarikliai:<\/strong> Jei atsiranda nuot\u0117kis, patikrinkite, ar sandarikliai n\u0117ra susid\u0117v\u0117j\u0119 ar pa\u017eeisti, ir prireikus juos pakeiskite.<\/li>\n<li><strong>Suma\u017eintas na\u0161umas:<\/strong> Jei cilindras neveikia efektyviai, patikrinkite, ar tinkamas tepimo lygis ir hidraulinio skys\u010dio kokyb\u0117.<\/li>\n<li><strong>Ne\u012fprasti garsai:<\/strong> Ne\u012fprasti garsai gali rodyti vidinius pa\u017eeidimus arba prie\u017ei\u016bros poreik\u012f \u2013 atlikite i\u0161sam\u0173 patikrinim\u0105.<\/li>\n<\/ul>\n<h2>Diagnoz\u0117 ir sprendimai<\/h2>\n<p>Nor\u0117dami efektyviai pa\u0161alinti problemas, prad\u0117kite nuo simptom\u0173 nustatymo: susid\u0117v\u0117jimo po\u017eymi\u0173, netik\u0117t\u0173 gars\u0173 ar na\u0161umo suma\u017e\u0117jimo. Atlikite sisteming\u0105 patikrinim\u0105, sutelkdami d\u0117mes\u012f \u012f sandariklius, tepim\u0105 ir hidraulinio skys\u010dio lyg\u012f. \u012egyvendinkite prevencines priemones, pvz., reguliari\u0105 technin\u0119 prie\u017ei\u016br\u0105 ir patikrinimus, kad suma\u017eintum\u0117te rizik\u0105 ir pailgintum\u0117te str\u0117l\u0117s cilindro tarnavimo laik\u0105.<\/p>\n<p><img decoding=\"async\" src=\"https:\/\/www.hydraulic-cylinders.net\/wp-content\/uploads\/2025\/04\/songte-bushings-with-all-kinds-of-excavator-models.webp\" alt=\"Ekskavatori\u0173 modeli\u0173 \u012fvor\u0117s\" \/><\/p>\n<h2>Apie m\u016bs\u0173 \u012fmon\u0119<\/h2>\n<p>Esame pirmaujantis pakaitini\u0173 hidraulini\u0173 cilindr\u0173 gamintojas, si\u016blantis plat\u0173 gamini\u0173 asortiment\u0105, atitinkant\u012f \u012fvairius rinkos poreikius. D\u0117mesys i\u0161skirtinei kokybei ir tikslioms gamybos strategijoms leid\u017eia mums b\u016bti vienais geriausi\u0173 konkurent\u0173 tiek vidaus, tiek tarptautin\u0117se rinkose. Mes naudojame pa\u017eangias technologijas, kvalifikuotus specialistus ir patikim\u0105 kokyb\u0117s u\u017etikrinimo sistem\u0105, kad padidintume savo gamybos paj\u0117gumus ir u\u017etikrintume auk\u0161tus standartus.<\/p>\n<p>M\u016bs\u0173 \u012fsipareigojimas klient\u0173 pasitenkinimui atsispindi m\u016bs\u0173 pritaikomose paslaugose, tarptautiniuose sertifikatuose ir specializuotame garantinio aptarnavimo skyriuje. Siekiame patenkinti unikalius klient\u0173 reikalavimus, kartu i\u0161laikydami pirmaujan\u010dius pramon\u0117s standartus hidraulini\u0173 cilindr\u0173 gamyboje.<\/p>\n<p><img decoding=\"async\" src=\"https:\/\/www.hydraulic-cylinders.net\/wp-content\/uploads\/2025\/04\/songte-company-4.webp\" alt=\"M\u016bs\u0173 \u012fmon\u0117\" \/><br \/>\n<img decoding=\"async\" src=\"https:\/\/www.hydraulic-cylinders.net\/wp-content\/uploads\/2025\/04\/songte-company-3.webp\" alt=\"Gamybos procesas\" \/><\/p>\n<p>Autorius: lyl<\/p>","protected":false},"excerpt":{"rendered":"<p>Boom Cylinder For Volwa Large Excavator DLS330-8B Product Overview The Boom Cylinder For Volwa Large Excavator DLS330-8B is an essential component in the hydraulic system of excavators. It is specifically designed to control the movement of the boom, which is crucial for various heavy machinery tasks. A boom cylinder operates by directing hydraulic fluid to [&hellip;]<\/p>","protected":false},"featured_media":17877,"comment_status":"open","ping_status":"closed","template":"","meta":{"_et_pb_use_builder":"","_et_pb_old_content":"","_et_gb_content_width":""},"product_brand":[],"product_cat":[1546],"product_tag":[1547,1496],"class_list":{"0":"post-19614","1":"product","2":"type-product","3":"status-publish","4":"has-post-thumbnail","6":"product_cat-boom-cylinders","7":"product_tag-boom-cylinders","8":"product_tag-hydraulic-cylinders","10":"first","11":"instock","12":"shipping-taxable","13":"product-type-simple"},"amp_enabled":true,"_links":{"self":[{"href":"https:\/\/www.hydraulic-cylinders.net\/lt\/wp-json\/wp\/v2\/product\/19614","targetHints":{"allow":["GET"]}}],"collection":[{"href":"https:\/\/www.hydraulic-cylinders.net\/lt\/wp-json\/wp\/v2\/product"}],"about":[{"href":"https:\/\/www.hydraulic-cylinders.net\/lt\/wp-json\/wp\/v2\/types\/product"}],"replies":[{"embeddable":true,"href":"https:\/\/www.hydraulic-cylinders.net\/lt\/wp-json\/wp\/v2\/comments?post=19614"}],"wp:featuredmedia":[{"embeddable":true,"href":"https:\/\/www.hydraulic-cylinders.net\/lt\/wp-json\/wp\/v2\/media\/17877"}],"wp:attachment":[{"href":"https:\/\/www.hydraulic-cylinders.net\/lt\/wp-json\/wp\/v2\/media?parent=19614"}],"wp:term":[{"taxonomy":"product_brand","embeddable":true,"href":"https:\/\/www.hydraulic-cylinders.net\/lt\/wp-json\/wp\/v2\/product_brand?post=19614"},{"taxonomy":"product_cat","embeddable":true,"href":"https:\/\/www.hydraulic-cylinders.net\/lt\/wp-json\/wp\/v2\/product_cat?post=19614"},{"taxonomy":"product_tag","embeddable":true,"href":"https:\/\/www.hydraulic-cylinders.net\/lt\/wp-json\/wp\/v2\/product_tag?post=19614"}],"curies":[{"name":"wp","href":"https:\/\/api.w.org\/{rel}","templated":true}]}}