{"id":19616,"date":"2025-04-07T06:57:32","date_gmt":"2025-04-07T06:57:32","guid":{"rendered":"https:\/\/www.hydraulic-cylinders.net\/product\/boom-cylinder-for-volwa-large-excavator-dls450-8b\/"},"modified":"2025-04-07T06:57:34","modified_gmt":"2025-04-07T06:57:34","slug":"boom-cylinder-for-volwa-large-excavator-dls450-8b","status":"publish","type":"product","link":"https:\/\/www.hydraulic-cylinders.net\/lt\/produktas\/boom-cylinder-for-volwa-large-excavator-dls450-8b\/","title":{"rendered":"\u201eVolwa\u201c didelio ekskavatoriaus DLS450-8B str\u0117l\u0117s cilindras"},"content":{"rendered":"<h1>\u201eVolwa\u201c didelio ekskavatoriaus DLS450-8B str\u0117l\u0117s cilindras<\/h1>\n<h2>Produkto ap\u017evalga<\/h2>\n<p>The <strong>\u201eVolwa\u201c didelio ekskavatoriaus DLS450-8B str\u0117l\u0117s cilindras<\/strong> yra labai svarbus sunkiosios technikos hidraulini\u0173 sistem\u0173 komponentas. \u0160io tipo hidraulinis cilindras yra specialiai sukurtas valdyti kau\u0161\u0173 jud\u0117jim\u0105 \u012fvairioje sunkiojoje technikoje, pavyzd\u017eiui, ekskavatoriuose, ekskavatoriniuose krautuvams ir frontaliniams krautuvams. Jis leid\u017eia kau\u0161ui pakilti, nuleisti ir pakreipti, taip efektyviai atliekant med\u017eiag\u0173 tvarkymo u\u017eduotis. Kau\u0161o cilindras yra b\u016btinas norint u\u017etikrinti reikiam\u0105 j\u0117g\u0105 ir judes\u012f, reikaling\u0105 \u0161ioms ma\u0161inoms efektyviai valdyti.<\/p>\n<p><img decoding=\"async\" src=\"https:\/\/www.hydraulic-cylinders.net\/wp-content\/uploads\/2025\/04\/songte-company-1.webp\" alt=\"Str\u0117l\u0117s cilindras\" \/><\/p>\n<h2>Str\u0117l\u0117s cilindro savyb\u0117s<\/h2>\n<ul>\n<li><strong>Didelis stiprumas ir ilgaam\u017ei\u0161kumas:<\/strong> Pagamintas i\u0161 didelio stiprumo plieno arba aliuminio, \u0161is cilindras gali atlaikyti auk\u0161t\u0105 sl\u0117g\u012f ir dideles apkrovas, tod\u0117l tinka at\u0161iaurioms darbo aplinkoms. Jo konstrukcija atsi\u017evelg\u0117 \u012f atsparum\u0105 dilimui ir korozijai, u\u017etikrinant ilgesn\u012f tarnavimo laik\u0105.<\/li>\n<li><strong>Efektyvus hidraulinis valdymas:<\/strong> Naudodamas hidraulin\u0117s alyvos sl\u0117g\u012f, cilindras u\u017etikrina skland\u0173 i\u0161st\u016bmim\u0105 ir \u012ftraukim\u0105, tod\u0117l greitai reaguoti \u012f valdymo komandas ir u\u017etikrinti galingas st\u016bmimo bei traukimo j\u0117gas, reikalingas sunkioms ir sud\u0117tingoms u\u017eduotims atlikti.<\/li>\n<li><strong>\u012evair\u016bs tipai:<\/strong> Galima rinktis vienpusio veikimo (hidraulin\u0117 funkcija viena kryptimi) arba dvipusio veikimo (hidraulin\u0117 funkcija abiem kryptimis) variantus, kad b\u016bt\u0173 patenkinti \u012fvair\u016bs eksploataciniai poreikiai. Kai kurie modeliai yra teleskopiniai, tod\u0117l juos galima labiau i\u0161tiesti nedidinant i\u0161orini\u0173 matmen\u0173, tod\u0117l jie puikiai tinka naudoti ribotoje erdv\u0117je.<\/li>\n<li><strong>Pritaikomi sprendimai:<\/strong> M\u016bs\u0173 gaminiai gali puikiai pakeisti \u012fvairius hidraulinius cilindrus, tod\u0117l galime lanks\u010diai patenkinti konkre\u010dius klient\u0173 reikalavimus.<\/li>\n<\/ul>\n<p><img decoding=\"async\" src=\"https:\/\/www.hydraulic-cylinders.net\/wp-content\/uploads\/2025\/04\/songte-cylinder-head-with-all-kinds-excavator-models.webp\" alt=\"Cilindro galvut\u0117\" \/><\/p>\n<h2>Str\u0117l\u0117s cilindro pritaikymas<\/h2>\n<h3>Statybin\u0117 \u012franga<\/h3>\n<p>Ekskavatoriuose str\u0117l\u0117s cilindrai yra gyvybi\u0161kai svarb\u016bs kasant, kraunant ir perkeliant \u017eem\u0119 ar \u0161iuk\u0161les. Jie padeda u\u017etikrinti reikiam\u0105 j\u0117g\u0105 prasiskverbti pro kietas med\u017eiagas, tod\u0117l yra nepakei\u010diami bet kuriame statybos projekte.<\/p>\n<h3>\u017dem\u0117s \u016bkio technika<\/h3>\n<p>Priekiniuose krautuvuose str\u0117l\u0117s cilindrai atlieka itin svarb\u0173 vaidmen\u012f keliant, semiant ir transportuojant dirvo\u017eem\u012f, \u0161ien\u0105 ir kitas med\u017eiagas. J\u0173 efektyvumas padidina \u017eem\u0117s \u016bkio darb\u0173 na\u0161um\u0105, tod\u0117l jie yra pagrindinis \u017eem\u0117s \u016bkio operacij\u0173 komponentas.<\/p>\n<h3>Ekskavatoriai<\/h3>\n<p>Kasimo darb\u0173 metu str\u0117l\u0117s cilindrai leid\u017eia kau\u0161ui efektyviai \u012fsiskverbti \u012f dirv\u0105, taip palengvindami kasimo darbus. J\u0173 konstrukcija u\u017etikrina, kad jie atlaikyt\u0173 \u0161iuose procesuose susidaran\u010dias apkrovas, taip pagerindami bendr\u0105 ma\u0161inos na\u0161um\u0105.<\/p>\n<h3>Krautuvai<\/h3>\n<p>Priekiniuose krautuvuose \u0161ie cilindrai padeda efektyviai kelti ir i\u0161versti krovinius. J\u0173 patikimas veikimas u\u017etikrina, kad med\u017eiagas b\u016bt\u0173 galima perkelti greitai ir tiksliai, o tai yra labai svarbu atliekant bet koki\u0105 krovimo u\u017eduot\u012f.<\/p>\n<h2>Projektavimo aspektai ir atrankos kriterijai<\/h2>\n<h3>Keliamoji galia<\/h3>\n<p>Renkantis str\u0117l\u0117s cilindr\u0105, labai svarbu \u012fvertinti jo keliam\u0105j\u0105 gali\u0105. Cilindras turi atlaikyti did\u017eiausias apkrovas, su kuriomis susidurs eksploatacijos metu. Tinkamas apkrovos \u012fvertinimas u\u017etikrina saug\u0173 ir efektyv\u0173 naudojim\u0105, u\u017ekertant keli\u0105 galimiems gedimams d\u0117l perkrovos.<\/p>\n<h3>Sandarinimo sistema<\/h3>\n<p>Sandarinimas yra labai svarbus hidraulini\u0173 cilindr\u0173 aspektas. Auk\u0161tos kokyb\u0117s sandarikliai apsaugo nuo hidraulinio skys\u010dio nuot\u0117kio, d\u0117l kurio gali suma\u017e\u0117ti na\u0161umas ir padid\u0117ti prie\u017ei\u016bros i\u0161laidos. Tinkami sandarikliai prailgins cilindro tarnavimo laik\u0105 ir i\u0161laikys jo efektyvum\u0105 laikui b\u0117gant.<\/p>\n<h3>Patvarumas<\/h3>\n<p>Patvarumas yra pagrindinis aspektas, ypa\u010d dirbant at\u0161iauriomis darbo s\u0105lygomis. Pasirinkus med\u017eiagas, kurios atsparios dilimui ir korozijai, galima gerokai pailginti str\u0117l\u0117s cilindro tarnavimo laik\u0105. Reguliarus med\u017eiag\u0173 vientisumo vertinimas taip pat pad\u0117s i\u0161 anksto spr\u0119sti galimas problemas.<\/p>\n<h3>Saugos funkcijos<\/h3>\n<p>Projektuojant niekada nereik\u0117t\u0173 rizikuoti sauga. \u012etraukus tokias funkcijas kaip sl\u0117gio ma\u017einimo vo\u017etuvai, i\u0161vengiama baliono gedim\u0173. Laikydamiesi eksploatavimo saugos standart\u0173, apsaugote ne tik \u012frang\u0105, bet ir operatorius bei aplinkinius darbuotojus.<\/p>\n<h3>Prie\u017ei\u016bra<\/h3>\n<p>Galiausiai, labai svarbu, kad b\u016bt\u0173 lengva pri\u017ei\u016br\u0117ti. Gerai suprojektuotas cilindras tur\u0117t\u0173 u\u017etikrinti nesud\u0117ting\u0105 ap\u017ei\u016br\u0105 ir technin\u0119 prie\u017ei\u016br\u0105. Lengva prieiga prie toki\u0173 komponent\u0173 kaip sandarikliai ir tepalai leid\u017eia atlikti reguliarius technin\u0117s prie\u017ei\u016bros patikrinimus, pailgindama gaminio tarnavimo laik\u0105.<\/p>\n<p><img decoding=\"async\" src=\"https:\/\/www.hydraulic-cylinders.net\/wp-content\/uploads\/2025\/04\/songte-oil-pipes-and-spare-parts.webp\" alt=\"Naftos vamzd\u017eiai ir atsargin\u0117s dalys\" \/><\/p>\n<h2>Sandarinimas ir tepimas<\/h2>\n<p>\u012evairi\u0173 sandarinimo komponent\u0173, toki\u0173 kaip st\u016bmokli\u0173 ir kot\u0173 sandarikliai, naudojimas yra b\u016btinas norint i\u0161laikyti hidraulinio cilindro vientisum\u0105. Sandarikliai paprastai gaminami i\u0161 atspari\u0173 dilimui med\u017eiag\u0173, toki\u0173 kaip poliuretanas ir nitrilo kau\u010diukas, kurios parenkamos d\u0117l j\u0173 patvarumo ir geb\u0117jimo atlaikyti auk\u0161t\u0105 sl\u0117g\u012f. Cilindro korpusas ir srieginiai galai yra tiksliai apdirbami, siekiant padidinti atsparum\u0105 dilimui. Norint u\u017etikrinti skland\u0173 cilindro veikim\u0105 ir suma\u017einti judan\u010di\u0173 dali\u0173 susid\u0117v\u0117jim\u0105, b\u016btina reguliariai tepti tinkama hidrauline alyva.<\/p>\n<h2>Reguliarus patikrinimas ir prevencin\u0117 prie\u017ei\u016bra<\/h2>\n<ul>\n<li><strong>Reguliar\u016bs patikrinimai:<\/strong> Suplanuokite \u012fprastinius vizualinius ir eksploatacinius patikrinimus, kad nustatytum\u0117te bet kokius susid\u0117v\u0117jimo, nuot\u0117kio ar pa\u017eeidimo po\u017eymius. Ankstyvas problem\u0173 nustatymas gali pad\u0117ti i\u0161vengti brangaus remonto ateityje.<\/li>\n<li><strong>Tinkamas tepimas:<\/strong> U\u017etikrinkite, kad hidraulin\u0117s alyvos lygis b\u016bt\u0173 palaikomas. Tepimas u\u017etikrina optimal\u0173 na\u0161um\u0105 ir suma\u017eina trint\u012f tarp judan\u010di\u0173 dali\u0173, taip suma\u017eindamas susid\u0117v\u0117jim\u0105.<\/li>\n<li><strong>Sandariklio keitimas:<\/strong> Laikui b\u0117gant, tarpin\u0117s gali susid\u0117v\u0117ti d\u0117l nusid\u0117v\u0117jimo arba aplinkos poveikio. Reguliariai tikrinkite ir keiskite tarpines, kad i\u0161vengtum\u0117te nuot\u0117ki\u0173 ir i\u0161laikytum\u0117te efektyvum\u0105.<\/li>\n<\/ul>\n<h2>\u012erengimo gair\u0117s<\/h2>\n<p>Tinkamas str\u0117l\u0117s cilindro montavimas yra labai svarbus norint u\u017etikrinti patikim\u0105 veikim\u0105. Pirmiausia \u012fsitikinkite, kad visi komponentai yra \u0161var\u016bs ir be \u0161iuk\u0161li\u0173. Naudokite tinkamus tvirtinimo laikiklius, kad pritvirtintum\u0117te cilindr\u0105 vietoje, u\u017etikrindami, kad jis b\u016bt\u0173 tinkamai sulygiuotas su ma\u0161inos darbiniais komponentais. Laikykit\u0117s gamintojo nurodym\u0173 d\u0117l sukimo momento nustatym\u0173, kad i\u0161vengtum\u0117te per didelio priver\u017eimo, kuris gali pa\u017eeisti cilindr\u0105. \u012edieg\u0119 atid\u017eiai patikrinkite visas jungtis ir jungtis, kad \u012fsitikintum\u0117te, jog jos yra tvirtos. Galiausiai, prie\u0161 visi\u0161kai paleisdami, i\u0161bandykite sistem\u0105 esant \u017eemam sl\u0117giui, kad \u012fsitikintum\u0117te, jog viskas veikia tinkamai.<\/p>\n<p><img decoding=\"async\" src=\"https:\/\/www.hydraulic-cylinders.net\/wp-content\/uploads\/2025\/04\/songte-chushion-collar.webp\" alt=\"Pagalv\u0117l\u0117s apykakl\u0117\" \/><\/p>\n<h2>Saugos aspektai ir aplinkos veiksniai<\/h2>\n<p>Naudojant str\u0117l\u0117s cilindrus, labai svarbu laikytis saugos priemoni\u0173. Operatoriai tur\u0117t\u0173 b\u016bti apmokyti tinkamai naudoti ir elgtis su hidrauline \u012franga, kad b\u016bt\u0173 suma\u017einta rizika. Be to, reik\u0117t\u0173 laikytis tinkam\u0173 aplinkosaugos praktik\u0173, kad b\u016bt\u0173 i\u0161vengta hidraulini\u0173 skys\u010di\u0173 i\u0161siliejimo, kuris gali pakenkti ekosistemoms. Reguliar\u016bs mokymai apie saugos protokolus ir prie\u017ei\u016bros praktik\u0105 skatina saugos ir atsakomyb\u0117s kult\u016br\u0105 tarp operatori\u0173.<\/p>\n<h2>Gedim\u0173 diagnostika ir da\u017eniausios problemos<\/h2>\n<ul>\n<li><strong>Skys\u010dio nuot\u0117kis:<\/strong> Reguliariai tikrinkite sandariklius ir jungtis. Nedelsdami pakeiskite pa\u017eeistus sandariklius, kad i\u0161vengtum\u0117te hidraulinio skys\u010dio praradimo, kuris gali suma\u017einti na\u0161um\u0105.<\/li>\n<li><strong>Triuk\u0161mingas veikimas:<\/strong> Ne\u012fprasti garsai gali rodyti nepakankam\u0105 tepim\u0105 arba vidini\u0173 komponent\u0173 susid\u0117v\u0117jim\u0105. Patikrinkite tepimo lyg\u012f ir apsvarstykite galimyb\u0119 atid\u017eiai ap\u017ei\u016br\u0117ti cilindr\u0105.<\/li>\n<li><strong>Nenuoseklus jud\u0117jimas:<\/strong> Jei cilindras skland\u017eiai nei\u0161siple\u010dia arba nesusitraukia, tai gali b\u016bti d\u0117l oro sistemoje arba nepakankamo hidraulinio skys\u010dio lygio. I\u0161leiskite or\u0105 i\u0161 sistemos ir prireikus papildykite hidraulinio skys\u010dio.<\/li>\n<\/ul>\n<h2>Trik\u010di\u0173 \u0161alinimo patarimai<\/h2>\n<p>Norint efektyviai diagnozuoti ir i\u0161spr\u0119sti problemas, svarbu laikytis sistemingo po\u017ei\u016brio. Prad\u0117kite nuo vizualin\u0117s ap\u017ei\u016bros, kad nustatytum\u0117te akivaizd\u017eius nusid\u0117v\u0117jimo ar pa\u017eeidimo po\u017eymius. Veskite technin\u0117s prie\u017ei\u016bros darb\u0173 \u017eurnal\u0105, kad laikui b\u0117gant gal\u0117tum\u0117te steb\u0117ti na\u0161um\u0105 ir problemas. \u012egyvendinkite reguliar\u0173 prevencin\u0117s prie\u017ei\u016bros grafik\u0105, kad suma\u017eintum\u0117te galimas problemas ir u\u017etikrintum\u0117te optimal\u0173 veikim\u0105. Galiausiai, per\u017ei\u016br\u0117kite gamintojo rekomendacijas d\u0117l konkre\u010di\u0173 trik\u010di\u0173 \u0161alinimo proced\u016br\u0173 ir rekomendacij\u0173.<\/p>\n<p><img decoding=\"async\" src=\"https:\/\/www.hydraulic-cylinders.net\/wp-content\/uploads\/2025\/04\/songte-bushings-with-all-kinds-of-excavator-models.webp\" alt=\"\u012evor\u0117s\" \/><\/p>\n<h2>Apie m\u016bs\u0173 \u012fmon\u0119<\/h2>\n<p>Esame gamintojas, kurio specializacija \u2013 pakaitiniai hidrauliniai cilindrai. D\u0117l plataus gamini\u0173 asortimento esame vieni i\u0161 pirmaujan\u010di\u0173 hidraulini\u0173 cilindr\u0173 gamintoj\u0173 ir didmeninink\u0173 tiek vidaus, tiek tarptautin\u0117se rinkose. Vadovaujam\u0117s meistri\u0161kumo principu, taikydami i\u0161sami\u0105 gamybos cecho strategij\u0105. D\u0117mes\u012f sutelkdami \u012f technologinius talentus, auk\u0161\u010diausios klas\u0117s skaitmenin\u0119 gamybos \u012frang\u0105 ir specializuotas tikrinimo sistemas, nuolat tobuliname savo gamybos paj\u0117gumus. M\u016bs\u0173 \u012fsipareigojimas u\u017etikrinti auk\u0161t\u0105 efektyvum\u0105, tikslum\u0105 ir kokyb\u0119 u\u017etikrina, kad patenkiname \u012fvairius m\u016bs\u0173 klient\u0173 poreikius.<\/p>\n<p><img decoding=\"async\" src=\"https:\/\/www.hydraulic-cylinders.net\/wp-content\/uploads\/2025\/04\/songte-company-4.webp\" alt=\"\u012emon\u0117s ap\u017evalga\" \/><br \/>\n<img decoding=\"async\" src=\"https:\/\/www.hydraulic-cylinders.net\/wp-content\/uploads\/2025\/04\/songte-company-3.webp\" alt=\"\u012emon\u0117s patalpos\" \/><\/p>\n<p>Autorius: lyl<\/p>","protected":false},"excerpt":{"rendered":"<p>Boom Cylinder For Volwa Large Excavator DLS450-8B Product Overview The Boom Cylinder for Volwa Large Excavator DLS450-8B is a crucial component in the hydraulic systems of heavy machinery. This type of hydraulic cylinder is specifically designed to control the movement of buckets in various heavy equipment like excavators, backhoe loaders, and front-end loaders. It enables [&hellip;]<\/p>","protected":false},"featured_media":17879,"comment_status":"open","ping_status":"closed","template":"","meta":{"_et_pb_use_builder":"","_et_pb_old_content":"","_et_gb_content_width":""},"product_brand":[],"product_cat":[1546],"product_tag":[1547,1496],"class_list":{"0":"post-19616","1":"product","2":"type-product","3":"status-publish","4":"has-post-thumbnail","6":"product_cat-boom-cylinders","7":"product_tag-boom-cylinders","8":"product_tag-hydraulic-cylinders","10":"first","11":"instock","12":"shipping-taxable","13":"product-type-simple"},"amp_enabled":true,"_links":{"self":[{"href":"https:\/\/www.hydraulic-cylinders.net\/lt\/wp-json\/wp\/v2\/product\/19616","targetHints":{"allow":["GET"]}}],"collection":[{"href":"https:\/\/www.hydraulic-cylinders.net\/lt\/wp-json\/wp\/v2\/product"}],"about":[{"href":"https:\/\/www.hydraulic-cylinders.net\/lt\/wp-json\/wp\/v2\/types\/product"}],"replies":[{"embeddable":true,"href":"https:\/\/www.hydraulic-cylinders.net\/lt\/wp-json\/wp\/v2\/comments?post=19616"}],"wp:featuredmedia":[{"embeddable":true,"href":"https:\/\/www.hydraulic-cylinders.net\/lt\/wp-json\/wp\/v2\/media\/17879"}],"wp:attachment":[{"href":"https:\/\/www.hydraulic-cylinders.net\/lt\/wp-json\/wp\/v2\/media?parent=19616"}],"wp:term":[{"taxonomy":"product_brand","embeddable":true,"href":"https:\/\/www.hydraulic-cylinders.net\/lt\/wp-json\/wp\/v2\/product_brand?post=19616"},{"taxonomy":"product_cat","embeddable":true,"href":"https:\/\/www.hydraulic-cylinders.net\/lt\/wp-json\/wp\/v2\/product_cat?post=19616"},{"taxonomy":"product_tag","embeddable":true,"href":"https:\/\/www.hydraulic-cylinders.net\/lt\/wp-json\/wp\/v2\/product_tag?post=19616"}],"curies":[{"name":"wp","href":"https:\/\/api.w.org\/{rel}","templated":true}]}}