{"id":19617,"date":"2025-04-07T06:57:38","date_gmt":"2025-04-07T06:57:38","guid":{"rendered":"https:\/\/www.hydraulic-cylinders.net\/product\/boom-cylinder-for-volwa-wheel-excavator-dls865-9a\/"},"modified":"2025-04-07T06:57:50","modified_gmt":"2025-04-07T06:57:50","slug":"boom-cylinder-for-volwa-wheel-excavator-dls865-9a","status":"publish","type":"product","link":"https:\/\/www.hydraulic-cylinders.net\/lt\/produktas\/boom-cylinder-for-volwa-wheel-excavator-dls865-9a\/","title":{"rendered":"\u201eVolwa\u201c ratinio ekskavatoriaus DLS865-9A str\u0117l\u0117s cilindras"},"content":{"rendered":"<h1>\u201eVolwa\u201c ratinio ekskavatoriaus DLS865-9A str\u0117l\u0117s cilindras<\/h1>\n<h2>Str\u0117l\u0117s cilindro supratimas<\/h2>\n<p>Str\u0117l\u0117s cilindras yra labai svarbi sunkiosios technikos dalis, specialiai sukurta valdyti kau\u0161\u0173 jud\u0117jim\u0105 ekskavatoriuose, ekskavatoriuose ir frontaliniuose krautuvuose. Jis klasifikuojamas kaip hidraulinis cilindras, leid\u017eiantis pakelti, nuleisti ir pakreipti kau\u0161\u0105, taip palengvinant \u012fvairias med\u017eiag\u0173 tvarkymo u\u017eduotis. \u0160is hidraulinis cilindras veikia hidraulin\u0117je sistemoje, kuri naudoja susl\u0117gt\u0105 skyst\u012f j\u0117gai perduoti ir skland\u017eiam jud\u0117jimui u\u017etikrinti. Pagrindin\u0117 str\u0117l\u0117s cilindro funkcija yra suteikti reikiam\u0105 gali\u0105 ir valdym\u0105 kau\u0161o veikimui, tod\u0117l jis yra b\u016btinas statybose, \u017eem\u0117s kasimo darbuose ir \u017eem\u0117s \u016bkyje.<\/p>\n<p><img decoding=\"async\" src=\"https:\/\/www.hydraulic-cylinders.net\/wp-content\/uploads\/2025\/04\/songte-company-1.webp\" alt=\"Str\u0117l\u0117s cilindras\"><\/p>\n<h2>Str\u0117l\u0117s cilindro savyb\u0117s<\/h2>\n<ul>\n<li><strong>Didelis stiprumas ir ilgaam\u017ei\u0161kumas:<\/strong> Paprastai pagamintas i\u0161 didelio stiprumo plieno arba aliuminio, \u0161is cilindras gali atlaikyti auk\u0161t\u0105 sl\u0117g\u012f ir dideles apkrovas, tod\u0117l idealiai tinka at\u0161iaurioms darbo aplinkoms. Jo konstrukcija atsi\u017evelgia \u012f atsparum\u0105 dilimui ir apsaug\u0105 nuo korozijos, tod\u0117l jo tarnavimo laikas gerokai pailg\u0117ja.<\/li>\n<li><strong>Efektyvus hidraulinis valdymas:<\/strong> Naudodamas hidraulin\u0117s alyvos sl\u0117g\u012f, str\u0117l\u0117s cilindras u\u017etikrina skland\u0173 \u012ftraukim\u0105 ir i\u0161skleidim\u0105. Jis greitai reaguoja \u012f valdymo komandas, u\u017etikrindamas galingas st\u016bmimo ir traukimo j\u0117gas, skirtas sunkioms med\u017eiagoms tvarkyti ir sud\u0117tingoms u\u017eduotims atlikti.<\/li>\n<li><strong>\u012evair\u016bs galimi tipai:<\/strong> Galimi variantai: vienpusio veikimo (veikiantys viena kryptimi) ir dvipusio veikimo (veikiantys abiem kryptimis) cilindrai, pritaikyti skirtingiems eksploatavimo reikalavimams. Kai kurie modeliai pasi\u017eymi teleskopine konstrukcija, leid\u017eian\u010dia didesn\u012f i\u0161pl\u0117tim\u0105 nedidinant i\u0161orini\u0173 matmen\u0173, tod\u0117l puikiai tinka naudoti ribotoje erdv\u0117je.<\/li>\n<li><strong>Individuali gamyba:<\/strong> M\u016bs\u0173 \u012fmon\u0117 specializuojasi \u0161i\u0173 cilindr\u0173 gamyboje, u\u017etikrindama puik\u0173 suderinamum\u0105 ir pakeitim\u0105 su \u012fvairiais hidraulini\u0173 cilindr\u0173 modeliais.<\/li>\n<li><strong>Pa\u017eangios technologijos:<\/strong> Naudojame pa\u017eangiausias gamybos technologijas ir med\u017eiagas, u\u017etikrindami, kad kiekvienas str\u0117l\u0117s cilindras atitikt\u0173 grie\u017etus kokyb\u0117s ir na\u0161umo standartus.<\/li>\n<\/ul>\n<p><img decoding=\"async\" src=\"https:\/\/www.hydraulic-cylinders.net\/wp-content\/uploads\/2025\/04\/songte-cylinder-head-with-all-kinds-excavator-models.webp\" alt=\"Ekskavatori\u0173 modeliai, suderinami su str\u0117l\u0117s cilindru\"><\/p>\n<h2>Str\u0117l\u0117s cilindro pritaikymas<\/h2>\n<h3>Statybin\u0117 \u012franga<\/h3>\n<p>Ekskavatoriuose str\u0117l\u0117s cilindrai atlieka pagrindin\u012f vaidmen\u012f kasant, kraunant ir perkeliant dirvo\u017eem\u012f ar \u0161iuk\u0161les. Jie palengvina kau\u0161o jud\u0117jim\u0105, tod\u0117l galima efektyviai i\u0161kasti \u012fvairias med\u017eiagas. Ekskavatoriuose-krautuvuose str\u0117l\u0117s cilindras padeda ne tik kasti, bet ir kelti, taip padidindamas ma\u0161inos universalum\u0105. Galimyb\u0117 tiksliai valdyti kau\u0161o pad\u0117t\u012f u\u017etikrina, kad operatoriai gal\u0117t\u0173 atlikti u\u017eduotis tiksliai, suma\u017eindami nelaiming\u0173 atsitikim\u0173 rizik\u0105 ir padidindami na\u0161um\u0105.<\/p>\n<h3>\u017dem\u0117s \u016bkio technika<\/h3>\n<p>Priekiniuose krautuvuose str\u0117l\u0117s cilindrai yra b\u016btini dirvo\u017eemio, \u0161ieno ir kit\u0173 med\u017eiag\u0173 k\u0117limui, k\u0117limui ir transportavimui. \u0160i funkcija yra labai svarbi atliekant tokias u\u017eduotis kaip med\u017eiag\u0173 pakrovimas ir i\u0161krovimas, tod\u0117l str\u0117l\u0117s cilindrai yra gyvybi\u0161kai svarb\u016bs \u017eem\u0117s \u016bkio operacij\u0173 komponentai. J\u0173 geb\u0117jimas valdyti \u012fvairius krovinius ir u\u017etikrinti tiksl\u0173 jud\u0117jim\u0105 padeda \u016bkininkams ir \u017eem\u0117s \u016bkio darbuotojams efektyviau atlikti savo u\u017eduotis.<\/p>\n<h3>Ekskavatoriai<\/h3>\n<p>Ekskavatoriuose str\u0117l\u0117s cilindrai yra atsakingi u\u017e tai, kad kau\u0161as efektyviai \u012fsiskverbt\u0173 \u012f \u017eem\u0119 kasimo metu. Jie suteikia reikiam\u0105 j\u0117g\u0105, kad pralau\u017et\u0173 kietus dirvo\u017eemio sluoksnius, leisdami giliau i\u0161kasti. Hidraulin\u0117s sistemos galia padidina kasimo galimybes, tod\u0117l ekskavatoriai tampa efektyvesni \u012fvairiems statybos projektams.<\/p>\n<h3>Krautuvai<\/h3>\n<p>Priekiniuose krautuvuose str\u0117l\u0117s cilindrai padeda efektyviai kelti ir i\u0161versti krovinius. J\u0173 konstrukcija u\u017etikrina skland\u0173 veikim\u0105, u\u017etikrindama, kad operatoriai gal\u0117t\u0173 pakreipti ir pakelti kau\u0161\u0105 per daug neapkraudami hidraulin\u0117s sistemos. \u0160i galimyb\u0117 yra labai svarbi atliekant u\u017eduotis, susijusias su med\u017eiag\u0173 krovimu \u012f sunkve\u017eimius arba j\u0173 efektyviu perk\u0117limu i\u0161 vienos darbo vietos \u012f kit\u0105.<\/p>\n<h2>Projektavimo aspektai ir atrankos kriterijai<\/h2>\n<h3>Keliamoji galia<\/h3>\n<p>Renkantis str\u0117l\u0117s cilindr\u0105, apkrovos paj\u0117gumas yra labai svarbus veiksnys. Cilindras turi atlaikyti maksimali\u0105 apkrov\u0105, numatom\u0105 eksploatacijos metu. Gamintojai nurodo apkrovos \u012fvertinimus, o pasirinkus cilindr\u0105, kuris vir\u0161ija numatom\u0105 apkrov\u0105, u\u017etikrinamas saugus ir efektyvus veikimas, suma\u017einant sistemos gedimo rizik\u0105.<\/p>\n<h3>Sandarinimo mechanizmai<\/h3>\n<p>Efektyvus sandarinimas yra gyvybi\u0161kai svarbus norint palaikyti hidraulin\u012f sl\u0117g\u012f cilindre. Auk\u0161tos kokyb\u0117s sandarikliai apsaugo nuo nuot\u0117ki\u0173 ir u\u017etikrina skland\u0173 veikim\u0105. Siekiant u\u017etikrinti ilgaam\u017ei\u0161kum\u0105 ir atsparum\u0105 dilimui, naudojamos \u012fvairios sandarinimo med\u017eiagos, tokios kaip poliuretanas ir nitrilo kau\u010diukas. Tinkami sandarinimo mechanizmai taip pat prisideda prie bendro hidraulin\u0117s sistemos efektyvumo.<\/p>\n<h3>Patvarumas<\/h3>\n<p>Projektuojant str\u0117l\u0117s cilindrus, j\u0173 ilgaam\u017ei\u0161kumas yra labai svarbus, nes jie veikia at\u0161iauriomis s\u0105lygomis. Gamintojai naudoja tvirtas med\u017eiagas ir novatori\u0161k\u0105 dizain\u0105, kad padidint\u0173 j\u0173 ilgaam\u017ei\u0161kum\u0105. Reguliar\u016bs patikrinimai ir prie\u017ei\u016bra padeda nustatyti nusid\u0117v\u0117jim\u0105, u\u017etikrinant, kad cilindrai i\u0161likt\u0173 funkcional\u016bs ir saug\u016bs vis\u0105 j\u0173 eksploatavimo laik\u0105.<\/p>\n<h3>Saugos funkcijos<\/h3>\n<p>Saugumas hidraulin\u0117se sistemose yra svarbiausias dalykas. Str\u0117l\u0117s cilindruose tur\u0117t\u0173 b\u016bti saugos \u012ftaisai, tokie kaip sl\u0117gio ma\u017einimo vo\u017etuvai ir gedim\u0173 prevencijos mechanizmai. \u0160ie \u012ftaisai apsaugo nuo perkrov\u0173 ir staigi\u0173 gedim\u0173, apsaugodami operatorius ir \u012frang\u0105. Saugos protokol\u0173 supratimas ir laikymasis yra labai svarb\u016bs saugiam darbui.<\/p>\n<h3>Prie\u017ei\u016bra ir tinkamumas naudoti<\/h3>\n<p>Str\u0117l\u0117s cilindr\u0173 konstrukcija, skirta lengvam j\u0173 aptarnavimui, u\u017etikrina, kad operatoriai gal\u0117t\u0173 atlikti reguliarius patikrinimus ir remont\u0105 be ilg\u0173 prastov\u0173. Lengva prieiga prie sandarikli\u0173, ang\u0173 ir kit\u0173 komponent\u0173 palengvina prevencin\u0119 prie\u017ei\u016br\u0105, suma\u017eina netik\u0117t\u0173 gedim\u0173 tikimyb\u0119 ir pailgina bendr\u0105 cilindro tarnavimo laik\u0105.<\/p>\n<p><img decoding=\"async\" src=\"https:\/\/www.hydraulic-cylinders.net\/wp-content\/uploads\/2025\/04\/songte-oil-pipes-and-spare-parts.webp\" alt=\"Hidraulini\u0173 cilindr\u0173 dalys\"><\/p>\n<h2>Sandarinimas ir tepimas<\/h2>\n<p>Efektyvus sandarinimas ir tepimas yra b\u016btini skland\u017eiam str\u0117l\u0117s cilindr\u0173 veikimui. \u012evair\u016bs sandarinimo komponentai, tokie kaip st\u016bmokli\u0173 ir stryp\u0173 sandarikliai, yra labai svarb\u016bs palaikant hidraulin\u012f sl\u0117g\u012f ir u\u017ekertant keli\u0105 nuot\u0117kiams. Tinkamai parinktos sandarinimo med\u017eiagos, \u012fskaitant poliuretan\u0105 ir nitrilo gum\u0105, padidina atsparum\u0105 dilimui ir ilgaam\u017ei\u0161kum\u0105. Cilindro korpusas ir srieginiai galai yra kruop\u0161\u010diai apdorojami, siekiant pagerinti atsparum\u0105 dilimui.<\/p>\n<p>Reguliarus tepimas hidrauline alyva yra b\u016btinas siekiant suma\u017einti trint\u012f ir nusid\u0117v\u0117jim\u0105. Operatoriai tur\u0117t\u0173 u\u017etikrinti, kad alyvos lygis b\u016bt\u0173 periodi\u0161kai papildytas, siekiant i\u0161laikyti optimal\u0173 na\u0161um\u0105. Tepimo tr\u016bkumas gali sukelti prie\u0161laikin\u012f cilindro gedim\u0105, tod\u0117l b\u016btina laikytis grie\u017eto tepimo grafiko, kuris atitikt\u0173 darbo valandas.<\/p>\n<h2>Reguliar\u016bs patikrinimai ir prevencin\u0117 prie\u017ei\u016bra<\/h2>\n<ul>\n<li><strong>\u012eprastiniai patikrinimai:<\/strong> Reguliariai atlikite patikrinimus, kad nustatytum\u0117te bet kokius susid\u0117v\u0117jimo, nuot\u0117ki\u0173 ar pa\u017eeidim\u0173 po\u017eymius. Toks aktyvus po\u017ei\u016bris padeda anksti aptikti problemas, i\u0161vengti brangaus remonto ir u\u017etikrinti saug\u0173 darb\u0105.<\/li>\n<li><strong>Tepimo grafikas:<\/strong> Laikykit\u0117s tepimo grafiko, kuris atitinka gamintojo rekomendacijas. Tinkamas tepimas suma\u017eina trint\u012f ir pailgina cilindro tarnavimo laik\u0105.<\/li>\n<li><strong>Sandariklio keitimas:<\/strong> Reguliariai tikrinkite sandariklius, ar jie nesusid\u0117v\u0117j\u0119, ir prireikus juos pakeiskite. Efektyvi\u0173 sandarikli\u0173 prie\u017ei\u016bra yra labai svarbi norint i\u0161vengti nuot\u0117ki\u0173 ir u\u017etikrinti skland\u0173 veikim\u0105.<\/li>\n<\/ul>\n<h2>\u012erengimo gair\u0117s<\/h2>\n<p>Tinkamas str\u0117l\u0117s cilindro montavimas yra labai svarbus optimaliam veikimui. Pirmiausia \u012fsitikinkite, kad visi komponentai yra \u0161var\u016bs ir be \u0161iuk\u0161li\u0173. Nustatydami cilindr\u0105, tinkamai sulygiuokite j\u012f su tvirtinimo ta\u0161kais, kad i\u0161vengtum\u0117te per didelio \u012ftempimo.<\/p>\n<p>Tvirtai pritvirtinkite cilindr\u0105, naudodami tinkamus tvirtinimo laikiklius ir tvirtinimo elementus. \u012esitikinkite, kad hidraulin\u0117s jungtys yra sandarios ir be nuot\u0117ki\u0173, nes atsilaisvinusios jungtys gali sukelti sistemos gedimus. \u012edieg\u0119, atlikite i\u0161sam\u0173 hidraulin\u0117s sistemos patikrinim\u0105 ir prie\u0161 naudodami cilindr\u0105 masi\u0161kai, i\u0161bandykite jo veikim\u0105. Laikantis \u0161i\u0173 gairi\u0173, suma\u017e\u0117ja komplikacij\u0173 rizika ir padid\u0117ja cilindro veikimo efektyvumas.<\/p>\n<h2>\u012eprastos prie\u017ei\u016bros u\u017eduotys<\/h2>\n<ul>\n<li><strong>Reguliar\u016bs patikrinimai:<\/strong> Da\u017enas susid\u0117v\u0117jimo ar nuot\u0117ki\u0173 patikrinimas yra labai svarbus norint i\u0161laikyti cilindro vientisum\u0105. Ankstyvas problem\u0173 nustatymas leid\u017eia laiku atlikti remont\u0105 ir i\u0161vengti galim\u0173 gedim\u0173.<\/li>\n<li><strong>Tinkamas tepimas:<\/strong> Tinkamas tepimas yra b\u016btinas norint suma\u017einti judan\u010di\u0173 dali\u0173 trint\u012f ir nusid\u0117v\u0117jim\u0105. Tepimo grafiko laikymasis u\u017etikrina skland\u0173 vis\u0173 komponent\u0173 veikim\u0105.<\/li>\n<li><strong>Sandariklio keitimas:<\/strong> Reguliariai tikrinkite, ar sandarikliai nepa\u017eeisti, ir prireikus juos pakeiskite. Veiksmingi sandarikliai padeda palaikyti hidraulin\u012f sl\u0117g\u012f ir i\u0161vengti nuot\u0117ki\u0173, u\u017etikrindami optimal\u0173 na\u0161um\u0105.<\/li>\n<\/ul>\n<h2>Saugos aspektai ir aplinkos veiksniai<\/h2>\n<p>Dirbant su hidraulin\u0117mis sistemomis, saugos priemon\u0117s yra nepaprastai svarbios. Operatoriai tur\u0117t\u0173 b\u016bti informuoti apie galimus pavojus, susijusius su hidrauline \u012franga, \u012fskaitant auk\u0161to sl\u0117gio linijas ir staigi\u0173 gedim\u0173 rizik\u0105. Tinkamas mokymas ir saugos protokol\u0173 laikymasis yra b\u016btini siekiant suma\u017einti rizik\u0105 ir u\u017etikrinti saugi\u0105 darbo aplink\u0105.<\/p>\n<h2>Trik\u010di\u0173 \u0161alinimas ir da\u017eniausiai pasitaikan\u010dios problemos<\/h2>\n<ul>\n<li><strong>Nuot\u0117kis:<\/strong> Jei pasteb\u0117jote hidraulinio skys\u010dio nuot\u0117k\u012f, patikrinkite, ar n\u0117ra pa\u017eeist\u0173 sandarikli\u0173 ir jung\u010di\u0173. Susid\u0117v\u0117jusi\u0173 sandarikli\u0173 keitimas da\u017enai gali i\u0161spr\u0119sti problem\u0105.<\/li>\n<li><strong>Prastas na\u0161umas:<\/strong> Jei cilindras neveikia taip, kaip tik\u0117tasi, patikrinkite, ar sistemoje n\u0117ra \u017eemo hidraulinio skys\u010dio lygio arba oro. I\u0161leidus sistem\u0105 ir papild\u017eius skys\u010diu, galima atkurti tinkam\u0105 veikim\u0105.<\/li>\n<li><strong>Ne\u012fprasti garsai:<\/strong> Ne\u012fprasti garsai gali rodyti mechanines problemas arba nepakankam\u0105 tepim\u0105. I\u0161tirkite triuk\u0161mo \u0161altin\u012f ir u\u017etikrinkite tinkam\u0105 tepim\u0105.<\/li>\n<\/ul>\n<p>\u012egyvendinant prevencines priemones ir reguliariai pri\u017ei\u016brint galima suma\u017einti galimas problemas ir u\u017etikrinti ilgesn\u012f cilindro tarnavimo laik\u0105.<\/p>\n<p><img decoding=\"async\" src=\"https:\/\/www.hydraulic-cylinders.net\/wp-content\/uploads\/2025\/04\/songte-bushings-with-all-kinds-of-excavator-models.webp\" alt=\"Ekskavatoriaus \u012fvor\u0117s\"><\/p>\n<h2>Apie m\u016bs\u0173 \u012fmon\u0119<\/h2>\n<p>Esame pirmaujanti hidraulini\u0173 cilindr\u0173 gamintoja ir didmeninink\u0117, si\u016blanti plat\u0173 gamini\u0173 asortiment\u0105, atitinkant\u012f \u012fvairius pramon\u0117s poreikius. M\u016bs\u0173 \u012fsipareigojim\u0105 siekti nepriekai\u0161tingos kokyb\u0117s palaiko rafinuota gamybos strategija, kurioje pabr\u0117\u017eiamas tikslumas ir efektyvumas.<\/p>\n<p>Mes naudojame pa\u017eangias technologijas, kvalifikuot\u0105 darbo j\u0117g\u0105 ir grie\u017etas kokyb\u0117s kontrol\u0117s priemones, kad padidintume savo gamybos paj\u0117gumus. M\u016bs\u0173 produktai yra sukurti taip, kad atitikt\u0173 tarptautinius standartus, u\u017etikrinant patikimum\u0105 ir na\u0161um\u0105. Mes si\u016blome individualias paslaugas, pritaikytas konkretiems klient\u0173 reikalavimams, dar labiau sustiprindami savo pozicijas pasaulin\u0117je rinkoje.<\/p>\n<p><img decoding=\"async\" src=\"https:\/\/www.hydraulic-cylinders.net\/wp-content\/uploads\/2025\/04\/songte-company-4.webp\" alt=\"\u012emon\u0117s patalpos\"><br \/>\n<img decoding=\"async\" src=\"https:\/\/www.hydraulic-cylinders.net\/wp-content\/uploads\/2025\/04\/songte-company-3.webp\" alt=\"Gamybos \u012franga\"><\/p>\n<p>Autorius: lyl<\/p>","protected":false},"excerpt":{"rendered":"<p>Boom Cylinder For Volwa Wheel Excavator DLS865-9A Understanding the Boom Cylinder The boom cylinder is a crucial component of heavy machinery, specifically designed to control the movement of buckets in excavators, backhoes, and front loaders. It is classified as a hydraulic cylinder, enabling the lifting, lowering, and tilting of the bucket, thus facilitating various material [&hellip;]<\/p>","protected":false},"featured_media":17880,"comment_status":"open","ping_status":"closed","template":"","meta":{"_et_pb_use_builder":"","_et_pb_old_content":"","_et_gb_content_width":""},"product_brand":[],"product_cat":[1546],"product_tag":[1547,1496],"class_list":{"0":"post-19617","1":"product","2":"type-product","3":"status-publish","4":"has-post-thumbnail","6":"product_cat-boom-cylinders","7":"product_tag-boom-cylinders","8":"product_tag-hydraulic-cylinders","10":"first","11":"instock","12":"shipping-taxable","13":"product-type-simple"},"amp_enabled":true,"_links":{"self":[{"href":"https:\/\/www.hydraulic-cylinders.net\/lt\/wp-json\/wp\/v2\/product\/19617","targetHints":{"allow":["GET"]}}],"collection":[{"href":"https:\/\/www.hydraulic-cylinders.net\/lt\/wp-json\/wp\/v2\/product"}],"about":[{"href":"https:\/\/www.hydraulic-cylinders.net\/lt\/wp-json\/wp\/v2\/types\/product"}],"replies":[{"embeddable":true,"href":"https:\/\/www.hydraulic-cylinders.net\/lt\/wp-json\/wp\/v2\/comments?post=19617"}],"wp:featuredmedia":[{"embeddable":true,"href":"https:\/\/www.hydraulic-cylinders.net\/lt\/wp-json\/wp\/v2\/media\/17880"}],"wp:attachment":[{"href":"https:\/\/www.hydraulic-cylinders.net\/lt\/wp-json\/wp\/v2\/media?parent=19617"}],"wp:term":[{"taxonomy":"product_brand","embeddable":true,"href":"https:\/\/www.hydraulic-cylinders.net\/lt\/wp-json\/wp\/v2\/product_brand?post=19617"},{"taxonomy":"product_cat","embeddable":true,"href":"https:\/\/www.hydraulic-cylinders.net\/lt\/wp-json\/wp\/v2\/product_cat?post=19617"},{"taxonomy":"product_tag","embeddable":true,"href":"https:\/\/www.hydraulic-cylinders.net\/lt\/wp-json\/wp\/v2\/product_tag?post=19617"}],"curies":[{"name":"wp","href":"https:\/\/api.w.org\/{rel}","templated":true}]}}