{"id":19619,"date":"2025-04-07T06:57:53","date_gmt":"2025-04-07T06:57:53","guid":{"rendered":"https:\/\/www.hydraulic-cylinders.net\/product\/boom-cylinder-for-volwa-cane-unloader-dls880-9a\/"},"modified":"2025-04-07T06:57:55","modified_gmt":"2025-04-07T06:57:55","slug":"boom-cylinder-for-volwa-cane-unloader-dls880-9a","status":"publish","type":"product","link":"https:\/\/www.hydraulic-cylinders.net\/lt\/produktas\/boom-cylinder-for-volwa-cane-unloader-dls880-9a\/","title":{"rendered":"\u201eVolwa\u201c cukranendri\u0173 i\u0161krovimo ma\u0161inos DLS880-9A str\u0117l\u0117s cilindras"},"content":{"rendered":"<h1>\u201eVolwa\u201c cukranendri\u0173 i\u0161krovimo ma\u0161inos DLS880-9A str\u0117l\u0117s cilindras<\/h1>\n<h2>Produkto ap\u017evalga<\/h2>\n<p>\u201eVolwa\u201c cukranendri\u0173 i\u0161krovimo ma\u0161inos DLS880-9A str\u0117l\u0117s cilindras yra esminis komponentas, specialiai sukurtas sunkiosios technikos na\u0161umui gerinti. \u0160is hidraulinis cilindras atlieka labai svarb\u0173 vaidmen\u012f valdant \u012fvairios \u012frangos jud\u0117jim\u0105, ypa\u010d \u017eem\u0117s \u016bkio sektoriuje. Jis suteikia reikiam\u0105 j\u0117g\u0105 str\u0117lei pakelti, nuleisti ir pakreipti, palengvindamas efektyv\u0173 med\u017eiag\u0173 tvarkym\u0105.<\/p>\n<p><img decoding=\"async\" src=\"https:\/\/www.hydraulic-cylinders.net\/wp-content\/uploads\/2025\/04\/songte-company-1.webp\" alt=\"\u201eVolwa\u201c cukranendri\u0173 i\u0161krovimo ma\u0161inos str\u0117l\u0117s cilindras\" \/><\/p>\n<h3>Apibr\u0117\u017eimas ir funkcija<\/h3>\n<p>Str\u0117l\u0117s cilindras yra hidraulinio cilindro tipas, specialiai sukurtas valdyti str\u0117l\u0117s svirties jud\u0117jim\u0105 sunkiosiose ma\u0161inose, tokiose kaip ekskavatoriai, ekskavatoriai ir frontaliniai krautuvai. Jo pagrindin\u0117 funkcija \u2013 u\u017etikrinti skland\u0173 ma\u0161inos kau\u0161o veikim\u0105. Naudodamas hidraulin\u0119 alyv\u0105, str\u0117l\u0117s cilindras gali u\u017etikrinti galing\u0105 k\u0117limo j\u0117g\u0105 ir tikslum\u0105 judesyje, o tai yra labai svarbu atliekant tokias u\u017eduotis kaip kasimas, pakrovimas ir med\u017eiag\u0173 transportavimas. \u0160i\u0173 cilindr\u0173 konstrukcija leid\u017eia jiems atlaikyti auk\u0161t\u0105 sl\u0117g\u012f ir dideles apkrovas, tod\u0117l jie idealiai tinka sud\u0117tingoms darbo aplinkoms.<\/p>\n<h2>Pagrindin\u0117s savyb\u0117s<\/h2>\n<ul>\n<li><strong>Didelis stiprumas ir ilgaam\u017ei\u0161kumas:<\/strong> Pagamintas i\u0161 didelio stiprumo plieno arba aliuminio, str\u0117l\u0117s cilindras yra skirtas atlaikyti auk\u0161t\u0105 sl\u0117g\u012f ir dideles apkrovas, u\u017etikrinant patikimum\u0105 at\u0161iauriomis darbo s\u0105lygomis.<\/li>\n<li><strong>Efektyvus hidraulinis valdymas:<\/strong> Cilindras naudoja hidraulin\u0117s alyvos sl\u0117g\u012f, kad skland\u017eiai i\u0161skleist\u0173 ir atitraukt\u0173, greitai reaguot\u0173 \u012f valdymo komandas ir u\u017etikrint\u0173 galingas st\u016bmimo bei traukimo j\u0117gas.<\/li>\n<li><strong>\u012evair\u016bs tipai:<\/strong> Galima \u012fsigyti vienpusio arba dvipusio veikimo konfig\u016bracij\u0173, kad atitikt\u0173 \u012fvairius eksploatacinius poreikius, kai kurie modeliai yra teleskopiniai, kad b\u016bt\u0173 galima pasiekti didesn\u012f atstum\u0105 nedidinant i\u0161orini\u0173 matmen\u0173.<\/li>\n<li><strong>Paprasta integracija:<\/strong> M\u016bs\u0173 str\u0117l\u0117s cilindras gali skland\u017eiai pakeisti esamus hidraulinius cilindrus, u\u017etikrindamas suderinamum\u0105 ir paprast\u0105 montavim\u0105.<\/li>\n<li><strong>Nereikalingas prie\u017ei\u016brai:<\/strong> \u0160i konstrukcija leid\u017eia lengvai pasiekti \u012frengin\u012f atliekant technin\u0119 prie\u017ei\u016br\u0105, u\u017etikrinant ilgaam\u017ei\u0161kum\u0105 ir efektyvum\u0105.<\/li>\n<\/ul>\n<p><img decoding=\"async\" src=\"https:\/\/www.hydraulic-cylinders.net\/wp-content\/uploads\/2025\/04\/songte-cylinder-head-with-all-kinds-excavator-models.webp\" alt=\"Hidraulinio cilindro galvut\u0117\" \/><\/p>\n<h2>Taikymo scenarijai<\/h2>\n<h3>Statybin\u0117 \u012franga<\/h3>\n<p>Statybin\u0117je \u012frangoje str\u0117l\u0117s cilindras yra gyvybi\u0161kai svarbus ekskavatoriams, nes jis palengvina kasim\u0105, pakrovim\u0105 ir grunto ar \u0161iuk\u0161li\u0173 perk\u0117lim\u0105. Jis leid\u017eia tiksliai valdyti kasimo darbus, u\u017etikrinant efektyvum\u0105 ir tikslum\u0105 operacijose. Tvirta cilindro konstrukcija leid\u017eia jam susidoroti su sunki\u0173 krovini\u0173 k\u0117limu, susijusiu su statybos projektais, tod\u0117l jis yra nepakei\u010diamas \u012frankis pramon\u0117je.<\/p>\n<h3>\u017dem\u0117s \u016bkio technika<\/h3>\n<p>\u017dem\u0117s \u016bkio srityje str\u0117l\u0117s cilindrai da\u017eniausiai randami frontaliniuose krautuvuose, kur jie padeda semti, kelti ir transportuoti dirvo\u017eem\u012f, \u0161ien\u0105 ir kitas med\u017eiagas. Hidraulinis veikimas u\u017etikrina skland\u0173 veikim\u0105, tod\u0117l \u016bkininkai gali lengvai ir tiksliai atlikti \u012fvairias u\u017eduotis. Tai padidina produktyvum\u0105 \u016bkyje ir palaiko \u012fvairi\u0105 \u017eem\u0117s \u016bkio praktik\u0105.<\/p>\n<h3>Ekskavatoriai<\/h3>\n<p>Ekskavatoriuose str\u0117l\u0117s cilindras leid\u017eia kau\u0161ui \u012fsiskverbti \u012f dirv\u0105 kasimo darbams. Jis suteikia reikiam\u0105 j\u0117g\u0105 ir valdym\u0105, leisdamas operatoriams efektyviai atlikti u\u017eduotis. Str\u0117l\u0117s cilindro patikimumas ir tvirtumas yra labai svarb\u016bs u\u017etikrinant optimal\u0173 ekskavatori\u0173 veikim\u0105, ypa\u010d sud\u0117tingose \u200b\u200b\u200b\u200bvietov\u0117se.<\/p>\n<h3>Krautuvai<\/h3>\n<p>Priekiniuose krautuvuose str\u0117l\u0117s cilindrai atlieka svarb\u0173 vaidmen\u012f efektyviai keliant ir i\u0161ver\u010diant krovinius. J\u0173 tvirta konstrukcija u\u017etikrina saug\u0173 sunki\u0173 krovini\u0173 valdym\u0105, pagerindama krautuvo funkcionalum\u0105 ir patikimum\u0105 darbo vietoje.<\/p>\n<h2>Projektavimo aspektai ir atrankos standartai<\/h2>\n<h3>Keliamoji galia<\/h3>\n<p>Str\u0117l\u0117s cilindro keliamoji galia yra labai svarbus projektavimo aspektas. Jis turi atlaikyti tvarkom\u0173 med\u017eiag\u0173 svor\u012f nepakenkdamas saugumui ar na\u0161umui. Tinkamos keliamosios galios str\u0117l\u0117s cilindro pasirinkimas u\u017etikrina efektyv\u0173 veikim\u0105 ir apsaugo nuo mechanini\u0173 gedim\u0173.<\/p>\n<h3>Sandarinimo efektyvumas<\/h3>\n<p>Efektyvus sandarinimas yra nepaprastai svarbus hidrauliniams cilindrams. Sandarikli\u0173 vientisumas apsaugo nuo hidraulinio skys\u010dio nuot\u0117kio, kuris gali sukelti na\u0161umo problem\u0173 ir padidinti prie\u017ei\u016bros i\u0161laidas. Auk\u0161tos kokyb\u0117s sandarikliai, pagaminti i\u0161 patvari\u0173 med\u017eiag\u0173, yra b\u016btini optimaliam veikimui palaikyti.<\/p>\n<h3>Patvarumas<\/h3>\n<p>Patvarumas yra labai svarbus veiksnys projektuojant str\u0117l\u0117s cilindrus. Jie tur\u0117t\u0173 b\u016bti pagaminti i\u0161 auk\u0161tos kokyb\u0117s med\u017eiag\u0173, kurios gali atlaikyti nusid\u0117v\u0117jim\u0105 d\u0117l nuolatinio naudojimo at\u0161iauriomis s\u0105lygomis. \u0160is patvarumas pailgina gaminio tarnavimo laik\u0105 ir suma\u017eina keitimo da\u017enum\u0105.<\/p>\n<h3>Saugos funkcijos<\/h3>\n<p>Saugumas yra svarbus hidraulini\u0173 cilindr\u0173 projektavimo aspektas. Tokios savyb\u0117s kaip sl\u0117gio ma\u017einimo vo\u017etuvai ir apsaugos nuo perkrovos \u012ftaisai gali u\u017ekirsti keli\u0105 nelaimingiems atsitikimams ir u\u017etikrinti saug\u0173 veikim\u0105, taip apsaugant tiek \u012frang\u0105, tiek operatori\u0173.<\/p>\n<h3>Prieinamumas prie prie\u017ei\u016bros<\/h3>\n<p>Str\u0117l\u0117s cilindr\u0173 projektavimas taip, kad juos b\u016bt\u0173 lengva pri\u017ei\u016br\u0117ti, yra labai svarbus siekiant u\u017etikrinti j\u0173 ilgaam\u017ei\u0161kum\u0105. Lengvai pasiekiami komponentai leid\u017eia reguliariai juos patikrinti, sutepti ir keisti dalis, o tai gali pagerinti na\u0161um\u0105 ir suma\u017einti prastovas.<\/p>\n<p><img decoding=\"async\" src=\"https:\/\/www.hydraulic-cylinders.net\/wp-content\/uploads\/2025\/04\/songte-oil-pipes-and-spare-parts.webp\" alt=\"Hidraulini\u0173 cilindr\u0173 dalys\" \/><\/p>\n<h2>Sandarinimas ir tepimas<\/h2>\n<p>Efektyvus sandarinimas ir tepimas yra labai svarb\u016bs hidraulini\u0173 cilindr\u0173 veikimui. \u012evairi\u0173 sandarinimo komponent\u0173, toki\u0173 kaip st\u016bmokli\u0173 ir kot\u0173 sandarikliai, naudojimas yra gyvybi\u0161kai svarbus siekiant i\u0161vengti nuot\u0117ki\u0173 ir u\u017etikrinti efektyv\u0173 veikim\u0105. \u0160ie sandarikliai da\u017enai gaminami i\u0161 atspari\u0173 dilimui med\u017eiag\u0173, toki\u0173 kaip poliuretanas ir nitrilo kau\u010diukas, kurios padidina patvarum\u0105. Be to, cilindro korpusas ir srieginiai pavir\u0161iai yra kruop\u0161\u010diai apdorojami, siekiant pagerinti atsparum\u0105 dilimui. Norint u\u017etikrinti skland\u0173 veikim\u0105 ir i\u0161vengti prie\u0161laikinio susid\u0117v\u0117jimo, b\u016btina reguliariai tepti tinkama hidrauline alyva.<\/p>\n<h2>Prevencin\u0117s prie\u017ei\u016bros priemon\u0117s<\/h2>\n<ul>\n<li><strong>Reguliar\u016bs patikrinimai:<\/strong> Reguliarus patikrinimas padeda nustatyti galimas problemas, kol jos nepablog\u0117jo, ir u\u017etikrina, kad hidraulin\u0117 sistema veikt\u0173 efektyviai.<\/li>\n<li><strong>Tepimas:<\/strong> Tinkamas tepimas yra b\u016btinas norint suma\u017einti judan\u010di\u0173 dali\u0173 trint\u012f ir nusid\u0117v\u0117jim\u0105. Reguliariai tikrinkite ir papildykite hidraulin\u0117s alyvos lyg\u012f.<\/li>\n<li><strong>Sandariklio keitimas:<\/strong> Periodi\u0161kas sandarikli\u0173 keitimas gali pad\u0117ti i\u0161vengti nuot\u0117ki\u0173 ir i\u0161laikyti hidraulin\u012f efektyvum\u0105. Labai svarbu naudoti auk\u0161tos kokyb\u0117s atsargines dalis, kad b\u016bt\u0173 u\u017etikrintas suderinamumas ir na\u0161umas.<\/li>\n<\/ul>\n<h2>\u012erengimo gair\u0117s<\/h2>\n<p>Tinkamas str\u0117l\u0117s cilindro montavimas yra labai svarbus optimaliam veikimui. Pirmiausia \u012fsitikinkite, kad visi komponentai yra \u0161var\u016bs ir be \u0161iuk\u0161li\u0173. Tinkamai sulygiuokite cilindr\u0105 su ma\u0161inos tvirtinimo ta\u0161kais ir naudokite tinkamus tvirtinimo laikiklius, kad j\u012f pritvirtintum\u0117te. Venkite neteisingo sulygiavimo, nes tai gali sukelti prie\u0161laikin\u012f susid\u0117v\u0117jim\u0105 ir gedim\u0105. \u012erengus, patikrinkite, ar n\u0117ra hidraulini\u0173 jung\u010di\u0173, ar n\u0117ra nuot\u0117ki\u0173, ir prie\u0161 naudodami \u012fsitikinkite, kad sistemoje n\u0117ra oro. Reguliariai per\u017ei\u016br\u0117kite montavim\u0105, kad laikui b\u0117gant i\u0161laikytum\u0117te na\u0161um\u0105.<\/p>\n<h2>\u012eprastos prie\u017ei\u016bros u\u017eduotys<\/h2>\n<h3>Reguliar\u016bs patikrinimai<\/h3>\n<p>Reguliar\u016bs patikrinimai yra b\u016btini norint anksti nustatyti susid\u0117v\u0117jim\u0105 ar pa\u017eeidimus. Patikrinkite cilindr\u0105, ar n\u0117ra nuot\u0117kio, korozijos ar fizin\u0117s \u017ealos po\u017eymi\u0173. Hidraulin\u012f efektyvum\u0105 pad\u0117s i\u0161laikyti vis\u0173 jung\u010di\u0173 tvirtumas ir sandarikli\u0173 nepa\u017eeistumas.<\/p>\n<h3>Tinkamas tepimas<\/h3>\n<p>Tepimas yra gyvybi\u0161kai svarbus skland\u017eiam hidraulini\u0173 cilindr\u0173 veikimui. Naudokite gamintojo rekomenduojam\u0105 hidraulin\u0119 alyv\u0105 ir reguliariai papildykite jos lyg\u012f. Tinkamas tepimas suma\u017eina judan\u010di\u0173 dali\u0173 trint\u012f ir susid\u0117v\u0117jim\u0105, pailgindamas cilindro tarnavimo laik\u0105.<\/p>\n<h3>Tarpikli\u0173 keitimas ir kalibravimo patikrinimai<\/h3>\n<p>Reguliariai keisti sandariklius yra labai svarbu siekiant i\u0161vengti nuot\u0117ki\u0173 ir palaikyti hidraulin\u012f sl\u0117g\u012f. Laikykit\u0117s gamintojo nurodym\u0173 d\u0117l sandarikli\u0173 keitimo grafik\u0173. Taip pat reik\u0117t\u0173 atlikti kalibravimo patikrinimus, siekiant u\u017etikrinti, kad sistema veikt\u0173 pagal nurodytus parametrus, taip padidinant patikimum\u0105 ir saug\u0105.<\/p>\n<p><img decoding=\"async\" src=\"https:\/\/www.hydraulic-cylinders.net\/wp-content\/uploads\/2025\/04\/songte-chushion-collar.webp\" alt=\"Pagalv\u0117l\u0117s apykakl\u0117\" \/><\/p>\n<h2>Saugos aspektai ir aplinkos veiksniai<\/h2>\n<p>Dirbant su hidrauliniais cilindrais, saugos priemon\u0117s yra nepaprastai svarbios. Operatoriai tur\u0117t\u0173 b\u016bti apmokyti atpa\u017einti su hidraulin\u0117mis sistemomis susijusius pavojus, tokius kaip auk\u0161to sl\u0117gio aplinka ir galimi hidraulinio skys\u010dio nuot\u0117kiai. Tinkam\u0173 saugos protokol\u0173 \u012fgyvendinimas gali \u017eymiai suma\u017einti rizik\u0105 ir apsaugoti tiek personal\u0105, tiek \u012frang\u0105. Be to, atsi\u017evelkite \u012f aplinkos veiksnius, tokius kaip tinkamas hidraulini\u0173 skys\u010di\u0173 \u0161alinimas ir u\u017etikrinimas, kad operacijos atitikt\u0173 aplinkosaugos reikalavimus.<\/p>\n<h2>Trik\u010di\u0173 \u0161alinimas ir da\u017eniausiai pasitaikan\u010dios problemos<\/h2>\n<ul>\n<li><strong>Nuot\u0117kis:<\/strong> Da\u017eniausia problema yra nuot\u0117kis, kur\u012f gali sukelti susid\u0117v\u0117j\u0119 sandarikliai. Reguliar\u016bs patikrinimai ir savalaikis keitimas gali i\u0161spr\u0119sti \u0161i\u0105 problem\u0105.<\/li>\n<li><strong>Sl\u0117gio praradimas:<\/strong> Hidraulinio sl\u0117gio suma\u017e\u0117jim\u0105 gali sukelti sistemos nuot\u0117kiai arba oras. Nor\u0117dami i\u0161spr\u0119sti \u0161i\u0105 problem\u0105, i\u0161leiskite or\u0105 i\u0161 sistemos ir patikrinkite, ar n\u0117ra nuot\u0117ki\u0173.<\/li>\n<li><strong>L\u0117tas veikimas:<\/strong> Jei cilindras veikia l\u0117tai, tai gali rodyti \u017eem\u0105 hidraulinio skys\u010dio lyg\u012f arba u\u017eter\u0161tum\u0105. Patikrinkite skys\u010dio lyg\u012f ir, jei reikia, pakeiskite.<\/li>\n<\/ul>\n<h2>Problem\u0173 sprendimo patarimai<\/h2>\n<p>Greitas nedideli\u0173 problem\u0173 sprendimas gali pad\u0117ti i\u0161vengti didesni\u0173 hidraulini\u0173 cilindr\u0173 problem\u0173. Jei nutek\u0117jote, nustatykite prie\u017east\u012f ir prireikus pakeiskite sandariklius. Jei suma\u017e\u0117jo sl\u0117gis, \u012fsitikinkite, kad visos jungtys yra sandarios ir n\u0117ra nuot\u0117ki\u0173. Reguliarus techninis aptarnavimas ir savalaikis trik\u010di\u0173 \u0161alinimas gali suma\u017einti galimas problemas ir pailginti hidraulin\u0117s sistemos tarnavimo laik\u0105.<\/p>\n<p><img decoding=\"async\" src=\"https:\/\/www.hydraulic-cylinders.net\/wp-content\/uploads\/2025\/04\/songte-bushings-with-all-kinds-of-excavator-models.webp\" alt=\"Hidraulini\u0173 cilindr\u0173 \u012fvor\u0117s\" \/><\/p>\n<h2>Apie m\u016bs\u0173 \u012fmon\u0119<\/h2>\n<p>Esame pirmaujanti pakaitini\u0173 hidraulini\u0173 cilindr\u0173 gamintoja ir didmeninink\u0117, si\u016blanti plat\u0173 gamini\u0173 asortiment\u0105, skirt\u0105 tiek vidaus, tiek tarptautinei rinkai. M\u016bs\u0173 \u012fsipareigojim\u0105 siekti nepriekai\u0161tingos kokyb\u0117s palaiko sud\u0117tinga gamybos valdymo strategija, kurioje pabr\u0117\u017eiama tiksli gamyba. Siekdami padidinti savo gamybos paj\u0117gumus, naudojame pa\u017eangias gamybos technologijas, kvalifikuotus technikus ir grie\u017etas bandym\u0173 sistemas. D\u0117mesys efektyvumui, tikslumui ir auk\u0161tiems standartams u\u017etikrina, kad patenkiname \u012fvairius savo klient\u0173 poreikius.<\/p>\n<p><img decoding=\"async\" src=\"https:\/\/www.hydraulic-cylinders.net\/wp-content\/uploads\/2025\/04\/songte-company-4.webp\" alt=\"\u012emon\u0117s gamybos \u012frenginiai\" \/><br \/>\n<img decoding=\"async\" src=\"https:\/\/www.hydraulic-cylinders.net\/wp-content\/uploads\/2025\/04\/songte-company-3.webp\" alt=\"\u012emon\u0117s gamybos \u012franga\" \/><\/p>\n<p>M\u016bs\u0173 atsidavim\u0105 profesionalumui sustiprina tarptautiniai sertifikatai, individualiai pritaikytos paslaugos, moderni gamybos \u012franga ir greitai reaguojantis aptarnavimas po pardavimo, u\u017etikrinantis, kad m\u016bs\u0173 produktai atitikt\u0173 ir vir\u0161yt\u0173 klient\u0173 l\u016bkes\u010dius.<\/p>\n<p>Autorius: lyl<\/p>","protected":false},"excerpt":{"rendered":"<p>Boom Cylinder For Volwa Cane Unloader DLS880-9A Product Overview The Boom Cylinder For Volwa Cane Unloader DLS880-9A is an essential component designed specifically for enhancing the performance of heavy machinery. This hydraulic cylinder plays a crucial role in controlling the movement of various equipment, particularly in the agricultural sector. It provides the necessary force to [&hellip;]<\/p>","protected":false},"featured_media":17867,"comment_status":"open","ping_status":"closed","template":"","meta":{"_et_pb_use_builder":"","_et_pb_old_content":"","_et_gb_content_width":""},"product_brand":[],"product_cat":[1546],"product_tag":[1547,1496],"class_list":{"0":"post-19619","1":"product","2":"type-product","3":"status-publish","4":"has-post-thumbnail","6":"product_cat-boom-cylinders","7":"product_tag-boom-cylinders","8":"product_tag-hydraulic-cylinders","10":"first","11":"instock","12":"shipping-taxable","13":"product-type-simple"},"amp_enabled":true,"_links":{"self":[{"href":"https:\/\/www.hydraulic-cylinders.net\/lt\/wp-json\/wp\/v2\/product\/19619","targetHints":{"allow":["GET"]}}],"collection":[{"href":"https:\/\/www.hydraulic-cylinders.net\/lt\/wp-json\/wp\/v2\/product"}],"about":[{"href":"https:\/\/www.hydraulic-cylinders.net\/lt\/wp-json\/wp\/v2\/types\/product"}],"replies":[{"embeddable":true,"href":"https:\/\/www.hydraulic-cylinders.net\/lt\/wp-json\/wp\/v2\/comments?post=19619"}],"wp:featuredmedia":[{"embeddable":true,"href":"https:\/\/www.hydraulic-cylinders.net\/lt\/wp-json\/wp\/v2\/media\/17867"}],"wp:attachment":[{"href":"https:\/\/www.hydraulic-cylinders.net\/lt\/wp-json\/wp\/v2\/media?parent=19619"}],"wp:term":[{"taxonomy":"product_brand","embeddable":true,"href":"https:\/\/www.hydraulic-cylinders.net\/lt\/wp-json\/wp\/v2\/product_brand?post=19619"},{"taxonomy":"product_cat","embeddable":true,"href":"https:\/\/www.hydraulic-cylinders.net\/lt\/wp-json\/wp\/v2\/product_cat?post=19619"},{"taxonomy":"product_tag","embeddable":true,"href":"https:\/\/www.hydraulic-cylinders.net\/lt\/wp-json\/wp\/v2\/product_tag?post=19619"}],"curies":[{"name":"wp","href":"https:\/\/api.w.org\/{rel}","templated":true}]}}