{"id":19621,"date":"2025-04-07T06:58:00","date_gmt":"2025-04-07T06:58:00","guid":{"rendered":"https:\/\/www.hydraulic-cylinders.net\/product\/boom-cylinder-for-volwa-cane-unloader-dls190-9a\/"},"modified":"2025-04-07T06:58:03","modified_gmt":"2025-04-07T06:58:03","slug":"boom-cylinder-for-volwa-cane-unloader-dls190-9a","status":"publish","type":"product","link":"https:\/\/www.hydraulic-cylinders.net\/lt\/produktas\/boom-cylinder-for-volwa-cane-unloader-dls190-9a\/","title":{"rendered":"\u201eVolwa\u201c cukranendri\u0173 i\u0161krovimo ma\u0161inos DLS190-9A str\u0117l\u0117s cilindras"},"content":{"rendered":"<h1>\u201eVolwa\u201c cukranendri\u0173 i\u0161krovimo ma\u0161inos DLS190-9A str\u0117l\u0117s cilindras<\/h1>\n<h2>\u012evadas \u012f str\u0117l\u0117s cilindr\u0105<\/h2>\n<p>Str\u0117l\u0117s cilindras yra esminis hidraulini\u0173 sistem\u0173 komponentas, specialiai sukurtas valdyti \u012fvairi\u0173 sunki\u0173j\u0173 ma\u0161in\u0173, toki\u0173 kaip ekskavatoriai, ekskavatoriniai krautuvai ir frontaliniai krautuvai, kau\u0161\u0173 judesius. \u0160is hidraulinis cilindras leid\u017eia kau\u0161\u0105 pakelti, nuleisti ir pakreipti, taip efektyviai palengvindamas med\u017eiag\u0173 tvarkymo u\u017eduotis. Str\u0117l\u0117s cilindr\u0173 funkcionalumas yra nepaprastai svarbus pramon\u0117s \u0161akose, kuriose reikalingas sunkus k\u0117limas ir tikslus jud\u0117jimas, nes jie suteikia reikiam\u0105 j\u0117g\u0105 ir valdym\u0105, kad b\u016bt\u0173 galima saugiai ir efektyviai valdyti didelius krovinius.<\/p>\n<p><img decoding=\"async\" src=\"https:\/\/www.hydraulic-cylinders.net\/wp-content\/uploads\/2025\/04\/songte-company-1.webp\" alt=\"Str\u0117l\u0117s cilindro vaizdas\"><\/p>\n<h2>Str\u0117l\u0117s cilindro savyb\u0117s<\/h2>\n<ul>\n<li>\n<h3>Didelis stiprumas ir ilgaam\u017ei\u0161kumas<\/h3>\n<p>Paprastai i\u0161 didelio stiprumo plieno arba aliuminio pagaminti str\u0117l\u0117s cilindrai yra skirti atlaikyti auk\u0161t\u0105 sl\u0117g\u012f ir dideles apkrovas, tod\u0117l jie tinka at\u0161iaurioms darbo s\u0105lygoms. J\u0173 konstrukcija atsi\u017evelgia \u012f atsparum\u0105 dilimui ir korozijai, tod\u0117l j\u0173 tarnavimo laikas gerokai pailg\u0117ja.<\/p>\n<\/li>\n<li>\n<h3>Efektyvus hidraulinis valdymas<\/h3>\n<p>\u0160ie cilindrai, naudodami hidraulin\u0117s alyvos sl\u0117g\u012f skland\u017eiam i\u0161st\u016bmimui ir \u012ftraukimui, greitai reaguoja \u012f valdymo komandas ir u\u017etikrina galing\u0105 st\u016bm\u0105, tinkam\u0105 sunkiems objektams tvarkyti ir sud\u0117tingoms operacijoms atlikti.<\/p>\n<\/li>\n<li>\n<h3>\u012evair\u016bs tipai<\/h3>\n<p>Str\u0117l\u0117s cilindrai, tiekiami kaip vienpusio veikimo (hidraulin\u0117 j\u0117ga naudojama viena kryptimi) arba dvipusio veikimo (hidraulin\u0117 j\u0117ga naudojama dviem kryptimis) cilindrai, atitinka \u012fvairius eksploatacinius poreikius. Kai kurie modeliai yra teleskopiniai, tod\u0117l juos galima labiau i\u0161tiesti nedidinant i\u0161orini\u0173 matmen\u0173, tod\u0117l jie idealiai tinka naudoti ribotoje erdv\u0117je.<\/p>\n<\/li>\n<li>\n<h3>Individuali gamyba<\/h3>\n<p>Mes galime pagaminti \u0161\u012f gamin\u012f, o m\u016bs\u0173 gaminiai gali puikiai pakeisti \u0161iuos hidraulinius cilindrus, u\u017etikrindami suderinamum\u0105 ir na\u0161um\u0105.<\/p>\n<\/li>\n<li>\n<h3>Taikymo universalumas<\/h3>\n<p>Priklausomai nuo naudojamos technikos, str\u0117l\u0117s cilindrai gali b\u016bti pritaikyti konkretiems eksploatavimo reikalavimams, u\u017etikrinant optimal\u0173 na\u0161um\u0105 \u012fvairiais nustatymais.<\/p>\n<\/li>\n<\/ul>\n<p><img decoding=\"async\" src=\"https:\/\/www.hydraulic-cylinders.net\/wp-content\/uploads\/2025\/04\/songte-cylinder-head-with-all-kinds-excavator-models.webp\" alt=\"\u012evair\u016bs ekskavatori\u0173 modeliai\"><\/p>\n<h2>Str\u0117l\u0117s cilindr\u0173 pritaikymas<\/h2>\n<ul>\n<li>\n<h3>Statybin\u0117 \u012franga<\/h3>\n<p>Ekskavatoriuose str\u0117l\u0117s cilindrai yra labai svarb\u016bs kasant, kraunant ir perkeliant \u017eem\u0119 ar \u0161iuk\u0161les. Jie leid\u017eia kau\u0161ui efektyviai \u012fsiskverbti \u012f \u017eem\u0119, palengvindami efektyv\u0173 kasim\u0105. Ekskavatoriuose-krautuvuose str\u0117l\u0117s cilindrai padeda tiek kasti, tiek kelti, demonstruodami savo daugiafunkcin\u012f paj\u0117gum\u0105 statybos darbuose.<\/p>\n<\/li>\n<li>\n<h3>\u017dem\u0117s \u016bkio technika<\/h3>\n<p>Priekiniai krautuvai naudoja str\u0117l\u0117s cilindrus dirvo\u017eemiui, \u0161ienui ir kitoms med\u017eiagoms semti, kelti ir transportuoti, taip padidindami \u017eem\u0117s \u016bkio darb\u0173 na\u0161um\u0105. \u0160i\u0173 cilindr\u0173 tiekiama hidraulin\u0117 galia leid\u017eia \u016bkininkams lengvai tvarkyti didelius med\u017eiag\u0173 kiekius.<\/p>\n<\/li>\n<li>\n<h3>Ekskavatoriai<\/h3>\n<p>Str\u0117l\u0117s cilindrai leid\u017eia ekskavatoriams atlikti kasimo veiksmus, leisdami kau\u0161ui efektyviai \u012fsiskverbti \u012f dirv\u0105, taip u\u017etikrinant optimal\u0173 kasimo na\u0161um\u0105 ir efektyvum\u0105 statybviet\u0117se.<\/p>\n<\/li>\n<li>\n<h3>Krautuvai<\/h3>\n<p>Priekiniuose krautuvuose str\u0117l\u0117s cilindrai atlieka gyvybi\u0161kai svarb\u0173 vaidmen\u012f efektyviai keliant ir i\u0161kraunant krovinius, taip padidinant bendr\u0105 med\u017eiag\u0173 tvarkymo u\u017eduo\u010di\u0173 na\u0161um\u0105 \u012fvairiose aplinkose.<\/p>\n<\/li>\n<\/ul>\n<h2>Projektavimo aspektai ir atrankos kriterijai<\/h2>\n<ul>\n<li>\n<h3>Keliamoji galia<\/h3>\n<p>Renkantis str\u0117l\u0117s cilindr\u0105, labai svarbu suprasti jo keliam\u0105j\u0105 gali\u0105. Kiekvienas cilindras turi b\u016bti paj\u0117gus atlaikyti maksimali\u0105 konkre\u010diam atvejui reikaling\u0105 apkrov\u0105 be gedimo rizikos. Tai apima perkeliam\u0173 med\u017eiag\u0173 svorio ir eksploatacijos metu veikian\u010di\u0173 j\u0117g\u0173 \u012fvertinim\u0105. Nepakankamos keliamosios galios cilindras gali sukelti katastrofi\u0161k\u0173 gedim\u0173, kelian\u010di\u0173 pavoj\u0173 tiek saugumui, tiek \u012frangai.<\/p>\n<\/li>\n<li>\n<h3>Sandarinimas<\/h3>\n<p>Efektyvus sandarinimas yra gyvybi\u0161kai svarbus norint palaikyti hidraulin\u012f sl\u0117g\u012f ir i\u0161vengti nuot\u0117ki\u0173. Tinkam\u0173 sandarikli\u0173, toki\u0173 kaip st\u016bmoklio ir koto sandarikliai, pasirinkimas u\u017etikrina optimal\u0173 na\u0161um\u0105 ir ilgaam\u017ei\u0161kum\u0105. Sandarikliai, pagaminti i\u0161 toki\u0173 med\u017eiag\u0173 kaip poliuretanas ir nitrilo kau\u010diukas, da\u017enai yra pageidaujami d\u0117l j\u0173 atsparumo dilimui ir ilgaam\u017ei\u0161kumo, tod\u0117l pailg\u0117ja cilindro eksploatavimo laikas.<\/p>\n<\/li>\n<li>\n<h3>Patvarumas<\/h3>\n<p>Patvarios konstrukcin\u0117s med\u017eiagos ir kokybi\u0161ki gamybos procesai yra b\u016btini norint u\u017etikrinti hidraulini\u0173 cilindr\u0173 ilgaam\u017ei\u0161kum\u0105. Jie turi atlaikyti ekstremalias s\u0105lygas, \u012fskaitant temperat\u016bros svyravimus ir at\u0161iauri\u0105 aplink\u0105, nesuyrant. Tam reikia pasirinkti med\u017eiagas, kurios b\u016bt\u0173 tvirtos ir atsparios dilimui.<\/p>\n<\/li>\n<li>\n<h3>Saugumas<\/h3>\n<p>Renkantis str\u0117l\u0117s cilindrus, svarbiausia yra saugumas. Juose tur\u0117t\u0173 b\u016bti saugos funkcijos, kad b\u016bt\u0173 i\u0161vengta atsitiktinio gedimo ar gedimo eksploatacijos metu. Tai apima tvirtos konstrukcijos ir patikim\u0173 sandarinimo mechanizm\u0173 u\u017etikrinim\u0105, taip pat atitikt\u012f pramon\u0117s saugos standartams, siekiant apsaugoti operatorius ir \u012frang\u0105.<\/p>\n<\/li>\n<li>\n<h3>Prie\u017ei\u016bra<\/h3>\n<p>Lengva prie\u017ei\u016bra yra labai svarbus veiksnys renkantis hidraulinius cilindrus. Reik\u0117t\u0173 atsi\u017evelgti \u012f tai, kaip lengva pakeisti sandariklius, kaip da\u017enai reikia tepti ir ar galima pasiekti \u012fvairius komponentus ap\u017ei\u016brai ir remontui. Projektuojant cilindrus atsi\u017evelgiant \u012f technin\u0119 prie\u017ei\u016br\u0105, galima gerokai suma\u017einti prastovas ir padidinti patikimum\u0105.<\/p>\n<\/li>\n<\/ul>\n<p><img decoding=\"async\" src=\"https:\/\/www.hydraulic-cylinders.net\/wp-content\/uploads\/2025\/04\/songte-oil-pipes-and-spare-parts.webp\" alt=\"Hidrauliniai komponentai\"><\/p>\n<h2>Sandarinimas ir tepimas<\/h2>\n<p>\u012evairi\u0173 sandarikli\u0173, \u012fskaitant st\u016bmokli\u0173 ir kot\u0173 sandariklius, naudojimas yra labai svarbus str\u0117l\u0117s cilindro vientisumui u\u017etikrinti. Sandarinimo med\u017eiagos, tokios kaip poliuretanas ir nitrilo kau\u010diukas, pasi\u017eymi puikiu atsparumu dilimui ir ilgaam\u017ei\u0161kumu. Cilindro korpusas ir srieginiai galiniai pavir\u0161iai yra tiksliai apdirbami, siekiant padidinti atsparum\u0105 dilimui ir dar labiau pagerinti na\u0161um\u0105. Reguliarus tepimas hidrauline alyva yra b\u016btinas, siekiant suma\u017einti trint\u012f ir i\u0161vengti prie\u0161laikinio judan\u010di\u0173 komponent\u0173 susid\u0117v\u0117jimo. Tinkamas tepimas taip pat padeda i\u0161laikyti sandarinimo efektyvum\u0105, u\u017etikrinant skland\u0173 ir efektyv\u0173 cilindro veikim\u0105.<\/p>\n<h2>Prevencin\u0117s prie\u017ei\u016bros priemon\u0117s<\/h2>\n<ul>\n<li>\n<h3>Reguliar\u016bs patikrinimai<\/h3>\n<p>Reguliar\u016bs patikrinimai yra labai svarb\u016bs norint nustatyti galimas problemas, kol jos neperaugo \u012f rimtesnes. Tai apima nusid\u0117v\u0117jimo po\u017eymi\u0173, nuot\u0117ki\u0173 ar ne\u012fprast\u0173 gars\u0173 eksploatacijos metu patikrinim\u0105. Ankstyvas aptikimas leid\u017eia laiku atlikti remont\u0105, suma\u017einti prastovas ir pailginti \u012frangos tarnavimo laik\u0105.<\/p>\n<\/li>\n<li>\n<h3>Tinkamas tepimas<\/h3>\n<p>Tinkamas tepimo lygis yra labai svarbus skland\u017eiam hidraulini\u0173 cilindr\u0173 veikimui. Laikui b\u0117gant, tepalas gali susilpn\u0117ti arba i\u0161eikvoti, tod\u0117l padid\u0117ja trintis ir susid\u0117v\u0117jimas. Reguliariai tikrinant ir papildant hidraulin\u0119 alyv\u0105 galima i\u0161vengti \u0161i\u0173 problem\u0173, u\u017etikrinant efektyv\u0173 veikim\u0105 ir ilgaam\u017ei\u0161kum\u0105.<\/p>\n<\/li>\n<li>\n<h3>Sandariklio keitimas<\/h3>\n<p>Sandarikliai yra susid\u0117vintys komponentai, kuriuos reikia reguliariai keisti, kad b\u016bt\u0173 i\u0161laikytas hidraulin\u0117s sistemos vientisumas. Keitimo grafiko sudarymas pagal darbo valandas arba naudojimo intensyvum\u0105 u\u017etikrina, kad sandarikliai visada b\u016bt\u0173 optimalios b\u016bkl\u0117s, i\u0161vengiant nuot\u0117ki\u0173 ir i\u0161laikant hidraulin\u012f efektyvum\u0105.<\/p>\n<\/li>\n<\/ul>\n<h2>Tinkamo \u012frengimo gair\u0117s<\/h2>\n<p>Teisingas str\u0117l\u0117s cilindro montavimas yra labai svarbus efektyviam jo veikimui. Pirmiausia \u012fsitikinkite, kad tvirtinimo pavir\u0161iai yra \u0161var\u016bs ir be \u0161iuk\u0161li\u0173. Labai svarbu tinkamai sulygiuoti hidraulin\u012f cilindr\u0105; naudokite tinkamus tvirtinimo laikiklius, kad cilindras b\u016bt\u0173 pritvirtintas vietoje. Neteisingas sulygiavimas gali sukelti netolyg\u0173 susid\u0117v\u0117jim\u0105 ir galim\u0105 gedim\u0105. Pritvirtin\u0119 cilindr\u0105, prijunkite hidraulines linijas, u\u017etikrindami, kad jos b\u016bt\u0173 sandariai pritvirtintos, kad neb\u016bt\u0173 nuot\u0117ki\u0173. Sumontavus svarbu i\u0161leisti i\u0161 hidraulin\u0117s sistemos or\u0105, kad pa\u0161alintum\u0117te oro ki\u0161enes, kurios gali trukdyti veikimui. Galiausiai, prie\u0161 prad\u0117dami naudoti cilindr\u0105, atlikite bandom\u0105j\u012f veikim\u0105, kad \u012fsitikintum\u0117te, jog jis veikia skland\u017eiai ir efektyviai.<\/p>\n<h2>\u012eprastos prie\u017ei\u016bros u\u017eduotys<\/h2>\n<ul>\n<li>\n<h3>Reguliar\u016bs patikrinimai<\/h3>\n<p>Reguliar\u016bs patikrinimai yra b\u016btini norint i\u0161laikyti hidraulini\u0173 cilindr\u0173 veikim\u0105. Operatoriai tur\u0117t\u0173 patikrinti, ar n\u0117ra cilindro korpuso ir sandarikli\u0173 susid\u0117v\u0117jimo, nuot\u0117ki\u0173 ar pa\u017eeidim\u0173 po\u017eymi\u0173. Patikrinim\u0173 \u012fra\u0161\u0173 tvarkymas gali pad\u0117ti steb\u0117ti cilindro b\u016bkl\u0119 laikui b\u0117gant, o tai padeda atlikti prevencin\u0119 prie\u017ei\u016br\u0105.<\/p>\n<\/li>\n<li>\n<h3>Tinkamas tepimas<\/h3>\n<p>Norint u\u017etikrinti skland\u0173 hidraulinio cilindro veikim\u0105, reikia reguliariai atlikti tinkam\u0105 tepim\u0105. Rekomenduojamos hidraulin\u0117s alyvos naudojimas ir tepimo grafiko laikymasis yra labai svarb\u016bs siekiant suma\u017einti cilindro susid\u0117v\u0117jim\u0105 ir pailginti jo tarnavimo laik\u0105. Operatoriai tur\u0117t\u0173 b\u016bti apmokyti atpa\u017einti nepakankamo tepimo po\u017eymius, tokius kaip padid\u0117jusi temperat\u016bra ar triuk\u0161mas.<\/p>\n<\/li>\n<li>\n<h3>Sandariklio keitimas ir kalibravimas<\/h3>\n<p>Tarpikliai tur\u0117t\u0173 b\u016bti kei\u010diami pagal poreik\u012f, atsi\u017evelgiant \u012f patikrinimo rezultatus. Reguliar\u016bs kalibravimo patikrinimai gali pad\u0117ti u\u017etikrinti, kad cilindras veikt\u0173 pagal savo projektinius parametrus, i\u0161vengiant gedim\u0173 ar pa\u017eeidim\u0173. \u017dinoti, kada reikia keisti tarpiklius, yra labai svarbu norint i\u0161laikyti hidraulin\u012f vientisum\u0105 ir na\u0161um\u0105.<\/p>\n<\/li>\n<\/ul>\n<p><img decoding=\"async\" src=\"https:\/\/www.hydraulic-cylinders.net\/wp-content\/uploads\/2025\/04\/songte-chushion-collar.webp\" alt=\"Pagalv\u0117l\u0117s apykakl\u0117\"><\/p>\n<h2>Saugos aspektai ir aplinkos veiksniai<\/h2>\n<p>Dirbant su hidraulin\u0117mis sistemomis, b\u016btina \u012fdiegti saugos priemones. Operatoriai tur\u0117t\u0173 b\u016bti apmokyti atpa\u017einti galimus pavojus, susijusius su hidrauliniais cilindrais, pvz., staigaus sl\u0117gio i\u0161leidimo ar cilindro gedimo rizik\u0105. Reikia d\u0117v\u0117ti tinkamas asmenines apsaugos priemones (AAP) ir nustatyti saugos protokolus, kad b\u016bt\u0173 u\u017etikrinta saugi darbo aplinka. Be to, renkantis med\u017eiagas ir projektuojant hidraulines sistemas, siekiant u\u017etikrinti patikimum\u0105 ir saug\u0105 \u012fvairiomis s\u0105lygomis, reikia atsi\u017evelgti \u012f aplinkos veiksnius, tokius kaip temperat\u016bra ir s\u0105lytis su korozin\u0117mis med\u017eiagomis.<\/p>\n<h2>Gedim\u0173 diagnostika ir da\u017eniausios problemos<\/h2>\n<ul>\n<li>\n<h3>Nuot\u0117kis<\/h3>\n<p>Nuot\u0117kis yra da\u017ena problema, kuri gali kilti d\u0117l sandariklio susid\u0117v\u0117jimo ar pa\u017eeidimo. Labai svarbu nustatyti nuot\u0117kio \u0161altin\u012f, nes jis gali suma\u017einti na\u0161um\u0105 ir hidraulinio sl\u0117gio nuostolius. Operatoriai tur\u0117t\u0173 reguliariai steb\u0117ti, ar n\u0117ra alyvos d\u0117mi\u0173, ir atlikti sl\u0117gio bandymus, kad aptikt\u0173 nuot\u0117kius.<\/p>\n<\/li>\n<li>\n<h3>Suma\u017eintas na\u0161umas<\/h3>\n<p>Jei hidraulinis cilindras veikia l\u0117\u010diau nei tik\u0117tasi arba pasi\u017eymi silpnomis keliamosiomis savyb\u0117mis, tai gali rodyti vidinius pa\u017eeidimus arba nepakankam\u0105 hidraulinio skys\u010dio kiek\u012f. Operatoriai tur\u0117t\u0173 patikrinti skys\u010dio lyg\u012f ir ap\u017ei\u016br\u0117ti, ar hidraulin\u0117se linijose n\u0117ra u\u017esikim\u0161im\u0173 ar pa\u017eeidim\u0173.<\/p>\n<\/li>\n<li>\n<h3>Ne\u012fprasti garsai<\/h3>\n<p>Ne\u012fprasti garsai veikimo metu gali signalizuoti apie mechanines problemas, pvz., susid\u0117v\u0117jusius komponentus ar netinkam\u0105 suderinim\u0105. B\u016btina nedelsiant atlikti tyrim\u0105, kad b\u016bt\u0173 i\u0161vengta tolesn\u0117s \u017ealos ir u\u017etikrintas saugus veikimas.<\/p>\n<\/li>\n<\/ul>\n<p>\u012edieg\u0119 veiksmingus trik\u010di\u0173 \u0161alinimo metodus, operatoriai gali greitai i\u0161spr\u0119sti \u0161ias problemas, u\u017etikrindami nuolatin\u012f efektyvum\u0105 ir saug\u0105 operacijose.<\/p>\n<h2>Trik\u010di\u0173 \u0161alinimo sprendimai<\/h2>\n<p>Nor\u0117dami veiksmingai diagnozuoti ir i\u0161spr\u0119sti str\u0117l\u0117s cilindr\u0173 problemas, operatoriai pirmiausia tur\u0117t\u0173 atlikti i\u0161sam\u0173 patikrinim\u0105, kad nustatyt\u0173 visus matomus susid\u0117v\u0117jimo ar pa\u017eeidimo po\u017eymius. Reguliari prie\u017ei\u016bros praktika, pavyzd\u017eiui, tinkamas tepimas ir savalaikis sandarikli\u0173 keitimas, gali pad\u0117ti i\u0161vengti daugelio da\u017eniausiai pasitaikan\u010di\u0173 problem\u0173. Reguliari\u0173 patikrinim\u0173 \u012fdiegimas gali pad\u0117ti suma\u017einti netik\u0117t\u0173 gedim\u0173 rizik\u0105. Sud\u0117tingesn\u0117mis problemomis konsultuojantis su hidraulikos specialistais galima gauti \u012f\u017evalg\u0173 apie sud\u0117tingesnes problemas, kurioms reikia profesionalios pagalbos, u\u017etikrinant, kad visa \u012franga veikt\u0173 optimaliai ir saugiai.<\/p>\n<p><img decoding=\"async\" src=\"https:\/\/www.hydraulic-cylinders.net\/wp-content\/uploads\/2025\/04\/songte-bushings-with-all-kinds-of-excavator-models.webp\" alt=\"\u012evor\u0117s komponentai\"><\/p>\n<h2>Apie m\u016bs\u0173 \u012fmon\u0119<\/h2>\n<p>Esame pirmaujantis pakaitini\u0173 hidraulini\u0173 cilindr\u0173 gamintojas, si\u016blantis plat\u0173 gamini\u0173 asortiment\u0105, kuris \u012ftvirtino m\u016bs\u0173, kaip vieno i\u0161 geriausi\u0173 gamintoj\u0173 ir didmenini\u0173 platintoj\u0173, pozicij\u0105 tiek vidaus, tiek tarptautin\u0117se rinkose. Siekiame nepriekai\u0161tingos kokyb\u0117s, remdamiesi patobulinta gamybos cecho pramonin\u0117s gamybos valdymo strategija. M\u016bs\u0173 \u012fmon\u0117 nuolat tobulina gamybos platform\u0105, integruodama kvalifikuotus techninius specialistus, auk\u0161\u010diausios klas\u0117s skaitmenin\u0119 gamybos \u012frang\u0105 ir profesionalias testavimo sistemas. \u0160is \u012fsipareigojimas leid\u017eia mums efektyviai patenkinti \u012fvairius klient\u0173 poreikius, teikiant didelio tikslumo ir auk\u0161\u010diausios kokyb\u0117s hidraulinius sprendimus.<\/p>\n<p><img decoding=\"async\" src=\"https:\/\/www.hydraulic-cylinders.net\/wp-content\/uploads\/2025\/04\/songte-company-4.webp\" alt=\"\u012emon\u0117s ap\u017evalga\"><br \/>\n<img decoding=\"async\" src=\"https:\/\/www.hydraulic-cylinders.net\/wp-content\/uploads\/2025\/04\/songte-company-3.webp\" alt=\"Gamybos \u012frenginiai\"><\/p>\n<p>M\u016bs\u0173 specializacij\u0105 hidraulini\u0173 sistem\u0173 srityje papildo tarptautiniai sertifikatai, individualiems poreikiams pritaikytos paslaugos, pa\u017eangi gamybos \u012franga ir i\u0161sami garantinio aptarnavimo paslauga. Mes teikiame pirmenyb\u0119 klient\u0173 pasitenkinimui, teikdami patvarius ir efektyvius sprendimus, kurie didina veiklos efektyvum\u0105 \u012fvairiose srityse.<\/p>\n<p>Autorius: lyl<\/p>","protected":false},"excerpt":{"rendered":"<p>Boom Cylinder For Volwa Cane Unloader DLS190-9A Introduction to Boom Cylinder The boom cylinder is an essential component in hydraulic systems, specifically designed to control the movements of various heavy machinery&#8217;s buckets, such as excavators, backhoe loaders, and front loaders. This hydraulic cylinder enables the bucket to lift, lower, and tilt, facilitating material handling tasks [&hellip;]<\/p>","protected":false},"featured_media":17869,"comment_status":"open","ping_status":"closed","template":"","meta":{"_et_pb_use_builder":"","_et_pb_old_content":"","_et_gb_content_width":""},"product_brand":[],"product_cat":[1546],"product_tag":[1547,1496],"class_list":{"0":"post-19621","1":"product","2":"type-product","3":"status-publish","4":"has-post-thumbnail","6":"product_cat-boom-cylinders","7":"product_tag-boom-cylinders","8":"product_tag-hydraulic-cylinders","10":"first","11":"instock","12":"shipping-taxable","13":"product-type-simple"},"amp_enabled":true,"_links":{"self":[{"href":"https:\/\/www.hydraulic-cylinders.net\/lt\/wp-json\/wp\/v2\/product\/19621","targetHints":{"allow":["GET"]}}],"collection":[{"href":"https:\/\/www.hydraulic-cylinders.net\/lt\/wp-json\/wp\/v2\/product"}],"about":[{"href":"https:\/\/www.hydraulic-cylinders.net\/lt\/wp-json\/wp\/v2\/types\/product"}],"replies":[{"embeddable":true,"href":"https:\/\/www.hydraulic-cylinders.net\/lt\/wp-json\/wp\/v2\/comments?post=19621"}],"wp:featuredmedia":[{"embeddable":true,"href":"https:\/\/www.hydraulic-cylinders.net\/lt\/wp-json\/wp\/v2\/media\/17869"}],"wp:attachment":[{"href":"https:\/\/www.hydraulic-cylinders.net\/lt\/wp-json\/wp\/v2\/media?parent=19621"}],"wp:term":[{"taxonomy":"product_brand","embeddable":true,"href":"https:\/\/www.hydraulic-cylinders.net\/lt\/wp-json\/wp\/v2\/product_brand?post=19621"},{"taxonomy":"product_cat","embeddable":true,"href":"https:\/\/www.hydraulic-cylinders.net\/lt\/wp-json\/wp\/v2\/product_cat?post=19621"},{"taxonomy":"product_tag","embeddable":true,"href":"https:\/\/www.hydraulic-cylinders.net\/lt\/wp-json\/wp\/v2\/product_tag?post=19621"}],"curies":[{"name":"wp","href":"https:\/\/api.w.org\/{rel}","templated":true}]}}