{"id":19622,"date":"2025-04-07T06:58:03","date_gmt":"2025-04-07T06:58:03","guid":{"rendered":"https:\/\/www.hydraulic-cylinders.net\/product\/boom-cylinder-for-volwa-cane-unloader-dls210-9a\/"},"modified":"2025-04-07T06:58:05","modified_gmt":"2025-04-07T06:58:05","slug":"boom-cylinder-for-volwa-cane-unloader-dls210-9a","status":"publish","type":"product","link":"https:\/\/www.hydraulic-cylinders.net\/lt\/produktas\/boom-cylinder-for-volwa-cane-unloader-dls210-9a\/","title":{"rendered":"\u201eVolwa\u201c cukranendri\u0173 i\u0161krovimo ma\u0161inos DLS210-9A str\u0117l\u0117s cilindras"},"content":{"rendered":"<h1>\u201eVolwa\u201c cukranendri\u0173 i\u0161krovimo ma\u0161inos DLS210-9A str\u0117l\u0117s cilindras<\/h1>\n<h2>Produkto ap\u017evalga<\/h2>\n<p>\u201eVolwa\u201c cukranendri\u0173 i\u0161kroviklio DLS210-9A str\u0117l\u0117s cilindras yra labai svarbus hidraulinis komponentas, specialiai sukurtas sunkiosios technikos, pvz., cukranendri\u0173 i\u0161krov\u0117j\u0173, funkcionalumui pagerinti. \u0160io tipo hidraulinis cilindras atsakingas u\u017e kau\u0161o jud\u0117jimo valdym\u0105 \u012fvairiose sunkiosiose technikose, pvz., ekskavatoriuose, ekskavatoriuose ir frontaliniuose krautuvuose. Jis palengvina kau\u0161o k\u0117lim\u0105, nuleidim\u0105 ir pakreipim\u0105, taip pagerindamas med\u017eiag\u0173 tvarkymo u\u017eduo\u010di\u0173 efektyvum\u0105.<\/p>\n<p><img decoding=\"async\" src=\"https:\/\/www.hydraulic-cylinders.net\/wp-content\/uploads\/2025\/04\/songte-company-1.webp\" alt=\"\u201eVolwa\u201c cukranendri\u0173 i\u0161krovimo ma\u0161inos str\u0117l\u0117s cilindras\" \/><\/p>\n<h3>Kas yra kibiro cilindras?<\/h3>\n<p>Kau\u0161o cilindras yra specializuotas hidraulinis cilindras, skirtas valdyti kau\u0161\u0173 jud\u0117jim\u0105 sunkiojoje \u012frangoje. \u0160ie cilindrai yra sukurti taip, kad atlaikyt\u0173 auk\u0161t\u0105 sl\u0117g\u012f ir dideles apkrovas, tod\u0117l jie idealiai tinka aplinkai, kuriai reikalingas patvarumas ir patikimumas. Pagrindinis kau\u0161o cilindro vaidmuo yra u\u017etikrinti tiksl\u0173 kau\u0161o veiksm\u0173 valdym\u0105, o tai yra labai svarbu atliekant tokias u\u017eduotis kaip kasimas, k\u0117limas ir med\u017eiag\u0173 transportavimas. \u0160i\u0173 cilindr\u0173 in\u017einerijoje atsi\u017evelgiama \u012f stiprum\u0105, ilgaam\u017ei\u0161kum\u0105 ir efektyvum\u0105, tod\u0117l jie yra pagrindinis \u012fvairi\u0173 pramon\u0117s \u0161ak\u0173 hidraulini\u0173 sistem\u0173 komponentas.<\/p>\n<h2>Str\u0117l\u0117s cilindro savyb\u0117s<\/h2>\n<ul>\n<li><strong>Didelis stiprumas ir ilgaam\u017ei\u0161kumas:<\/strong> Paprastai i\u0161 didelio stiprumo plieno arba aliuminio pagamintas str\u0117l\u0117s cilindras gali atlaikyti didel\u012f sl\u0117g\u012f ir dideles apkrovas, tod\u0117l tinka at\u0161iaurioms darbo s\u0105lygoms. Konstrukcijoje pabr\u0117\u017eiamas atsparumas dilimui ir apsauga nuo korozijos, taip pailginant jo tarnavimo laik\u0105.<\/li>\n<li><strong>Efektyvus hidraulinis valdymas:<\/strong> Naudodamas hidraulin\u0117s alyvos sl\u0117g\u012f, cilindras leid\u017eia skland\u017eiai i\u0161skleisti ir atitraukti, taip greitai reaguodamas \u012f veikimo komandas. \u0160i galimyb\u0117 suteikia didel\u0119 st\u016bmimo ir traukimo gali\u0105, idealiai tinkan\u010di\u0105 sunkiems kroviniams ir sud\u0117tingoms u\u017eduotims atlikti.<\/li>\n<li><strong>\u012evair\u016bs galimi tipai:<\/strong> Kau\u0161\u0173 cilindrus galima pasirinkti vienpusio veikimo (veikian\u010dius viena kryptimi) arba dvipusio veikimo (veikian\u010dius abiem kryptimis) konfig\u016bracijomis, kad b\u016bt\u0173 patenkinti skirtingi eksploataciniai poreikiai. Kai kurie modeliai yra teleskopiniai, tod\u0117l juos galima labiau i\u0161tiesti nedidinant i\u0161orini\u0173 matmen\u0173, tod\u0117l jie tinka naudoti ribotoje erdv\u0117je.<\/li>\n<li><strong>Suderinamumas su \u012fvairia \u012franga:<\/strong> M\u016bs\u0173 gaminiai gali skland\u017eiai pakeisti esamus hidraulinius cilindrus, u\u017etikrindami suderinamum\u0105 su \u012fvairia technika ir pagerindami j\u0173 na\u0161um\u0105.<\/li>\n<li><strong>Prie\u017ei\u016brai draugi\u0161kas dizainas:<\/strong> Str\u0117l\u0117s cilindro konstrukcija supaprastina technin\u0119 prie\u017ei\u016br\u0105 ir remont\u0105, tod\u0117l operatoriams lengviau atlikti reikiam\u0105 technin\u0119 prie\u017ei\u016br\u0105, kad b\u016bt\u0173 u\u017etikrintas optimalus na\u0161umas.<\/li>\n<\/ul>\n<p><img decoding=\"async\" src=\"https:\/\/www.hydraulic-cylinders.net\/wp-content\/uploads\/2025\/04\/songte-cylinder-head-with-all-kinds-excavator-models.webp\" alt=\"Kau\u0161o cilindro galvut\u0117\" \/><\/p>\n<h2>Str\u0117l\u0117s cilindro pritaikymas<\/h2>\n<h3>Statybin\u0117 \u012franga<\/h3>\n<p>Statybin\u0117je \u012frangoje, tokioje kaip ekskavatoriai, str\u0117l\u0117s cilindras atlieka gyvybi\u0161kai svarb\u0173 vaidmen\u012f kasant, kraunant ir perkeliant grunt\u0105 ar \u0161iuk\u0161les. Jo hidraulin\u0117s galimyb\u0117s leid\u017eia operatoriui atlikti tikslius judesius, kurie yra b\u016btini efektyviems kasimo darbams. Ekskavatoriuose-krautuvuose kau\u0161o cilindras padeda tiek kasti, tiek kelti, tod\u0117l jis yra pagrindinis \u012fvairi\u0173 statybos projekt\u0173 komponentas.<\/p>\n<h3>\u017dem\u0117s \u016bkio technika<\/h3>\n<p>\u017dem\u0117s \u016bkio aplinkoje frontaliniai krautuvai naudoja str\u0117l\u0117s cilindrus dirvo\u017eemiui, \u0161ienui ir kitoms med\u017eiagoms semti, kelti ir transportuoti. Galimyb\u0117 valdyti kau\u0161o pad\u0117t\u012f leid\u017eia efektyviai pakrauti ir i\u0161krauti med\u017eiagas, o tai \u017eymiai padidina \u016bki\u0173 produktyvum\u0105.<\/p>\n<h3>Ekskavatoriai<\/h3>\n<p>Ekskavatoriuose str\u0117l\u0117s cilindras leid\u017eia kau\u0161ui efektyviai \u012fsiskverbti \u012f \u017eem\u0119, palengvindamas kasimo darbus. \u0160i funkcija yra labai svarbi, nes leid\u017eia operatoriams pasiekti norim\u0105 gyl\u012f ir maksimaliai padidinti kasimo pastangas, o tai daro didel\u0119 \u012ftak\u0105 projekto terminams ir efektyvumui.<\/p>\n<h3>Krautuvai<\/h3>\n<p>Priekiniuose krautuvuose str\u0117l\u0117s cilindrai yra b\u016btini norint efektyviai pakelti ir i\u0161versti med\u017eiagas. \u0160i\u0173 cilindr\u0173 teikiama hidraulin\u0117 valdymo sistema u\u017etikrina, kad operatoriai gal\u0117t\u0173 saugiai ir efektyviai valdyti sunkius krovinius, taip pagerindami bendr\u0105 ma\u0161inos na\u0161um\u0105.<\/p>\n<h2>Projektavimo aspektai ir atrankos kriterijai<\/h2>\n<h3>Keliamoji galia<\/h3>\n<p>Renkantis str\u0117l\u0117s cilindr\u0105, labai svarbu suprasti jo keliam\u0105j\u0105 gali\u0105. Cilindras turi atlaikyti did\u017eiausi\u0105 numatom\u0105 apkrov\u0105, i\u0161laikant saugos ir eksploatacinius standartus. Tai apima skai\u010diavimus, kuriuose atsi\u017evelgiama \u012f perkeliam\u0173 med\u017eiag\u0173 svor\u012f, ma\u0161inos dinamik\u0105 ir saugos veiksnius, siekiant i\u0161vengti gedim\u0173 esant apkrovai.<\/p>\n<h3>Sandarinimo efektyvumas<\/h3>\n<p>Sandarinimas yra labai svarbus hidraulinio cilindro konstrukcijos aspektas. Efektyv\u016bs sandarikliai apsaugo nuo skys\u010di\u0173 nuot\u0117kio, u\u017etikrindami efektyv\u0173 hidraulin\u0117s sistemos veikim\u0105. Auk\u0161tos kokyb\u0117s sandarikliai, pagaminti i\u0161 toki\u0173 med\u017eiag\u0173 kaip poliuretanas ir nitrilo kau\u010diukas, naudojami siekiant atlaikyti nusid\u0117v\u0117jim\u0105 ir i\u0161laikyti vientisum\u0105 esant sl\u0117giui. Norint i\u0161vengti hidraulinio skys\u010dio praradimo ir i\u0161laikyti sistemos veikim\u0105, b\u016btina reguliariai tikrinti ir keisti sandariklius.<\/p>\n<h3>Patvarumas<\/h3>\n<p>Patvarumas yra labai svarbus aspektas, ypa\u010d at\u0161iauriomis eksploatavimo s\u0105lygomis. Cilindras turi b\u016bti atsparus dilimui, korozijai ir ekstremalioms temperat\u016broms. Gamintojai da\u017enai naudoja pa\u017eangias med\u017eiagas ir dangas, kad padidint\u0173 patvarum\u0105 ir u\u017etikrint\u0173, jog produktas atlaikyt\u0173 sud\u0117tingas s\u0105lygas nepakenkdamas na\u0161umui.<\/p>\n<h3>Saugos funkcijos<\/h3>\n<p>Saugos funkcijos yra svarbiausios projektuojant hidraulinius cilindrus. Tai apima u\u017etikrinim\u0105, kad cilindras gal\u0117t\u0173 saugiai veikti esant maksimaliam sl\u0117giui ir kad b\u016bt\u0173 \u012frengti gedim\u0173 prevencijos \u012ftaisai, siekiant i\u0161vengti nelaiming\u0173 atsitikim\u0173 ar \u012frangos gedim\u0173. Baliono saugos \u012fvertinim\u0173 ir sertifikat\u0173 supratimas yra b\u016btinas norint u\u017etikrinti atitikt\u012f pramon\u0117s reglamentams ir standartams.<\/p>\n<h3>Prieinamumas prie prie\u017ei\u016bros<\/h3>\n<p>Gerai suprojektuotas hidraulinis cilindras tur\u0117t\u0173 b\u016bti lengvai pri\u017ei\u016brimas. Tai apima prieigos ta\u0161kus tepimui, patikrinimui ir sandarikli\u0173 bei kit\u0173 komponent\u0173 keitimui. Reguliarus techninis aptarnavimas u\u017etikrina ilgaam\u017ei\u0161kum\u0105 ir optimal\u0173 na\u0161um\u0105, suma\u017eindamas operatori\u0173 prastovas ir remonto i\u0161laidas.<\/p>\n<p><img decoding=\"async\" src=\"https:\/\/www.hydraulic-cylinders.net\/wp-content\/uploads\/2025\/04\/songte-oil-pipes-and-spare-parts.webp\" alt=\"Hidraulin\u0117s dalys\" \/><\/p>\n<h2>Sandarinimas ir tepimas<\/h2>\n<p>Efektyvus sandarinimo ir tepimo procesas yra b\u016btinas skland\u017eiam hidraulini\u0173 cilindr\u0173 veikimui. \u012evair\u016bs sandarinimo komponentai, tokie kaip st\u016bmokli\u0173 ir kot\u0173 sandarikliai, naudojami sl\u0117giui palaikyti ir nuot\u0117kiams i\u0161vengti. Sandarikli\u0173, pagamint\u0173 i\u0161 patvari\u0173 med\u017eiag\u0173, toki\u0173 kaip poliuretanas ir nitrilo kau\u010diukas, pasirinkimas yra labai svarbus siekiant u\u017etikrinti ilgaam\u017ei\u0161kum\u0105 ir atsparum\u0105 dilimui.<\/p>\n<p>Be to, cilindro korpusas ir srieginiai galiniai pavir\u0161iai yra tiksliai apdirbti, siekiant padidinti atsparum\u0105 dilimui. Reguliarus tepimas hidrauline alyva yra b\u016btinas norint suma\u017einti judan\u010di\u0173 dali\u0173 trint\u012f ir nusid\u0117v\u0117jim\u0105, u\u017etikrinti efektyv\u0173 veikim\u0105 ir pailginti cilindro tarnavimo laik\u0105. Operatoriai tur\u0117t\u0173 laikytis tepimo grafiko, kad i\u0161vengt\u0173 pa\u017eeidim\u0173 ir u\u017etikrint\u0173 optimal\u0173 na\u0161um\u0105.<\/p>\n<h2>Prevencin\u0117s prie\u017ei\u016bros priemon\u0117s<\/h2>\n<ul>\n<li><strong>Reguliar\u016bs patikrinimai:<\/strong> Reguliariai tikrinti hidraulin\u012f cilindr\u0105 ir jo komponentus yra labai svarbu norint nustatyti susid\u0117v\u0117jim\u0105 ir galimas problemas, kol jos netapo rimtomis. Patikrinkite sandariklius, jungtis ir cilindro korpus\u0105, ar n\u0117ra susid\u0117v\u0117jimo ar pa\u017eeidim\u0173 po\u017eymi\u0173.<\/li>\n<li><strong>Tinkamas tepimas:<\/strong> Cilindro pakankamas sutepimas yra labai svarbus jo veikimui. Naudokite rekomenduojamas hidraulines alyvas ir palaikykite tinkam\u0105 j\u0173 lyg\u012f, kad judan\u010dios dalys nei\u0161d\u017ei\u016bt\u0173 ir per daug nesusid\u0117v\u0117t\u0173.<\/li>\n<li><strong>Sandariklio keitimas:<\/strong> Reguliariai tikrinkite, ar sandarikliai n\u0117ra susid\u0117v\u0117j\u0119, ir prireikus juos pakeiskite. Susid\u0117v\u0117j\u0119 sandarikliai gali sukelti nuot\u0117kius ir suma\u017einti efektyvum\u0105, o tai turi \u012ftakos bendram hidraulin\u0117s sistemos veikimui.<\/li>\n<\/ul>\n<h2>Diegimo vadovas<\/h2>\n<p>Tinkamas str\u0117l\u0117s cilindro montavimas yra b\u016btinas norint u\u017etikrinti optimal\u0173 na\u0161um\u0105 ir saug\u0105. Nor\u0117dami teisingai sumontuoti, atlikite \u0161iuos veiksmus:<\/p>\n<ol>\n<li><strong>Paruo\u0161imas:<\/strong> Prie\u0161 montuodami \u012fsitikinkite, kad \u012franga yra i\u0161jungta ir kad i\u0161leistas visas hidraulinis sl\u0117gis. Surinkite reikiamus \u012frankius ir komponentus montavimui.<\/li>\n<li><strong>Lygiavimas:<\/strong> Tinkamai sulygiuokite cilindr\u0105 su mechanizmo tvirtinimo ta\u0161kais. Naudojant tinkamus tvirtinimo laikiklius, galima pasiekti teising\u0105 sulygiavim\u0105 ir pritvirtinti cilindr\u0105 vietoje.<\/li>\n<li><strong>Ry\u0161ys:<\/strong> Atsargiai prijunkite hidraulines linijas, u\u017etikrindami, kad visos jungtys b\u016bt\u0173 sandarios ir nepralaid\u017eios. Prireikus apsvarstykite galimyb\u0119 naudoti sriegi\u0173 sandarikl\u012f, kad i\u0161vengtum\u0117te nuot\u0117ki\u0173.<\/li>\n<li><strong>Testavimas:<\/strong> \u012edieg\u0119 sistem\u0105, patikrinkite, ar ji tinkamai veikia. Patikrinkite, ar n\u0117ra nuot\u0117ki\u0173, ir \u012fsiklausykite \u012f ne\u012fprastus garsus, kurie gali rodyti \u012frengimo problemas.<\/li>\n<\/ol>\n<h2>\u012eprastos prie\u017ei\u016bros u\u017eduotys<\/h2>\n<ul>\n<li><strong>Reguliar\u016bs patikrinimai:<\/strong> Reguliar\u016bs patikrinimai leid\u017eia anksti nustatyti galimas problemas. Ie\u0161kokite susid\u0117v\u0117jimo, nuot\u0117ki\u0173 ir pa\u017eeidim\u0173 po\u017eymi\u0173.<\/li>\n<li><strong>Tinkamas tepimas:<\/strong> Reguliariai tepkite, kad visos judan\u010dios dalys veikt\u0173 skland\u017eiai, suma\u017eintum\u0117te trint\u012f ir susid\u0117v\u0117jim\u0105.<\/li>\n<li><strong>Sandariklio keitimas:<\/strong> Steb\u0117kite sandarikli\u0173 b\u016bkl\u0119 ir prireikus juos pakeiskite, kad i\u0161laikytum\u0117te hidraulin\u012f efektyvum\u0105 ir i\u0161vengtum\u0117te nuot\u0117ki\u0173.<\/li>\n<\/ul>\n<h2>Saugos aspektai ir aplinkos veiksniai<\/h2>\n<p>Naudojant hidraulinius cilindrus, labai svarbu \u012fdiegti tinkamas saugos priemones. Operatoriai tur\u0117t\u0173 b\u016bti apmokyti suprasti galim\u0105 su hidraulin\u0117mis sistemomis susijusi\u0105 rizik\u0105, \u012fskaitant auk\u0161to sl\u0117gio pavojus, ir saugos protokol\u0173 laikymosi svarb\u0105 eksploatavimo ir prie\u017ei\u016bros metu. Asmenini\u0173 apsaugos priemoni\u0173 (AAP) naudojimas ir gamintojo nurodym\u0173 laikymasis dar labiau u\u017etikrina saug\u0173 naudojim\u0105 ir eksploatavim\u0105.<\/p>\n<h2>Trik\u010di\u0173 \u0161alinimas ir da\u017eniausiai pasitaikan\u010dios problemos<\/h2>\n<ul>\n<li><strong>Nuot\u0117kis:<\/strong> Jei pasteb\u0117site nuot\u0117k\u012f, patikrinkite, ar sandarikliai ir jungtys nepa\u017eeistos. Pakeiskite susid\u0117v\u0117jusius sandariklius ir \u012fsitikinkite, kad jungtys yra tvirtos, kad i\u0161vengtum\u0117te skys\u010dio praradimo.<\/li>\n<li><strong>L\u0117tas atsakas:<\/strong> L\u0117tas atsakas gali rodyti \u017eem\u0105 hidraulinio skys\u010dio lyg\u012f arba or\u0105 sistemoje. Patikrinkite skys\u010dio lyg\u012f ir prireikus i\u0161leiskite i\u0161 sistemos or\u0105.<\/li>\n<li><strong>N\u0117ra jud\u0117jimo:<\/strong> Jei cilindras nejuda, patikrinkite, ar n\u0117ra kli\u016b\u010di\u0173, \u012fsitikinkite, kad hidraulinis sl\u0117gis yra pakankamas, ir patikrinkite, ar n\u0117ra pa\u017eeist\u0173 komponent\u0173, kuriuos gali reik\u0117ti pakeisti.<\/li>\n<\/ul>\n<h2>Trik\u010di\u0173 \u0161alinimo patarimai<\/h2>\n<p>Nor\u0117dami efektyviai diagnozuoti ir i\u0161spr\u0119sti hidraulini\u0173 cilindr\u0173 problemas, vadovaukit\u0117s \u0161iais trik\u010di\u0173 \u0161alinimo patarimais:<\/p>\n<ul>\n<li><strong>Reguliarus techninis aptarnavimas:<\/strong> \u012ediekite prevencin\u0117s prie\u017ei\u016bros program\u0105, kad anksti nustatytum\u0117te problemas ir u\u017etikrintum\u0117te efektyv\u0173 sistemos veikim\u0105.<\/li>\n<li><strong>Steb\u0117jimo na\u0161umas:<\/strong> Steb\u0117kite hidraulinio cilindro veikim\u0105. Bet kokius pa\u017eeidimus reikia nedelsiant i\u0161tirti, kad b\u016bt\u0173 i\u0161vengta rimtos \u017ealos.<\/li>\n<li><strong>Konsultavimo specialistai:<\/strong> Jei problemos i\u0161lieka, konsultacijos su hidraulini\u0173 sistem\u0173 specialistais gali suteikti verting\u0173 \u012f\u017evalg\u0173 ir rekomendacij\u0173 d\u0117l remonto.<\/li>\n<\/ul>\n<p><img decoding=\"async\" src=\"https:\/\/www.hydraulic-cylinders.net\/wp-content\/uploads\/2025\/04\/songte-bushings-with-all-kinds-of-excavator-models.webp\" alt=\"\u012evor\u0117s\" \/><\/p>\n<h2>\u012emon\u0117s ap\u017evalga<\/h2>\n<p>Esame pirmaujantis pakaitini\u0173 hidraulini\u0173 cilindr\u0173 gamintojas, si\u016blantis plat\u0173 gamini\u0173 asortiment\u0105, skirt\u0105 vidaus ir tarptautinei rinkai. M\u016bs\u0173 \u012fsipareigojim\u0105 siekti meistri\u0161kumo palaiko sud\u0117tinga gamybos strategija ir d\u0117mesys kokybei. D\u0117mes\u012f sutelkdami \u012f tiksli\u0105j\u0105 gamyb\u0105, m\u016bs\u0173 gamybos \u012frenginiai apr\u016bpinti pa\u017eangiomis technologijomis ir kvalifikuotais technikais, kad b\u016bt\u0173 u\u017etikrinti auk\u0161ti kokyb\u0117s kontrol\u0117s standartai.<\/p>\n<p>M\u016bs\u0173 specializacija individuali\u0173 sprendim\u0173 srityje leid\u017eia mums patenkinti \u012fvairius klient\u0173 poreikius, o tarptautiniai sertifikatai patvirtina, kad laikom\u0117s pasaulini\u0173 gamybos standart\u0173. Nuo gamybos \u012frangos iki aptarnavimo po pardavimo, mes teikiame pirmenyb\u0119 klient\u0173 pasitenkinimui ir siekiame palaikyti ilgalaikius santykius su savo klientais.<\/p>\n<p><img decoding=\"async\" src=\"https:\/\/www.hydraulic-cylinders.net\/wp-content\/uploads\/2025\/04\/songte-company-4.webp\" alt=\"\u012emon\u0117s ap\u017evalga\" \/><br \/>\n<img decoding=\"async\" src=\"https:\/\/www.hydraulic-cylinders.net\/wp-content\/uploads\/2025\/04\/songte-company-3.webp\" alt=\"\u012emon\u0117s patalpos\" \/><\/p>\n<p>Autorius: lyl<\/p>","protected":false},"excerpt":{"rendered":"<p>Boom Cylinder For Volwa Cane Unloader DLS210-9A Product Overview The Boom Cylinder For Volwa Cane Unloader DLS210-9A is a crucial hydraulic component designed specifically for enhancing the functionality of heavy machinery like cane unloaders. This type of hydraulic cylinder is responsible for controlling the movement of the bucket in various heavy-duty applications, such as excavators, [&hellip;]<\/p>","protected":false},"featured_media":17870,"comment_status":"open","ping_status":"closed","template":"","meta":{"_et_pb_use_builder":"","_et_pb_old_content":"","_et_gb_content_width":""},"product_brand":[],"product_cat":[1546],"product_tag":[1547,1496],"class_list":{"0":"post-19622","1":"product","2":"type-product","3":"status-publish","4":"has-post-thumbnail","6":"product_cat-boom-cylinders","7":"product_tag-boom-cylinders","8":"product_tag-hydraulic-cylinders","10":"first","11":"instock","12":"shipping-taxable","13":"product-type-simple"},"amp_enabled":true,"_links":{"self":[{"href":"https:\/\/www.hydraulic-cylinders.net\/lt\/wp-json\/wp\/v2\/product\/19622","targetHints":{"allow":["GET"]}}],"collection":[{"href":"https:\/\/www.hydraulic-cylinders.net\/lt\/wp-json\/wp\/v2\/product"}],"about":[{"href":"https:\/\/www.hydraulic-cylinders.net\/lt\/wp-json\/wp\/v2\/types\/product"}],"replies":[{"embeddable":true,"href":"https:\/\/www.hydraulic-cylinders.net\/lt\/wp-json\/wp\/v2\/comments?post=19622"}],"wp:featuredmedia":[{"embeddable":true,"href":"https:\/\/www.hydraulic-cylinders.net\/lt\/wp-json\/wp\/v2\/media\/17870"}],"wp:attachment":[{"href":"https:\/\/www.hydraulic-cylinders.net\/lt\/wp-json\/wp\/v2\/media?parent=19622"}],"wp:term":[{"taxonomy":"product_brand","embeddable":true,"href":"https:\/\/www.hydraulic-cylinders.net\/lt\/wp-json\/wp\/v2\/product_brand?post=19622"},{"taxonomy":"product_cat","embeddable":true,"href":"https:\/\/www.hydraulic-cylinders.net\/lt\/wp-json\/wp\/v2\/product_cat?post=19622"},{"taxonomy":"product_tag","embeddable":true,"href":"https:\/\/www.hydraulic-cylinders.net\/lt\/wp-json\/wp\/v2\/product_tag?post=19622"}],"curies":[{"name":"wp","href":"https:\/\/api.w.org\/{rel}","templated":true}]}}