{"id":19625,"date":"2025-04-07T06:58:11","date_gmt":"2025-04-07T06:58:11","guid":{"rendered":"https:\/\/www.hydraulic-cylinders.net\/product\/boom-cylinder-for-volwa-cane-unloader-dls118-9a\/"},"modified":"2025-04-07T06:58:13","modified_gmt":"2025-04-07T06:58:13","slug":"boom-cylinder-for-volwa-cane-unloader-dls118-9a","status":"publish","type":"product","link":"https:\/\/www.hydraulic-cylinders.net\/lt\/produktas\/boom-cylinder-for-volwa-cane-unloader-dls118-9a\/","title":{"rendered":"\u201eVolwa\u201c cukranendri\u0173 i\u0161krovimo ma\u0161inos DLS118-9A str\u0117l\u0117s cilindras"},"content":{"rendered":"<h1>\u201eVolwa\u201c cukranendri\u0173 i\u0161krovimo ma\u0161inos DLS118-9A str\u0117l\u0117s cilindras<\/h1>\n<h2>Str\u0117l\u0117s cilindro ap\u017evalga<\/h2>\n<p>Str\u0117l\u0117s cilindras yra labai svarbus hidraulini\u0173 sistem\u0173 komponentas, specialiai sukurtas valdyti sunkiosios technikos, pavyzd\u017eiui, ekskavatori\u0173, ekskavatorini\u0173 krautuv\u0173 ir frontalini\u0173 krautuv\u0173, kau\u0161\u0173 jud\u0117jim\u0105. \u0160is hidraulinis cilindras leid\u017eia kau\u0161\u0105 pakelti, nuleisti ir pakreipti, taip palengvindamas efektyv\u0173 med\u017eiag\u0173 tvarkym\u0105. Naudodami hidraulin\u012f sl\u0117g\u012f, \u0161ie cilindrai suteikia reikiam\u0105 j\u0117g\u0105 dideliems kroviniams manevruoti, tod\u0117l jie yra nepakei\u010diami \u012fvairiose pramon\u0117s ir \u017eem\u0117s \u016bkio srityse.<\/p>\n<p><img decoding=\"async\" src=\"https:\/\/www.hydraulic-cylinders.net\/wp-content\/uploads\/2025\/04\/songte-company-1.webp\" alt=\"Str\u0117l\u0117s cilindras\"><\/p>\n<h2>Str\u0117l\u0117s cilindro savyb\u0117s<\/h2>\n<ul>\n<li><strong>Didelis stiprumas ir ilgaam\u017ei\u0161kumas:<\/strong> Paprastai \u0161ie cilindrai, pagaminti i\u0161 didelio stiprumo plieno arba aliuminio, gali atlaikyti auk\u0161t\u0105 sl\u0117g\u012f ir dideles apkrovas, tod\u0117l tinkami naudoti at\u0161iauriomis darbo s\u0105lygomis. J\u0173 konstrukcija atsi\u017evelgia \u012f atsparum\u0105 dilimui ir korozijai, tod\u0117l pailg\u0117ja j\u0173 tarnavimo laikas.<\/li>\n<li><strong>Efektyvus hidraulinis valdymas:<\/strong> \u0160ie cilindrai, naudodami hidraulin\u0117s alyvos sl\u0117g\u012f skland\u017eiam i\u0161st\u016bmimui ir \u012ftraukimui, greitai reaguoja \u012f valdymo komandas ir u\u017etikrina stipri\u0105 st\u016bmimo bei traukimo j\u0117g\u0105, idealiai tinkan\u010di\u0105 sunkioms ir sud\u0117tingoms u\u017eduotims atlikti.<\/li>\n<li><strong>\u012evair\u016bs tipai:<\/strong> Jie gali b\u016bti vienpusio veikimo (hidraulinis veikimas viena kryptimi) arba dvipusio veikimo (hidraulinis veikimas abiem kryptimis) konfig\u016bracijos, tod\u0117l atitinka \u012fvairius eksploatacinius poreikius. Kai kurie modeliai yra teleskopiniai, tod\u0117l juos galima labiau i\u0161tiesti nedidinant i\u0161orini\u0173 matmen\u0173, tod\u0117l jie tinka naudoti ribotoje erdv\u0117je.<\/li>\n<\/ul>\n<h2>Gamybos paj\u0117gumai<\/h2>\n<p>Specializuojam\u0117s auk\u0161tos kokyb\u0117s str\u0117l\u0117s cilindr\u0173, kurie puikiai pakei\u010dia esamus hidraulinius cilindrus, gamyboje. M\u016bs\u0173 gaminiai yra sukurti tiksliai ir patikimai, u\u017etikrinant, kad jie atitikt\u0173 pramon\u0117s standartus.<\/p>\n<p><img decoding=\"async\" src=\"https:\/\/www.hydraulic-cylinders.net\/wp-content\/uploads\/2025\/04\/songte-cylinder-head-with-all-kinds-excavator-models.webp\" alt=\"Str\u0117l\u0117s cilindr\u0173 modeliai\"><\/p>\n<h2>Str\u0117l\u0117s cilindro pritaikymas<\/h2>\n<h3>Statybin\u0117 \u012franga<\/h3>\n<p>Statyb\u0173 sektoriuje str\u0117l\u0117s cilindrai atlieka gyvybi\u0161kai svarb\u0173 vaidmen\u012f ekskavatoriuose, kurie yra b\u016btini kasant, kraunant ir transportuojant grunt\u0105 ar \u0161iuk\u0161les. Str\u0117l\u0117s cilindras leid\u017eia kau\u0161ui efektyviai \u012fsikasti \u012f \u017eem\u0119, tod\u0117l ma\u0161ina gali lengvai ir efektyviai atlikti \u012fvairias u\u017eduotis. Ekskavatoriuose-krautuvuose \u0161ie cilindrai ne tik padeda kasti, bet ir kelti, tod\u0117l jie yra universal\u016bs ir tinkami \u012fvairioms reikm\u0117ms.<\/p>\n<h3>\u017dem\u0117s \u016bkio technika<\/h3>\n<p>\u017dem\u0117s \u016bkio aplinkoje frontaliniai krautuvai su str\u0117l\u0117s cilindrais naudojami dirvo\u017eemiui, \u0161ienui ir kitoms med\u017eiagoms semti, kelti ir transportuoti. \u0160ie cilindrai pagerina krautuvo galimybes efektyviai tvarkyti birias med\u017eiagas, supaprastindami \u016bkininkavimo operacijas ir padidindami na\u0161um\u0105.<\/p>\n<h3>Ekskavatoriai<\/h3>\n<p>Ekskavatoriuose str\u0117l\u0117s cilindrai palengvina kasimo veiksm\u0105, leisdami kau\u0161ui lengvai \u012fsiskverbti \u012f dirv\u0105. \u0160is hidraulinis komponentas yra b\u016btinas norint pasiekti gyl\u012f ir tikslum\u0105 atliekant kasimo darbus, prisidedant prie efektyvaus aik\u0161tel\u0117s paruo\u0161imo ir pamat\u0173 klojimo darb\u0173.<\/p>\n<h3>Krautuvai<\/h3>\n<p>Priekiniuose krautuvuose str\u0117l\u0117s cilindrai leid\u017eia efektyviai pakelti ir i\u0161versti med\u017eiagas. Jie u\u017etikrina, kad krautuvas gal\u0117t\u0173 valdyti sunkius krovinius minimaliomis pastangomis, tod\u0117l jie yra nepakei\u010diami statybos ir med\u017eiag\u0173 tvarkymo operacijose.<\/p>\n<h2>Projektavimo aspektai ir atrankos kriterijai<\/h2>\n<ul>\n<li><strong>Keliamoji galia:<\/strong> Svarbu \u012fvertinti str\u0117l\u0117s cilindro keliam\u0105j\u0105 gali\u0105, siekiant u\u017etikrinti, kad jis gal\u0117t\u0173 atlikti numatytas u\u017eduotis be gedim\u0173. Cilindro laikomoji galia priklauso nuo jo dyd\u017eio, med\u017eiagos ir konstrukcijos. Tinkamas \u012fvertinimas garantuoja optimal\u0173 na\u0161um\u0105 ir saug\u0105 eksploatacijos metu.<\/li>\n<li><strong>Sandarinimas:<\/strong> Hidraulinio cilindro sandarinimo sistema atlieka labai svarb\u0173 vaidmen\u012f u\u017ekertant keli\u0105 nuot\u0117kiams ir palaikant sl\u0117g\u012f. Auk\u0161tos kokyb\u0117s sandarikli\u0173, pagamint\u0173 i\u0161 patvari\u0173 med\u017eiag\u0173, toki\u0173 kaip poliuretanas arba nitrilo kau\u010diukas, pasirinkimas gali padidinti cilindro ilgaam\u017ei\u0161kum\u0105 ir patikimum\u0105. Be to, tikslus cilindro korpuso ir sriegini\u0173 galini\u0173 pavir\u0161i\u0173 apdirbimas suma\u017eina sandarikli\u0173 susid\u0117v\u0117jim\u0105.<\/li>\n<li><strong>Patvarumas:<\/strong> Gerai suprojektuotas str\u0117l\u0117s cilindras turi atlaikyti at\u0161iaurias s\u0105lygas ir pakartotin\u012f naudojim\u0105. Projektuojant reik\u0117t\u0173 teikti pirmenyb\u0119 tokiems veiksniams kaip atsparumas korozijai ir dilimui, siekiant pailginti gaminio tarnavimo laik\u0105. Didelio stiprumo med\u017eiag\u0173 ir apsaugini\u0173 dang\u0173 naudojimas prisideda prie bendro patvarumo.<\/li>\n<li><strong>Saugumas:<\/strong> Hidraulin\u0117s sistemos saugos funkcijos yra nepaprastai svarbios. Labai svarbu \u012fdiegti saugos priemones, tokias kaip sl\u0117gio ma\u017einimo vo\u017etuvai ir tinkamai suprojektuotos tvirtinimo sistemos, kad b\u016bt\u0173 i\u0161vengta nelaiming\u0173 atsitikim\u0173 eksploatacijos metu. Reguliar\u016bs technin\u0117s prie\u017ei\u016bros patikrinimai taip pat gali pagerinti saugos standartus.<\/li>\n<li><strong>Prie\u017ei\u016bra:<\/strong> Lengvas pri\u0117jimas prie sistemos techninei prie\u017ei\u016brai yra gyvybi\u0161kai svarbus siekiant u\u017etikrinti optimali\u0105 hidraulin\u0117s sistemos b\u016bkl\u0119. Projektuojant reik\u0117t\u0173 atsi\u017evelgti \u012f paprast\u0105 patikr\u0105, tepim\u0105 ir komponent\u0173 keitim\u0105, taip suma\u017einant prastovas ir technin\u0117s prie\u017ei\u016bros i\u0161laidas.<\/li>\n<\/ul>\n<p><img decoding=\"async\" src=\"https:\/\/www.hydraulic-cylinders.net\/wp-content\/uploads\/2025\/04\/songte-oil-pipes-and-spare-parts.webp\" alt=\"Hidraulin\u0117s dalys\"><\/p>\n<h2>Hidraulinio cilindro sandarinimas ir tepimas<\/h2>\n<p>Hidraulinio cilindro efektyvumui didel\u0119 \u012ftak\u0105 daro jo sandarinimo ir tepimo sistemos. \u012evair\u016bs sandarinimo komponentai, tokie kaip st\u016bmokli\u0173 ir kot\u0173 sandarikliai, veikia kartu, kad i\u0161laikyt\u0173 sistemos vientisum\u0105. Sandarikliai, pagaminti i\u0161 atspari\u0173 dilimui med\u017eiag\u0173, toki\u0173 kaip poliuretanas ir nitrilo kau\u010diukas, u\u017etikrina ilgaam\u017ei\u0161kum\u0105 esant sl\u0117giui.<\/p>\n<p>Be to, cilindro korpusas ir srieginiai galai turi b\u016bti kruop\u0161\u010diai apdorojami, siekiant padidinti atsparum\u0105 dilimui. Reguliarus tepimas hidrauline alyva yra b\u016btinas norint u\u017etikrinti skland\u0173 veikim\u0105 ir i\u0161vengti gedim\u0173. Tinkamo alyvos lygio palaikymas ir reguliarus alyvos keitimas gali \u017eymiai pailginti hidraulinio cilindro tarnavimo laik\u0105.<\/p>\n<h2>Reguliarios patikros ir prevencin\u0117s prie\u017ei\u016bros priemon\u0117s<\/h2>\n<ul>\n<li><strong>Reguliar\u016bs patikrinimai:<\/strong> Reguliariai atliekami patikrinimai yra labai svarb\u016bs norint nustatyti galimas problemas, kol jos nepa\u016bm\u0117jo. Patikrinkite, ar n\u0117ra nuot\u0117ki\u0173, ne\u012fprasto susid\u0117v\u0117jimo ir bendro cilindro veikimo. Ankstyvas problem\u0173 nustatymas gali pad\u0117ti i\u0161vengti brangaus remonto ir prastov\u0173.<\/li>\n<li><strong>Tinkamas tepimas:<\/strong> Tinkamas hidraulinio cilindro sutepimas pagerins jo veikim\u0105. Reguliariai tikrinkite alyvos lyg\u012f ir, jei reikia, naudokite tinkam\u0105 hidraulin\u012f skyst\u012f, kad i\u0161laikytum\u0117te optimal\u0173 veikim\u0105 ir i\u0161vengtum\u0117te perkaitimo.<\/li>\n<li><strong>Sandariklio keitimas:<\/strong> Hidraulini\u0173 cilindr\u0173 sandarikliai laikui b\u0117gant susid\u0117vi d\u0117l nuolatinio sl\u0117gio ir jud\u0117jimo. Planinis sandarikli\u0173 keitimas gali pad\u0117ti i\u0161vengti nuot\u0117ki\u0173 ir palaikyti sl\u0117g\u012f sistemoje, u\u017etikrinant efektyv\u0173 veikim\u0105.<\/li>\n<\/ul>\n<h2>Tinkamo \u012frengimo gair\u0117s<\/h2>\n<p>Norint u\u017etikrinti optimal\u0173 str\u0117l\u0117s cilindro na\u0161um\u0105, b\u016btina tinkamai j\u012f sumontuoti. Prad\u0117kite nuo cilindro teisingo sulygiavimo su pritaikymu, kad i\u0161vengtum\u0117te per didelio \u012ftempimo ir nesuderinamumo. Naudokite tinkamus tvirtinimo laikiklius, kad pritvirtintum\u0117te cilindr\u0105 vietoje, u\u017etikrindami, kad jis b\u016bt\u0173 tvirtai pritvirtintas ir nepasislinkt\u0173 veikimo metu.<\/p>\n<p>Priver\u017edami laikykit\u0117s gamintojo nurodym\u0173 d\u0117l sukimo momento specifikacij\u0173, kad i\u0161vengtum\u0117te pa\u017eeidim\u0173. Po \u012frengimo atlikite i\u0161sam\u0173 patikrinim\u0105, kad \u012fsitikintum\u0117te, jog visos jungtys yra tvirtos ir n\u0117ra nuot\u0117ki\u0173. Pradinio paleidimo metu atid\u017eiai steb\u0117kite cilindr\u0105, ar n\u0117ra koki\u0173 nors pa\u017eeidim\u0173, ir prireikus atlikite reguliavim\u0105, kad u\u017etikrintum\u0117te skland\u0173 veikim\u0105.<\/p>\n<h2>\u012eprastos prie\u017ei\u016bros u\u017eduotys<\/h2>\n<ul>\n<li><strong>Reguliar\u016bs patikrinimai:<\/strong> Reguliariai tikrinkite, ar hidraulin\u0117 sistema veikia tinkamai. Ie\u0161kokite susid\u0117v\u0117jimo ar pa\u017eeidim\u0173 po\u017eymi\u0173, kurie gal\u0117t\u0173 sukelti gedim\u0105. Tinkama ap\u017ei\u016bra padeda i\u0161laikyti cilindro efektyvum\u0105 ir pailgina jo tarnavimo laik\u0105.<\/li>\n<li><strong>Tinkamas tepimas:<\/strong> \u012esitikinkite, kad hidraulin\u0117s alyvos lygis yra optimalus, ir periodi\u0161kai j\u0105 keiskite. Tinkamas tepimas yra labai svarbus norint suma\u017einti trint\u012f ir dilim\u0105 tarp judan\u010di\u0173 dali\u0173, taip pagerinant bendr\u0105 hidraulin\u0117s sistemos veikim\u0105.<\/li>\n<li><strong>Sandariklio keitimas:<\/strong> Reguliariai tikrinkite sandariklius, ar jie nesusid\u0117v\u0117j\u0119, ir prireikus juos pakeiskite. Efektyvus sandarinimas yra labai svarbus norint palaikyti sl\u0117g\u012f ir i\u0161vengti nuot\u0117ki\u0173, kurie gali pakenkti sistemos veikimui.<\/li>\n<\/ul>\n<p>Teisingas cilindro montavimas ir i\u0161lyginimas yra labai svarb\u016bs siekiant i\u0161vengti bet koki\u0173 eksploatacini\u0173 problem\u0173. Naudokite tinkamus tvirtinimo laikiklius cilindrui stabilizuoti ir laikykit\u0117s gamintojo nurodym\u0173 d\u0117l montavimo proced\u016br\u0173, kad u\u017etikrintum\u0117te patikimum\u0105 ir efektyvum\u0105.<\/p>\n<p><img decoding=\"async\" src=\"https:\/\/www.hydraulic-cylinders.net\/wp-content\/uploads\/2025\/04\/songte-chushion-collar.webp\" alt=\"Pagalv\u0117l\u0117s apykakl\u0117\"><\/p>\n<h2>Saugos aspektai ir aplinkos veiksniai<\/h2>\n<p>Eksploatuojant hidraulines sistemas, itin svarbu \u012fgyvendinti saugos priemones. Operatoriai visada tur\u0117t\u0173 d\u0117v\u0117ti tinkamas apsaugines priemones ir laikytis saugos protokol\u0173, kad suma\u017eint\u0173 su hidraulinio sl\u0117gio gedimais susijusi\u0105 rizik\u0105. Reguliarus techninis aptarnavimas ir patikrinimai yra labai svarb\u016bs siekiant u\u017etikrinti, kad saugos sistemos, tokios kaip sl\u0117gio ma\u017einimo vo\u017etuvai, veikt\u0173 tinkamai ir b\u016bt\u0173 i\u0161vengta nelaiming\u0173 atsitikim\u0173.<\/p>\n<h2>Gedim\u0173 diagnostika ir da\u017eniausios problemos<\/h2>\n<ul>\n<li><strong>Hidrauliniai nuot\u0117kiai:<\/strong> Viena i\u0161 da\u017eniausiai pasitaikan\u010di\u0173 problem\u0173 yra hidraulinio skys\u010dio nuot\u0117kis, kuris gali atsirasti d\u0117l susid\u0117v\u0117jusi\u0173 sandarikli\u0173 arba pa\u017eeist\u0173 \u017earn\u0173. Norint i\u0161vengti sl\u0117gio nuostoli\u0173 ir i\u0161laikyti funkcionalum\u0105, b\u016btina nustatyti nuot\u0117kio \u0161altin\u012f.<\/li>\n<li><strong>Suma\u017eintas na\u0161umas:<\/strong> Jei str\u0117l\u0117s cilindras neveikia taip, kaip tik\u0117tasi, tai gali rodyti \u017eem\u0105 hidraulinio skys\u010dio lyg\u012f arba vidinius pa\u017eeidimus. Greitai diagnozavus \u0161i\u0105 problem\u0105 galima i\u0161vengti tolesni\u0173 komplikacij\u0173.<\/li>\n<li><strong>Ne\u012fprasti garsai:<\/strong> Keistai girdimi garsai eksploatacijos metu, pavyzd\u017eiui, girg\u017ed\u0117jimas ar beldimas, gali rodyti komponent\u0173 susid\u0117v\u0117jim\u0105 arba netinkam\u0105 suderinim\u0105. Greitas \u0161i\u0173 gars\u0173 pa\u0161alinimas gali pad\u0117ti i\u0161vengti katastrofi\u0161k\u0173 gedim\u0173.<\/li>\n<\/ul>\n<p>Kad b\u016bt\u0173 lengviau veiksmingai diagnozuoti gedimus, operatoriai tur\u0117t\u0173 susipa\u017einti su da\u017eniausiai pasitaikan\u010di\u0173 problem\u0173 simptomais ir imtis aktyvi\u0173 veiksm\u0173 joms spr\u0119sti. Reguliarus techninis aptarnavimas ir patikrinimai gali gerokai suma\u017einti \u0161i\u0173 problem\u0173 atsiradimo tikimyb\u0119.<\/p>\n<p><img decoding=\"async\" src=\"https:\/\/www.hydraulic-cylinders.net\/wp-content\/uploads\/2025\/04\/songte-bushings-with-all-kinds-of-excavator-models.webp\" alt=\"\u012evori\u0173 modeliai\"><\/p>\n<h2>Apie m\u016bs\u0173 \u012fmon\u0119<\/h2>\n<p>Esame pirmaujantis hidraulini\u0173 cilindr\u0173 gamintojas, si\u016blantis plat\u0173 gamini\u0173 asortiment\u0105, skirt\u0105 tiek vidaus, tiek tarptautinei rinkai. M\u016bs\u0173 \u012fsipareigojimas siekti meistri\u0161kumo u\u017etikrina, kad i\u0161laikytume auk\u0161tus gamybos standartus, taikydami patobulintas valdymo strategijas savo gamybos cechuose. M\u016bs\u0173 \u012fmon\u0117 investuoja \u012f techninius specialistus, pa\u017eangi\u0105 skaitmenin\u0119 gamybos \u012frang\u0105 ir profesionalias testavimo sistemas, kad nuolat didint\u0173 savo gamybos paj\u0117gumus.<\/p>\n<p>Siekdami patenkinti \u012fvairius klient\u0173 poreikius, daugiausia d\u0117mesio skiriame dideliam efektyvumui, tikslumui ir kokybei. M\u016bs\u0173 tarptautiniai sertifikatai ir individualiai pritaikytos paslaugos u\u017etikrina, kad teikiame individualiai pritaikytus sprendimus \u012fvairioms reikm\u0117ms. M\u016bs\u0173 moderniausi gamybos \u012frenginiai ir specializuotas garantinio aptarnavimo servisas i\u0161skiria mus hidraulini\u0173 cilindr\u0173 pramon\u0117je.<\/p>\n<p><img decoding=\"async\" src=\"https:\/\/www.hydraulic-cylinders.net\/wp-content\/uploads\/2025\/04\/songte-company-4.webp\" alt=\"\u012emon\u0117s paveiksl\u0117lis 1\"><br \/>\n<img decoding=\"async\" src=\"https:\/\/www.hydraulic-cylinders.net\/wp-content\/uploads\/2025\/04\/songte-company-3.webp\" alt=\"\u012emon\u0117s paveiksl\u0117lis 2\"><\/p>\n<p>Autorius: lyl<\/p>","protected":false},"excerpt":{"rendered":"<p>Boom Cylinder For Volwa Cane Unloader DLS118-9A Overview of Boom Cylinder The Boom Cylinder is a crucial component in hydraulic systems, specifically designed to control the movement of heavy machinery&#8217;s buckets, such as those found in excavators, backhoe loaders, and front-end loaders. This hydraulic cylinder enables the bucket to lift, lower, and tilt, facilitating efficient [&hellip;]<\/p>","protected":false},"featured_media":17873,"comment_status":"open","ping_status":"closed","template":"","meta":{"_et_pb_use_builder":"","_et_pb_old_content":"","_et_gb_content_width":""},"product_brand":[],"product_cat":[1546],"product_tag":[1547,1496],"class_list":{"0":"post-19625","1":"product","2":"type-product","3":"status-publish","4":"has-post-thumbnail","6":"product_cat-boom-cylinders","7":"product_tag-boom-cylinders","8":"product_tag-hydraulic-cylinders","10":"first","11":"instock","12":"shipping-taxable","13":"product-type-simple"},"amp_enabled":true,"_links":{"self":[{"href":"https:\/\/www.hydraulic-cylinders.net\/lt\/wp-json\/wp\/v2\/product\/19625","targetHints":{"allow":["GET"]}}],"collection":[{"href":"https:\/\/www.hydraulic-cylinders.net\/lt\/wp-json\/wp\/v2\/product"}],"about":[{"href":"https:\/\/www.hydraulic-cylinders.net\/lt\/wp-json\/wp\/v2\/types\/product"}],"replies":[{"embeddable":true,"href":"https:\/\/www.hydraulic-cylinders.net\/lt\/wp-json\/wp\/v2\/comments?post=19625"}],"wp:featuredmedia":[{"embeddable":true,"href":"https:\/\/www.hydraulic-cylinders.net\/lt\/wp-json\/wp\/v2\/media\/17873"}],"wp:attachment":[{"href":"https:\/\/www.hydraulic-cylinders.net\/lt\/wp-json\/wp\/v2\/media?parent=19625"}],"wp:term":[{"taxonomy":"product_brand","embeddable":true,"href":"https:\/\/www.hydraulic-cylinders.net\/lt\/wp-json\/wp\/v2\/product_brand?post=19625"},{"taxonomy":"product_cat","embeddable":true,"href":"https:\/\/www.hydraulic-cylinders.net\/lt\/wp-json\/wp\/v2\/product_cat?post=19625"},{"taxonomy":"product_tag","embeddable":true,"href":"https:\/\/www.hydraulic-cylinders.net\/lt\/wp-json\/wp\/v2\/product_tag?post=19625"}],"curies":[{"name":"wp","href":"https:\/\/api.w.org\/{rel}","templated":true}]}}