{"id":19627,"date":"2025-04-07T06:58:16","date_gmt":"2025-04-07T06:58:16","guid":{"rendered":"https:\/\/www.hydraulic-cylinders.net\/product\/boom-cylinder-for-volwa-cane-unloader-dls818-9a\/"},"modified":"2025-04-07T06:58:19","modified_gmt":"2025-04-07T06:58:19","slug":"boom-cylinder-for-volwa-cane-unloader-dls818-9a","status":"publish","type":"product","link":"https:\/\/www.hydraulic-cylinders.net\/lt\/produktas\/boom-cylinder-for-volwa-cane-unloader-dls818-9a\/","title":{"rendered":"\u201eVolwa\u201c cukranendri\u0173 i\u0161krovimo ma\u0161inos DLS818-9A str\u0117l\u0117s cilindras"},"content":{"rendered":"<h1>\u201eVolwa\u201c cukranendri\u0173 i\u0161krovimo ma\u0161inos DLS818-9A str\u0117l\u0117s cilindras<\/h1>\n<h2>Produkto ap\u017evalga<\/h2>\n<p>\u201eVolwa Cane Unloader DLS818-9A\u201c str\u0117l\u0117s cilindras yra labai svarbus hidraulini\u0173 sistem\u0173 komponentas, specialiai sukurtas valdyti kau\u0161\u0173 jud\u0117jim\u0105 \u012fvairiose sunkiosiose ma\u0161inose, tokiose kaip ekskavatoriai, ekskavatoriniai krautuvai ir frontaliniai krautuvai. \u0160is hidraulinis cilindras leid\u017eia kau\u0161ui pakelti, nuleisti ir pakreipti, taip palengvindamas efektyv\u0173 med\u017eiag\u0173 tvarkym\u0105. Kaip hidraulin\u0117s pavaros tipas, jis hidraulin\u0119 energij\u0105 paver\u010dia mechanine j\u0117ga, leisdamas operatoriams atlikti u\u017eduotis tiksliai ir galingai.<\/p>\n<p><img decoding=\"async\" src=\"https:\/\/www.hydraulic-cylinders.net\/wp-content\/uploads\/2025\/04\/songte-company-1.webp\" alt=\"Hidraulinis cilindras\" \/><\/p>\n<h3>Apibr\u0117\u017eimas ir funkcija<\/h3>\n<p>Str\u0117l\u0117s cilindrai yra b\u016btini sunkiosios technikos valdyme, nes jie valdo kau\u0161o jud\u0117jim\u0105. \u0160is hidraulinis cilindras atlieka gyvybi\u0161kai svarb\u0173 vaidmen\u012f kasant, keliant ir transportuojant med\u017eiagas. Naudodami susl\u0117gt\u0105 hidraulin\u012f skyst\u012f, str\u0117l\u0117s cilindrai suteikia reikiam\u0105 j\u0117g\u0105 \u012fvairioms operacijoms atlikti, u\u017etikrindami, kad u\u017eduotys b\u016bt\u0173 atliekamos efektyviai ir saugiai.<\/p>\n<h2>Str\u0117l\u0117s cilindro savyb\u0117s<\/h2>\n<ul>\n<li><strong>Didelis stiprumas ir ilgaam\u017ei\u0161kumas:<\/strong> \u0160ie cilindrai, pagaminti i\u0161 didelio stiprumo plieno arba aliuminio, gali atlaikyti didel\u012f sl\u0117g\u012f ir dideles apkrovas, tod\u0117l tinkami naudoti at\u0161iauriomis darbo s\u0105lygomis. J\u0173 konstrukcijoje pabr\u0117\u017eiamas atsparumas dilimui ir apsauga nuo korozijos, taip pailginant j\u0173 tarnavimo laik\u0105.<\/li>\n<li><strong>Efektyvus hidraulinis valdymas:<\/strong> Str\u0117l\u0117s cilindras leid\u017eia skland\u017eiai i\u0161skleisti ir atitraukti str\u0117l\u0119 d\u0117l hidraulin\u0117s alyvos sl\u0117gio, tod\u0117l galima greitai reaguoti \u012f operatoriaus komandas ir u\u017etikrinti didel\u0119 st\u016bmimo bei traukimo j\u0117g\u0105 atliekant sunkias u\u017eduotis.<\/li>\n<li><strong>\u012evair\u016bs tipai:<\/strong> \u0160ie cilindrai, tiekiami vienpusio veikimo (veikiantys viena kryptimi) arba dvipusio veikimo (veikiantys abiem kryptimis) konfig\u016bracijomis, gali patenkinti skirtingus eksploatacinius poreikius. Kai kurie modeliai yra teleskopiniai, tod\u0117l juos galima labiau i\u0161tiesti nedidinant i\u0161orini\u0173 matmen\u0173, tod\u0117l jie idealiai tinka u\u017edaroms erdv\u0117ms.<\/li>\n<li><strong>Individuali gamyba:<\/strong> M\u016bs\u0173 \u012fmon\u0117 specializuojasi \u0161i\u0173 cilindr\u0173 gamyboje, si\u016blydama puikius esam\u0173 hidraulini\u0173 cilindr\u0173 pakaitalus su garantuotu suderinamumu ir na\u0161umu.<\/li>\n<\/ul>\n<p><img decoding=\"async\" src=\"https:\/\/www.hydraulic-cylinders.net\/wp-content\/uploads\/2025\/04\/songte-cylinder-head-with-all-kinds-excavator-models.webp\" alt=\"Cilindro galvut\u0117\" \/><\/p>\n<h2>Parai\u0161kos<\/h2>\n<h3>Statybin\u0117 \u012franga<\/h3>\n<p>Ekskavatoriuose str\u0117l\u0117s cilindrai yra labai svarb\u016bs kasant, kraunant ir perkeliant grunt\u0105 ar \u0161iuk\u0161les. Jie leid\u017eia operatoriams tiksliai atlikti u\u017eduotis, padidindami na\u0161um\u0105 statybviet\u0117se. Ekskavatoriuose-krautuvuose jie padeda tiek kasti, tiek kelti, tod\u0117l jie yra universal\u016bs \u012frenginiai, b\u016btini \u012fvairioms u\u017eduotims atlikti.<\/p>\n<h3>\u017dem\u0117s \u016bkio technika<\/h3>\n<p>Priekiniuose krautuvuose str\u0117l\u0117s cilindrai naudojami dirvo\u017eemiui, \u0161ienui ir kitoms med\u017eiagoms semti, kelti ir transportuoti. D\u0117l savo geb\u0117jimo efektyviai valdyti sunkius krovinius jie yra nepakei\u010diami \u017eem\u0117s \u016bkio darbuose, padedant \u016bkininkams atlikti kasdienes u\u017eduotis.<\/p>\n<h3>Ekskavatoriai<\/h3>\n<p>Ekskavatoriuose str\u0117l\u0117s cilindras leid\u017eia kau\u0161ui \u012fsiskverbti \u012f \u017eem\u0119, palengvindamas kasimo darbus. Jo konstrukcija leid\u017eia tiksliai valdyti, o tai labai svarbu atliekant u\u017eduotis, kurioms reikia kruop\u0161taus kasimo, nepa\u017eeid\u017eiant aplinkini\u0173 teritorij\u0173.<\/p>\n<h3>Krautuvai<\/h3>\n<p>Priekiniuose krautuvuose str\u0117l\u0117s cilindrai padeda efektyviai pakelti ir i\u0161versti med\u017eiagas. Tvirta j\u0173 konstrukcija u\u017etikrina, kad jie gali atlaikyti sunki\u0173 krovini\u0173 svor\u012f, tod\u0117l jie yra gyvybi\u0161kai svarb\u016bs statybos ir kra\u0161tovaizd\u017eio tvarkymo projektuose.<\/p>\n<h2>Dizaino aspektai<\/h2>\n<h3>Keliamoji galia<\/h3>\n<p>The load capacity of a boom cylinder is paramount. It determines the maximum weight the cylinder can safely lift and manipulate. Manufacturers must ensure that the cylinder\u2019s materials and construction can endure the stresses imposed during operation. Calculating the required load capacity based on the machinery&#8217;s specifications helps in selecting the right cylinder.<\/p>\n<h3>Sandarinimas<\/h3>\n<p>Sandarinimas yra labai svarbus norint palaikyti hidraulin\u012f sl\u0117g\u012f ir i\u0161vengti skys\u010dio nuot\u0117kio. Auk\u0161tos kokyb\u0117s sandarikliai ir tarpin\u0117s, pagamintos i\u0161 patvari\u0173 med\u017eiag\u0173, toki\u0173 kaip poliuretanas ir nitrilo kau\u010diukas, yra b\u016btinos norint padidinti cilindro ilgaam\u017ei\u0161kum\u0105. Reguliarus sandarikli\u0173 tikrinimas ir prie\u017ei\u016bra gali pad\u0117ti i\u0161vengti brangaus remonto ir prastov\u0173.<\/p>\n<h3>Patvarumas<\/h3>\n<p>Durability is a key factor in the selection of a boom cylinder. Designed to withstand harsh conditions, the materials used must resist wear and corrosion. The manufacturing process, including surface treatments, plays a vital role in the cylinder&#8217;s lifespan, ensuring it can operate effectively in demanding environments.<\/p>\n<h3>Saugumas<\/h3>\n<p>Dirbant su hidraulin\u0117mis sistemomis, saugumas yra svarbiausias dalykas. Str\u0117l\u0117s cilindrai tur\u0117t\u0173 b\u016bti suprojektuoti su \u012fmontuotomis saugos funkcijomis, kad b\u016bt\u0173 i\u0161vengta nelaiming\u0173 atsitikim\u0173. Tai apima sl\u0117gio ma\u017einimo vo\u017etuvus ir gedim\u0173 prevencijos mechanizmus, kurie apsaugo nuo katastrofi\u0161k\u0173 gedim\u0173 eksploatacijos metu.<\/p>\n<h3>Prie\u017ei\u016bra<\/h3>\n<p>Lengva prie\u017ei\u016bra yra svarbus projektavimo aspektas. Gerai suprojektuotas str\u0117l\u0117s cilindras leid\u017eia lengvai pasiekti komponentus, kad b\u016bt\u0173 galima atlikti \u012fprastinius patikrinimus ir remont\u0105. Supaprastintas technin\u0117s prie\u017ei\u016bros procesas gali pad\u0117ti suma\u017einti prastovas ir padidinti veiklos efektyvum\u0105.<\/p>\n<p><img decoding=\"async\" src=\"https:\/\/www.hydraulic-cylinders.net\/wp-content\/uploads\/2025\/04\/songte-oil-pipes-and-spare-parts.webp\" alt=\"Naftos vamzd\u017eiai ir atsargin\u0117s dalys\" \/><\/p>\n<h2>Sandarinimas ir tepimas<\/h2>\n<p>Tinkamas sandarinimas ir tepimas yra labai svarb\u016bs str\u0117l\u0117s cilindr\u0173 veikimui. Hidrauliniam vientisumui palaikyti naudojami \u012fvair\u016bs sandarinimo elementai, tokie kaip st\u016bmokli\u0173 ir stryp\u0173 sandarikliai. D\u0117l savo ilgaam\u017ei\u0161kumo da\u017eniausiai pasirenkami sandarikliai, pagaminti i\u0161 atspari\u0173 dilimui med\u017eiag\u0173, toki\u0173 kaip poliuretanas ir nitrilo kau\u010diukas.<\/p>\n<p>Cilindro korpusas ir srieginiai galiniai pavir\u0161iai yra kruop\u0161\u010diai apdorojami, siekiant padidinti atsparum\u0105 dilimui ir u\u017etikrinti \u0161i\u0173 komponent\u0173 ilgaam\u017ei\u0161kum\u0105. Reguliarus tepimas hidrauline alyva yra b\u016btinas, nes tai suma\u017eina trint\u012f ir dilim\u0105, pailgina cilindro tarnavimo laik\u0105 ir i\u0161laiko jo veikimo efektyvum\u0105.<\/p>\n<h2>Reguliar\u016bs patikrinimai ir prevencin\u0117 prie\u017ei\u016bra<\/h2>\n<ul>\n<li><strong>\u012eprastiniai patikrinimai:<\/strong> B\u016btina reguliariai vizualiai ir mechani\u0161kai ap\u017ei\u016br\u0117ti str\u0117l\u0117s cilindr\u0105, kad b\u016bt\u0173 galima nustatyti bet kokius susid\u0117v\u0117jimo ar pa\u017eeidimo po\u017eymius. Operatoriai tur\u0117t\u0173 ie\u0161koti nuot\u0117ki\u0173, korozijos ir bet koki\u0173 ne\u012fprast\u0173 gars\u0173 darbo metu.<\/li>\n<li><strong>Tepimas:<\/strong> \u012esitikinkite, kad cilindras yra tinkamai suteptas tinkama hidrauline alyva. D\u0117l tepimo tr\u016bkumo gali padid\u0117ti susid\u0117v\u0117jimas ir suma\u017e\u0117ti efektyvumas.<\/li>\n<li><strong>Sandariklio keitimas:<\/strong> Laikui b\u0117gant, sandarikliai gali susid\u0117v\u0117ti ir juos reikia pakeisti. Reguliar\u016bs patikrinimai gali pad\u0117ti nustatyti, kada reikia pakeisti sandariklius, kad b\u016bt\u0173 i\u0161vengta nuot\u0117ki\u0173 ir hidraulinio sl\u0117gio suma\u017e\u0117jimo.<\/li>\n<\/ul>\n<h2>\u012erengimo gair\u0117s<\/h2>\n<p>Tinkamas str\u0117l\u0117s cilindro montavimas yra b\u016btinas optimaliam veikimui. \u0160tai kelios gair\u0117s, kuri\u0173 reikia laikytis:<\/p>\n<ul>\n<li><strong>Lygiavimas:<\/strong> Montuodami \u012fsitikinkite, kad cilindras yra tinkamai sulygiuotas. Neteisingas sulygiavimas gali sukelti netolyg\u0173 nusid\u0117v\u0117jim\u0105 ir suma\u017einti efektyvum\u0105.<\/li>\n<li><strong>Naudokite tinkamus tvirtinimo laikiklius:<\/strong> Cilindrui tvirtai pritvirtinti naudokite tinkamus tvirtinimo laikiklius, u\u017etikrinan\u010dius jo stabilum\u0105 eksploatacijos metu.<\/li>\n<li><strong>Hidraulin\u0117s jungtys:<\/strong> Tvirtai prijunkite hidraulines linijas ir patikrinkite, ar n\u0117ra nuot\u0117ki\u0173. Tinkamos jungtys yra labai svarbios norint palaikyti hidraulin\u012f sl\u0117g\u012f.<\/li>\n<li><strong>Testavimas:<\/strong> \u012erengus cilindr\u0105, j\u012f reikia patikrinti kontroliuojamomis s\u0105lygomis, kad \u012fsitikintum\u0117te, jog jis veikia skland\u017eiai ir be nuot\u0117ki\u0173.<\/li>\n<li><strong>Follow Manufacturer&#8217;s Guidelines:<\/strong> Always refer to the manufacturer&#8217;s installation manual for specific instructions and recommendations.<\/li>\n<\/ul>\n<p><img decoding=\"async\" src=\"https:\/\/www.hydraulic-cylinders.net\/wp-content\/uploads\/2025\/04\/songte-chushion-collar.webp\" alt=\"Pagalv\u0117l\u0117s apykakl\u0117\" \/><\/p>\n<h2>Saugos aspektai ir aplinkos veiksniai<\/h2>\n<p>Naudojant str\u0117l\u0117s cilindrus, labai svarbios saugos priemon\u0117s. Operatoriai tur\u0117t\u0173 b\u016bti apmokyti laikytis saugos protokol\u0173, kad b\u016bt\u0173 i\u0161vengta nelaiming\u0173 atsitikim\u0173. Siekiant u\u017etikrinti saugi\u0105 darbo aplink\u0105, reikia u\u017etikrinti tinkam\u0105 apsaug\u0105, signalizacij\u0105 ir ry\u0161\u012f. Be to, siekiant suma\u017einti poveik\u012f aplinkai, b\u016btina atsi\u017evelgti \u012f aplinkos veiksnius, tokius kaip skys\u010di\u0173 i\u0161siliejimas ir hidraulin\u0117s alyvos \u0161alinimas.<\/p>\n<h2>Gedim\u0173 diagnostika ir da\u017eniausios problemos<\/h2>\n<ul>\n<li><strong>Nuot\u0117kis:<\/strong> Skys\u010dio nuot\u0117kis i\u0161 cilindro yra da\u017ena problema, kuri gali atsirasti d\u0117l susid\u0117v\u0117jusi\u0173 tarpini\u0173 arba netinkamo montavimo. Norint laiku atlikti remont\u0105, labai svarbu nustatyti nuot\u0117kio \u0161altin\u012f.<\/li>\n<li><strong>Nereaguojantis veiksmas:<\/strong> Jei str\u0117l\u0117s cilindras nereaguoja \u012f komandas, tai gali reik\u0161ti hidraulinio sl\u0117gio problem\u0105 arba netinkamai veikian\u010di\u0105 valdymo sistem\u0105. Rekomenduojama patikrinti hidraulinio skys\u010dio lyg\u012f ir valdymo vo\u017etuvo veikim\u0105.<\/li>\n<li><strong>Perkaitimas:<\/strong> Perkaitimas gali \u012fvykti d\u0117l per didel\u0117s apkrovos arba nepakankamo tepimo. \u0160ios problemos galima i\u0161vengti stebint darbin\u0119 temperat\u016br\u0105 ir u\u017etikrinant tinkam\u0105 tepim\u0105.<\/li>\n<\/ul>\n<h2>Trik\u010di\u0173 \u0161alinimo patarimai<\/h2>\n<p>Nor\u0117dami efektyviai diagnozuoti ir i\u0161spr\u0119sti str\u0117l\u0117s cilindro problemas, atsi\u017evelkite \u012f \u0161iuos patarimus:<\/p>\n<ul>\n<li>Reguliariai tikrinkite, ar n\u0117ra susid\u0117v\u0117jimo ar pa\u017eeidim\u0173 po\u017eymi\u0173, ir nedelsdami atlikite technin\u0119 prie\u017ei\u016br\u0105, kad i\u0161vengtum\u0117te nedideli\u0173 problem\u0173 paa\u0161tr\u0117jimo.<\/li>\n<li>Palaikykite tinkam\u0105 hidraulinio skys\u010dio lyg\u012f ir u\u017etikrinkite, kad skystis b\u016bt\u0173 \u0161varus ir tinkamas naudoti sistemoje.<\/li>\n<li>\u012egyvendinkite prevencines priemones, tokias kaip \u012fprasti patikrinimai ir savalaikis sandarikli\u0173 bei komponent\u0173 keitimas, kad suma\u017eintum\u0117te gedim\u0173 tikimyb\u0119.<\/li>\n<\/ul>\n<p><img decoding=\"async\" src=\"https:\/\/www.hydraulic-cylinders.net\/wp-content\/uploads\/2025\/04\/songte-bushings-with-all-kinds-of-excavator-models.webp\" alt=\"\u012evor\u0117s\" \/><\/p>\n<h2>Apie m\u016bs\u0173 \u012fmon\u0119<\/h2>\n<p>Esame pirmaujanti hidraulini\u0173 cilindr\u0173 gamintoja ir didmeninink\u0117, \u012fsipareigojusi tiekti \u012fvair\u0173 produkt\u0173 asortiment\u0105 vidaus ir tarptautin\u0117se rinkose. M\u016bs\u0173 \u012fmon\u0117 laikosi i\u0161skirtini\u0173 kokyb\u0117s standart\u0173, taikydama rafinuotas gamybos strategijas ir pa\u017eangius gamybos valdymo metodus.<\/p>\n<p>M\u016bs\u0173 specializacija \u2013 kvalifikuot\u0173 technik\u0173 \u012fdarbinimas, auk\u0161\u010diausios klas\u0117s skaitmenin\u0117s gamybos \u012frangos naudojimas ir profesionali\u0173 testavimo sistem\u0173 diegimas. \u0160is d\u0117mesys leid\u017eia mums nuolat tobulinti gamybos platformas, u\u017etikrinant kokybi\u0161kas m\u016bs\u0173 gamini\u0173 gamybos linijas. M\u016bs\u0173 stipr\u016bs inovacij\u0173 paj\u0117gumai kartu su didelio efektyvumo, tikslumo ir kokyb\u0117s principais leid\u017eia mums efektyviai patenkinti \u012fvairius klient\u0173 poreikius.<\/p>\n<p><img decoding=\"async\" src=\"https:\/\/www.hydraulic-cylinders.net\/wp-content\/uploads\/2025\/04\/songte-company-4.webp\" alt=\"\u012emon\u0117s ap\u017evalga\" \/><br \/>\n<img decoding=\"async\" src=\"https:\/\/www.hydraulic-cylinders.net\/wp-content\/uploads\/2025\/04\/songte-company-3.webp\" alt=\"Gamybos \u012fmon\u0117\" \/><\/p>\n<p>M\u016bs\u0173 \u012fsipareigojim\u0105 profesionalumui atspindi tarptautiniai sertifikatai, individualiai pritaikytos paslaugos, pa\u017eangi gamybos \u012franga ir specializuotas aptarnavimas po pardavimo, u\u017etikrinantis klient\u0173 pasitenkinim\u0105 ir pasitik\u0117jim\u0105 m\u016bs\u0173 produktais.<\/p>\n<p>Autorius: lyl<\/p>","protected":false},"excerpt":{"rendered":"<p>Boom Cylinder For Volwa Cane Unloader DLS818-9A Product Overview The Boom Cylinder for the Volwa Cane Unloader DLS818-9A is a crucial component in hydraulic systems, specifically designed for controlling the movement of buckets in various heavy machinery such as excavators, backhoe loaders, and front loaders. This hydraulic cylinder enables the bucket to lift, lower, and [&hellip;]<\/p>","protected":false},"featured_media":17875,"comment_status":"open","ping_status":"closed","template":"","meta":{"_et_pb_use_builder":"","_et_pb_old_content":"","_et_gb_content_width":""},"product_brand":[],"product_cat":[1546],"product_tag":[1547,1496],"class_list":{"0":"post-19627","1":"product","2":"type-product","3":"status-publish","4":"has-post-thumbnail","6":"product_cat-boom-cylinders","7":"product_tag-boom-cylinders","8":"product_tag-hydraulic-cylinders","10":"first","11":"instock","12":"shipping-taxable","13":"product-type-simple"},"amp_enabled":true,"_links":{"self":[{"href":"https:\/\/www.hydraulic-cylinders.net\/lt\/wp-json\/wp\/v2\/product\/19627","targetHints":{"allow":["GET"]}}],"collection":[{"href":"https:\/\/www.hydraulic-cylinders.net\/lt\/wp-json\/wp\/v2\/product"}],"about":[{"href":"https:\/\/www.hydraulic-cylinders.net\/lt\/wp-json\/wp\/v2\/types\/product"}],"replies":[{"embeddable":true,"href":"https:\/\/www.hydraulic-cylinders.net\/lt\/wp-json\/wp\/v2\/comments?post=19627"}],"wp:featuredmedia":[{"embeddable":true,"href":"https:\/\/www.hydraulic-cylinders.net\/lt\/wp-json\/wp\/v2\/media\/17875"}],"wp:attachment":[{"href":"https:\/\/www.hydraulic-cylinders.net\/lt\/wp-json\/wp\/v2\/media?parent=19627"}],"wp:term":[{"taxonomy":"product_brand","embeddable":true,"href":"https:\/\/www.hydraulic-cylinders.net\/lt\/wp-json\/wp\/v2\/product_brand?post=19627"},{"taxonomy":"product_cat","embeddable":true,"href":"https:\/\/www.hydraulic-cylinders.net\/lt\/wp-json\/wp\/v2\/product_cat?post=19627"},{"taxonomy":"product_tag","embeddable":true,"href":"https:\/\/www.hydraulic-cylinders.net\/lt\/wp-json\/wp\/v2\/product_tag?post=19627"}],"curies":[{"name":"wp","href":"https:\/\/api.w.org\/{rel}","templated":true}]}}