{"id":19628,"date":"2025-04-07T06:58:19","date_gmt":"2025-04-07T06:58:19","guid":{"rendered":"https:\/\/www.hydraulic-cylinders.net\/product\/boom-cylinder-for-wacker-e6003\/"},"modified":"2025-04-07T06:58:22","modified_gmt":"2025-04-07T06:58:22","slug":"boom-cylinder-for-wacker-e6003","status":"publish","type":"product","link":"https:\/\/www.hydraulic-cylinders.net\/lt\/produktas\/boom-cylinder-for-wacker-e6003\/","title":{"rendered":"Str\u0117l\u0117s cilindras, skirtas Wacker E6003"},"content":{"rendered":"<h1>Str\u0117l\u0117s cilindras, skirtas Wacker E6003<\/h1>\n<h2>\u012evadas \u012f str\u0117l\u0117s cilindr\u0105<\/h2>\n<p>\u201eWacker E6003\u201c str\u0117l\u0117s cilindras yra esminis hidraulinis komponentas, skirtas sunkiosios technikos jud\u0117jimui valdyti. \u0160ie kau\u0161o cilindrai yra neatsiejama tokios \u012frangos kaip ekskavatoriai, ekskavatoriai ir frontaliniai krautuvai dalis, palengvinantys kau\u0161\u0173 k\u0117lim\u0105, nuleidim\u0105 ir pakreipim\u0105, kad b\u016bt\u0173 galima efektyviai atlikti med\u017eiag\u0173 tvarkymo u\u017eduotis. Hidraulinis cilindras veikia paversdamas hidraulin\u0119 energij\u0105 mechanine energija, tod\u0117l galima valdyti jud\u0117jim\u0105 ir efektyviai atlikti u\u017eduotis, kurioms kitaip reik\u0117t\u0173 daug rankinio darbo.<\/p>\n<p><img decoding=\"async\" src=\"https:\/\/www.hydraulic-cylinders.net\/wp-content\/uploads\/2025\/04\/songte-company-1.webp\" alt=\"Str\u0117l\u0117s cilindro vaizdas\" \/><\/p>\n<h3>Apibr\u0117\u017eimas ir ap\u017evalga<\/h3>\n<p>Kau\u0161o cilindras yra hidraulinio cilindro tipas, specialiai sukurtas valdyti sunkiosios technikos kau\u0161\u0173 jud\u0117jim\u0105, leid\u017eiantis tiksliai valdyti \u012fvairias eksploatacines u\u017eduotis. \u0160ie cilindrai yra labai svarb\u016bs hidraulin\u0117se sistemose, leid\u017eiantys operatoriams lengvai atlikti sud\u0117tingas u\u017eduotis, tokias kaip kasimas, k\u0117limas ir med\u017eiag\u0173 transportavimas. Naudojant hidraulin\u012f sl\u0117g\u012f, \u0161ie cilindrai pasi\u017eymi didesne j\u0117ga ir efektyvumu, tod\u0117l yra nepakei\u010diami statybos ir \u017eem\u0117s \u016bkio ma\u0161inose.<\/p>\n<h2>Str\u0117l\u0117s cilindro savyb\u0117s<\/h2>\n<ul>\n<li><strong>Didelis stiprumas ir ilgaam\u017ei\u0161kumas:<\/strong> Paprastai \u0161ie cilindrai, pagaminti i\u0161 didelio stiprumo plieno arba aliuminio, yra sukurti taip, kad atlaikyt\u0173 auk\u0161t\u0105 sl\u0117g\u012f ir dideles apkrovas, tod\u0117l jie tinka at\u0161iaurioms darbo aplinkoms.<\/li>\n<li><strong>Efektyvus hidraulinis valdymas:<\/strong> \u0160ie cilindrai naudoja hidraulin\u0117s alyvos sl\u0117g\u012f, kad skland\u017eiai i\u0161skleist\u0173 ir atitraukt\u0173, greitai reaguot\u0173 \u012f operatoriaus komandas ir u\u017etikrint\u0173 tvirt\u0105 st\u016bmimo bei traukimo j\u0117g\u0105.<\/li>\n<li><strong>\u012evair\u016bs tipai:<\/strong> Klientai gali rinktis i\u0161 vienpusio veikimo (hidraulinio sl\u0117gio panaudojimo viena kryptimi) ir dvipusio veikimo (hidraulinio sl\u0117gio panaudojimo abiem kryptimis) cilindr\u0173, kad patenkint\u0173 skirtingus eksploatacinius poreikius.<\/li>\n<li><strong>Kompakti\u0161ko dizaino parinktys:<\/strong> Kai kurie modeliai yra teleskopiniai, tod\u0117l juos galima labiau i\u0161tiesti nepadidinant i\u0161orinio dyd\u017eio, tod\u0117l jie idealiai tinka naudoti ten, kur erdv\u0117 ribota.<\/li>\n<li><strong>Atsparumas korozijai ir dilimui:<\/strong> \u0160ie cilindrai, sukurti atsi\u017evelgiant \u012f atsparum\u0105 dilimui ir apsaug\u0105 nuo korozijos, gali atlaikyti intensyv\u0173 naudojim\u0105 ilg\u0105 laik\u0105.<\/li>\n<\/ul>\n<h2>M\u016bs\u0173 gamybos paj\u0117gumai<\/h2>\n<p>Did\u017eiuojam\u0117s gal\u0117dami gaminti auk\u0161tos kokyb\u0117s str\u0117l\u0117s cilindrus, kurie puikiai pakei\u010dia esamus hidraulinius cilindrus. D\u0117l pa\u017eangi\u0173 gamybos technologij\u0173 ir grie\u017etos kokyb\u0117s kontrol\u0117s m\u016bs\u0173 gaminiai atitinka auk\u0161\u010diausius pramon\u0117s standartus.<\/p>\n<p><img decoding=\"async\" src=\"https:\/\/www.hydraulic-cylinders.net\/wp-content\/uploads\/2025\/04\/songte-cylinder-head-with-all-kinds-excavator-models.webp\" alt=\"Hidraulini\u0173 cilindr\u0173 gamyba\" \/><\/p>\n<h2>Str\u0117l\u0117s cilindro pritaikymas<\/h2>\n<h3>Statybin\u0117 \u012franga<\/h3>\n<p>Ekskavatoriuose str\u0117l\u0117s cilindras yra labai svarbus kasant, kraunant ir perkeliant grunt\u0105 ar \u0161iuk\u0161les. Galimyb\u0117 efektyviai valdyti kau\u0161\u0105 leid\u017eia operatoriams maksimaliai padidinti produktyvum\u0105, suma\u017einant statybos projektams reikaling\u0105 laik\u0105 ir pastangas.<\/p>\n<h3>\u017dem\u0117s \u016bkio technika<\/h3>\n<p>Priekiniuose krautuvuose str\u0117l\u0117s cilindrai naudojami dirvo\u017eemiui, \u0161ienui ir \u012fvairioms med\u017eiagoms semti, kelti ir transportuoti. J\u0173 tvirtumas ir patikimumas leid\u017eia \u017eem\u0117s \u016bkio darbuotojams efektyviai valdyti krovinius, didinant veiklos efektyvum\u0105 atliekant \u016bkininkavimo u\u017eduotis.<\/p>\n<h3>Ekskavatoriai<\/h3>\n<p>Ekskavatoriuose str\u0117l\u0117s cilindras palengvina kasimo veiksm\u0105, leisdamas kau\u0161ui efektyviai \u012fsiskverbti \u012f \u017eem\u0119. \u0160i savyb\u0117 yra labai svarbi atliekant kasimo darbus, ypa\u010d ruo\u0161iant aik\u0161tel\u0119 ir formuojant kra\u0161tovaizd\u012f.<\/p>\n<h3>Krautuvai<\/h3>\n<p>Priekiniuose krautuvuose str\u0117l\u0117s cilindrai padeda efektyviai kelti ir i\u0161versti krovinius. Tvirta j\u0173 konstrukcija u\u017etikrina saug\u0173 sunki\u0173 med\u017eiag\u0173 manevravim\u0105, tod\u0117l jie yra nepakei\u010diami statybose ir med\u017eiag\u0173 tvarkyme.<\/p>\n<h2>Projektavimo aspektai ir atrankos kriterijai<\/h2>\n<h3>Keliamoji galia<\/h3>\n<p>Str\u0117l\u0117s cilindro keliamoji galia yra vienas i\u0161 pagrindini\u0173 projektavimo aspekt\u0173. Ji lemia maksimal\u0173 svor\u012f, kur\u012f cilindras gali atlaikyti be gedim\u0173, o tai yra labai svarbu u\u017etikrinant saug\u0105 ir eksploatavimo efektyvum\u0105. Didesn\u0117 keliamoji galia rei\u0161kia, kad technika gali pakelti sunkesnes med\u017eiagas, tod\u0117l ji yra universalesn\u0117 ir efektyvesn\u0117 sud\u0117tingose \u200b\u200bsrityse.<\/p>\n<h3>Sandarinimo sistema<\/h3>\n<p>Patikima sandarinimo sistema yra b\u016btina norint i\u0161vengti hidraulinio skys\u010dio nuot\u0117kio ir palaikyti sl\u0117g\u012f cilindre. Sandarinimo med\u017eiag\u0173, toki\u0173 kaip poliuretanas ir nitrilo kau\u010diukas, pasirinkimas vaidina gyvybi\u0161kai svarb\u0173 vaidmen\u012f hidraulinio cilindro veikimui ir ilgaam\u017ei\u0161kumui. Gerai suprojektuoti sandarikliai padidina cilindro patvarum\u0105, suma\u017eindami prie\u017ei\u016bros poreikius ir eksploatavimo i\u0161laidas.<\/p>\n<h3>Patvarumas<\/h3>\n<p>Projektuojant str\u0117l\u0117s cilindrus, labai svarbus j\u0173 ilgaam\u017ei\u0161kumas, ypa\u010d kai jie veikiami at\u0161iauri\u0173 aplinkos s\u0105lyg\u0173 ir dideli\u0173 apkrov\u0173. Naudojant auk\u0161tos kokyb\u0117s med\u017eiagas ir pa\u017eangius gamybos metodus, tokius kaip tikslus apdirbimas ir pavir\u0161iaus apdorojimas, u\u017etikrinama, kad cilindrai laikui b\u0117gant atlaikys nusid\u0117v\u0117jim\u0105.<\/p>\n<h3>Saugos funkcijos<\/h3>\n<p>Labai svarbu \u012f str\u0117l\u0117s cilindr\u0173 konstrukcij\u0105 \u012ftraukti saugos funkcijas. Tai apima sl\u0117gio ma\u017einimo vo\u017etuvus, kurie apsaugo nuo per didelio sl\u0117gio, taip pat tvirtas tvirtinimo sistemas, u\u017etikrinan\u010dias stabilum\u0105 eksploatacijos metu. Saugos funkcijos padeda apsaugoti tiek technik\u0105, tiek operatori\u0173, suma\u017eindamos nelaiming\u0173 atsitikim\u0173 rizik\u0105.<\/p>\n<h3>Prie\u017ei\u016bra<\/h3>\n<p>Lengva prie\u017ei\u016bra yra svarbus hidraulini\u0173 cilindr\u0173 aspektas. Lengvai prieinami \u012frenginiai leid\u017eia lengvai patikrinti ir pakeisti sandariklius, skyst\u012f ir kitus komponentus. Tai suma\u017eina prastovas ir u\u017etikrina efektyv\u0173 mechanizm\u0173 veikim\u0105, galiausiai sutaupant laiko ir i\u0161laid\u0173, susijusi\u0173 su remontu.<\/p>\n<p><img decoding=\"async\" src=\"https:\/\/www.hydraulic-cylinders.net\/wp-content\/uploads\/2025\/04\/songte-oil-pipes-and-spare-parts.webp\" alt=\"Hidraulini\u0173 cilindr\u0173 dalys\" \/><\/p>\n<h2>Sandarinimas ir tepimas<\/h2>\n<p>Str\u0117l\u0117s cilindro efektyvumas labai priklauso nuo jo sandarinimo ir tepimo sistem\u0173. \u012evair\u016bs sandarinimo komponentai, tokie kaip st\u016bmokli\u0173 ir stryp\u0173 sandarikliai, yra b\u016btini norint palaikyti hidraulin\u012f sl\u0117g\u012f ir i\u0161vengti skys\u010di\u0173 nuot\u0117kio. D\u0117l atsparumo dilimui ir pa\u017eeidimams da\u017eniausiai naudojami sandarikliai, pagaminti i\u0161 patvari\u0173 med\u017eiag\u0173, toki\u0173 kaip poliuretanas ir nitrilo kau\u010diukas.<\/p>\n<p>Cilindro korpusas ir srieginiai galiniai pavir\u0161iai yra tiksliai apdirbami, siekiant padidinti j\u0173 ilgaam\u017ei\u0161kum\u0105 ir atsparum\u0105 dilimui. Reguliarus tepimas hidrauline alyva yra labai svarbus norint u\u017etikrinti skland\u0173 veikim\u0105 ir pailginti cilindro tarnavimo laik\u0105. Tinkamas tepimas suma\u017eina trint\u012f ir dilim\u0105, u\u017etikrindamas efektyv\u0173 hidraulin\u012f na\u0161um\u0105.<\/p>\n<h2>Reguliarus patikrinimas ir prevencin\u0117 prie\u017ei\u016bra<\/h2>\n<ul>\n<li><strong>Reguliar\u016bs patikrinimai:<\/strong> Da\u017enos patikros yra labai svarbios norint nustatyti galimas problemas, kol jos netapo rimtomis. Nuot\u0117ki\u0173, susid\u0117v\u0117jimo ir pa\u017eeidim\u0173 tikrinimas gali pad\u0117ti i\u0161laikyti hidraulin\u0117s sistemos vientisum\u0105.<\/li>\n<li><strong>Tinkamas tepimas:<\/strong> U\u017etikrinus pakankam\u0105 hidraulin\u0117s alyvos lyg\u012f ir tepim\u0105 technin\u0117s prie\u017ei\u016bros metu, palaikomas optimalus veikimas ir pailginamas cilindro tarnavimo laikas.<\/li>\n<li><strong>Sandariklio keitimas:<\/strong> Reguliariai kei\u010diant sandariklius atliekant \u012fprastin\u0119 technin\u0119 prie\u017ei\u016br\u0105, galima i\u0161vengti nuot\u0117ki\u0173 ir u\u017etikrinti efektyv\u0173 hidraulin\u0117s sistemos veikim\u0105.<\/li>\n<\/ul>\n<h2>\u012erengimo gair\u0117s<\/h2>\n<p>Tinkamas str\u0117l\u0117s cilindro montavimas yra b\u016btinas norint u\u017etikrinti funkcionalum\u0105 ir saug\u0105. Montuojant labai svarbu laikytis \u0161i\u0173 gairi\u0173:<\/p>\n<ul>\n<li>\u012esitikinkite, kad cilindras yra tinkamai sulygiuotas su tvirtinimo ta\u0161kais, kad i\u0161vengtum\u0117te per didelio cilindro ir mechanizmo \u012ftempimo.<\/li>\n<li>Naudokite tinkamus tvirtinimo laikiklius, kad cilindras b\u016bt\u0173 tvirtai pritvirtintas ir stabilus eksploatacijos metu.<\/li>\n<li>Patikrinkite, ar n\u0117ra kli\u016b\u010di\u0173, kurios gali trukdyti cilindro jud\u0117jimui, ir u\u017etikrinkite laisv\u0105 keli\u0105.<\/li>\n<li>Priver\u017edami var\u017etus, laikykit\u0117s gamintojo nurodym\u0173 d\u0117l sukimo momento nustatym\u0173, kad tinkamai pritvirtintum\u0117te cilindr\u0105.<\/li>\n<li>Po \u012frengimo atlikite kruop\u0161t\u0173 patikrinim\u0105, kad \u012fsitikintum\u0117te, jog visos jungtys yra tvirtos ir kad hidraulinio skys\u010dio lygis yra rekomenduojamas.<\/li>\n<\/ul>\n<h2>Prie\u017ei\u016bros u\u017eduotys<\/h2>\n<h3>Reguliar\u016bs patikrinimai<\/h3>\n<p>Reguliar\u016bs patikrinimai yra labai svarb\u016bs norint anksti nustatyti susid\u0117v\u0117jim\u0105 ir galimus gedimus. Patikrinkite cilindr\u0105, ar n\u0117ra matom\u0173 pa\u017eeidim\u0173, nuot\u0117ki\u0173 ar susid\u0117v\u0117jimo po\u017eymi\u0173. Ankstyvas aptikimas leid\u017eia laiku atlikti remont\u0105, suma\u017einant katastrofi\u0161k\u0173 gedim\u0173 rizik\u0105 eksploatacijos metu.<\/p>\n<h3>Tinkamas tepimas<\/h3>\n<p>Tinkamas tepimas yra labai svarbus skland\u017eiam str\u0117l\u0117s cilindro veikimui. Reguliariai tikrinkite hidraulinio skys\u010dio lyg\u012f ir prireikus papildykite. Tinkamas tepimas suma\u017eina trint\u012f, pagerina na\u0161um\u0105 ir pailgina cilindro tarnavimo laik\u0105.<\/p>\n<h3>Tarpikli\u0173 keitimas ir kalibravimo patikrinimai<\/h3>\n<p>Tarpikliai tur\u0117t\u0173 b\u016bti reguliariai tikrinami ir kei\u010diami, jei pastebimi susid\u0117v\u0117jimo po\u017eymiai. Laikui b\u0117gant, tarpikliai gali susid\u0117v\u0117ti ir sukelti nuot\u0117kius. Kalibravimo patikrinimai u\u017etikrina, kad hidraulin\u0117 sistema veikt\u0173 pagal nurodytus parametrus, i\u0161laikydama efektyvum\u0105 ir saug\u0105.<\/p>\n<h2>Saugos aspektai ir aplinkos veiksniai<\/h2>\n<p>Naudojant str\u0117l\u0117s cilindrus, itin svarbios saugos priemon\u0117s. Operatoriai visada privalo laikytis saugos protokol\u0173, \u012fskaitant tinkam\u0173 asmenini\u0173 apsaugos priemoni\u0173 (AAP) d\u0117v\u0117jim\u0105 ir darbo vietos saugumo u\u017etikrinim\u0105. Reguliar\u016bs mokymai apie hidraulini\u0173 sistem\u0173 valdym\u0105 ir prie\u017ei\u016br\u0105 gali pad\u0117ti i\u0161vengti nelaiming\u0173 atsitikim\u0173 ir nes\u0117kmi\u0173.<\/p>\n<h2>Trik\u010di\u0173 \u0161alinimas ir da\u017eniausiai pasitaikan\u010dios problemos<\/h2>\n<ul>\n<li><strong>Nuot\u0117kis:<\/strong> Viena i\u0161 da\u017eniausiai pasitaikan\u010di\u0173 problem\u0173 yra hidraulinio skys\u010dio nuot\u0117kis. Tai gali atsirasti d\u0117l susid\u0117v\u0117jusi\u0173 sandarikli\u0173 arba pa\u017eeist\u0173 \u017earn\u0173. Reguliarios patikros ir savalaikis sandarikli\u0173 keitimas gali i\u0161spr\u0119sti \u0161i\u0105 problem\u0105.<\/li>\n<li><strong>Galios praradimas:<\/strong> Jei cilindras neskleid\u017eia laukiamos j\u0117gos, tai gali reik\u0161ti hidraulinio skys\u010dio lygio arba sandarikli\u0173 vientisumo problem\u0105. Hidraulinio skys\u010dio lygio ir sandarikli\u0173 patikrinimas gali pad\u0117ti diagnozuoti \u0161i\u0105 problem\u0105.<\/li>\n<li><strong>Ne\u012fprasti garsai:<\/strong> Bet kokie keisti garsai eksploatacijos metu gali rodyti vidinius pa\u017eeidimus arba or\u0105 hidraulin\u0117je sistemoje. B\u016btina nedelsiant i\u0161tirti \u0161iuos garsus, kad b\u016bt\u0173 i\u0161vengta tolesn\u0117s \u017ealos.<\/li>\n<\/ul>\n<h2>Trik\u010di\u0173 \u0161alinimo patarimai<\/h2>\n<p>Nor\u0117dami efektyviai pa\u0161alinti str\u0117l\u0117s cilindro problemas, atsi\u017evelkite \u012f \u0161iuos patarimus:<\/p>\n<ul>\n<li>Reguliariai tikrinkite ir palaikykite hidraulinio skys\u010dio lyg\u012f, kad u\u017etikrintum\u0117te optimal\u0173 na\u0161um\u0105.<\/li>\n<li>Patikrinkite sandariklius ir \u017earnas, ar n\u0117ra susid\u0117v\u0117jimo, ir prireikus pakeiskite juos, kad i\u0161vengtum\u0117te nuot\u0117ki\u0173.<\/li>\n<li>Pasteb\u0117j\u0119 ne\u012fprastus garsus, nedelsdami nutraukite darb\u0105 ir prie\u0161 t\u0119sdami darb\u0105 atlikite i\u0161sam\u0173 patikrinim\u0105.<\/li>\n<\/ul>\n<p><img decoding=\"async\" src=\"https:\/\/www.hydraulic-cylinders.net\/wp-content\/uploads\/2025\/04\/songte-bushings-with-all-kinds-of-excavator-models.webp\" alt=\"Hidrauliniai komponentai\" \/><\/p>\n<h2>Apie m\u016bs\u0173 \u012fmon\u0119<\/h2>\n<p>Esame pirmaujanti hidraulini\u0173 cilindr\u0173 gamintoja ir didmeninink\u0117, si\u016blanti plat\u0173 gamini\u0173 asortiment\u0105, skirt\u0105 tiek vidaus, tiek tarptautinei rinkai. M\u016bs\u0173 \u012fsipareigojimas siekti meistri\u0161kumo atsispindi kruop\u0161\u010diuose gamybos procesuose ir geriausioje pramon\u0117s praktikoje.<\/p>\n<p>Mes orientuojam\u0117s \u012f auk\u0161tos kokyb\u0117s gamyb\u0105, naudodami pa\u017eangias gamybos technologijas ir kvalifikuot\u0105 darbo j\u0117g\u0105. M\u016bs\u0173 moderniausi \u012frenginiai u\u017etikrina kiekvieno produkto tikslum\u0105 ir patikimum\u0105. Did\u017eiuojam\u0117s tur\u0117dami tarptautinius sertifikatus, patvirtinan\u010dius m\u016bs\u0173 \u012fsipareigojim\u0105 kokybei ir saugai.<\/p>\n<p>Be standartini\u0173 pasi\u016blym\u0173, teikiame individualius sprendimus, pritaikytus konkretiems klient\u0173 poreikiams, u\u017etikrindami lankstum\u0105 ir pasitenkinim\u0105. M\u016bs\u0173 aptarnavimas po pardavimo yra i\u0161skirtinis, o palaikymas garantuoja, kad m\u016bs\u0173 klientais bus gerai pasir\u016bpinta ilgai po j\u0173 \u012fsigijimo.<\/p>\n<p><img decoding=\"async\" src=\"https:\/\/www.hydraulic-cylinders.net\/wp-content\/uploads\/2025\/04\/songte-company-4.webp\" alt=\"\u012emon\u0117s ap\u017evalga\" \/><br \/>\n<img decoding=\"async\" src=\"https:\/\/www.hydraulic-cylinders.net\/wp-content\/uploads\/2025\/04\/songte-company-3.webp\" alt=\"Gamybos \u012fmon\u0117\" \/><\/p>\n<p>Autorius: lyl<\/p>","protected":false},"excerpt":{"rendered":"<p>Boom Cylinder For Wacker E6003 Introduction to Boom Cylinder The Boom Cylinder for Wacker E6003 is an essential hydraulic component designed to control the movement of heavy machinery. Specifically, these bucket cylinders are integral to equipment like excavators, backhoes, and front loaders, facilitating the lifting, lowering, and tilting of buckets for efficient material handling tasks. [&hellip;]<\/p>","protected":false},"featured_media":17876,"comment_status":"open","ping_status":"closed","template":"","meta":{"_et_pb_use_builder":"","_et_pb_old_content":"","_et_gb_content_width":""},"product_brand":[],"product_cat":[1546],"product_tag":[1547,1496],"class_list":{"0":"post-19628","1":"product","2":"type-product","3":"status-publish","4":"has-post-thumbnail","6":"product_cat-boom-cylinders","7":"product_tag-boom-cylinders","8":"product_tag-hydraulic-cylinders","10":"first","11":"instock","12":"shipping-taxable","13":"product-type-simple"},"amp_enabled":true,"_links":{"self":[{"href":"https:\/\/www.hydraulic-cylinders.net\/lt\/wp-json\/wp\/v2\/product\/19628","targetHints":{"allow":["GET"]}}],"collection":[{"href":"https:\/\/www.hydraulic-cylinders.net\/lt\/wp-json\/wp\/v2\/product"}],"about":[{"href":"https:\/\/www.hydraulic-cylinders.net\/lt\/wp-json\/wp\/v2\/types\/product"}],"replies":[{"embeddable":true,"href":"https:\/\/www.hydraulic-cylinders.net\/lt\/wp-json\/wp\/v2\/comments?post=19628"}],"wp:featuredmedia":[{"embeddable":true,"href":"https:\/\/www.hydraulic-cylinders.net\/lt\/wp-json\/wp\/v2\/media\/17876"}],"wp:attachment":[{"href":"https:\/\/www.hydraulic-cylinders.net\/lt\/wp-json\/wp\/v2\/media?parent=19628"}],"wp:term":[{"taxonomy":"product_brand","embeddable":true,"href":"https:\/\/www.hydraulic-cylinders.net\/lt\/wp-json\/wp\/v2\/product_brand?post=19628"},{"taxonomy":"product_cat","embeddable":true,"href":"https:\/\/www.hydraulic-cylinders.net\/lt\/wp-json\/wp\/v2\/product_cat?post=19628"},{"taxonomy":"product_tag","embeddable":true,"href":"https:\/\/www.hydraulic-cylinders.net\/lt\/wp-json\/wp\/v2\/product_tag?post=19628"}],"curies":[{"name":"wp","href":"https:\/\/api.w.org\/{rel}","templated":true}]}}