{"id":19629,"date":"2025-04-07T06:58:23","date_gmt":"2025-04-07T06:58:23","guid":{"rendered":"https:\/\/www.hydraulic-cylinders.net\/product\/boom-cylinder-for-wacker-e5023\/"},"modified":"2025-04-07T06:58:25","modified_gmt":"2025-04-07T06:58:25","slug":"boom-cylinder-for-wacker-e5023","status":"publish","type":"product","link":"https:\/\/www.hydraulic-cylinders.net\/lt\/produktas\/boom-cylinder-for-wacker-e5023\/","title":{"rendered":"Str\u0117l\u0117s cilindras, skirtas Wacker E5023"},"content":{"rendered":"<h1>Str\u0117l\u0117s cilindras, skirtas Wacker E5023<\/h1>\n<h2>Produkto ap\u017evalga<\/h2>\n<p>\u201eWacker E5023\u201c str\u0117l\u0117s cilindras yra esminis hidraulini\u0173 sistem\u0173 komponentas, specialiai sukurtas palengvinti sunkiosios technikos kau\u0161\u0173 jud\u0117jim\u0105. \u0160ie cilindrai yra labai svarb\u016bs ekskavatoriuose, ekskavatoriuose ir frontaliniuose krautuvuose, nes leid\u017eia kau\u0161ui pakilti, nuleisti ir pakreipti. Naudodamas hidraulin\u012f sl\u0117g\u012f, str\u0117l\u0117s cilindras leid\u017eia efektyviai tvarkyti med\u017eiagas, tod\u0117l jis yra gyvybi\u0161kai svarbi statybos ir \u017eem\u0117s darb\u0173 \u012frangos dalis.<\/p>\n<p><img decoding=\"async\" src=\"https:\/\/www.hydraulic-cylinders.net\/wp-content\/uploads\/2025\/04\/songte-company-1.webp\" alt=\"Str\u0117l\u0117s cilindras\"><\/p>\n<h2>Str\u0117l\u0117s cilindro savyb\u0117s<\/h2>\n<ul>\n<li><strong>Didelis stiprumas ir ilgaam\u017ei\u0161kumas:<\/strong> \u0160ie cilindrai, pagaminti i\u0161 didelio stiprumo plieno arba aliuminio, yra sukurti taip, kad atlaikyt\u0173 auk\u0161t\u0105 sl\u0117g\u012f ir dideles apkrovas net ir at\u0161iauriomis darbo s\u0105lygomis.<\/li>\n<li><strong>Efektyvus hidraulinis valdymas:<\/strong> Str\u0117l\u0117s cilindras veikia skland\u017eiai ir greitai reaguoja \u012f valdymo komandas, u\u017etikrindamas galing\u0105 st\u016bmimo ir traukimo j\u0117g\u0105 sunkioms ir sud\u0117tingoms u\u017eduotims atlikti.<\/li>\n<li><strong>\u012evair\u016bs tipai:<\/strong> Galima \u012fsigyti vienpusio veikimo (veikian\u010dio viena kryptimi) arba dvipusio veikimo (veikian\u010dio abiem kryptimis) konfig\u016bracij\u0173, kad b\u016bt\u0173 patenkinti \u012fvair\u016bs eksploatavimo poreikiai.<\/li>\n<li><strong>Viet\u0105 taupantis dizainas:<\/strong> Kai kurie modeliai yra teleskopiniai, tod\u0117l juos galima labiau i\u0161tiesti nepadidinant i\u0161orini\u0173 matmen\u0173, tod\u0117l jie idealiai tinka naudoti ribotoje erdv\u0117je.<\/li>\n<li><strong>Prie\u017ei\u016bros nereikalaujantys sandarikliai:<\/strong> Sukurtas naudojant pa\u017eangias sandarinimo technologijas, siekiant suma\u017einti reguliarios prie\u017ei\u016bros poreik\u012f ir padidinti eksploatavimo efektyvum\u0105.<\/li>\n<\/ul>\n<p>Mes galime pagaminti \u0161\u012f produkt\u0105, o m\u016bs\u0173 gaminiai gali puikiai pakeisti \u0161iuos hidraulinius cilindrus.<\/p>\n<p><img decoding=\"async\" src=\"https:\/\/www.hydraulic-cylinders.net\/wp-content\/uploads\/2025\/04\/songte-cylinder-head-with-all-kinds-excavator-models.webp\" alt=\"Hidraulinio cilindro keitimas\"><\/p>\n<h2>Str\u0117l\u0117s cilindro pritaikymas<\/h2>\n<h3>Statybin\u0117 \u012franga<\/h3>\n<p>Ekskavatoriuose str\u0117l\u0117s cilindrai yra gyvybi\u0161kai svarb\u016bs kasant, kraunant ir perkeliant \u017eem\u0119 ar \u0161iuk\u0161les. Jie u\u017etikrina skland\u0173 kau\u0161o veikim\u0105, u\u017etikrinant, kad u\u017eduotys b\u016bt\u0173 atliktos efektyviai. Ekskavatoriuose \u0161ie cilindrai ne tik padeda kasti, bet ir kelti med\u017eiagas, tod\u0117l jie yra nepakei\u010diami statybos darbuose.<\/p>\n<h3>\u017dem\u0117s \u016bkio technika<\/h3>\n<p>Priekiniuose krautuvuose str\u0117l\u0117s cilindrai naudojami dirvo\u017eemiui, \u0161ienui ir kitoms med\u017eiagoms semti, kelti ir transportuoti. J\u0173 tvirtumas ir efektyvumas leid\u017eia \u017eem\u0117s \u016bkio darbuotojams lengvai valdyti sunkius krovinius, taip padidinant \u016bkininkavimo darb\u0173 na\u0161um\u0105.<\/p>\n<h3>Ekskavatoriai<\/h3>\n<p>Str\u0117l\u0117s cilindras leid\u017eia kau\u0161ui \u012fsiskverbti \u012f \u017eem\u0119, palengvindamas kasimo veiksmus. \u0160is mechanizmas yra labai svarbus atliekant \u012fvairias kasimo u\u017eduotis, u\u017etikrinant, kad operatoriai gal\u0117t\u0173 efektyviai pasiekti norim\u0105 gyl\u012f ir keliam\u0105j\u0105 gali\u0105.<\/p>\n<h3>Krautuvai<\/h3>\n<p>Priekiniuose krautuvuose str\u0117l\u0117s cilindrai atlieka pagrindin\u012f vaidmen\u012f efektyviai keliant ir i\u0161ver\u010diant med\u017eiagas. Jie suteikia reikiam\u0105 gali\u0105 kroviniams pakelti, supaprastindami med\u017eiag\u0173 transportavimo ir statybvie\u010di\u0173 operacijas.<\/p>\n<h2>Projektavimo aspektai ir atrankos kriterijai<\/h2>\n<h3>Keliamoji galia<\/h3>\n<p>Str\u0117l\u0117s cilindro keliamoji galia yra vienas i\u0161 svarbiausi\u0173 projektavimo aspekt\u0173. Jis turi atlaikyti tvarkomos med\u017eiagos svor\u012f nerizikuodamas sugadinti konstrukcijos. In\u017einieriai kruop\u0161\u010diai apskai\u010diuoja apkrovos ribas, atsi\u017evelgdami \u012f numatyt\u0105 paskirt\u012f, u\u017etikrindami, kad cilindras efektyviai veikt\u0173 esant apkrovai.<\/p>\n<h3>Sandarinimo efektyvumas<\/h3>\n<p>Tvirtas sandarinimo mechanizmas yra b\u016btinas siekiant i\u0161vengti hidraulinio skys\u010dio nuot\u0117kio, kuris gali pakenkti na\u0161umui ir saugai. Auk\u0161tos kokyb\u0117s sandarikliai suma\u017eina susid\u0117v\u0117jim\u0105 ir pailgina cilindro tarnavimo laik\u0105, suma\u017eindami prie\u017ei\u016bros poreik\u012f ir u\u017etikrindami patikim\u0105 veikim\u0105 sud\u0117tingomis s\u0105lygomis.<\/p>\n<h3>Patvarumas<\/h3>\n<p>Hidraulini\u0173 cilindr\u0173 konstrukcijoje svarbiausias yra ilgaam\u017ei\u0161kumas. Med\u017eiagos turi b\u016bti atsparios dilimui, korozijai ir nuovargiui laikui b\u0117gant. Med\u017eiag\u0173 pasirinkimas kartu su pavir\u0161iaus apdorojimu ir dangomis vaidina gyvybi\u0161kai svarb\u0173 vaidmen\u012f didinant cilindro ilgaam\u017ei\u0161kum\u0105 ir patikimum\u0105 \u012fvairiose srityse.<\/p>\n<h3>Saugos funkcijos<\/h3>\n<p>Projektuojant str\u0117l\u0117s cilindrus, svarbus r\u016bpestis yra saugumas. Tokios funkcijos kaip sl\u0117gio ma\u017einimo vo\u017etuvai ir gedim\u0173 prevencijos mechanizmai yra integruoti siekiant apsaugoti operatorius ir ma\u0161inas nuo nelaiming\u0173 atsitikim\u0173 ar gedim\u0173, u\u017etikrinant saug\u0173 veikim\u0105 visada.<\/p>\n<h3>Prieinamumas prie prie\u017ei\u016bros<\/h3>\n<p>Hidraulini\u0173 cilindr\u0173 projektavimas taip, kad juos b\u016bt\u0173 lengva pri\u017ei\u016br\u0117ti, yra labai svarbus siekiant u\u017etikrinti veiklos efektyvum\u0105. Komponentai tur\u0117t\u0173 b\u016bti lengvai prieinami ap\u017ei\u016brai ir remontui, kad b\u016bt\u0173 suma\u017eintos prastova. Apgalvotas projektas gali palengvinti reguliarias prie\u017ei\u016bros u\u017eduotis, padidindamas bendr\u0105 na\u0161um\u0105.<\/p>\n<p><img decoding=\"async\" src=\"https:\/\/www.hydraulic-cylinders.net\/wp-content\/uploads\/2025\/04\/songte-oil-pipes-and-spare-parts.webp\" alt=\"Hidraulini\u0173 cilindr\u0173 dalys\"><\/p>\n<h2>Sandarinimas ir tepimas<\/h2>\n<p>Efektyvus sandarinimas ir tepimas yra gyvybi\u0161kai svarb\u016bs hidraulinio cilindro veikimo aspektai. Siekiant i\u0161vengti skys\u010dio praradimo, naudojami \u012fvair\u016bs sandarinimo komponentai, tokie kaip st\u016bmokli\u0173 ir kot\u0173 sandarikliai. Sandarikliams naudojamos med\u017eiagos, tokios kaip poliuretanas ir nitrilo kau\u010diukas, parenkamos atsi\u017evelgiant \u012f j\u0173 atsparum\u0105 dilimui. Be to, cilindro korpusas ir srieginiai galai yra kruop\u0161\u010diai apdirbami, siekiant padidinti atsparum\u0105 dilimui. Reguliarus tepimas hidrauline alyva yra labai svarbus norint u\u017etikrinti skland\u0173 veikim\u0105 ir pailginti cilindro tarnavimo laik\u0105.<\/p>\n<h2>Prevencin\u0117s prie\u017ei\u016bros priemon\u0117s<\/h2>\n<ul>\n<li><strong>Reguliar\u016bs patikrinimai:<\/strong> Atlikite reguliarius hidraulin\u0117s sistemos patikrinimus, kad nustatytum\u0117te galimus nuot\u0117kius ar susid\u0117v\u0117jim\u0105. Ankstyvas problem\u0173 nustatymas gali pad\u0117ti i\u0161vengti brangaus remonto ir prastov\u0173.<\/li>\n<li><strong>Tepimas:<\/strong> \u012esitikinkite, kad hidraulin\u0117s alyvos lygis yra papildytas, o sandarikliai yra gerai sutepti, kad b\u016bt\u0173 i\u0161laikytas optimalus veikimas.<\/li>\n<li><strong>Sandarinimo element\u0173 keitimas:<\/strong> Steb\u0117kite sandarikli\u0173 b\u016bkl\u0119 ir prireikus juos pakeiskite, kad i\u0161vengtum\u0117te nuot\u0117ki\u0173 ir palaikytum\u0117te hidraulin\u0117s sistemos efektyvum\u0105.<\/li>\n<\/ul>\n<h2>Diegimo vadovas<\/h2>\n<p>Tinkamas str\u0117l\u0117s cilindro montavimas yra labai svarbus optimaliam veikimui. Pirmiausia \u012fsitikinkite, kad darbo vieta yra \u0161vari ir be \u0161iuk\u0161li\u0173. Sulygiuokite cilindr\u0105 su tvirtinimo laikikliais ir \u012fsitikinkite, kad jis tinkamai centruotas. Naudokite tinkamus tvirtinimo laikiklius, kad tvirtai pritvirtintum\u0117te cilindr\u0105. Sumontavus patikrinkite, ar n\u0117ra nesuderinamumo, ir prireikus sureguliuokite. Po montavimo patikrinkite hidraulin\u0119 sistem\u0105, kad \u012fsitikintum\u0117te, jog ji tinkamai veikia, ir i\u0161spr\u0119skite visas problemas prie\u0161 visi\u0161kai naudodami.<\/p>\n<h2>\u012eprastos prie\u017ei\u016bros u\u017eduotys<\/h2>\n<ul>\n<li><strong>Reguliar\u016bs patikrinimai:<\/strong> Reguliariai atlikite patikrinimus, kad patikrintum\u0117te, ar n\u0117ra nuot\u0117ki\u0173, susid\u0117v\u0117jimo ir tinkamo suvedimo. Tai padeda nustatyti problemas, kol jos nepa\u016bm\u0117jo.<\/li>\n<li><strong>Tinkamas tepimas:<\/strong> Reguliariai papildykite hidraulin\u0117s alyvos lyg\u012f ir tinkamai sutepkite sandariklius, kad i\u0161vengtum\u0117te trinties ir susid\u0117v\u0117jimo.<\/li>\n<li><strong>Sandariklio keitimas:<\/strong> Reguliariai tikrinkite sandarikli\u0173 b\u016bkl\u0119 ir juos pakeiskite, kad i\u0161vengtum\u0117te nuot\u0117kio ir palaikytum\u0117te hidraulin\u012f sl\u0117g\u012f.<\/li>\n<\/ul>\n<h2>Saugos aspektai ir aplinkos veiksniai<\/h2>\n<p>Naudojant str\u0117l\u0117s cilindrus, b\u016btina laikytis saugos protokol\u0173. Operatoriai tur\u0117t\u0173 b\u016bti apmokyti saugiai elgtis su hidraulin\u0117mis sistemomis, kad b\u016bt\u0173 i\u0161vengta nelaiming\u0173 atsitikim\u0173. Tinkama \u012frangos prie\u017ei\u016bra ne tik u\u017etikrina eksploatavimo saug\u0105, bet ir suma\u017eina poveik\u012f aplinkai, suma\u017eindama skys\u010di\u0173 nuot\u0117kio ir \u012frangos gedimo rizik\u0105.<\/p>\n<h2>Trik\u010di\u0173 \u0161alinimas ir da\u017eniausiai pasitaikan\u010dios problemos<\/h2>\n<ul>\n<li><strong>Hidraulini\u0173 skys\u010di\u0173 nuot\u0117kiai:<\/strong> Patikrinkite, ar n\u0117ra matom\u0173 nuot\u0117ki\u0173 aplink sandariklius ar jungtis. Problem\u0105 gali i\u0161spr\u0119sti jungiam\u0173j\u0173 detali\u0173 priver\u017eimas arba pa\u017eeist\u0173 sandarikli\u0173 pakeitimas.<\/li>\n<li><strong>Prastas na\u0161umas:<\/strong> Jei cilindras l\u0117tai veikia, \u012fsitikinkite, kad hidraulin\u0117s alyvos lygis yra tinkamas, ir patikrinkite, ar sistemoje n\u0117ra u\u017esikim\u0161im\u0173.<\/li>\n<li><strong>Ne\u012fprasti garsai:<\/strong> Eksploatacijos metu klausykite, ar n\u0117ra koki\u0173 nors ne\u012fprast\u0173 gars\u0173, kurie gali rodyti vidinius pa\u017eeidimus arba \u017eem\u0105 hidraulinio skys\u010dio lyg\u012f.<\/li>\n<\/ul>\n<h2>Problem\u0173 sprendimo patarimai<\/h2>\n<p>Norint efektyviai diagnozuoti ir i\u0161spr\u0119sti str\u0117l\u0117s cilindr\u0173 problemas, reguliariai tikrinkite hidraulin\u0119 sistem\u0105, ar n\u0117ra nuot\u0117ki\u0173, ir \u012fsitikinkite, kad visi komponentai veikia tinkamai. Laikykit\u0117s prevencin\u0117s prie\u017ei\u016bros grafiko, kad suma\u017eintum\u0117te galimas problemas. Be to, u\u017etikrinkite, kad operatoriai b\u016bt\u0173 informuoti apie saugaus darbo proced\u016bras ir \u012fprastini\u0173 patikrinim\u0173 svarb\u0105, siekiant i\u0161vengti problem\u0173 dar prie\u0161 joms atsirandant.<\/p>\n<p><img decoding=\"async\" src=\"https:\/\/www.hydraulic-cylinders.net\/wp-content\/uploads\/2025\/04\/songte-bushings-with-all-kinds-of-excavator-models.webp\" alt=\"Ekskavatoriaus dalys ir \u012fvor\u0117s\"><\/p>\n<h2>Apie m\u016bs\u0173 \u012fmon\u0119<\/h2>\n<p>Esame pirmaujanti hidraulini\u0173 cilindr\u0173 gamintoja ir didmeninink\u0117, specializuojam\u0117s auk\u0161tos kokyb\u0117s pakaitini\u0173 dali\u0173 gamyboje. \u012evairus m\u016bs\u0173 gamini\u0173 asortimentas leido mums tapti vienais i\u0161 geriausi\u0173 hidraulini\u0173 cilindr\u0173 gamintoj\u0173 tiek vidaus, tiek tarptautin\u0117se rinkose. Mes laikom\u0117s auk\u0161\u010diausios kokyb\u0117s principo, pasitelkdami rafinuotas gamybos strategijas ir pa\u017eangi\u0105 auk\u0161\u010diausios klas\u0117s skaitmenin\u0119 \u012frang\u0105. M\u016bs\u0173 atsidavusi technini\u0173 specialist\u0173 komanda ir i\u0161samios tikrinimo sistemos nuolat tobulina m\u016bs\u0173 gamybos platform\u0105, u\u017etikrindamos, kad patenkintume \u012fvairius klient\u0173 poreikius dideliu efektyvumu, tikslumu ir kokybe.<\/p>\n<p><img decoding=\"async\" src=\"https:\/\/www.hydraulic-cylinders.net\/wp-content\/uploads\/2025\/04\/songte-company-4.webp\" alt=\"\u012emon\u0117s ap\u017evalga\"><br \/>\n<img decoding=\"async\" src=\"https:\/\/www.hydraulic-cylinders.net\/wp-content\/uploads\/2025\/04\/songte-company-3.webp\" alt=\"\u012emon\u0117s gamybos \u012frenginiai\"><\/p>\n<p>M\u016bs\u0173 \u012fsipareigojimas profesionalumui, tarptautiniai sertifikatai, individualiai pritaikytos paslaugos, pa\u017eangi gamybos \u012franga ir visapusi\u0161kas aptarnavimas po pardavimo i\u0161skiria mus i\u0161 kit\u0173 pramon\u0117s \u0161ak\u0173.<\/p>\n<p>Autorius: lyl<\/p>","protected":false},"excerpt":{"rendered":"<p>Boom Cylinder For Wacker E5023 Product Overview The Boom Cylinder for Wacker E5023 is an essential component in hydraulic systems, specifically designed to facilitate the movement of heavy machinery buckets. These cylinders are critical in excavators, backhoes, and front loaders, enabling the bucket to lift, lower, and tilt. By utilizing hydraulic pressure, the boom cylinder [&hellip;]<\/p>","protected":false},"featured_media":17877,"comment_status":"open","ping_status":"closed","template":"","meta":{"_et_pb_use_builder":"","_et_pb_old_content":"","_et_gb_content_width":""},"product_brand":[],"product_cat":[1546],"product_tag":[1547,1496],"class_list":{"0":"post-19629","1":"product","2":"type-product","3":"status-publish","4":"has-post-thumbnail","6":"product_cat-boom-cylinders","7":"product_tag-boom-cylinders","8":"product_tag-hydraulic-cylinders","10":"first","11":"instock","12":"shipping-taxable","13":"product-type-simple"},"amp_enabled":true,"_links":{"self":[{"href":"https:\/\/www.hydraulic-cylinders.net\/lt\/wp-json\/wp\/v2\/product\/19629","targetHints":{"allow":["GET"]}}],"collection":[{"href":"https:\/\/www.hydraulic-cylinders.net\/lt\/wp-json\/wp\/v2\/product"}],"about":[{"href":"https:\/\/www.hydraulic-cylinders.net\/lt\/wp-json\/wp\/v2\/types\/product"}],"replies":[{"embeddable":true,"href":"https:\/\/www.hydraulic-cylinders.net\/lt\/wp-json\/wp\/v2\/comments?post=19629"}],"wp:featuredmedia":[{"embeddable":true,"href":"https:\/\/www.hydraulic-cylinders.net\/lt\/wp-json\/wp\/v2\/media\/17877"}],"wp:attachment":[{"href":"https:\/\/www.hydraulic-cylinders.net\/lt\/wp-json\/wp\/v2\/media?parent=19629"}],"wp:term":[{"taxonomy":"product_brand","embeddable":true,"href":"https:\/\/www.hydraulic-cylinders.net\/lt\/wp-json\/wp\/v2\/product_brand?post=19629"},{"taxonomy":"product_cat","embeddable":true,"href":"https:\/\/www.hydraulic-cylinders.net\/lt\/wp-json\/wp\/v2\/product_cat?post=19629"},{"taxonomy":"product_tag","embeddable":true,"href":"https:\/\/www.hydraulic-cylinders.net\/lt\/wp-json\/wp\/v2\/product_tag?post=19629"}],"curies":[{"name":"wp","href":"https:\/\/api.w.org\/{rel}","templated":true}]}}