{"id":19631,"date":"2025-04-07T06:58:28","date_gmt":"2025-04-07T06:58:28","guid":{"rendered":"https:\/\/www.hydraulic-cylinders.net\/product\/boom-cylinder-for-wacker-e217\/"},"modified":"2025-04-07T06:58:31","modified_gmt":"2025-04-07T06:58:31","slug":"boom-cylinder-for-wacker-e217","status":"publish","type":"product","link":"https:\/\/www.hydraulic-cylinders.net\/lt\/produktas\/boom-cylinder-for-wacker-e217\/","title":{"rendered":"Str\u0117l\u0117s cilindras, skirtas Wacker E217"},"content":{"rendered":"<h1>Str\u0117l\u0117s cilindras, skirtas Wacker E217<\/h1>\n<h2>Produkto ap\u017evalga<\/h2>\n<p>Specialiai \u201eWacker E217\u201c sukurtas str\u0117l\u0117s cilindras yra gyvybi\u0161kai svarbus hidraulini\u0173 sistem\u0173 komponentas. \u0160is hidraulinis cilindras skirtas valdyti kau\u0161o jud\u0117jim\u0105 \u012fvairiose sunkiosiose ma\u0161inose, \u012fskaitant ekskavatorius, ekskavatorinius krautuvus ir frontalinius krautuvus. Jis leid\u017eia kau\u0161\u0105 efektyviai pakelti, nuleisti ir pakreipti, tod\u0117l jis yra nepakei\u010diamas med\u017eiag\u0173 tvarkymo u\u017eduotims.<\/p>\n<p><img decoding=\"async\" src=\"https:\/\/www.hydraulic-cylinders.net\/wp-content\/uploads\/2025\/04\/songte-company-1.webp\" alt=\"Str\u0117l\u0117s cilindras\" \/><\/p>\n<h3>Apibr\u0117\u017eimas ir funkcionalumas<\/h3>\n<p>Kau\u0161o cilindras yra hidraulinio cilindro tipas, atliekantis labai svarb\u0173 vaidmen\u012f sunkiosios technikos valdyme. Jis leid\u017eia tiksliai valdyti kau\u0161o pad\u0117t\u012f, tod\u0117l operatoriai gali lengvai atlikti tokius veiksmus kaip kasimas, k\u0117limas ir med\u017eiag\u0173 transportavimas. Cilindro viduje sukuriama hidraulin\u0117 j\u0117ga paver\u010diama galingais judesiais, kurie yra b\u016btini efektyviam ma\u0161in\u0173 veikimui statybviet\u0117se ir kitose pramon\u0117s \u0161akose.<\/p>\n<h2>Produkto savyb\u0117s<\/h2>\n<ul>\n<li><strong>Didelis stiprumas ir ilgaam\u017ei\u0161kumas:<\/strong> Pagaminti i\u0161 didelio stiprumo plieno arba aliuminio, \u0161ie cilindrai gali atlaikyti auk\u0161t\u0105 sl\u0117g\u012f ir dideles apkrovas, tod\u0117l tinkami naudoti at\u0161iauriomis darbo s\u0105lygomis. Konstrukcijoje taip pat numatytos savyb\u0117s \u2013 atsparumas dilimui ir korozijai, siekiant pailginti tarnavimo laik\u0105.<\/li>\n<li><strong>Efektyvus hidraulinis valdymas:<\/strong> Cilindrai naudoja hidraulin\u0117s alyvos sl\u0117g\u012f, kad skland\u017eiai i\u0161siskleist\u0173 ir susitraukt\u0173, tod\u0117l greitai reaguot\u0173 \u012f operatoriaus komandas. Jie suteikia didel\u0119 st\u016bmimo ir traukimo j\u0117g\u0105, tod\u0117l idealiai tinka sunkioms ir sud\u0117tingoms u\u017eduotims atlikti.<\/li>\n<li><strong>\u012evair\u016bs tipai:<\/strong> \u0160ie cilindrai, tiekiami vienpusio veikimo (hidraulinis veikimas viena kryptimi) arba dvipusio veikimo (hidraulinis veikimas abiem kryptimis) konfig\u016bracijos, gali b\u016bti pritaikyti \u012fvairiems eksploatavimo poreikiams. Kai kurie modeliai yra teleskopin\u0117s konstrukcijos, leid\u017eian\u010dios didesn\u012f i\u0161pl\u0117tim\u0105 nedidinant i\u0161orini\u0173 matmen\u0173, o tai naudinga tais atvejais, kai erdv\u0117 ribota.<\/li>\n<li><strong>Suderinamumas:<\/strong> M\u016bs\u0173 gaminiai sukurti taip, kad puikiai pakeist\u0173 esamus hidraulinius cilindrus, u\u017etikrindami skland\u0173 integravim\u0105 su j\u016bs\u0173 technika.<\/li>\n<li><strong>Techninis tikslumas:<\/strong> Kiekvienas cilindras yra pagamintas tiksliai, u\u017etikrinant optimal\u0173 na\u0161um\u0105 sud\u0117tingomis s\u0105lygomis.<\/li>\n<\/ul>\n<p><img decoding=\"async\" src=\"https:\/\/www.hydraulic-cylinders.net\/wp-content\/uploads\/2025\/04\/songte-cylinder-head-with-all-kinds-excavator-models.webp\" alt=\"Cilindr\u0173 suderinamumas\" \/><\/p>\n<h2>Parai\u0161kos<\/h2>\n<h3>Statybin\u0117 \u012franga<\/h3>\n<p>Ekskavatoriuose str\u0117l\u0117s cilindrai yra b\u016btini kasant, kraunant ir perkeliant grunt\u0105 ar \u0161iuk\u0161les. Jie suteikia reikiam\u0105 j\u0117g\u0105, kad prasiskverbt\u0173 \u012f kiet\u0105 \u017eem\u0119, tod\u0117l galima efektyviai atlikti kasimo darbus. Ekskavatoriuose-krautuvuose kau\u0161o cilindras palengvina ir kasim\u0105, ir k\u0117lim\u0105, tod\u0117l statybviet\u0117se galima atlikti \u012fvairiapus\u012f darb\u0105.<\/p>\n<h3>\u017dem\u0117s \u016bkio technika<\/h3>\n<p>Priekiniai krautuvai naudoja str\u0117l\u0117s cilindrus dirvo\u017eemiui, \u0161ienui ir kitoms med\u017eiagoms semti, kelti ir transportuoti. \u0160i funkcija yra labai svarbi \u017eem\u0117s \u016bkio aplinkoje, kur med\u017eiag\u0173 tvarkymo efektyvumas tiesiogiai veikia na\u0161um\u0105 ir darbo s\u0105naudas.<\/p>\n<h3>Ekskavatoriai<\/h3>\n<p>Kau\u0161o cilindras leid\u017eia ekskavatoriams lengvai \u012fsiskverbti \u012f dirv\u0105 ir efektyviai atlikti kasimo darbus. \u0160i galimyb\u0117 yra b\u016btina \u012fvairiems statybos ir kra\u0161tovaizd\u017eio tvarkymo projektams, kuriems reikalingas gilus kasimas.<\/p>\n<h3>Krautuvai<\/h3>\n<p>Priekiniuose krautuvuose str\u0117l\u0117s cilindrai padeda efektyviai pakelti ir i\u0161versti med\u017eiagas, tod\u0117l jie yra gyvybi\u0161kai svarb\u016bs atliekant u\u017eduotis, kurioms reikia greit\u0173 ir efektyvi\u0173 krovimo operacij\u0173.<\/p>\n<h2>Projektavimo aspektai ir atrankos kriterijai<\/h2>\n<h3>Keliamoji galia<\/h3>\n<p>Renkantis str\u0117l\u0117s cilindr\u0105, labai svarbu \u012fvertinti jo keliam\u0105j\u0105 gali\u0105, siekiant u\u017etikrinti, kad jis atlikt\u0173 numatytas u\u017eduotis. Nepakankamos talpos cilindras gali sukelti \u012frangos gedim\u0105 arba pavoj\u0173 saugai, tod\u0117l reikia atid\u017eiai rinktis atsi\u017evelgiant \u012f eksploatacinius poreikius.<\/p>\n<h3>Sandarinimo efektyvumas<\/h3>\n<p>Efektyvus sandarinimas yra b\u016btinas siekiant i\u0161vengti hidraulinio skys\u010dio nuot\u0117ki\u0173, kurie gali pakenkti sistemos efektyvumui ir saugai. Siekiant u\u017etikrinti ilgaam\u017ei\u0161kum\u0105 ir patikimum\u0105 \u012fvairiomis darbo s\u0105lygomis, reik\u0117t\u0173 naudoti auk\u0161tos kokyb\u0117s sandariklius, pagamintus i\u0161 patvari\u0173 med\u017eiag\u0173, toki\u0173 kaip poliuretanas arba nitrilo kau\u010diukas.<\/p>\n<h3>Patvarumas<\/h3>\n<p>Baliono patvarumas yra nepaprastai svarbus, ypa\u010d sud\u0117tingomis s\u0105lygomis. Med\u017eiagos turi b\u016bti atsparios dilimui ir korozijai, u\u017etikrinant, kad cilindras i\u0161laikyt\u0173 funkcionalum\u0105 laikui b\u0117gant ir suma\u017eint\u0173 prie\u017ei\u016bros poreikius.<\/p>\n<h3>Saugos funkcijos<\/h3>\n<p>\u012erengiant saugos funkcijas, tokias kaip sl\u0117gio ma\u017einimo vo\u017etuvai ir tvirta konstrukcija, i\u0161vengiama nelaiming\u0173 atsitikim\u0173 ir \u012frangos gedim\u0173. \u0160ios funkcijos yra b\u016btinos siekiant apsaugoti tiek operatorius, tiek \u012frang\u0105 eksploatacijos metu.<\/p>\n<h3>Prieinamumas prie prie\u017ei\u016bros<\/h3>\n<p>Labai svarbu suprojektuoti cilindr\u0105 taip, kad b\u016bt\u0173 lengva pasiekti technin\u0117s prie\u017ei\u016bros ta\u0161kus. Tai supaprastina \u012fprastinius patikrinimus ir remont\u0105, u\u017etikrinant savalaik\u0119 technin\u0119 prie\u017ei\u016br\u0105 be ilg\u0173 prastov\u0173.<\/p>\n<p><img decoding=\"async\" src=\"https:\/\/www.hydraulic-cylinders.net\/wp-content\/uploads\/2025\/04\/songte-oil-pipes-and-spare-parts.webp\" alt=\"Prieinamumas prie prie\u017ei\u016bros\" \/><\/p>\n<h2>Sandarinimas ir tepimas<\/h2>\n<p>Tinkamas sandarinimas ir tepimas yra labai svarb\u016bs hidraulini\u0173 cilindr\u0173 veikimui ir ilgaam\u017ei\u0161kumui. Siekiant u\u017etikrinti optimal\u0173 veikim\u0105, reikia kruop\u0161\u010diai parinkti \u012fvairius sandarinimo komponentus, tokius kaip st\u016bmokli\u0173 ir kot\u0173 sandarikliai. I\u0161 dilimui atspari\u0173 med\u017eiag\u0173, toki\u0173 kaip poliuretanas ir nitrilo kau\u010diukas, pagaminti sandarikliai puikiai apsaugo nuo nuot\u0117ki\u0173 ir dilimo. Cilindro korpusas ir srieginiai galiniai pavir\u0161iai yra kruop\u0161\u010diai apdirbami, kad padid\u0117t\u0173 atsparumas dilimui. Taip pat b\u016btina reguliariai tepti tinkama hidrauline alyva, kad suma\u017e\u0117t\u0173 trintis ir b\u016bt\u0173 i\u0161vengta prie\u0161laikinio dilimo, u\u017etikrinant skland\u0173 cilindro veikim\u0105 per vis\u0105 jo eksploatavimo laik\u0105.<\/p>\n<h2>Reguliarus patikrinimas ir prevencin\u0117 prie\u017ei\u016bra<\/h2>\n<ul>\n<li><strong>\u012eprastiniai patikrinimai:<\/strong> Reguliariai atlikite vizualin\u0119 ap\u017ei\u016br\u0105, kad patikrintum\u0117te, ar n\u0117ra susid\u0117v\u0117jimo, nuot\u0117ki\u0173 ar pa\u017eeidim\u0173 po\u017eymi\u0173, ir u\u017etikrintum\u0117te efektyv\u0173 hidraulin\u0117s sistemos veikim\u0105.<\/li>\n<li><strong>Tinkamas tepimas:<\/strong> \u012esitikinkite, kad cilindras yra tinkamai suteptas tinkama hidrauline alyva, kad b\u016bt\u0173 u\u017etikrintas sklandus veikimas ir i\u0161vengta susid\u0117v\u0117jimo.<\/li>\n<li><strong>Sandariklio keitimas:<\/strong> Reguliariai tikrinkite sandarikli\u0173 susid\u0117v\u0117jim\u0105 ir prireikus pakeiskite juos, kad i\u0161vengtum\u0117te nuot\u0117ki\u0173 ir i\u0161laikytum\u0117te hidraulin\u012f vientisum\u0105.<\/li>\n<\/ul>\n<h2>\u012erengimo gair\u0117s<\/h2>\n<p>Tinkamas str\u0117l\u0117s cilindro montavimas yra labai svarbus efektyviam jo veikimui. Pirmiausia \u012fsitikinkite, kad tvirtinimo pavir\u0161iai yra \u0161var\u016bs ir be \u0161iuk\u0161li\u0173. Cilindrui pritvirtinti naudokite tinkamus tvirtinimo laikiklius, u\u017etikrindami, kad jis b\u016bt\u0173 tinkamai sulygiuotas, kad i\u0161vengtum\u0117te per didelio \u012ftempimo. Laikykit\u0117s gamintojo nurodym\u0173 d\u0117l sukimo momento nustatym\u0173, kad pritvirtintum\u0117te visas jungtis. \u012edieg\u0119, i\u0161bandykite sistem\u0105 eksploatavimo s\u0105lygomis, kad \u012fsitikintum\u0117te, jog cilindras veikia taip, kaip numatyta, ir atlikite visus reikiamus reguliavimus.<\/p>\n<h2>\u012eprastos prie\u017ei\u016bros u\u017eduotys<\/h2>\n<ul>\n<li><strong>Reguliarus patikrinimas:<\/strong> Reguliariai tikrinkite str\u0117l\u0117s cilindr\u0105, ar n\u0117ra nuot\u0117ki\u0173, susid\u0117v\u0117jimo ir bendros b\u016bkl\u0117s. Nedelsdami spr\u0119skite visas problemas, kad i\u0161vengtum\u0117te tolesn\u0117s \u017ealos.<\/li>\n<li><strong>Tinkamas tepimas:<\/strong> Palaikykite tinkam\u0105 tepimo lyg\u012f ir u\u017etikrinkite, kad naudojama hidraulin\u0117 alyva atitikt\u0173 cilindro specifikacijas.<\/li>\n<li><strong>Sandariklio keitimas:<\/strong> Steb\u0117kite sandarikli\u0173 b\u016bkl\u0119 ir prireikus juos pakeiskite, kad i\u0161laikytum\u0117te hidraulinio skys\u010dio vientisum\u0105 ir i\u0161vengtum\u0117te nuot\u0117ki\u0173.<\/li>\n<\/ul>\n<p>Pabr\u0117\u017eti tinkamo montavimo, tepimo ir reguliavimo svarb\u0105 yra b\u016btina norint maksimaliai pailginti cilindro tarnavimo laik\u0105. Tinkamas i\u0161lyginimas montavimo metu yra labai svarbus, o tinkam\u0173 tvirtinimo laikikli\u0173 naudojimas pad\u0117s veiksmingai pritvirtinti cilindr\u0105. Rekomenduojam\u0173 patikrinimo, remonto ir keitimo proced\u016br\u0173 laikymasis prisid\u0117s prie optimalaus veikimo ir ilgaam\u017ei\u0161kumo.<\/p>\n<p><img decoding=\"async\" src=\"https:\/\/www.hydraulic-cylinders.net\/wp-content\/uploads\/2025\/04\/songte-chushion-collar.webp\" alt=\"Cilindro montavimas\" \/><\/p>\n<h2>Saugos aspektai ir aplinkos veiksniai<\/h2>\n<p>Dirbant su hidraulin\u0117mis sistemomis, saugos priemon\u0117s yra nepaprastai svarbios. Tinkamas operatori\u0173 mokymas, kaip saugiai naudoti hidraulin\u0119 \u012frang\u0105, gali suma\u017einti nelaiming\u0173 atsitikim\u0173 skai\u010di\u0173. Be to, laikantis aplinkosaugos standart\u0173 technin\u0117s prie\u017ei\u016bros ir eksploatavimo metu, suma\u017e\u0117ja hidraulini\u0173 skys\u010di\u0173 ir kit\u0173 statybin\u0117je \u012frangoje naudojam\u0173 med\u017eiag\u0173 poveikis aplinkai.<\/p>\n<h2>Gedim\u0173 diagnostika ir da\u017eniausios problemos<\/h2>\n<h3>Da\u017enos problemos<\/h3>\n<ul>\n<li><strong>Nuot\u0117kis:<\/strong> Hidraulinio skys\u010dio nuot\u0117kis gali atsirasti d\u0117l susid\u0117v\u0117jusi\u0173 sandarikli\u0173 arba pa\u017eeist\u0173 \u017earn\u0173. Reguliarios patikros ir savalaikis remontas yra labai svarb\u016bs siekiant i\u0161vengti dideli\u0173 eksploatacini\u0173 problem\u0173.<\/li>\n<li><strong>Galios praradimas:<\/strong> Keliamosios galios suma\u017e\u0117jimas gali rodyti vidinius pa\u017eeidimus arba skys\u010di\u0173 u\u017eter\u0161tum\u0105. Greita pagrindin\u0117s prie\u017easties diagnoz\u0117 padeda i\u0161laikyti \u012frangos efektyvum\u0105.<\/li>\n<li><strong>Nenormal\u016bs garsai:<\/strong> Ne\u012fprasti garsai gali rodyti mechanines problemas arba nepakankam\u0105 tepim\u0105. D\u0117mesys \u0161iems po\u017eymiams gali pad\u0117ti i\u0161vengti tolesn\u0117s \u017ealos.<\/li>\n<\/ul>\n<h3>Trik\u010di\u0173 \u0161alinimo patarimai<\/h3>\n<p>Efektyvus trik\u010di\u0173 \u0161alinimas apima i\u0161samius patikrinimus ir sisteming\u0105 nustatyt\u0173 problem\u0173 diagnostik\u0105. \u012egyvendinkite prevencines priemones, tokias kaip reguliari prie\u017ei\u016bra, kad suma\u017eintum\u0117te galimas problemas ir u\u017etikrintum\u0117te, jog hidraulin\u0117 sistema i\u0161likt\u0173 veikianti ir efektyvi.<\/p>\n<p><img decoding=\"async\" src=\"https:\/\/www.hydraulic-cylinders.net\/wp-content\/uploads\/2025\/04\/songte-bushings-with-all-kinds-of-excavator-models.webp\" alt=\"Gedim\u0173 diagnostika\" \/><\/p>\n<h2>Apie m\u016bs\u0173 \u012fmon\u0119<\/h2>\n<p>Esame pirmaujantis pakaitini\u0173 hidraulini\u0173 cilindr\u0173 gamintojas, si\u016blantis plat\u0173 gamini\u0173 asortiment\u0105, skirt\u0105 tiek vidaus, tiek tarptautinei rinkai. M\u016bs\u0173 \u012fsipareigojim\u0105 siekti nepriekai\u0161tingos kokyb\u0117s palaiko rafinuota gamybos strategija, kurioje pabr\u0117\u017eiamas tikslumo valdymas. Didel\u012f d\u0117mes\u012f skirdami technologijoms, moderniausiai gamybos \u012frangai ir profesionalioms bandym\u0173 sistemoms, nuolat tobuliname savo gamybos paj\u0117gumus. M\u016bs\u0173 didelis efektyvumas ir tikslumas atitinka \u012fvairius klient\u0173 poreikius, u\u017etikrindami, kad i\u0161liktume hidraulini\u0173 cilindr\u0173 pramon\u0117s prie\u0161akyje.<\/p>\n<p><img decoding=\"async\" src=\"https:\/\/www.hydraulic-cylinders.net\/wp-content\/uploads\/2025\/04\/songte-company-4.webp\" alt=\"\u012emon\u0117s ap\u017evalga\" \/><br \/>\n<img decoding=\"async\" src=\"https:\/\/www.hydraulic-cylinders.net\/wp-content\/uploads\/2025\/04\/songte-company-3.webp\" alt=\"\u012emon\u0117s gamyba\" \/><\/p>\n<p>Autorius: lyl<\/p>","protected":false},"excerpt":{"rendered":"<p>Boom Cylinder For Wacker E217 Product Overview The Boom Cylinder, specifically designed for the Wacker E217, is a vital component in hydraulic systems. This hydraulic cylinder is engineered to control the movement of the bucket in various heavy machinery, including excavators, backhoe loaders, and front loaders. It enables the bucket to lift, lower, and tilt [&hellip;]<\/p>","protected":false},"featured_media":17879,"comment_status":"open","ping_status":"closed","template":"","meta":{"_et_pb_use_builder":"","_et_pb_old_content":"","_et_gb_content_width":""},"product_brand":[],"product_cat":[1546],"product_tag":[1547,1496],"class_list":{"0":"post-19631","1":"product","2":"type-product","3":"status-publish","4":"has-post-thumbnail","6":"product_cat-boom-cylinders","7":"product_tag-boom-cylinders","8":"product_tag-hydraulic-cylinders","10":"first","11":"instock","12":"shipping-taxable","13":"product-type-simple"},"amp_enabled":true,"_links":{"self":[{"href":"https:\/\/www.hydraulic-cylinders.net\/lt\/wp-json\/wp\/v2\/product\/19631","targetHints":{"allow":["GET"]}}],"collection":[{"href":"https:\/\/www.hydraulic-cylinders.net\/lt\/wp-json\/wp\/v2\/product"}],"about":[{"href":"https:\/\/www.hydraulic-cylinders.net\/lt\/wp-json\/wp\/v2\/types\/product"}],"replies":[{"embeddable":true,"href":"https:\/\/www.hydraulic-cylinders.net\/lt\/wp-json\/wp\/v2\/comments?post=19631"}],"wp:featuredmedia":[{"embeddable":true,"href":"https:\/\/www.hydraulic-cylinders.net\/lt\/wp-json\/wp\/v2\/media\/17879"}],"wp:attachment":[{"href":"https:\/\/www.hydraulic-cylinders.net\/lt\/wp-json\/wp\/v2\/media?parent=19631"}],"wp:term":[{"taxonomy":"product_brand","embeddable":true,"href":"https:\/\/www.hydraulic-cylinders.net\/lt\/wp-json\/wp\/v2\/product_brand?post=19631"},{"taxonomy":"product_cat","embeddable":true,"href":"https:\/\/www.hydraulic-cylinders.net\/lt\/wp-json\/wp\/v2\/product_cat?post=19631"},{"taxonomy":"product_tag","embeddable":true,"href":"https:\/\/www.hydraulic-cylinders.net\/lt\/wp-json\/wp\/v2\/product_tag?post=19631"}],"curies":[{"name":"wp","href":"https:\/\/api.w.org\/{rel}","templated":true}]}}