{"id":19632,"date":"2025-04-07T06:58:31","date_gmt":"2025-04-07T06:58:31","guid":{"rendered":"https:\/\/www.hydraulic-cylinders.net\/product\/boom-cylinder-for-wacker-e238\/"},"modified":"2025-04-07T06:58:34","modified_gmt":"2025-04-07T06:58:34","slug":"boom-cylinder-for-wacker-e238","status":"publish","type":"product","link":"https:\/\/www.hydraulic-cylinders.net\/lt\/produktas\/boom-cylinder-for-wacker-e238\/","title":{"rendered":"Wacker E238 str\u0117l\u0117s cilindras"},"content":{"rendered":"<h1>Wacker E238 str\u0117l\u0117s cilindras<\/h1>\n<h2>\u012evadas \u012f str\u0117l\u0117s cilindr\u0105<\/h2>\n<p>Str\u0117l\u0117s cilindras yra gyvybi\u0161kai svarbus sunkiosios technikos hidraulin\u0117s sistemos komponentas, specialiai sukurtas ekskavatori\u0173, ekskavatorini\u0173 krautuv\u0173 ir frontalini\u0173 krautuv\u0173 kau\u0161\u0173 jud\u0117jimui valdyti. Jis leid\u017eia kau\u0161ui pakilti, nuleisti ir pakreipti, taip palengvindamas efektyv\u0173 med\u017eiag\u0173 tvarkym\u0105. I\u0161 esm\u0117s kau\u0161o cilindras yra hidraulinio cilindro tipas, u\u017etikrinantis tiksl\u0173 \u012fvairi\u0173 mechanini\u0173 sistem\u0173 valdym\u0105 ir skland\u0173 veikim\u0105.<\/p>\n<p><img decoding=\"async\" src=\"https:\/\/www.hydraulic-cylinders.net\/wp-content\/uploads\/2025\/04\/songte-company-1.webp\" alt=\"Str\u0117l\u0117s cilindras\"><\/p>\n<h3>Apibr\u0117\u017eimas ir ap\u017evalga<\/h3>\n<p>Hidrauliniai cilindrai, \u012fskaitant str\u0117l\u0117s cilindrus, veikia paversdami hidraulin\u0119 energij\u0105 mechanine j\u0117ga, leisdami ma\u0161inoms atlikti u\u017eduotis, kurioms reikia kelti, kasti ar perkelti med\u017eiagas. Jie yra b\u016btini statybose ir \u017eem\u0117s \u016bkyje, kur efektyvumui ir na\u0161umui u\u017etikrinti b\u016btinas sunkus k\u0117limas ir tikslus jud\u0117jimas.<\/p>\n<h2>Str\u0117l\u0117s cilindro savyb\u0117s<\/h2>\n<ul>\n<li><strong>Didelis stiprumas ir ilgaam\u017ei\u0161kumas:<\/strong> Paprastai pagaminti i\u0161 didelio stiprumo plieno arba aliuminio, galintys atlaikyti auk\u0161t\u0105 sl\u0117g\u012f ir dideles apkrovas, prisitaikydami prie at\u0161iauri\u0173 darbo s\u0105lyg\u0173.<\/li>\n<li><strong>Efektyvus hidraulinis valdymas:<\/strong> Naudoja hidraulin\u0117s alyvos sl\u0117g\u012f skland\u017eiam i\u0161st\u016bmimui ir \u012ftraukimui, greitai reaguoja \u012f valdymo komandas ir u\u017etikrina galing\u0105 st\u016bmimo bei traukimo j\u0117g\u0105.<\/li>\n<li><strong>\u012evair\u016bs tipai:<\/strong> Galima \u012fsigyti vienpusio arba dvipusio veikimo konfig\u016bracij\u0173, kad atitikt\u0173 \u012fvairius eksploatacinius poreikius, kai kurie modeliai turi teleskopines konstrukcijas, kad b\u016bt\u0173 galima labiau i\u0161tiesti nedidinant i\u0161orini\u0173 matmen\u0173.<\/li>\n<li><strong>Prie\u017ei\u016brai draugi\u0161kas dizainas:<\/strong> Sukurta taip, kad b\u016bt\u0173 lengva pasiekti komponentus, supaprastinta prie\u017ei\u016bra ir sutrump\u0117t\u0173 prastova.<\/li>\n<li><strong>Puik\u016bs sandarinimo mechanizmai:<\/strong> \u012ediegtos pa\u017eangios sandarinimo technologijos, siekiant suma\u017einti nuot\u0117k\u012f ir pailginti cilindro tarnavimo laik\u0105.<\/li>\n<\/ul>\n<h2>Str\u0117l\u0117s cilindro pritaikymas<\/h2>\n<h3>Statybin\u0117 \u012franga<\/h3>\n<p>Ekskavatoriuose str\u0117l\u0117s cilindrai yra labai svarb\u016bs kasant, kraunant ir perkeliant \u017eem\u0119 ar \u0161iuk\u0161les. Jie suteikia reikiam\u0105 j\u0117g\u0105 kau\u0161ui pakelti ir perkelti, tod\u0117l galima efektyviai atlikti kasimo darbus. \u0160i\u0173 cilindr\u0173 konstrukcija u\u017etikrina, kad jie gali atlaikyti grie\u017etas statybos aplinkos s\u0105lygas.<\/p>\n<h3>\u017dem\u0117s \u016bkio technika<\/h3>\n<p>Priekiniuose krautuvuose str\u0117l\u0117s cilindrai naudojami dirvo\u017eemiui, \u0161ienui ir kitoms med\u017eiagoms semti, kelti ir transportuoti. Tvirta j\u0173 konstrukcija leid\u017eia jiems valdyti sunkius krovinius ir i\u0161laikant stabilum\u0105 eksploatacijos metu. \u0160is patikimumas yra b\u016btinas \u017eem\u0117s \u016bkio specialistams, kurie kasdien\u0117ms u\u017eduotims atlikti naudoja sunki\u0105j\u0105 technik\u0105.<\/p>\n<h3>Ekskavatoriai<\/h3>\n<p>Ekskavatori\u0173 str\u0117l\u0117s cilindrai leid\u017eia kau\u0161ui efektyviai \u012fsiskverbti \u012f dirv\u0105 kasimo darb\u0173 metu. J\u0173 hidraulin\u0117s galimyb\u0117s suteikia reikiam\u0105 j\u0117g\u0105 giliam kasimui, tod\u0117l jie yra nepakei\u010diami statybos ir kra\u0161tovaizd\u017eio tvarkymo projektuose.<\/p>\n<h3>Krautuvai<\/h3>\n<p>Priekiniuose krautuvuose str\u0117l\u0117s cilindrai padeda efektyviai pakelti ir i\u0161versti med\u017eiagas. Hidraulin\u0117 galia leid\u017eia greitai ir efektyviai valdyti darb\u0105, o tai yra labai svarbu norint i\u0161laikyti produktyvum\u0105 darbo vietose.<\/p>\n<h2>Projektavimo aspektai ir atrankos kriterijai<\/h2>\n<ul>\n<li><strong>Keliamoji galia:<\/strong> Konstrukcija turi atlaikyti maksimali\u0105 apkrov\u0105 eksploatacijos metu. Siekiant u\u017etikrinti saug\u0105 ir na\u0161um\u0105, labai svarbu u\u017etikrinti, kad cilindro keliamoji galia atitikt\u0173 ma\u0161inos reikalavimus.<\/li>\n<li><strong>Sandarumo vientisumas:<\/strong> Efektyvus sandarinimas apsaugo nuo hidraulinio skys\u010dio nuot\u0117kio, o tai labai svarbu norint palaikyti sl\u0117g\u012f ir eksploatavimo efektyvum\u0105. Auk\u0161tos kokyb\u0117s sandarinimo med\u017eiag\u0173 pasirinkimas yra labai svarbus ilgaam\u017ei\u0161kumui.<\/li>\n<li><strong>Patvarumas:<\/strong> Str\u0117l\u0117s cilindro konstrukcijoje naudojamos med\u017eiagos turi b\u016bti atsparios dilimui ir korozijai, kad b\u016bt\u0173 u\u017etikrintas ilgaam\u017ei\u0161kumas, ypa\u010d at\u0161iauriomis s\u0105lygomis.<\/li>\n<li><strong>Saugos funkcijos:<\/strong> Saugos mechanizm\u0173, toki\u0173 kaip apsauga nuo perkrovos ir avariniai vo\u017etuvai, \u012fdiegimas yra labai svarbus siekiant i\u0161vengti nelaiming\u0173 atsitikim\u0173 ir \u012frangos pa\u017eeidim\u0173 eksploatacijos metu.<\/li>\n<li><strong>Prieinamumas prie prie\u017ei\u016bros:<\/strong> Cilindro konstrukcija, skirta lengvam pri\u0117jimui prie komponent\u0173, supaprastina reguliarias patikras ir technin\u0119 prie\u017ei\u016br\u0105, taip \u017eymiai suma\u017einant prastovas.<\/li>\n<\/ul>\n<p><img decoding=\"async\" src=\"https:\/\/www.hydraulic-cylinders.net\/wp-content\/uploads\/2025\/04\/songte-oil-pipes-and-spare-parts.webp\" alt=\"Hidrauliniai komponentai\"><\/p>\n<h2>Sandarinimas ir tepimas<\/h2>\n<p>Tinkamas sandarinimas yra labai svarbus hidrauliniuose cilindruose, siekiant i\u0161laikyti veikimo efektyvum\u0105 ir i\u0161vengti nuot\u0117ki\u0173. \u012evair\u016bs sandarikliai, \u012fskaitant st\u016bmokli\u0173 ir kot\u0173 sandariklius, yra pagaminti i\u0161 patvari\u0173 med\u017eiag\u0173, toki\u0173 kaip poliuretanas ir nitrilo kau\u010diukas, kad b\u016bt\u0173 atspar\u016bs nusid\u0117v\u0117jimui. Cilindro korpusas ir srieginiai galiniai pavir\u0161iai yra kruop\u0161\u010diai apdirbti, siekiant padidinti j\u0173 atsparum\u0105 dilimui. Norint u\u017etikrinti skland\u0173 veikim\u0105 ir i\u0161vengti trinties sukeltos \u017ealos, b\u016btina reguliariai tepti hidrauline alyva.<\/p>\n<h2>Reguliarus patikrinimas ir prevencin\u0117 prie\u017ei\u016bra<\/h2>\n<ul>\n<li><strong>Reguliar\u016bs patikrinimai:<\/strong> Reguliariai tikrinkite, ar n\u0117ra susid\u0117v\u0117jimo po\u017eymi\u0173, nuot\u0117ki\u0173 ir konstrukcijos vientisumo, kad nustatytum\u0117te problemas, kol jos dar nepa\u016bm\u0117jo. Ankstyvas aptikimas gali pad\u0117ti i\u0161vengti brangaus remonto ir prastov\u0173.<\/li>\n<li><strong>Tinkamas tepimas:<\/strong> U\u017etikrinkite, kad hidraulin\u0117s alyvos lygis b\u016bt\u0173 palaikomas, o judan\u010dios dalys b\u016bt\u0173 sutepamos, kad pager\u0117t\u0173 na\u0161umas ir pailg\u0117t\u0173 cilindro tarnavimo laikas.<\/li>\n<li><strong>Sandariklio keitimas:<\/strong> Reguliariai keiskite susid\u0117v\u0117jusius sandariklius, kad palaikytum\u0117te hidraulin\u012f sl\u0117g\u012f ir i\u0161vengtum\u0117te nuot\u0117ki\u0173, u\u017etikrindami efektyv\u0173 sistemos veikim\u0105.<\/li>\n<\/ul>\n<h2>Diegimo vadovas<\/h2>\n<p>Tinkamas str\u0117l\u0117s cilindro montavimas yra labai svarbus optimaliam veikimui. Pirmiausia \u012fsitikinkite, kad tvirtinimo laikikliai yra tinkamai sulygiuoti ir tvirtai pritvirtinti. Naudokite tinkamus tvirtinimo elementus, kad darbo metu neb\u016bt\u0173 jokio jud\u0117jimo. Prie\u0161 montuodami, ant sandarikli\u0173 u\u017etepkite plon\u0105 hidraulin\u0117s alyvos sluoksn\u012f, kad b\u016bt\u0173 u\u017etikrintas sklandesnis veikimas. Sumontavus patikrinkite sulygiavim\u0105 ir prireikus sureguliuokite, kad naudojimo metu cilindras neb\u016bt\u0173 per daug \u012ftemptas. Galiausiai atlikite bandom\u0105j\u012f paleidim\u0105, kad \u012fsitikintum\u0117te, jog visos funkcijos veikia tinkamai, be nuot\u0117ki\u0173 ar ne\u012fprast\u0173 gars\u0173.<\/p>\n<p><img decoding=\"async\" src=\"https:\/\/www.hydraulic-cylinders.net\/wp-content\/uploads\/2025\/04\/songte-chushion-collar.webp\" alt=\"Diegimo vadovas\"><\/p>\n<h2>Saugos aspektai ir aplinkos veiksniai<\/h2>\n<p>Hidraulini\u0173 cilindr\u0173 eksploatavimo metu labai svarbu teikti pirmenyb\u0119 saugai. Operatoriai tur\u0117t\u0173 laikytis saugos protokol\u0173 ir naudoti asmenines apsaugos priemones, kad suma\u017eint\u0173 rizik\u0105. Taip pat reik\u0117t\u0173 atsi\u017evelgti \u012f aplinkos veiksnius, tokius kaip ekstremali temperat\u016bra ir s\u0105lytis su korozin\u0117mis med\u017eiagomis, nes jie gali tur\u0117ti \u012ftakos hidraulini\u0173 komponent\u0173 veikimui ir ilgaam\u017ei\u0161kumui.<\/p>\n<h2>Trik\u010di\u0173 \u0161alinimas ir da\u017eniausiai pasitaikan\u010dios problemos<\/h2>\n<ul>\n<li><strong>Nuot\u0117kis:<\/strong> Da\u017eniausiai tai sukelia susid\u0117v\u0117j\u0119 sandarikliai arba netinkamas montavimas. Patikrinkite sandariklius ir prireikus juos pakeiskite, kad i\u0161spr\u0119stum\u0117te nuot\u0117kio problemas.<\/li>\n<li><strong>Prastas na\u0161umas:<\/strong> Tai gali atsirasti d\u0117l nepakankamo hidraulinio skys\u010dio arba oro sistemoje. \u012esitikinkite, kad skys\u010dio lygis yra pakankamas, ir prireikus i\u0161leiskite i\u0161 sistemos or\u0105.<\/li>\n<li><strong>Netik\u0117tas jud\u0117jimas:<\/strong> Gali rodyti valdymo sistemos gedim\u0105 arba susid\u0117v\u0117jusius komponentus. Atlikite i\u0161sam\u0173 patikrinim\u0105, kad nustatytum\u0117te ir pa\u0161alintum\u0117te pagrindines problemas.<\/li>\n<\/ul>\n<h2>Trik\u010di\u0173 \u0161alinimo patarimai<\/h2>\n<p>Norint efektyviai diagnozuoti ir i\u0161spr\u0119sti problemas, b\u016btina reguliariai atlikti technin\u0117s prie\u017ei\u016bros patikrinimus ir atid\u017eiai steb\u0117ti na\u0161um\u0105. Dokumentuokite visus nukrypimus ir atlikite pagrindini\u0173 prie\u017eas\u010di\u0173 analiz\u0119, kad i\u0161vengtum\u0117te problem\u0173 pasikartojimo. \u012egyvendinkite prevencines priemones, pvz., reguliarius patikrinimus ir skub\u0173 remont\u0105, kad suma\u017eintum\u0117te galimas problemas ir u\u017etikrintum\u0117te skland\u0173 hidraulin\u0117s sistemos veikim\u0105.<\/p>\n<p><img decoding=\"async\" src=\"https:\/\/www.hydraulic-cylinders.net\/wp-content\/uploads\/2025\/04\/songte-bushings-with-all-kinds-of-excavator-models.webp\" alt=\"Trik\u010di\u0173 \u0161alinimo patarimai\"><\/p>\n<h2>Apie m\u016bs\u0173 \u012fmon\u0119<\/h2>\n<p>Esame pirmaujanti hidraulini\u0173 cilindr\u0173 gamintoja ir didmeninink\u0117, teikianti plat\u0173 gamini\u0173 asortiment\u0105 vidaus ir tarptautin\u0117ms rinkoms. M\u016bs\u0173 \u012fsipareigojim\u0105 siekti meistri\u0161kumo atspindi tobuli gamybos procesai, kuriuos palaiko kvalifikuotas techninis personalas ir pa\u017eangi skaitmenin\u0117 gamybos \u012franga. Nuolat tobuliname savo gamybos paj\u0117gumus, kad patenkintume \u012fvairius klient\u0173 poreikius, u\u017etikrindami auk\u0161t\u0105 efektyvum\u0105, tikslum\u0105 ir auk\u0161\u010diausios kokyb\u0117s gaminius.<\/p>\n<p><img decoding=\"async\" src=\"https:\/\/www.hydraulic-cylinders.net\/wp-content\/uploads\/2025\/04\/songte-company-4.webp\" alt=\"M\u016bs\u0173 \u012fmon\u0117\"><br \/>\n<img decoding=\"async\" src=\"https:\/\/www.hydraulic-cylinders.net\/wp-content\/uploads\/2025\/04\/songte-company-3.webp\" alt=\"Produkt\u0173 asortimentas\"><\/p>\n<p>Si\u016blome individualius sprendimus, pritaikytus j\u016bs\u0173 konkretiems poreikiams, u\u017etikrindami, kad m\u016bs\u0173 gaminiai atitikt\u0173 tarptautinius standartus. M\u016bs\u0173 specializuotas garantinio aptarnavimo centras dar labiau padidina klient\u0173 pasitenkinim\u0105, teikdamas pagalb\u0105 per vis\u0105 gaminio gyvavimo cikl\u0105. Pasitik\u0117kite mumis visais savo hidraulini\u0173 cilindr\u0173 poreikiais.<\/p>\n<p>Autorius: lyl<\/p>","protected":false},"excerpt":{"rendered":"<p>Boom Cylinder For Wacker E238 Introduction to Boom Cylinder The Boom Cylinder is a vital component in the hydraulic system of heavy machinery, specifically designed for controlling the movement of buckets in excavators, backhoe loaders, and front loaders. It enables the bucket to lift, lower, and tilt, facilitating efficient material handling tasks. In essence, the [&hellip;]<\/p>","protected":false},"featured_media":17880,"comment_status":"open","ping_status":"closed","template":"","meta":{"_et_pb_use_builder":"","_et_pb_old_content":"","_et_gb_content_width":""},"product_brand":[],"product_cat":[1546],"product_tag":[1547,1496],"class_list":{"0":"post-19632","1":"product","2":"type-product","3":"status-publish","4":"has-post-thumbnail","6":"product_cat-boom-cylinders","7":"product_tag-boom-cylinders","8":"product_tag-hydraulic-cylinders","10":"first","11":"instock","12":"shipping-taxable","13":"product-type-simple"},"amp_enabled":true,"_links":{"self":[{"href":"https:\/\/www.hydraulic-cylinders.net\/lt\/wp-json\/wp\/v2\/product\/19632","targetHints":{"allow":["GET"]}}],"collection":[{"href":"https:\/\/www.hydraulic-cylinders.net\/lt\/wp-json\/wp\/v2\/product"}],"about":[{"href":"https:\/\/www.hydraulic-cylinders.net\/lt\/wp-json\/wp\/v2\/types\/product"}],"replies":[{"embeddable":true,"href":"https:\/\/www.hydraulic-cylinders.net\/lt\/wp-json\/wp\/v2\/comments?post=19632"}],"wp:featuredmedia":[{"embeddable":true,"href":"https:\/\/www.hydraulic-cylinders.net\/lt\/wp-json\/wp\/v2\/media\/17880"}],"wp:attachment":[{"href":"https:\/\/www.hydraulic-cylinders.net\/lt\/wp-json\/wp\/v2\/media?parent=19632"}],"wp:term":[{"taxonomy":"product_brand","embeddable":true,"href":"https:\/\/www.hydraulic-cylinders.net\/lt\/wp-json\/wp\/v2\/product_brand?post=19632"},{"taxonomy":"product_cat","embeddable":true,"href":"https:\/\/www.hydraulic-cylinders.net\/lt\/wp-json\/wp\/v2\/product_cat?post=19632"},{"taxonomy":"product_tag","embeddable":true,"href":"https:\/\/www.hydraulic-cylinders.net\/lt\/wp-json\/wp\/v2\/product_tag?post=19632"}],"curies":[{"name":"wp","href":"https:\/\/api.w.org\/{rel}","templated":true}]}}