{"id":19633,"date":"2025-04-07T06:58:34","date_gmt":"2025-04-07T06:58:34","guid":{"rendered":"https:\/\/www.hydraulic-cylinders.net\/product\/boom-cylinder-for-aotai-at80e-9\/"},"modified":"2025-04-07T06:58:37","modified_gmt":"2025-04-07T06:58:37","slug":"boom-cylinder-for-aotai-at80e-9","status":"publish","type":"product","link":"https:\/\/www.hydraulic-cylinders.net\/lt\/produktas\/boom-cylinder-for-aotai-at80e-9\/","title":{"rendered":"Str\u0117l\u0117s cilindras, skirtas \u201eAotai AT80E-9\u201c"},"content":{"rendered":"<h1>Str\u0117l\u0117s cilindras, skirtas \u201eAotai AT80E-9\u201c<\/h1>\n<h2>Produkto ap\u017evalga<\/h2>\n<p>\u201eAotai AT80E-9\u201c str\u0117l\u0117s cilindras yra labai svarbus komponentas, specialiai sukurtas sunkiosioms ma\u0161inoms. \u0160is hidraulinis cilindras valdo str\u0117l\u0117s jud\u0117jim\u0105, leisdamas efektyviai pakelti, nuleisti ir pakreipti kau\u0161\u0105. \u0160ie cilindrai yra b\u016btini norint efektyviai atlikti med\u017eiag\u0173 tvarkymo u\u017eduotis \u012fvairiose srityse, ypa\u010d statybose ir \u017eem\u0117s kasimo darbuose.<\/p>\n<p><img decoding=\"async\" src=\"https:\/\/www.hydraulic-cylinders.net\/wp-content\/uploads\/2025\/04\/songte-company-1.webp\" alt=\"Str\u0117l\u0117s cilindro vaizdas\"><\/p>\n<h3>Apibr\u0117\u017eimas ir funkcija<\/h3>\n<p>A bucket cylinder is a type of hydraulic cylinder specifically designed to manage the movement of buckets in heavy machinery such as excavators, backhoe loaders, and front loaders. Its main function is to facilitate the lifting, lowering, and tilting of the bucket, which is vital for effective material handling operations. These cylinders utilize hydraulic fluid to generate force and motion, making them indispensable in hydraulic systems. The bucket cylinder converts hydraulic energy into mechanical energy, allowing for precise control over the bucket&#8217;s movements, thereby enhancing productivity and efficiency on work sites.<\/p>\n<h2>Str\u0117l\u0117s cilindro savyb\u0117s<\/h2>\n<ul>\n<li><strong>Didelis stiprumas ir ilgaam\u017ei\u0161kumas:<\/strong> \u0160ie cilindrai, pagaminti i\u0161 didelio stiprumo plieno arba aliuminio, yra sukurti taip, kad atlaikyt\u0173 auk\u0161t\u0105 sl\u0117g\u012f ir dideles apkrovas, prisitaikydami prie at\u0161iauri\u0173 darbo s\u0105lyg\u0173. J\u0173 konstrukcija u\u017etikrina atsparum\u0105 dilimui ir korozijai, tod\u0117l j\u0173 tarnavimo laikas \u017eymiai pailg\u0117ja.<\/li>\n<li><strong>Efektyvus hidraulinis valdymas:<\/strong> Cilindras efektyviai veikia naudodamas hidraulin\u0117s alyvos sl\u0117g\u012f, u\u017etikrindamas skland\u0173 i\u0161st\u016bmim\u0105 ir \u012ftraukim\u0105. Jis greitai reaguoja \u012f valdymo komandas ir u\u017etikrina stipri\u0105 st\u016bmimo bei traukimo j\u0117g\u0105, tod\u0117l tinka sunkioms ir sud\u0117tingoms u\u017eduotims atlikti.<\/li>\n<li><strong>\u012evair\u016bs tipai:<\/strong> Str\u0117l\u0117s cilindrai b\u016bna \u012fvairi\u0173 tip\u0173, \u012fskaitant vienpusio veikimo (hidraulin\u0119 j\u0117g\u0105 naudojant\u012f viena kryptimi) ir dvipusio veikimo (hidraulin\u0119 j\u0117g\u0105 naudojant\u012f abiem kryptimis) modelius. Kai kurios versijos yra teleskopin\u0117s, tod\u0117l jas galima labiau prailginti nedidinant i\u0161orini\u0173 matmen\u0173, tod\u0117l jos idealiai tinka kompakti\u0161koms reikm\u0117ms.<\/li>\n<li><strong>Lengvas montavimas:<\/strong> \u0160ie cilindrai sukurti taip, kad juos b\u016bt\u0173 lengva sumontuoti, tod\u0117l juos galima suderinti su \u012fvairiais sunkiosios technikos modeliais, tod\u0117l juos pakeisti ir pri\u017ei\u016br\u0117ti paprasta.<\/li>\n<li><strong>S\u0105naud\u0173 efektyvumas:<\/strong> Pasirink\u0119 m\u016bs\u0173 str\u0117l\u0117s cilindrus, klientai gali gerokai sutaupyti remonto ir keitimo i\u0161laid\u0173 neprarandant na\u0161umo ar kokyb\u0117s.<\/li>\n<\/ul>\n<p>Mes gaminame \u0161iuos str\u0117l\u0117s cilindrus, kurie puikiai pakei\u010dia rinkoje esan\u010dius hidraulinius cilindrus.<\/p>\n<p><img decoding=\"async\" src=\"https:\/\/www.hydraulic-cylinders.net\/wp-content\/uploads\/2025\/04\/songte-cylinder-head-with-all-kinds-excavator-models.webp\" alt=\"Ekskavatori\u0173 modeliai\"><\/p>\n<h2>Str\u0117l\u0117s cilindro pritaikymas<\/h2>\n<h3>Statybin\u0117 \u012franga<\/h3>\n<p>Statybin\u0117je \u012frangoje str\u0117l\u0117s cilindras atlieka gyvybi\u0161kai svarb\u0173 vaidmen\u012f ekskavatoriuose kasant, kraunant ir perkeliant grunt\u0105 ar \u0161iuk\u0161les. Jis efektyviai valdo str\u0117l\u0117s k\u0117lim\u0105 ir nuleidim\u0105, leisdamas atlikti tikslius kasimo veiksmus. Hidraulinio cilindro geb\u0117jimas pakelti sunkius krovinius daro j\u012f b\u016btinu statybos darbams, kur efektyvumas ir greitis yra labai svarb\u016bs projekto terminams.<\/p>\n<h3>\u017dem\u0117s \u016bkio technika<\/h3>\n<p>\u017dem\u0117s \u016bkio aplinkoje str\u0117l\u0117s cilindras naudojamas priekiniuose krautuvuose dirvo\u017eemiui, \u0161ienui ir kitoms med\u017eiagoms semti, kelti ir transportuoti. Hidraulin\u0117 galia leid\u017eia greitai ir efektyviai valdyti sunkius krovinius, o tai labai svarbu \u017eem\u0117s \u016bkio operacijose, kuriose laikas ir efektyvumas tiesiogiai veikia produktyvum\u0105 ir derli\u0173.<\/p>\n<h3>Ekskavatoriai<\/h3>\n<p>Ekskavatoriuose str\u0117l\u0117s cilindras palengvina kasimo veiksmus, leisdamas kau\u0161ui efektyviai \u012fsiskverbti \u012f dirv\u0105. \u0160i savyb\u0117 yra labai svarbi \u012fvairiems darbams, \u012fskaitant tran\u0161\u0117j\u0173 kasim\u0105 ir aik\u0161tel\u0117s paruo\u0161im\u0105, kur b\u016btinas tikslumas norint pasiekti norim\u0173 rezultat\u0173 nepa\u017eeid\u017eiant aplinkini\u0173 teritorij\u0173.<\/p>\n<h3>Krautuvai<\/h3>\n<p>Priekiniuose krautuvuose str\u0117l\u0117s cilindrai padeda efektyviai kelti ir i\u0161versti med\u017eiagas. Hidrauliniai cilindrai suteikia reikiam\u0105 j\u0117g\u0105 sunkiems kroviniams kelti, u\u017etikrindami, kad med\u017eiagas b\u016bt\u0173 galima tiksliai transportuoti ir pad\u0117ti, o tai labai svarbu tiek statybose, tiek med\u017eiag\u0173 tvarkymo operacijose.<\/p>\n<h2>Projektavimo aspektai ir atrankos kriterijai<\/h2>\n<h3>Keliamoji galia<\/h3>\n<p>Str\u0117l\u0117s cilindro keliamoji galia yra labai svarbus projektavimo aspektas. Jis turi atlaikyti maksimal\u0173 apkrov\u0173 svor\u012f, su kuriuo susiduriama \u012fvairiose srityse. Tinkamos keliamosios galios cilindro pasirinkimas u\u017etikrina saugum\u0105 ir efektyvum\u0105 eksploatavimo metu. Per ma\u017eas cilindras gali sukelti gedim\u0105 ar pa\u017eeidimus, o per didelis cilindras gali be reikalo padidinti i\u0161laidas.<\/p>\n<h3>Sandarumo vientisumas<\/h3>\n<p>Efektyvus sandarinimas yra nepaprastai svarbus hidrauliniuose cilindruose, siekiant i\u0161vengti skys\u010dio nuot\u0117kio, kuris gali sukelti na\u0161umo problem\u0173 ir padidinti prie\u017ei\u016bros i\u0161laidas. Auk\u0161tos kokyb\u0117s sandarikliai, pagaminti i\u0161 patvari\u0173 med\u017eiag\u0173, toki\u0173 kaip poliuretanas ir nitrilo kau\u010diukas, yra b\u016btini siekiant u\u017etikrinti ilgaam\u017ei\u0161kum\u0105 ir patikimum\u0105. Konstrukcija tur\u0117t\u0173 b\u016bti tokia, kad b\u016bt\u0173 lengva pakeisti sandarikl\u012f, kad b\u016bt\u0173 lengviau pri\u017ei\u016br\u0117ti.<\/p>\n<h3>Patvarumas<\/h3>\n<p>Durability is a significant factor for hydraulic cylinders operating in harsh environments. The materials used in manufacturing should resist wear and corrosion. Coatings and treatments applied to the cylinder body can enhance durability, prolonging the product&#8217;s lifespan and reducing the frequency of replacements.<\/p>\n<h3>Saugos funkcijos<\/h3>\n<p>Saugumas yra svarbiausias hidraulini\u0173 cilindr\u0173 projektavimo aspektas. \u012erengus tokias funkcijas kaip sl\u0117gio ma\u017einimo vo\u017etuvai ir fiksavimo mechanizmai, galima padidinti saugum\u0105 eksploatavimo metu. \u0160ios funkcijos padeda i\u0161vengti nelaiming\u0173 atsitikim\u0173 d\u0117l netik\u0117t\u0173 sl\u0117gio \u0161uoli\u0173 ar cilindro gedim\u0173, u\u017etikrinant operatori\u0173 ir ma\u0161in\u0173 saugum\u0105.<\/p>\n<h3>Prieinamumas prie prie\u017ei\u016bros<\/h3>\n<p>Hidraulini\u0173 cilindr\u0173 projektavimas taip, kad juos b\u016bt\u0173 lengva pri\u017ei\u016br\u0117ti. Prie\u017ei\u016bros u\u017eduotys, tokios kaip tepimas ir sandarikli\u0173 keitimas, tur\u0117t\u0173 b\u016bti nesud\u0117tingos, kad b\u016bt\u0173 kuo ma\u017eiau prastov\u0173. Gerai suprojektuotas cilindras gali \u017eymiai suma\u017einti prie\u017ei\u016bros i\u0161laidas ir pagerinti veiklos efektyvum\u0105.<\/p>\n<p><img decoding=\"async\" src=\"https:\/\/www.hydraulic-cylinders.net\/wp-content\/uploads\/2025\/04\/songte-oil-pipes-and-spare-parts.webp\" alt=\"Naftos vamzd\u017eiai ir atsargin\u0117s dalys\"><\/p>\n<h2>Sandarinimas ir tepimas<\/h2>\n<p>Efektyvus sandarinimas ir tepimas yra labai svarb\u016bs norint i\u0161laikyti hidraulini\u0173 cilindr\u0173 veikim\u0105. \u012evair\u016bs sandarikliai, \u012fskaitant st\u016bmokli\u0173 ir kot\u0173 sandariklius, yra b\u016btini siekiant i\u0161vengti hidraulinio skys\u010dio nuot\u0117kio. Sandarinimo med\u017eiag\u0173, toki\u0173 kaip poliuretanas arba nitrilo kau\u010diukas, pasirinkimas u\u017etikrina atsparum\u0105 dilimui ir aplinkos s\u0105lygoms.<\/p>\n<p>Be to, cilindro korpusas ir srieginiai galai yra tiksliai apdirbami, siekiant padidinti patvarum\u0105 ir na\u0161um\u0105. Norint suma\u017einti judan\u010di\u0173 komponent\u0173 trint\u012f ir nusid\u0117v\u0117jim\u0105, b\u016btina reguliariai tepti tinkama hidrauline alyva. \u0160is prie\u017ei\u016bros \u017eingsnis padeda u\u017etikrinti skland\u0173 veikim\u0105 ir pailgina hidraulinio cilindro tarnavimo laik\u0105.<\/p>\n<h2>Reguliari prie\u017ei\u016bra ir prevencin\u0117s priemon\u0117s<\/h2>\n<ul>\n<li><strong>Patikrinimai:<\/strong> Reik\u0117t\u0173 reguliariai atlikti patikrinimus, kad b\u016bt\u0173 galima nustatyti nusid\u0117v\u0117jim\u0105 ar galimas problemas, kol jos nepa\u016bm\u0117jo. Toks aktyvus po\u017ei\u016bris gali pad\u0117ti i\u0161vengti brangaus remonto ir prastov\u0173.<\/li>\n<li><strong>Tepimas:<\/strong> Norint u\u017etikrinti skland\u0173 hidraulini\u0173 cilindr\u0173 veikim\u0105, b\u016btina u\u017etikrinti tinkam\u0105 j\u0173 sutepim\u0105. Reguliariai tikrinant ir papildant hidraulin\u0117s alyvos lyg\u012f galima i\u0161vengti per didelio susid\u0117v\u0117jimo ir pailginti cilindro tarnavimo laik\u0105.<\/li>\n<li><strong>Sandariklio keitimas:<\/strong> Laikui b\u0117gant, sandarikliai gali susid\u0117v\u0117ti ir sukelti nuot\u0117kius. Reguliarus susid\u0117v\u0117jusi\u0173 sandarikli\u0173 steb\u0117jimas ir savalaikis keitimas yra labai svarb\u016bs norint i\u0161laikyti na\u0161um\u0105 ir i\u0161vengti hidraulinio skys\u010dio nuostoli\u0173.<\/li>\n<\/ul>\n<h2>\u012erengimo gair\u0117s<\/h2>\n<p>Tinkamas str\u0117l\u0117s cilindro montavimas yra b\u016btinas optimaliam veikimui. Pirmiausia \u012fsitikinkite, kad visi komponentai yra \u0161var\u016bs ir be \u0161iuk\u0161li\u0173. Tiksliai sulygiuokite cilindr\u0105 su tvirtinimo laikikliais, kad i\u0161vengtum\u0117te per didelio cilindro \u012ftempimo. Tinkam\u0173 tvirtinimo laikikli\u0173 naudojimas yra labai svarbus cilindro pritvirtinimui vietoje.<\/p>\n<p>After aligning, tighten all bolts according to the manufacturer&#8217;s specifications to ensure a secure fit. Double-check that the hydraulic connections are tight and leak-free. Once installed, test the cylinder operation gradually, checking for any unusual noises or leaks. Proper alignment and secure installation can significantly reduce issues during operation.<\/p>\n<h2>\u012eprastos prie\u017ei\u016bros u\u017eduotys<\/h2>\n<h3>Reguliar\u016bs patikrinimai<\/h3>\n<p>Reguliar\u016bs hidraulini\u0173 cilindr\u0173 patikrinimai yra labai svarb\u016bs norint anksti nustatyti galimas problemas. Patikrinkite cilindrus, ar n\u0117ra susid\u0117v\u0117jimo, nuot\u0117kio ar pa\u017eeidim\u0173 po\u017eymi\u0173. Toks prevencinis po\u017ei\u016bris gali pad\u0117ti i\u0161vengti netik\u0117t\u0173 gedim\u0173 ir padidinti hidraulini\u0173 sistem\u0173 patikimum\u0105.<\/p>\n<h3>Tinkamas tepimas<\/h3>\n<p>Tinkamas tepimo lygis yra b\u016btinas norint i\u0161vengti nusid\u0117v\u0117jimo ir u\u017etikrinti skland\u0173 veikim\u0105. Reguliariai tikrinkite hidraulin\u0117s alyvos lyg\u012f ir prireikus papildykite. Tinkamo tipo hidraulin\u0117s alyvos naudojimas yra labai svarbus optimaliam cilindro veikimui ir ilgaam\u017ei\u0161kumui.<\/p>\n<h3>Tarpikli\u0173 keitimas ir kalibravimo patikrinimai<\/h3>\n<p>Reguliariai steb\u0117kite sandarikli\u0173 susid\u0117v\u0117jim\u0105 ir prireikus juos pakeiskite, kad i\u0161vengtum\u0117te nuot\u0117ki\u0173. Kalibravimo patikrinimai u\u017etikrina, kad cilindras veikt\u0173 pagal nurodytus parametrus. Tinkamai veikiantys sandarikliai ir sukalibruoti cilindrai padidina eksploatavimo efektyvum\u0105 ir saug\u0105.<\/p>\n<p><img decoding=\"async\" src=\"https:\/\/www.hydraulic-cylinders.net\/wp-content\/uploads\/2025\/04\/songte-chushion-collar.webp\" alt=\"Pagalv\u0117l\u0117s apykakl\u0117\"><\/p>\n<h2>Saugos aspektai ir aplinkos veiksniai<\/h2>\n<p>Naudojant hidraulinius cilindrus, saugos priemon\u0117s yra nepaprastai svarbios. Operatoriai turi b\u016bti apmokyti atpa\u017einti galimus pavojus, susijusius su hidrauline \u012franga. Valdant ma\u0161inas su hidrauliniais cilindrais, reikia naudoti apsaugines priemones ir laikytis saugos protokol\u0173. Projektuojant ir pri\u017ei\u016brint hidraulinius cilindrus, taip pat reik\u0117t\u0173 atsi\u017evelgti \u012f aplinkos veiksnius, tokius kaip temperat\u016bros svyravimai ir s\u0105lytis su korozin\u0117mis med\u017eiagomis, siekiant u\u017etikrinti j\u0173 patikimum\u0105 ir ilgaam\u017ei\u0161kum\u0105.<\/p>\n<h2>Trik\u010di\u0173 \u0161alinimas ir da\u017eniausiai pasitaikan\u010dios problemos<\/h2>\n<ul>\n<li><strong>Nereaguojantis cilindras:<\/strong> Jei cilindras nereaguoja \u012f valdiklius, patikrinkite hidraulinio skys\u010dio lyg\u012f ir galimus sistemos nuot\u0117kius. \u012esitikinkite, kad hidraulinis siurblys veikia tinkamai.<\/li>\n<li><strong>Skys\u010di\u0173 nuot\u0117kiai:<\/strong> Skys\u010di\u0173 nuot\u0117kis gali rodyti susid\u0117v\u0117jusius sandariklius arba pa\u017eeistus cilindro komponentus. Patikrinkite, ar sandarikliai n\u0117ra susid\u0117v\u0117j\u0119, ir prireikus pakeiskite juos, kad i\u0161vengtum\u0117te skys\u010di\u0173 praradimo.<\/li>\n<li><strong>Ne\u012fprasti garsai:<\/strong> Ne\u012fprasti garsai eksploatacijos metu gali rodyti vidinius pa\u017eeidimus arba nepakankam\u0105 tepim\u0105. Atlikite i\u0161samius patikrinimus, kad nustatytum\u0117te ir pa\u0161alintum\u0117te prie\u017east\u012f.<\/li>\n<\/ul>\n<p>Prevencini\u0173 priemoni\u0173, toki\u0173 kaip reguliari prie\u017ei\u016bra ir patikrinimai, laikymasis gali pad\u0117ti suma\u017einti galimas problemas ir padidinti hidraulini\u0173 sistem\u0173 patikimum\u0105.<\/p>\n<p><img decoding=\"async\" src=\"https:\/\/www.hydraulic-cylinders.net\/wp-content\/uploads\/2025\/04\/songte-bushings-with-all-kinds-of-excavator-models.webp\" alt=\"\u012evor\u0117 su ekskavatoriaus modeliais\"><\/p>\n<h2>\u012emon\u0117s pristatymas<\/h2>\n<p>Esame pirmaujantis pakaitini\u0173 hidraulini\u0173 cilindr\u0173 gamintojas, si\u016blantis plat\u0173 gamini\u0173 asortiment\u0105, skirt\u0105 tiek vidaus, tiek tarptautinei rinkai. M\u016bs\u0173 \u012fsipareigojim\u0105 siekti nepriekai\u0161tingos kokyb\u0117s palaiko patobulinti gamybos procesai ir tvirta gamybos valdymo strategija. Mes naudojame pa\u017eangias technologijas, kvalifikuotus darbuotojus ir novatori\u0161kas bandym\u0173 sistemas, kad nuolat tobulintume savo gamybos platform\u0105.<\/p>\n<p>M\u016bs\u0173 gamybos paj\u0117gumai leid\u017eia mums efektyviai patenkinti \u012fvairius klient\u0173 poreikius, pabr\u0117\u017eiant auk\u0161t\u0105 efektyvum\u0105, tikslum\u0105 ir kokyb\u0119. Tur\u0117dami tarptautinius sertifikatus ir pritaikytas paslaugas, u\u017etikriname, kad m\u016bs\u0173 gaminiai atitikt\u0173 auk\u0161\u010diausius na\u0161umo ir patikimumo standartus. M\u016bs\u0173 garantinio aptarnavimo tarnyba skirta teikti nuolatin\u0119 param\u0105 ir pagalb\u0105, u\u017etikrinant klient\u0173 pasitenkinim\u0105 m\u016bs\u0173 hidrauliniais sprendimais.<\/p>\n<p><img decoding=\"async\" src=\"https:\/\/www.hydraulic-cylinders.net\/wp-content\/uploads\/2025\/04\/songte-company-4.webp\" alt=\"\u012emon\u0117s paveiksl\u0117lis 4\"><br \/>\n<img decoding=\"async\" src=\"https:\/\/www.hydraulic-cylinders.net\/wp-content\/uploads\/2025\/04\/songte-company-3.webp\" alt=\"\u012emon\u0117s paveiksl\u0117lis 3\"><\/p>\n<p>Autorius: lyl<\/p>","protected":false},"excerpt":{"rendered":"<p>Boom Cylinder For Aotai AT80E-9 Product Overview The Boom Cylinder for Aotai AT80E-9 is a crucial component designed specifically for heavy machinery. This hydraulic cylinder controls the movement of the boom, enabling the lifting, lowering, and tilting of the bucket effectively. These cylinders are essential for performing material handling tasks efficiently in various applications, particularly [&hellip;]<\/p>","protected":false},"featured_media":17881,"comment_status":"open","ping_status":"closed","template":"","meta":{"_et_pb_use_builder":"","_et_pb_old_content":"","_et_gb_content_width":""},"product_brand":[],"product_cat":[1546],"product_tag":[1547,1496],"class_list":{"0":"post-19633","1":"product","2":"type-product","3":"status-publish","4":"has-post-thumbnail","6":"product_cat-boom-cylinders","7":"product_tag-boom-cylinders","8":"product_tag-hydraulic-cylinders","10":"first","11":"instock","12":"shipping-taxable","13":"product-type-simple"},"amp_enabled":true,"_links":{"self":[{"href":"https:\/\/www.hydraulic-cylinders.net\/lt\/wp-json\/wp\/v2\/product\/19633","targetHints":{"allow":["GET"]}}],"collection":[{"href":"https:\/\/www.hydraulic-cylinders.net\/lt\/wp-json\/wp\/v2\/product"}],"about":[{"href":"https:\/\/www.hydraulic-cylinders.net\/lt\/wp-json\/wp\/v2\/types\/product"}],"replies":[{"embeddable":true,"href":"https:\/\/www.hydraulic-cylinders.net\/lt\/wp-json\/wp\/v2\/comments?post=19633"}],"wp:featuredmedia":[{"embeddable":true,"href":"https:\/\/www.hydraulic-cylinders.net\/lt\/wp-json\/wp\/v2\/media\/17881"}],"wp:attachment":[{"href":"https:\/\/www.hydraulic-cylinders.net\/lt\/wp-json\/wp\/v2\/media?parent=19633"}],"wp:term":[{"taxonomy":"product_brand","embeddable":true,"href":"https:\/\/www.hydraulic-cylinders.net\/lt\/wp-json\/wp\/v2\/product_brand?post=19633"},{"taxonomy":"product_cat","embeddable":true,"href":"https:\/\/www.hydraulic-cylinders.net\/lt\/wp-json\/wp\/v2\/product_cat?post=19633"},{"taxonomy":"product_tag","embeddable":true,"href":"https:\/\/www.hydraulic-cylinders.net\/lt\/wp-json\/wp\/v2\/product_tag?post=19633"}],"curies":[{"name":"wp","href":"https:\/\/api.w.org\/{rel}","templated":true}]}}