{"id":19634,"date":"2025-04-07T06:58:37","date_gmt":"2025-04-07T06:58:37","guid":{"rendered":"https:\/\/www.hydraulic-cylinders.net\/product\/boom-cylinder-for-aotai-at60e-9\/"},"modified":"2025-04-07T06:58:39","modified_gmt":"2025-04-07T06:58:39","slug":"boom-cylinder-for-aotai-at60e-9","status":"publish","type":"product","link":"https:\/\/www.hydraulic-cylinders.net\/lt\/produktas\/boom-cylinder-for-aotai-at60e-9\/","title":{"rendered":"Str\u0117l\u0117s cilindras, skirtas \u201eAotai AT60E-9\u201c"},"content":{"rendered":"<h1>Str\u0117l\u0117s cilindras, skirtas \u201eAotai AT60E-9\u201c<\/h1>\n<h2>Produkto ap\u017evalga<\/h2>\n<p>\u201eAotai AT60E-9\u201c str\u0117l\u0117s cilindras yra esminis hidraulinis komponentas, skirtas valdyti str\u0117l\u0117s jud\u0117jim\u0105 \u012fvairiose sunkiosiose ma\u0161inose, tokiose kaip ekskavatoriai ir frontaliniai krautuvai. \u0160is hidraulinis cilindras yra specialiai sukurtas taip, kad str\u0117l\u0117 gal\u0117t\u0173 pakilti, nuleisti ir pakreipti, taip palengvinant efektyv\u0173 med\u017eiag\u0173 tvarkym\u0105. Panaudodamas hidraulinio skys\u010dio gali\u0105, \u0161is cilindras u\u017etikrina skland\u0173 ir tiksl\u0173 jud\u0117jim\u0105, kuris yra labai svarbus statybose ir kasybos darbuose.<\/p>\n<p><img decoding=\"async\" src=\"https:\/\/www.hydraulic-cylinders.net\/wp-content\/uploads\/2025\/04\/songte-company-1.webp\" alt=\"Str\u0117l\u0117s cilindro ap\u017evalga\"><\/p>\n<h3>Apibr\u0117\u017eimas ir funkcija<\/h3>\n<p>A bucket cylinder, sometimes referred to as a boom cylinder, is a type of hydraulic cylinder utilized in heavy machinery. Its primary function is to control the articulation of the boom. In excavators, for instance, the bucket cylinder plays a vital role in digging and lifting operations. The hydraulic pressure facilitates the extension and retraction of the cylinder, allowing for effective control over the boom&#8217;s position. This functionality is vital for tasks such as excavating soil, lifting heavy loads, and precise positioning of the bucket for material transfer.<\/p>\n<h2>Str\u0117l\u0117s cilindro savyb\u0117s<\/h2>\n<ul>\n<li><strong>Didelis stiprumas ir ilgaam\u017ei\u0161kumas:<\/strong> Pagamintas i\u0161 didelio stiprumo plieno arba aliuminio, \u0161is cilindras yra sukurtas atlaikyti auk\u0161t\u0105 sl\u0117g\u012f ir dideles apkrovas, prisitaikant prie at\u0161iauri\u0173 darbo s\u0105lyg\u0173.<\/li>\n<li><strong>Efektyvus hidraulinis valdymas:<\/strong> Naudodamas hidraulin\u0117s alyvos sl\u0117g\u012f, cilindras skland\u017eiai i\u0161traukiamas ir atitraukiamas, greitai reaguodamas \u012f valdymo komandas ir u\u017etikrindamas galingas st\u016bmimo bei traukimo j\u0117gas.<\/li>\n<li><strong>\u012evair\u016bs tipai:<\/strong> Galima \u012fsigyti vienpusio veikimo (veikian\u010dio viena kryptimi) arba dvipusio veikimo (veikian\u010dio dviem kryptimis) konfig\u016bracij\u0173, tod\u0117l galima pritaikyti hidraulinius sprendimus \u012fvairioms reikm\u0117ms.<\/li>\n<li><strong>Erdv\u0119 taupantis dizainas:<\/strong> Kai kurie modeliai pasi\u017eymi teleskopine konstrukcija, kad b\u016bt\u0173 galima pasiekti didesn\u012f plot\u0105 nepadidinant i\u0161orini\u0173 matmen\u0173, tod\u0117l idealiai tinka ank\u0161toms erdv\u0117ms.<\/li>\n<li><strong>Atsparumas korozijai:<\/strong> Siekiant padidinti atsparum\u0105 dilimui ir korozijai, naudojamos specialios dangos ir med\u017eiagos, u\u017etikrinan\u010dios ilgaam\u017ei\u0161kum\u0105 ir patikimum\u0105.<\/li>\n<\/ul>\n<p>\u0160\u012f gamin\u012f gaminame tiksliai, o m\u016bs\u0173 versijos puikiai tinka pakeisti esamus hidraulinius cilindrus \u012fvairiose ma\u0161inose.<\/p>\n<p><img decoding=\"async\" src=\"https:\/\/www.hydraulic-cylinders.net\/wp-content\/uploads\/2025\/04\/songte-cylinder-head-with-all-kinds-excavator-models.webp\" alt=\"Cilindro keitimo parinktys\"><\/p>\n<h2>Str\u0117l\u0117s cilindro pritaikymas<\/h2>\n<h3>Statybin\u0117 \u012franga<\/h3>\n<p>Ekskavatoriuose str\u0117l\u0117s cilindras yra labai svarbus kasant, kraunant ir perkeliant \u017eem\u0119 ar \u0161iuk\u0161les. Jis padeda manevruoti kau\u0161\u0105, kad b\u016bt\u0173 galima efektyviai atlikti \u012fvairias u\u017eduotis. Str\u0117l\u0117s cilindro sukuriama hidraulin\u0117 j\u0117ga leid\u017eia tiksliai valdyti, tod\u0117l operatoriai gali giliai kasti \u012f \u017eem\u0119 arba pakelti sunkius krovinius minimaliomis pastangomis. Ekskavatoriuose-krautuvuose kau\u0161o cilindras ne tik padeda kasti, bet ir padeda kelti bei transportuoti med\u017eiagas \u012f skirtingas vietas.<\/p>\n<h3>\u017dem\u0117s \u016bkio technika<\/h3>\n<p>Priekiniuose krautuvuose naudojamas str\u0117l\u0117s cilindras palengvina dirvo\u017eemio, \u0161ieno ir kit\u0173 med\u017eiag\u0173 k\u0117limo, k\u0117limo ir transportavimo proces\u0105. \u0160is universalumas yra b\u016btinas atliekant \u017eem\u0117s \u016bkio darbus, kai efektyvus med\u017eiag\u0173 tvarkymas gali \u017eymiai padidinti na\u0161um\u0105. Hidraulinio cilindro galimyb\u0117 pakelti ir pakreipti kau\u0161\u0105 leid\u017eia \u016bkininkams efektyviau valdyti savo veikl\u0105, suma\u017einant laik\u0105 ir darbo s\u0105naudas.<\/p>\n<h3>Kasimo darbai<\/h3>\n<p>Str\u0117l\u0117s cilindras leid\u017eia ekskavatoriams \u012fsiskverbti \u012f \u017eem\u0119, tod\u0117l galima efektyviai atlikti kasimo darbus. Jis optimizuoja kasimo proces\u0105, padidindamas med\u017eiag\u0173 i\u0161kasimo greit\u012f ir efektyvum\u0105. Leisdamas kau\u0161ui giliai \u012fsiskverbti \u012f dirv\u0105, jis u\u017etikrina kruop\u0161t\u0173 i\u0161kasim\u0105, tod\u0117l yra gyvybi\u0161kai svarbus statybos ir \u017eem\u0117s darb\u0173 projekt\u0173 komponentas.<\/p>\n<h3>Krautuvai<\/h3>\n<p>Priekiniuose krautuvuose str\u0117l\u0117s cilindras atlieka labai svarb\u0173 vaidmen\u012f keliant ir i\u0161kraunant med\u017eiagas. Jis leid\u017eia operatoriams pakelti kau\u0161\u0105 \u012f norim\u0105 auk\u0161t\u012f, kad b\u016bt\u0173 galima efektyviai i\u0161krauti, taip optimizuojant med\u017eiag\u0173 perk\u0117limo procesus. Str\u0117l\u0117s cilindro teikiama hidraulin\u0117 pagalba leid\u017eia grei\u010diau ir efektyviau atlikti pakrovimo ir i\u0161krovimo u\u017eduotis, o tai \u017eymiai padidina na\u0161um\u0105 \u012fvairiose pramon\u0117s srityse.<\/p>\n<h2>Projektavimo aspektai ir atrankos kriterijai<\/h2>\n<h3>Keliamoji galia<\/h3>\n<p>Str\u0117l\u0117s cilindro keliamoji galia yra labai svarbus projektavimo aspektas. Jis turi atlaikyti keliam\u0173 krovini\u0173 svor\u012f ir j\u0117gas, veikian\u010dias eksploatacijos metu. Gamintojai u\u017etikrina, kad naudojamos med\u017eiagos ir konstrukcijos metodai gali atlaikyti nurodyt\u0105 apkrov\u0105 nepakenkiant saugumui ar na\u0161umui.<\/p>\n<h3>Sandarinimo mechanizmai<\/h3>\n<p>Efektyvus sandarinimas yra b\u016btinas norint palengvinti hidraulin\u012f darb\u0105 ir i\u0161vengti nuot\u0117ki\u0173. Siekiant u\u017etikrinti hidraulin\u0117s sistemos vientisum\u0105, reikia naudoti auk\u0161tos kokyb\u0117s sandariklius, tokius kaip st\u016bmokli\u0173 ir kot\u0173 sandarikliai. Patvari\u0173 med\u017eiag\u0173, toki\u0173 kaip poliuretanas ir nitrilo kau\u010diukas, pasirinkimas pagerina sandarinimo galimybes ir bendr\u0105 efektyvum\u0105.<\/p>\n<h3>Patvarumas<\/h3>\n<p>Hidraulini\u0173 cilindr\u0173 konstrukcijoje svarbiausia yra ilgaam\u017ei\u0161kumas. Cilindras turi b\u016bti atsparus nusid\u0117v\u0117jimui d\u0117l nuolatinio veikimo sud\u0117tingomis s\u0105lygomis. Gamintojai da\u017enai naudoja pa\u017eangias med\u017eiagas ir dangas, kad padidint\u0173 atsparum\u0105 korozijai ir pailgint\u0173 cilindro tarnavimo laik\u0105, u\u017etikrindami patikim\u0105 veikim\u0105 laikui b\u0117gant.<\/p>\n<h3>Saugos funkcijos<\/h3>\n<p>Projektuojant hidraulinius cilindrus, saugumas yra svarbiausias prioritetas. \u012etraukus tokias funkcijas kaip sl\u0117gio ma\u017einimo vo\u017etuvai ir apsaugos nuo perkrovos mechanizmai, galima i\u0161vengti nelaiming\u0173 atsitikim\u0173 ir \u012frangos gedim\u0173. \u0160ios saugos priemon\u0117s yra b\u016btinos tiek \u012frangai, tiek operatoriams apsaugoti eksploatacijos metu.<\/p>\n<h3>Prie\u017ei\u016bros ir remonto aspektai<\/h3>\n<p>Labai svarbu projektuoti cilindr\u0105 atsi\u017evelgiant \u012f jo prie\u017ei\u016bros paprastum\u0105. Prieinamos sudedamosios dalys ir standartizuotos dalys palengvina savalaik\u012f remont\u0105 ir suma\u017eina prastovas. Siekiant u\u017etikrinti optimal\u0173 veikim\u0105, reguliarios prie\u017ei\u016bros proced\u016bros, \u012fskaitant patikrinimus ir dali\u0173 keitim\u0105, tur\u0117t\u0173 b\u016bti lengvai atliekamos.<\/p>\n<p><img decoding=\"async\" src=\"https:\/\/www.hydraulic-cylinders.net\/wp-content\/uploads\/2025\/04\/songte-oil-pipes-and-spare-parts.webp\" alt=\"Hidraulinio cilindro prie\u017ei\u016bra\"><\/p>\n<h2>Sandarinimas ir tepimas<\/h2>\n<p>Sandarinimas ir tepimas yra labai svarb\u016bs hidraulini\u0173 cilindr\u0173 veikimo aspektai. Siekiant i\u0161vengti hidraulinio skys\u010dio nuot\u0117kio ir u\u017eter\u0161imo, reikia naudoti \u012fvairius sandariklius, tokius kaip st\u016bmokli\u0173 ir kot\u0173 sandarikliai. \u0160i\u0173 sandarikli\u0173 ilgaam\u017ei\u0161kumas u\u017etikrinamas naudojant atsparias dilimui med\u017eiagas, tokias kaip poliuretanas ir nitrilo kau\u010diukas. Cilindro korpusas ir srieginiai galiniai pavir\u0161iai yra kruop\u0161\u010diai apdirbti, siekiant padidinti atsparum\u0105 dilimui. Be to, norint u\u017etikrinti skland\u0173 veikim\u0105 ir i\u0161vengti per didel\u0117s trinties, kuri gali sukelti prie\u0161laikin\u012f susid\u0117v\u0117jim\u0105 ir gedimus, b\u016btina reguliariai tepti hidrauline alyva.<\/p>\n<h2>Prevencin\u0117s prie\u017ei\u016bros priemon\u0117s<\/h2>\n<ul>\n<li><strong>Reguliar\u016bs patikrinimai:<\/strong> Reguliariai tikrinti, ar n\u0117ra nusid\u0117v\u0117jimo, nuot\u0117ki\u0173 ir pa\u017eeidim\u0173 po\u017eymi\u0173, yra labai svarbu norint nustatyti galimas problemas, kol jos nepa\u016bm\u0117jo.<\/li>\n<li><strong>Tinkamas tepimas:<\/strong> Tinkamas ir geros b\u016bkl\u0117s hidraulinio skys\u010dio lygis prailgins cilindro tarnavimo laik\u0105 ir pagerins na\u0161um\u0105.<\/li>\n<li><strong>Sandariklio keitimas:<\/strong> Reguliariai kei\u010diant sandariklius galima i\u0161vengti nuot\u0117ki\u0173 ir i\u0161laikyti hidraulin\u0117s sistemos efektyvum\u0105.<\/li>\n<\/ul>\n<h2>\u012erengimo gair\u0117s<\/h2>\n<p>Proper installation of the boom cylinder is essential for optimal performance. Begin by ensuring that the mounting brackets are securely attached and aligned with the cylinder. Use appropriate tools to tighten all connections, avoiding excessive force that could damage the cylinder. Ensure that hydraulic lines are properly connected and that there are no leaks. It is advisable to refer to the manufacturer&#8217;s installation manual for specific instructions tailored to the model being installed. After installation, test the cylinder&#8217;s operation at a low pressure before gradually increasing to the operational level to ensure everything functions smoothly.<\/p>\n<h2>\u012eprastos prie\u017ei\u016bros u\u017eduotys<\/h2>\n<ul>\n<li><strong>Reguliar\u016bs patikrinimai:<\/strong> Da\u017enos patikros padeda nustatyti nusid\u0117v\u0117jim\u0105 ir i\u0161vengti netik\u0117t\u0173 gedim\u0173.<\/li>\n<li><strong>Tinkamas tepimas:<\/strong> Tinkamas cilindro sutepimas gali pad\u0117ti i\u0161laikyti veikimo efektyvum\u0105 ir pailginti jo tarnavimo laik\u0105.<\/li>\n<li><strong>Sandariklio keitimas:<\/strong> Reguliariai steb\u0117ti ir keisti sandariklius pagal poreik\u012f yra labai svarbu, siekiant i\u0161vengti nuot\u0117ki\u0173 ir palaikyti na\u0161um\u0105.<\/li>\n<\/ul>\n<p>Tinkamas montavimas u\u017etikrina tinkam\u0105 cilindro sulygiavim\u0105, o tinkamas tepimas u\u017etikrina skland\u0173 veikim\u0105. Labai svarbu tur\u0117ti tinkamus reguliavimo \u012frankius ir laikytis rekomenduojam\u0173 dali\u0173 tikrinimo, remonto ir keitimo proced\u016br\u0173, kad hidraulinis cilindras tarnaut\u0173 kuo ilgiau.<\/p>\n<p><img decoding=\"async\" src=\"https:\/\/www.hydraulic-cylinders.net\/wp-content\/uploads\/2025\/04\/songte-chushion-collar.webp\" alt=\"Cilindro montavimas\"><\/p>\n<h2>Saugos aspektai ir aplinkos veiksniai<\/h2>\n<p>Naudojant hidraulinius cilindrus, labai svarbu \u012fdiegti saugos priemones, siekiant apsaugoti operatorius ir \u012frang\u0105. Visada laikykit\u0117s svorio apribojim\u0173 ir venkite per didel\u0117s j\u0117gos operacij\u0173 metu. Reguliar\u016bs mokymai, kaip tinkamai naudoti ma\u0161inas, gali padidinti saug\u0105. Be to, norint i\u0161laikyti atitikt\u012f reglamentams ir suma\u017einti poveik\u012f aplinkai, b\u016btini aplinkosaugos aspektai, pavyzd\u017eiui, tinkamas skys\u010di\u0173 \u0161alinimas ir nuot\u0117ki\u0173 ma\u017einimas.<\/p>\n<h2>Da\u017eniausiai pasitaikan\u010di\u0173 problem\u0173 \u0161alinimas<\/h2>\n<ul>\n<li><strong>Nuot\u0117kis:<\/strong> Jei hidraulinis skystis teka, patikrinkite, ar sandarikliai ir jungiamosios detal\u0117s n\u0117ra pa\u017eeisti ar susid\u0117v\u0117j\u0119.<\/li>\n<li><strong>Suma\u017einta galia:<\/strong> Jei cilindras nereaguoja tinkamai, \u012fsitikinkite, kad skys\u010dio lygis yra pakankamas, ir patikrinkite, ar n\u0117ra u\u017esikim\u0161im\u0173 hidraulin\u0117se linijose.<\/li>\n<li><strong>Ne\u012fprasti garsai:<\/strong> \u010ciurks\u0117jimas ar bar\u0161k\u0117jimas gali rodyti vidinius pa\u017eeidimus; b\u016btina nedelsiant juos patikrinti ir sutaisyti.<\/li>\n<\/ul>\n<h2>Problem\u0173 sprendimo patarimai<\/h2>\n<p>Norint veiksmingai diagnozuoti ir i\u0161spr\u0119sti problemas, tur\u0117kite strukt\u016brizuot\u0105 patikr\u0173 kontrolin\u012f s\u0105ra\u0161\u0105. Reguliarus techninis aptarnavimas ir tinkamas tepimas gali pad\u0117ti suma\u017einti problem\u0173 tikimyb\u0119. Prevencini\u0173 priemoni\u0173, toki\u0173 kaip operatori\u0173 mokymas, kaip teisingai naudoti ma\u0161inas, \u012fgyvendinimas taip pat gali suma\u017einti galimas problemas.<\/p>\n<p><img decoding=\"async\" src=\"https:\/\/www.hydraulic-cylinders.net\/wp-content\/uploads\/2025\/04\/songte-bushings-with-all-kinds-of-excavator-models.webp\" alt=\"Trik\u010di\u0173 \u0161alinimas ir prie\u017ei\u016bra\"><\/p>\n<h2>Apie m\u016bs\u0173 \u012fmon\u0119<\/h2>\n<p>Esame pirmaujantis pakaitini\u0173 hidraulini\u0173 cilindr\u0173 gamintojas, si\u016blantis plat\u0173 gamini\u0173 asortiment\u0105, tenkinant\u012f \u012fvairius rinkos poreikius. M\u016bs\u0173 \u012fsipareigojim\u0105 siekti meistri\u0161kumo lemia pa\u017eangios gamybos strategijos, pasitelkiant kvalifikuotus technikus, auk\u0161\u010diausios klas\u0117s skaitmenin\u0119 \u012frang\u0105 ir profesionalias testavimo sistemas. Nuolat tobuliname savo gamybos platform\u0105, siekdami u\u017etikrinti auk\u0161t\u0105 efektyvum\u0105, tikslum\u0105 ir kokyb\u0119, patenkindami \u012fvairius klient\u0173 poreikius. M\u016bs\u0173 paslaugos apima individualius sprendimus, tarptautinius sertifikatus ir visapusi\u0161k\u0105 aptarnavim\u0105 po pardavimo.<\/p>\n<p><img decoding=\"async\" src=\"https:\/\/www.hydraulic-cylinders.net\/wp-content\/uploads\/2025\/04\/songte-company-4.webp\" alt=\"\u012emon\u0117s ap\u017evalga\"><br \/>\n<img decoding=\"async\" src=\"https:\/\/www.hydraulic-cylinders.net\/wp-content\/uploads\/2025\/04\/songte-company-3.webp\" alt=\"Gamybos \u012fmon\u0117\"><\/p>\n<p>Autorius: lyl<\/p>","protected":false},"excerpt":{"rendered":"<p>Boom Cylinder For Aotai AT60E-9 Product Overview The Boom Cylinder for Aotai AT60E-9 is an essential hydraulic component designed to control the movement of the boom in various heavy machinery, such as excavators and front loaders. This hydraulic cylinder is specifically engineered to enable the boom to lift, lower, and tilt, facilitating efficient material handling [&hellip;]<\/p>","protected":false},"featured_media":17867,"comment_status":"open","ping_status":"closed","template":"","meta":{"_et_pb_use_builder":"","_et_pb_old_content":"","_et_gb_content_width":""},"product_brand":[],"product_cat":[1546],"product_tag":[1547,1496],"class_list":{"0":"post-19634","1":"product","2":"type-product","3":"status-publish","4":"has-post-thumbnail","6":"product_cat-boom-cylinders","7":"product_tag-boom-cylinders","8":"product_tag-hydraulic-cylinders","10":"first","11":"instock","12":"shipping-taxable","13":"product-type-simple"},"amp_enabled":true,"_links":{"self":[{"href":"https:\/\/www.hydraulic-cylinders.net\/lt\/wp-json\/wp\/v2\/product\/19634","targetHints":{"allow":["GET"]}}],"collection":[{"href":"https:\/\/www.hydraulic-cylinders.net\/lt\/wp-json\/wp\/v2\/product"}],"about":[{"href":"https:\/\/www.hydraulic-cylinders.net\/lt\/wp-json\/wp\/v2\/types\/product"}],"replies":[{"embeddable":true,"href":"https:\/\/www.hydraulic-cylinders.net\/lt\/wp-json\/wp\/v2\/comments?post=19634"}],"wp:featuredmedia":[{"embeddable":true,"href":"https:\/\/www.hydraulic-cylinders.net\/lt\/wp-json\/wp\/v2\/media\/17867"}],"wp:attachment":[{"href":"https:\/\/www.hydraulic-cylinders.net\/lt\/wp-json\/wp\/v2\/media?parent=19634"}],"wp:term":[{"taxonomy":"product_brand","embeddable":true,"href":"https:\/\/www.hydraulic-cylinders.net\/lt\/wp-json\/wp\/v2\/product_brand?post=19634"},{"taxonomy":"product_cat","embeddable":true,"href":"https:\/\/www.hydraulic-cylinders.net\/lt\/wp-json\/wp\/v2\/product_cat?post=19634"},{"taxonomy":"product_tag","embeddable":true,"href":"https:\/\/www.hydraulic-cylinders.net\/lt\/wp-json\/wp\/v2\/product_tag?post=19634"}],"curies":[{"name":"wp","href":"https:\/\/api.w.org\/{rel}","templated":true}]}}