{"id":19639,"date":"2025-04-07T06:59:01","date_gmt":"2025-04-07T06:59:01","guid":{"rendered":"https:\/\/www.hydraulic-cylinders.net\/product\/boom-cylinder-for-atlas-2006lc\/"},"modified":"2025-04-07T06:59:04","modified_gmt":"2025-04-07T06:59:04","slug":"boom-cylinder-for-atlas-2006lc","status":"publish","type":"product","link":"https:\/\/www.hydraulic-cylinders.net\/lt\/produktas\/boom-cylinder-for-atlas-2006lc\/","title":{"rendered":"Str\u0117l\u0117s cilindras, skirtas \u201eAtlas 2006LC\u201c"},"content":{"rendered":"<h1>Str\u0117l\u0117s cilindras, skirtas \u201eAtlas 2006LC\u201c<\/h1>\n<h2>\u012evadas \u012f str\u0117l\u0117s cilindr\u0105<\/h2>\n<p>\u201eAtlas 2006LC\u201c str\u0117l\u0117s cilindras yra specializuotas hidraulinis cilindras, skirtas valdyti \u012fvairi\u0173 sunki\u0173j\u0173 ma\u0161in\u0173, \u012fskaitant ekskavatorius, ekskavatorinius krautuvus ir frontalinius krautuvus, jud\u0117jim\u0105. \u0160is esminis komponentas leid\u017eia kau\u0161ui kelti, nuleisti ir pakreipti, taip palengvinant efektyv\u0173 med\u017eiag\u0173 tvarkym\u0105. \u0160ie hidrauliniai cilindrai yra labai svarb\u016bs hidraulin\u0117se sistemose, nes jie leid\u017eia tiksliai valdyti \u012frang\u0105, paversdami hidraulin\u0119 energij\u0105 mechanine j\u0117ga. D\u0117l savo geb\u0117jimo atlaikyti didel\u012f sl\u0117g\u012f ir apkrovas, str\u0117l\u0117s cilindrai yra b\u016btini sunkiosioms statyb\u0173, \u017eem\u0117s \u016bkio ir pramon\u0117s sektori\u0173 reikm\u0117ms.<\/p>\n<p><img decoding=\"async\" src=\"https:\/\/www.hydraulic-cylinders.net\/wp-content\/uploads\/2025\/04\/songte-company-1.webp\" alt=\"Str\u0117l\u0117s cilindro vaizdas\"><\/p>\n<h2>Str\u0117l\u0117s cilindro savyb\u0117s<\/h2>\n<ul>\n<li><strong>Didelis stiprumas ir ilgaam\u017ei\u0161kumas:<\/strong> Pagaminti i\u0161 didelio stiprumo plieno arba aliuminio, \u0161ie cilindrai gali atlaikyti auk\u0161t\u0105 sl\u0117g\u012f ir dideles apkrovas, tod\u0117l tinkami naudoti at\u0161iauriomis darbo s\u0105lygomis.<\/li>\n<li><strong>Efektyvus hidraulinis valdymas:<\/strong> Naudodamas hidraulin\u0117s alyvos sl\u0117g\u012f, str\u0117l\u0117s cilindras u\u017etikrina skland\u0173 i\u0161pl\u0117tim\u0105 ir \u012ftraukim\u0105, u\u017etikrindamas galing\u0105 st\u016bmimo ir traukimo j\u0117g\u0105 sunkioms ir sud\u0117tingoms u\u017eduotims atlikti.<\/li>\n<li><strong>Tip\u0173 \u012fvairov\u0117:<\/strong> Galima \u012fsigyti tiek vienpusio veikimo (veikian\u010dio viena kryptimi), tiek dvipusio veikimo (veikian\u010dio dviem kryptimis) konstrukcij\u0173, kad b\u016bt\u0173 patenkinti skirtingi eksploatavimo poreikiai. Kai kurie modeliai yra teleskopin\u0117s konstrukcijos, kad b\u016bt\u0173 galima pasiekti didesn\u012f atstum\u0105 nedidinant i\u0161orini\u0173 matmen\u0173.<\/li>\n<\/ul>\n<p>Specializuojam\u0117s str\u0117l\u0117s cilindr\u0173, kurie puikiai pakei\u010dia esamus hidraulinius cilindrus, gamyboje, u\u017etikrindami suderinamum\u0105 ir na\u0161um\u0105.<\/p>\n<p><img decoding=\"async\" src=\"https:\/\/www.hydraulic-cylinders.net\/wp-content\/uploads\/2025\/04\/songte-cylinder-head-with-all-kinds-excavator-models.webp\" alt=\"Ekskavatori\u0173 modeliai\"><\/p>\n<h2>Str\u0117l\u0117s cilindro pritaikymas<\/h2>\n<h3>Statybin\u0117 \u012franga<\/h3>\n<p>In excavators, boom cylinders play a vital role in digging, loading, and moving dirt or debris. These cylinders enable precise control over the bucket&#8217;s movement, allowing operators to efficiently excavate and transport materials.<\/p>\n<h3>\u017dem\u0117s \u016bkio technika<\/h3>\n<p>Priekiniuose krautuvuose str\u0117l\u0117s cilindrai yra b\u016btini dirvo\u017eemio, \u0161ieno ir kit\u0173 med\u017eiag\u0173 s\u0117jimui, k\u0117limui ir transportavimui. Jie pagerina \u017eem\u0117s \u016bkio technikos veikimo efektyvum\u0105, palengvindami ir pagreitindami tokias u\u017eduotis kaip lauko paruo\u0161imas ir med\u017eiag\u0173 perk\u0117limas.<\/p>\n<h3>Ekskavatoriai<\/h3>\n<p>Str\u0117l\u0117s cilindras leid\u017eia kau\u0161ui efektyviai \u012fsiskverbti \u012f dirv\u0105, palengvindamas kasimo veiksm\u0105. \u0160i galimyb\u0117 yra labai svarbi statybos ir kra\u0161tovaizd\u017eio tvarkymo projektuose, kur reikalingas tikslus kasimas.<\/p>\n<h3>Krautuvai<\/h3>\n<p>Priekiniuose krautuvuose str\u0117l\u0117s cilindrai padeda efektyviai kelti ir i\u0161versti krovinius. J\u0173 galingas hidraulinis veikimas u\u017etikrina, kad operatoriai gali lengvai ir tiksliai valdyti sunkias med\u017eiagas.<\/p>\n<h2>Projektavimo aspektai ir atrankos kriterijai<\/h2>\n<h3>Keliamoji galia<\/h3>\n<p>Str\u0117l\u0117s cilindro keliamoji galia yra labai svarbi renkantis tinkam\u0105 cilindr\u0105 konkre\u010diai technikai. Jis turi atlaikyti maksimali\u0105 apkrov\u0105 be gedim\u0173, u\u017etikrindamas tiek saugum\u0105, tiek na\u0161um\u0105. Norint pasirinkti cilindr\u0105, kuris atitikt\u0173 arba vir\u0161yt\u0173 \u0161iuos reikalavimus, b\u016btina gerai suprasti darbines apkrovas \u012fvairiose srityse.<\/p>\n<h3>Sandarinimo efektyvumas<\/h3>\n<p>Efektyvus sandarinimas yra labai svarbus siekiant i\u0161vengti hidraulinio skys\u010dio nuot\u0117kio, kuris gali sukelti sl\u0117gio suma\u017e\u0117jim\u0105 ir galiausiai \u012frangos gedim\u0105. Auk\u0161tos kokyb\u0117s sandarikli\u0173, pagamint\u0173 i\u0161 patvari\u0173 med\u017eiag\u0173, pasirinkimas u\u017etikrina ilgaam\u017ei\u0161kum\u0105 ir patikimum\u0105, suma\u017eina prie\u017ei\u016bros ir remonto da\u017enum\u0105.<\/p>\n<h3>Patvarumas<\/h3>\n<p>Patvarumas yra pagrindinis str\u0117l\u0117s cilindr\u0173 konstrukcijos veiksnys, nes jie da\u017enai veikiami at\u0161iauri\u0173 darbo s\u0105lyg\u0173. Med\u017eiagos turi b\u016bti atsparios dilimui ir korozijai, u\u017etikrinant, kad cilindras atlaikyt\u0173 ekstremalias s\u0105lygas, i\u0161laikydamas optimal\u0173 na\u0161um\u0105 laikui b\u0117gant.<\/p>\n<h3>Saugos funkcijos<\/h3>\n<p>Renkantis str\u0117l\u0117s cilindr\u0105, labai svarbu atsi\u017evelgti \u012f saugos aspektus. Tokios funkcijos kaip sl\u0117gio ma\u017einimo vo\u017etuvai ir saugos u\u017eraktai gali pad\u0117ti i\u0161vengti su hidrauliniais gedimais susijusi\u0173 nelaiming\u0173 atsitikim\u0173. \u0160i\u0173 saugos priemoni\u0173 \u012fgyvendinimas yra gyvybi\u0161kai svarbus tiek operatori\u0173, tiek \u012frangos apsaugai.<\/p>\n<h3>Prieinamumas prie prie\u017ei\u016bros<\/h3>\n<p>Projektuojant str\u0117l\u0117s cilindrus atsi\u017evelgiant \u012f prieinamum\u0105, galima lengviau juos pri\u017ei\u016br\u0117ti ir remontuoti. Tai gali \u017eymiai suma\u017einti prastovas ir pagerinti bendr\u0105 operacij\u0173 efektyvum\u0105. Lengvai aptarnaujami ar kei\u010diami komponentai prisid\u0117s prie \u012frangos ilgaam\u017ei\u0161kumo.<\/p>\n<p><img decoding=\"async\" src=\"https:\/\/www.hydraulic-cylinders.net\/wp-content\/uploads\/2025\/04\/songte-oil-pipes-and-spare-parts.webp\" alt=\"Naftos vamzd\u017eiai ir atsargin\u0117s dalys\"><\/p>\n<h2>Str\u0117l\u0117s cilindro sandarinimas ir tepimas<\/h2>\n<p>Str\u0117l\u0117s cilindr\u0173 sandarinimas ir tepimas yra labai svarb\u016bs j\u0173 funkcionalumui ir ilgaam\u017ei\u0161kumui palaikyti. Hidraulinio skys\u010dio nuot\u0117kiui i\u0161vengti naudojami \u012fvair\u016bs sandarikliai, \u012fskaitant st\u016bmokli\u0173 ir stryp\u0173 sandariklius. Sandarikliai, pagaminti i\u0161 atspari\u0173 dilimui med\u017eiag\u0173, toki\u0173 kaip poliuretanas ir nitrilo kau\u010diukas, padidina patvarum\u0105 ir na\u0161um\u0105.<\/p>\n<p>Cilindro korpusas ir srieginiai galai turi b\u016bti tiksliai apdirbti, siekiant pagerinti atsparum\u0105 dilimui ir sandarinimo efektyvum\u0105. Norint u\u017etikrinti skland\u0173 veikim\u0105 ir suma\u017einti trint\u012f, kuri gali sukelti prie\u0161laikin\u012f susid\u0117v\u0117jim\u0105, b\u016btina reguliariai tepti tinkama hidrauline alyva.<\/p>\n<h2>Reguliarios patikros ir prevencin\u0117s prie\u017ei\u016bros priemon\u0117s<\/h2>\n<ul>\n<li><strong>Reguliar\u016bs patikrinimai:<\/strong> Reguliariai tikrinkite, ar n\u0117ra nuot\u0117ki\u0173 ar susid\u0117v\u0117jimo po\u017eymi\u0173. Reguliarios ap\u017ei\u016bros gali pad\u0117ti nustatyti galimas problemas, kol jos netapo rimtomis.<\/li>\n<li><strong>Tinkamas tepimas:<\/strong> \u012esitikinkite, kad hidraulin\u0117s alyvos lygis yra pakankamas ir kad alyva yra \u0161vari. Tinkamas tepimas suma\u017eina trint\u012f ir susid\u0117v\u0117jim\u0105, pagerindamas cilindro na\u0161um\u0105 ir tarnavimo laik\u0105.<\/li>\n<li><strong>Sandariklio keitimas:<\/strong> Steb\u0117kite sandariklius, ar n\u0117ra nusid\u0117v\u0117jimo po\u017eymi\u0173, ir prireikus juos pakeiskite. Efektyvus sandarinimas yra labai svarbus norint palaikyti sl\u0117g\u012f ir i\u0161vengti hidraulinio skys\u010dio praradimo.<\/li>\n<\/ul>\n<h2>\u012erengimo gair\u0117s<\/h2>\n<p>Tinkamas str\u0117l\u0117s cilindro montavimas yra b\u016btinas optimaliam veikimui. Montavimo metu \u012fsitikinkite, kad cilindras yra tinkamai sulygiuotas, kad i\u0161vengtum\u0117te per didelio komponent\u0173 \u012ftempimo. Naudojant tinkamus tvirtinimo laikiklius, cilindras bus pritvirtintas vietoje ir neleis jam jud\u0117ti eksploatacijos metu.<\/p>\n<p>Follow the manufacturer&#8217;s specifications for torque settings and connector fittings to ensure a leak-free assembly. After installation, perform a thorough inspection to check for any misalignments or potential points of failure.<\/p>\n<h2>\u012eprastos prie\u017ei\u016bros u\u017eduotys<\/h2>\n<ul>\n<li><strong>Reguliar\u016bs patikrinimai:<\/strong> Labai svarbu periodi\u0161kai tikrinti, ar n\u0117ra matom\u0173 nusid\u0117v\u0117jimo ar nuot\u0117kio po\u017eymi\u0173. Eksploatacijos metu atkreipkite d\u0117mes\u012f \u012f bet kokius ne\u012fprastus garsus ar judesius. Reguliarios patikros gali pad\u0117ti i\u0161vengti didesni\u0173 problem\u0173.<\/li>\n<li><strong>Tinkamas tepimas:<\/strong> \u012esitikinkite, kad naudojama hidraulin\u0117 alyva yra tinkamos specifikacijos ir jos \u012fpilama tinkamu kiekiu. Tinkamas tepimas yra b\u016btinas efektyviam str\u0117l\u0117s cilindro veikimui.<\/li>\n<li><strong>Sandariklio keitimas:<\/strong> Atid\u017eiai steb\u0117kite sandariklius, ar n\u0117ra susid\u0117v\u0117jimo po\u017eymi\u0173. Keiskite sandariklius pagal gamintojo rekomendacijas, kad i\u0161laikytum\u0117te hidraulin\u012f vientisum\u0105 ir i\u0161vengtum\u0117te nuot\u0117ki\u0173.<\/li>\n<\/ul>\n<p>Montuodami \u012fsitikinkite, kad cilindras yra tinkamai sulygiuotas, kad jis neu\u017estrigt\u0173 ir nesusid\u0117v\u0117t\u0173. Tinkam\u0173 tvirtinimo atram\u0173 naudojimas pad\u0117s veiksmingai pritvirtinti cilindr\u0105. Nustatykite sistemos tikrinimo ir kalibravimo rutin\u0105, kad ji veikt\u0173 skland\u017eiai.<\/p>\n<p><img decoding=\"async\" src=\"https:\/\/www.hydraulic-cylinders.net\/wp-content\/uploads\/2025\/04\/songte-chushion-collar.webp\" alt=\"Pagalv\u0117l\u0117s apykakl\u0117\"><\/p>\n<h2>Saugos aspektai ir aplinkos veiksniai<\/h2>\n<p>Dirbant su hidraulin\u0117mis sistemomis, nepaprastai svarbu suprasti saugos priemones. Operatoriai turi b\u016bti apmokyti atpa\u017einti galimus su hidraulin\u0117mis sistemomis susijusius pavojus, tokius kaip auk\u0161tas sl\u0117gis ir skys\u010di\u0173 nuot\u0117kis. Saugos protokol\u0173 laikymasis apsaugo ne tik operatorius, bet ir \u012frang\u0105 bei aplink\u0105.<\/p>\n<h2>Gedim\u0173 diagnostika ir da\u017eniausios problemos<\/h2>\n<ul>\n<li><strong>Hidraulini\u0173 skys\u010di\u0173 nuot\u0117kiai:<\/strong> Reguliariai tikrinkite sandariklius ir jungtis, ar n\u0117ra nuot\u0117ki\u0173. Nuot\u0117kiai gali sukelti sl\u0117gio kritim\u0105 ir sistemos gedim\u0105.<\/li>\n<li><strong>Prastas cilindro veikimas:<\/strong> Jei cilindras skland\u017eiai nei\u0161siple\u010dia arba nesusitraukia, tai gali rodyti \u017eem\u0105 hidraulinio skys\u010dio lyg\u012f arba pa\u017eeistus sandariklius.<\/li>\n<li><strong>Ne\u012fprasti garsai:<\/strong> Veikimo metu klausykite, ar girdite girg\u017ed\u0117jimo ar beldimo garsus, kurie gali rodyti mechanines problemas cilindre.<\/li>\n<\/ul>\n<p>Norint i\u0161spr\u0119sti \u0161ias problemas, reikia nedelsiant imtis veiksm\u0173. Reguliarus techninis aptarnavimas ir tinkami patikrinimai gali pad\u0117ti i\u0161vengti daugelio \u012fprast\u0173 problem\u0173. Kokybi\u0161k\u0173 atsargini\u0173 dali\u0173 naudojimas u\u017etikrina str\u0117l\u0117s cilindro patikimum\u0105 ir efektyvum\u0105.<\/p>\n<p><img decoding=\"async\" src=\"https:\/\/www.hydraulic-cylinders.net\/wp-content\/uploads\/2025\/04\/songte-bushings-with-all-kinds-of-excavator-models.webp\" alt=\"\u012evor\u0117s su ekskavatori\u0173 modeliais\"><\/p>\n<h2>\u012emon\u0117s profilis<\/h2>\n<p>Esame pirmaujanti hidraulini\u0173 cilindr\u0173 gamintoja ir didmeninink\u0117, si\u016blanti plat\u0173 gamini\u0173 asortiment\u0105, atitinkant\u012f tiek vietin\u0117s, tiek tarptautin\u0117s rinkos poreikius. M\u016bs\u0173 \u012fsipareigojimas siekti meistri\u0161kumo skatina mus \u012fgyvendinti rafinuot\u0105 gamybos valdymo strategij\u0105, kurioje daugiausia d\u0117mesio skiriama kokybei ir efektyvumui. Pasitelkdami pa\u017eangias gamybos technologijas, kvalifikuotus specialistus ir grie\u017etas bandym\u0173 sistemas, nuolat tobuliname savo gamybos paj\u0117gumus.<\/p>\n<p>M\u016bs\u0173 paslaugos apima individualiai pritaikytus sprendimus, atitinkan\u010dius konkre\u010dius klient\u0173 reikalavimus, kuriuos patvirtina tarptautiniai sertifikatai, u\u017etikrinantys m\u016bs\u0173 gamini\u0173 kokyb\u0119 ir patikimum\u0105. Did\u017eiuojam\u0117s savo garantinio aptarnavimo paslaugomis, teikdami palaikym\u0105 ir prie\u017ei\u016br\u0105, kad m\u016bs\u0173 gaminiai veikt\u0173 optimaliai vis\u0105 j\u0173 gyvavimo laik\u0105.<\/p>\n<p><img decoding=\"async\" src=\"https:\/\/www.hydraulic-cylinders.net\/wp-content\/uploads\/2025\/04\/songte-company-4.webp\" alt=\"\u012emon\u0117s paveiksl\u0117lis 4\"><br \/>\n<img decoding=\"async\" src=\"https:\/\/www.hydraulic-cylinders.net\/wp-content\/uploads\/2025\/04\/songte-company-3.webp\" alt=\"\u012emon\u0117s paveiksl\u0117lis 3\"><\/p>\n<p>Autorius: lyl<\/p>","protected":false},"excerpt":{"rendered":"<p>Boom Cylinder For Atlas 2006LC Introduction to Boom Cylinder The Boom Cylinder for Atlas 2006LC is a specialized hydraulic cylinder designed to control the movement of various heavy machinery, including excavators, backhoe loaders, and front loaders. This essential component allows the bucket to lift, lower, and tilt, facilitating efficient material handling tasks. These hydraulic cylinders [&hellip;]<\/p>","protected":false},"featured_media":17872,"comment_status":"open","ping_status":"closed","template":"","meta":{"_et_pb_use_builder":"","_et_pb_old_content":"","_et_gb_content_width":""},"product_brand":[],"product_cat":[1546],"product_tag":[1547,1496],"class_list":{"0":"post-19639","1":"product","2":"type-product","3":"status-publish","4":"has-post-thumbnail","6":"product_cat-boom-cylinders","7":"product_tag-boom-cylinders","8":"product_tag-hydraulic-cylinders","10":"first","11":"instock","12":"shipping-taxable","13":"product-type-simple"},"amp_enabled":true,"_links":{"self":[{"href":"https:\/\/www.hydraulic-cylinders.net\/lt\/wp-json\/wp\/v2\/product\/19639","targetHints":{"allow":["GET"]}}],"collection":[{"href":"https:\/\/www.hydraulic-cylinders.net\/lt\/wp-json\/wp\/v2\/product"}],"about":[{"href":"https:\/\/www.hydraulic-cylinders.net\/lt\/wp-json\/wp\/v2\/types\/product"}],"replies":[{"embeddable":true,"href":"https:\/\/www.hydraulic-cylinders.net\/lt\/wp-json\/wp\/v2\/comments?post=19639"}],"wp:featuredmedia":[{"embeddable":true,"href":"https:\/\/www.hydraulic-cylinders.net\/lt\/wp-json\/wp\/v2\/media\/17872"}],"wp:attachment":[{"href":"https:\/\/www.hydraulic-cylinders.net\/lt\/wp-json\/wp\/v2\/media?parent=19639"}],"wp:term":[{"taxonomy":"product_brand","embeddable":true,"href":"https:\/\/www.hydraulic-cylinders.net\/lt\/wp-json\/wp\/v2\/product_brand?post=19639"},{"taxonomy":"product_cat","embeddable":true,"href":"https:\/\/www.hydraulic-cylinders.net\/lt\/wp-json\/wp\/v2\/product_cat?post=19639"},{"taxonomy":"product_tag","embeddable":true,"href":"https:\/\/www.hydraulic-cylinders.net\/lt\/wp-json\/wp\/v2\/product_tag?post=19639"}],"curies":[{"name":"wp","href":"https:\/\/api.w.org\/{rel}","templated":true}]}}