{"id":19641,"date":"2025-04-07T06:59:07","date_gmt":"2025-04-07T06:59:07","guid":{"rendered":"https:\/\/www.hydraulic-cylinders.net\/product\/boom-cylinder-for-atlas-3608lc\/"},"modified":"2025-04-07T06:59:10","modified_gmt":"2025-04-07T06:59:10","slug":"boom-cylinder-for-atlas-3608lc","status":"publish","type":"product","link":"https:\/\/www.hydraulic-cylinders.net\/lt\/produktas\/boom-cylinder-for-atlas-3608lc\/","title":{"rendered":"Str\u0117l\u0117s cilindras, skirtas \u201eAtlas 3608LC\u201c"},"content":{"rendered":"<h1>Str\u0117l\u0117s cilindras, skirtas \u201eAtlas 3608LC\u201c<\/h1>\n<h2>Produkto ap\u017evalga<\/h2>\n<p>\u201eAtlas 3608LC\u201c str\u0117l\u0117s cilindras yra pagrindinis hidraulini\u0173 sistem\u0173 komponentas, specialiai sukurtas sunkiosios technikos, tokios kaip ekskavatoriai, ekskavatoriniai krautuvai ir frontaliniai krautuvai, jud\u0117jimui valdyti. \u0160is hidraulinis cilindras leid\u017eia str\u0117lei kelti, nuleisti ir pakreipti, taip palengvindamas efektyv\u0173 med\u017eiag\u0173 tvarkym\u0105. Kau\u0161o cilindras suprojektuotas taip, kad atlaikyt\u0173 auk\u0161t\u0105 sl\u0117g\u012f ir dideles apkrovas, tod\u0117l jis yra b\u016btinas \u012fvairioms statybos ir pramon\u0117s reikm\u0117ms.<\/p>\n<p><img decoding=\"async\" src=\"https:\/\/www.hydraulic-cylinders.net\/wp-content\/uploads\/2025\/04\/songte-company-1.webp\" alt=\"Str\u0117l\u0117s cilindro vaizdas\" \/><\/p>\n<h2>Pagrindin\u0117s savyb\u0117s<\/h2>\n<ul>\n<li><strong>Didelis stiprumas ir ilgaam\u017ei\u0161kumas:<\/strong> Pagamintas i\u0161 didelio stiprumo plieno arba aliuminio, jis gali atlaikyti auk\u0161t\u0105 sl\u0117g\u012f ir dideles apkrovas, tod\u0117l tinka at\u0161iaurioms darbo aplinkoms. Konstrukcijoje atsi\u017evelgiama \u012f atsparum\u0105 dilimui ir korozijai, taip pailginant jo tarnavimo laik\u0105.<\/li>\n<li><strong>Efektyvus hidraulinis valdymas:<\/strong> Naudoja hidraulin\u0117s alyvos sl\u0117g\u012f skland\u017eiam teleskopiniam veikimui, leid\u017eia greitai reaguoti \u012f valdymo komandas ir u\u017etikrinti stipri\u0105 st\u016bmimo bei traukimo j\u0117g\u0105, idealiai tinka sunkiems daiktams tvarkyti ir sud\u0117tingoms u\u017eduotims atlikti.<\/li>\n<li><strong>Tip\u0173 \u012fvairov\u0117:<\/strong> Galima rinktis i\u0161 vienpusio veikimo (hidraulinis mechanizmas naudojamas tik viena kryptimi) arba dvipusio veikimo (hidraulinis mechanizmas naudojamas abiem kryptimis) cilindr\u0173, kad atitikt\u0173 skirtingus eksploatacinius poreikius. Kai kurie modeliai yra teleskopiniai, tod\u0117l juos galima labiau prailginti nedidinant i\u0161orini\u0173 matmen\u0173, tod\u0117l jie tinka naudoti ribotoje erdv\u0117je.<\/li>\n<li><strong>Individuali gamyba:<\/strong> \u0160\u012f gamin\u012f galime pagaminti pagal j\u016bs\u0173 specifikacijas, u\u017etikrindami puik\u0173 \u012fvairi\u0173 hidraulini\u0173 cilindr\u0173 pakeitim\u0105.<\/li>\n<\/ul>\n<p><img decoding=\"async\" src=\"https:\/\/www.hydraulic-cylinders.net\/wp-content\/uploads\/2025\/04\/songte-cylinder-head-with-all-kinds-excavator-models.webp\" alt=\"Cilindro galvut\u0117 ekskavatoriams\" \/><\/p>\n<h2>Parai\u0161kos<\/h2>\n<h3>Statybin\u0117 \u012franga<\/h3>\n<p>Ekskavatoriuose str\u0117l\u0117s cilindrai yra labai svarb\u016bs kasant, kraunant ir perkeliant grunt\u0105 ar \u0161iuk\u0161les. Jie suteikia reikiam\u0105 gali\u0105 \u0161ioms u\u017eduotims atlikti efektyviai. Ekskavatoriuose-krautuvuose str\u0117l\u0117s cilindras padeda tiek kasant, tiek keliant, leisdamas operatoriams skland\u017eiai perjungti u\u017eduotis.<\/p>\n<h3>\u017dem\u0117s \u016bkio technika<\/h3>\n<p>Priekiniuose krautuvuose naudojami str\u0117l\u0117s cilindrai yra b\u016btini dirvo\u017eemiui, \u0161ienui ir kitoms med\u017eiagoms semti, kelti ir transportuoti. Jie padidina \u017eem\u0117s \u016bkio darb\u0173 efektyvum\u0105, suteikdami galios, reikalingos sunkiems kroviniams efektyviai manevruoti.<\/p>\n<h3>Ekskavatoriai<\/h3>\n<p>Ekskavatoriuose str\u0117l\u0117s cilindras leid\u017eia kau\u0161ui \u012fsiskverbti \u012f dirv\u0105, taip palengvindamas kasimo proces\u0105. Jo konstrukcija u\u017etikrina, kad operatoriai gal\u0117t\u0173 pasiekti norim\u0105 gyl\u012f ir kamp\u0105, taip padidindami na\u0161um\u0105 statybviet\u0117je.<\/p>\n<h3>Krautuvai<\/h3>\n<p>Priekiniuose krautuvuose \u0161ie cilindrai padeda efektyviai kelti ir i\u0161versti med\u017eiagas. J\u0173 patikimas veikimas u\u017etikrina, kad tokios operacijos kaip transportavimas ir i\u0161vertimas b\u016bt\u0173 atliekamos skland\u017eiai ir efektyviai.<\/p>\n<h2>Dizaino aspektai<\/h2>\n<h3>Keliamoji galia<\/h3>\n<p>Str\u0117l\u0117s cilindro keliamoji galia yra labai svarbus projektavimo aspektas, lemiantis, kiek svorio jis gali saugiai pakelti. Apkrovos rib\u0173 supratimas padeda u\u017etikrinti, kad cilindras b\u016bt\u0173 naudojamas pagal numatytus parametrus, taip i\u0161vengiant gedim\u0173 ir pailginant jo tarnavimo laik\u0105.<\/p>\n<h3>Sandarinimo sistema<\/h3>\n<p>Tvirta sandarinimo sistema yra gyvybi\u0161kai svarbi norint palaikyti hidraulin\u012f sl\u0117g\u012f ir i\u0161vengti nuot\u0117ki\u0173. Auk\u0161tos kokyb\u0117s sandarikliai apsaugo nuo u\u017eter\u0161imo ir u\u017etikrina optimal\u0173 veikim\u0105, o tai yra labai svarbu hidraulini\u0173 sistem\u0173 patikimumui.<\/p>\n<h3>Patvarumas<\/h3>\n<p>Str\u0117l\u0117s cilindro patvarumas yra labai svarbus jo veikimui sud\u0117tingomis s\u0105lygomis. Tokios konstrukcijos ypatyb\u0117s kaip atsparios dilimui med\u017eiagos ir apsaugin\u0117s dangos prisideda prie cilindro ilgaam\u017ei\u0161kumo ir patikimumo, suma\u017eindamos prie\u017ei\u016bros poreik\u012f.<\/p>\n<h3>Saugos funkcijos<\/h3>\n<p>Saugumas yra svarbiausias hidraulini\u0173 cilindr\u0173 konstrukcijoje. Tokios savyb\u0117s kaip sl\u0117gio ma\u017einimo vo\u017etuvai ir gedim\u0173 prevencijos \u012ftaisai yra b\u016btinos siekiant i\u0161vengti nelaiming\u0173 atsitikim\u0173 ir u\u017etikrinti saug\u0173 darb\u0105 atliekant sunkius k\u0117limo darbus.<\/p>\n<h3>Naudojimo patogumas<\/h3>\n<p>Dar vienas svarbus projektavimo aspektas yra lengva prie\u017ei\u016bra. Hidrauliniai cilindrai tur\u0117t\u0173 b\u016bti suprojektuoti taip, kad b\u016bt\u0173 lengva prieiti prie komponent\u0173, kad prireikus b\u016bt\u0173 galima greitai juos remontuoti ir pakeisti, taip u\u017etikrinant minimal\u0173 ma\u0161in\u0173 prastovos laik\u0105.<\/p>\n<p><img decoding=\"async\" src=\"https:\/\/www.hydraulic-cylinders.net\/wp-content\/uploads\/2025\/04\/songte-oil-pipes-and-spare-parts.webp\" alt=\"Naftos vamzd\u017eiai ir atsargin\u0117s dalys\" \/><\/p>\n<h2>Sandarinimas ir tepimas<\/h2>\n<p>Str\u0117l\u0117s cilindro sandarinimo sistemoje naudojami \u012fvair\u016bs sandarikliai, \u012fskaitant st\u016bmokli\u0173 ir kot\u0173 sandariklius, pagamintus i\u0161 atspari\u0173 dilimui med\u017eiag\u0173, toki\u0173 kaip poliuretanas ir nitrilo kau\u010diukas. Cilindro korpusas ir srieginiai galiniai pavir\u0161iai yra kruop\u0161\u010diai apdirbti, siekiant padidinti atsparum\u0105 dilimui. Reguliarus tepimas hidrauline alyva yra b\u016btinas norint u\u017etikrinti skland\u0173 veikim\u0105 ir i\u0161vengti dilimo.<\/p>\n<h2>Prevencin\u0117s prie\u017ei\u016bros priemon\u0117s<\/h2>\n<ul>\n<li><strong>Reguliar\u016bs patikrinimai:<\/strong> Atlikite reguliarius patikrinimus, kad nustatytum\u0117te bet kokius susid\u0117v\u0117jimo ar pa\u017eeidimo po\u017eymius. Ankstyvas problem\u0173 nustatymas gali pad\u0117ti i\u0161vengti dideli\u0173 gedim\u0173.<\/li>\n<li><strong>Tinkamas tepimas:<\/strong> \u012esitikinkite, kad hidraulin\u0117s alyvos lygis yra tinkamas, ir reguliariai papildykite j\u0105, kad i\u0161laikytum\u0117te optimal\u0173 na\u0161um\u0105.<\/li>\n<li><strong>Sandariklio keitimas:<\/strong> Pasteb\u0117j\u0119 pirmuosius susid\u0117v\u0117jimo po\u017eymius, pakeiskite sandariklius, kad i\u0161vengtum\u0117te nuot\u0117ki\u0173 ir palaikytum\u0117te hidraulin\u012f sl\u0117g\u012f.<\/li>\n<\/ul>\n<h2>\u012erengimo gair\u0117s<\/h2>\n<p>Teisingas montavimas yra labai svarbus str\u0117l\u0117s cilindro veikimui ir ilgaam\u017ei\u0161kumui. Pirmiausia \u012fsitikinkite, kad visi komponentai yra \u0161var\u016bs ir be \u0161iuk\u0161li\u0173. Naudokite tinkamus lygiavimo \u012frankius, kad tiksliai nustatytum\u0117te cilindr\u0105, ir pritvirtinkite j\u012f atitinkamais tvirtinimo laikikliais. Laikykit\u0117s gamintojo nurodym\u0173 d\u0117l hidraulini\u0173 jung\u010di\u0173 ir sukimo momento nustatym\u0173. \u012edieg\u0119 atlikite funkcinius bandymus, kad \u012fsitikintum\u0117te, jog viskas veikia skland\u017eiai.<\/p>\n<h2>\u012eprastos prie\u017ei\u016bros u\u017eduotys<\/h2>\n<ul>\n<li><strong>Reguliar\u016bs patikrinimai:<\/strong> Atlikite reguliarius hidraulin\u0117s sistemos patikrinimus, kad nustatytum\u0117te bet kokius nuot\u0117kius ar veikimo sutrikimus. Greitas problem\u0173 sprendimas gali pad\u0117ti i\u0161vengti rimtesni\u0173 problem\u0173.<\/li>\n<li><strong>Tinkamas tepimas:<\/strong> \u012esitikinkite, kad str\u0117l\u0117s cilindras yra tinkamai suteptas pagal gamintojo rekomendacijas. Tinkamas sutepimas suma\u017eina trint\u012f ir susid\u0117v\u0117jim\u0105.<\/li>\n<li><strong>Sandariklio keitimas:<\/strong> Reguliariai steb\u0117kite tarpikli\u0173 b\u016bkl\u0119. Susid\u0117v\u0117jusi\u0173 tarpikli\u0173 keitimas yra labai svarbus norint palaikyti hidraulin\u012f sl\u0117g\u012f ir i\u0161vengti nuot\u0117ki\u0173.<\/li>\n<\/ul>\n<h2>Saugos aspektai ir aplinkos veiksniai<\/h2>\n<p>Naudojant hidraulinius cilindrus, pirmenyb\u0117 turi b\u016bti teikiama saugos priemon\u0117ms. Operatoriai tur\u0117t\u0173 b\u016bti apmokyti tinkamai naudoti \u012frang\u0105 ir atkreipti d\u0117mes\u012f \u012f galimus pavojus, susijusius su ja. Privaloma d\u0117v\u0117ti apsaugines priemones, o darbo zonoje neturi b\u016bti nereikaling\u0173 asmen\u0173 ir kli\u016b\u010di\u0173, kad b\u016bt\u0173 kuo labiau suma\u017einta rizika. Aplinkosaugos aspektai apima tinkam\u0105 hidraulini\u0173 skys\u010di\u0173 \u0161alinim\u0105 ir u\u017etikrinim\u0105, kad visi komponentai b\u016bt\u0173 gaunami i\u0161 tvari\u0173 \u0161altini\u0173.<\/p>\n<h2>Gedim\u0173 diagnostika ir da\u017eniausios problemos<\/h2>\n<ul>\n<li><strong>Nuot\u0117kio problemos:<\/strong> Hidraulinio skys\u010dio nuot\u0117kis gali rodyti sandariklio gedim\u0105 arba atsilaisvinusias jungtis. Patikrinkite sandariklius ir jungtis, ar n\u0117ra susid\u0117v\u0117jimo ar pa\u017eeidim\u0173 po\u017eymi\u0173, ir prireikus pakeiskite.<\/li>\n<li><strong>L\u0117tas veikimas:<\/strong> Jei str\u0117l\u0117s cilindras veikia l\u0117tai, tai gali rodyti \u017eem\u0105 hidraulinio skys\u010dio lyg\u012f arba or\u0105 sistemoje. Patikrinkite skys\u010dio lyg\u012f ir prireikus i\u0161leiskite i\u0161 sistemos or\u0105.<\/li>\n<li><strong>Nekontroliuojami judesiai:<\/strong> Tai gali atsirasti d\u0117l sl\u0117gio ma\u017einimo vo\u017etuvo gedim\u0173 arba valdymo vo\u017etuvo problem\u0173. Patikrinkite \u0161iuos komponentus ir prireikus pakeiskite arba suremontuokite.<\/li>\n<\/ul>\n<h2>Trik\u010di\u0173 \u0161alinimo patarimai<\/h2>\n<p>Nor\u0117dami efektyviai pa\u0161alinti triktis, visada vadovaukit\u0117s gamintojo gair\u0117mis. Reguliarus techninis aptarnavimas gali pad\u0117ti i\u0161vengti daugumos problem\u0173. Jei i\u0161kyla problem\u0173, prad\u0117kite nuo hidraulinio skys\u010dio lygio patikrinimo, sandarikli\u0173 susid\u0117v\u0117jimo patikrinimo ir matom\u0173 nuot\u0117ki\u0173 ap\u017ei\u016bros. Technin\u0117s prie\u017ei\u016bros \u017eurnalo vedimas gali pad\u0117ti nustatyti pasikartojan\u010dias problemas ir u\u017ekirsti keli\u0105 galimoms problemoms.<\/p>\n<p><img decoding=\"async\" src=\"https:\/\/www.hydraulic-cylinders.net\/wp-content\/uploads\/2025\/04\/songte-bushings-with-all-kinds-of-excavator-models.webp\" alt=\"Ekskavatori\u0173 \u012fvor\u0117s\" \/><\/p>\n<h2>Apie m\u016bs\u0173 \u012fmon\u0119<\/h2>\n<p>Esame pirmaujantis pakaitini\u0173 hidraulini\u0173 cilindr\u0173 gamintojas, si\u016blantis plat\u0173 gamini\u0173 asortiment\u0105, kuris leido mums tapti vienais i\u0161 pirmaujan\u010di\u0173 tiek\u0117j\u0173 tiek vidaus, tiek tarptautin\u0117se rinkose. Laikom\u0117s grie\u017et\u0173 kokyb\u0117s standart\u0173, kuriuos palaiko rafinuota pramonin\u0117s gamybos valdymo strategija. D\u0117mesys technologijoms, pa\u017eangiai gamybos \u012frangai ir profesionalioms bandym\u0173 sistemoms didina m\u016bs\u0173 gamybos paj\u0117gumus, leisdamas mums patenkinti \u012fvairius klient\u0173 poreikius dideliu efektyvumu, tikslumu ir kokybe.<\/p>\n<p><img decoding=\"async\" src=\"https:\/\/www.hydraulic-cylinders.net\/wp-content\/uploads\/2025\/04\/songte-company-4.webp\" alt=\"\u012emon\u0117s paveiksl\u0117lis 1\" \/><br \/>\n<img decoding=\"async\" src=\"https:\/\/www.hydraulic-cylinders.net\/wp-content\/uploads\/2025\/04\/songte-company-3.webp\" alt=\"\u012emon\u0117s paveiksl\u0117lis 2\" \/><\/p>\n<p>M\u016bs\u0173 atsidavimas profesionalumui, tarptautiniai sertifikatai, individualiai pritaikytos paslaugos, pa\u017eangi gamybos \u012franga ir i\u0161skirtinis aptarnavimas po pardavimo i\u0161skiria mus rinkoje.<\/p>\n<p>Autorius: lyl<\/p>","protected":false},"excerpt":{"rendered":"<p>Boom Cylinder For Atlas 3608LC Product Overview The Boom Cylinder for Atlas 3608LC is a pivotal component in hydraulic systems, specifically designed for controlling the movement of heavy machinery such as excavators, backhoe loaders, and front loaders. This hydraulic cylinder enables the boom to lift, lower, and tilt, facilitating efficient material handling tasks. The bucket [&hellip;]<\/p>","protected":false},"featured_media":17874,"comment_status":"open","ping_status":"closed","template":"","meta":{"_et_pb_use_builder":"","_et_pb_old_content":"","_et_gb_content_width":""},"product_brand":[],"product_cat":[1546],"product_tag":[1547,1496],"class_list":{"0":"post-19641","1":"product","2":"type-product","3":"status-publish","4":"has-post-thumbnail","6":"product_cat-boom-cylinders","7":"product_tag-boom-cylinders","8":"product_tag-hydraulic-cylinders","10":"first","11":"instock","12":"shipping-taxable","13":"product-type-simple"},"amp_enabled":true,"_links":{"self":[{"href":"https:\/\/www.hydraulic-cylinders.net\/lt\/wp-json\/wp\/v2\/product\/19641","targetHints":{"allow":["GET"]}}],"collection":[{"href":"https:\/\/www.hydraulic-cylinders.net\/lt\/wp-json\/wp\/v2\/product"}],"about":[{"href":"https:\/\/www.hydraulic-cylinders.net\/lt\/wp-json\/wp\/v2\/types\/product"}],"replies":[{"embeddable":true,"href":"https:\/\/www.hydraulic-cylinders.net\/lt\/wp-json\/wp\/v2\/comments?post=19641"}],"wp:featuredmedia":[{"embeddable":true,"href":"https:\/\/www.hydraulic-cylinders.net\/lt\/wp-json\/wp\/v2\/media\/17874"}],"wp:attachment":[{"href":"https:\/\/www.hydraulic-cylinders.net\/lt\/wp-json\/wp\/v2\/media?parent=19641"}],"wp:term":[{"taxonomy":"product_brand","embeddable":true,"href":"https:\/\/www.hydraulic-cylinders.net\/lt\/wp-json\/wp\/v2\/product_brand?post=19641"},{"taxonomy":"product_cat","embeddable":true,"href":"https:\/\/www.hydraulic-cylinders.net\/lt\/wp-json\/wp\/v2\/product_cat?post=19641"},{"taxonomy":"product_tag","embeddable":true,"href":"https:\/\/www.hydraulic-cylinders.net\/lt\/wp-json\/wp\/v2\/product_tag?post=19641"}],"curies":[{"name":"wp","href":"https:\/\/api.w.org\/{rel}","templated":true}]}}