{"id":19642,"date":"2025-04-07T06:59:10","date_gmt":"2025-04-07T06:59:10","guid":{"rendered":"https:\/\/www.hydraulic-cylinders.net\/product\/boom-cylinder-for-atlas-7008lc\/"},"modified":"2025-04-07T06:59:12","modified_gmt":"2025-04-07T06:59:12","slug":"boom-cylinder-for-atlas-7008lc","status":"publish","type":"product","link":"https:\/\/www.hydraulic-cylinders.net\/lt\/produktas\/boom-cylinder-for-atlas-7008lc\/","title":{"rendered":"Str\u0117l\u0117s cilindras, skirtas \u201eAtlas 7008LC\u201c"},"content":{"rendered":"<h1>Str\u0117l\u0117s cilindras, skirtas \u201eAtlas 7008LC\u201c<\/h1>\n<h2>Str\u0117l\u0117s cilindro supratimas<\/h2>\n<p>Str\u0117l\u0117s cilindras yra labai svarbus komponentas, randamas \u012fvairiose sunkiosiose ma\u0161inose, ypa\u010d ekskavatoriuose, ekskavatoriniuose krautuvais ir frontaliniuose krautuvuose. Tai hidraulinio cilindro tipas, specialiai sukurtas kau\u0161o jud\u0117jimui valdyti, leid\u017eiantis operatoriams tiksliai pakelti, nuleisti ir pakreipti kau\u0161\u0105. \u0160i funkcija yra b\u016btina efektyviam med\u017eiag\u0173 tvarkymui, tod\u0117l str\u0117l\u0117s cilindrai yra nepakei\u010diami statybos ir \u017eem\u0117s kasimo darbuose.<\/p>\n<p>Hidraulin\u0117je sistemoje str\u0117l\u0117s cilindras atlieka gyvybi\u0161kai svarb\u0173 vaidmen\u012f, nes jis paver\u010dia hidraulinio skys\u010dio sl\u0117g\u012f mechanine j\u0117ga, u\u017etikrindamas skland\u017eius ir galingus judesius. Kai hidraulinis skystis patenka \u012f cilindr\u0105, jis stumia st\u016bmokl\u012f, kuris tada judina jungiam\u0105j\u012f stryp\u0105 ir galiausiai kau\u0161\u0105. Galimyb\u0117 valdyti kau\u0161o pad\u0117t\u012f leid\u017eia efektyviai kasti, krauti ir transportuoti med\u017eiagas, taip padidinant bendr\u0105 na\u0161um\u0105.<\/p>\n<p><img decoding=\"async\" src=\"https:\/\/www.hydraulic-cylinders.net\/wp-content\/uploads\/2025\/04\/songte-company-1.webp\" alt=\"Str\u0117l\u0117s cilindras, skirtas \u201eAtlas 7008LC\u201c\"\/><\/p>\n<h2>Str\u0117l\u0117s cilindro savyb\u0117s<\/h2>\n<ul>\n<li>\n<h3>Didelis stiprumas ir ilgaam\u017ei\u0161kumas<\/h3>\n<p>Paprastai i\u0161 didelio stiprumo plieno arba aliuminio gaminamas str\u0117l\u0117s cilindras yra suprojektuotas taip, kad atlaikyt\u0173 auk\u0161t\u0105 sl\u0117g\u012f ir dideles apkrovas. Jo konstrukcija atsi\u017evelg\u0117 \u012f atsparum\u0105 dilimui ir apsaug\u0105 nuo korozijos, u\u017etikrinant ilgesn\u012f tarnavimo laik\u0105 net ir esant at\u0161iaurioms darbo s\u0105lygoms.<\/p>\n<\/li>\n<li>\n<h3>Efektyvus hidraulinis valdymas<\/h3>\n<p>\u0160i konstrukcija naudoja hidraulin\u0117s alyvos sl\u0117g\u012f, kad b\u016bt\u0173 u\u017etikrintas sklandus i\u0161pl\u0117timas ir \u012ftraukimas, leid\u017eiantis greitai reaguoti \u012f operatoriaus komandas. \u0160is efektyvumas u\u017etikrina tvirtas st\u016bmimo ir traukimo j\u0117gas, tod\u0117l jis tinka sunki\u0173 daikt\u0173 k\u0117limui ir sud\u0117tingoms operacijoms.<\/p>\n<\/li>\n<li>\n<h3>\u012evair\u016bs tipai<\/h3>\n<p>Str\u0117l\u0117s cilindrai gali b\u016bti \u012fvairi\u0173 konfig\u016bracij\u0173, \u012fskaitant vienpusio veikimo (hidraulin\u0119 j\u0117g\u0105 naudojant viena kryptimi) ir dvipusio veikimo (veikian\u010dius abiem kryptimis). Kai kurie modeliai yra teleskopiniai, tod\u0117l juos galima labiau i\u0161tiesti nedidinant i\u0161orini\u0173 matmen\u0173, tod\u0117l jie idealiai tinka naudoti su ribota erdve.<\/p>\n<\/li>\n<li>\n<h3>Pritaikomi sprendimai<\/h3>\n<p>M\u016bs\u0173 gamybos paj\u0117gumai leid\u017eia mums gaminti str\u0117l\u0117s cilindrus, kurie puikiai pakei\u010dia esamus hidraulinius cilindrus, u\u017etikrinant suderinamum\u0105 ir na\u0161um\u0105.<\/p>\n<\/li>\n<li>\n<h3>Pa\u017eangios gamybos technologijos<\/h3>\n<p>Naudodami pa\u017eangiausias technologijas gamybos procesuose, garantuojame auk\u0161tos kokyb\u0117s gaminius, atitinkan\u010dius pramon\u0117s standartus.<\/p>\n<\/li>\n<\/ul>\n<p><img decoding=\"async\" src=\"https:\/\/www.hydraulic-cylinders.net\/wp-content\/uploads\/2025\/04\/songte-cylinder-head-with-all-kinds-excavator-models.webp\" alt=\"Hidraulinio cilindro galvut\u0117\"\/><\/p>\n<h2>Str\u0117l\u0117s cilindro pritaikymas<\/h2>\n<ul>\n<li>\n<h3>Statybin\u0117 \u012franga<\/h3>\n<p>Ekskavatoriuose str\u0117l\u0117s cilindrai yra labai svarb\u016bs kasant, kraunant ir perkeliant grunt\u0105 ar \u0161iuk\u0161les. Jie leid\u017eia kau\u0161ui efektyviai \u012fsiskverbti \u012f \u017eem\u0119, palengvindami kasimo procesus. Ekskavatoriuose-krautuvuose \u0161ie cilindrai padeda tiek kasti, tiek kelti, padidindami universalum\u0105 ir efektyvum\u0105 statybviet\u0117se.<\/p>\n<\/li>\n<li>\n<h3>\u017dem\u0117s \u016bkio technika<\/h3>\n<p>Priekiniuose krautuvuose str\u0117l\u0117s cilindrai atlieka gyvybi\u0161kai svarb\u0173 vaidmen\u012f semiant, keliant ir transportuojant \u012fvairias med\u017eiagas, tokias kaip dirvo\u017eemis, \u0161ienas ir kiti \u017eem\u0117s \u016bkio produktai. D\u0117l tvirtos konstrukcijos jie leid\u017eia efektyviai valdyti sunkius krovinius, tod\u0117l yra b\u016btini \u012frankiai \u017eem\u0117s \u016bkio darbuose.<\/p>\n<\/li>\n<li>\n<h3>Ekskavatoriai<\/h3>\n<p>Str\u0117l\u0117s cilindras leid\u017eia kau\u0161ui \u012fsiskverbti \u012f grunt\u0105, tiksliai atliekant kasimo veiksmus. \u0160i galimyb\u0117 yra labai svarbi \u012fvairiuose \u017eem\u0117s kasimo projektuose, u\u017etikrinant efektyv\u0173 grunto pa\u0161alinim\u0105 ir paruo\u0161im\u0105 statyboms.<\/p>\n<\/li>\n<li>\n<h3>Krautuvai<\/h3>\n<p>Priekiniuose krautuvuose \u0161ie cilindrai padeda kelti ir i\u0161versti med\u017eiagas, taip pagerindami veiklos efektyvum\u0105. J\u0173 patikimas veikimas u\u017etikrina, kad med\u017eiagos b\u016bt\u0173 perkeliamos ir dedamos greitai ir tiksliai.<\/p>\n<\/li>\n<\/ul>\n<h2>Projektavimo aspektai ir atrankos kriterijai<\/h2>\n<ul>\n<li>\n<h3>Keliamoji galia<\/h3>\n<p>Renkantis str\u0117l\u0117s cilindr\u0105, labai svarbu suprasti jo keliam\u0105j\u0105 gali\u0105. Cilindras turi atlaikyti maksimal\u0173 svor\u012f, su kuriuo susidurs eksploatacijos metu, nepakenkiant na\u0161umui ar saugumui. Tinkamai parinktas cilindras u\u017etikrina, kad dideli kroviniai bus tvarkomi efektyviai, suma\u017einant gedimo rizik\u0105.<\/p>\n<\/li>\n<li>\n<h3>Sandarinimo technologija<\/h3>\n<p>Efektyvus sandarinimas yra labai svarbus str\u0117l\u0117s cilindr\u0173 veikimo efektyvumui. Auk\u0161tos kokyb\u0117s sandarikliai apsaugo nuo hidraulinio skys\u010dio nuot\u0117kio, d\u0117l kurio gali suma\u017e\u0117ti na\u0161umas ir padid\u0117ti nusid\u0117v\u0117jimas. Tinkam\u0173 sandarinimo med\u017eiag\u0173, toki\u0173 kaip poliuretanas ir nitrilo kau\u010diukas, pasirinkimas yra labai svarbus siekiant padidinti patvarum\u0105 ir i\u0161laikyti funkcionalum\u0105 esant sl\u0117giui.<\/p>\n<\/li>\n<li>\n<h3>Patvarumas<\/h3>\n<p>Str\u0117l\u0117s cilindro konstrukcin\u0117s med\u017eiagos ir konstrukcija tur\u0117t\u0173 b\u016bti orientuoti \u012f patvarum\u0105, kad atlaikyt\u0173 at\u0161iaurias eksploatavimo s\u0105lygas. Patvarus cilindras bus atsparus dilimui ir korozijai, tod\u0117l pailg\u0117s jo tarnavimo laikas ir suma\u017e\u0117s prie\u017ei\u016bros i\u0161laidos. Gamintojai da\u017enai naudoja pa\u017eangias dangas ir apdorojimo b\u016bdus, kad padidint\u0173 hidraulini\u0173 cilindr\u0173 ilgaam\u017ei\u0161kum\u0105.<\/p>\n<\/li>\n<li>\n<h3>Saugos funkcijos<\/h3>\n<p>Projektuojant str\u0117l\u0117s cilindrus, b\u016btina \u012ftraukti saugos funkcijas. Tai apima sl\u0117gio ma\u017einimo vo\u017etuvus, skirtus i\u0161vengti perkrov\u0173, ir sistemas, u\u017etikrinan\u010dias tinkam\u0105 suderinim\u0105 eksploatacijos metu. Sauga yra svarbiausias r\u016bpestis, o cilindrai turi veikti patikimai, nekeldami pavojaus operatoriams ar \u012frangai.<\/p>\n<\/li>\n<li>\n<h3>Prieinamumas prie prie\u017ei\u016bros<\/h3>\n<p>Dar vienas svarbus projektavimo aspektas yra paprastas technin\u0117s prie\u017ei\u016bros atlikimas. Str\u0117l\u0117s cilindrai tur\u0117t\u0173 b\u016bti lengvai sutepami, ap\u017ei\u016brimi ir gali b\u016bti remontuojami. Konstrukcijos, kurios u\u017etikrina lengv\u0105 prieig\u0105 prie komponent\u0173, gali \u017eymiai suma\u017einti prastovas ir u\u017etikrinti efektyv\u0173 technin\u0117s prie\u017ei\u016bros darb\u0173 atlikim\u0105.<\/p>\n<\/li>\n<\/ul>\n<p><img decoding=\"async\" src=\"https:\/\/www.hydraulic-cylinders.net\/wp-content\/uploads\/2025\/04\/songte-oil-pipes-and-spare-parts.webp\" alt=\"Hidraulin\u0117s alyvos vamzd\u017eiai ir atsargin\u0117s dalys\"\/><\/p>\n<h2>Sandarinimas ir tepimas<\/h2>\n<p>Efektyvus sandarinimas ir tepimas yra nepaprastai svarb\u016bs optimaliam str\u0117l\u0117s cilindr\u0173 veikimui. Hidrauliniam vientisumui palaikyti naudojami \u012fvair\u016bs sandarinimo komponentai, tokie kaip st\u016bmokli\u0173 ir stryp\u0173 sandarikliai. Sandarikliai, pagaminti i\u0161 atspari\u0173 dilimui med\u017eiag\u0173, toki\u0173 kaip poliuretanas ir nitrilo kau\u010diukas, parenkami d\u0117l j\u0173 patvarumo esant sl\u0117gio ir temperat\u016bros svyravimams.<\/p>\n<p>Cilindro korpusas ir srieginiai galai yra kruop\u0161\u010diai apdirbti, siekiant padidinti j\u0173 atsparum\u0105 dilimui ir pailginti hidraulin\u0117s sistemos tarnavimo laik\u0105. Reguliarus tepimas hidrauline alyva yra b\u016btinas, kad judan\u010dios dalys veikt\u0173 skland\u017eiai ir b\u016bt\u0173 i\u0161vengta nusid\u0117v\u0117jimo, kuris gali sukelti cilindro gedim\u0105.<\/p>\n<h2>Prevencin\u0117s prie\u017ei\u016bros priemon\u0117s<\/h2>\n<ul>\n<li>\n<h3>Reguliar\u016bs patikrinimai<\/h3>\n<p>Reik\u0117t\u0173 reguliariai atlikti patikrinimus, siekiant patikrinti, ar n\u0117ra susid\u0117v\u0117jimo, pa\u017eeidim\u0173 ar skys\u010di\u0173 nuot\u0117kio po\u017eymi\u0173. Ankstyvas problem\u0173 nustatymas gali pad\u0117ti i\u0161vengti rimtesni\u0173 problem\u0173 ateityje ir u\u017etikrinti saug\u0173 darb\u0105.<\/p>\n<\/li>\n<li>\n<h3>Tinkamas tepimas<\/h3>\n<p>\u012esitikinkite, kad hidraulin\u0117s alyvos lygis yra papildomas pagal gamintojo nurodymus. Tinkamas tepimas suma\u017eina trint\u012f ir susid\u0117v\u0117jim\u0105, pailgindamas cilindro eksploatavimo laik\u0105.<\/p>\n<\/li>\n<li>\n<h3>Sandariklio keitimas<\/h3>\n<p>Tarpiklius reikia reguliariai tikrinti ir keisti, kai atsiranda susid\u0117v\u0117jimo po\u017eymi\u0173. Labai svarbu palaikyti ger\u0105 tarpikli\u0173 b\u016bkl\u0119, kad b\u016bt\u0173 i\u0161vengta nuot\u0117ki\u0173 ir palaikomas hidraulinis sl\u0117gis.<\/p>\n<\/li>\n<\/ul>\n<h2>\u012erengimo gair\u0117s<\/h2>\n<p>Tinkamas str\u0117l\u0117s cilindro montavimas yra b\u016btinas optimaliam veikimui ir saugumui u\u017etikrinti. Prie\u0161 montuodami pirmiausia \u012fsitikinkite, kad hidraulin\u0117je sistemoje n\u0117ra sl\u0117gio. Atsargiai sulygiuokite cilindr\u0105 su tvirtinimo laikikliais, u\u017etikrindami, kad jis b\u016bt\u0173 tiesus ir tvirtai pritvirtintas. Tinkam\u0173 tvirtinimo laikikli\u0173 naudojimas padeda stabilizuoti cilindr\u0105 ir i\u0161vengti nesuderinamumo eksploatacijos metu.<\/p>\n<p>Prie\u0161 \u012fjungdami sistem\u0105, patikrinkite, ar visos hidraulin\u0117s jungtys yra sandarios ir nepraleid\u017eia vandens. Po \u012frengimo atlikite i\u0161sam\u0173 patikrinim\u0105, kad \u012fsitikintum\u0117te, jog viskas veikia tinkamai. Reguliariai steb\u0117kite cilindro veikim\u0105, ie\u0161kodami bet koki\u0173 pa\u017eeidim\u0173 po\u017eymi\u0173, kurie gali rodyti netinkam\u0105 \u012frengim\u0105 ar susid\u0117v\u0117jim\u0105.<\/p>\n<h2>Prie\u017ei\u016bros u\u017eduotys<\/h2>\n<ul>\n<li>\n<h3>Reguliar\u016bs patikrinimai<\/h3>\n<p>Reguliariai tikrinti str\u0117l\u0117s cilindr\u0105 yra labai svarbu. Ie\u0161kokite bet koki\u0173 pa\u017eeidim\u0173, susid\u0117v\u0117jimo ar skys\u010di\u0173 nuot\u0117kio po\u017eymi\u0173. Patikrinkite sandarikli\u0173 vientisum\u0105 ir \u012fsitikinkite, kad n\u0117ra matom\u0173 \u012ftr\u016bkim\u0173 ar deformacij\u0173. Laiku nustatant galimas problemas galima i\u0161vengti katastrofi\u0161k\u0173 gedim\u0173 eksploatacijos metu.<\/p>\n<\/li>\n<li>\n<h3>Tinkamas tepimas<\/h3>\n<p>Tepimas yra gyvybi\u0161kai svarbus skland\u017eiam str\u0117l\u0117s cilindr\u0173 veikimui. B\u016btina naudoti tinkamo tipo hidraulin\u0119 alyv\u0105, kaip nurodyta gamintojo. \u012esitikinkite, kad alyva yra \u0161vari ir be ter\u0161al\u0173, nes ne\u0161vari alyva gali padidinti cilindro susid\u0117v\u0117jim\u0105 ir galim\u0105 gedim\u0105.<\/p>\n<\/li>\n<li>\n<h3>Sandariklio keitimas<\/h3>\n<p>Tarpikliai yra labai svarb\u016bs hidrauliniam vientisumui palaikyti ir turi b\u016bti pakeisti, kai atsiranda susid\u0117v\u0117jimo po\u017eymi\u0173. Reguliariai tikrinkite tarpikli\u0173 b\u016bkl\u0119 ir, jei aptinkate nuot\u0117ki\u0173, nedelsdami juos pakeiskite, kad i\u0161vengtum\u0117te tolesni\u0173 cilindro pa\u017eeidim\u0173 ir i\u0161laikytum\u0117te optimal\u0173 na\u0161um\u0105.<\/p>\n<\/li>\n<\/ul>\n<p><img decoding=\"async\" src=\"https:\/\/www.hydraulic-cylinders.net\/wp-content\/uploads\/2025\/04\/songte-chushion-collar.webp\" alt=\"Pagalv\u0117l\u0117s apykakl\u0117\"\/><\/p>\n<h2>Saugos aspektai ir aplinkos veiksniai<\/h2>\n<p>Saugos priemoni\u0173 \u012fgyvendinimas str\u0117l\u0117s cilindr\u0173 eksploatavimo metu yra nepaprastai svarbus. Operatoriai turi b\u016bti apmokyti saugiai elgtis su hidraulin\u0117mis sistemomis, suprasti su auk\u0161to sl\u0117gio ma\u0161inomis susijusi\u0105 rizik\u0105. Visada reikia naudoti saugos \u012frang\u0105 ir imtis tinkam\u0173 atsargumo priemoni\u0173, kad b\u016bt\u0173 i\u0161vengta nelaiming\u0173 atsitikim\u0173. Be to, siekiant suma\u017einti hidraulini\u0173 operacij\u0173 poveik\u012f aplinkai, b\u016btini aplinkosaugos aspektai, pavyzd\u017eiui, hidraulini\u0173 skys\u010di\u0173 i\u0161siliejimo tvarkymas ir tinkamas sen\u0173 sandarikli\u0173 bei tepal\u0173 utilizavimas.<\/p>\n<h2>Gedim\u0173 diagnostika ir da\u017eniausios problemos<\/h2>\n<ul>\n<li>\n<h3>Skys\u010di\u0173 nuot\u0117kiai<\/h3>\n<p>Skys\u010di\u0173 nuot\u0117kiai yra da\u017ena hidraulini\u0173 cilindr\u0173 problema, kuri\u0105 da\u017enai sukelia susid\u0117v\u0117j\u0119 sandarikliai arba pa\u017eeistos \u017earnos. Reguliariai tikrinant, ar n\u0117ra nuot\u0117ki\u0173, galima i\u0161vengti hidraulinio sl\u0117gio praradimo ir i\u0161laikyti sistemos efektyvum\u0105. Jei aptinkamas nuot\u0117kis, i\u0161tirkite prie\u017east\u012f ir pakeiskite reikiamus komponentus.<\/p>\n<\/li>\n<li>\n<h3>Suma\u017eintas na\u0161umas<\/h3>\n<p>Jei str\u0117l\u0117s cilindro veikimas suma\u017e\u0117j\u0119s, pavyzd\u017eiui, jis l\u0117tai juda arba nereaguoja, tai gali reik\u0161ti \u017eem\u0105 hidraulinio skys\u010dio lyg\u012f arba or\u0105 sistemoje. Reguliariai tikrinkite skys\u010dio lyg\u012f ir prireikus nuorinkite sistem\u0105, kad i\u0161laikytum\u0117te optimal\u0173 veikim\u0105.<\/p>\n<\/li>\n<li>\n<h3>Perkaitimas<\/h3>\n<p>Perkaitimas gali \u012fvykti d\u0117l per didel\u0117s apkrovos arba nepakankamo tepimo. Steb\u0117kite hidraulini\u0173 skys\u010di\u0173 temperat\u016br\u0105 ir u\u017etikrinkite, kad sistema neb\u016bt\u0173 perkrauta. Reguliar\u016bs tepimo patikrinimai pad\u0117s palaikyti darbin\u0119 temperat\u016br\u0105 ir na\u0161um\u0105.<\/p>\n<\/li>\n<\/ul>\n<p>Norint efektyviai diagnozuoti ir i\u0161spr\u0119sti problemas, svarbu laikytis gamintojo nurodym\u0173 ir reguliariai atlikti technin\u0117s prie\u017ei\u016bros patikrinimus. Prevencin\u0117s priemon\u0117s gali gerokai suma\u017einti problem\u0173 tikimyb\u0119, u\u017etikrinant patikim\u0105 ir efektyv\u0173 veikim\u0105.<\/p>\n<p><img decoding=\"async\" src=\"https:\/\/www.hydraulic-cylinders.net\/wp-content\/uploads\/2025\/04\/songte-bushings-with-all-kinds-of-excavator-models.webp\" alt=\"Ekskavatori\u0173 modeli\u0173 \u012fvor\u0117s\"\/><\/p>\n<h2>Apie m\u016bs\u0173 \u012fmon\u0119<\/h2>\n<p>Esame pirmaujanti hidraulini\u0173 cilindr\u0173 gamintoja ir didmeninink\u0117, \u012fsipareigojusi tiekti auk\u0161tos kokyb\u0117s gaminius tiek vidaus, tiek tarptautin\u0117ms rinkoms. D\u0117l plataus gamini\u0173 asortimento esame pagrindiniai hidraulini\u0173 cilindr\u0173 pramon\u0117s dalyviai.<\/p>\n<p>M\u016bs\u0173 \u012fsipareigojim\u0105 siekti meistri\u0161kumo palaiko gerai strukt\u016brizuota gamybos valdymo strategija, veikianti kruop\u0161\u010diai suderintose gamybos dirbtuv\u0117se. Pasitelkdami kvalifikuotus techninius darbuotojus, pa\u017eangi\u0105 skaitmenin\u0119 gamybos \u012frang\u0105 ir profesionali\u0105 testavimo sistem\u0105, nuolat tobuliname savo gamybos platform\u0105 ir geriname gamini\u0173 kokyb\u0119.<\/p>\n<p>M\u016bs\u0173 galimyb\u0117s apima ir individualius sprendimus, pritaikytus unikaliems klient\u0173 poreikiams. Siekdami u\u017etikrinti klient\u0173 pasitenkinim\u0105 ir kurti ilgalaikes partnerystes, teikiame pirmenyb\u0119 profesionaliam aptarnavimui, tarptautiniams sertifikatams ir stipriam aptarnavimui po pardavimo.<\/p>\n<p><img decoding=\"async\" src=\"https:\/\/www.hydraulic-cylinders.net\/wp-content\/uploads\/2025\/04\/songte-company-4.webp\" alt=\"\u012emon\u0117s ap\u017evalga\"\/><br \/>\n<img decoding=\"async\" src=\"https:\/\/www.hydraulic-cylinders.net\/wp-content\/uploads\/2025\/04\/songte-company-3.webp\" alt=\"\u012emon\u0117s patalpos\"\/><\/p>\n<p>Autorius: lyl<\/p>","protected":false},"excerpt":{"rendered":"<p>Boom Cylinder For Atlas 7008LC Understanding the Boom Cylinder The boom cylinder is a critical component found in various heavy machinery, particularly excavators, backhoe loaders, and front-end loaders. It is a type of hydraulic cylinder specifically designed to control the movement of the bucket, allowing operators to lift, lower, and tilt the bucket with precision. [&hellip;]<\/p>","protected":false},"featured_media":17875,"comment_status":"open","ping_status":"closed","template":"","meta":{"_et_pb_use_builder":"","_et_pb_old_content":"","_et_gb_content_width":""},"product_brand":[],"product_cat":[1546],"product_tag":[1547,1496],"class_list":{"0":"post-19642","1":"product","2":"type-product","3":"status-publish","4":"has-post-thumbnail","6":"product_cat-boom-cylinders","7":"product_tag-boom-cylinders","8":"product_tag-hydraulic-cylinders","10":"first","11":"instock","12":"shipping-taxable","13":"product-type-simple"},"amp_enabled":true,"_links":{"self":[{"href":"https:\/\/www.hydraulic-cylinders.net\/lt\/wp-json\/wp\/v2\/product\/19642","targetHints":{"allow":["GET"]}}],"collection":[{"href":"https:\/\/www.hydraulic-cylinders.net\/lt\/wp-json\/wp\/v2\/product"}],"about":[{"href":"https:\/\/www.hydraulic-cylinders.net\/lt\/wp-json\/wp\/v2\/types\/product"}],"replies":[{"embeddable":true,"href":"https:\/\/www.hydraulic-cylinders.net\/lt\/wp-json\/wp\/v2\/comments?post=19642"}],"wp:featuredmedia":[{"embeddable":true,"href":"https:\/\/www.hydraulic-cylinders.net\/lt\/wp-json\/wp\/v2\/media\/17875"}],"wp:attachment":[{"href":"https:\/\/www.hydraulic-cylinders.net\/lt\/wp-json\/wp\/v2\/media?parent=19642"}],"wp:term":[{"taxonomy":"product_brand","embeddable":true,"href":"https:\/\/www.hydraulic-cylinders.net\/lt\/wp-json\/wp\/v2\/product_brand?post=19642"},{"taxonomy":"product_cat","embeddable":true,"href":"https:\/\/www.hydraulic-cylinders.net\/lt\/wp-json\/wp\/v2\/product_cat?post=19642"},{"taxonomy":"product_tag","embeddable":true,"href":"https:\/\/www.hydraulic-cylinders.net\/lt\/wp-json\/wp\/v2\/product_tag?post=19642"}],"curies":[{"name":"wp","href":"https:\/\/api.w.org\/{rel}","templated":true}]}}