{"id":19644,"date":"2025-04-07T06:59:16","date_gmt":"2025-04-07T06:59:16","guid":{"rendered":"https:\/\/www.hydraulic-cylinders.net\/product\/boom-cylinder-for-atlas-2307lc\/"},"modified":"2025-04-07T06:59:19","modified_gmt":"2025-04-07T06:59:19","slug":"boom-cylinder-for-atlas-2307lc","status":"publish","type":"product","link":"https:\/\/www.hydraulic-cylinders.net\/lt\/produktas\/boom-cylinder-for-atlas-2307lc\/","title":{"rendered":"Str\u0117l\u0117s cilindras, skirtas \u201eAtlas 2307LC\u201c"},"content":{"rendered":"<h1>Str\u0117l\u0117s cilindras, skirtas \u201eAtlas 2307LC\u201c<\/h1>\n<h2>\u012evadas \u012f str\u0117l\u0117s cilindr\u0105<\/h2>\n<p>Str\u0117l\u0117s cilindras yra gyvybi\u0161kai svarbus hidraulini\u0173 sistem\u0173 komponentas, ypa\u010d sunkiosiose ma\u0161inose, tokiose kaip ekskavatoriai, ekskavatoriai ir frontaliniai krautuvai. \u0160is hidraulinis cilindras yra specialiai sukurtas kau\u0161o jud\u0117jimui valdyti, leid\u017eiant jam efektyviai pakelti, nuleisti ir pakreipti atliekant med\u017eiag\u0173 tvarkymo u\u017eduotis. Str\u0117l\u0117s cilindro funkcionalumas yra labai svarbus statybin\u0117s \u012frangos valdymui, u\u017etikrinant, kad operatoriai gal\u0117t\u0173 tiksliai ir lengvai atlikti kasimo, krovimo ir transportavimo u\u017eduotis.<\/p>\n<p><img decoding=\"async\" src=\"https:\/\/www.hydraulic-cylinders.net\/wp-content\/uploads\/2025\/04\/songte-company-1.webp\" alt=\"Str\u0117l\u0117s cilindras\"><\/p>\n<h3>Kau\u0161o cilindro apibr\u0117\u017eimas ir ap\u017evalga<\/h3>\n<p>Kau\u0161o cilindras, dar \u017einomas kaip str\u0117l\u0117s cilindras, yra hidraulinio cilindro tipas, naudojamas \u012fvairiose sunkiosiose ma\u0161inose kau\u0161o pad\u0117\u010diai valdyti. Jis atlieka labai svarb\u0173 vaidmen\u012f hidraulin\u0117se sistemose, nes hidraulin\u0119 energij\u0105 paver\u010dia mechaniniu judesiu. \u0160ie cilindrai gali tiek pakelti, tiek nuleisti kau\u0161\u0105, tod\u0117l jie yra b\u016btini u\u017eduotims, kurioms reikalinga didel\u0117 j\u0117ga ir valdymas. J\u0173 konstrukcija paprastai apima didelio stiprumo med\u017eiagas, kad atlaikyt\u0173 sud\u0117tingos darbo aplinkos sl\u0117g\u012f ir \u012ftempius.<\/p>\n<h2>Str\u0117l\u0117s cilindro savyb\u0117s<\/h2>\n<ul>\n<li><strong>Didelis stiprumas ir ilgaam\u017ei\u0161kumas:<\/strong> Pagaminti i\u0161 didelio stiprumo plieno arba aliuminio, \u0161ie cilindrai gali atlaikyti auk\u0161t\u0105 sl\u0117g\u012f ir dideles apkrovas, tod\u0117l tinkami at\u0161iaurioms darbo s\u0105lygoms.<\/li>\n<li><strong>Efektyvus hidraulinis valdymas:<\/strong> Str\u0117l\u0117s cilindras naudoja hidraulin\u0117s alyvos sl\u0117g\u012f, kad str\u0117l\u0117 skland\u017eiai i\u0161siskleist\u0173 ir susitraukt\u0173, tod\u0117l str\u0117l\u0117 greitai reaguoja ir pasi\u017eymi didel\u0117mis st\u016bmimo ir traukimo galimyb\u0117mis.<\/li>\n<li><strong>\u012evair\u016bs tipai:<\/strong> Str\u0117l\u0117s cilindras, tiekiamas vienpusio ir dvipusio veikimo modeliuose, atitinka skirtingus eksploatacinius poreikius, o kai kurie modeliai pasi\u017eymi teleskopin\u0117mis konstrukcijomis, kad b\u016bt\u0173 pasiektas didesnis atstumas.<\/li>\n<li><strong>Atsparumas dilimui ir apsauga nuo korozijos:<\/strong> Sukurtas taip, kad b\u016bt\u0173 atsparus dilimui ir korozijai, str\u0117l\u0117s cilindras pasi\u017eymi ilgaam\u017ei\u0161kumu ir patikimumu.<\/li>\n<li><strong>Pritaikomos parinktys:<\/strong> Galimos \u012fvairios specifikacijos ir konfig\u016bracijos, u\u017etikrinan\u010dios suderinamum\u0105 su \u012fvairiais \u012frenginiais.<\/li>\n<\/ul>\n<h2>Gamybos paj\u0117gumai<\/h2>\n<p>\u0160\u012f gamin\u012f gaminame galvodami apie tikslum\u0105 ir kokyb\u0119. M\u016bs\u0173 str\u0117l\u0117s cilindrai sukurti taip, kad puikiai pakeist\u0173 esamus hidraulinius cilindrus, u\u017etikrindami skland\u0173 integravim\u0105 ir funkcionalum\u0105.<\/p>\n<p><img decoding=\"async\" src=\"https:\/\/www.hydraulic-cylinders.net\/wp-content\/uploads\/2025\/04\/songte-cylinder-head-with-all-kinds-excavator-models.webp\" alt=\"Hidraulini\u0173 cilindr\u0173 gamyba\"><\/p>\n<h2>Str\u0117l\u0117s cilindro pritaikymas<\/h2>\n<h3>Statybin\u0117 \u012franga<\/h3>\n<p>Ekskavatoriuose str\u0117l\u0117s cilindrai yra b\u016btini kasant, kraunant ir perkeliant grunt\u0105 ar \u0161iuk\u0161les. Jie palengvina kau\u0161o jud\u0117jim\u0105, leisdami operatoriams efektyviai ir veiksmingai atlikti u\u017eduotis. \u0160i\u0173 cilindr\u0173 patikimumas tiesiogiai veikia statybos projekt\u0173 produktyvum\u0105, tod\u0117l jie yra nepakei\u010diami pramon\u0117je.<\/p>\n<h3>\u017dem\u0117s \u016bkio technika<\/h3>\n<p>Priekiniuose krautuvuose str\u0117l\u0117s cilindrai leid\u017eia semti, kelti ir transportuoti dirvo\u017eem\u012f, \u0161ien\u0105 ir kitas med\u017eiagas. J\u0173 funkcionalumas padidina \u017eem\u0117s \u016bkio darb\u0173 efektyvum\u0105, prisideda prie didesnio na\u0161umo ir ma\u017eesni\u0173 darbo s\u0105naud\u0173.<\/p>\n<h3>Ekskavatoriai<\/h3>\n<p>Kau\u0161o cilindro vaidmuo ekskavatoriuose yra labai svarbus \u012fsiskverbiant \u012f dirvo\u017eem\u012f atliekant kasimo darbus. Palengvindami tiksl\u0173 kau\u0161o jud\u0117jim\u0105, \u0161ie cilindrai leid\u017eia operatoriams pasiekti norim\u0105 kasimo gyl\u012f ir med\u017eiag\u0173 tvarkym\u0105 minimaliomis pastangomis.<\/p>\n<h3>Krautuvai<\/h3>\n<p>Priekiniuose krautuvuose str\u0117l\u0117s cilindrai padeda efektyviai pakelti ir i\u0161versti krovinius. J\u0173 konstrukcija u\u017etikrina stabilum\u0105 ir valdym\u0105 darbo metu, tod\u0117l galima efektyviai tvarkyti ir transportuoti med\u017eiagas \u012fvairiose darbo vietose.<\/p>\n<h2>Projektavimo aspektai ir atrankos kriterijai<\/h2>\n<h3>Keliamoji galia<\/h3>\n<p>Vienas i\u0161 pagrindini\u0173 str\u0117l\u0117s cilindro projektavimo aspekt\u0173 yra jo keliamoji galia. Tai labai svarbu, nes nuo to priklauso maksimalus svoris, kur\u012f cilindras gali atlaikyti nesuged\u0119s. Renkantis cilindr\u0105, svarbu \u012fvertinti taikymo reikalavimus, siekiant u\u017etikrinti, kad cilindras gal\u0117t\u0173 atlaikyti numatomas apkrovas, i\u0161laikant saugum\u0105 ir efektyvum\u0105.<\/p>\n<h3>Sandarumas ir ilgaam\u017ei\u0161kumas<\/h3>\n<p>Efektyvus sandarinimas yra b\u016btinas siekiant i\u0161vengti hidraulinio skys\u010dio nuot\u0117kio ir u\u017etikrinti skland\u0173 veikim\u0105. Cilindro konstrukcijoje tur\u0117t\u0173 b\u016bti auk\u0161tos kokyb\u0117s sandarikliai, kurie gali atlaikyti eksploatacin\u012f nusid\u0117v\u0117jim\u0105 ir aplinkos veiksnius. Patvarumo vertinimai projektavimo etape u\u017etikrina, kad cilindras gal\u0117t\u0173 optimaliai veikti ilg\u0105 laik\u0105, net ir sud\u0117tingomis s\u0105lygomis.<\/p>\n<h3>Saugos funkcijos<\/h3>\n<p>Saugumas yra svarbiausias dalykas projektuojant hidraulin\u0119 sistem\u0105. Str\u0117l\u0117s cilindruose tur\u0117t\u0173 b\u016bti saugos funkcijos, tokios kaip sl\u0117gio ma\u017einimo vo\u017etuvai ir gedim\u0173 prevencijos mechanizmai, siekiant i\u0161vengti nelaiming\u0173 atsitikim\u0173 ir \u012frangos pa\u017eeidim\u0173. Tinkama in\u017einerija u\u017etikrina, kad \u0161ios funkcijos b\u016bt\u0173 integruotos \u012f konstrukcij\u0105, leid\u017eiant saugiai dirbti \u012fvairiomis s\u0105lygomis.<\/p>\n<h3>Prie\u017ei\u016bra ir tinkamumas naudoti<\/h3>\n<p>Kitas svarbus aspektas yra projektavimas, atsi\u017evelgiant \u012f lengv\u0105 prie\u017ei\u016br\u0105. Hidrauliniai cilindrai tur\u0117t\u0173 b\u016bti suprojektuoti taip, kad juos b\u016bt\u0173 galima reguliariai tikrinti ir pri\u017ei\u016br\u0117ti be didelio i\u0161montavimo. Standartizuotos dalys ir lengvai prieinami komponentai padeda suma\u017einti prastovas ir prie\u017ei\u016bros i\u0161laidas.<\/p>\n<p><img decoding=\"async\" src=\"https:\/\/www.hydraulic-cylinders.net\/wp-content\/uploads\/2025\/04\/songte-oil-pipes-and-spare-parts.webp\" alt=\"Hidraulini\u0173 cilindr\u0173 dalys\"><\/p>\n<h2>Sandarinimas ir tepimas<\/h2>\n<p>Tinkamas sandarinimas ir tepimas yra gyvybi\u0161kai svarb\u016bs str\u0117l\u0117s cilindr\u0173 ilgaam\u017ei\u0161kumui ir veikimui. Hidraulin\u0117s sistemos vientisumui palaikyti naudojami \u012fvair\u016bs sandarikliai, pavyzd\u017eiui, st\u016bmokli\u0173 ir stryp\u0173 sandarikliai. D\u0117l atsparumo dilimui da\u017eniausiai naudojamos tokios med\u017eiagos kaip poliuretanas ir nitrilo kau\u010diukas. Be to, cilindro korpusas ir srieginiai galai yra tiksliai apdirbami, siekiant padidinti patvarum\u0105. Reguliariai pildant hidraulin\u0119 alyv\u0105 tepimui u\u017etikrinamas sklandus veikimas ir suma\u017einamas vidini\u0173 komponent\u0173 susid\u0117v\u0117jimas.<\/p>\n<h2>Prevencin\u0117s prie\u017ei\u016bros priemon\u0117s<\/h2>\n<ul>\n<li><strong>Reguliar\u016bs patikrinimai:<\/strong> Reguliariai atliekami patikrinimai padeda nustatyti galimas problemas, kol jos dar nepa\u016bm\u0117jo. Tai apima sandarikli\u0173 patikrinim\u0105, nuot\u0117ki\u0173 patikrinim\u0105 ir bendros baliono b\u016bkl\u0117s \u012fvertinim\u0105.<\/li>\n<li><strong>Tinkamas tepimas:<\/strong> Tinkamas hidraulin\u0117s sistemos sutepimas apsaugo nuo trinties ir susid\u0117v\u0117jimo, pailgindamas cilindro tarnavimo laik\u0105. B\u016btina reguliariai tikrinti tepim\u0105.<\/li>\n<li><strong>Sandariklio keitimas:<\/strong> Tarpikliai tur\u0117t\u0173 b\u016bti kei\u010diami atliekant \u012fprastin\u0119 prie\u017ei\u016br\u0105, siekiant i\u0161vengti nuot\u0117ki\u0173 ir u\u017etikrinti optimal\u0173 veikim\u0105. Nusid\u0117v\u0117jimo modeli\u0173 nustatymas gali pad\u0117ti efektyviai suplanuoti keitim\u0105.<\/li>\n<\/ul>\n<h2>\u012erengimo gair\u0117s<\/h2>\n<p>Str\u0117l\u0117s cilindro montavimas reikalauja kruop\u0161taus d\u0117mesio detal\u0117ms, siekiant u\u017etikrinti tinkam\u0105 sulygiavim\u0105 ir veikim\u0105. Prad\u0117kite nuo atitinkam\u0173 tvirtinimo laikikli\u0173 pritvirtinimo, u\u017etikrindami, kad cilindras b\u016bt\u0173 suderintas su ma\u0161inos eksploataciniais poreikiais. Labai svarbu naudoti tinkamus montavimo \u012frankius, kad proceso metu cilindras neb\u016bt\u0173 pa\u017eeistas. \u012estat\u0119 cilindr\u0105, patikrinkite vis\u0173 hidraulini\u0173 jung\u010di\u0173 vientisum\u0105 ir tinkamai jas pritvirtinkite. Galiausiai, prie\u0161 naudodami cilindr\u0105 masi\u0161kai, patikrinkite jo veikim\u0105, kad \u012fsitikintum\u0117te, jog jis veikia taip, kaip numatyta.<\/p>\n<h2>\u012eprastos prie\u017ei\u016bros u\u017eduotys<\/h2>\n<ul>\n<li><strong>Reguliar\u016bs patikrinimai:<\/strong> \u012eprastin\u0117s patikros leid\u017eia anksti aptikti problemas, kurias galima i\u0161spr\u0119sti, kol jos nesuk\u0117l\u0117 dideli\u0173 gedim\u0173. Tai apima nuot\u0117ki\u0173, susid\u0117v\u0117jimo ir bendros b\u016bkl\u0117s patikrinim\u0105.<\/li>\n<li><strong>Tinkamas tepimas:<\/strong> U\u017etikrinus tinkam\u0105 hidraulin\u0117s sistemos tepim\u0105, suma\u017e\u0117ja susid\u0117v\u0117jimas ir padid\u0117ja efektyvumas. Operatoriai tur\u0117t\u0173 laikytis gamintojo rekomendacij\u0173 d\u0117l tepimo interval\u0173.<\/li>\n<li><strong>Sandariklio keitimas ir kalibravimas:<\/strong> Reguliariai keisti susid\u0117v\u0117jusius sandariklius yra b\u016btina norint i\u0161laikyti cilindro veikim\u0105. Kalibravimo patikrinimai u\u017etikrina, kad cilindras veikt\u0173 pagal nurodytus parametrus, taip padidinant saug\u0105 ir patikimum\u0105.<\/li>\n<\/ul>\n<p><img decoding=\"async\" src=\"https:\/\/www.hydraulic-cylinders.net\/wp-content\/uploads\/2025\/04\/songte-chushion-collar.webp\" alt=\"Hidraulini\u0173 cilindr\u0173 pagalv\u0117l\u0117s apykakl\u0117\"><\/p>\n<h2>Saugos aspektai ir aplinkos veiksniai<\/h2>\n<p>Naudojant str\u0117l\u0117s cilindrus, labai svarbu laikytis saugos priemoni\u0173, kad b\u016bt\u0173 i\u0161vengta nelaiming\u0173 atsitikim\u0173 ir u\u017etikrinta operatori\u0173 bei pa\u0161alini\u0173 asmen\u0173 gerov\u0117. Tinkamas hidraulini\u0173 sistem\u0173 naudojimo mokymas, galim\u0173 pavoj\u0173 \u017einojimas ir saugos protokol\u0173 \u012fgyvendinimas labai prisideda prie saugaus darbo. Be to, aplinkosaugos aspektai, tokie kaip skys\u010di\u0173 laikymas ir tinkamas hidraulini\u0173 skys\u010di\u0173 \u0161alinimas, yra b\u016btini siekiant suma\u017einti hidraulini\u0173 sistem\u0173 poveik\u012f aplinkai.<\/p>\n<h2>Trik\u010di\u0173 \u0161alinimas ir da\u017eniausiai pasitaikan\u010dios problemos<\/h2>\n<ul>\n<li><strong>Nuot\u0117kis:<\/strong> Labai svarbu nustatyti nuot\u0117kio \u0161altin\u012f. Patikrinkite, ar sandarikliai ir jungtys n\u0117ra susid\u0117v\u0117j\u0119 ar pa\u017eeisti. Sandarikli\u0173 keitimas arba jung\u010di\u0173 priver\u017eimas da\u017enai gali i\u0161spr\u0119sti \u0161i\u0105 problem\u0105.<\/li>\n<li><strong>Nenuoseklus jud\u0117jimas:<\/strong> Jei cilindras juda tr\u016bk\u010diodamas arba netolygiai, patikrinkite hidraulinio skys\u010dio lyg\u012f, sistemoje \u012fstrigusio oro ar u\u017esikim\u0161im\u0173 hidraulin\u0117se linijose. I\u0161sprendus \u0161ias problemas galima atkurti skland\u0173 veikim\u0105.<\/li>\n<li><strong>Perkaitimas:<\/strong> Steb\u0117kite hidraulinio skys\u010dio temperat\u016br\u0105. Jei jis perkaist\u0173, \u012fsitikinkite, kad skystis yra tinkamo tipo ir kad sistema n\u0117ra per daug apkrauta. Au\u0161inimo sistemas gali reik\u0117ti patikrinti arba pri\u017ei\u016br\u0117ti.<\/li>\n<\/ul>\n<p>Prevencin\u0117s priemon\u0117s, tokios kaip reguliari prie\u017ei\u016bra ir savalaikis remontas, padeda su\u0161velninti problemas, u\u017etikrinant efektyv\u0173 ir patikim\u0105 hidraulin\u0117s sistemos veikim\u0105.<\/p>\n<p><img decoding=\"async\" src=\"https:\/\/www.hydraulic-cylinders.net\/wp-content\/uploads\/2025\/04\/songte-bushings-with-all-kinds-of-excavator-models.webp\" alt=\"Ekskavatori\u0173 modeli\u0173 \u012fvor\u0117s\"><\/p>\n<h2>Apie m\u016bs\u0173 \u012fmon\u0119<\/h2>\n<p>Esame pirmaujanti hidraulini\u0173 cilindr\u0173 gamintoja ir didmenin\u0117 platintoja, specializuojam\u0117s auk\u0161tos kokyb\u0117s pakaitin\u0117se dalyse. Platus gamini\u0173 asortimentas leid\u017eia mums tapti \u017eymiais \u017eaid\u0117jais tiek vidaus, tiek tarptautin\u0117se rinkose. Mes laikom\u0117s \u012fsipareigojimo siekti meistri\u0161kumo, pasitelkdami patobulintas gamybos strategijas ir pa\u017eangi\u0105 skaitmenin\u0119 \u012frang\u0105, kad padidintume savo gamybos paj\u0117gumus. D\u0117mes\u012f sutelkdami \u012f inovacijas, m\u016bs\u0173 kvalifikuot\u0173 specialist\u0173 komanda u\u017etikrina, kad patenkintume \u012fvairius klient\u0173 poreikius, kartu i\u0161laikydami auk\u0161tus kokyb\u0117s ir patikimumo standartus.<\/p>\n<h3>M\u016bs\u0173 patirtis<\/h3>\n<p>M\u016bs\u0173 \u012fmon\u0117 did\u017eiuojasi profesionalia patirtimi ir turi tarptautinius sertifikatus, patvirtinan\u010dius m\u016bs\u0173 \u012fsipareigojim\u0105 kokybei. Si\u016blome individualiai pritaikomas paslaugas, pritaikytas konkretiems klient\u0173 reikalavimams, naudodami moderniausi\u0105 gamybos \u012frang\u0105 ir teikdami patikim\u0105 garantin\u012f aptarnavim\u0105, kad u\u017etikrintume visi\u0161k\u0105 klient\u0173 pasitenkinim\u0105.<\/p>\n<p><img decoding=\"async\" src=\"https:\/\/www.hydraulic-cylinders.net\/wp-content\/uploads\/2025\/04\/songte-company-4.webp\" alt=\"\u012emon\u0117s gamybos linija\"><br \/>\n<img decoding=\"async\" src=\"https:\/\/www.hydraulic-cylinders.net\/wp-content\/uploads\/2025\/04\/songte-company-3.webp\" alt=\"\u012emon\u0117s patalpos\"><\/p>\n<p>Autorius: lyl<\/p>","protected":false},"excerpt":{"rendered":"<p>Boom Cylinder For Atlas 2307LC Introduction to the Boom Cylinder The Boom Cylinder is a vital component in hydraulic systems, particularly in heavy machinery such as excavators, backhoes, and front loaders. This hydraulic cylinder is designed specifically to control the movement of the bucket, enabling it to lift, lower, and tilt efficiently for material handling [&hellip;]<\/p>","protected":false},"featured_media":17877,"comment_status":"open","ping_status":"closed","template":"","meta":{"_et_pb_use_builder":"","_et_pb_old_content":"","_et_gb_content_width":""},"product_brand":[],"product_cat":[1546],"product_tag":[1547,1496],"class_list":{"0":"post-19644","1":"product","2":"type-product","3":"status-publish","4":"has-post-thumbnail","6":"product_cat-boom-cylinders","7":"product_tag-boom-cylinders","8":"product_tag-hydraulic-cylinders","10":"first","11":"instock","12":"shipping-taxable","13":"product-type-simple"},"amp_enabled":true,"_links":{"self":[{"href":"https:\/\/www.hydraulic-cylinders.net\/lt\/wp-json\/wp\/v2\/product\/19644","targetHints":{"allow":["GET"]}}],"collection":[{"href":"https:\/\/www.hydraulic-cylinders.net\/lt\/wp-json\/wp\/v2\/product"}],"about":[{"href":"https:\/\/www.hydraulic-cylinders.net\/lt\/wp-json\/wp\/v2\/types\/product"}],"replies":[{"embeddable":true,"href":"https:\/\/www.hydraulic-cylinders.net\/lt\/wp-json\/wp\/v2\/comments?post=19644"}],"wp:featuredmedia":[{"embeddable":true,"href":"https:\/\/www.hydraulic-cylinders.net\/lt\/wp-json\/wp\/v2\/media\/17877"}],"wp:attachment":[{"href":"https:\/\/www.hydraulic-cylinders.net\/lt\/wp-json\/wp\/v2\/media?parent=19644"}],"wp:term":[{"taxonomy":"product_brand","embeddable":true,"href":"https:\/\/www.hydraulic-cylinders.net\/lt\/wp-json\/wp\/v2\/product_brand?post=19644"},{"taxonomy":"product_cat","embeddable":true,"href":"https:\/\/www.hydraulic-cylinders.net\/lt\/wp-json\/wp\/v2\/product_cat?post=19644"},{"taxonomy":"product_tag","embeddable":true,"href":"https:\/\/www.hydraulic-cylinders.net\/lt\/wp-json\/wp\/v2\/product_tag?post=19644"}],"curies":[{"name":"wp","href":"https:\/\/api.w.org\/{rel}","templated":true}]}}