{"id":19645,"date":"2025-04-07T06:59:19","date_gmt":"2025-04-07T06:59:19","guid":{"rendered":"https:\/\/www.hydraulic-cylinders.net\/product\/boom-cylinder-for-bonny-ced1000-7\/"},"modified":"2025-04-07T06:59:22","modified_gmt":"2025-04-07T06:59:22","slug":"boom-cylinder-for-bonny-ced1000-7","status":"publish","type":"product","link":"https:\/\/www.hydraulic-cylinders.net\/lt\/produktas\/boom-cylinder-for-bonny-ced1000-7\/","title":{"rendered":"Str\u0117l\u0117s cilindras, skirtas \u201eBonny CED1000-7\u201c"},"content":{"rendered":"<h1>Str\u0117l\u0117s cilindras, skirtas \u201eBonny CED1000-7\u201c<\/h1>\n<h2>\u012evadas \u012f str\u0117l\u0117s cilindr\u0105<\/h2>\n<p>Specialiai \u201eBonny CED1000-7\u201c sukurtas str\u0117l\u0117s cilindras yra labai svarbus sunkiosios technikos hidraulini\u0173 sistem\u0173 komponentas. \u0160is hidraulinis cilindras pirmiausia atsakingas u\u017e str\u0117l\u0117s jud\u0117jimo valdym\u0105, leid\u017eiant jai i\u0161skleisti, susitraukti ir pakreipti pagal poreik\u012f. \u0160i funkcija yra gyvybi\u0161kai svarbi atliekant \u012fvairias med\u017eiag\u0173 tvarkymo u\u017eduotis, didinant tokios \u012frangos kaip ekskavatoriai, ekskavatoriniai krautuvai ir frontaliniai krautuvai efektyvum\u0105 ir universalum\u0105.<\/p>\n<p>Kau\u0161o cilindras, kaip specializuotas hidraulinis cilindras, atlieka esmin\u012f vaidmen\u012f valdant sunkias ma\u0161inas. Jis leid\u017eia tiksliai judinti kau\u0161\u0105, tod\u0117l operatoriai gali lengvai atlikti tokias u\u017eduotis kaip kasimas, k\u0117limas ir pakreipimas. Hidraulin\u0117s sistemos sl\u0117gis u\u017etikrina skland\u0173 veikim\u0105, u\u017etikrindamas, kad str\u0117l\u0117 gal\u0117t\u0173 efektyviai susidoroti su statyb\u0173, \u017eem\u0117s \u016bkio ir kit\u0173 sunki\u0173j\u0173 darb\u0173 reikalavimais.<\/p>\n<p><img decoding=\"async\" src=\"https:\/\/www.hydraulic-cylinders.net\/wp-content\/uploads\/2025\/04\/songte-company-1.webp\" alt=\"Str\u0117l\u0117s cilindras\"><\/p>\n<h2>Str\u0117l\u0117s cilindro savyb\u0117s<\/h2>\n<ul>\n<li>\n<h3>Didelis stiprumas ir ilgaam\u017ei\u0161kumas<\/h3>\n<p>Pagamintas i\u0161 didelio stiprumo plieno arba aliuminio, str\u0117l\u0117s cilindras yra sukurtas atlaikyti auk\u0161t\u0105 sl\u0117g\u012f ir dideles apkrovas, tod\u0117l tinka at\u0161iaurioms darbo s\u0105lygoms. Naudotos med\u017eiagos u\u017etikrina atsparum\u0105 dilimui ir apsaug\u0105 nuo korozijos, pailgindamos cilindro tarnavimo laik\u0105.<\/p>\n<\/li>\n<li>\n<h3>Efektyvus hidraulinis valdymas<\/h3>\n<p>Cilindras naudoja hidraulin\u0117s alyvos sl\u0117g\u012f, kad skland\u016bs i\u0161pl\u0117timo ir atitraukimo judesiai b\u016bt\u0173 atliekami skland\u017eiai. \u0160i konstrukcija leid\u017eia greitai reaguoti \u012f veikimo komandas, u\u017etikrinant didel\u0119 st\u016bmimo ir traukimo j\u0117g\u0105, kuri yra b\u016btina tvarkant sunkius krovinius ir atliekant sud\u0117tingas u\u017eduotis.<\/p>\n<\/li>\n<li>\n<h3>Tip\u0173 \u012fvairov\u0117<\/h3>\n<p>Str\u0117l\u0117s cilindras, tiekiamas tiek vienpusio veikimo (naudojant hidraulin\u012f sl\u0117g\u012f viena kryptimi), tiek dvipusio veikimo (naudojant hidraulin\u012f sl\u0117g\u012f abiem kryptimis) konfig\u016bracijomis, gali atitikti \u012fvairius eksploatacinius reikalavimus. Kai kurie modeliai yra teleskopiniai, tod\u0117l juos galima labiau i\u0161tiesti nedidinant i\u0161orini\u0173 matmen\u0173, tod\u0117l jie idealiai tinka naudoti ribotoje erdv\u0117je.<\/p>\n<\/li>\n<\/ul>\n<h2>Gamybos paj\u0117gumai<\/h2>\n<p>Did\u017eiuojam\u0117s savo geb\u0117jimu gaminti str\u0117l\u0117s cilindrus, kurie puikiai pakei\u010dia esamus hidraulinius cilindrus. M\u016bs\u0173 gaminiai gaminami laikantis auk\u0161\u010diausi\u0173 standart\u0173, u\u017etikrinant suderinamum\u0105 ir na\u0161um\u0105 su \u012fvairiomis hidraulin\u0117mis sistemomis.<\/p>\n<p><img decoding=\"async\" src=\"https:\/\/www.hydraulic-cylinders.net\/wp-content\/uploads\/2025\/04\/songte-cylinder-head-with-all-kinds-excavator-models.webp\" alt=\"Ekskavatori\u0173 modeliai\"><\/p>\n<h2>Str\u0117l\u0117s cilindro pritaikymas<\/h2>\n<ul>\n<li>\n<h3>Statybin\u0117 \u012franga<\/h3>\n<p>Ekskavatoriuose str\u0117l\u0117s cilindras atlieka itin svarb\u0173 vaidmen\u012f kasant, kraunant ir perkeliant grunt\u0105 ar \u0161iuk\u0161les. Jis leid\u017eia kau\u0161ui efektyviai \u012fsiskverbti \u012f \u017eem\u0119, tod\u0117l galima efektyviai atlikti kasimo darbus ir tvarkyti med\u017eiagas. Be to, ekskavatoriuose cilindras padeda atlikti ir kasimo, ir k\u0117limo funkcijas, optimizuodamas na\u0161um\u0105 statybviet\u0117se.<\/p>\n<\/li>\n<li>\n<h3>\u017dem\u0117s \u016bkio technika<\/h3>\n<p>Priekiniai krautuvai naudoja str\u0117l\u0117s cilindrus dirvo\u017eemiui, \u0161ienui ir kitoms med\u017eiagoms semti, kelti ir transportuoti. \u0160i\u0173 cilindr\u0173 efektyvumas padidina \u017eem\u0117s \u016bkio darb\u0173 na\u0161um\u0105, leisdamas \u016bkininkams efektyviau valdyti savo u\u017eduotis.<\/p>\n<\/li>\n<li>\n<h3>Ekskavatoriai<\/h3>\n<p>Str\u0117l\u0117s cilindras palengvina kasimo veiksmus ekskavatoriuose, leisdamas kau\u0161ui tiksliai pramu\u0161ti dirvo\u017eem\u012f. \u0160i galimyb\u0117 yra b\u016btina \u012fvairiems statybos ir griovimo projektams, kur reikalingas tikslus i\u0161kasimas.<\/p>\n<\/li>\n<li>\n<h3>Krautuvai<\/h3>\n<p>Priekiniuose krautuvuose str\u0117l\u0117s cilindras padeda efektyviai kelti ir i\u0161versti krovinius. \u0160i funkcija yra gyvybi\u0161kai svarbi atliekant tokias u\u017eduotis kaip \u0161iuk\u0161li\u0173 valymas ar med\u017eiag\u0173 perk\u0117limas, tod\u0117l ji yra nepakei\u010diama statyb\u0173 ir kra\u0161tovaizd\u017eio tvarkymo darb\u0173 sudedamoji dalis.<\/p>\n<\/li>\n<\/ul>\n<h2>Projektavimo aspektai ir atrankos kriterijai<\/h2>\n<ul>\n<li>\n<h3>Keliamoji galia<\/h3>\n<p>Renkantis hidraulin\u012f cilindr\u0105, labai svarbu suprasti keliam\u0105j\u0105 gali\u0105. Str\u0117l\u0117s cilindras turi b\u016bti paj\u0117gus atlaikyti numatomas svorio apkrovas eksploatacijos metu. Tinkamas dydis u\u017etikrina saugum\u0105 ir efektyvum\u0105, u\u017ekertant keli\u0105 gedimams, kurie gali sukelti brangias prastovas.<\/p>\n<\/li>\n<li>\n<h3>Sandarinimas<\/h3>\n<p>Efektyvus sandarinimas yra b\u016btinas norint palaikyti hidraulin\u012f sl\u0117g\u012f ir i\u0161vengti nuot\u0117ki\u0173. Str\u0117l\u0117s cilindre paprastai naudojami auk\u0161tos kokyb\u0117s sandarikliai, kurie atlaiko at\u0161iaurias s\u0105lygas ir u\u017etikrina ilgaam\u017ei\u0161kum\u0105. Tinkamas sandarinimas taip pat suma\u017eina prie\u017ei\u016bros poreik\u012f.<\/p>\n<\/li>\n<li>\n<h3>Patvarumas<\/h3>\n<p>Str\u0117l\u0117s cilindro med\u017eiagos ir konstrukcija labai prisideda prie jo patvarumo. Reik\u0117t\u0173 atsi\u017evelgti \u012f tokius veiksnius kaip med\u017eiagos stiprumas, danga ir bendra konstrukcija, kad cilindras atlaikyt\u0173 intensyv\u0173 naudojim\u0105 laikui b\u0117gant.<\/p>\n<\/li>\n<li>\n<h3>Saugumas<\/h3>\n<p>Hidraulin\u0117se sistemose saugos funkcijos yra nepaprastai svarbios. Str\u0117l\u0117s cilindre turi b\u016bti mechanizmai, kurie neleid\u017eia atsitiktinai i\u0161leisti sl\u0117gio, ir apsauginiai vo\u017etuvai, skirti perkrovos situacijoms valdyti, u\u017etikrinant operatoriaus saugum\u0105 naudojimo metu.<\/p>\n<\/li>\n<li>\n<h3>Prie\u017ei\u016bra<\/h3>\n<p>Galiausiai, paprastas techninis aptarnavimas yra pagrindinis cilindr\u0173 konstrukcijos veiksnys. Savyb\u0117s, leid\u017eian\u010dios greitai ap\u017ei\u016br\u0117ti, lengvai pasiekti tepimo vietas ir atlikti paprastus keitimo procesus, gali \u017eymiai padidinti eksploatavimo laik\u0105 ir suma\u017einti i\u0161laidas.<\/p>\n<\/li>\n<\/ul>\n<p><img decoding=\"async\" src=\"https:\/\/www.hydraulic-cylinders.net\/wp-content\/uploads\/2025\/04\/songte-oil-pipes-and-spare-parts.webp\" alt=\"Naftos vamzd\u017eiai ir atsargin\u0117s dalys\"><\/p>\n<h2>Str\u0117l\u0117s cilindro sandarinimas ir tepimas<\/h2>\n<p>Norint u\u017etikrinti optimal\u0173 str\u0117l\u0117s cilindro veikim\u0105, labai svarbu naudoti \u012fvairius sandarinimo komponentus, tokius kaip st\u016bmokli\u0173 ir kot\u0173 sandarikliai. Sandarikliai, pagaminti i\u0161 patvari\u0173 med\u017eiag\u0173, toki\u0173 kaip poliuretanas ir nitrilo kau\u010diukas, padidina atsparum\u0105 dilimui ir ilgaam\u017ei\u0161kum\u0105. Be to, cilindro korpusas ir srieginiai galai turi b\u016bti kruop\u0161\u010diai apdirbti, kad padid\u0117t\u0173 atsparumas dilimui. Taip pat svarbu reguliariai tikrinti ir papildyti hidraulin\u0119 alyv\u0105 tepimui, kad b\u016bt\u0173 u\u017etikrintas sklandus veikimas ir i\u0161vengta per didelio nusid\u0117v\u0117jimo.<\/p>\n<h2>Prevencin\u0117s prie\u017ei\u016bros priemon\u0117s<\/h2>\n<ul>\n<li>\n<h3>Reguliar\u016bs patikrinimai<\/h3>\n<p>Reguliar\u016bs patikrinimai leid\u017eia anksti aptikti galimas problemas. Ie\u0161kokite susid\u0117v\u0117jimo, nuot\u0117ki\u0173 ar cilindr\u0173 veikimo sutrikim\u0173 po\u017eymi\u0173. Ankstyvas nustatymas gali pad\u0117ti i\u0161vengti dideli\u0173 gedim\u0173, kurie sutrikdo darb\u0105.<\/p>\n<\/li>\n<li>\n<h3>Tinkamas tepimas<\/h3>\n<p>Norint u\u017etikrinti skland\u0173 veikim\u0105, labai svarbu tinkamai sutepti str\u0117l\u0117s cilindr\u0105. Reguliariai tikrinkite ir papildykite hidraulin\u0117s alyvos lyg\u012f, kad i\u0161vengtum\u0117te trinties ir perkaitimo, kurie gali sukelti komponent\u0173 gedim\u0105.<\/p>\n<\/li>\n<li>\n<h3>Sandariklio keitimas<\/h3>\n<p>Tarpikliai tur\u0117t\u0173 b\u016bti reguliariai kei\u010diami, kad b\u016bt\u0173 palaikomas sl\u0117gis ir i\u0161vengta nuot\u0117ki\u0173. Tarpikli\u0173 b\u016bkl\u0117s steb\u0117jimas gali pad\u0117ti nustatyti, kada juos reikia pakeisti, taip i\u0161vengiant suma\u017e\u0117jusio efektyvumo ir galim\u0173 sistemos gedim\u0173.<\/p>\n<\/li>\n<\/ul>\n<h2>\u012erengimo gair\u0117s<\/h2>\n<p>Tinkamas str\u0117l\u0117s cilindro montavimas yra labai svarbus optimaliam veikimui. Pirmiausia \u012fsitikinkite, kad cilindras yra tinkamai sulygiuotas su mechanizmo tvirtinimo ta\u0161kais. Tinkam\u0173 tvirtinimo laikikli\u0173 naudojimas pad\u0117s pritvirtinti cilindr\u0105 vietoje. Venkite nesuderinamumo, nes tai gali sukelti veikimo neefektyvum\u0105 arba prie\u0161laikin\u012f susid\u0117v\u0117jim\u0105. Naudokite tinkamas hidraulines jungtis ir \u012fsitikinkite, kad jos yra priver\u017etos pagal gamintojo specifikacijas. Be to, po montavimo patikrinkite, ar n\u0117ra hidraulini\u0173 nuot\u0117ki\u0173, ir prie\u0161 prad\u0117dami darb\u0105 \u012fsitikinkite, kad yra tinkamas skys\u010di\u0173 lygis.<\/p>\n<h2>\u012eprastos prie\u017ei\u016bros u\u017eduotys<\/h2>\n<ul>\n<li>\n<h3>Reguliar\u016bs patikrinimai<\/h3>\n<p>Reguliar\u016bs patikrinimai u\u017etikrina, kad str\u0117l\u0117s cilindras veikt\u0173 efektyviai. Patikrinkite, ar n\u0117ra susid\u0117v\u0117jimo po\u017eymi\u0173, nuot\u0117ki\u0173 ir ar tinkamai veikia sandarikliai. Toks aktyvus po\u017ei\u016bris padeda nustatyti galimas problemas, kol jos nepa\u016bm\u0117jo.<\/p>\n<\/li>\n<li>\n<h3>Tinkamas tepimas<\/h3>\n<p>Tinkamos hidraulin\u0117s alyvos naudojimas ir pakankamas tepimas yra labai svarb\u016bs cilindro ilgaam\u017ei\u0161kumui. Reguliariai steb\u0117kite alyvos lyg\u012f ir kokyb\u0119, u\u017etikrindami skland\u0173 cilindro veikim\u0105 be nereikalingos trinties.<\/p>\n<\/li>\n<li>\n<h3>Tarpikli\u0173 keitimas ir kalibravimo patikrinimai<\/h3>\n<p>Reguliariai keiskite susid\u0117v\u0117jusius sandariklius ir atlikite kalibravimo patikrinimus, kad u\u017etikrintum\u0117te tiksl\u0173 veikim\u0105. Laikui b\u0117gant, sandarikliai gali susid\u0117v\u0117ti, d\u0117l to gali atsirasti nuot\u0117ki\u0173, tod\u0117l juos b\u016btina laiku pakeisti. Kalibravimas u\u017etikrina, kad cilindras veikt\u0173 pagal reikiamas specifikacijas, padidindamas saug\u0105 ir efektyvum\u0105.<\/p>\n<\/li>\n<\/ul>\n<p><img decoding=\"async\" src=\"https:\/\/www.hydraulic-cylinders.net\/wp-content\/uploads\/2025\/04\/songte-chushion-collar.webp\" alt=\"Pagalv\u0117l\u0117s apykakl\u0117\"><\/p>\n<h2>Saugos aspektai ir aplinkos veiksniai<\/h2>\n<p>Naudojant hidraulinius cilindrus, labai svarbios saugos priemon\u0117s. Operatoriai tur\u0117t\u0173 b\u016bti apmokyti d\u0117l konkre\u010di\u0173 str\u0117l\u0117s cilindro funkcij\u0173 ir galim\u0173 pavoj\u0173, susijusi\u0173 su juo. Reguliar\u016bs saugos auditai ir eksploatavimo gairi\u0173 laikymasis gali suma\u017einti nelaiming\u0173 atsitikim\u0173 skai\u010di\u0173 ir u\u017etikrinti saugi\u0105 darbo aplink\u0105. Be to, eksploatacijos metu reik\u0117t\u0173 atsi\u017evelgti \u012f aplinkos veiksnius, pavyzd\u017eiui, vengti ekstremali\u0173 temperat\u016br\u0173, kurios gali tur\u0117ti \u012ftakos hidraulinio skys\u010dio veikimui ir cilindro vientisumui.<\/p>\n<h2>Trik\u010di\u0173 \u0161alinimas ir da\u017eniausiai pasitaikan\u010dios problemos<\/h2>\n<ul>\n<li>\n<h3>Hidrauliniai nuot\u0117kiai<\/h3>\n<p>Hidrauliniai nuot\u0117kiai gali atsirasti d\u0117l sandariklio gedimo arba netinkam\u0173 jung\u010di\u0173. Reguliariai tikrinkite sandarikli\u0173 ir jung\u010di\u0173 vientisum\u0105. Jei aptinkama nuot\u0117ki\u0173, nedelsdami pakeiskite sandariklius, kad i\u0161vengtum\u0117te skys\u010dio praradimo ir palaikytum\u0117te sl\u0117g\u012f.<\/p>\n<\/li>\n<li>\n<h3>Prastas na\u0161umas<\/h3>\n<p>Jei str\u0117l\u0117s cilindras neveikia efektyviai, patikrinkite hidraulinio skys\u010dio lyg\u012f ir \u012fsitikinkite, kad cilindre n\u0117ra kli\u016b\u010di\u0173. \u017demas skys\u010dio lygis gali lemti l\u0117t\u0105 veikim\u0105 ir suma\u017eint\u0105 k\u0117limo gali\u0105.<\/p>\n<\/li>\n<li>\n<h3>Ne\u012fprasti garsai<\/h3>\n<p>Ne\u012fprasti garsai eksploatacijos metu gali rodyti vidin\u012f susid\u0117v\u0117jim\u0105 arba or\u0105 hidraulin\u0117je sistemoje. I\u0161tirkite triuk\u0161mo \u0161altin\u012f ir atlikite reikiamus technin\u0117s prie\u017ei\u016bros darbus, kad problema b\u016bt\u0173 greitai i\u0161spr\u0119sta.<\/p>\n<\/li>\n<\/ul>\n<p><img decoding=\"async\" src=\"https:\/\/www.hydraulic-cylinders.net\/wp-content\/uploads\/2025\/04\/songte-bushings-with-all-kinds-of-excavator-models.webp\" alt=\"\u012evor\u0117s su ekskavatori\u0173 modeliais\"><\/p>\n<h2>Trik\u010di\u0173 \u0161alinimo patarimai<\/h2>\n<p>Norint veiksmingai diagnozuoti ir i\u0161spr\u0119sti problemas, apsvarstykite galimyb\u0119 \u012fgyvendinti prevencines priemones, tokias kaip reguliarios patikros ir technin\u0117s prie\u017ei\u016bros grafik\u0173 sudarymas. I\u0161sami\u0173 operacij\u0173 ir technin\u0117s prie\u017ei\u016bros \u017eurnal\u0173 tvarkymas gali pad\u0117ti nustatyti problem\u0173 prie\u017eastis. Be to, u\u017etikrinkite, kad operatoriai b\u016bt\u0173 apmokyti anksti atpa\u017einti galim\u0173 gedim\u0173 po\u017eymius, kad b\u016bt\u0173 galima greitai \u012fsiki\u0161ti ir suma\u017einti prastovas.<\/p>\n<h2>Apie m\u016bs\u0173 \u012fmon\u0119<\/h2>\n<p>Esame pirmaujantis hidraulini\u0173 cilindr\u0173 gamintojas ir didmenininkas, aptarnaujantis tiek vidaus, tiek tarptautines rinkas. Platus gamini\u0173 asortimentas leid\u017eia mums u\u017eimti svarbi\u0105 pozicij\u0105 \u0161ioje pramon\u0117s \u0161akoje. Siekiame nepriekai\u0161tingos kokyb\u0117s, kuri\u0105 lemia rafinuota gamybos strategija, kurioje pabr\u0117\u017eiamas tikslumas ir efektyvumas. M\u016bs\u0173 kvalifikuota darbo j\u0117ga kartu su pa\u017eangiomis skaitmenin\u0117mis gamybos technologijomis ir grie\u017etomis bandym\u0173 sistemomis didina m\u016bs\u0173 gamybos paj\u0117gumus. Esame \u012fsipareigoj\u0119 patenkinti \u012fvairius klient\u0173 poreikius, teikdami auk\u0161tos kokyb\u0117s produktus ir i\u0161skirtin\u012f aptarnavim\u0105.<\/p>\n<p>M\u016bs\u0173 profesionalum\u0105 patvirtina tarptautiniai sertifikatai, u\u017etikrinantys, kad atitinkame pasaulinius standartus. Taip pat si\u016blome individualiai pritaikytas paslaugas, pritaikytas konkretiems klient\u0173 reikalavimams. M\u016bs\u0173 moderni gamybos \u012franga leid\u017eia i\u0161laikyti auk\u0161t\u0105 efektyvum\u0105 ir tikslum\u0105, o m\u016bs\u0173 garantinio aptarnavimo paslaugos u\u017etikrina nuolatin\u0119 param\u0105 m\u016bs\u0173 klientams.<\/p>\n<p><img decoding=\"async\" src=\"https:\/\/www.hydraulic-cylinders.net\/wp-content\/uploads\/2025\/04\/songte-company-4.webp\" alt=\"\u012emon\u0117s paveiksl\u0117lis 1\"><br \/>\n<img decoding=\"async\" src=\"https:\/\/www.hydraulic-cylinders.net\/wp-content\/uploads\/2025\/04\/songte-company-3.webp\" alt=\"\u012emon\u0117s paveiksl\u0117lis 2\"><\/p>\n<p>Autorius: lyl<\/p>","protected":false},"excerpt":{"rendered":"<p>Boom Cylinder For Bonny CED1000-7 Introduction to Boom Cylinder The Boom Cylinder, specifically designed for the Bonny CED1000-7, is a crucial component in hydraulic systems used in heavy machinery. This hydraulic cylinder is primarily responsible for controlling the movement of the boom, allowing it to extend, retract, and tilt as needed. This functionality is vital [&hellip;]<\/p>","protected":false},"featured_media":17878,"comment_status":"open","ping_status":"closed","template":"","meta":{"_et_pb_use_builder":"","_et_pb_old_content":"","_et_gb_content_width":""},"product_brand":[],"product_cat":[1546],"product_tag":[1547,1496],"class_list":{"0":"post-19645","1":"product","2":"type-product","3":"status-publish","4":"has-post-thumbnail","6":"product_cat-boom-cylinders","7":"product_tag-boom-cylinders","8":"product_tag-hydraulic-cylinders","10":"first","11":"instock","12":"shipping-taxable","13":"product-type-simple"},"amp_enabled":true,"_links":{"self":[{"href":"https:\/\/www.hydraulic-cylinders.net\/lt\/wp-json\/wp\/v2\/product\/19645","targetHints":{"allow":["GET"]}}],"collection":[{"href":"https:\/\/www.hydraulic-cylinders.net\/lt\/wp-json\/wp\/v2\/product"}],"about":[{"href":"https:\/\/www.hydraulic-cylinders.net\/lt\/wp-json\/wp\/v2\/types\/product"}],"replies":[{"embeddable":true,"href":"https:\/\/www.hydraulic-cylinders.net\/lt\/wp-json\/wp\/v2\/comments?post=19645"}],"wp:featuredmedia":[{"embeddable":true,"href":"https:\/\/www.hydraulic-cylinders.net\/lt\/wp-json\/wp\/v2\/media\/17878"}],"wp:attachment":[{"href":"https:\/\/www.hydraulic-cylinders.net\/lt\/wp-json\/wp\/v2\/media?parent=19645"}],"wp:term":[{"taxonomy":"product_brand","embeddable":true,"href":"https:\/\/www.hydraulic-cylinders.net\/lt\/wp-json\/wp\/v2\/product_brand?post=19645"},{"taxonomy":"product_cat","embeddable":true,"href":"https:\/\/www.hydraulic-cylinders.net\/lt\/wp-json\/wp\/v2\/product_cat?post=19645"},{"taxonomy":"product_tag","embeddable":true,"href":"https:\/\/www.hydraulic-cylinders.net\/lt\/wp-json\/wp\/v2\/product_tag?post=19645"}],"curies":[{"name":"wp","href":"https:\/\/api.w.org\/{rel}","templated":true}]}}