{"id":19646,"date":"2025-04-07T06:59:22","date_gmt":"2025-04-07T06:59:22","guid":{"rendered":"https:\/\/www.hydraulic-cylinders.net\/product\/boom-cylinder-for-bonny-ce750-8\/"},"modified":"2025-04-07T06:59:25","modified_gmt":"2025-04-07T06:59:25","slug":"boom-cylinder-for-bonny-ce750-8","status":"publish","type":"product","link":"https:\/\/www.hydraulic-cylinders.net\/lt\/produktas\/boom-cylinder-for-bonny-ce750-8\/","title":{"rendered":"Str\u0117l\u0117s cilindras, skirtas Bonny CE750-8"},"content":{"rendered":"<h1>Str\u0117l\u0117s cilindras, skirtas Bonny CE750-8<\/h1>\n<h2>Produkto ap\u017evalga<\/h2>\n<p>\u201eBonny CE750-8\u201c str\u0117l\u0117s cilindras yra labai svarbus hidraulini\u0173 sistem\u0173 komponentas, specialiai sukurtas sunkiosios technikos str\u0117l\u0117s jud\u0117jimui valdyti. \u0160ie cilindrai yra neatsiejama ekskavatori\u0173, ekskavatori\u0173 ir frontalini\u0173 krautuv\u0173 veikimo dalis, leid\u017eianti str\u0117lei kelti, nuleisti ir pakreipti, taip palengvinant \u012fvairias med\u017eiag\u0173 tvarkymo u\u017eduotis.<\/p>\n<p>Kau\u0161\u0173 cilindrai veikia panaudodami hidraulin\u012f sl\u0117g\u012f, tod\u0117l judesys valdomas skland\u017eiai ir efektyviai. Jie pasi\u017eymi tvirta konstrukcija, atlaikan\u010dia dideles j\u0117gas, susidaran\u010dias atliekant sunkias operacijas, tod\u0117l yra patikimas pasirinkimas statybose, \u017eem\u0117s \u016bkyje ir kitose pramon\u0117s \u0161akose.<\/p>\n<p><img decoding=\"async\" src=\"https:\/\/www.hydraulic-cylinders.net\/wp-content\/uploads\/2025\/04\/songte-company-1.webp\" alt=\"Str\u0117l\u0117s cilindras, skirtas \u201eBonny CE750-8\u201c\"><\/p>\n<h2>Pagrindin\u0117s savyb\u0117s<\/h2>\n<ul>\n<li><strong>Didelis stiprumas ir ilgaam\u017ei\u0161kumas:<\/strong> Paprastai \u0161ie cilindrai, pagaminti i\u0161 didelio stiprumo plieno arba aliuminio, yra skirti atlaikyti auk\u0161t\u0105 sl\u0117g\u012f ir dideles apkrovas, tuo pa\u010diu metu at\u0161iauriomis darbo s\u0105lygomis.<\/li>\n<li><strong>Efektyvus hidraulinis valdymas:<\/strong> Naudojant hidraulin\u0117s alyvos sl\u0117g\u012f, \u0161ie cilindrai u\u017etikrina skland\u0173 i\u0161st\u016bmim\u0105 ir \u012ftraukim\u0105, greitai reaguodami \u012f operatoriaus komandas ir u\u017etikrindami didel\u0119 st\u016bmimo bei traukimo j\u0117g\u0105.<\/li>\n<li><strong>\u012evair\u016bs tipai:<\/strong> Galimi vienpusio veikimo (veikiantys viena kryptimi) arba dvipusio veikimo (veikiantys abiem kryptimis) cilindrai, kai kurie modeliai pasi\u017eymi teleskopine konstrukcija, leid\u017eian\u010dia didesn\u012f i\u0161pl\u0117tim\u0105 nedidinant i\u0161orini\u0173 matmen\u0173, tod\u0117l idealiai tinka naudoti ribotoje erdv\u0117je.<\/li>\n<\/ul>\n<p>M\u016bs\u0173 gamybos paj\u0117gumai u\u017etikrina, kad galime pagaminti cilindrus, kurie puikiai pakei\u010dia esamus hidraulinius cilindrus, u\u017etikrindami patikim\u0105 veikim\u0105 ir suderinamum\u0105.<\/p>\n<p><img decoding=\"async\" src=\"https:\/\/www.hydraulic-cylinders.net\/wp-content\/uploads\/2025\/04\/songte-cylinder-head-with-all-kinds-excavator-models.webp\" alt=\"Hidraulinio cilindro keitimas\"><\/p>\n<h2>Taikymo scenarijai<\/h2>\n<h3>Statybin\u0117 \u012franga<\/h3>\n<p>Ekskavatoriuose str\u0117l\u0117s cilindrai yra b\u016btini kasant, kraunant ir perkeliant grunt\u0105 ar \u0161iuk\u0161les. J\u0173 geb\u0117jimas i\u0161skleisti ir susitraukti leid\u017eia operatoriams atlikti sud\u0117tingus judesius, tod\u0117l jie yra ne\u012fkainojami statybos darbams. Ekskavatoriniai krautuvai taip pat naudoja \u0161iuos cilindrus, pad\u0117dami tiek kasimo, tiek k\u0117limo darbams, u\u017etikrindami efektyv\u0173 darb\u0105 darbo vietose.<\/p>\n<h3>\u017dem\u0117s \u016bkio technika<\/h3>\n<p>Priekiniai krautuvai naudoja str\u0117l\u0117s cilindrus dirvo\u017eemiui, \u0161ienui ir kitoms med\u017eiagoms semti, kelti ir transportuoti. Galingas \u0161i\u0173 cilindr\u0173 veikimas leid\u017eia \u016bkininkams ir \u017eem\u0117s \u016bkio darbuotojams lengvai ir tiksliai atlikti tokias u\u017eduotis kaip pakrovimas, i\u0161krovimas ir med\u017eiag\u0173 tvarkymas.<\/p>\n<h3>Ekskavatoriai<\/h3>\n<p>Ekskavatoriaus kau\u0161o cilindrai atlieka pagrindin\u012f vaidmen\u012f, kad kau\u0161as gal\u0117t\u0173 prasiskverbti \u012f dirv\u0105 ir efektyviai kasti. J\u0173 tvirta konstrukcija u\u017etikrina patikim\u0105 veikim\u0105 atliekant sud\u0117tingus kasimo darbus, tod\u0117l jie yra nepakei\u010diami \u012fvairiuose projektuose \u2013 nuo \u200b\u200bkra\u0161tovaizd\u017eio tvarkymo iki didelio masto statyb\u0173.<\/p>\n<h3>Krautuvai<\/h3>\n<p>Priekiniuose krautuvuose str\u0117l\u0117s cilindrai padeda efektyviai pakelti ir i\u0161versti krovinius. D\u0117l j\u0173 geb\u0117jimo u\u017etikrinti didel\u0119 keliam\u0105j\u0105 gali\u0105 operacijos gali b\u016bti atliekamos efektyviau, o tai prisideda prie didesnio na\u0161umo atliekant med\u017eiag\u0173 tvarkymo u\u017eduotis.<\/p>\n<h2>Projektavimo aspektai ir atrankos kriterijai<\/h2>\n<h3>Keliamoji galia<\/h3>\n<p>Vienas i\u0161 svarbiausi\u0173 aspekt\u0173 renkantis str\u0117l\u0117s cilindr\u0105 yra jo keliamoji galia. Cilindras turi atlaikyti maksimali\u0105 apkrov\u0105, numatom\u0105 eksploatacijos metu, be gedim\u0173. Tai apima reikiamos k\u0117limo ir laikymo galios apskai\u010diavim\u0105, atsi\u017evelgiant \u012f saugos ribas, siekiant u\u017etikrinti patikim\u0105 veikim\u0105 ekstremaliomis s\u0105lygomis.<\/p>\n<h3>Sandarinimas<\/h3>\n<p>Efektyvus sandarinimas yra labai svarbus norint palaikyti hidraulin\u012f sl\u0117g\u012f ir i\u0161vengti skys\u010di\u0173 nuot\u0117kio. Auk\u0161tos kokyb\u0117s sandarikliai apsaugo nuo ne\u0161varum\u0173 ir dr\u0117gm\u0117s patekimo, kurie gali pabloginti na\u0161um\u0105 ir sukelti prie\u0161laikin\u012f gedim\u0105. Sandarikli\u0173 med\u017eiag\u0173, \u012fskaitant poliuretan\u0105 ir nitrilo gum\u0105, pasirinkimas vaidina svarb\u0173 vaidmen\u012f u\u017etikrinant patvarum\u0105 ir na\u0161um\u0105.<\/p>\n<h3>Patvarumas<\/h3>\n<p>Patvarumas yra labai svarbus str\u0117l\u0117s cilindr\u0173 konstrukcijos veiksnys. Jie turi atlaikyti at\u0161iaurias aplinkos s\u0105lygas, \u012fskaitant auk\u0161t\u0105 sl\u0117g\u012f, abrazyvines med\u017eiagas ir ekstremalias temperat\u016bras. Naudojant med\u017eiagas, pasi\u017eymin\u010dias dideliu atsparumu dilimui ir apsauga nuo korozijos, pailg\u0117ja \u0161i\u0173 cilindr\u0173 tarnavimo laikas, tod\u0117l suma\u017e\u0117ja da\u017eno keitimo poreikis.<\/p>\n<h3>Saugumas<\/h3>\n<p>Saugumas hidraulin\u0117se sistemose yra svarbiausias dalykas. Str\u0117l\u0117s cilindrai yra suprojektuoti su saugos funkcijomis, skirtomis i\u0161vengti nelaiming\u0173 atsitikim\u0173, pavyzd\u017eiui, sl\u0117gio ma\u017einimo vo\u017etuvais, skirtais suma\u017einti per didelio sl\u0117gio rizik\u0105. Reguliar\u016bs patikrinimai ir saugos protokol\u0173 laikymasis eksploatacijos metu dar labiau skatina saugi\u0105 darbo aplink\u0105.<\/p>\n<h3>Prie\u017ei\u016bra<\/h3>\n<p>Svarbus projektavimo aspektas yra paprastas techninis aptarnavimas. Str\u0117l\u0117s cilindrai tur\u0117t\u0173 u\u017etikrinti lengv\u0105 prieig\u0105 prie komponent\u0173, kuriuos reikia reguliariai tikrinti ir pri\u017ei\u016br\u0117ti. Tai apima funkcijas, kurios palengvina sandarikli\u0173 ir kit\u0173 dali\u0173 keitim\u0105, skatina tvar\u0173 veiklos efektyvum\u0105 ir suma\u017eina prastovas.<\/p>\n<p><img decoding=\"async\" src=\"https:\/\/www.hydraulic-cylinders.net\/wp-content\/uploads\/2025\/04\/songte-oil-pipes-and-spare-parts.webp\" alt=\"Hidraulini\u0173 cilindr\u0173 dalys\"><\/p>\n<h2>Sandarinimas ir tepimas<\/h2>\n<p>Efektyvus sandarinimas ir tepimas yra gyvybi\u0161kai svarb\u016bs patikimam str\u0117l\u0117s cilindr\u0173 veikimui. \u012evair\u016bs sandarinimo komponentai, tokie kaip st\u016bmokli\u0173 ir stryp\u0173 sandarikliai, naudojami hidrauliniam sl\u0117giui palaikyti ir nuot\u0117kiams i\u0161vengti. Sandarikliai da\u017enai gaminami i\u0161 patvari\u0173 med\u017eiag\u0173, toki\u0173 kaip poliuretanas ir nitrilo kau\u010diukas, kurios yra atsparios dilimui ir aplinkos veiksniams.<\/p>\n<p>Cilindro korpusas ir srieginiai galiniai pavir\u0161iai yra tiksliai apdirbami, siekiant padidinti atsparum\u0105 dilimui ir u\u017etikrinti tvirt\u0105 prigludim\u0105. B\u016btina reguliariai tepti; operatoriai tur\u0117t\u0173 reguliariai tikrinti hidraulin\u0117s alyvos lyg\u012f ir naudoti reikiam\u0105 hidraulinio skys\u010dio kiek\u012f, kad i\u0161laikyt\u0173 optimal\u0173 na\u0161um\u0105 ir i\u0161vengt\u0173 dilimo.<\/p>\n<h2>Reguliarus patikrinimas ir prevencin\u0117 prie\u017ei\u016bra<\/h2>\n<ul>\n<li><strong>\u012eprastiniai patikrinimai:<\/strong> Reguliariai tikrinkite, kad nustatytum\u0117te bet kokius susid\u0117v\u0117jimo, nuot\u0117ki\u0173 ar pa\u017eeidim\u0173 po\u017eymius. Ankstyvas aptikimas leid\u017eia laiku atlikti remont\u0105 ir i\u0161vengti rimtesni\u0173 problem\u0173.<\/li>\n<li><strong>Tinkamas tepimas:<\/strong> U\u017etikrinkite, kad hidraulin\u0117s alyvos lygis b\u016bt\u0173 palaikomas ir kad b\u016bt\u0173 naudojama tinkamo tipo alyva. Reguliarus tepimas suma\u017eina trint\u012f ir nusid\u0117v\u0117jim\u0105, pailgindamas cilindro tarnavimo laik\u0105.<\/li>\n<li><strong>Sandariklio keitimas:<\/strong> Steb\u0117kite sandarikli\u0173 b\u016bkl\u0119 ir prireikus juos keiskite. Susid\u0117v\u0117j\u0119 arba pa\u017eeisti sandarikliai gali sukelti nuot\u0117kius ir suma\u017einti na\u0161um\u0105, tod\u0117l norint i\u0161laikyti funkcionalum\u0105, labai svarbu juos aktyviai keisti.<\/li>\n<\/ul>\n<h2>\u012erengimo gair\u0117s<\/h2>\n<p>Tinkamas str\u0117l\u0117s cilindro montavimas yra labai svarbus siekiant u\u017etikrinti jo efektyvum\u0105 ir ilgaam\u017ei\u0161kum\u0105. Pirmiausia \u012fsitikinkite, kad cilindras ir jo tvirtinimo ta\u0161kai yra \u0161var\u016bs ir be ter\u0161al\u0173. Tiksliai sulygiuokite cilindr\u0105 su tvirtinimo laikikliais, naudodami tinkamas atramas, kad montavimo metu i\u0161laikytum\u0117te stabilum\u0105.<\/p>\n<p>Tvirtai pritvirtinkite cilindr\u0105 rekomenduojamais tvirtinimo elementais, u\u017etikrindami, kad jie b\u016bt\u0173 priver\u017eti iki nurodyto lygio, kad eksploatacijos metu neatsilaisvint\u0173. Po \u012frengimo atlikite i\u0161sam\u0173 patikrinim\u0105, kad \u012fsitikintum\u0117te, jog visos jungtys yra tvirtos ir kad cilindras veikia skland\u017eiai ir be kli\u016b\u010di\u0173. Po \u012frengimo reguliariai tikrinkite, ar tinkamai suderintas, kad i\u0161vengtum\u0117te per didelio komponent\u0173 \u012ftempimo.<\/p>\n<h2>Prie\u017ei\u016bros u\u017eduotys<\/h2>\n<ul>\n<li><strong>Reguliar\u016bs patikrinimai:<\/strong> Da\u017enos patikros yra labai svarbios norint anksti nustatyti galimas problemas. Eksploatacijos metu ie\u0161kokite susid\u0117v\u0117jimo po\u017eymi\u0173, nuot\u0117ki\u0173 ar ne\u012fprast\u0173 gars\u0173, nes tai gali rodyti pagrindines problemas, \u012f kurias gali reik\u0117ti atkreipti d\u0117mes\u012f.<\/li>\n<li><strong>Tinkamas tepimas:<\/strong> Tinkamas tepimas yra b\u016btinas skland\u017eiam str\u0117l\u0117s cilindro veikimui. Naudokite rekomenduojam\u0105 hidraulin\u0119 alyv\u0105 ir tepkite j\u0105 gamintojo nurodymuose nurodytais intervalais, kad i\u0161vengtum\u0117te per didelio susid\u0117v\u0117jimo.<\/li>\n<li><strong>Sandariklio keitimas:<\/strong> Sandarikliai yra labai svarb\u016bs palaikant hidraulin\u012f sl\u0117g\u012f. Reguliariai tikrinkite j\u0173 b\u016bkl\u0119 ir pakeiskite, jei pastebite susid\u0117v\u0117jimo po\u017eymi\u0173, taip u\u017etikrindami optimal\u0173 veikim\u0105 ir i\u0161vengdami nuot\u0117ki\u0173.<\/li>\n<\/ul>\n<p>Montuodami \u012fsitikinkite, kad cilindras yra tinkamai sulygiuotas, kad i\u0161vengtum\u0117te nesuderinamumo problem\u0173. Naudokite tinkamus tvirtinimo laikiklius, kad b\u016bt\u0173 u\u017etikrintas stabilumas. Laikykit\u0117s rekomenduojam\u0173 tikrinimo ir keitimo proced\u016br\u0173 ir u\u017etikrinkite, kad dalys b\u016bt\u0173 kei\u010diamos lygiavert\u0117s kokyb\u0117s komponentais, kad b\u016bt\u0173 i\u0161laikytas funkcionalumas ir pailgintas cilindro eksploatavimo laikas.<\/p>\n<p><img decoding=\"async\" src=\"https:\/\/www.hydraulic-cylinders.net\/wp-content\/uploads\/2025\/04\/songte-chushion-collar.webp\" alt=\"Pagalv\u0117l\u0117s apykakl\u0117\"><\/p>\n<h2>Saugos aspektai ir aplinkos veiksniai<\/h2>\n<p>Naudojant hidraulinius cilindrus, b\u016btina laikytis saugos priemoni\u0173, kad b\u016bt\u0173 i\u0161vengta nelaiming\u0173 atsitikim\u0173 ir su\u017ealojim\u0173. Operatoriai tur\u0117t\u0173 b\u016bti apmokyti teisingai naudoti \u012frang\u0105 ir b\u016bti susipa\u017ein\u0119 su saugos protokolais, \u012fskaitant pavoj\u0173, susijusi\u0173 su hidrauliniu sl\u0117giu ir galimais mechaniniais gedimais, atpa\u017einim\u0105. Tinkamas hidraulini\u0173 skys\u010di\u0173 tvarkymas ir laikymas taip pat yra labai svarb\u016bs siekiant i\u0161vengti aplinkos u\u017eter\u0161imo.<\/p>\n<h2>Trik\u010di\u0173 \u0161alinimas ir da\u017eniausiai pasitaikan\u010dios problemos<\/h2>\n<ul>\n<li><strong>Nuot\u0117kis:<\/strong> Viena i\u0161 da\u017eniausi\u0173 hidraulini\u0173 cilindr\u0173 problem\u0173 yra nuot\u0117kis, da\u017enai atsirandantis d\u0117l susid\u0117v\u0117jusi\u0173 sandarikli\u0173. Reguliarios patikros ir savalaikis sandarikli\u0173 keitimas gali i\u0161spr\u0119sti \u0161i\u0105 problem\u0105.<\/li>\n<li><strong>Sl\u0117gio praradimas:<\/strong> Nepakankamas hidraulinis sl\u0117gis gali atsirasti d\u0117l skys\u010di\u0173 nuot\u0117kio, oro hidraulin\u0117je sistemoje arba netinkamai veikian\u010di\u0173 komponent\u0173. \u0160altinio nustatymas yra labai svarbus norint atkurti normal\u0173 veikim\u0105.<\/li>\n<li><strong>Ne\u012fprasti garsai:<\/strong> \u0160nyp\u0161timas ar \u0161nyp\u0161timas eksploatacijos metu gali reik\u0161ti vidinius pa\u017eeidimus arba nepakankam\u0105 tepim\u0105. Greitas prie\u017easties nustatymas ir pa\u0161alinimas gali pad\u0117ti i\u0161vengti tolesn\u0117s \u017ealos.<\/li>\n<\/ul>\n<p>Nor\u0117dami efektyviai diagnozuoti problemas, operatoriai tur\u0117t\u0173 tvarkyti na\u0161umo ir remonto istorijos \u017eurnal\u0105. Susipa\u017einimas su da\u017eniausiai pasitaikan\u010diomis problemomis ir j\u0173 simptomais leid\u017eia jas grei\u010diau i\u0161spr\u0119sti ir suma\u017einti \u012frangos prastovos laik\u0105.<\/p>\n<p>Prevencin\u0117s priemon\u0117s, tokios kaip \u012fprastin\u0117 prie\u017ei\u016bra ir eksploatavimo gairi\u0173 laikymasis, gali \u017eymiai suma\u017einti galim\u0173 problem\u0173 atsiradim\u0105, u\u017etikrinant skland\u0173 hidraulini\u0173 cilindr\u0173 veikim\u0105 ir ilgaam\u017ei\u0161kum\u0105.<\/p>\n<p><img decoding=\"async\" src=\"https:\/\/www.hydraulic-cylinders.net\/wp-content\/uploads\/2025\/04\/songte-bushings-with-all-kinds-of-excavator-models.webp\" alt=\"Ekskavatori\u0173 modeli\u0173 \u012fvor\u0117s\"><\/p>\n<h2>Apie m\u016bs\u0173 \u012fmon\u0119<\/h2>\n<p>Esame pirmaujantis pakaitini\u0173 hidraulini\u0173 cilindr\u0173 gamintojas, si\u016blantis plat\u0173 gamini\u0173 asortiment\u0105, atitinkant\u012f tiek vietin\u0117s, tiek tarptautin\u0117s rinkos poreikius. M\u016bs\u0173 \u012fsipareigojimas kokybei atsispindi kruop\u0161\u010diuose gamybos procesuose ir pramon\u0117s standart\u0173 laikymesi.<\/p>\n<p>M\u016bs\u0173 pa\u017eangios gamybos \u012fmon\u0117s naudoja pa\u017eangiausias technologijas ir kvalifikuot\u0105 darbo j\u0117g\u0105, kad u\u017etikrint\u0173 auk\u0161t\u0105 efektyvum\u0105 ir tikslum\u0105. Mes pabr\u0117\u017eiame nuolatin\u012f tobul\u0117jim\u0105 ir inovacijas, pasitelkdami savo technines \u017einias, kad pagerintume gamini\u0173 kokyb\u0119 ir patenkintume \u012fvairius klient\u0173 poreikius.<\/p>\n<p>M\u016bs\u0173 paslaugos neapsiriboja gamyba; si\u016blome individualiai pritaikytus sprendimus, \u012fskaitant pritaikymo galimybes ir patikim\u0105 garantin\u012f aptarnavim\u0105, u\u017etikrindami, kad m\u016bs\u0173 klientai gaut\u0173 auk\u0161\u010diausio lygio aptarnavim\u0105. Esame pasiry\u017e\u0119 u\u017etikrinti kiekvieno si\u016blomo produkto kokyb\u0119 ir patikimum\u0105.<\/p>\n<p><img decoding=\"async\" src=\"https:\/\/www.hydraulic-cylinders.net\/wp-content\/uploads\/2025\/04\/songte-company-4.webp\" alt=\"\u012emon\u0117s paveiksl\u0117lis 1\"><br \/>\n<img decoding=\"async\" src=\"https:\/\/www.hydraulic-cylinders.net\/wp-content\/uploads\/2025\/04\/songte-company-3.webp\" alt=\"\u012emon\u0117s paveiksl\u0117lis 2\"><\/p>\n<p>Autorius: lyl<\/p>","protected":false},"excerpt":{"rendered":"<p>Boom Cylinder For Bonny CE750-8 Product Overview The Boom Cylinder for Bonny CE750-8 is a crucial component in hydraulic systems, specifically designed to control the movement of the boom on heavy machinery. These cylinders are integral to the operation of excavators, backhoes, and front loaders, enabling the boom to lift, lower, and tilt, thus facilitating [&hellip;]<\/p>","protected":false},"featured_media":17879,"comment_status":"open","ping_status":"closed","template":"","meta":{"_et_pb_use_builder":"","_et_pb_old_content":"","_et_gb_content_width":""},"product_brand":[],"product_cat":[1546],"product_tag":[1547,1496],"class_list":{"0":"post-19646","1":"product","2":"type-product","3":"status-publish","4":"has-post-thumbnail","6":"product_cat-boom-cylinders","7":"product_tag-boom-cylinders","8":"product_tag-hydraulic-cylinders","10":"first","11":"instock","12":"shipping-taxable","13":"product-type-simple"},"amp_enabled":true,"_links":{"self":[{"href":"https:\/\/www.hydraulic-cylinders.net\/lt\/wp-json\/wp\/v2\/product\/19646","targetHints":{"allow":["GET"]}}],"collection":[{"href":"https:\/\/www.hydraulic-cylinders.net\/lt\/wp-json\/wp\/v2\/product"}],"about":[{"href":"https:\/\/www.hydraulic-cylinders.net\/lt\/wp-json\/wp\/v2\/types\/product"}],"replies":[{"embeddable":true,"href":"https:\/\/www.hydraulic-cylinders.net\/lt\/wp-json\/wp\/v2\/comments?post=19646"}],"wp:featuredmedia":[{"embeddable":true,"href":"https:\/\/www.hydraulic-cylinders.net\/lt\/wp-json\/wp\/v2\/media\/17879"}],"wp:attachment":[{"href":"https:\/\/www.hydraulic-cylinders.net\/lt\/wp-json\/wp\/v2\/media?parent=19646"}],"wp:term":[{"taxonomy":"product_brand","embeddable":true,"href":"https:\/\/www.hydraulic-cylinders.net\/lt\/wp-json\/wp\/v2\/product_brand?post=19646"},{"taxonomy":"product_cat","embeddable":true,"href":"https:\/\/www.hydraulic-cylinders.net\/lt\/wp-json\/wp\/v2\/product_cat?post=19646"},{"taxonomy":"product_tag","embeddable":true,"href":"https:\/\/www.hydraulic-cylinders.net\/lt\/wp-json\/wp\/v2\/product_tag?post=19646"}],"curies":[{"name":"wp","href":"https:\/\/api.w.org\/{rel}","templated":true}]}}