{"id":19648,"date":"2025-04-07T06:59:28","date_gmt":"2025-04-07T06:59:28","guid":{"rendered":"https:\/\/www.hydraulic-cylinders.net\/product\/boom-cylinder-for-bonny-wzyq42-6\/"},"modified":"2025-04-07T06:59:31","modified_gmt":"2025-04-07T06:59:31","slug":"boom-cylinder-for-bonny-wzyq42-6","status":"publish","type":"product","link":"https:\/\/www.hydraulic-cylinders.net\/lt\/produktas\/boom-cylinder-for-bonny-wzyq42-6\/","title":{"rendered":"Str\u0117l\u0117s cilindras Bonny WZYQ42-6"},"content":{"rendered":"<h1>Str\u0117l\u0117s cilindras Bonny WZYQ42-6<\/h1>\n<h2>\u012evadas \u012f str\u0117l\u0117s cilindr\u0105<\/h2>\n<p>\u201eBonny WZYQ42-6\u201c str\u0117l\u0117s cilindras yra gyvybi\u0161kai svarbus hidraulini\u0173 sistem\u0173 komponentas, specialiai sukurtas valdyti kau\u0161\u0173 jud\u0117jim\u0105 sunkiojoje technikoje, tokioje kaip ekskavatoriai, ekskavatoriniai krautuvai ir frontaliniai krautuvai. \u0160is specializuotas hidraulinis cilindras leid\u017eia pakelti, nuleisti ir pakreipti kau\u0161\u0105, taip palengvindamas efektyv\u0173 med\u017eiag\u0173 tvarkym\u0105. Str\u0117l\u0117s cilindras veikia esant auk\u0161tam sl\u0117giui, u\u017etikrindamas skland\u0173 ir tiksl\u0173 jud\u0117jim\u0105, b\u016btin\u0105 kasimo ir krovimo darbams.<\/p>\n<p><img decoding=\"async\" src=\"https:\/\/www.hydraulic-cylinders.net\/wp-content\/uploads\/2025\/04\/songte-company-1.webp\" alt=\"Str\u0117l\u0117s cilindras\" \/><\/p>\n<h2>Str\u0117l\u0117s cilindro savyb\u0117s<\/h2>\n<h3>Didelis stiprumas ir ilgaam\u017ei\u0161kumas<\/h3>\n<ul>\n<li>Pagaminta i\u0161 didelio stiprumo plieno arba aliuminio, galin\u010dio atlaikyti auk\u0161t\u0105 sl\u0117g\u012f ir dideles apkrovas.<\/li>\n<li>Sukurta atlaikyti at\u0161iaurias darbo s\u0105lygas, daugiausia d\u0117mesio skiriant atsparumui dilimui ir korozijai, siekiant pailginti tarnavimo laik\u0105.<\/li>\n<\/ul>\n<h3>Efektyvus hidraulinis valdymas<\/h3>\n<ul>\n<li>Naudoja hidraulin\u0117s alyvos sl\u0117g\u012f skland\u017eiam i\u0161pl\u0117timui ir \u012ftraukimui, u\u017etikrindamas greit\u0105 reagavim\u0105 \u012f valdymo komandas.<\/li>\n<li>U\u017etikrina tvirt\u0105 st\u016bmimo ir traukimo j\u0117g\u0105, idealiai tinka sunkiems daiktams tvarkyti ir sud\u0117tingoms operacijoms atlikti.<\/li>\n<\/ul>\n<h3>\u012evair\u016bs tipai<\/h3>\n<ul>\n<li>Galima \u012fsigyti vienpusio veikimo (hidraulin\u0117 sistema naudojama viena kryptimi) arba dvipusio veikimo (hidraulin\u0117 sistema naudojama abiem kryptimis) konfig\u016bracij\u0173, kad b\u016bt\u0173 patenkinti \u012fvair\u016bs eksploatavimo poreikiai.<\/li>\n<li>Kai kurie modeliai pasi\u017eymi teleskopine konstrukcija, leid\u017eian\u010dia didesn\u012f i\u0161pl\u0117tim\u0105 nepadidinant i\u0161orini\u0173 matmen\u0173, tod\u0117l tinka naudoti ribotoje erdv\u0117je.<\/li>\n<\/ul>\n<p>M\u016bs\u0173 gaminiai gali puikiai pakeisti \u0161iuos hidraulinius cilindrus.<\/p>\n<p><img decoding=\"async\" src=\"https:\/\/www.hydraulic-cylinders.net\/wp-content\/uploads\/2025\/04\/songte-cylinder-head-with-all-kinds-excavator-models.webp\" alt=\"Hidraulini\u0173 cilindr\u0173 modeliai\" \/><\/p>\n<h2>Str\u0117l\u0117s cilindro pritaikymas<\/h2>\n<h3>Statybin\u0117 \u012franga<\/h3>\n<p>Ekskavatoriuose str\u0117l\u0117s cilindrai yra labai svarb\u016bs kasant, kraunant ir perkeliant \u017eem\u0119 ar \u0161iuk\u0161les. Jie leid\u017eia kau\u0161ui efektyviai \u012fsiskverbti \u012f \u017eem\u0119, palengvindami kasimo proces\u0105. Ekskavatoriuose-krautuvuose str\u0117l\u0117s cilindras padeda tiek kasti, tiek kelti, tod\u0117l statybviet\u0117se galima naudoti \u012fvairiapus\u012f funkcionalum\u0105.<\/p>\n<h3>\u017dem\u0117s \u016bkio technika<\/h3>\n<p>Priekiniuose krautuvuose str\u0117l\u0117s cilindrai yra b\u016btini dirvo\u017eemio, \u0161ieno ir kit\u0173 med\u017eiag\u0173 k\u0117limui, k\u0117limui ir transportavimui. \u0160ie cilindrai u\u017etikrina efektyv\u0173 krautuvo veikim\u0105, maksimaliai padidindami na\u0161um\u0105 \u017eem\u0117s \u016bkio darbuose, suteikdami reikiam\u0105 hidraulin\u0119 j\u0117g\u0105 \u012fvairioms u\u017eduotims atlikti.<\/p>\n<h3>Ekskavatoriai<\/h3>\n<p>Ekskavatori\u0173 str\u0117l\u0117s cilindras leid\u017eia kau\u0161ui \u012fsiskverbti \u012f dirv\u0105, efektyviai atliekant kasimo veiksmus. D\u0117l \u0161ios savyb\u0117s jis yra nepakei\u010diamas \u012frankis tiek statybos, tiek griovimo projektuose, u\u017etikrinantis, kad ekskavatorius gal\u0117t\u0173 lengvai susidoroti su \u012fvairiausiomis med\u017eiagomis.<\/p>\n<h3>Krautuvai<\/h3>\n<p>Priekiniuose krautuvuose str\u0117l\u0117s cilindrai padeda efektyviai kelti ir i\u0161versti krovinius. J\u0173 konstrukcija leid\u017eia optimaliai kelti didelius krovinius, u\u017etikrinant greit\u0105 ir efektyv\u0173 med\u017eiag\u0173 tvarkym\u0105, o tai labai svarbu spar\u010diai besikei\u010dian\u010dioje statyb\u0173 aplinkoje.<\/p>\n<h2>Projektavimo aspektai ir atrankos kriterijai<\/h2>\n<h3>Keliamoji galia<\/h3>\n<p>Renkantis str\u0117l\u0117s cilindr\u0105, svarbiausia suprasti keliam\u0105j\u0105 gali\u0105. Cilindras turi atlaikyti did\u017eiausi\u0105 numatom\u0105 apkrov\u0105 be gedimo rizikos. Tai rei\u0161kia, kad reikia \u012fvertinti perkeliam\u0173 med\u017eiag\u0173 svor\u012f ir joms pakelti reikaling\u0105 j\u0117g\u0105. Didesn\u0117 keliamoji galia da\u017enai rei\u0161kia didesn\u012f saugum\u0105 ir patikimum\u0105 eksploatacijos metu, ypa\u010d atliekant sunkias apkrovas.<\/p>\n<h3>Sandarinimo mechanizmai<\/h3>\n<p>Hidraulinio cilindro efektyvumui didel\u0119 \u012ftak\u0105 daro jo sandarinimo sistemos. Tinkami sandarikliai apsaugo nuo hidraulinio skys\u010dio nuot\u0117kio, o tai yra gyvybi\u0161kai svarbu norint i\u0161laikyti sl\u0117g\u012f ir funkcionalum\u0105. Sandarikli\u0173 med\u017eiag\u0173 pasirinkimas taip pat turi \u012ftakos ilgaam\u017ei\u0161kumui ir prisitaikymui prie skirtingos darbo aplinkos, nes auk\u0161tos kokyb\u0117s sandarikliai gali atlaikyti nusid\u0117v\u0117jim\u0105 ir aplinkos veiksnius, u\u017etikrindami pastov\u0173 veikim\u0105 laikui b\u0117gant.<\/p>\n<h3>Patvarumas<\/h3>\n<p>Patvarumas yra labai svarbus veiksnys projektuojant str\u0117l\u0117s cilindrus. Jie turi b\u016bti pakankamai tvirti, kad atlaikyt\u0173 at\u0161iaurias darbo s\u0105lygas ir nesugest\u0173. Tai apima atsparum\u0105 dilimui, korozijai ir nuovargiui, kurie gali atsirasti d\u0117l pakartotinio naudojimo esant sl\u0117giui. Gamybos procese tur\u0117t\u0173 b\u016bti naudojamos med\u017eiagos ir metodai, kurie padidina patvarum\u0105, u\u017etikrinant optimal\u0173 cilindro veikim\u0105 vis\u0105 jo eksploatavimo laik\u0105.<\/p>\n<h3>Saugos funkcijos<\/h3>\n<p>Hidraulini\u0173 cilindr\u0173 konstrukcijoje labai svarbu \u012ftraukti saugos funkcijas. Tai apima apsaugos nuo perkrov\u0173 mechanizmus, kurie neleid\u017eia cilindrui veikti j\u0117goms, vir\u0161ijan\u010dioms jo paj\u0117gum\u0105, o tai gali sukelti katastrofi\u0161k\u0105 gedim\u0105. Saugos priemon\u0117s taip pat tur\u0117t\u0173 apimti sl\u0117gio ma\u017einimo vo\u017etuvus, skirtus valdyti per didel\u012f sl\u0117g\u012f, u\u017etikrinant, kad operatoriai gal\u0117t\u0173 dirbti u\u017etikrintai ir be pernelyg didel\u0117s rizikos.<\/p>\n<h3>Prie\u017ei\u016bra ir tinkamumas naudoti<\/h3>\n<p>Renkantis str\u0117l\u0117s cilindr\u0105, labai svarb\u016bs aspektai yra lengva prie\u017ei\u016bra ir aptarnavimas. Konstrukcija tur\u0117t\u0173 leisti lengvai patikrinti ir pakeisti dalis, \u012fskaitant sandariklius ir kitus vidinius komponentus. Reguliarios prie\u017ei\u016bros protokolai tur\u0117t\u0173 b\u016bti lengvai suprantami, kad operatoriai gal\u0117t\u0173 atlikti patikrinimus ir remont\u0105 be ilg\u0173 prastov\u0173, taip padidindami bendr\u0105 veiklos efektyvum\u0105.<\/p>\n<p><img decoding=\"async\" src=\"https:\/\/www.hydraulic-cylinders.net\/wp-content\/uploads\/2025\/04\/songte-oil-pipes-and-spare-parts.webp\" alt=\"Naftos vamzd\u017eiai ir atsargin\u0117s dalys\" \/><\/p>\n<h2>Sandarinimas ir tepimas<\/h2>\n<p>Efektyvus sandarinimas ir tepimas yra labai svarb\u016bs hidraulini\u0173 cilindr\u0173 ilgaam\u017ei\u0161kumui ir veikimui. Siekiant i\u0161vengti skys\u010di\u0173 nuot\u0117kio ir palaikyti sl\u0117g\u012f, naudojami \u012fvair\u016bs sandarinimo elementai, tokie kaip st\u016bmokli\u0173 ir stryp\u0173 sandarikliai. Sandarikliai da\u017enai gaminami i\u0161 patvari\u0173 med\u017eiag\u0173, toki\u0173 kaip poliuretanas ir nitrilo kau\u010diukas, kurios u\u017etikrina puik\u0173 atsparum\u0105 dilimui. Be to, cilindro korpusas ir srieginiai galiniai pavir\u0161iai yra tiksliai apdirbami, siekiant padidinti patvarum\u0105.<\/p>\n<p>Reguliarus tepimas hidrauline alyva yra b\u016btinas norint suma\u017einti judan\u010di\u0173 dali\u0173 trint\u012f ir susid\u0117v\u0117jim\u0105. \u0160\u012f tepim\u0105 reikia steb\u0117ti ir reguliariai papildyti, kad b\u016bt\u0173 u\u017etikrintas optimalus veikimas. Nepakankamas tepimas gali padidinti susid\u0117v\u0117jim\u0105 ir potencialiai katastrofi\u0161k\u0105 cilindro gedim\u0105.<\/p>\n<h2>Prevencin\u0117s prie\u017ei\u016bros priemon\u0117s<\/h2>\n<ul>\n<li><strong>Reguliar\u016bs patikrinimai:<\/strong> Reguliariai tikrinant, ar n\u0117ra nuot\u0117ki\u0173, susid\u0117v\u0117jimo ir pa\u017eeidim\u0173, galima i\u0161vengti nedideli\u0173 problem\u0173, kurios netapt\u0173 rimtomis. Patikrinkite sandariklius ir \u012fsitikinkite, kad hidraulin\u0117s linijos yra geros b\u016bkl\u0117s.<\/li>\n<li><strong>Tepimas:<\/strong> Nuolatinis cilindro tepimas u\u017etikrins skland\u0173 veikim\u0105 ir suma\u017eins vidini\u0173 komponent\u0173 susid\u0117v\u0117jim\u0105. Tai tur\u0117t\u0173 b\u016bti daroma pagal gamintojo rekomendacijas.<\/li>\n<li><strong>Sandariklio keitimas:<\/strong> Laikui b\u0117gant, sandarikliai gali susid\u0117v\u0117ti ir juos gali tekti pakeisti, kad b\u016bt\u0173 i\u0161laikytas hidraulin\u0117s sistemos vientisumas. Reguliariai tikrinkite sandariklius ir prireikus juos pakeiskite, kad i\u0161vengtum\u0117te nuot\u0117ki\u0173.<\/li>\n<\/ul>\n<h2>\u012erengimo gair\u0117s<\/h2>\n<p>Tinkamas str\u0117l\u0117s cilindro montavimas yra labai svarbus optimaliam veikimui. Pirmiausia \u012fsitikinkite, kad visi tvirtinimo pavir\u0161iai yra \u0161var\u016bs ir be \u0161iuk\u0161li\u0173. Naudokite tinkamus lygiavimo \u012frankius, kad cilindras b\u016bt\u0173 tinkamai sulygiuotas su tvirtinimo ta\u0161kais. Rekomenduojami montavimo laikikliai tur\u0117t\u0173 b\u016bti naudojami cilindrui pritvirtinti vietoje, kad b\u016bt\u0173 i\u0161vengta bet kokio i\u0161lyginimo eksploatacijos metu.<\/p>\n<p>Sureguliuokite hidraulines jungtis, u\u017etikrindami, kad visos jungtys b\u016bt\u0173 sandarios ir nepralaid\u017eios. Po \u012frengimo atlikite i\u0161sam\u0173 patikrinim\u0105, kad \u012fsitikintum\u0117te, jog viskas tinkamai pastatyta ir prijungta. Prie\u0161 pradedant dirbti visu paj\u0117gumu, patartina atlikti bandom\u0105j\u012f paleidim\u0105 esant \u017eemam sl\u0117giui, kad patikrintum\u0117te, ar n\u0117ra nuot\u0117ki\u0173 ir veikimo problem\u0173.<\/p>\n<h2>\u012eprastos prie\u017ei\u016bros u\u017eduotys<\/h2>\n<h3>Reguliar\u016bs patikrinimai<\/h3>\n<p>Reguliar\u016bs patikrinimai yra labai svarb\u016bs siekiant u\u017etikrinti tinkam\u0105 hidraulinio cilindro veikim\u0105. Ie\u0161kokite susid\u0117v\u0117jimo po\u017eymi\u0173, toki\u0173 kaip \u012ftr\u016bkimai ar korozija, ir \u012fvertinkite sandarikli\u0173 b\u016bkl\u0119, ar n\u0117ra nuot\u0117kio po\u017eymi\u0173. Ankstyvas problem\u0173 nustatymas gali pad\u0117ti i\u0161vengti brangaus remonto ir prastov\u0173.<\/p>\n<h3>Tinkamas tepimas<\/h3>\n<p>\u012esitikinkite, kad hidraulinis cilindras yra tinkamai suteptas, kad jis veikt\u0173 skland\u017eiai. Tinkamo tipo ir kiekio hidraulinio skys\u010dio naudojimas pailgina cilindro tarnavimo laik\u0105 ir apsaugo nuo per didelio susid\u0117v\u0117jimo. Reguliariai tikrinkite skys\u010dio lyg\u012f ir prireikus papildykite, kad i\u0161laikytum\u0117te optimal\u0173 na\u0161um\u0105.<\/p>\n<h3>Tarpikli\u0173 keitimas ir kalibravimo patikrinimai<\/h3>\n<p>Sandarikliai yra svarb\u016bs komponentai, kuriuos reikia periodi\u0161kai keisti. Reguliariai tikrinkite, ar sandarikliai n\u0117ra susid\u0117v\u0117j\u0119, ir nedelsdami juos pakeiskite, kad i\u0161vengtum\u0117te nuot\u0117ki\u0173. Kalibravimo patikrinimai u\u017etikrina, kad cilindras veikt\u0173 pagal nurodytus parametrus, o tai prisideda prie saugaus ir efektyvaus veikimo.<\/p>\n<p><img decoding=\"async\" src=\"https:\/\/www.hydraulic-cylinders.net\/wp-content\/uploads\/2025\/04\/songte-chushion-collar.webp\" alt=\"Pagalv\u0117l\u0117s apykakl\u0117\" \/><\/p>\n<h2>Saugos aspektai ir aplinkos veiksniai<\/h2>\n<p>Dirbant su hidrauliniais cilindrais, labai svarbu teikti pirmenyb\u0119 saugos priemon\u0117ms. Operatoriai tur\u0117t\u0173 b\u016bti apmokyti suprasti galimus pavojus, susijusius su hidraulin\u0117mis sistemomis, \u012fskaitant auk\u0161to sl\u0117gio skys\u010di\u0173 nuot\u0117kio rizik\u0105. Visada reikia d\u0117v\u0117ti tinkamas asmenines apsaugos priemones (AAP), kad b\u016bt\u0173 suma\u017einta traum\u0173 rizika. Be to, reik\u0117t\u0173 atsi\u017evelgti \u012f aplinkosaugos aspektus, pavyzd\u017eiui, tinkam\u0105 hidraulini\u0173 skys\u010di\u0173 utilizavim\u0105 ir darbo viet\u0173 \u0161varos palaikym\u0105, kad b\u016bt\u0173 i\u0161vengta i\u0161siliejimo.<\/p>\n<h2>Trik\u010di\u0173 \u0161alinimas ir da\u017eniausiai pasitaikan\u010dios problemos<\/h2>\n<ul>\n<li><strong>Nuot\u0117kis:<\/strong> Viena i\u0161 da\u017eniausiai pasitaikan\u010di\u0173 problem\u0173 yra nuot\u0117kis, da\u017enai atsirandantis d\u0117l susid\u0117v\u0117jusi\u0173 sandarikli\u0173 arba pa\u017eeist\u0173 jungiam\u0173j\u0173 detali\u0173. Jei aptinkamas nuot\u0117kis, patikrinkite sandariklius ir prireikus juos pakeiskite.<\/li>\n<li><strong>Suma\u017eintas na\u0161umas:<\/strong> Jei hidraulinis cilindras neveikia skland\u017eiai, tai gali b\u016bti d\u0117l nepakankamo tepimo arba hidraulin\u0117je sistemoje \u012fstrigusio oro. \u012esitikinkite, kad sistemoje yra tinkamas skys\u010dio lygis, ir i\u0161leiskite or\u0105.<\/li>\n<li><strong>Ne\u012fprasti garsai:<\/strong> Tokie garsai kaip \u0161vilpimas ar girg\u017ed\u0117jimas gali rodyti vidinius pa\u017eeidimus arba tepimo tr\u016bkum\u0105. Patikrinkite, ar cilindras nesusid\u0117v\u0117j\u0119s, ir \u012fsitikinkite, kad tepamas pakankamai.<\/li>\n<\/ul>\n<h2>Trik\u010di\u0173 \u0161alinimo patarimai<\/h2>\n<p>Norint veiksmingai diagnozuoti ir i\u0161spr\u0119sti problemas, pirmiausia patikrinkite skys\u010di\u0173 lyg\u012f ir \u012fsitikinkite, kad hidraulin\u0117je sistemoje n\u0117ra nuot\u0117ki\u0173. Siekiant i\u0161vengti problem\u0173, reikia reguliariai atlikti technin\u0119 prie\u017ei\u016br\u0105. Operatoriai taip pat tur\u0117t\u0173 \u017einoti galim\u0173 problem\u0173 simptomus ir greitai imtis veiksm\u0173, kad juos i\u0161spr\u0119st\u0173.<\/p>\n<p>\u012egyvendinant prevencines priemones, tokias kaip reguliari ap\u017ei\u016bra ir savalaik\u0117 prie\u017ei\u016bra, galima gerokai suma\u017einti problem\u0173 tikimyb\u0119 ir pailginti bendr\u0105 hidraulinio cilindro tarnavimo laik\u0105.<\/p>\n<p><img decoding=\"async\" src=\"https:\/\/www.hydraulic-cylinders.net\/wp-content\/uploads\/2025\/04\/songte-bushings-with-all-kinds-of-excavator-models.webp\" alt=\"Ekskavatori\u0173 modeli\u0173 \u012fvor\u0117s\" \/><\/p>\n<h2>Apie m\u016bs\u0173 \u012fmon\u0119<\/h2>\n<p>Esame pakaitini\u0173 hidraulini\u0173 cilindr\u0173 gamintojas, si\u016blantis plat\u0173 gamini\u0173 asortiment\u0105 ir tap\u0119s vienu i\u0161 pirmaujan\u010di\u0173 gamintoj\u0173 bei didmeninink\u0173 tiek vidaus, tiek tarptautin\u0117se rinkose. Teikiame pirmenyb\u0119 i\u0161skirtinei kokybei, pasitelkdami rafinuot\u0105 gamybos strategij\u0105, kuri apjungia pa\u017eangiausias pramon\u0117s technologijas, kvalifikuotus darbuotojus ir patikim\u0105 tikrinimo sistem\u0105.<\/p>\n<p>M\u016bs\u0173 gamyklos apr\u016bpintos pa\u017eangia skaitmenine gamybos \u012franga, kuri didina gamybos efektyvum\u0105 ir tikslum\u0105. Nuolat tobuliname savo gamybos platform\u0105, kad u\u017etikrintume auk\u0161tos kokyb\u0117s gamybos mar\u0161rutus ir taip patenkintume \u012fvairius klient\u0173 poreikius.<\/p>\n<p>M\u016bs\u0173 \u012fsipareigojim\u0105 profesionalumui pabr\u0117\u017eia tarptautiniai sertifikatai, individualiai pritaikytos paslaugos, pritaikytos klient\u0173 specifikacijoms, ir nuolatin\u0117s investicijos \u012f pa\u017eangiausi\u0105 gamybos \u012frang\u0105. M\u016bs\u0173 specializuotas garantinio aptarnavimo centras u\u017etikrina, kad klientai gaut\u0173 nuolatin\u0119 pagalb\u0105 net ir po pirkimo.<\/p>\n<p><img decoding=\"async\" src=\"https:\/\/www.hydraulic-cylinders.net\/wp-content\/uploads\/2025\/04\/songte-company-4.webp\" alt=\"\u012emon\u0117s paveiksl\u0117lis 1\" \/><br \/>\n<img decoding=\"async\" src=\"https:\/\/www.hydraulic-cylinders.net\/wp-content\/uploads\/2025\/04\/songte-company-3.webp\" alt=\"\u012emon\u0117s paveiksl\u0117lis 2\" \/><\/p>\n<p>Autorius Lyl.<\/p>","protected":false},"excerpt":{"rendered":"<p>Boom Cylinder For Bonny WZYQ42-6 Introduction to Boom Cylinder The Boom Cylinder for Bonny WZYQ42-6 is a vital component in hydraulic systems, specifically designed for controlling the movement of buckets in heavy machinery such as excavators, backhoe loaders, and front loaders. This specialized hydraulic cylinder allows for the lifting, lowering, and tilting of the bucket, [&hellip;]<\/p>","protected":false},"featured_media":17881,"comment_status":"open","ping_status":"closed","template":"","meta":{"_et_pb_use_builder":"","_et_pb_old_content":"","_et_gb_content_width":""},"product_brand":[],"product_cat":[1546],"product_tag":[1547,1496],"class_list":{"0":"post-19648","1":"product","2":"type-product","3":"status-publish","4":"has-post-thumbnail","6":"product_cat-boom-cylinders","7":"product_tag-boom-cylinders","8":"product_tag-hydraulic-cylinders","10":"first","11":"instock","12":"shipping-taxable","13":"product-type-simple"},"amp_enabled":true,"_links":{"self":[{"href":"https:\/\/www.hydraulic-cylinders.net\/lt\/wp-json\/wp\/v2\/product\/19648","targetHints":{"allow":["GET"]}}],"collection":[{"href":"https:\/\/www.hydraulic-cylinders.net\/lt\/wp-json\/wp\/v2\/product"}],"about":[{"href":"https:\/\/www.hydraulic-cylinders.net\/lt\/wp-json\/wp\/v2\/types\/product"}],"replies":[{"embeddable":true,"href":"https:\/\/www.hydraulic-cylinders.net\/lt\/wp-json\/wp\/v2\/comments?post=19648"}],"wp:featuredmedia":[{"embeddable":true,"href":"https:\/\/www.hydraulic-cylinders.net\/lt\/wp-json\/wp\/v2\/media\/17881"}],"wp:attachment":[{"href":"https:\/\/www.hydraulic-cylinders.net\/lt\/wp-json\/wp\/v2\/media?parent=19648"}],"wp:term":[{"taxonomy":"product_brand","embeddable":true,"href":"https:\/\/www.hydraulic-cylinders.net\/lt\/wp-json\/wp\/v2\/product_brand?post=19648"},{"taxonomy":"product_cat","embeddable":true,"href":"https:\/\/www.hydraulic-cylinders.net\/lt\/wp-json\/wp\/v2\/product_cat?post=19648"},{"taxonomy":"product_tag","embeddable":true,"href":"https:\/\/www.hydraulic-cylinders.net\/lt\/wp-json\/wp\/v2\/product_tag?post=19648"}],"curies":[{"name":"wp","href":"https:\/\/api.w.org\/{rel}","templated":true}]}}