{"id":19649,"date":"2025-04-07T06:59:31","date_gmt":"2025-04-07T06:59:31","guid":{"rendered":"https:\/\/www.hydraulic-cylinders.net\/product\/boom-cylinder-for-bonny-ce1000-7\/"},"modified":"2025-04-07T06:59:33","modified_gmt":"2025-04-07T06:59:33","slug":"boom-cylinder-for-bonny-ce1000-7","status":"publish","type":"product","link":"https:\/\/www.hydraulic-cylinders.net\/lt\/produktas\/boom-cylinder-for-bonny-ce1000-7\/","title":{"rendered":"Str\u0117l\u0117s cilindras, skirtas Bonny CE1000-7"},"content":{"rendered":"<h1>Str\u0117l\u0117s cilindras, skirtas Bonny CE1000-7<\/h1>\n<h2>Str\u0117l\u0117s cilindro supratimas<\/h2>\n<p>Str\u0117l\u0117s cilindras yra gyvybi\u0161kai svarbus hidraulinis komponentas, naudojamas \u012fvairiose sunkiosiose ma\u0161inose. Specialiai sukurtas ekskavatori\u0173, ekskavatori\u0173 ir frontalini\u0173 krautuv\u0173 kau\u0161o jud\u0117jimui valdyti, jis leid\u017eia kau\u0161\u0105 pakelti, nuleisti ir pakreipti, tod\u0117l med\u017eiag\u0173 tvarkymo u\u017eduotys tampa efektyvios ir veiksmingos.<\/p>\n<p>Str\u0117l\u0117s cilindras, kaip hidraulinio cilindro tipas, veikia naudodamas hidraulinio skys\u010dio sl\u0117g\u012f judesiui sukurti. \u0160i funkcija yra labai svarbi statybose ir \u017eem\u0117s \u016bkio darbuose, kur reikalingas tikslus sunki\u0173 krovini\u0173 valdymas. Hidraulin\u0117 sistema panaudoja skys\u010di\u0173 mechanikos gali\u0105, tod\u0117l str\u0117l\u0117s cilindras gali skland\u017eiai atlikti savo u\u017eduotis, taip padidindamas na\u0161um\u0105.<\/p>\n<p><img decoding=\"async\" src=\"https:\/\/www.hydraulic-cylinders.net\/wp-content\/uploads\/2025\/04\/songte-company-1.webp\" alt=\"Str\u0117l\u0117s cilindras\"><\/p>\n<h2>Pagrindin\u0117s str\u0117l\u0117s cilindro savyb\u0117s<\/h2>\n<ul>\n<li><strong>Didelis stiprumas ir ilgaam\u017ei\u0161kumas:<\/strong> Paprastai i\u0161 didelio stiprumo plieno arba aliuminio pagamintas str\u0117l\u0117s cilindras gali atlaikyti didel\u012f sl\u0117g\u012f ir dideles apkrovas. Jo konstrukcija u\u017etikrina atsparum\u0105 dilimui ir korozijai, tod\u0117l jo tarnavimo laikas pailg\u0117ja net ir at\u0161iauriomis darbo s\u0105lygomis.<\/li>\n<li><strong>Efektyvus hidraulinis valdymas:<\/strong> Cilindras naudoja hidraulinio skys\u010dio sl\u0117g\u012f, kad skland\u017eiai i\u0161skleist\u0173 ir atitraukt\u0173, greitai reaguot\u0173 \u012f operatoriaus komandas ir u\u017etikrint\u0173 galing\u0105 st\u016bmimo bei traukimo j\u0117g\u0105, tinkam\u0105 sunkioms ir sud\u0117tingoms u\u017eduotims atlikti.<\/li>\n<li><strong>\u012evair\u016bs tipai:<\/strong> Str\u0117l\u0117s cilindras, kur\u012f galima \u012fsigyti vienpusio veikimo (hidraulinis sl\u0117gis naudojamas viena kryptimi) arba dvipusio veikimo (hidraulinis sl\u0117gis naudojamas abiem kryptimis) konfig\u016bracij\u0173, gali b\u016bti pritaikytas \u012fvairiems eksploatavimo poreikiams. Kai kurie modeliai yra teleskopiniai, tod\u0117l str\u0117l\u0119 galima labiau i\u0161tiesti nedidinant i\u0161orini\u0173 matmen\u0173, tod\u0117l tai idealiai tinka naudoti ribotoje erdv\u0117je.<\/li>\n<li><strong>Individuali gamyba:<\/strong> Mes galime pagaminti \u0161\u012f produkt\u0105, tod\u0117l m\u016bs\u0173 cilindrai puikiai atitiks j\u016bs\u0173 hidraulinius poreikius.<\/li>\n<li><strong>Platus pritaikymo spektras:<\/strong> D\u0117l \u0161io universalumo str\u0117l\u0117s cilindras tinka \u012fvairioms sunkiosioms ma\u0161inoms ir eksploatavimo aplinkyb\u0117ms.<\/li>\n<\/ul>\n<p><img decoding=\"async\" src=\"https:\/\/www.hydraulic-cylinders.net\/wp-content\/uploads\/2025\/04\/songte-cylinder-head-with-all-kinds-excavator-models.webp\" alt=\"Ekskavatori\u0173 modeliai\"><\/p>\n<h2>Str\u0117l\u0117s cilindro pritaikymas<\/h2>\n<h3>Statybin\u0117 \u012franga<\/h3>\n<p>Str\u0117l\u0117s cilindras yra pla\u010diai naudojamas ekskavatoriuose, kur jis yra labai svarbus kasant, kraunant ir perkeliant grunt\u0105 ar \u0161iuk\u0161les. Tikslus jo valdymas leid\u017eia operatoriams atlikti tikslius judesius, palengvinant \u012fvairias statybos u\u017eduotis. Ekskavatoriuose-krautuvuose str\u0117l\u0117s cilindras ne tik padeda kasti, bet ir kelti med\u017eiagas, tod\u0117l jis yra esmin\u0117 \u0161i\u0173 ma\u0161in\u0173 dalis.<\/p>\n<h3>\u017dem\u0117s \u016bkio technika<\/h3>\n<p>Priekiniuose krautuvuose str\u0117l\u0117s cilindrai naudojami dirvo\u017eemiui, \u0161ienui ir kitoms med\u017eiagoms semti, kelti ir transportuoti. Tvirta j\u0173 konstrukcija u\u017etikrina, kad jie gali susidoroti su sunkiais \u017eem\u0117s \u016bkio darb\u0173 reikalavimais, pagerindami \u016bkininkavimo u\u017eduo\u010di\u0173 efektyvum\u0105 ir na\u0161um\u0105.<\/p>\n<h3>Ekskavatoriai<\/h3>\n<p>Str\u0117l\u0117s cilindras leid\u017eia kau\u0161ui efektyviai \u012fsiskverbti \u012f \u017eem\u0119, palengvindamas kasimo proces\u0105. \u0160i funkcija yra labai svarbi statybos, kra\u0161tovaizd\u017eio tvarkymo ir \u017eem\u0117s kasimo projektuose, kur reikalingi tiksl\u016bs \u017eem\u0117s kasimo paj\u0117gumai.<\/p>\n<h3>Krautuvai<\/h3>\n<p>Priekiniuose krautuvuose str\u0117l\u0117s cilindrai padeda efektyviai kelti ir i\u0161versti krovinius. \u0160i galimyb\u0117 yra b\u016btina norint perkelti med\u017eiagas statybviet\u0117se, u\u017etikrinant, kad u\u017eduotys b\u016bt\u0173 atliktos greitai ir saugiai.<\/p>\n<h2>Projektavimo aspektai ir atrankos kriterijai<\/h2>\n<h3>Keliamoji galia<\/h3>\n<p>Str\u0117l\u0117s cilindro keliamoji galia yra labai svarbus aspektas, lemiantis, kiek svorio cilindras gali saugiai pakelti ir manevruoti. Tinkamas keliamosios galios \u012fvertinimas u\u017etikrina, kad cilindras gali atlikti konkre\u010dias reikalingas u\u017eduotis be gedimo ar pa\u017eeidimo rizikos.<\/p>\n<h3>Sandarumo vientisumas<\/h3>\n<p>Efektyvus sandarinimas yra gyvybi\u0161kai svarbus str\u0117l\u0117s cilindro veikimui ir ilgaam\u017ei\u0161kumui. Auk\u0161tos kokyb\u0117s sandarikliai apsaugo nuo hidraulinio skys\u010dio nuot\u0117kio, u\u017etikrindami optimal\u0173 veikim\u0105 ir suma\u017eindami aplinkos u\u017eter\u0161imo rizik\u0105. Tinkamos sandarinimo med\u017eiagos ir technologijos turi b\u016bti parinktos atsi\u017evelgiant \u012f darbo s\u0105lygas.<\/p>\n<h3>Patvarumas<\/h3>\n<p>Patvarumas apima str\u0117l\u0117s cilindro geb\u0117jim\u0105 atlaikyti nusid\u0117v\u0117jim\u0105 laikui b\u0117gant. Tai apima atsparum\u0105 dilimui, korozijai ir nuovargiui. Pasirinkus med\u017eiagas ir apdail\u0105, kurios padidina patvarum\u0105, bus u\u017etikrintas patikimas hidraulinio cilindro veikimas sud\u0117tingomis s\u0105lygomis.<\/p>\n<h3>Saugos funkcijos<\/h3>\n<p>Projektuojant hidraulinius cilindrus, saugumas yra svarbiausias dalykas. \u012etraukus tokias funkcijas kaip apsauga nuo perkrovos ir apsauginiai vo\u017etuvai, galima i\u0161vengti nelaiming\u0173 atsitikim\u0173 ir \u012frangos gedim\u0173, apsaugant tiek operatorius, tiek ma\u0161inas. Saugos reikalavim\u0173 ir reglament\u0173 supratimas yra labai svarbus norint u\u017etikrinti atitikt\u012f projektavimo reikalavimams.<\/p>\n<h3>Prie\u017ei\u016bros aspektai<\/h3>\n<p>Projektuojant atsi\u017evelgiant \u012f technin\u0119 prie\u017ei\u016br\u0105, reikia atsi\u017evelgti \u012f tai, kaip lengva aptarnauti ar remontuoti str\u0117l\u0117s cilindr\u0105. Tokios savyb\u0117s kaip prieinami sandarikliai, kei\u010diami komponentai ir ai\u0161kios technin\u0117s prie\u017ei\u016bros gair\u0117s prisideda prie efektyvios prie\u017ei\u016bros, suma\u017einant prastovas ir eksploatavimo i\u0161laidas.<\/p>\n<p><img decoding=\"async\" src=\"https:\/\/www.hydraulic-cylinders.net\/wp-content\/uploads\/2025\/04\/songte-oil-pipes-and-spare-parts.webp\" alt=\"Naftos vamzd\u017eiai ir atsargin\u0117s dalys\"><\/p>\n<h2>Sandarinimas ir tepimas<\/h2>\n<p>Efektyvus sandarinimas ir tepimas yra b\u016btini optimaliam str\u0117l\u0117s cilindro veikimui. \u012evair\u016bs sandarikliai, tokie kaip st\u016bmokli\u0173 ir stryp\u0173 sandarikliai, atlieka lemiam\u0105 vaidmen\u012f palaikant hidraulin\u012f sl\u0117g\u012f ir u\u017ekertant keli\u0105 nuot\u0117kiams. Sandarikliai, pagaminti i\u0161 patvari\u0173 med\u017eiag\u0173, toki\u0173 kaip poliuretanas ir nitrilo kau\u010diukas, padidina atsparum\u0105 dilimui.<\/p>\n<p>Cilindro korpuso ir sriegini\u0173 gal\u0173 pavir\u0161iai yra kruop\u0161\u010diai apdirbti, siekiant pagerinti j\u0173 atsparum\u0105 dilimui. Be to, svarbu reguliariai \u012fpurk\u0161ti atitinkamos hidraulin\u0117s alyvos tepimui, kad b\u016bt\u0173 u\u017etikrintas sklandus vis\u0173 judan\u010di\u0173 dali\u0173 veikimas ir suma\u017einta trintis.<\/p>\n<h2>Reguliar\u016bs patikrinimai ir prevencin\u0117 prie\u017ei\u016bra<\/h2>\n<ul>\n<li><strong>\u012eprastiniai patikrinimai:<\/strong> Reguliariai tikrinkite str\u0117l\u0117s cilindr\u0105, ar n\u0117ra susid\u0117v\u0117jimo, nuot\u0117ki\u0173 ar pa\u017eeidim\u0173 po\u017eymi\u0173. Ankstyvas problem\u0173 nustatymas gali pad\u0117ti i\u0161vengti rimtesni\u0173 problem\u0173 ir brangaus remonto.<\/li>\n<li><strong>Tinkamas tepimas:<\/strong> \u012esitikinkite, kad hidraulin\u0117s alyvos lygis yra tinkamas ir kad tepimas atliekamas pagal gamintojo nurodymus. Tai pagerins na\u0161um\u0105 ir pailgins hidraulinio cilindro tarnavimo laik\u0105.<\/li>\n<li><strong>Sandariklio keitimas:<\/strong> Tarpikliai tur\u0117t\u0173 b\u016bti kei\u010diami pagal reguliar\u0173 technin\u0117s prie\u017ei\u016bros grafik\u0105, siekiant i\u0161vengti nuot\u0117ki\u0173 ir i\u0161laikyti sistemos efektyvum\u0105. Tinkamas pakaitini\u0173 tarpikli\u0173 pasirinkimas yra labai svarbus norint i\u0161laikyti hidraulin\u0117s sistemos vientisum\u0105.<\/li>\n<\/ul>\n<h2>\u012erengimo gair\u0117s<\/h2>\n<p>Montuojant str\u0117l\u0117s cilindr\u0105, b\u016btina laikytis \u0161i\u0173 nurodym\u0173, kad b\u016bt\u0173 u\u017etikrintas tinkamas veikimas ir ilgaam\u017ei\u0161kumas:<\/p>\n<ul>\n<li><strong>Lygiavimas:<\/strong> Tinkamai sulygiuokite cilindr\u0105 su tvirtinimo ta\u0161kais, kad eksploatacijos metu i\u0161vengtum\u0117te \u012ftempi\u0173 ir nesutapimo problem\u0173. Jei reikia, naudokite \u012fd\u0117klus arba tarpiklius, kad pasiektum\u0117te teising\u0105 pad\u0117t\u012f.<\/li>\n<li><strong>Saugus tvirtinimas:<\/strong> Utilize appropriate mounting brackets and hardware to secure the cylinder in place. Ensure that all fasteners are tightened to the manufacturer&#8217;s specifications to prevent movement during operation.<\/li>\n<li><strong>Hidraulin\u0117s jungtys:<\/strong> Hidraulin\u0117s linijos turi b\u016bti prijungtos atsargiai, kad b\u016bt\u0173 i\u0161vengta nuot\u0117ki\u0173. \u012esitikinkite, kad visos jungtys yra sandarios ir priver\u017etos pagal gamintojo specifikacijas, kad b\u016bt\u0173 i\u0161laikytas sistemos vientisumas.<\/li>\n<li><strong>Testavimas:<\/strong> \u012edieg\u0119 atlikite i\u0161sam\u0173 hidraulin\u0117s sistemos bandym\u0105, kad u\u017etikrintum\u0117te tinkam\u0105 veikim\u0105. Steb\u0117kite, ar n\u0117ra nuot\u0117ki\u0173, ne\u012fprast\u0173 gars\u0173 ar na\u0161umo problem\u0173.<\/li>\n<\/ul>\n<p><img decoding=\"async\" src=\"https:\/\/www.hydraulic-cylinders.net\/wp-content\/uploads\/2025\/04\/songte-chushion-collar.webp\" alt=\"Pagalv\u0117l\u0117s apykakl\u0117\"><\/p>\n<h2>Saugos aspektai ir aplinkos veiksniai<\/h2>\n<p>Naudojant hidraulinius cilindrus, labai svarbu teikti pirmenyb\u0119 saugos priemon\u0117ms. Operatoriai tur\u0117t\u0173 b\u016bti apmokyti suprasti hidraulini\u0173 sistem\u0173 veikim\u0105 ir saugos protokol\u0173 laikymosi svarb\u0105 eksploatacijos ir prie\u017ei\u016bros metu. Reguliar\u016bs saugos auditai ir mokymai gali suma\u017einti su hidrauline \u012franga susijusi\u0105 rizik\u0105.<\/p>\n<h2>Trik\u010di\u0173 \u0161alinimas ir da\u017eniausiai pasitaikan\u010dios problemos<\/h2>\n<ul>\n<li><strong>Nuot\u0117kis:<\/strong> Da\u017eniausiai tai sukelia susid\u0117v\u0117j\u0119 sandarikliai arba atsilaisvinusios jungtys. Patikrinkite visas hidraulines jungtis ir sandariklius, ar jie nepa\u017eeisti, ir prireikus suremontuokite arba pakeiskite.<\/li>\n<li><strong>L\u0117tas veikimas:<\/strong> Gali rodyti \u017eem\u0105 hidraulinio skys\u010dio lyg\u012f arba oro kiek\u012f sistemoje. Patikrinkite skys\u010dio lyg\u012f ir i\u0161leiskite i\u0161 sistemos or\u0105, kad pa\u0161alintum\u0117te vis\u0105 \u012fstrigus\u012f or\u0105.<\/li>\n<li><strong>Per didelis triuk\u0161mas:<\/strong> Da\u017enai tai vidinio susid\u0117v\u0117jimo arba kavitacijos po\u017eymis. Patikrinkite cilindr\u0105 ir hidraulin\u0119 sistem\u0105, ar n\u0117ra galim\u0173 gedim\u0173, ir nedelsdami juos pa\u0161alinkite.<\/li>\n<\/ul>\n<p>Suprasdami \u0161ias da\u017enas problemas, operatoriai gali efektyviai diagnozuoti ir i\u0161spr\u0119sti problemas, u\u017etikrindami nuosekl\u0173 na\u0161um\u0105.<\/p>\n<p><img decoding=\"async\" src=\"https:\/\/www.hydraulic-cylinders.net\/wp-content\/uploads\/2025\/04\/songte-bushings-with-all-kinds-of-excavator-models.webp\" alt=\"\u012evor\u0117s su ekskavatori\u0173 modeliais\"><\/p>\n<h2>I\u0161vada<\/h2>\n<p>Esame pirmaujantis pakaitini\u0173 hidraulini\u0173 cilindr\u0173 gamintojas, si\u016blantis plat\u0173 gamini\u0173 asortiment\u0105, skirt\u0105 tiek vidaus, tiek tarptautinei rinkai. M\u016bs\u0173 \u012fsipareigojimas siekti meistri\u0161kumo ir kruop\u0161\u010dios gamybos valdymo strategijos leid\u017eia mums tapti auk\u0161\u010diausio lygio hidraulini\u0173 cilindr\u0173 gamintojais ir didmeniniais platintojais.<\/p>\n<p>Mes teikiame pirmenyb\u0119 kokybei, pasitelkdami pa\u017eangius gamybos \u012frenginius ir procesus, kvalifikuotus darbuotojus ir moderniausi\u0105 skaitmenin\u0119 \u012frang\u0105. D\u0117mesys kokyb\u0117s u\u017etikrinimui ir geb\u0117jimas pritaikyti sprendimus u\u017etikrina, kad efektyviai patenkiname \u012fvairius klient\u0173 poreikius.<\/p>\n<p><img decoding=\"async\" src=\"https:\/\/www.hydraulic-cylinders.net\/wp-content\/uploads\/2025\/04\/songte-company-4.webp\" alt=\"\u012emon\u0117s ap\u017evalga\"><br \/>\n<img decoding=\"async\" src=\"https:\/\/www.hydraulic-cylinders.net\/wp-content\/uploads\/2025\/04\/songte-company-3.webp\" alt=\"Gamybos \u012fmon\u0117\"><\/p>\n<p>Autorius: lyl<\/p>","protected":false},"excerpt":{"rendered":"<p>Boom Cylinder For Bonny CE1000-7 Understanding the Boom Cylinder The boom cylinder is a vital hydraulic component used in various heavy machinery. Specifically designed for controlling the movement of the bucket in excavators, backhoes, and front loaders, it allows the bucket to lift, lower, and tilt, making material handling tasks efficient and effective. As a [&hellip;]<\/p>","protected":false},"featured_media":17867,"comment_status":"open","ping_status":"closed","template":"","meta":{"_et_pb_use_builder":"","_et_pb_old_content":"","_et_gb_content_width":""},"product_brand":[],"product_cat":[1546],"product_tag":[1547,1496],"class_list":{"0":"post-19649","1":"product","2":"type-product","3":"status-publish","4":"has-post-thumbnail","6":"product_cat-boom-cylinders","7":"product_tag-boom-cylinders","8":"product_tag-hydraulic-cylinders","10":"first","11":"instock","12":"shipping-taxable","13":"product-type-simple"},"amp_enabled":true,"_links":{"self":[{"href":"https:\/\/www.hydraulic-cylinders.net\/lt\/wp-json\/wp\/v2\/product\/19649","targetHints":{"allow":["GET"]}}],"collection":[{"href":"https:\/\/www.hydraulic-cylinders.net\/lt\/wp-json\/wp\/v2\/product"}],"about":[{"href":"https:\/\/www.hydraulic-cylinders.net\/lt\/wp-json\/wp\/v2\/types\/product"}],"replies":[{"embeddable":true,"href":"https:\/\/www.hydraulic-cylinders.net\/lt\/wp-json\/wp\/v2\/comments?post=19649"}],"wp:featuredmedia":[{"embeddable":true,"href":"https:\/\/www.hydraulic-cylinders.net\/lt\/wp-json\/wp\/v2\/media\/17867"}],"wp:attachment":[{"href":"https:\/\/www.hydraulic-cylinders.net\/lt\/wp-json\/wp\/v2\/media?parent=19649"}],"wp:term":[{"taxonomy":"product_brand","embeddable":true,"href":"https:\/\/www.hydraulic-cylinders.net\/lt\/wp-json\/wp\/v2\/product_brand?post=19649"},{"taxonomy":"product_cat","embeddable":true,"href":"https:\/\/www.hydraulic-cylinders.net\/lt\/wp-json\/wp\/v2\/product_cat?post=19649"},{"taxonomy":"product_tag","embeddable":true,"href":"https:\/\/www.hydraulic-cylinders.net\/lt\/wp-json\/wp\/v2\/product_tag?post=19649"}],"curies":[{"name":"wp","href":"https:\/\/api.w.org\/{rel}","templated":true}]}}