{"id":1965,"date":"2023-10-23T07:41:13","date_gmt":"2023-10-23T07:41:13","guid":{"rendered":"https:\/\/hydraulic-cylinders.net\/?post_type=product&#038;p=1965"},"modified":"2023-10-23T07:58:39","modified_gmt":"2023-10-23T07:58:39","slug":"v80m-series-axial-piston-variable-displacement-hydraulic-pump","status":"publish","type":"product","link":"https:\/\/www.hydraulic-cylinders.net\/lt\/produktas\/v80m-series-axial-piston-variable-displacement-hydraulic-pump\/","title":{"rendered":"V80M serijos a\u0161inis st\u016bmoklinis kintamo t\u016brio hidraulinis siurblys"},"content":{"rendered":"<h1 style=\"text-align: center;\"><strong>V80M serijos a\u0161inis st\u016bmoklinis kintamo t\u016brio hidraulinis siurblys<\/strong><\/h1>\n<p><img loading=\"lazy\" decoding=\"async\" class=\"aligncenter wp-image-1979\" src=\"https:\/\/hydraulic-cylinders.net\/wp-content\/uploads\/2023\/10\/v80m-series-axial-piston-variable-displacement-pump-1-300x300.webp\" alt=\"\" width=\"400\" height=\"400\" \/><\/p>\n<p>V80M serijos a\u0161inis st\u016bmoklinis kintamo t\u016brio hidraulinis siurblys yra pa\u017eangus sprendimas, skirtas revoliucijai hidraulini\u0173 sistem\u0173 na\u0161umui ir efektyvumui. D\u0117l savo pa\u017eangi\u0173 funkcij\u0173, tikslaus valdymo ir tvirtos konstrukcijos \u0161is hidraulinis siurblys nustato nauj\u0105 standart\u0105 pramon\u0117je.<\/p>\n<p>V80M serijos a\u0161inis st\u016bmoklinis kintamo t\u016brio hidraulinis siurblys i\u0161 esm\u0117s kei\u010dia hidraulini\u0173 sistem\u0173 istorij\u0105. D\u0117l kintamo t\u016brio, didelio na\u0161umo ir universalios konstrukcijos u\u017etikrinamas tikslus valdymas, didesnis efektyvumas ir i\u0161skirtinis galios tiekimas. Laikantis rekomenduojam\u0173 naudojimo metod\u0173 ir reguliarios prie\u017ei\u016bros praktikos, V80M serijos siurblys ir toliau u\u017etikrins puik\u0173 na\u0161um\u0105, efektyvum\u0105 ir patikimum\u0105. Pasinaudokite V80M serijos a\u0161inio st\u016bmoklinio kintamo t\u016brio hidraulinio siurblio galia ir efektyvumu, kad i\u0161naudotum\u0117te vis\u0105 savo hidraulin\u0117s sistemos potencial\u0105.<\/p>\n<p>V80M serijos a\u0161inio st\u016bmoklio kintamo t\u016brio hidraulinis siurblys. Pagrindin\u0117s charakteristikos:<\/p>\n<ul>\n<li>Variable Displacement Capability: The V80M series pump incorporates state-of-the-art variable displacement technology, allowing it to adjust the pump&#8217;s output based on system demand. This feature ensures optimal energy utilization, enhancing efficiency and reducing power consumption.<\/li>\n<li>Didelis na\u0161umas ir galia: D\u0117l i\u0161skirtinio dizaino ir in\u017einerijos V80M serijos siurblys pasi\u017eymi i\u0161skirtiniu na\u0161umu ir galia. Jis veikia skland\u017eiai esant \u012fvairiam sl\u0117giui ir grei\u010diui, u\u017etikrindamas tiksl\u0173 valdym\u0105 ir efektyv\u0173 energijos tiekim\u0105, kad sistemos veikimas b\u016bt\u0173 puikus.<\/li>\n<li>Universalus dizainas \u012fvairioms reikm\u0117ms: V80M serijos siurblys sukurtas taip, kad b\u016bt\u0173 pritaikytas \u012fvairioms hidraulin\u0117ms sistemoms ir pritaikymams. Jis si\u016blo universalius montavimo variantus, suderinamum\u0105 su skys\u010diais ir valdymo metodus, tod\u0117l tinka \u012fvairioms pramon\u0117s \u0161akoms ir ma\u0161inoms.<\/li>\n<li>Enhanced Efficiency at Any Load: The variable displacement feature of the V80M series pump ensures efficiency across a broad range of loads. It minimizes energy losses and productivity, even under varying operating conditions by automatically adjusting the output to match the system&#8217;s requirements.<\/li>\n<\/ul>\n<h2><strong>V80M serijos a\u0161inio st\u016bmoklio kintamo t\u016brio hidraulinio siurblio parametras:<\/strong><\/h2>\n<table class=\"table table-bordered table-hover table-colored\">\n<tbody>\n<tr class=\"firstRow\">\n<td colspan=\"1\" rowspan=\"2\" align=\"center\" valign=\"middle\">Dydis<\/td>\n<td rowspan=\"2\" align=\"center\" valign=\"middle\">Darbinis t\u016bris cm\u00b3\/aps.<\/td>\n<td colspan=\"2\" rowspan=\"1\" align=\"center\" valign=\"middle\">Sl\u0117gio baras<\/td>\n<td colspan=\"2\" rowspan=\"1\" align=\"center\" valign=\"middle\">Sukimosi greitis aps.\/min.<\/td>\n<\/tr>\n<tr>\n<td align=\"center\" valign=\"middle\">\u012evertintas<\/td>\n<td align=\"center\" valign=\"middle\">Piko<\/td>\n<td align=\"center\" valign=\"middle\">Maksimalus savaiminio u\u017epildymo lygis<sup>*1<\/sup><\/td>\n<td align=\"center\" valign=\"middle\">Maks.<sup>*2<\/sup><\/td>\n<\/tr>\n<tr>\n<td align=\"center\" valign=\"middle\">V80ML200<\/td>\n<td align=\"center\" valign=\"middle\">202<\/td>\n<td align=\"center\" valign=\"middle\">400<\/td>\n<td align=\"center\" valign=\"middle\">450<\/td>\n<td align=\"center\" valign=\"middle\">2150<\/td>\n<td align=\"center\" valign=\"middle\">2550<\/td>\n<\/tr>\n<\/tbody>\n<\/table>\n<h2><strong>V80M serijos a\u0161inio st\u016bmoklinio kintamo t\u016brio hidraulinio siurblio privalumai:<\/strong><\/h2>\n<p>\u2022 Naudojama atviros grandin\u0117s hidraulin\u0117se sistemose<br \/>\n\u2022 Galimas alyvos siurbimas su padidinto siurbimo re\u017eimu<br \/>\n\u2022 Didelis sukimosi greitis<br \/>\n\u2022 Didelis nominalus sl\u0117gis<br \/>\n\u2022 Kompakti\u0161ka konstrukcija, lengvas montavimas<br \/>\n\u2022 U\u017etikrinkite pakankam\u0105 sukimo moment\u0105 galiniam siurbliui, kai reikia naudoti tandemin\u012f siurbl\u012f<\/p>\n<h2><strong>V80M serijos a\u0161inis st\u016bmoklinis kintamo t\u016brio hidraulinis siurblys <\/strong><strong>Taikymas:<\/strong><\/h2>\n<p><img loading=\"lazy\" decoding=\"async\" class=\"alignnone wp-image-1985 size-large\" src=\"https:\/\/hydraulic-cylinders.net\/wp-content\/uploads\/2023\/10\/v80m-series-axial-piston-variable-displacement-pump-2-1024x346.webp\" alt=\"\" width=\"1024\" height=\"346\" srcset=\"https:\/\/hydraulic-cylinders.net\/wp-content\/uploads\/2023\/10\/v80m-series-axial-piston-variable-displacement-pump-2-1024x346.webp 1024w, https:\/\/hydraulic-cylinders.net\/wp-content\/uploads\/2023\/10\/v80m-series-axial-piston-variable-displacement-pump-2-980x331.webp 980w, https:\/\/hydraulic-cylinders.net\/wp-content\/uploads\/2023\/10\/v80m-series-axial-piston-variable-displacement-pump-2-480x162.webp 480w\" sizes=\"(min-width: 0px) and (max-width: 480px) 480px, (min-width: 481px) and (max-width: 980px) 980px, (min-width: 981px) 1024px, 100vw\" \/><\/p>\n<h2><strong>V80M serijos a\u0161inio st\u016bmoklinio kintamo t\u016brio hidraulinio siurblio naudojimo metodas<\/strong><strong>:<\/strong><\/h2>\n<ul>\n<li><strong>Diegimas ir integravimas:<\/strong> Hidraulin\u0117je sistemoje pasirinkite tinkam\u0105 viet\u0105 V80M serijos a\u0161inio st\u016bmoklio kintamo t\u016brio hidrauliniam siurbliui sumontuoti. \u012esitikinkite, kad siurblys yra tinkamai sulygiuotas, ir tvirtai pritvirtinkite j\u012f naudodami tinkamus laikiklius arba priedus. Prijunkite siurbl\u012f prie hidraulin\u0117s sistemos naudodami suderinamas jungtis ir \u017earnas, u\u017etikrindami, kad jungtys b\u016bt\u0173 be nuot\u0117kio.<\/li>\n<li><strong>Skys\u010di\u0173 suderinamumas:<\/strong> Verify that the hydraulic fluid used in the system is compatible with the V80M series pump. Refer to the manufacturer&#8217;s recommended fluid type, viscosity, and temperature range. Regularly monitor and maintain the hydraulic fluid to ensure optimal pump operation and longevity.<\/li>\n<li><strong>Valdymas ir reguliavimas:<\/strong> Susipa\u017einkite su V80M serijos siurblio valdymo parinktimis. Priklausomai nuo konkretaus modelio, jis gali pasi\u016blyti \u012fvairius valdymo metodus, pvz., rankin\u012f, proporcin\u012f arba elektronin\u012f valdym\u0105. Supraskite rekomenduojamus valdymo nustatymus ir atitinkamai juos pakoreguokite, kad optimizuotum\u0117te siurblio na\u0161um\u0105.<\/li>\n<li><strong>Sistemos optimizavimas:<\/strong> The V80M Series Pump allows system optimization by adjusting the pump&#8217;s displacement to match the load requirements. Take advantage of this feature to maximize energy efficiency and overall system performance.<\/li>\n<\/ul>\n<h2><strong>Kaip remontuoti hidraulin\u012f cilindr\u0105?<\/strong><\/h2>\n<p>Hidraulinio cilindro remontas reikalauja kruop\u0161taus \u012fvertinimo, problemos nustatymo ir tinkam\u0173 veiksm\u0173 jai spr\u0119sti. \u010cia pateikiamas bendras vadovas, pad\u0117siantis jums remontuoti hidraulin\u012f cilindr\u0105:<\/p>\n<ol>\n<li><strong>Saugumas pirmiausia:<\/strong> Prie\u0161 prad\u0117dami bet kokius remonto darbus, \u012fsitikinkite, kad hidraulin\u0117je sistemoje n\u0117ra sl\u0117gio, o hidraulinis skystis visi\u0161kai i\u0161leistas. Kad apsisaugotum\u0117te nuo pavoj\u0173, d\u0117v\u0117kite tinkamas asmenines apsaugos priemones (AAP), pvz., pir\u0161tines ir apsauginius akinius.<\/li>\n<li><strong>Nustatykite problem\u0105:<\/strong> Atid\u017eiai patikrinkite hidraulin\u012f cilindr\u0105, kad nustatytum\u0117te konkre\u010di\u0105 problem\u0105 ar pa\u017eeidim\u0105. Da\u017eniausios problemos yra nesandar\u016bs sandarikliai, pa\u017eeisti strypai, susid\u0117v\u0117j\u0119 guoliai arba \u012fbr\u0117\u017eimai cilindro kiaurym\u0117je. Suprasdami problem\u0105, gal\u0117site nustatyti reikiamus remonto veiksmus.<\/li>\n<li><strong>Surinkite \u012frankius ir atsargines dalis:<\/strong> Surinkite reikiamus \u012frankius ir atsargines dalis, atsi\u017evelgdami \u012f nustatyt\u0105 problem\u0105. Tai gali b\u016bti ver\u017eliarak\u010diai, lizdai, repl\u0117s, sandarikli\u0173 rinkinys, nauji guoliai, galandimo antgalis ir mikrometras. \u012esitikinkite, kad turite tinkamas dalis, kurios atitinka j\u016bs\u0173 hidraulinio cilindro specifikacijas.<\/li>\n<li><strong>I\u0161ardykite cilindr\u0105:<\/strong> Atlikite ankstesniame atsakyme nurodytus hidraulinio cilindro i\u0161ardymo veiksmus. Atsargiai nuimkite galinius dangtelius, st\u016bmokl\u012f, strypo mazg\u0105 ir visus kitus komponentus, kad gal\u0117tum\u0117te pasiekti pa\u017eeistas ar sugedusias dalis.<\/li>\n<li><strong>Pakeiskite sandariklius ir guolius:<\/strong> If the issue is leaking or worn-out bearings, carefully remove the old seals and bearings from their respective locations. Clean the seal and bearing grooves thoroughly to remove any debris or buildup. Install new seals and bearings according to the manufacturer&#8217;s instructions, ensuring proper alignment and lubrication. Use appropriate tools to press the seals and bearings into place.<\/li>\n<li><strong>Suremontuokite pa\u017eeist\u0105 stryp\u0105 arba cilindro kiaurym\u0119:<\/strong> Jei strypas arba cilindro kiaurym\u0117 yra pa\u017eeista, gali tekti j\u012f remontuoti arba pakeisti. Nedidelius strypo \u012fbr\u0117\u017eimus ar \u012fbr\u0117\u017eimus da\u017enai galima pataisyti \u0161lifuojant pavir\u0161i\u0173 gal\u0105stuvu. I\u0161matuokite strypo skersmen\u012f mikrometru, kad \u012fsitikintum\u0117te, jog jis nevir\u0161ija nurodyt\u0173 tolerancij\u0173. Jei pa\u017eeidimas yra didelis arba vir\u0161ija leistinas ribas, stryp\u0105 gali tekti pakeisti.<\/li>\n<\/ol>\n<p>D\u0117l cilindro kiaurym\u0117s remonto kreipkit\u0117s \u012f profesionali\u0105 hidraulini\u0173 sistem\u0173 remonto tarnyb\u0105 arba gamintoj\u0105. Jie gali rekomenduoti galandimo proces\u0105 arba, kai kuriais atvejais, cilindro kiaurym\u0117s perdarym\u0105, jei pa\u017eeidimas didelis.<\/p>\n<ol start=\"7\">\n<li><strong>Surinkite cilindr\u0105 i\u0161 naujo:<\/strong> Nor\u0117dami surinkti hidraulin\u012f cilindr\u0105, atlikite atvirk\u0161tin\u0119 i\u0161ardymo tvark\u0105. \u012esitikinkite, kad visi komponentai yra tinkamai sulygiuoti ir pritvirtinti. Sutepkite sandariklius ir dalis hidrauliniu skys\u010diu, kad u\u017etikrintum\u0117te skland\u0173 veikim\u0105.<\/li>\n<li><strong>Patikrinkite ir i\u0161bandykite:<\/strong> After reassembly, thoroughly inspect the repaired hydraulic cylinder. Pressurize the system gradually and check for any leaks or abnormal operations. Monitor the cylinder&#8217;s performance to ensure it functions as expected.<\/li>\n<li><strong>Reguliarus techninis aptarnavimas:<\/strong> Establish a regular maintenance schedule to prolong the repaired hydraulic cylinder&#8217;s life. This may include periodic inspections, lubrication of seals, and monitoring fluid levels and quality. Adhering to preventive maintenance practices will help prevent future issues and maximize the cylinder&#8217;s lifespan.<\/li>\n<\/ol>\n<h2><strong>Gamyklos paj\u0117gumai ir talpa:<\/strong><\/h2>\n<h3>(1) Surinkimas<\/h3>\n<p>Turime pirmos klas\u0117s nepriklausom\u0105 tyrim\u0173 ir pl\u0117tros surinkimo platform\u0105. Hidraulini\u0173 cilindr\u0173 gamybos ceche yra keturios pusiau automatin\u0117s k\u0117limo cilindr\u0173 surinkimo linijos ir viena automatin\u0117 pakreipimo cilindr\u0173 surinkimo linija, kuri\u0173 projektinis metinis gamybos paj\u0117gumas yra 1 milijonas vienet\u0173. Speciali\u0173j\u0173 cilindr\u0173 ceche \u012frengta \u012fvairi\u0173 specifikacij\u0173 pusiau automatin\u0117 valymo surinkimo sistema, kurios projektinis metinis gamybos paj\u0117gumas yra 200 000 vienet\u0173, ir garsi CNC apdirbimo \u012franga, apdirbimo centras, didelio tikslumo cilindr\u0173 apdirbimo speciali \u012franga, robotinis suvirinimo aparatas, automatinis valymo aparatas, automatinis cilindr\u0173 surinkimo aparatas ir automatin\u0117 da\u017eymo gamybos linija. Esama daugiau nei 300 rinkini\u0173 (komplekt\u0173) kritin\u0117 \u012franga. Optimalus \u012frangos i\u0161tekli\u0173 paskirstymas ir efektyvus naudojimas u\u017etikrina gamini\u0173 tikslumo reikalavimus ir auk\u0161tus gamini\u0173 kokyb\u0117s poreikius.<\/p>\n<p><img loading=\"lazy\" decoding=\"async\" class=\"alignnone wp-image-626\" src=\"https:\/\/hydraulic-cylinders.net\/wp-content\/uploads\/2023\/08\/hydraulic-cylinder-product-1-300x158.webp\" alt=\"\" width=\"495\" height=\"260\" srcset=\"https:\/\/hydraulic-cylinders.net\/wp-content\/uploads\/2023\/08\/hydraulic-cylinder-product-1-300x158.webp 495w, https:\/\/hydraulic-cylinders.net\/wp-content\/uploads\/2023\/08\/hydraulic-cylinder-product-1-480x252.webp 480w\" sizes=\"(min-width: 0px) and (max-width: 480px) 480px, (min-width: 481px) 495px, 100vw\" \/> <img loading=\"lazy\" decoding=\"async\" class=\"alignnone wp-image-627\" src=\"https:\/\/hydraulic-cylinders.net\/wp-content\/uploads\/2023\/08\/hydraulic-cylinder-product-2-300x189.webp\" alt=\"\" width=\"413\" height=\"260\" \/><\/p>\n<h3>(2) Apdirbimas<\/h3>\n<p>Mechaninio apdirbimo ceche \u012frengtas pritaikytas nuo\u017eulnaus b\u0117gio tekinimo centras, apdirbimo centras, greitaeigis galandimo stakl\u0117s, suvirinimo robotas ir kita susijusi \u012franga, galinti apdirbti cilindrinius vamzd\u017eius, kuri\u0173 maksimalus vidinis skersmuo yra 400 mm, o maksimalus ilgis \u2013 6 metrai.<\/p>\n<p><img loading=\"lazy\" decoding=\"async\" class=\"alignnone wp-image-628 size-large\" src=\"https:\/\/hydraulic-cylinders.net\/wp-content\/uploads\/2023\/08\/hydraulic-cylinder-product-3-1024x391.webp\" alt=\"\" width=\"1024\" height=\"391\" srcset=\"https:\/\/hydraulic-cylinders.net\/wp-content\/uploads\/2023\/08\/hydraulic-cylinder-product-3-980x374.webp 980w, https:\/\/hydraulic-cylinders.net\/wp-content\/uploads\/2023\/08\/hydraulic-cylinder-product-3-480x183.webp 480w\" sizes=\"(min-width: 0px) and (max-width: 480px) 480px, (min-width: 481px) and (max-width: 980px) 980px, (min-width: 981px) 1024px, 100vw\" \/><\/p>\n<h3>(3) Suvirinimas<\/h3>\n<p><img loading=\"lazy\" decoding=\"async\" class=\"alignnone wp-image-629 size-large\" src=\"https:\/\/hydraulic-cylinders.net\/wp-content\/uploads\/2023\/08\/hydraulic-cylinder-product-4-1024x510.webp\" alt=\"\" width=\"1024\" height=\"510\" srcset=\"https:\/\/hydraulic-cylinders.net\/wp-content\/uploads\/2023\/08\/hydraulic-cylinder-product-4-980x488.webp 980w, https:\/\/hydraulic-cylinders.net\/wp-content\/uploads\/2023\/08\/hydraulic-cylinder-product-4-480x239.webp 480w\" sizes=\"(min-width: 0px) and (max-width: 480px) 480px, (min-width: 481px) and (max-width: 980px) 980px, (min-width: 981px) 1024px, 100vw\" \/><\/p>\n<h3>(4) Da\u017eymas ir dengimas<\/h3>\n<p>Su ma\u017eomis ir vidutinio dyd\u017eio cilindrin\u0117mis automatin\u0117mis vandens pagrindo da\u017e\u0173 dengimo linijomis, siekiant automatinio robot\u0173 pakrovimo ir i\u0161krovimo bei automatinio pur\u0161kimo, projektinis paj\u0117gumas yra 4000 vienet\u0173 per pamain\u0105;<br \/>\nTaip pat turime pusiau automatin\u0119 dideli\u0173 cilindr\u0173 da\u017e\u0173 gamybos linij\u0105, varom\u0105 grandin\u0117s, kurios projektinis na\u0161umas yra 60 d\u0117\u017ei\u0173 per pamain\u0105.<\/p>\n<p><img loading=\"lazy\" decoding=\"async\" class=\"alignnone wp-image-630\" src=\"https:\/\/hydraulic-cylinders.net\/wp-content\/uploads\/2023\/08\/hydraulic-cylinder-product-5-300x213.webp\" alt=\"\" width=\"366\" height=\"260\" \/> <img loading=\"lazy\" decoding=\"async\" class=\"alignnone wp-image-631\" src=\"https:\/\/hydraulic-cylinders.net\/wp-content\/uploads\/2023\/08\/hydraulic-cylinder-product-6-300x225.webp\" alt=\"\" width=\"347\" height=\"260\" \/><\/p>\n<h3>(5) Testavimas<\/h3>\n<p>Turime auk\u0161\u010diausios klas\u0117s patikros patalpas ir bandym\u0173 stendus, kad u\u017etikrintume, jog baliono veikimas atitinka reikalavimus.<\/p>\n<p><img loading=\"lazy\" decoding=\"async\" class=\"alignnone wp-image-632\" src=\"https:\/\/hydraulic-cylinders.net\/wp-content\/uploads\/2023\/08\/hydraulic-cylinder-product-8-300x200.webp\" alt=\"\" width=\"389\" height=\"260\" \/><\/p>\n<p>&nbsp;<\/p>\n<p>&nbsp;<\/p>\n<p>Esame vienas geriausi\u0173 hidraulini\u0173 cilindr\u0173 gamintoj\u0173. Galime pasi\u016blyti i\u0161samius hidraulinius cilindrus. Taip pat teikiame atitinkamus <a href=\"https:\/\/hzpt.com\/agricultural-pto-gearbox\/\" target=\"_blank\" rel=\"noopener\">\u017eem\u0117s \u016bkio pavar\u0173 d\u0117\u017e\u0117s<\/a>Mes eksportuojame savo gaminius klientams visame pasaulyje ir peln\u0117me ger\u0105 reputacij\u0105 d\u0117l auk\u0161\u010diausios gamini\u0173 kokyb\u0117s ir aptarnavimo po pardavimo. Mes laukiame klient\u0173 \u0161alyje ir u\u017esienyje, norin\u010di\u0173 susisiekti su mumis der\u0117tis d\u0117l verslo, keistis informacija ir... <a href=\"https:\/\/www.hydraulic-cylinders.net\/lt\/contact-us\/\">bendradarbiauti su mumis<\/a>!<\/p>\n<p>&nbsp;<\/p>","protected":false},"excerpt":{"rendered":"<p>V80M Series Axial Piston Variable Displacement Hydraulic Pump The V80M series axial piston variable displacement hydraulic pump is a cutting-edge solution designed to revolutionize the performance and efficiency of hydraulic systems. With its advanced features, precise control, and robust construction, this hydraulic pump sets a new standard in the industry. The V80M series axial piston [&hellip;]<\/p>","protected":false},"featured_media":1980,"comment_status":"open","ping_status":"closed","template":"","meta":{"_et_pb_use_builder":"","_et_pb_old_content":"","_et_gb_content_width":""},"product_brand":[],"product_cat":[1425],"product_tag":[1426],"class_list":{"0":"post-1965","1":"product","2":"type-product","3":"status-publish","4":"has-post-thumbnail","6":"product_cat-piston-pump","7":"product_tag-hydraulic-pump","9":"first","10":"instock","11":"shipping-taxable","12":"product-type-simple"},"amp_enabled":true,"_links":{"self":[{"href":"https:\/\/www.hydraulic-cylinders.net\/lt\/wp-json\/wp\/v2\/product\/1965","targetHints":{"allow":["GET"]}}],"collection":[{"href":"https:\/\/www.hydraulic-cylinders.net\/lt\/wp-json\/wp\/v2\/product"}],"about":[{"href":"https:\/\/www.hydraulic-cylinders.net\/lt\/wp-json\/wp\/v2\/types\/product"}],"replies":[{"embeddable":true,"href":"https:\/\/www.hydraulic-cylinders.net\/lt\/wp-json\/wp\/v2\/comments?post=1965"}],"wp:featuredmedia":[{"embeddable":true,"href":"https:\/\/www.hydraulic-cylinders.net\/lt\/wp-json\/wp\/v2\/media\/1980"}],"wp:attachment":[{"href":"https:\/\/www.hydraulic-cylinders.net\/lt\/wp-json\/wp\/v2\/media?parent=1965"}],"wp:term":[{"taxonomy":"product_brand","embeddable":true,"href":"https:\/\/www.hydraulic-cylinders.net\/lt\/wp-json\/wp\/v2\/product_brand?post=1965"},{"taxonomy":"product_cat","embeddable":true,"href":"https:\/\/www.hydraulic-cylinders.net\/lt\/wp-json\/wp\/v2\/product_cat?post=1965"},{"taxonomy":"product_tag","embeddable":true,"href":"https:\/\/www.hydraulic-cylinders.net\/lt\/wp-json\/wp\/v2\/product_tag?post=1965"}],"curies":[{"name":"wp","href":"https:\/\/api.w.org\/{rel}","templated":true}]}}