{"id":19651,"date":"2025-04-07T06:59:37","date_gmt":"2025-04-07T06:59:37","guid":{"rendered":"https:\/\/www.hydraulic-cylinders.net\/product\/boom-cylinder-for-bonny-wy160ahd\/"},"modified":"2025-04-07T06:59:40","modified_gmt":"2025-04-07T06:59:40","slug":"boom-cylinder-for-bonny-wy160ahd","status":"publish","type":"product","link":"https:\/\/www.hydraulic-cylinders.net\/lt\/produktas\/boom-cylinder-for-bonny-wy160ahd\/","title":{"rendered":"Str\u0117l\u0117s cilindras, skirtas Bonny WY160AHD"},"content":{"rendered":"<h1>Str\u0117l\u0117s cilindras, skirtas Bonny WY160AHD<\/h1>\n<h2>Produkto ap\u017evalga<\/h2>\n<p>\u201eBonny WY160AHD\u201c str\u0117l\u0117s cilindras yra specializuotas hidraulinis cilindras, skirtas valdyti str\u0117l\u0117s jud\u0117jim\u0105 \u012fvairiose sunkiosiose ma\u0161inose, tokiose kaip ekskavatoriai, ekskavatoriniai krautuvai ir frontaliniai krautuvai. \u0160ie cilindrai leid\u017eia str\u0117lei kelti, nuleisti ir pakreipti, taip palengvinant med\u017eiag\u0173 tvarkymo u\u017eduotis lengvai ir tiksliai. Kau\u0161o cilindras atlieka labai svarb\u0173 vaidmen\u012f hidraulin\u0117se sistemose, u\u017etikrindamas reikiam\u0105 j\u0117g\u0105 ir valdym\u0105 efektyviam darbui sud\u0117tingomis s\u0105lygomis.<\/p>\n<p><img decoding=\"async\" src=\"https:\/\/www.hydraulic-cylinders.net\/wp-content\/uploads\/2025\/04\/songte-company-1.webp\" alt=\"Str\u0117l\u0117s cilindras, skirtas Bonny WY160AHD\"><\/p>\n<h3>Apibr\u0117\u017eimas ir funkcionalumas<\/h3>\n<p>Kau\u0161o cilindras yra hidraulinio cilindro tipas, specialiai sukurtas valdyti kau\u0161o veiksmus sunkiojoje technikoje. Ekskavatoriuose jis leid\u017eia tiksliai kasti, kelti ir pakreipti kau\u0161\u0105, kad b\u016bt\u0173 galima efektyviai i\u0161kasti ir transportuoti med\u017eiagas. \u0160i\u0173 cilindr\u0173 konstrukcija paprastai u\u017etikrina didel\u012f patvarum\u0105 ir patikimum\u0105, u\u017etikrinant optimal\u0173 veikim\u0105 esant auk\u0161tam sl\u0117giui.<\/p>\n<h2>Str\u0117l\u0117s cilindro savyb\u0117s<\/h2>\n<ul>\n<li><strong>Didelis stiprumas ir ilgaam\u017ei\u0161kumas:<\/strong> \u0160ie cilindrai, pagaminti i\u0161 didelio stiprumo plieno arba aliuminio, gali atlaikyti didel\u012f sl\u0117g\u012f ir dideles apkrovas, tod\u0117l tinkami naudoti at\u0161iauriomis darbo s\u0105lygomis. J\u0173 konstrukcijoje atsi\u017evelgta \u012f atsparum\u0105 dilimui ir apsaug\u0105 nuo korozijos, siekiant pailginti j\u0173 tarnavimo laik\u0105.<\/li>\n<li><strong>Efektyvus hidraulinis valdymas:<\/strong> \u0160ie cilindrai, naudodami hidraulin\u0117s alyvos sl\u0117g\u012f skland\u017eiam i\u0161st\u016bmimui ir \u012ftraukimui, greitai reaguoja \u012f valdymo komandas ir u\u017etikrina didel\u0119 st\u016bmimo bei traukimo j\u0117g\u0105, idealiai tinkan\u010di\u0105 sunkioms ir sud\u0117tingoms u\u017eduotims atlikti.<\/li>\n<li><strong>\u012evair\u016bs tipai:<\/strong> Galimi variantai yra vienpusio veikimo (veikiantys viena kryptimi) ir dvipusio veikimo (veikiantys abiem kryptimis) cilindrai, pritaikyti \u012fvairiems eksploatavimo reikalavimams. Kai kurie modeliai yra teleskopiniai, tod\u0117l juos galima labiau prailginti nedidinant i\u0161orini\u0173 matmen\u0173, tod\u0117l jie tinka naudoti ribotoje erdv\u0117je.<\/li>\n<li><strong>Pritaikomi sprendimai:<\/strong> M\u016bs\u0173 gamybos paj\u0117gumai leid\u017eia mums gaminti cilindrus, kurie puikiai pakei\u010dia esamus hidraulinius cilindrus, u\u017etikrindami skland\u0173 integravim\u0105 \u012f j\u016bs\u0173 \u012frang\u0105.<\/li>\n<li><strong>Tvirtas dizainas:<\/strong> \u0160i\u0173 cilindr\u0173 konstrukcijoje atsi\u017evelgiama \u012f tokius veiksnius kaip keliamoji galia, sandarumas, ilgaam\u017ei\u0161kumas, saugumas ir prie\u017ei\u016bra, u\u017etikrinant patikim\u0105 veikim\u0105 \u012fvairiose srityse.<\/li>\n<\/ul>\n<p><img decoding=\"async\" src=\"https:\/\/www.hydraulic-cylinders.net\/wp-content\/uploads\/2025\/04\/songte-cylinder-head-with-all-kinds-excavator-models.webp\" alt=\"Cilindro galvut\u0117 ekskavatoriams\"><\/p>\n<h2>Str\u0117l\u0117s cilindro pritaikymas<\/h2>\n<h3>Statybin\u0117 \u012franga<\/h3>\n<p>Ekskavatoriuose str\u0117l\u0117s cilindrai yra b\u016btini kasant, kraunant ir perkeliant grunt\u0105 ar \u0161iuk\u0161les. Jie suteikia reikiam\u0105 j\u0117g\u0105 str\u0117lei efektyviai valdyti, leisdami operatoriams tiksliai atlikti \u012fvairias u\u017eduotis. Str\u0117l\u0117s geb\u0117jimas pakelti sunkius krovinius yra labai svarbus statybos projektuose, u\u017etikrinant efektyvum\u0105 ir na\u0161um\u0105.<\/p>\n<h3>\u017dem\u0117s \u016bkio technika<\/h3>\n<p>Priekiniuose krautuvuose naudojami str\u0117l\u0117s cilindrai palengvina toki\u0173 med\u017eiag\u0173 kaip dirvo\u017eemis ir \u0161ienas s\u0117mim\u0105, k\u0117lim\u0105 ir transportavim\u0105. Tvirta j\u0173 konstrukcija u\u017etikrina patikim\u0105 veikim\u0105 atliekant \u012fvairius \u017eem\u0117s \u016bkio darbus, \u017eymiai padidindama \u016bki\u0173 produktyvum\u0105.<\/p>\n<h3>Ekskavatoriai<\/h3>\n<p>Ekskavatoriuose str\u0117l\u0117s cilindrai leid\u017eia atlikti kasimo veiksmus, leisdami kau\u0161ui \u012fsiskverbti \u012f dirv\u0105. J\u0173 konstrukcija maksimaliai padidina hidraulin\u012f efektyvum\u0105, suteikdama reikiam\u0105 gali\u0105 med\u017eiagoms efektyviai i\u0161kasti, taip pagerindama bendr\u0105 ma\u0161inos na\u0161um\u0105.<\/p>\n<h3>Krautuvai<\/h3>\n<p>Priekiniuose krautuvuose str\u0117l\u0117s cilindrai padeda efektyviai pakelti ir i\u0161versti krovinius. D\u0117l j\u0173 geb\u0117jimo tvarkyti sunkias med\u017eiagas jie yra gyvybi\u0161kai svarb\u016bs statybose ir med\u017eiag\u0173 tvarkyme, u\u017etikrinant greit\u0105 ir efektyv\u0173 u\u017eduo\u010di\u0173 atlikim\u0105.<\/p>\n<h2>Projektavimo aspektai ir atrankos kriterijai<\/h2>\n<h3>Keliamoji galia<\/h3>\n<p>Renkantis str\u0117l\u0117s cilindr\u0105, keliamoji galia yra labai svarbus aspektas. Cilindras turi atlaikyti maksimali\u0105 apkrov\u0105, su kuria susidurs technika. Tam reikia kruop\u0161taus projektavimo, siekiant u\u017etikrinti, kad naudojamos med\u017eiagos atlaikyt\u0173 eksploatacijos metu veikian\u010dias j\u0117gas be deformacijos ar gedimo.<\/p>\n<h3>Sandarinimas<\/h3>\n<p>Sandarinimas yra dar vienas esminis veiksnys. Veiksmingi sandarikliai apsaugo nuo hidraulinio skys\u010dio nuot\u0117kio ir u\u017eter\u0161imo, kuris gali pakenkti na\u0161umui ir saugai. Auk\u0161tos kokyb\u0117s sandarikliai, pagaminti i\u0161 toki\u0173 med\u017eiag\u0173 kaip poliuretanas arba nitrilo kau\u010diukas, yra labai svarb\u016bs norint i\u0161laikyti hidraulin\u0117s sistemos vientisum\u0105.<\/p>\n<h3>Patvarumas<\/h3>\n<p>Str\u0117l\u0117s cilindro patvarumas yra labai svarbus, ypa\u010d sud\u0117tingomis s\u0105lygomis. Jis turi b\u016bti atsparus nusid\u0117v\u0117jimui d\u0117l nuolatinio naudojimo ir at\u0161iauri\u0173 s\u0105lyg\u0173. Tai apima trinties nuo purvo ir \u0161iuk\u0161li\u0173, taip pat korozijos nuo dr\u0117gm\u0117s ir chemini\u0173 med\u017eiag\u0173.<\/p>\n<h3>Saugumas<\/h3>\n<p>Siekiant i\u0161vengti nelaiming\u0173 atsitikim\u0173, \u012f str\u0117l\u0117s cilindr\u0173 konstrukcij\u0105 turi b\u016bti integruotos saugos funkcijos. Tai apima apsaugos nuo perkrovos mechanizmus ir apsauginius vo\u017etuvus, kurie gali neleisti sistemai vir\u0161yti saugi\u0173 eksploatavimo rib\u0173, u\u017etikrinant tiek operatoriaus saugum\u0105, tiek \u012frangos ilgaam\u017ei\u0161kum\u0105.<\/p>\n<h3>Prie\u017ei\u016bra<\/h3>\n<p>Galiausiai, svarbus aspektas yra prie\u017ei\u016bros paprastumas. Konstrukcija, kuri supaprastina patikrinimus, tepim\u0105 ir sandarikli\u0173 keitim\u0105, suma\u017eins prastovas ir prie\u017ei\u016bros i\u0161laidas. Gamintojai tur\u0117t\u0173 teikti pirmenyb\u0119 konstrukcijoms, kurios leid\u017eia lengvai pasiekti svarbiausius komponentus.<\/p>\n<p><img decoding=\"async\" src=\"https:\/\/www.hydraulic-cylinders.net\/wp-content\/uploads\/2025\/04\/songte-oil-pipes-and-spare-parts.webp\" alt=\"Hidrauliniai komponentai\"><\/p>\n<h2>Sandarinimas ir tepimas<\/h2>\n<p>Str\u0117l\u0117s cilindr\u0173 efektyvumas labai priklauso nuo tinkamo sandarinimo ir tepimo. \u012evair\u016bs sandarinimo komponentai, tokie kaip st\u016bmokli\u0173 ir stryp\u0173 sandarikliai, yra labai svarb\u016bs palaikant hidraulin\u012f sl\u0117g\u012f ir i\u0161vengiant nuot\u0117ki\u0173. Sandarikliai paprastai gaminami i\u0161 atspari\u0173 dilimui med\u017eiag\u0173, toki\u0173 kaip poliuretanas arba nitrilo kau\u010diukas, kurios pasi\u017eymi puikiu patvarumu at\u0161iauriomis eksploatavimo s\u0105lygomis, su kuriomis da\u017enai susiduria hidrauliniai cilindrai. Be to, cilindro korpuso ir sriegini\u0173 gal\u0173 pavir\u0161iai yra kruop\u0161\u010diai apdirbti, siekiant padidinti atsparum\u0105 dilimui ir prisid\u0117ti prie bendro cilindro patikimumo.<\/p>\n<p>Taip pat b\u016btinas reguliarus tepimas. Operatoriams patariama periodi\u0161kai pripildyti hidraulin\u0119 sistem\u0105 tinkama hidrauline alyva, kad b\u016bt\u0173 u\u017etikrintas sklandus vis\u0173 judan\u010di\u0173 dali\u0173 veikimas ir suma\u017einta trintis. \u0160i praktika pailgina cilindro tarnavimo laik\u0105 ir palaiko optimal\u0173 na\u0161um\u0105.<\/p>\n<h2>Prevencin\u0117s prie\u017ei\u016bros priemon\u0117s<\/h2>\n<ul>\n<li><strong>Reguliar\u016bs patikrinimai:<\/strong> Reguliariai tikrinkite, kad nustatytum\u0117te bet kokius susid\u0117v\u0117jimo, nuot\u0117kio ar pa\u017eeidimo po\u017eymius. Ankstyvas problem\u0173 nustatymas gali pad\u0117ti i\u0161vengti rimtesni\u0173 problem\u0173 atsiradimo.<\/li>\n<li><strong>Tinkamas tepimas:<\/strong> U\u017etikrinkite, kad b\u016bt\u0173 palaikomas hidraulinio skys\u010dio lygis ir kad sistema b\u016bt\u0173 reguliariai tepama, siekiant suma\u017einti judan\u010di\u0173 dali\u0173 trint\u012f ir susid\u0117v\u0117jim\u0105.<\/li>\n<li><strong>Sandariklio keitimas:<\/strong> Steb\u0117kite sandarikli\u0173 b\u016bkl\u0119 ir prireikus juos pakeiskite, kad i\u0161vengtum\u0117te nuot\u0117ki\u0173 ir i\u0161laikytum\u0117te hidraulin\u012f efektyvum\u0105.<\/li>\n<\/ul>\n<h2>\u012erengimo gair\u0117s<\/h2>\n<p>Teisingas str\u0117l\u0117s cilindro montavimas yra labai svarbus optimaliam veikimui ir ilgaam\u017ei\u0161kumui. Pirmiausia \u012fsitikinkite, kad mechanizmo tvirtinimo ta\u0161kai yra \u0161var\u016bs ir be \u0161iuk\u0161li\u0173. Atid\u017eiai i\u0161lygiuokite cilindr\u0105, u\u017etikrindami, kad jis b\u016bt\u0173 tiesus, kad i\u0161vengtum\u0117te bet kokio i\u0161lygiavimo, kuris gali sukelti prie\u0161laikin\u012f susid\u0117v\u0117jim\u0105 ar gedim\u0105. Naudokite tinkamus tvirtinimo laikiklius, kad pritvirtintum\u0117te cilindr\u0105 vietoje ir u\u017etikrintum\u0117te tvirt\u0105 pritvirtinim\u0105.<\/p>\n<p>Visada vadovaukit\u0117s gamintojo specifikacijomis d\u0117l sukimo momento nustatym\u0173 ir vis\u0173 unikali\u0173 montavimo reikalavim\u0173. Po montavimo atlikite bandymus, kad \u012fsitikintum\u0117te, jog cilindras veikia skland\u017eiai ir be nuot\u0117ki\u0173. Galiausiai dokumentuokite montavimo proces\u0105 ir visus atliktus pakeitimus, kad gal\u0117tum\u0117te juos per\u017ei\u016br\u0117ti ateityje.<\/p>\n<h2>\u012eprastos prie\u017ei\u016bros u\u017eduotys<\/h2>\n<h3>Reguliar\u016bs patikrinimai<\/h3>\n<p>Reguliar\u016bs patikrinimai yra labai svarb\u016bs norint nustatyti galimas problemas, kol jos netapo rimtomis. Ie\u0161kokite cilindro susid\u0117v\u0117jimo po\u017eymi\u0173, toki\u0173 kaip \u012ftr\u016bkimai ar deformacija, ir patikrinkite hidraulinio skys\u010dio lyg\u012f, kad \u012fsitikintum\u0117te, jog jis yra rekomenduojamame diapazone. Patikrinimus reik\u0117t\u0173 planuoti reguliariais intervalais, kad b\u016bt\u0173 i\u0161laikytas str\u0117l\u0117s cilindro vientisumas ir veikimas.<\/p>\n<h3>Tinkamas tepimas<\/h3>\n<p>Tinkamas tepimas yra b\u016btinas norint pailginti str\u0117l\u0117s cilindro tarnavimo laik\u0105. \u012esitikinkite, kad hidraulin\u0117s alyvos lygis yra pakankamas ir kad tepimo ta\u0161kai b\u016bt\u0173 reguliariai pri\u017ei\u016brimi. B\u016btina naudoti tinkamo tipo hidraulin\u0119 alyv\u0105, o operatoriai tur\u0117t\u0173 laikytis gamintojo rekomendacij\u0173, kad i\u0161vengt\u0173 pa\u017eeidim\u0173 ir u\u017etikrint\u0173 skland\u0173 veikim\u0105.<\/p>\n<h3>Sandariklio keitimas<\/h3>\n<p>Tarpikliai yra labai svarb\u016bs palaikant hidraulin\u012f sl\u0117g\u012f ir i\u0161vengiant nuot\u0117ki\u0173. Reguliariai tikrinkite, ar tarpikliai n\u0117ra susid\u0117v\u0117j\u0119 ar pa\u017eeisti, ir prireikus juos pakeiskite. Tai pad\u0117s i\u0161laikyti hidraulin\u0117s sistemos efektyvum\u0105 ir i\u0161vengti brangaus remonto d\u0117l skys\u010di\u0173 nuot\u0117kio. Tarpikli\u0173 keitimo \u012fra\u0161\u0173 tvarkymas pad\u0117s sekti technin\u0117s prie\u017ei\u016bros pastangas.<\/p>\n<p><img decoding=\"async\" src=\"https:\/\/www.hydraulic-cylinders.net\/wp-content\/uploads\/2025\/04\/songte-chushion-collar.webp\" alt=\"Pagalv\u0117l\u0117s apykakl\u0117\"><\/p>\n<h2>Saugos aspektai ir aplinkos veiksniai<\/h2>\n<p>Eksploatuojant hidraulines sistemas, saugos priemon\u0117s yra nepaprastai svarbios. Operatoriai visada turi laikytis saugos protokol\u0173, \u012fskaitant tinkam\u0173 asmenini\u0173 apsaugos priemoni\u0173 (AAP) d\u0117v\u0117jim\u0105 ir u\u017etikrinim\u0105, kad visi darbuotojai \u017einot\u0173 darbo proced\u016bras. Tinkamas mokymas yra b\u016btinas siekiant i\u0161vengti nelaiming\u0173 atsitikim\u0173 ir u\u017etikrinti saug\u0173 ma\u0161in\u0173 su str\u0117l\u0117s cilindrais valdym\u0105.<\/p>\n<p>Aplinkos veiksniai taip pat vaidina svarb\u0173 vaidmen\u012f hidraulini\u0173 cilindr\u0173 veikimui ir ilgaam\u017ei\u0161kumui. Operatoriai turi atsi\u017evelgti \u012f ekstremalias temperat\u016bras, dr\u0117gm\u0117s poveik\u012f ir galimus ter\u0161alus darbo aplinkoje. Apsaugini\u0173 priemoni\u0173, toki\u0173 kaip dang\u010di\u0173 naudojimas ar tinkam\u0173 med\u017eiag\u0173 pasirinkimas, \u012fgyvendinimas gali suma\u017einti \u0161i\u0105 rizik\u0105.<\/p>\n<h2>Gedim\u0173 diagnostika ir da\u017eniausios problemos<\/h2>\n<ul>\n<li><strong>Nuot\u0117kis:<\/strong> Jei hidraulinis skystis teka, patikrinkite, ar sandarikliai ir jungtys n\u0117ra pa\u017eeisti. Pakeiskite visus sugedusius komponentus, kad atkurtum\u0117te sistemos vientisum\u0105.<\/li>\n<li><strong>Nenuoseklus veikimas:<\/strong> Jei cilindras skland\u017eiai nei\u0161sitraukia arba nesusitraukia, patikrinkite, ar hidraulin\u0117se linijose n\u0117ra u\u017esikim\u0161im\u0173, ir \u012fsitikinkite, kad sistemoje yra pakankamai hidraulinio skys\u010dio.<\/li>\n<li><strong>Ne\u012fprasti garsai:<\/strong> Girg\u017ed\u0117jimo ar \u017evang\u0117jimo garsai gali rodyti vidinius pa\u017eeidimus ar susid\u0117v\u0117jim\u0105. Patikrinkite cilindr\u0105, ar n\u0117ra mechanini\u0173 gedim\u0173 ar susid\u0117v\u0117jimo po\u017eymi\u0173.<\/li>\n<\/ul>\n<h2>Trik\u010di\u0173 \u0161alinimo patarimai<\/h2>\n<p>Nor\u0117dami efektyviai diagnozuoti ir i\u0161spr\u0119sti problemas, operatoriai tur\u0117t\u0173 taikyti sisteming\u0105 po\u017ei\u016br\u012f. Prad\u0117kite nuo vizualin\u0117s hidraulin\u0117s sistemos ap\u017ei\u016bros, ie\u0161kodami nuot\u0117ki\u0173 ar akivaizd\u017ei\u0173 pa\u017eeidim\u0173. Jei aptinkama problema, per\u017ei\u016br\u0117kite gamintojo pateiktas trik\u010di\u0173 \u0161alinimo ir remonto proced\u016br\u0173 gaires. Reguliar\u016bs mokymai apie da\u017eniausiai pasitaikan\u010dias problemas ir j\u0173 sprendimus gali suteikti operatoriams galimyb\u0119 valdyti nedidelius gedimus, kol jie neperauga \u012f rimtus remonto darbus.<\/p>\n<p>\u012egyvendinant prevencines priemones, tokias kaip planin\u0117 prie\u017ei\u016bra ir reguliarios patikros, galima suma\u017einti galimas problemas ir u\u017etikrinti skland\u0173 str\u0117l\u0117s cilindro veikim\u0105.<\/p>\n<p><img decoding=\"async\" src=\"https:\/\/www.hydraulic-cylinders.net\/wp-content\/uploads\/2025\/04\/songte-bushings-with-all-kinds-of-excavator-models.webp\" alt=\"Ekskavatori\u0173 \u012fvor\u0117s\"><\/p>\n<h2>Apie m\u016bs\u0173 \u012fmon\u0119<\/h2>\n<p>Esame pirmaujantis atsargini\u0173 hidraulini\u0173 cilindr\u0173 gamintojas ir didmeninis platintojas, si\u016blantis plat\u0173 gamini\u0173 asortiment\u0105. M\u016bs\u0173 \u012fsipareigojimas i\u0161skirtinei kokybei \u012ftvirtino m\u016bs\u0173, kaip \u017einomo \u017eaid\u0117jo, pozicij\u0105 tiek vidaus, tiek tarptautin\u0117se rinkose. Laikom\u0117s rafinuotos, industrializuotos gamybos valdymo strategijos, kuri orientuota \u012f meistri\u0161kum\u0105 ir efektyvum\u0105.<\/p>\n<p>M\u016bs\u0173 komand\u0105 sudaro kvalifikuoti specialistai, turintys pa\u017eangias skaitmenin\u0117s gamybos technologijas ir profesionalias testavimo sistemas. Tai u\u017etikrina, kad nuolat tobuliname savo gamybos platform\u0105, tobulindami gamini\u0173 kokyb\u0117s gamybos procesus. M\u016bs\u0173 tvirti k\u016brybiniai paj\u0117gumai leid\u017eia mums patenkinti \u012fvairius klient\u0173 poreikius, u\u017etikrinant auk\u0161t\u0105 efektyvum\u0105, tikslum\u0105 ir kokyb\u0119.<\/p>\n<p><img decoding=\"async\" src=\"https:\/\/www.hydraulic-cylinders.net\/wp-content\/uploads\/2025\/04\/songte-company-4.webp\" alt=\"\u012emon\u0117s ap\u017evalga\"><br \/>\n<img decoding=\"async\" src=\"https:\/\/www.hydraulic-cylinders.net\/wp-content\/uploads\/2025\/04\/songte-company-3.webp\" alt=\"Gamybos \u012fmon\u0117\"><\/p>\n<p>Si\u016blome specializuotas paslaugas, \u012fskaitant individualius sprendimus, patvirtintus tarptautiniais sertifikatais, patvirtinan\u010diais m\u016bs\u0173 \u012fsipareigojim\u0105 kokybei ir saugai. M\u016bs\u0173 moderni gamybos \u012franga u\u017etikrina, kad kiekvienas produktas atitikt\u0173 grie\u017etus pramon\u0117s standartus, o specializuotas garantinio aptarnavimo centras garantuoja klient\u0173 pasitenkinim\u0105 ir palaikym\u0105.<\/p>\n<p>Autorius: lyl<\/p>","protected":false},"excerpt":{"rendered":"<p>Boom Cylinder For Bonny WY160AHD Product Overview The Boom Cylinder for Bonny WY160AHD is a specialized hydraulic cylinder designed to control the movement of the boom in various heavy machinery such as excavators, backhoe loaders, and front loaders. These cylinders enable the boom to lift, lower, and tilt, facilitating material handling tasks with ease and [&hellip;]<\/p>","protected":false},"featured_media":17869,"comment_status":"open","ping_status":"closed","template":"","meta":{"_et_pb_use_builder":"","_et_pb_old_content":"","_et_gb_content_width":""},"product_brand":[],"product_cat":[1546],"product_tag":[1547,1496],"class_list":{"0":"post-19651","1":"product","2":"type-product","3":"status-publish","4":"has-post-thumbnail","6":"product_cat-boom-cylinders","7":"product_tag-boom-cylinders","8":"product_tag-hydraulic-cylinders","10":"first","11":"instock","12":"shipping-taxable","13":"product-type-simple"},"amp_enabled":true,"_links":{"self":[{"href":"https:\/\/www.hydraulic-cylinders.net\/lt\/wp-json\/wp\/v2\/product\/19651","targetHints":{"allow":["GET"]}}],"collection":[{"href":"https:\/\/www.hydraulic-cylinders.net\/lt\/wp-json\/wp\/v2\/product"}],"about":[{"href":"https:\/\/www.hydraulic-cylinders.net\/lt\/wp-json\/wp\/v2\/types\/product"}],"replies":[{"embeddable":true,"href":"https:\/\/www.hydraulic-cylinders.net\/lt\/wp-json\/wp\/v2\/comments?post=19651"}],"wp:featuredmedia":[{"embeddable":true,"href":"https:\/\/www.hydraulic-cylinders.net\/lt\/wp-json\/wp\/v2\/media\/17869"}],"wp:attachment":[{"href":"https:\/\/www.hydraulic-cylinders.net\/lt\/wp-json\/wp\/v2\/media?parent=19651"}],"wp:term":[{"taxonomy":"product_brand","embeddable":true,"href":"https:\/\/www.hydraulic-cylinders.net\/lt\/wp-json\/wp\/v2\/product_brand?post=19651"},{"taxonomy":"product_cat","embeddable":true,"href":"https:\/\/www.hydraulic-cylinders.net\/lt\/wp-json\/wp\/v2\/product_cat?post=19651"},{"taxonomy":"product_tag","embeddable":true,"href":"https:\/\/www.hydraulic-cylinders.net\/lt\/wp-json\/wp\/v2\/product_tag?post=19651"}],"curies":[{"name":"wp","href":"https:\/\/api.w.org\/{rel}","templated":true}]}}