{"id":19653,"date":"2025-04-07T06:59:55","date_gmt":"2025-04-07T06:59:55","guid":{"rendered":"https:\/\/www.hydraulic-cylinders.net\/product\/boom-cylinder-for-bonny-ce2200-7\/"},"modified":"2025-04-07T06:59:57","modified_gmt":"2025-04-07T06:59:57","slug":"boom-cylinder-for-bonny-ce2200-7","status":"publish","type":"product","link":"https:\/\/www.hydraulic-cylinders.net\/lt\/produktas\/boom-cylinder-for-bonny-ce2200-7\/","title":{"rendered":"Str\u0117l\u0117s cilindras, skirtas Bonny CE2200-7"},"content":{"rendered":"<h1>Str\u0117l\u0117s cilindras, skirtas Bonny CE2200-7<\/h1>\n<h2>Produkto ap\u017evalga<\/h2>\n<p>\u201eBonny CE2200-7\u201c str\u0117l\u0117s cilindras yra esminis hidraulinis komponentas, skirtas valdyti kau\u0161\u0173 jud\u0117jim\u0105 sunkiosiose ma\u0161inose, tokiose kaip ekskavatoriai, ekskavatoriniai krautuvai ir frontaliniai krautuvai. Kau\u0161\u0173 cilindrai atlieka labai svarb\u0173 vaidmen\u012f palengvinant su med\u017eiag\u0173 tvarkymu susijusias u\u017eduotis, nes leid\u017eia pakelti, nuleisti ir pakreipti kau\u0161\u0105. \u0160ie hidrauliniai cilindrai yra specialiai sukurti taip, kad atlaikyt\u0173 sud\u0117tingas s\u0105lygas, tod\u0117l jie yra pagrindin\u0117 hidraulini\u0173 sistem\u0173 dalis \u012fvairiose pramon\u0117s srityse.<\/p>\n<p><img decoding=\"async\" src=\"https:\/\/www.hydraulic-cylinders.net\/wp-content\/uploads\/2025\/04\/songte-company-1.webp\" alt=\"Str\u0117l\u0117s cilindras, skirtas \u201eBonny CE2200-7\u201c\"><\/p>\n<h2>Str\u0117l\u0117s cilindro savyb\u0117s<\/h2>\n<ul>\n<li><strong>Didelis stiprumas ir ilgaam\u017ei\u0161kumas:<\/strong> Pagaminta i\u0161 didelio stiprumo plieno arba aliuminio, skirta atlaikyti auk\u0161t\u0105 sl\u0117g\u012f ir dideles apkrovas, tinka at\u0161iaurioms darbo s\u0105lygoms.<\/li>\n<li><strong>Efektyvus hidraulinis valdymas:<\/strong> Naudoja hidraulin\u0117s alyvos sl\u0117g\u012f skland\u017eiam i\u0161pl\u0117timui ir atitraukimui, u\u017etikrindamas galing\u0105 st\u016bmimo ir traukimo j\u0117g\u0105, idealiai tinkan\u010di\u0105 sunkioms ir sud\u0117tingoms u\u017eduotims.<\/li>\n<li><strong>\u012evair\u016bs tipai:<\/strong> Galimi vienpusio veikimo (hidraulinis veikimas viena kryptimi) arba dvipusio veikimo (hidraulinis veikimas abiem kryptimis) cilindrai, kad atitikt\u0173 \u012fvairius eksploatacinius poreikius.<\/li>\n<li><strong>Viet\u0105 taupantis dizainas:<\/strong> Kai kurie modeliai yra teleskopiniai, tod\u0117l juos galima labiau i\u0161tiesti nepadidinant i\u0161orini\u0173 matmen\u0173, tod\u0117l jie puikiai tinka naudoti ribotoje erdv\u0117je.<\/li>\n<li><strong>Atsparumas korozijai:<\/strong> Sukurtas i\u0161 med\u017eiag\u0173, kurios atsparios dilimui ir korozijai, \u017eymiai pailgindamos cilindro eksploatavimo laik\u0105.<\/li>\n<\/ul>\n<p>M\u016bs\u0173 gaminiai gali puikiai pakeisti \u0161iuos hidraulinius cilindrus.<\/p>\n<p><img decoding=\"async\" src=\"https:\/\/www.hydraulic-cylinders.net\/wp-content\/uploads\/2025\/04\/songte-cylinder-head-with-all-kinds-excavator-models.webp\" alt=\"Hidraulinio cilindro galvut\u0117\"><\/p>\n<h2>Taikymo scenarijai<\/h2>\n<h3>Statybin\u0117 \u012franga<\/h3>\n<p>Ekskavatoriuose str\u0117l\u0117s cilindras yra labai svarbus kasant, kraunant ir perkeliant \u017eem\u0119 ar \u0161iuk\u0161les. Jis leid\u017eia kau\u0161ui efektyviai \u012fsiskverbti \u012f dirv\u0105, palengvindamas kasimo proces\u0105. Ekskavatoriuose-krautuvuose kau\u0161o cilindras padeda tiek kasti, tiek kelti, tod\u0117l yra nepakei\u010diamas statybos darb\u0173 komponentas.<\/p>\n<h3>\u017dem\u0117s \u016bkio technika<\/h3>\n<p>Priekiniuose krautuvuose kau\u0161o cilindras yra gyvybi\u0161kai svarbus dirvo\u017eemio, \u0161ieno ir kit\u0173 med\u017eiag\u0173 k\u0117limui, k\u0117limui ir transportavimui. \u0160i funkcija padidina \u017eem\u0117s \u016bkio darb\u0173 efektyvum\u0105, leisdama \u016bkininkams efektyviai valdyti savo i\u0161teklius ir didinti produktyvum\u0105.<\/p>\n<h3>Ekskavatoriai<\/h3>\n<p>Ekskavatori\u0173 kau\u0161o cilindras atlieka lemiam\u0105 vaidmen\u012f kasant, nes leid\u017eia kau\u0161ui \u012fsiskverbti \u012f dirv\u0105. \u0160i savyb\u0117 yra b\u016btina atliekant \u012fvairias kasimo u\u017eduotis, u\u017etikrinant efektyvum\u0105 tiek statybos, tiek kra\u0161tovaizd\u017eio tvarkymo projektuose.<\/p>\n<h3>Krautuvai<\/h3>\n<p>Priekiniuose krautuvuose str\u0117l\u0117s cilindras padeda efektyviai kelti ir i\u0161versti krovinius. \u0160i funkcija yra labai svarbi norint greitai ir saugiai perkelti med\u017eiagas, u\u017etikrinant, kad krautuvai gal\u0117t\u0173 efektyviai atlikti savo u\u017eduotis nepakenkdami saugumui.<\/p>\n<h2>Projektavimo aspektai ir atrankos kriterijai<\/h2>\n<h3>Keliamoji galia<\/h3>\n<p>Renkantis str\u0117l\u0117s cilindr\u0105, svarbiausia yra keliamoji galia. Cilindras turi atlaikyti maksimal\u0173 svor\u012f, su kuriuo susidurs eksploatacijos metu. Tai u\u017etikrina saug\u0173 ir efektyv\u0173 mechanizm\u0173 veikim\u0105, u\u017ekertant keli\u0105 galimiems \u012frangos gedimams.<\/p>\n<h3>Sandarinimas<\/h3>\n<p>Efektyvus sandarinimas yra b\u016btinas hidrauliniams cilindrams, siekiant i\u0161laikyti sl\u0117g\u012f ir i\u0161vengti skys\u010di\u0173 nuot\u0117kio. Sandarinimo med\u017eiag\u0173, toki\u0173 kaip poliuretanas ir nitrilo kau\u010diukas, pasirinkimas gali smarkiai paveikti cilindro veikim\u0105 ir ilgaam\u017ei\u0161kum\u0105, tod\u0117l \u012f tai labai svarbu atsi\u017evelgti renkantis konstrukcij\u0105.<\/p>\n<h3>Patvarumas<\/h3>\n<p>Patvarumas yra dar vienas labai svarbus veiksnys, nes hidrauliniai cilindrai da\u017enai veikiami at\u0161iauri\u0173 s\u0105lyg\u0173. Konstrukcijoje naudojamos med\u017eiagos turi b\u016bti atsparios dilimui, taip pat aplinkos veiksniams, tokiems kaip dr\u0117gm\u0117 ir chemin\u0117s med\u017eiagos, kad pailg\u0117t\u0173 cilindro tarnavimo laikas.<\/p>\n<h3>Saugumas<\/h3>\n<p>Hidraulini\u0173 cilindr\u0173 konstrukcijoje labai svarbu \u012fdiegti saugos funkcijas. Tai apima apsaugos nuo perkrov\u0173 sistemas ir gedim\u0173 prevencijos mechanizmus, siekiant u\u017etikrinti, kad gedimo atveju \u012franga veikt\u0173 saugiai ir b\u016bt\u0173 i\u0161vengta nelaiming\u0173 atsitikim\u0173.<\/p>\n<h3>Prie\u017ei\u016bra<\/h3>\n<p>Lengva prie\u017ei\u016bra yra labai svarbi siekiant u\u017etikrinti efektyv\u0173 hidraulini\u0173 sistem\u0173 veikim\u0105 ilg\u0105 laik\u0105. Gerai suprojektuotas cilindras leid\u017eia lengvai patikrinti, sutepti ir pakeisti sandariklius bei kitus komponentus, taip u\u017etikrinant minimal\u0173 mechanizm\u0173 prastovos laik\u0105.<\/p>\n<p><img decoding=\"async\" src=\"https:\/\/www.hydraulic-cylinders.net\/wp-content\/uploads\/2025\/04\/songte-oil-pipes-and-spare-parts.webp\" alt=\"Hidraulini\u0173 cilindr\u0173 dalys\"><\/p>\n<h2>Sandarinimas ir tepimas<\/h2>\n<p>Siekiant u\u017etikrinti optimal\u0173 na\u0161um\u0105, naudojami \u012fvair\u016bs sandarinimo komponentai, \u012fskaitant st\u016bmokli\u0173 ir kot\u0173 sandariklius. Patvarios med\u017eiagos, tokios kaip poliuretanas ir nitrilo kau\u010diukas, u\u017etikrina, kad sandarikliai b\u016bt\u0173 atspar\u016bs dilimui. Hidraulinio cilindro korpusas ir srieginiai galiniai pavir\u0161iai yra kruop\u0161\u010diai apdirbti, siekiant padidinti atsparum\u0105 dilimui. Norint u\u017etikrinti skland\u0173 veikim\u0105 ir i\u0161vengti trinties sukeliamo dilimo, b\u016btina reguliariai tepti hidrauline alyva.<\/p>\n<h2>Prevencin\u0117s prie\u017ei\u016bros priemon\u0117s<\/h2>\n<ul>\n<li><strong>Reguliar\u016bs patikrinimai:<\/strong> Atlikite reguliarius patikrinimus, kad nustatytum\u0117te bet kokius susid\u0117v\u0117jimo ar pa\u017eeidimo po\u017eymius. Ankstyvas problem\u0173 nustatymas gali pad\u0117ti i\u0161vengti dideli\u0173 gedim\u0173.<\/li>\n<li><strong>Tinkamas tepimas:<\/strong> \u012esitikinkite, kad hidraulin\u0117s alyvos lygis yra pakankamas ir kad tepimas atliekamas reguliariai, siekiant palaikyti na\u0161um\u0105 ir i\u0161vengti u\u017estrigimo.<\/li>\n<li><strong>Sandariklio keitimas:<\/strong> Steb\u0117kite sandariklius, ar n\u0117ra susid\u0117v\u0117jimo po\u017eymi\u0173, ir prireikus juos pakeiskite, kad i\u0161vengtum\u0117te nuot\u0117ki\u0173 ir i\u0161laikytum\u0117te efektyvum\u0105.<\/li>\n<\/ul>\n<h2>\u012erengimo gair\u0117s<\/h2>\n<p>Tinkamas str\u0117l\u0117s cilindro montavimas yra labai svarbus optimaliam veikimui. Pirmiausia \u012fsitikinkite, kad visi komponentai yra \u0161var\u016bs ir be \u0161iuk\u0161li\u0173. Tinkamai sulygiuokite cilindr\u0105 su tvirtinimo laikikliais, kad i\u0161vengtum\u0117te per didelio \u012ftempimo. Naudokite tinkamus tvirtinimo laikiklius, kad pritvirtintum\u0117te cilindr\u0105 vietoje. Visada laikykit\u0117s gamintojo nurodym\u0173 d\u0117l sukimo momento specifikacij\u0173 ir montavimo proced\u016br\u0173. Po montavimo atlikite i\u0161sam\u0173 patikrinim\u0105, kad \u012fsitikintum\u0117te, jog visos jungtys yra tvirtos ir veikia taip, kaip numatyta.<\/p>\n<h2>\u012eprastos prie\u017ei\u016bros u\u017eduotys<\/h2>\n<ul>\n<li><strong>Reguliar\u016bs patikrinimai:<\/strong> Suplanuokite \u012fprastinius patikrinimus, kad \u012fvertintum\u0117te hidraulin\u0117s sistemos b\u016bkl\u0119 ir nustatytum\u0117te galimas problemas, kol jos nepa\u016bm\u0117jo.<\/li>\n<li><strong>Tinkamas tepimas:<\/strong> Reguliariai sutepkite cilindr\u0105 pagal gamintojo rekomendacijas, kad u\u017etikrintum\u0117te skland\u0173 veikim\u0105 ir i\u0161vengtum\u0117te korozijos.<\/li>\n<li><strong>Sandariklio keitimas:<\/strong> Reguliariai tikrinkite sandariklius ir pakeiskite juos, kai jie susid\u0117vi, kad i\u0161vengtum\u0117te nuot\u0117ki\u0173, kurie gali sukelti hidraulin\u012f gedim\u0105.<\/li>\n<\/ul>\n<h2>Saugos aspektai ir aplinkos veiksniai<\/h2>\n<p>Naudojant hidraulinius cilindrus, b\u016btina imtis tinkam\u0173 saugos priemoni\u0173. Tai apima operatori\u0173 apmokym\u0105 naudotis \u012franga ir saugos protokol\u0173 \u017einojim\u0105. \u0160varios darbo aplinkos palaikymas ir tinkamas hidraulini\u0173 skys\u010di\u0173 utilizavimas taip pat yra labai svarb\u016bs siekiant suma\u017einti poveik\u012f aplinkai.<\/p>\n<h2>Trik\u010di\u0173 \u0161alinimas ir da\u017eniausiai pasitaikan\u010dios problemos<\/h2>\n<ul>\n<li><strong>Hidrauliniai nuot\u0117kiai:<\/strong> Nuot\u0117kiai gali atsirasti d\u0117l susid\u0117v\u0117jusi\u0173 sandarikli\u0173 arba pa\u017eeist\u0173 komponent\u0173. Reguliar\u016bs patikrinimai gali pad\u0117ti nustatyti problemas, kol jos netapo rimtomis.<\/li>\n<li><strong>Prastas cilindro atsakas:<\/strong> Jei cilindras nereaguoja tinkamai, patikrinkite hidraulinio skys\u010dio lyg\u012f ir \u012fsitikinkite, kad sistemoje n\u0117ra oro burbuliuk\u0173.<\/li>\n<li><strong>Triuk\u0161mingas veikimas:<\/strong> Per didelis triuk\u0161mas gali rodyti \u017eem\u0105 skys\u010dio lyg\u012f arba mechanines problemas cilindre. Reguliarus techninis aptarnavimas gali pad\u0117ti i\u0161vengti \u0161i\u0173 problem\u0173.<\/li>\n<\/ul>\n<h2>Problem\u0173 sprendimo patarimai<\/h2>\n<p>Norint efektyviai diagnozuoti ir i\u0161spr\u0119sti hidraulin\u0117s sistemos problemas, \u012fsitikinkite, kad visos jungtys yra sandarios ir kad hidraulinio skys\u010dio lygis yra optimalus. Labai svarbu anksti nustatyti nuot\u0117kius; naudokite tinkamus metodus \u0161altiniui nustatyti. Reguliar\u016bs technin\u0117s prie\u017ei\u016bros patikrinimai gali pad\u0117ti i\u0161vengti daugelio da\u017eniausiai pasitaikan\u010di\u0173 problem\u0173, kol jos nepa\u016bm\u0117ja, u\u017etikrinant, kad sistema i\u0161likt\u0173 efektyvi ir patikima.<\/p>\n<p><img decoding=\"async\" src=\"https:\/\/www.hydraulic-cylinders.net\/wp-content\/uploads\/2025\/04\/songte-bushings-with-all-kinds-of-excavator-models.webp\" alt=\"Ekskavatoriaus \u012fvor\u0117s\"><\/p>\n<h2>\u012emon\u0117s pristatymas<\/h2>\n<p>Esame pirmaujantis pakaitini\u0173 hidraulini\u0173 cilindr\u0173 gamintojas, si\u016blantis plat\u0173 gamini\u0173 asortiment\u0105, atitinkant\u012f vietin\u0117s ir tarptautin\u0117s rinkos poreikius. M\u016bs\u0173 \u012fsipareigojim\u0105 siekti meistri\u0161kumo palaiko patobulinta gamybos strategija, apimanti pa\u017eangias technologijas ir kvalifikuotus darbuotojus. Nuolat tobulindami savo gamybos paj\u0117gumus ir teikdami pirmenyb\u0119 kokyb\u0117s kontrolei, u\u017etikriname, kad m\u016bs\u0173 gaminiai atitikt\u0173 auk\u0161\u010diausius standartus. M\u016bs\u0173 patirtis apima profesionali\u0105 gamyb\u0105, tarptautin\u012f sertifikavim\u0105, individualias paslaugas, pa\u017eangi\u0105 gamybos \u012frang\u0105 ir i\u0161skirtin\u012f aptarnavim\u0105 po pardavimo, tod\u0117l galime efektyviai patenkinti \u012fvairius klient\u0173 poreikius.<\/p>\n<p><img decoding=\"async\" src=\"https:\/\/www.hydraulic-cylinders.net\/wp-content\/uploads\/2025\/04\/songte-company-4.webp\" alt=\"\u012emon\u0117s ap\u017evalga\"><br \/>\n<img decoding=\"async\" src=\"https:\/\/www.hydraulic-cylinders.net\/wp-content\/uploads\/2025\/04\/songte-company-3.webp\" alt=\"Gamybos \u012fmon\u0117\"><\/p>\n<p>Autorius: lyl<\/p>","protected":false},"excerpt":{"rendered":"<p>Boom Cylinder For Bonny CE2200-7 Product Overview The Boom Cylinder for Bonny CE2200-7 is an essential hydraulic component designed to control the movement of buckets in heavy machinery such as excavators, backhoe loaders, and front loaders. Bucket cylinders play a crucial role in facilitating tasks related to material handling by enabling the raising, lowering, and [&hellip;]<\/p>","protected":false},"featured_media":17871,"comment_status":"open","ping_status":"closed","template":"","meta":{"_et_pb_use_builder":"","_et_pb_old_content":"","_et_gb_content_width":""},"product_brand":[],"product_cat":[1546],"product_tag":[1547,1496],"class_list":{"0":"post-19653","1":"product","2":"type-product","3":"status-publish","4":"has-post-thumbnail","6":"product_cat-boom-cylinders","7":"product_tag-boom-cylinders","8":"product_tag-hydraulic-cylinders","10":"first","11":"instock","12":"shipping-taxable","13":"product-type-simple"},"amp_enabled":true,"_links":{"self":[{"href":"https:\/\/www.hydraulic-cylinders.net\/lt\/wp-json\/wp\/v2\/product\/19653","targetHints":{"allow":["GET"]}}],"collection":[{"href":"https:\/\/www.hydraulic-cylinders.net\/lt\/wp-json\/wp\/v2\/product"}],"about":[{"href":"https:\/\/www.hydraulic-cylinders.net\/lt\/wp-json\/wp\/v2\/types\/product"}],"replies":[{"embeddable":true,"href":"https:\/\/www.hydraulic-cylinders.net\/lt\/wp-json\/wp\/v2\/comments?post=19653"}],"wp:featuredmedia":[{"embeddable":true,"href":"https:\/\/www.hydraulic-cylinders.net\/lt\/wp-json\/wp\/v2\/media\/17871"}],"wp:attachment":[{"href":"https:\/\/www.hydraulic-cylinders.net\/lt\/wp-json\/wp\/v2\/media?parent=19653"}],"wp:term":[{"taxonomy":"product_brand","embeddable":true,"href":"https:\/\/www.hydraulic-cylinders.net\/lt\/wp-json\/wp\/v2\/product_brand?post=19653"},{"taxonomy":"product_cat","embeddable":true,"href":"https:\/\/www.hydraulic-cylinders.net\/lt\/wp-json\/wp\/v2\/product_cat?post=19653"},{"taxonomy":"product_tag","embeddable":true,"href":"https:\/\/www.hydraulic-cylinders.net\/lt\/wp-json\/wp\/v2\/product_tag?post=19653"}],"curies":[{"name":"wp","href":"https:\/\/api.w.org\/{rel}","templated":true}]}}