{"id":1966,"date":"2023-10-23T08:02:25","date_gmt":"2023-10-23T08:02:25","guid":{"rendered":"https:\/\/hydraulic-cylinders.net\/?post_type=product&#038;p=1966"},"modified":"2023-10-23T08:02:35","modified_gmt":"2023-10-23T08:02:35","slug":"v60n-series-axial-piston-variable-displacement-hydraulic-pump","status":"publish","type":"product","link":"https:\/\/www.hydraulic-cylinders.net\/lt\/produktas\/v60n-series-axial-piston-variable-displacement-hydraulic-pump\/","title":{"rendered":"V60N serijos a\u0161inis st\u016bmoklinis kintamo t\u016brio hidraulinis siurblys"},"content":{"rendered":"<h1 style=\"text-align: center;\"><strong>V60N serijos a\u0161inis st\u016bmoklinis kintamo t\u016brio hidraulinis siurblys<\/strong><\/h1>\n<p><img loading=\"lazy\" decoding=\"async\" class=\"aligncenter wp-image-1981\" src=\"https:\/\/hydraulic-cylinders.net\/wp-content\/uploads\/2023\/10\/v60n-series-axial-piston-variable-displacement-pump-1-300x300.webp\" alt=\"\" width=\"400\" height=\"400\" \/><\/p>\n<p>V60N serijos a\u0161inis st\u016bmoklinis kintamo t\u016brio hidraulinis siurblys yra i\u0161skirtin\u0117 inovacija, skirta padidinti hidraulini\u0173 sistem\u0173 na\u0161um\u0105 ir efektyvum\u0105. D\u0117l pa\u017eangiausi\u0173 funkcij\u0173, tikslaus valdymo ir tvirtos konstrukcijos \u0161is hidraulinis siurblys nustato naujus pramon\u0117s standartus.<\/p>\n<p>V60N serijos a\u0161inis st\u016bmoklinis kintamo t\u016brio hidraulinis siurblys i\u0161 esm\u0117s kei\u010dia hidraulini\u0173 sistem\u0173 pasaul\u012f. D\u0117l kintamo t\u016brio, didelio na\u0161umo ir universalios konstrukcijos u\u017etikrinamas tikslus valdymas, didesnis efektyvumas ir i\u0161skirtinis galios tiekimas. Laikantis rekomenduojam\u0173 naudojimo metod\u0173 ir reguliarios prie\u017ei\u016bros praktikos, v60n serijos siurblys ir toliau u\u017etikrins puik\u0173 na\u0161um\u0105, efektyvum\u0105 ir patikimum\u0105. Pasinaudokite V60N serijos a\u0161inio st\u016bmoklinio kintamo t\u016brio hidraulinio siurblio galia ir efektyvumu, kad i\u0161naudotum\u0117te vis\u0105 savo hidraulin\u0117s sistemos potencial\u0105.<\/p>\n<p>V60N serijos a\u0161inio st\u016bmoklinio kintamo t\u016brio hidraulinio siurblio pagrindin\u0117s charakteristikos:<\/p>\n<ol>\n<li>Kintamo t\u016brio galimyb\u0117: V60N serijos siurblys pasi\u017eymi pa\u017eangia kintamo t\u016brio technologija, leid\u017eian\u010dia jam reguliuoti na\u0161um\u0105 pagal sistemos poreikius. \u0160i funkcija u\u017etikrina optimal\u0173 energijos panaudojim\u0105, pagerina efektyvum\u0105 ir suma\u017eina energijos suvartojim\u0105.<\/li>\n<li>Didelis na\u0161umas ir galia: D\u0117l i\u0161skirtinio dizaino ir in\u017einerijos V60N serijos siurblys pasi\u017eymi i\u0161skirtiniu na\u0161umu ir galia. Jis veikia skland\u017eiai esant \u012fvairiam sl\u0117giui ir grei\u010diui, u\u017etikrindamas tiksl\u0173 valdym\u0105 ir efektyv\u0173 energijos tiekim\u0105, kad sistemos veikimas b\u016bt\u0173 puikus.<\/li>\n<li>Universalus dizainas \u012fvairioms reikm\u0117ms: V60N serijos siurblys sukurtas taip, kad b\u016bt\u0173 pritaikytas \u012fvairioms hidraulin\u0117ms sistemoms ir pritaikymams. Jis si\u016blo universalius montavimo variantus, suderinamum\u0105 su skys\u010diais ir valdymo metodus, tod\u0117l tinka \u012fvairioms pramon\u0117s \u0161akoms ir ma\u0161inoms.<\/li>\n<li>Padidintas efektyvumas esant bet kokiai apkrovai: V60N serijos siurblio kintamo t\u016brio funkcija u\u017etikrina efektyvum\u0105 esant \u012fvairioms apkrovoms. Ji suma\u017eina energijos nuostolius ir na\u0161um\u0105 net ir esant skirtingoms darbo s\u0105lygoms, automati\u0161kai reguliuodama na\u0161um\u0105 pagal sistemos reikalavimus.<\/li>\n<\/ol>\n<h2><strong>V60N serijos a\u0161inio st\u016bmoklio kintamo t\u016brio hidraulinio siurblio parametras:<\/strong><\/h2>\n<table class=\"table table-bordered table-hover table-colored\">\n<tbody>\n<tr class=\"firstRow\">\n<td colspan=\"1\" rowspan=\"2\" align=\"center\" valign=\"middle\">Dydis<\/td>\n<td rowspan=\"2\" align=\"center\" valign=\"middle\">Darbinis t\u016bris cm\u00b3\/aps.<\/td>\n<td colspan=\"2\" rowspan=\"1\" align=\"center\" valign=\"middle\">Sl\u0117gio baras<\/td>\n<td colspan=\"2\" rowspan=\"1\" align=\"center\" valign=\"middle\">Sukimosi greitis aps.\/min.<\/td>\n<\/tr>\n<tr>\n<td align=\"center\" valign=\"middle\">\u012evertintas<\/td>\n<td align=\"center\" valign=\"middle\">Piko<\/td>\n<td align=\"center\" valign=\"middle\">Maksimalus savaiminio u\u017epildymo lygis<sup>*1<\/sup><\/td>\n<td align=\"center\" valign=\"middle\">Maks.<sup>*2<\/sup><\/td>\n<\/tr>\n<tr>\n<td align=\"center\" valign=\"middle\">\u00a0V60N60<\/td>\n<td align=\"center\" valign=\"middle\">60<\/td>\n<td align=\"center\" valign=\"middle\">350<\/td>\n<td align=\"center\" valign=\"middle\">400<\/td>\n<td align=\"center\" valign=\"middle\">2500<\/td>\n<td align=\"center\" valign=\"middle\">2500<\/td>\n<\/tr>\n<tr>\n<td align=\"center\" valign=\"middle\">\u00a0V60N90<\/td>\n<td align=\"center\" valign=\"middle\">90<\/td>\n<td align=\"center\" valign=\"middle\">350<\/td>\n<td align=\"center\" valign=\"middle\">400<\/td>\n<td align=\"center\" valign=\"middle\">2300<\/td>\n<td align=\"center\" valign=\"middle\">2300<\/td>\n<\/tr>\n<tr>\n<td align=\"center\" valign=\"middle\">\u00a0V60N110<\/td>\n<td align=\"center\" valign=\"middle\">110<\/td>\n<td align=\"center\" valign=\"middle\">350<\/td>\n<td align=\"center\" valign=\"middle\">400<\/td>\n<td align=\"center\" valign=\"middle\">2200<\/td>\n<td align=\"center\" valign=\"middle\">2200<\/td>\n<\/tr>\n<tr>\n<td align=\"center\" valign=\"middle\">\u00a0V60N130<\/td>\n<td align=\"center\" valign=\"middle\">130<\/td>\n<td align=\"center\" valign=\"middle\">400<\/td>\n<td align=\"center\" valign=\"middle\">450<\/td>\n<td align=\"center\" valign=\"middle\">2100<\/td>\n<td align=\"center\" valign=\"middle\">2100<\/td>\n<\/tr>\n<\/tbody>\n<\/table>\n<h2><strong>V60N serijos a\u0161inio st\u016bmoklinio kintamo t\u016brio hidraulinio siurblio privalumai:<\/strong><\/h2>\n<p>\u2022 Naudojama atviros grandin\u0117s hidraulin\u0117se sistemose<br \/>\n\u2022 Galimas alyvos siurbimas su padidinto siurbimo re\u017eimu<br \/>\n\u2022 Didelis sukimosi greitis<br \/>\n\u2022 Didelis nominalus sl\u0117gis<br \/>\n\u2022 Kompakti\u0161ka konstrukcija, lengvas montavimas<br \/>\n\u2022 U\u017etikrinkite pakankam\u0105 sukimo moment\u0105 galiniam siurbliui, kai reikia naudoti tandemin\u012f siurbl\u012f<\/p>\n<h2><strong>V60N serijos a\u0161inis st\u016bmoklinis kintamo t\u016brio hidraulinis siurblys <\/strong><strong>Taikymas:<\/strong><\/h2>\n<p><img loading=\"lazy\" decoding=\"async\" class=\"alignnone wp-image-1983 size-full\" src=\"https:\/\/hydraulic-cylinders.net\/wp-content\/uploads\/2023\/10\/v60n-series-axial-piston-variable-displacement-pump-2.jpg\" alt=\"\" width=\"1146\" height=\"216\" srcset=\"https:\/\/hydraulic-cylinders.net\/wp-content\/uploads\/2023\/10\/v60n-series-axial-piston-variable-displacement-pump-2.jpg 1146w, https:\/\/hydraulic-cylinders.net\/wp-content\/uploads\/2023\/10\/v60n-series-axial-piston-variable-displacement-pump-2-980x185.jpg 980w, https:\/\/hydraulic-cylinders.net\/wp-content\/uploads\/2023\/10\/v60n-series-axial-piston-variable-displacement-pump-2-480x90.jpg 480w\" sizes=\"(min-width: 0px) and (max-width: 480px) 480px, (min-width: 481px) and (max-width: 980px) 980px, (min-width: 981px) 1146px, 100vw\" \/><\/p>\n<h2><strong>V60N serijos a\u0161inio st\u016bmoklinio kintamo t\u016brio hidraulinio siurblio naudojimo metodas<\/strong><strong>:<\/strong><\/h2>\n<ul>\n<li><strong>Diegimas ir integravimas:<\/strong> Hidraulin\u0117je sistemoje pasirinkite tinkam\u0105 viet\u0105 V60N serijos a\u0161inio st\u016bmoklio kintamo t\u016brio hidrauliniam siurbliui sumontuoti. \u012esitikinkite, kad siurblys yra tinkamai sulygiuotas, ir tvirtai pritvirtinkite j\u012f naudodami tinkamus laikiklius arba priedus. Prijunkite siurbl\u012f prie hidraulin\u0117s sistemos naudodami suderinamas jungtis ir \u017earnas, u\u017etikrindami, kad jungtys b\u016bt\u0173 be nuot\u0117kio.<\/li>\n<li><strong>Skys\u010di\u0173 suderinamumas:<\/strong> Patikrinkite, ar sistemoje naudojamas hidraulinis skystis suderinamas su V60N serijos siurbliu. Rekomenduojamo skys\u010dio tipo, klampumo ir temperat\u016bros diapazono ie\u0161kokite gamintojo rekomendacijose. Reguliariai steb\u0117kite ir pri\u017ei\u016br\u0117kite hidraulin\u012f skyst\u012f, kad u\u017etikrintum\u0117te optimal\u0173 siurblio veikim\u0105 ir ilgaam\u017ei\u0161kum\u0105.<\/li>\n<li><strong>Valdymas ir reguliavimas:<\/strong> Susipa\u017einkite su V60N serijos siurblio valdymo parinktimis. Priklausomai nuo konkretaus modelio, jis gali pasi\u016blyti \u012fvairius valdymo metodus, pvz., rankin\u012f, proporcin\u012f arba elektronin\u012f valdym\u0105. Supraskite rekomenduojamus valdymo nustatymus ir atitinkamai juos pakoreguokite, kad optimizuotum\u0117te siurblio na\u0161um\u0105.<\/li>\n<li><strong>Sistemos optimizavimas:<\/strong> V60N serijos siurblys leid\u017eia optimizuoti sistem\u0105, reguliuojant siurblio t\u016br\u012f pagal apkrovos reikalavimus. Pasinaudokite \u0161ia funkcija, kad padidintum\u0117te energijos vartojimo efektyvum\u0105 ir bendr\u0105 sistemos na\u0161um\u0105.<\/li>\n<\/ul>\n<h2><strong>Kaip pakeisti hidraulini\u0173 cilindr\u0173 sandariklius?<\/strong><\/h2>\n<p>Hidraulini\u0173 cilindr\u0173 sandarikli\u0173 keitimas yra svarbi prie\u017ei\u016bros u\u017eduotis, u\u017etikrinanti tinkam\u0105 hidraulini\u0173 sistem\u0173 veikim\u0105. \u010cia pateikiamas nuoseklus vadovas, kaip pakeisti hidraulini\u0173 cilindr\u0173 sandariklius:<\/p>\n<ol>\n<li><strong>Paruo\u0161imas:<\/strong>\n<ul>\n<li>Surinkite reikiamus \u012frankius ir \u012frang\u0105, \u012fskaitant sandarikli\u0173 rinkin\u012f, hidraulin\u0119 alyv\u0105, apsauginius akinius, pir\u0161tines ir \u0161vari\u0105 darbo viet\u0105.<\/li>\n<li>\u012esitikinkite, kad hidraulin\u0117je sistemoje n\u0117ra sl\u0117gio. Laikykit\u0117s gamintojo nurodym\u0173, kaip tinkamai suma\u017einti sl\u0117g\u012f ir atlikti blokavimo \/ \u017eym\u0117jimo proced\u016bras.<\/li>\n<\/ul>\n<\/li>\n<li><strong>Nuimkite cilindr\u0105:<\/strong>\n<ul>\n<li>Atjunkite visas prie cilindro prijungtas hidraulines \u017earnas ar jungiam\u0105sias detales.<\/li>\n<li>Nuimkite tvirtinimo var\u017etus arba kai\u0161\u010dius, kurie laiko cilindr\u0105 vietoje.<\/li>\n<li>Atsargiai i\u0161traukite cilindr\u0105 i\u0161 jo korpuso arba tvirtinimo vietos.<\/li>\n<\/ul>\n<\/li>\n<li><strong>I\u0161ardykite cilindr\u0105:<\/strong>\n<ul>\n<li>Pad\u0117kite cilindr\u0105 ant \u0161varaus darbinio pavir\u0161iaus ir nuimkite visus i\u0161orinius komponentus, pvz., stryp\u0173 apsaugas ar valytuvus.<\/li>\n<li>Atsargiai i\u0161ardykite cilindr\u0105, nuimdami galin\u012f dangtel\u012f arba liauk\u0105 nuo cilindro korpuso arba vamzd\u017eio. Nor\u0117dami atlaisvinti ir nuimti tvirtinimo var\u017etus arba ver\u017eles, naudokite tinkamus \u012frankius, pvz., ver\u017eliarak\u010dius arba raktus.<\/li>\n<li>Nu\u0117mus galin\u012f dangtel\u012f arba liauk\u0105, bus galima pasiekti st\u016bmokl\u012f, kot\u0105 ir sandariklius.<\/li>\n<\/ul>\n<\/li>\n<li><strong>Nuimkite senus sandariklius:<\/strong>\n<ul>\n<li>Patikrinkite st\u016bmokl\u012f, kot\u0105 ir cilindro korpus\u0105, ar n\u0117ra koki\u0173 nors pa\u017eeidim\u0173 ar susid\u0117v\u0117jimo po\u017eymi\u0173.<\/li>\n<li>Atsargiai nuimkite senus sandariklius, naudodami sandarikli\u0173 \u0161alinimo \u012frankius arba kirtiklius. Atkreipkite d\u0117mes\u012f \u012f sandarikli\u0173 i\u0161d\u0117stym\u0105 ir orientacij\u0105, kad tinkamai sumontuotum\u0117te naujus sandariklius.<\/li>\n<\/ul>\n<\/li>\n<li><strong>Valymas ir paruo\u0161imas:<\/strong>\n<ul>\n<li>Kruop\u0161\u010diai nuvalykite cilindro komponentus tinkamu tirpikliu, kad pa\u0161alintum\u0117te ne\u0161varumus, \u0161iuk\u0161les ir sen\u0173 sandarikli\u0173 liku\u010dius. Prie\u0161 t\u0119sdami \u012fsitikinkite, kad visi pavir\u0161iai yra \u0161var\u016bs ir sausi.<\/li>\n<\/ul>\n<\/li>\n<li><strong>\u012ediekite naujus sandariklius:<\/strong>\n<ul>\n<li>Tinkamo sandariklio montavimo instrukcijos pateiktos gamintojo instrukcijose ir sandarikli\u0173 rinkinyje. Naujus sandariklius sutepkite hidrauline alyva arba rekomenduojamu sandarikli\u0173 tepalu.<\/li>\n<li>Atsargiai u\u017ed\u0117kite naujus sandariklius ant st\u016bmoklio, koto ir cilindro korpuso, u\u017etikrindami, kad jie b\u016bt\u0173 tinkamai \u012fstatyti ir sulygiuoti pagal sandarikli\u0173 i\u0161d\u0117stym\u0105 ir orientacij\u0105.<\/li>\n<\/ul>\n<\/li>\n<li><strong>Surinkite cilindr\u0105 i\u0161 naujo:<\/strong>\n<ul>\n<li>Surinkite cilindr\u0105 atvirk\u0161tine i\u0161ardymo tvarka. Pirmiausia pritvirtinkite galin\u012f dangtel\u012f arba liauk\u0105 prie cilindro korpuso arba vamzd\u017eio ir priver\u017ekite tvirtinimo var\u017etus arba ver\u017eles iki nurodyto sukimo momento.<\/li>\n<li>\u012esitikinkite, kad visi komponentai, \u012fskaitant sandariklius, yra tinkamai sulygiuoti ir idealiai i\u0161d\u0117styti.<\/li>\n<li>Pritvirtinkite visus i\u0161orinius komponentus, pvz., stryp\u0173 apsaugas ar valytuvus.<\/li>\n<\/ul>\n<\/li>\n<li><strong>Cilindro \u012frengimas:<\/strong>\n<ul>\n<li>Atsargiai \u012fd\u0117kite surinkt\u0105 cilindr\u0105 atgal \u012f korpus\u0105 arba tvirtinimo viet\u0105.<\/li>\n<li>Pritvirtinkite cilindr\u0105, v\u0117l \u012fd\u0117dami tvirtinimo var\u017etus arba kai\u0161\u010dius ir priver\u017edami juos iki nurodyto sukimo momento.<\/li>\n<li>Prijunkite visas hidraulines \u017earnas ar jungiam\u0105sias detales prie cilindro, u\u017etikrindami tinkam\u0105 priver\u017eim\u0105 ir sulygiavim\u0105.<\/li>\n<\/ul>\n<\/li>\n<li><strong>Patikrinkite ir patikrinkite, ar n\u0117ra nuot\u0117ki\u0173:<\/strong>\n<ul>\n<li>Pripildykite hidraulin\u0119 sistem\u0105 rekomenduojamos hidraulin\u0117s alyvos iki reikiamo lygio.<\/li>\n<li>L\u0117tai padidinkite sistemos sl\u0117g\u012f ir patikrinkite, ar aplink naujai pakeistas tarpines n\u0117ra nuot\u0117ki\u0173.<\/li>\n<li>Kad u\u017etikrintum\u0117te tinkam\u0105 sandariklio veikim\u0105 ir sistemos veikim\u0105, hidraulin\u0119 sistem\u0105 judinkite visu jos judesi\u0173 diapazonu.<\/li>\n<\/ul>\n<\/li>\n<\/ol>\n<h2><strong>Gamyklos paj\u0117gumai ir talpa:<\/strong><\/h2>\n<h3>(1) Surinkimas<\/h3>\n<p>Turime pirmos klas\u0117s nepriklausom\u0105 tyrim\u0173 ir pl\u0117tros surinkimo platform\u0105. Hidraulini\u0173 cilindr\u0173 gamybos ceche yra keturios pusiau automatin\u0117s k\u0117limo cilindr\u0173 surinkimo linijos ir viena automatin\u0117 pakreipimo cilindr\u0173 surinkimo linija, kuri\u0173 projektinis metinis gamybos paj\u0117gumas yra 1 milijonas vienet\u0173. Speciali\u0173j\u0173 cilindr\u0173 ceche \u012frengta \u012fvairi\u0173 specifikacij\u0173 pusiau automatin\u0117 valymo surinkimo sistema, kurios projektinis metinis gamybos paj\u0117gumas yra 200 000 vienet\u0173, ir garsi CNC apdirbimo \u012franga, apdirbimo centras, didelio tikslumo cilindr\u0173 apdirbimo speciali \u012franga, robotinis suvirinimo aparatas, automatinis valymo aparatas, automatinis cilindr\u0173 surinkimo aparatas ir automatin\u0117 da\u017eymo gamybos linija. Esama daugiau nei 300 rinkini\u0173 (komplekt\u0173) kritin\u0117 \u012franga. Optimalus \u012frangos i\u0161tekli\u0173 paskirstymas ir efektyvus naudojimas u\u017etikrina gamini\u0173 tikslumo reikalavimus ir auk\u0161tus gamini\u0173 kokyb\u0117s poreikius.<\/p>\n<p><img loading=\"lazy\" decoding=\"async\" class=\"alignnone wp-image-626\" src=\"https:\/\/hydraulic-cylinders.net\/wp-content\/uploads\/2023\/08\/hydraulic-cylinder-product-1-300x158.webp\" alt=\"\" width=\"495\" height=\"260\" srcset=\"https:\/\/hydraulic-cylinders.net\/wp-content\/uploads\/2023\/08\/hydraulic-cylinder-product-1-300x158.webp 495w, https:\/\/hydraulic-cylinders.net\/wp-content\/uploads\/2023\/08\/hydraulic-cylinder-product-1-480x252.webp 480w\" sizes=\"(min-width: 0px) and (max-width: 480px) 480px, (min-width: 481px) 495px, 100vw\" \/> <img loading=\"lazy\" decoding=\"async\" class=\"alignnone wp-image-627\" src=\"https:\/\/hydraulic-cylinders.net\/wp-content\/uploads\/2023\/08\/hydraulic-cylinder-product-2-300x189.webp\" alt=\"\" width=\"413\" height=\"260\" \/><\/p>\n<h3>(2) Apdirbimas<\/h3>\n<p>Mechaninio apdirbimo ceche \u012frengtas pritaikytas nuo\u017eulnaus b\u0117gio tekinimo centras, apdirbimo centras, greitaeigis galandimo stakl\u0117s, suvirinimo robotas ir kita susijusi \u012franga, galinti apdirbti cilindrinius vamzd\u017eius, kuri\u0173 maksimalus vidinis skersmuo yra 400 mm, o maksimalus ilgis \u2013 6 metrai.<\/p>\n<p><img loading=\"lazy\" decoding=\"async\" class=\"alignnone wp-image-628 size-large\" src=\"https:\/\/hydraulic-cylinders.net\/wp-content\/uploads\/2023\/08\/hydraulic-cylinder-product-3-1024x391.webp\" alt=\"\" width=\"1024\" height=\"391\" srcset=\"https:\/\/hydraulic-cylinders.net\/wp-content\/uploads\/2023\/08\/hydraulic-cylinder-product-3-980x374.webp 980w, https:\/\/hydraulic-cylinders.net\/wp-content\/uploads\/2023\/08\/hydraulic-cylinder-product-3-480x183.webp 480w\" sizes=\"(min-width: 0px) and (max-width: 480px) 480px, (min-width: 481px) and (max-width: 980px) 980px, (min-width: 981px) 1024px, 100vw\" \/><\/p>\n<h3>(3) Suvirinimas<\/h3>\n<p><img loading=\"lazy\" decoding=\"async\" class=\"alignnone wp-image-629 size-large\" src=\"https:\/\/hydraulic-cylinders.net\/wp-content\/uploads\/2023\/08\/hydraulic-cylinder-product-4-1024x510.webp\" alt=\"\" width=\"1024\" height=\"510\" srcset=\"https:\/\/hydraulic-cylinders.net\/wp-content\/uploads\/2023\/08\/hydraulic-cylinder-product-4-980x488.webp 980w, https:\/\/hydraulic-cylinders.net\/wp-content\/uploads\/2023\/08\/hydraulic-cylinder-product-4-480x239.webp 480w\" sizes=\"(min-width: 0px) and (max-width: 480px) 480px, (min-width: 481px) and (max-width: 980px) 980px, (min-width: 981px) 1024px, 100vw\" \/><\/p>\n<h3>(4) Da\u017eymas ir dengimas<\/h3>\n<p>Su ma\u017eomis ir vidutinio dyd\u017eio cilindrin\u0117mis automatin\u0117mis vandens pagrindo da\u017e\u0173 dengimo linijomis, siekiant automatinio robot\u0173 pakrovimo ir i\u0161krovimo bei automatinio pur\u0161kimo, projektinis paj\u0117gumas yra 4000 vienet\u0173 per pamain\u0105;<br \/>\nTaip pat turime pusiau automatin\u0119 dideli\u0173 cilindr\u0173 da\u017e\u0173 gamybos linij\u0105, varom\u0105 grandin\u0117s, kurios projektinis na\u0161umas yra 60 d\u0117\u017ei\u0173 per pamain\u0105.<\/p>\n<p><img loading=\"lazy\" decoding=\"async\" class=\"alignnone wp-image-630\" src=\"https:\/\/hydraulic-cylinders.net\/wp-content\/uploads\/2023\/08\/hydraulic-cylinder-product-5-300x213.webp\" alt=\"\" width=\"366\" height=\"260\" \/> <img loading=\"lazy\" decoding=\"async\" class=\"alignnone wp-image-631\" src=\"https:\/\/hydraulic-cylinders.net\/wp-content\/uploads\/2023\/08\/hydraulic-cylinder-product-6-300x225.webp\" alt=\"\" width=\"347\" height=\"260\" \/><\/p>\n<h3>(5) Testavimas<\/h3>\n<p>Turime auk\u0161\u010diausios klas\u0117s patikros patalpas ir bandym\u0173 stendus, kad u\u017etikrintume, jog baliono veikimas atitinka reikalavimus.<\/p>\n<p><img loading=\"lazy\" decoding=\"async\" class=\"alignnone wp-image-632\" src=\"https:\/\/hydraulic-cylinders.net\/wp-content\/uploads\/2023\/08\/hydraulic-cylinder-product-8-300x200.webp\" alt=\"\" width=\"389\" height=\"260\" \/><\/p>\n<p>&nbsp;<\/p>\n<p>&nbsp;<\/p>\n<p>Esame vienas geriausi\u0173 hidraulini\u0173 cilindr\u0173 gamintoj\u0173. Galime pasi\u016blyti i\u0161samius hidraulinius cilindrus. Taip pat teikiame atitinkamus <a href=\"https:\/\/hzpt.com\/agricultural-pto-gearbox\/\" target=\"_blank\" rel=\"noopener\">\u017eem\u0117s \u016bkio pavar\u0173 d\u0117\u017e\u0117s<\/a>Mes eksportuojame savo gaminius klientams visame pasaulyje ir peln\u0117me ger\u0105 reputacij\u0105 d\u0117l auk\u0161\u010diausios gamini\u0173 kokyb\u0117s ir aptarnavimo po pardavimo. Mes laukiame klient\u0173 \u0161alyje ir u\u017esienyje, norin\u010di\u0173 susisiekti su mumis der\u0117tis d\u0117l verslo, keistis informacija ir... <a href=\"https:\/\/www.hydraulic-cylinders.net\/lt\/contact-us\/\">bendradarbiauti su mumis<\/a>!<\/p>\n<p>&nbsp;<\/p>","protected":false},"excerpt":{"rendered":"<p>V60N Series Axial Piston Variable Displacement Hydraulic Pump The V60N series axial piston variable displacement hydraulic pump is a remarkable innovation designed to elevate the performance and efficiency of hydraulic systems. With its cutting-edge features, precise control, and robust construction, this hydraulic pump sets new benchmarks in the industry. The V60N series axial piston variable [&hellip;]<\/p>","protected":false},"featured_media":1982,"comment_status":"open","ping_status":"closed","template":"","meta":{"_et_pb_use_builder":"","_et_pb_old_content":"","_et_gb_content_width":""},"product_brand":[],"product_cat":[1425],"product_tag":[1426],"class_list":{"0":"post-1966","1":"product","2":"type-product","3":"status-publish","4":"has-post-thumbnail","6":"product_cat-piston-pump","7":"product_tag-hydraulic-pump","9":"first","10":"instock","11":"shipping-taxable","12":"product-type-simple"},"amp_enabled":true,"_links":{"self":[{"href":"https:\/\/www.hydraulic-cylinders.net\/lt\/wp-json\/wp\/v2\/product\/1966","targetHints":{"allow":["GET"]}}],"collection":[{"href":"https:\/\/www.hydraulic-cylinders.net\/lt\/wp-json\/wp\/v2\/product"}],"about":[{"href":"https:\/\/www.hydraulic-cylinders.net\/lt\/wp-json\/wp\/v2\/types\/product"}],"replies":[{"embeddable":true,"href":"https:\/\/www.hydraulic-cylinders.net\/lt\/wp-json\/wp\/v2\/comments?post=1966"}],"wp:featuredmedia":[{"embeddable":true,"href":"https:\/\/www.hydraulic-cylinders.net\/lt\/wp-json\/wp\/v2\/media\/1982"}],"wp:attachment":[{"href":"https:\/\/www.hydraulic-cylinders.net\/lt\/wp-json\/wp\/v2\/media?parent=1966"}],"wp:term":[{"taxonomy":"product_brand","embeddable":true,"href":"https:\/\/www.hydraulic-cylinders.net\/lt\/wp-json\/wp\/v2\/product_brand?post=1966"},{"taxonomy":"product_cat","embeddable":true,"href":"https:\/\/www.hydraulic-cylinders.net\/lt\/wp-json\/wp\/v2\/product_cat?post=1966"},{"taxonomy":"product_tag","embeddable":true,"href":"https:\/\/www.hydraulic-cylinders.net\/lt\/wp-json\/wp\/v2\/product_tag?post=1966"}],"curies":[{"name":"wp","href":"https:\/\/api.w.org\/{rel}","templated":true}]}}