{"id":19660,"date":"2025-04-07T07:00:16","date_gmt":"2025-04-07T07:00:16","guid":{"rendered":"https:\/\/www.hydraulic-cylinders.net\/product\/boom-cylinder-for-bonny-ce1250-7\/"},"modified":"2025-04-07T07:00:19","modified_gmt":"2025-04-07T07:00:19","slug":"boom-cylinder-for-bonny-ce1250-7","status":"publish","type":"product","link":"https:\/\/www.hydraulic-cylinders.net\/lt\/produktas\/boom-cylinder-for-bonny-ce1250-7\/","title":{"rendered":"Str\u0117l\u0117s cilindras, skirtas Bonny CE1250-7"},"content":{"rendered":"<h1>Str\u0117l\u0117s cilindras, skirtas Bonny CE1250-7<\/h1>\n<h2>Produkto ap\u017evalga<\/h2>\n<p>\u201eBonny CE1250-7\u201c str\u0117l\u0117s cilindras yra labai svarbus hidraulini\u0173 sistem\u0173 komponentas, ypa\u010d sunkiosiose ma\u0161inose. \u0160ie hidrauliniai cilindrai yra specialiai sukurti valdyti \u012fvairi\u0173 sunkiosios technikos kau\u0161\u0173, toki\u0173 kaip ekskavatoriai, ekskavatoriai ir frontaliniai krautuvai, jud\u0117jim\u0105. Jie leid\u017eia kau\u0161ui pakilti, nuleisti ir pakreipti, taip palengvinant efektyv\u0173 med\u017eiag\u0173 tvarkym\u0105. Str\u0117l\u0117s cilindras atlieka gyvybi\u0161kai svarb\u0173 vaidmen\u012f \u0161i\u0173 ma\u0161in\u0173 veikime, u\u017etikrindamas, kad jos gal\u0117t\u0173 skland\u017eiai ir efektyviai atlikti savo operacijas.<\/p>\n<p><img decoding=\"async\" src=\"https:\/\/www.hydraulic-cylinders.net\/wp-content\/uploads\/2025\/04\/songte-company-1.webp\" alt=\"Str\u0117l\u0117s cilindras\" \/><\/p>\n<h3>Apibr\u0117\u017eimas ir vaidmuo hidraulin\u0117se sistemose<\/h3>\n<p>Str\u0117l\u0117s cilindras yra hidraulinio cilindro tipas, daugiausia naudojamas sunkiosios technikos str\u0117l\u0117s svirties kampui ir pad\u0117\u010diai valdyti. Jis veikia hidraulinio sl\u0117gio principu, kuris leid\u017eia skland\u017eiai ir tiksliai jud\u0117ti. Hidrauliniai cilindrai, tokie kaip \u201eBonny CE1250-7\u201c str\u0117l\u0117s cilindras, yra b\u016btini atliekant \u012fvairias u\u017eduotis, tokias kaip kasimas, k\u0117limas ir med\u017eiag\u0173 transportavimas. \u0160i funkcija yra labai svarbi statybose, kasyboje ir \u017eem\u0117s \u016bkio darbuose, kur reikalingas sunkus k\u0117limas ir tikslus manevringumas.<\/p>\n<h2>Str\u0117l\u0117s cilindro savyb\u0117s<\/h2>\n<ul>\n<li><strong>Didelis stiprumas ir ilgaam\u017ei\u0161kumas:<\/strong> Pagaminti i\u0161 didelio stiprumo plieno arba aliuminio, \u0161ie cilindrai gali atlaikyti auk\u0161t\u0105 sl\u0117g\u012f ir dideles apkrovas, tod\u0117l tinkami naudoti at\u0161iauriomis darbo s\u0105lygomis.<\/li>\n<li><strong>Efektyvus hidraulinis valdymas:<\/strong> Hidraulin\u0117s alyvos sl\u0117gio panaudojimas leid\u017eia skland\u017eiai i\u0161skleisti ir atitraukti konstrukcij\u0105, u\u017etikrinant galingas st\u016bmimo ir traukimo galimybes sunkioms ir sud\u0117tingoms u\u017eduotims atlikti.<\/li>\n<li><strong>\u012evair\u016bs tipai:<\/strong> Galimi variantai: vienpusio veikimo (veikiantys viena kryptimi) ir dvipusio veikimo cilindrai (veikiantys abiem kryptimis), tod\u0117l galima pritaikyti pagal eksploatacinius poreikius.<\/li>\n<li><strong>Kompakti\u0161kas dizainas:<\/strong> Kai kurie modeliai naudoja teleskopin\u0119 konstrukcij\u0105, kad b\u016bt\u0173 galima labiau i\u0161tiesti nepadidinant i\u0161orini\u0173 matmen\u0173, tod\u0117l idealiai tinka u\u017edaroms erdv\u0117ms.<\/li>\n<li><strong>Nereikalingas prie\u017ei\u016brai:<\/strong> Sukurti atsi\u017evelgiant \u012f prieinamum\u0105, jie palengvina prie\u017ei\u016br\u0105 ir aptarnavim\u0105.<\/li>\n<\/ul>\n<h2>Str\u0117l\u0117s cilindro pritaikymas<\/h2>\n<h3>Statybin\u0117 \u012franga<\/h3>\n<p>Ekskavatoriuose str\u0117l\u0117s cilindrai yra labai svarb\u016bs kasant, kraunant ir perkeliant \u017eem\u0119 ar \u0161iuk\u0161les. D\u0117l savo geb\u0117jimo u\u017etikrinti didel\u0119 keliam\u0105j\u0105 gali\u0105 operatoriai gali atlikti u\u017eduotis, kurioms reikia didel\u0117s j\u0117gos, tod\u0117l jie yra nepakei\u010diami statybviet\u0117se.<\/p>\n<h3>\u017dem\u0117s \u016bkio technika<\/h3>\n<p>Priekiniai krautuvai naudoja str\u0117l\u0117s cilindrus dirvo\u017eemiui, \u0161ienui ir kitoms med\u017eiagoms semti, kelti ir transportuoti. \u0160i funkcija padidina \u016bkininkavimo veiklos efektyvum\u0105, leid\u017eia grei\u010diau atlikti u\u017eduotis ir geriau valdyti i\u0161teklius.<\/p>\n<h3>Ekskavatoriai<\/h3>\n<p>Str\u0117l\u0117s cilindro vaidmuo ekskavatoriuose apima ir \u012fsiskverbim\u0105 \u012f grunt\u0105, kad b\u016bt\u0173 galima efektyviai kasti. Jo konstrukcija u\u017etikrina, kad kau\u0161as gal\u0117t\u0173 pritaikyti reikiam\u0105 j\u0117g\u0105 gruntui ardyti, taip padidinant bendr\u0105 ma\u0161inos na\u0161um\u0105.<\/p>\n<h3>Krautuvai<\/h3>\n<p>Priekiniuose krautuvuose str\u0117l\u0117s cilindrai padeda efektyviai kelti ir i\u0161krauti med\u017eiagas. J\u0173 patikimas veikimas u\u017etikrina greit\u0105 pakrovimo ir i\u0161krovimo darb\u0173 atlikim\u0105, o tai labai svarbu norint i\u0161laikyti darbo eig\u0105 darbo vietose.<\/p>\n<h2>Projektavimo aspektai ir atrankos kriterijai<\/h2>\n<h3>Keliamoji galia<\/h3>\n<p>Renkantis str\u0117l\u0117s cilindr\u0105, labai svarbu \u012fvertinti jo keliam\u0105j\u0105 gali\u0105. B\u016btina u\u017etikrinti, kad cilindras atlaikyt\u0173 did\u017eiausi\u0105 numatom\u0105 apkrov\u0105 eksploatacijos metu. Nepakankamos keliamosios galios cilindras gali sukelti gedim\u0105, kelti pavoj\u0173 saugai ir sugadinti \u012frang\u0105.<\/p>\n<h3>Sandarinimo efektyvumas<\/h3>\n<p>Efektyvus sandarinimas yra gyvybi\u0161kai svarbus norint palaikyti hidraulin\u012f sl\u0117g\u012f ir i\u0161vengti skys\u010di\u0173 nuot\u0117kio. Auk\u0161tos kokyb\u0117s sandarikliai ne tik pagerina na\u0161um\u0105, bet ir pailgina cilindro tarnavimo laik\u0105. Reguliarus sandarikli\u0173 patikrinimas gali pad\u0117ti i\u0161vengti brangaus remonto ir u\u017etikrinti optimal\u0173 veikim\u0105.<\/p>\n<h3>Patvarumas<\/h3>\n<p>Patvarumas yra pagrindinis aspektas, ypa\u010d at\u0161iauriomis s\u0105lygomis. Str\u0117l\u0117s cilindro konstrukcijoje naudojamos med\u017eiagos turi b\u016bti atsparios dilimui, korozijai ir aplinkos veiksniams. Tai u\u017etikrina ilgaam\u017ei\u0161kum\u0105 ir patikimum\u0105.<\/p>\n<h3>Saugos funkcijos<\/h3>\n<p>Niekada nereik\u0117t\u0173 pamir\u0161ti saugos funkcij\u0173. Balionuose turi b\u016bti mechanizmai, skirti nenumatytiems kroviniams valdyti ir galimiems nelaimingiems atsitikimams i\u0161vengti. Tai apima sl\u0117gio ma\u017einimo vo\u017etuvus ir gedim\u0173 prevencijos konstrukcijas, siekiant u\u017etikrinti saug\u0173 \u012frangos veikim\u0105 bet kokiomis s\u0105lygomis.<\/p>\n<h3>Prie\u017ei\u016bra<\/h3>\n<p>Labai svarbu, kad konstrukcijos u\u017etikrint\u0173 lengv\u0105 prieig\u0105 techninei prie\u017ei\u016brai. Lengvai pri\u017ei\u016brimas hidraulinis cilindras pareikalaus ma\u017eiau prastov\u0173 ir j\u012f bus galima efektyviau aptarnauti, taip u\u017etikrinant pastov\u0173 veikim\u0105 ir suma\u017einant ilgalaikes i\u0161laidas.<\/p>\n<p><img decoding=\"async\" src=\"https:\/\/www.hydraulic-cylinders.net\/wp-content\/uploads\/2025\/04\/songte-oil-pipes-and-spare-parts.webp\" alt=\"Hidrauliniai komponentai\" \/><\/p>\n<h2>Sandarinimas ir tepimas<\/h2>\n<p>Efektyvus sandarinimas ir tepimas yra labai svarb\u016bs str\u0117l\u0117s cilindr\u0173 veikimui. Hidrauliniam sl\u0117giui palaikyti ir skys\u010dio praradimui i\u0161vengti naudojami \u012fvair\u016bs sandarikliai, \u012fskaitant st\u016bmokli\u0173 ir stryp\u0173 sandariklius. D\u0117l savo atsparumo dilimui da\u017eniausiai naudojamos tokios med\u017eiagos kaip poliuretanas ir nitrilo kau\u010diukas.<\/p>\n<p>Cilindro korpusas ir srieginiai galiniai pavir\u0161iai yra kruop\u0161\u010diai apdirbami, siekiant padidinti atsparum\u0105 dilimui ir pailginti cilindro tarnavimo laik\u0105. Svarbu reguliariai papildyti hidraulin\u0119 alyv\u0105, kad b\u016bt\u0173 u\u017etikrintas sklandus judan\u010di\u0173 dali\u0173 veikimas ir sutepimas, taip i\u0161vengiant prie\u0161laikinio susid\u0117v\u0117jimo ir gedim\u0173.<\/p>\n<h2>Prevencin\u0117s prie\u017ei\u016bros priemon\u0117s<\/h2>\n<ul>\n<li><strong>Reguliar\u016bs patikrinimai:<\/strong> B\u016btina reguliariai tikrinti, ar n\u0117ra susid\u0117v\u0117jimo, nuot\u0117ki\u0173 ir bendro cilindro vientisumo. Ankstyvas problem\u0173 nustatymas gali pad\u0117ti i\u0161vengti didesni\u0173 problem\u0173 ateityje.<\/li>\n<li><strong>Tinkamas tepimas:<\/strong> Tinkamas cilindro sutepimas suma\u017eina trint\u012f, pagerina na\u0161um\u0105 ir pailgina cilindro tarnavimo laik\u0105.<\/li>\n<li><strong>Sandarinimo element\u0173 keitimas:<\/strong> Reguliarus sandarikli\u0173 keitimas yra labai svarbus norint i\u0161laikyti efektyvum\u0105. Susid\u0117v\u0117j\u0119 sandarikliai gali sukelti skys\u010di\u0173 nuot\u0117k\u012f, suma\u017einti efektyvum\u0105 ir netgi padaryti \u017ealos.<\/li>\n<\/ul>\n<h2>\u012erengimo gair\u0117s<\/h2>\n<p>Teisingas str\u0117l\u0117s cilindro montavimas yra labai svarbus jo veikimui. Pirmiausia \u012fsitikinkite, kad visi komponentai yra \u0161var\u016bs ir be \u0161iuk\u0161li\u0173. Naudokite tinkamus tvirtinimo laikiklius, kad pritvirtintum\u0117te cilindr\u0105 vietoje, u\u017etikrindami, kad jis b\u016bt\u0173 tinkamai sulygiuotas su kitais komponentais. Neteisingas sulygiavimas gali sukelti prie\u0161laikin\u012f susid\u0117v\u0117jim\u0105 ir gedim\u0105.<\/p>\n<p>Montuodami tvirtinimo detales, taikykite tinkamus sukimo momento nustatymus, kaip nurodyta gamintojo instrukcijose. Pritvirtin\u0119 cilindr\u0105, patikrinkite, ar n\u0117ra hidraulini\u0173 nuot\u0117ki\u0173, ir i\u0161bandykite veikim\u0105, kad \u012fsitikintum\u0117te, jog viskas veikia taip, kaip numatyta. Tinkamas montavimas daro didel\u0119 \u012ftak\u0105 hidraulinio cilindro efektyvumui ir tarnavimo laikui.<\/p>\n<h2>\u012eprastos prie\u017ei\u016bros u\u017eduotys<\/h2>\n<h3>Reguliar\u016bs patikrinimai<\/h3>\n<p>Reguliariai tikrinti str\u0117l\u0117s cilindr\u0105 yra labai svarbu siekiant u\u017etikrinti jo efektyv\u0173 veikim\u0105. Tai apima susid\u0117v\u0117jimo po\u017eymi\u0173 paie\u0161k\u0105, skys\u010di\u0173 lygio patikrinim\u0105 ir nuot\u0117ki\u0173 steb\u0117jim\u0105. Ankstyvas problem\u0173 nustatymas gali sutaupyti laiko ir remonto i\u0161laid\u0173.<\/p>\n<h3>Tinkamas tepimas<\/h3>\n<p>Tepimas tur\u0117t\u0173 b\u016bti atliekamas pagal gamintojo rekomendacijas. Tinkamo hidraulinio skys\u010dio naudojimas suma\u017eina trint\u012f ir u\u017etikrina sklandesn\u012f veikim\u0105. Reguliarus tepimo lygio steb\u0117jimas ir papildymas pagal poreik\u012f yra labai svarb\u016bs norint i\u0161laikyti na\u0161um\u0105.<\/p>\n<h3>Tarpikli\u0173 keitimas ir kalibravimo patikrinimai<\/h3>\n<p>Reguliariai kei\u010diant sandariklius, i\u0161vengiama hidraulini\u0173 nuot\u0117ki\u0173 ir palaikomas sl\u0117gio efektyvumas. Kalibravimo patikrinimai u\u017etikrina, kad cilindras veikt\u0173 nevir\u0161ydamas nustatyt\u0173 rib\u0173. Laikantis nustatyt\u0173 sandarikli\u0173 tikrinimo ir keitimo proced\u016br\u0173, pailg\u0117s cilindro tarnavimo laikas ir padid\u0117s eksploatavimo saugumas.<\/p>\n<p><img decoding=\"async\" src=\"https:\/\/www.hydraulic-cylinders.net\/wp-content\/uploads\/2025\/04\/songte-chushion-collar.webp\" alt=\"Cilindro komponentai\" \/><\/p>\n<h2>Saugos aspektai ir aplinkos veiksniai<\/h2>\n<p>Saugos priemon\u0117s dirbant su hidrauliniais cilindrais yra nepaprastai svarbios. Operatoriai visada turi d\u0117v\u0117ti tinkamas asmenines apsaugos priemones ir u\u017etikrinti, kad darbo zonoje neb\u016bt\u0173 pavoj\u0173. Str\u0117l\u0117s cilindro svorio apribojim\u0173 ir darbini\u0173 paj\u0117gum\u0173 supratimas gali pad\u0117ti i\u0161vengti nelaiming\u0173 atsitikim\u0173 ir \u012frangos sugadinimo.<\/p>\n<h2>Trik\u010di\u0173 \u0161alinimas ir da\u017eniausiai pasitaikan\u010dios problemos<\/h2>\n<ul>\n<li><strong>Hidraulini\u0173 skys\u010di\u0173 nuot\u0117kiai:<\/strong> Patikrinkite sandariklius ir jungtis, ar n\u0117ra susid\u0117v\u0117jimo. Pakeiskite visas pa\u017eeistas dalis, kad i\u0161vengtum\u0117te hidraulinio skys\u010dio praradimo.<\/li>\n<li><strong>Nenuoseklus jud\u0117jimas:<\/strong> Patikrinkite, ar n\u0117ra u\u017esikim\u0161im\u0173 hidraulin\u0117se linijose, ir u\u017etikrinkite, kad b\u016bt\u0173 palaikomas tinkamas tepimo lygis.<\/li>\n<li><strong>Perkaitimas:<\/strong> \u012esitikinkite, kad hidraulin\u0117 sistema n\u0117ra perkrauta, ir patikrinkite, ar n\u0117ra skys\u010di\u0173 u\u017eter\u0161tumo. \u0160varaus hidraulinio skys\u010dio palaikymas yra labai svarbus sistemos sveikatai.<\/li>\n<\/ul>\n<h3>Trik\u010di\u0173 \u0161alinimo patarimai<\/h3>\n<p>Norint efektyviai diagnozuoti ir i\u0161spr\u0119sti problemas, svarbu vesti eksploatavimo problem\u0173 ir atliktos prie\u017ei\u016bros \u017eurnal\u0105. Reguliar\u016bs operatori\u0173 mokymai, kaip nustatyti galimas problemas, taip pat gali pad\u0117ti jas anksti aptikti ir i\u0161spr\u0119sti, taip suma\u017einant prastovas.<\/p>\n<h2>\u012emon\u0117s ap\u017evalga<\/h2>\n<p>Esame \u017einomas pakaitini\u0173 hidraulini\u0173 cilindr\u0173 gamintojas, si\u016blantis plat\u0173 gamini\u0173 asortiment\u0105 ir tap\u0119s vienu i\u0161 pirmaujan\u010di\u0173 gamintoj\u0173 bei didmeninink\u0173 tiek vidaus, tiek tarptautin\u0117se rinkose. M\u016bs\u0173 \u012fsipareigojimas siekti meistri\u0161kumo atsispindi puikiose gamybos dirbtuv\u0117se ir pramonin\u0117s gamybos valdymo strategijose.<\/p>\n<p>D\u0117mes\u012f sutelkdami \u012f techninius talentus, pa\u017eangi\u0105 skaitmenin\u0119 gamybos \u012frang\u0105 ir profesionalias testavimo sistemas, nuolat tobuliname savo gamybos platform\u0105. M\u016bs\u0173 stipr\u016bs k\u016brybiniai geb\u0117jimai leid\u017eia mums patenkinti \u012fvairius klient\u0173 poreikius, u\u017etikrinant auk\u0161t\u0105 efektyvum\u0105, tikslum\u0105 ir kokyb\u0119.<\/p>\n<p><img decoding=\"async\" src=\"https:\/\/www.hydraulic-cylinders.net\/wp-content\/uploads\/2025\/04\/songte-company-4.webp\" alt=\"\u012emon\u0117s gamyba\" \/><br \/>\n<img decoding=\"async\" src=\"https:\/\/www.hydraulic-cylinders.net\/wp-content\/uploads\/2025\/04\/songte-company-3.webp\" alt=\"\u012emon\u0117s veikla\" \/><\/p>\n<p>M\u016bs\u0173 profesionalios paslaugos apima tarptautinius sertifikatus, individualiai pritaikomus sprendimus, moderniausi\u0105 gamybos \u012frang\u0105 ir i\u0161sam\u0173 aptarnavim\u0105 po pardavimo, siekiant u\u017etikrinti klient\u0173 pasitenkinim\u0105.<\/p>\n<p>Autorius: lyl<\/p>","protected":false},"excerpt":{"rendered":"<p>Boom Cylinder For Bonny CE1250-7 Product Overview The Boom Cylinder for Bonny CE1250-7 is a crucial component in hydraulic systems, particularly in heavy machinery. These hydraulic cylinders are designed specifically to control the movement of various heavy equipment buckets, such as those found in excavators, backhoes, and front loaders. They allow the bucket to lift, [&hellip;]<\/p>","protected":false},"featured_media":17878,"comment_status":"open","ping_status":"closed","template":"","meta":{"_et_pb_use_builder":"","_et_pb_old_content":"","_et_gb_content_width":""},"product_brand":[],"product_cat":[1546],"product_tag":[1547,1496],"class_list":{"0":"post-19660","1":"product","2":"type-product","3":"status-publish","4":"has-post-thumbnail","6":"product_cat-boom-cylinders","7":"product_tag-boom-cylinders","8":"product_tag-hydraulic-cylinders","10":"first","11":"instock","12":"shipping-taxable","13":"product-type-simple"},"amp_enabled":true,"_links":{"self":[{"href":"https:\/\/www.hydraulic-cylinders.net\/lt\/wp-json\/wp\/v2\/product\/19660","targetHints":{"allow":["GET"]}}],"collection":[{"href":"https:\/\/www.hydraulic-cylinders.net\/lt\/wp-json\/wp\/v2\/product"}],"about":[{"href":"https:\/\/www.hydraulic-cylinders.net\/lt\/wp-json\/wp\/v2\/types\/product"}],"replies":[{"embeddable":true,"href":"https:\/\/www.hydraulic-cylinders.net\/lt\/wp-json\/wp\/v2\/comments?post=19660"}],"wp:featuredmedia":[{"embeddable":true,"href":"https:\/\/www.hydraulic-cylinders.net\/lt\/wp-json\/wp\/v2\/media\/17878"}],"wp:attachment":[{"href":"https:\/\/www.hydraulic-cylinders.net\/lt\/wp-json\/wp\/v2\/media?parent=19660"}],"wp:term":[{"taxonomy":"product_brand","embeddable":true,"href":"https:\/\/www.hydraulic-cylinders.net\/lt\/wp-json\/wp\/v2\/product_brand?post=19660"},{"taxonomy":"product_cat","embeddable":true,"href":"https:\/\/www.hydraulic-cylinders.net\/lt\/wp-json\/wp\/v2\/product_cat?post=19660"},{"taxonomy":"product_tag","embeddable":true,"href":"https:\/\/www.hydraulic-cylinders.net\/lt\/wp-json\/wp\/v2\/product_tag?post=19660"}],"curies":[{"name":"wp","href":"https:\/\/api.w.org\/{rel}","templated":true}]}}