{"id":19662,"date":"2025-04-07T07:00:22","date_gmt":"2025-04-07T07:00:22","guid":{"rendered":"https:\/\/www.hydraulic-cylinders.net\/product\/boom-cylinder-for-bonny-waydq50-5\/"},"modified":"2025-04-07T07:00:25","modified_gmt":"2025-04-07T07:00:25","slug":"boom-cylinder-for-bonny-waydq50-5","status":"publish","type":"product","link":"https:\/\/www.hydraulic-cylinders.net\/lt\/produktas\/boom-cylinder-for-bonny-waydq50-5\/","title":{"rendered":"Str\u0117l\u0117s cilindras, skirtas Bonny WAYDQ50-5"},"content":{"rendered":"<h1>Str\u0117l\u0117s cilindras, skirtas Bonny WAYDQ50-5<\/h1>\n<h2>\u012evadas \u012f str\u0117l\u0117s cilindr\u0105<\/h2>\n<p>Specialiai \u201eBonny WAYDQ50-5\u201c sukurtam str\u0117l\u0117s cilindrui svarbus hidraulini\u0173 sistem\u0173, valdan\u010di\u0173 sunkiosios technikos kau\u0161\u0173 jud\u0117jim\u0105, komponentas. \u0160is hidraulinis cilindras daugiausia naudojamas ekskavatori\u0173, ekskavatori\u0173 ir frontalini\u0173 krautuv\u0173 kau\u0161\u0173 veikimui valdyti, leid\u017eiant kau\u0161ui pakilti, nuleisti ir pakreipti, taip palengvinant efektyv\u0173 med\u017eiag\u0173 tvarkym\u0105.<\/p>\n<p>Kau\u0161o cilindras suprojektuotas taip, kad atlaikyt\u0173 auk\u0161t\u0105 sl\u0117g\u012f ir dideles apkrovas, u\u017etikrindamas patikim\u0105 veikim\u0105 sud\u0117tingomis s\u0105lygomis. Jis atlieka labai svarb\u0173 vaidmen\u012f u\u017etikrinant tiksl\u0173 kau\u0161o judesi\u0173 valdym\u0105, o tai yra b\u016btina atliekant kasimo, k\u0117limo ir med\u017eiag\u0173 transportavimo darbus. D\u0117l tvirtos konstrukcijos str\u0117l\u0117s cilindras padidina na\u0161um\u0105 ir efektyvum\u0105 \u012fvairiose srityse.<\/p>\n<p><img decoding=\"async\" src=\"https:\/\/www.hydraulic-cylinders.net\/wp-content\/uploads\/2025\/04\/songte-company-1.webp\" alt=\"Hidraulinio cilindro vaizdas\"><\/p>\n<h2>Str\u0117l\u0117s cilindro savyb\u0117s<\/h2>\n<ul>\n<li>\n<h3>Didelis stiprumas ir ilgaam\u017ei\u0161kumas<\/h3>\n<p>Paprastai \u0161ie cilindrai gaminami i\u0161 didelio stiprumo plieno arba aliuminio, jie gali atlaikyti didel\u012f sl\u0117g\u012f ir dideles apkrovas, tod\u0117l tinkami at\u0161iaurioms darbo s\u0105lygoms. J\u0173 konstrukcijoje taip pat pabr\u0117\u017eiamas atsparumas dilimui ir apsauga nuo korozijos, taip pailginant j\u0173 tarnavimo laik\u0105.<\/li>\n<li>\n<h3>Efektyvus hidraulinis valdymas<\/h3>\n<p>D\u0117l hidraulin\u0117s alyvos sl\u0117gio \u0161ie cilindrai skland\u017eiai i\u0161traukiami ir atitraukiami, greitai reaguoja \u012f valdymo komandas ir u\u017etikrina didel\u0119 st\u016bmimo bei traukimo j\u0117g\u0105, tod\u0117l idealiai tinka sunkiems daiktams tvarkyti ir sud\u0117tingoms u\u017eduotims atlikti.<\/li>\n<li>\n<h3>\u012evair\u016bs tipai<\/h3>\n<p>\u0160ie cilindrai, tiekiami tiek vienpusio veikimo (veikiantys viena kryptimi), tiek dvipusio veikimo (veikiantys abiem kryptimis) variant\u0173, gali patenkinti skirtingus eksploatacinius poreikius. Kai kurie modeliai yra teleskopiniai, tod\u0117l juos galima labiau i\u0161tiesti nedidinant i\u0161orini\u0173 matmen\u0173, tod\u0117l jie tinka naudoti ribotoje erdv\u0117je.<\/li>\n<li>\n<h3>Suderinamumas<\/h3>\n<p>M\u016bs\u0173 gaminiai gali puikiai pakeisti esamus hidraulinius cilindrus, u\u017etikrindami skland\u0173 integravim\u0105 ir funkcionalum\u0105 \u012fvairiuose ma\u0161in\u0173 modeliuose.<\/li>\n<\/ul>\n<p><img decoding=\"async\" src=\"https:\/\/www.hydraulic-cylinders.net\/wp-content\/uploads\/2025\/04\/songte-cylinder-head-with-all-kinds-excavator-models.webp\" alt=\"Cilindro galvut\u0117s vaizdas\"><\/p>\n<h2>Str\u0117l\u0117s cilindro pritaikymas<\/h2>\n<ul>\n<li>\n<h3>Statybin\u0117 \u012franga<\/h3>\n<p>Ekskavatoriuose str\u0117l\u0117s cilindrai yra labai svarb\u016bs kasant, kraunant ir perkeliant \u017eem\u0119 ar \u0161iuk\u0161les. Jie leid\u017eia ne tik atlikti kasimo darbus, bet ir kelti med\u017eiagas, padidindami ma\u0161inos universalum\u0105 ir efektyvum\u0105 statybviet\u0117se.<\/h3>\n<\/li>\n<li>\n<h3>\u017dem\u0117s \u016bkio technika<\/h3>\n<p>Priekiniuose krautuvuose \u0161ie cilindrai palengvina dirvo\u017eemio, \u0161ieno ir kit\u0173 med\u017eiag\u0173 s\u0117mim\u0105, k\u0117lim\u0105 ir transportavim\u0105. J\u0173 konstrukcija leid\u017eia operatoriams efektyviai atlikti \u017eem\u0117s \u016bkio u\u017eduotis, pagerinant \u016bkininkavimo operacij\u0173 produktyvum\u0105.<\/h3>\n<\/li>\n<li>\n<h3>Ekskavatoriai<\/h3>\n<p>Kau\u0161\u0173 cilindrai leid\u017eia ekskavatoriams efektyviai \u012fsiskverbti \u012f dirv\u0105, palengvindami kasimo proces\u0105. J\u0173 funkcionalumas yra b\u016btinas norint pasiekti optimal\u0173 na\u0161um\u0105 atliekant \u012fvairius \u017eem\u0117s kasimo darbus.<\/h3>\n<\/li>\n<li>\n<h3>Krautuvai<\/h3>\n<p>Priekiniuose krautuvuose str\u0117l\u0117s cilindrai padeda efektyviai pakelti ir i\u0161versti krovinius, tod\u0117l jie yra nepakei\u010diami med\u017eiag\u0173 tvarkymui statybose ir kra\u0161tovaizd\u017eio tvarkymo darbuose.<\/h3>\n<\/li>\n<\/ul>\n<h2>Projektavimo aspektai ir atrankos kriterijai<\/h2>\n<ul>\n<li>\n<h3>Keliamoji galia<\/h3>\n<p>Renkantis str\u0117l\u0117s cilindr\u0105, labai svarbu atsi\u017evelgti \u012f jo keliam\u0105j\u0105 gali\u0105. Cilindras turi atlaikyti maksimal\u0173 svor\u012f, su kuriuo susidurs eksploatacijos metu. Tai u\u017etikrina saugum\u0105 ir patikimum\u0105 sunki\u0173 krovini\u0173 k\u0117limo metu. Tinkama keliamoji galia apsaugo nuo gedim\u0173 ir pailgina \u012frangos tarnavimo laik\u0105.<\/h3>\n<\/li>\n<li>\n<h3>Sandarinimas<\/h3>\n<p>Efektyvus sandarinimas yra gyvybi\u0161kai svarbus siekiant i\u0161vengti hidraulinio skys\u010dio nuot\u0117kio. Auk\u0161tos kokyb\u0117s sandarikliai, pagaminti i\u0161 patvari\u0173 med\u017eiag\u0173, toki\u0173 kaip poliuretanas ir nitrilo kau\u010diukas, padidina cilindro patikimum\u0105. Tinkamas sandarinimas u\u017etikrina optimal\u0173 na\u0161um\u0105 ir suma\u017eina prie\u017ei\u016bros i\u0161laidas, nes apsaugo nuo skys\u010di\u0173 praradimo.<\/h3>\n<\/li>\n<li>\n<h3>Patvarumas<\/h3>\n<p>Patvarumas yra svarbus veiksnys renkantis str\u0117l\u0117s cilindr\u0105. Konstrukcijoje naudojamos med\u017eiagos ir bendra konstrukcija turi atlaikyti at\u0161iaurias darbo s\u0105lygas, \u012fskaitant ekstremalias temperat\u016bras, dr\u0117gm\u0119 ir abrazyvines med\u017eiagas. Patvarus cilindras suma\u017eina prastovas ir prie\u017ei\u016bros poreik\u012f.<\/h3>\n<\/li>\n<li>\n<h3>Saugumas<\/h3>\n<p>Saugos funkcijos yra b\u016btinos eksploatacijos metu. Cilindre turi b\u016bti \u012fmontuoti saugos mechanizmai, kurie apsaugot\u0173 nuo atsitiktinio \u012fsijungimo ir u\u017etikrint\u0173 saug\u0173 sunki\u0173 krovini\u0173 tvarkym\u0105. Laikantis saugos standart\u0173 projektuojant ir eksploatuojant, apsaugomi ir operatoriai, ir mechanizmai.<\/h3>\n<\/li>\n<li>\n<h3>Prie\u017ei\u016bra<\/h3>\n<p>Labai svarbu, kad b\u016bt\u0173 lengva pri\u017ei\u016br\u0117ti. Cilindrai, sukurti paprastoms prie\u017ei\u016bros proced\u016broms, leid\u017eia greitai juos ap\u017ei\u016br\u0117ti, sutepti ir pakeisti tarpiklius. Tai suma\u017eina eksploatavimo sutrikimus ir padidina mechanizm\u0173 efektyvum\u0105.<\/h3>\n<\/li>\n<\/ul>\n<p><img decoding=\"async\" src=\"https:\/\/www.hydraulic-cylinders.net\/wp-content\/uploads\/2025\/04\/songte-oil-pipes-and-spare-parts.webp\" alt=\"Naftos vamzd\u017eiai ir atsargin\u0117s dalys Vaizdas\"><\/p>\n<h2>Cilindro sandarinimas ir tepimas<\/h2>\n<p>Efektyvus sandarinimas ir tepimas yra b\u016btini hidraulini\u0173 cilindr\u0173 ilgaam\u017ei\u0161kumui ir efektyvumui. \u012evair\u016bs sandarikliai, tokie kaip st\u016bmokli\u0173 ir stryp\u0173 sandarikliai, naudojami siekiant i\u0161vengti nuot\u0117ki\u0173 ir palaikyti sl\u0117g\u012f sistemoje. Sandarikli\u0173 pasirinkimas yra labai svarbus, o d\u0117l atsparumo dilimui pirmenyb\u0117 teikiama tokioms med\u017eiagoms kaip poliuretanas ir nitrilo kau\u010diukas.<\/p>\n<p>Cilindro korpusas ir srieginiai galiniai pavir\u0161iai yra kruop\u0161\u010diai apdirbti, siekiant padidinti atsparum\u0105 dilimui ir u\u017etikrinti optimal\u0173 veikim\u0105 laikui b\u0117gant. Taip pat b\u016btina reguliariai tepti tinkama hidrauline alyva, kad b\u016bt\u0173 suma\u017einta trintis ir dilimas tarp judan\u010di\u0173 dali\u0173, o tai prisideda prie bendro hidraulin\u0117s sistemos efektyvumo. Reguliariai tikrinami sandariklio vientisumas ir tepimo lygis, kad b\u016bt\u0173 i\u0161vengta eksploatacini\u0173 gedim\u0173.<\/p>\n<h2>Reguliarios patikros ir prevencin\u0117s prie\u017ei\u016bros priemon\u0117s<\/h2>\n<ul>\n<li>\n<h3>Reguliar\u016bs patikrinimai<\/h3>\n<p>Reguliar\u016bs patikrinimai yra labai svarb\u016bs norint nustatyti galimas problemas, kol jos dar nepa\u016bm\u0117jo. Operatoriai tur\u0117t\u0173 patikrinti, ar n\u0117ra matom\u0173 nuot\u0117ki\u0173, ne\u012fprast\u0173 gars\u0173 ir bet koki\u0173 susid\u0117v\u0117jimo po\u017eymi\u0173. Ankstyvas aptikimas leid\u017eia laiku imtis veiksm\u0173 ir i\u0161vengti brangaus remonto.<\/h3>\n<\/li>\n<li>\n<h3>Tinkamas tepimas<\/h3>\n<p>Tinkamas cilindro sutepimas padeda suma\u017einti judan\u010di\u0173 dali\u0173 susid\u0117v\u0117jim\u0105. Operatoriai tur\u0117t\u0173 laikytis gamintojo rekomendacij\u0173 d\u0117l tepimo interval\u0173 ir alyvos tip\u0173. Tinkamas tepimas padidina hidraulin\u0117s sistemos efektyvum\u0105 ir pailgina jos tarnavimo laik\u0105.<\/h3>\n<\/li>\n<li>\n<h3>Sandariklio keitimas<\/h3>\n<p>Tarpikliai tur\u0117t\u0173 b\u016bti kei\u010diami rekomenduojamais intervalais arba pasteb\u0117jus nusid\u0117v\u0117jimo po\u017eymi\u0173. U\u017etikrinus sandarikli\u0173 vientisum\u0105, i\u0161vengiama hidraulinio skys\u010dio nuot\u0117kio, kuris gali sukelti na\u0161umo problem\u0173 ir pavoj\u0173 saugai. Reguliariai kei\u010diant tarpiklius galima \u017eymiai pailginti hidraulini\u0173 cilindr\u0173 tarnavimo laik\u0105.<\/h3>\n<\/li>\n<\/ul>\n<h2>\u012erengimo gair\u0117s<\/h2>\n<p>Str\u0117l\u0117s cilindro montavimas reikalauja kruop\u0161taus d\u0117mesio, siekiant u\u017etikrinti tinkam\u0105 veikim\u0105 ir saug\u0105. Pirmiausia \u012fsitikinkite, kad darbo vieta yra laisva ir saugi darbui. Tinkamas cilindro suderinimas yra labai svarbus; jis tur\u0117t\u0173 b\u016bti suderintas su hidrauline sistema, kad b\u016bt\u0173 i\u0161vengta per didelio \u012ftempimo ir galimo gedimo.<\/p>\n<p>Cilindrui pritvirtinti naudokite tinkamus tvirtinimo laikiklius. \u012esitikinkite, kad jungtys yra sandarios ir be nuot\u0117ki\u0173, kad b\u016bt\u0173 palaikomas hidraulinis sl\u0117gis. \u012edieg\u0119 atlikite i\u0161sam\u0173 patikrinim\u0105, kad \u012fsitikintum\u0117te, jog visi komponentai yra tinkamai sumontuoti ir veikia taip, kaip numatyta. Prie\u0161 t\u0119sdami iki pilno darbinio sl\u0117gio, i\u0161bandykite sistem\u0105 esant \u017eemam sl\u0117giui, kad patikrintum\u0117te, ar n\u0117ra nuot\u0117ki\u0173.<\/p>\n<h2>Prie\u017ei\u016bros u\u017eduotys<\/h2>\n<ul>\n<li>\n<h3>Reguliar\u016bs patikrinimai<\/h3>\n<p>Reguliariai atliekant hidraulin\u0117s sistemos patikrinimus, galima anksti aptikti galimas problemas ir u\u017etikrinti saug\u0173 darb\u0105. Operatoriai tur\u0117t\u0173 steb\u0117ti na\u0161um\u0105 ir tikrinti, ar n\u0117ra ne\u012fprasto elgesio.<\/h3>\n<\/li>\n<li>\n<h3>Tinkamas tepimas<\/h3>\n<p>Tinkamas tepimas yra esminis dalykas norint i\u0161laikyti cilindro veikim\u0105. B\u016btina laikytis gamintojo nurodym\u0173 d\u0117l tepimo da\u017enumo ir alyvos tipo. Reguliarus tepimas padeda suma\u017einti susid\u0117v\u0117jim\u0105 ir pailgina cilindro tarnavimo laik\u0105.<\/h3>\n<\/li>\n<li>\n<h3>Sandariklio keitimas ir kalibravimas<\/h3>\n<p>Tarpikli\u0173 keitimas pagal poreik\u012f ir kalibravimo patikrinimai u\u017etikrina optimal\u0173 veikim\u0105. Tinkamai sukalibruotos sistemos veikia efektyviau ir saugiau. Reguliarus \u0161i\u0173 komponent\u0173 aptarnavimas apsaugo nuo nuot\u0117ki\u0173 ir pailgina hidraulinio cilindro tarnavimo laik\u0105.<\/h3>\n<\/li>\n<\/ul>\n<p><img decoding=\"async\" src=\"https:\/\/www.hydraulic-cylinders.net\/wp-content\/uploads\/2025\/04\/songte-chushion-collar.webp\" alt=\"Pagalv\u0117l\u0117s apykakl\u0117s vaizdas\"><\/p>\n<h2>Saugos aspektai ir aplinkos veiksniai<\/h2>\n<p>Naudojant hidraulinius cilindrus, nepaprastai svarbu suprasti saugos priemones. Operatoriai tur\u0117t\u0173 b\u016bti apmokyti atpa\u017einti su hidraulin\u0117mis sistemomis susijusius pavojus, \u012fskaitant auk\u0161to sl\u0117gio rizik\u0105 ir asmenini\u0173 apsaugos priemoni\u0173 svarb\u0105. Saugos protokol\u0173 \u012fgyvendinimas gali pad\u0117ti i\u0161vengti nelaiming\u0173 atsitikim\u0173 ir su\u017ealojim\u0173.<\/p>\n<p>Aplinkosaugos po\u017ei\u016briu labai svarbu tinkamai valdyti hidraulinius skys\u010dius, kad b\u016bt\u0173 i\u0161vengta nuot\u0117ki\u0173 ir i\u0161siliejim\u0173, kurie gal\u0117t\u0173 pakenkti ekosistemai. Reguliarus techninis aptarnavimas ir patikrinimai padeda u\u017etikrinti, kad hidraulin\u0117s sistemos veikt\u0173 efektyviai ir saugiai, suma\u017einant poveik\u012f aplinkai.<\/p>\n<h2>Trik\u010di\u0173 \u0161alinimas ir da\u017eniausiai pasitaikan\u010dios problemos<\/h2>\n<ul>\n<li>\n<h3>Nuot\u0117kis<\/h3>\n<p>Hidraulinio skys\u010dio nuot\u0117kis gali atsirasti d\u0117l susid\u0117v\u0117jusi\u0173 sandarikli\u0173 arba atsilaisvinusi\u0173 jung\u010di\u0173. Patikrinkite, ar sandarikliai n\u0117ra susid\u0117v\u0117j\u0119, ir \u012fsitikinkite, kad visos jungtys yra tvirtos. Susid\u0117v\u0117jusi\u0173 sandarikli\u0173 keitimas ir tinkamas jung\u010di\u0173 pritvirtinimas gali i\u0161spr\u0119sti \u0161i\u0105 problem\u0105.<\/h3>\n<\/li>\n<li>\n<h3>Prastas na\u0161umas<\/h3>\n<p>Jei cilindras nereaguoja gerai, patikrinkite, ar sistemoje n\u0117ra pakankamai hidraulinio skys\u010dio arba oro. Sistemos nuorinimas ir tinkamo skys\u010dio lygio u\u017etikrinimas gali pagerinti na\u0161um\u0105.<\/h3>\n<\/li>\n<li>\n<h3>Ne\u012fprasti garsai<\/h3>\n<p>Ne\u012fprasti garsai gali rodyti vidinius pa\u017eeidimus arba tepimo tr\u016bkum\u0105. Patikrinkite, ar cilindras nepa\u017eeistas, ir \u012fsitikinkite, kad jis tinkamai suteptas, kad i\u0161vengtum\u0117te tolesni\u0173 problem\u0173.<\/h3>\n<\/li>\n<\/ul>\n<h2>Trik\u010di\u0173 \u0161alinimo patarimai<\/h2>\n<p>Nor\u0117dami veiksmingai diagnozuoti ir i\u0161spr\u0119sti problemas, operatoriai tur\u0117t\u0173 laikytis sistemingo po\u017ei\u016brio. Prad\u0117kite nuo matom\u0173 nuot\u0117ki\u0173 ir ne\u012fprast\u0173 gars\u0173 patikrinimo. \u012esitikinkite, kad hidraulinio skys\u010dio lygis yra pakankamas ir kad sistemoje n\u0117ra oro ki\u0161eni\u0173. Reguliarios prevencin\u0117s priemon\u0117s, tokios kaip \u012fprastin\u0117 prie\u017ei\u016bra ir patikrinimai, gali \u017eymiai suma\u017einti \u0161i\u0173 problem\u0173 tikimyb\u0119.<\/p>\n<p>Laikydamiesi tinkam\u0173 prie\u017ei\u016bros gairi\u0173 ir proaktyviai spr\u0119sdami problemas, operatoriai gali prailginti hidraulini\u0173 cilindr\u0173 tarnavimo laik\u0105 ir i\u0161laikyti veiklos efektyvum\u0105.<\/p>\n<p><img decoding=\"async\" src=\"https:\/\/www.hydraulic-cylinders.net\/wp-content\/uploads\/2025\/04\/songte-bushings-with-all-kinds-of-excavator-models.webp\" alt=\"\u012evori\u0173 vaizdas\"><\/p>\n<h2>Apie m\u016bs\u0173 \u012fmon\u0119<\/h2>\n<p>Esame pirmaujantis hidraulini\u0173 cilindr\u0173 gamintojas, specializuojantis auk\u0161tos kokyb\u0117s pakaitini\u0173 cilindr\u0173, skirt\u0173 \u012fvairioms reikm\u0117ms, gamyboje. Platus gamini\u0173 asortimentas leido mums tapti pagrindiniu \u017eaid\u0117ju tiek vidaus, tiek tarptautin\u0117se rinkose. Did\u017eiuojam\u0117s savo \u012fsipareigojimu siekti meistri\u0161kumo ir rafinuotomis gamybos valdymo strategijomis, pasitelkdami pa\u017eangias gamybos technologijas ir profesionalias bandym\u0173 sistemas.<\/p>\n<p>Didel\u012f d\u0117mes\u012f skirdami kokybei, nuolat tobuliname savo gamybos procesus, u\u017etikrindami auk\u0161t\u0105 efektyvum\u0105, tikslum\u0105 ir gamini\u0173 kokyb\u0119. M\u016bs\u0173 patirtis leid\u017eia mums patenkinti \u012fvairius klient\u0173 poreikius, si\u016blant individualius sprendimus, atitinkan\u010dius tarptautinius standartus.<\/p>\n<p><img decoding=\"async\" src=\"https:\/\/www.hydraulic-cylinders.net\/wp-content\/uploads\/2025\/04\/songte-company-4.webp\" alt=\"\u012emon\u0117s \u012fvaizdis\"><br \/>\n<img decoding=\"async\" src=\"https:\/\/www.hydraulic-cylinders.net\/wp-content\/uploads\/2025\/04\/songte-company-3.webp\" alt=\"\u012emon\u0117s \u012fvaizdis\"><\/p>\n<p>Autorius: lyl<\/p>","protected":false},"excerpt":{"rendered":"<p>Boom Cylinder For Bonny WAYDQ50-5 Introduction to Boom Cylinder The Boom Cylinder, specifically designed for the Bonny WAYDQ50-5, is a vital component in hydraulic systems that control the movement of heavy machinery buckets. This hydraulic cylinder is primarily used to manage the operation of buckets in excavators, backhoes, and front loaders, allowing the bucket to [&hellip;]<\/p>","protected":false},"featured_media":17880,"comment_status":"open","ping_status":"closed","template":"","meta":{"_et_pb_use_builder":"","_et_pb_old_content":"","_et_gb_content_width":""},"product_brand":[],"product_cat":[1546],"product_tag":[1547,1496],"class_list":{"0":"post-19662","1":"product","2":"type-product","3":"status-publish","4":"has-post-thumbnail","6":"product_cat-boom-cylinders","7":"product_tag-boom-cylinders","8":"product_tag-hydraulic-cylinders","10":"first","11":"instock","12":"shipping-taxable","13":"product-type-simple"},"amp_enabled":true,"_links":{"self":[{"href":"https:\/\/www.hydraulic-cylinders.net\/lt\/wp-json\/wp\/v2\/product\/19662","targetHints":{"allow":["GET"]}}],"collection":[{"href":"https:\/\/www.hydraulic-cylinders.net\/lt\/wp-json\/wp\/v2\/product"}],"about":[{"href":"https:\/\/www.hydraulic-cylinders.net\/lt\/wp-json\/wp\/v2\/types\/product"}],"replies":[{"embeddable":true,"href":"https:\/\/www.hydraulic-cylinders.net\/lt\/wp-json\/wp\/v2\/comments?post=19662"}],"wp:featuredmedia":[{"embeddable":true,"href":"https:\/\/www.hydraulic-cylinders.net\/lt\/wp-json\/wp\/v2\/media\/17880"}],"wp:attachment":[{"href":"https:\/\/www.hydraulic-cylinders.net\/lt\/wp-json\/wp\/v2\/media?parent=19662"}],"wp:term":[{"taxonomy":"product_brand","embeddable":true,"href":"https:\/\/www.hydraulic-cylinders.net\/lt\/wp-json\/wp\/v2\/product_brand?post=19662"},{"taxonomy":"product_cat","embeddable":true,"href":"https:\/\/www.hydraulic-cylinders.net\/lt\/wp-json\/wp\/v2\/product_cat?post=19662"},{"taxonomy":"product_tag","embeddable":true,"href":"https:\/\/www.hydraulic-cylinders.net\/lt\/wp-json\/wp\/v2\/product_tag?post=19662"}],"curies":[{"name":"wp","href":"https:\/\/api.w.org\/{rel}","templated":true}]}}