{"id":19664,"date":"2025-04-07T07:00:28","date_gmt":"2025-04-07T07:00:28","guid":{"rendered":"https:\/\/www.hydraulic-cylinders.net\/product\/boom-cylinder-for-nhig-3306lc\/"},"modified":"2025-04-07T07:00:30","modified_gmt":"2025-04-07T07:00:30","slug":"boom-cylinder-for-nhig-3306lc","status":"publish","type":"product","link":"https:\/\/www.hydraulic-cylinders.net\/lt\/produktas\/boom-cylinder-for-nhig-3306lc\/","title":{"rendered":"Str\u0117l\u0117s cilindras, skirtas NHIG 3306LC"},"content":{"rendered":"<h1>Str\u0117l\u0117s cilindras, skirtas NHIG 3306LC<\/h1>\n<h2>\u012evadas \u012f str\u0117l\u0117s cilindr\u0105<\/h2>\n<p>Specialiai NHIG 3306LC modeliui sukurtas str\u0117l\u0117s cilindras yra gyvybi\u0161kai svarbus hidraulinis komponentas, naudojamas sunkiosiose ma\u0161inose, tokiose kaip ekskavatoriai, ekskavatoriniai krautuvai ir frontaliniai krautuvai. \u0160is hidraulinis cilindras leid\u017eia valdyti str\u0117l\u0117s jud\u0117jim\u0105, leid\u017eiant tiksliai pakelti, nuleisti ir pakreipti kau\u0161\u0105. Jo funkcionalumas yra b\u016btinas efektyviam med\u017eiag\u0173 tvarkymui, nes jis suteikia reikiam\u0105 gali\u0105 ir lankstum\u0105 \u012fvairiose darbo aplinkose.<\/p>\n<p><img decoding=\"async\" src=\"https:\/\/www.hydraulic-cylinders.net\/wp-content\/uploads\/2025\/04\/songte-company-1.webp\" alt=\"Str\u0117l\u0117s cilindro vaizdas\" \/><\/p>\n<h3>Apibr\u0117\u017eimas ir ap\u017evalga<\/h3>\n<p>Str\u0117l\u0117s cilindras yra hidraulinio cilindro tipas, specialiai naudojamas sunkiosios technikos kau\u0161\u0173 jud\u0117jimui valdyti. Pagrindin\u0117 jo funkcija \u2013 leisti operatoriams efektyviai atlikti tokias u\u017eduotis kaip kasimas, k\u0117limas ir med\u017eiag\u0173 transportavimas. \u0160ie cilindrai, sukurti taip, kad atlaikyt\u0173 auk\u0161t\u0105 sl\u0117g\u012f ir dideles apkrovas, yra labai svarb\u016bs hidraulin\u0117se sistemose, nes palengvina skland\u0173 per\u0117jim\u0105 ir padidina bendr\u0105 statybos ir \u017eem\u0117s \u016bkio technikos na\u0161um\u0105.<\/p>\n<h2>Pagrindin\u0117s str\u0117l\u0117s cilindro savyb\u0117s<\/h2>\n<ul>\n<li><strong>Didelis stiprumas ir ilgaam\u017ei\u0161kumas:<\/strong> Paprastai pagaminti i\u0161 didelio stiprumo plieno arba aliuminio, \u0161ie cilindrai gali atlaikyti auk\u0161t\u0105 sl\u0117g\u012f ir dideles apkrovas, tod\u0117l tinka at\u0161iaurioms darbo s\u0105lygoms. Jie sukurti atsi\u017evelgiant \u012f atsparum\u0105 dilimui ir korozijai, siekiant pailginti j\u0173 tarnavimo laik\u0105.<\/li>\n<li><strong>Efektyvus hidraulinis valdymas:<\/strong> Hidraulin\u0117s alyvos sl\u0117gio panaudojimas leid\u017eia skland\u017eiai i\u0161skleisti ir atitraukti, greitai reaguoti \u012f operatoriaus komandas ir tur\u0117ti galingas st\u016bmimo-traukimo galimybes, idealiai tinkan\u010dias sunkiems daiktams tvarkyti ir sud\u0117tingoms u\u017eduotims atlikti.<\/li>\n<li><strong>\u012evair\u016bs tipai:<\/strong> Priklausomai nuo eksploatacini\u0173 poreiki\u0173, vartotojai gali rinktis vieno veikimo (hidraulinio sl\u0117gio naudojimas viena kryptimi) arba dvigubo veikimo (hidraulinio sl\u0117gio naudojimas abiem kryptimis) cilindrus. Kai kurie modeliai yra teleskopiniai, tod\u0117l juos galima labiau prailginti nedidinant i\u0161orini\u0173 matmen\u0173, tod\u0117l jie tinka naudoti ribotoje erdv\u0117je.<\/li>\n<li><strong>Individuali gamyba:<\/strong> M\u016bs\u0173 \u012fmon\u0117 specializuojasi auk\u0161tos kokyb\u0117s str\u0117l\u0117s cilindr\u0173, kurie puikiai pakei\u010dia esamus hidraulinius cilindrus, gamyboje, u\u017etikrindami suderinamum\u0105 ir patikimum\u0105.<\/li>\n<li><strong>Tvirtas dizainas:<\/strong> Sukurti taip, kad u\u017etikrint\u0173 auk\u0161t\u0105 na\u0161um\u0105 ir efektyvum\u0105 \u012fvairiose srityse, m\u016bs\u0173 cilindrai yra grie\u017etai tikrinami, kad atitikt\u0173 pramon\u0117s standartus.<\/li>\n<\/ul>\n<p><img decoding=\"async\" src=\"https:\/\/www.hydraulic-cylinders.net\/wp-content\/uploads\/2025\/04\/songte-cylinder-head-with-all-kinds-excavator-models.webp\" alt=\"Cilindro galvut\u0117 su ekskavatoriais\" \/><\/p>\n<h2>Str\u0117l\u0117s cilindro pritaikymas<\/h2>\n<h3>Statybin\u0117 \u012franga<\/h3>\n<p>Statybin\u0117je \u012frangoje, tokioje kaip ekskavatoriai, str\u0117l\u0117s cilindrai atlieka labai svarb\u0173 vaidmen\u012f kasant, kraunant ir perkeliant grunt\u0105 ar nuolau\u017eas. Jie palengvina tiksl\u0173 valdym\u0105, reikaling\u0105 tran\u0161\u0117j\u0173 kasimo ir \u017eem\u0117s kasimo darbams, u\u017etikrindami, kad med\u017eiaga b\u016bt\u0173 tvarkoma efektyviai ir minimaliomis pastangomis. Str\u0117l\u0117s cilindr\u0173 pritaikomumas leid\u017eia naudoti \u012fvairius priedus, o tai padidina technikos universalum\u0105.<\/p>\n<h3>\u017dem\u0117s \u016bkio technika<\/h3>\n<p>Priekiniai krautuvai su str\u0117l\u0117s cilindrais puikiai tinka u\u017eduotims, susijusioms su dirvo\u017eemio, \u0161ieno ir kit\u0173 med\u017eiag\u0173 k\u0117limu, k\u0117limu ir transportavimu. \u0160ie cilindrai padidina \u017eem\u0117s \u016bkio operacij\u0173 efektyvum\u0105, nes leid\u017eia \u016bkininkams greitai perkelti med\u017eiagas, pagerinti na\u0161um\u0105 ir suma\u017einti darbo s\u0105naudas. Hidraulinis str\u0117l\u0117s cilindro pob\u016bdis suteikia reikiam\u0105 k\u0117limo gali\u0105, tod\u0117l \u0161ios u\u017eduotys tampa lengvesn\u0117s ir efektyvesn\u0117s.<\/p>\n<h3>Ekskavatoriai<\/h3>\n<p>Ekskavatoriuose str\u0117l\u0117s cilindrai leid\u017eia kau\u0161ui efektyviai \u012fsiskverbti \u012f dirv\u0105, palengvindami kasimo veiksmus. Hidraulinis mechanizmas u\u017etikrina skland\u0173 jud\u0117jim\u0105, u\u017etikrindamas, kad ekskavatorius gal\u0117t\u0173 tiksliai atlikti tokias u\u017eduotis kaip tran\u0161\u0117j\u0173 kasimas ir lyginimas. Str\u0117l\u0117s cilindr\u0173 teikiamas valdymas yra gyvybi\u0161kai svarbus operatoriams, norintiems \u012fveikti sud\u0117ting\u0105 reljef\u0105 ir atlikti sud\u0117tingas operacijas.<\/p>\n<h3>Krautuvai<\/h3>\n<p>Priekiniuose krautuvuose str\u0117l\u0117s cilindrai padeda efektyviai kelti ir i\u0161versti krovinius. D\u0117l j\u0173 geb\u0117jimo u\u017etikrinti didel\u0119 k\u0117limo j\u0117g\u0105 lengva tvarkyti sunkias med\u017eiagas, tokias kaip \u017evyras ir dirvo\u017eemis. Efektyvi \u0161i\u0173 hidraulini\u0173 cilindr\u0173 konstrukcija u\u017etikrina, kad operatoriai gal\u0117t\u0173 greitai atlikti u\u017eduotis, o tai pagerina darbo eig\u0105 ir na\u0161um\u0105 darbo vietose.<\/p>\n<h2>Projektavimo aspektai ir atrankos kriterijai<\/h2>\n<h3>Keliamoji galia<\/h3>\n<p>Str\u0117l\u0117s cilindro keliamoji galia yra vienas i\u0161 svarbiausi\u0173 veiksni\u0173, \u012f kuriuos reikia atsi\u017evelgti projektavimo etape. Ji turi b\u016bti \u012fvertinta atsi\u017evelgiant \u012f konkre\u010dias cilindro naudojimo paskirtis. Tinkamai \u012fvertinta keliamoji galia u\u017etikrina, kad cilindras gali saugiai atlaikyti did\u017eiausias apkrovas, su kuriomis susidurs eksploatacijos metu. Gamintojai da\u017enai naudoja pa\u017eangias med\u017eiagas ir in\u017einerinius metodus, kad u\u017etikrint\u0173, jog j\u0173 cilindrai atitikt\u0173 arba vir\u0161yt\u0173 reikiamus apkrovos rodiklius.<\/p>\n<h3>Sandarinimo efektyvumas<\/h3>\n<p>Sandarinimo savyb\u0117s yra gyvybi\u0161kai svarbios norint palaikyti hidraulin\u012f sl\u0117g\u012f ir i\u0161vengti skys\u010di\u0173 nuot\u0117kio. Tinkam\u0173 sandarikli\u0173, toki\u0173 kaip st\u016bmokliniai ir stryp\u0173 sandarikliai, pagaminti i\u0161 patvari\u0173 med\u017eiag\u0173, toki\u0173 kaip poliuretanas arba nitrilo kau\u010diukas, pasirinkimas gali \u017eymiai padidinti str\u0117l\u0117s cilindr\u0173 patikimum\u0105 ir ilgaam\u017ei\u0161kum\u0105. Tinkama sandarinimo technologija yra b\u016btina norint u\u017etikrinti efektyv\u0173 veikim\u0105 ir suma\u017einti prie\u017ei\u016bros poreik\u012f.<\/p>\n<h3>Patvarumas<\/h3>\n<p>Str\u0117l\u0117s cilindrams ilgaam\u017ei\u0161kumas yra nepaprastai svarbus, nes jie da\u017enai veikia sud\u0117tingomis s\u0105lygomis. Tokie veiksniai kaip temperat\u016bros svyravimai, at\u0161iauri\u0173 aplinkos veiksni\u0173 poveikis ir tvarkom\u0173 med\u017eiag\u0173 pob\u016bdis gali tur\u0117ti \u012ftakos hidraulini\u0173 cilindr\u0173 tarnavimo laikui. Tod\u0117l kruop\u0161tus med\u017eiag\u0173 pasirinkimas ir in\u017einerinis projektavimas yra labai svarb\u016bs siekiant u\u017etikrinti, kad cilindrai atlaikyt\u0173 \u0161iuos i\u0161\u0161\u016bkius be prie\u0161laikinio gedimo.<\/p>\n<h3>Saugos funkcijos<\/h3>\n<p>Saugos priemon\u0117s yra neatsiejama str\u0117l\u0117s cilindr\u0173 konstrukcijos dalis. \u0160ios savyb\u0117s padeda i\u0161vengti nelaiming\u0173 atsitikim\u0173 ir u\u017etikrinti saug\u0173 sunkiosios technikos darb\u0105. \u012ediegus saugos priemones, tokias kaip sl\u0117gio ma\u017einimo vo\u017etuvai, apsauga nuo perkrovos ir tinkami tvirtinimo b\u016bdai, galima gerokai suma\u017einti su\u017ealojim\u0173 ir \u012frangos sugadinimo rizik\u0105 eksploatacijos metu. Gamintojai tur\u0117t\u0173 teikti pirmenyb\u0119 saugai savo projektavimo procesuose, kad apsaugot\u0173 tiek operatorius, tiek \u012frang\u0105.<\/p>\n<h3>Prie\u017ei\u016bra ir remonto galimyb\u0117s<\/h3>\n<p>Projektuojant str\u0117l\u0117s cilindrus, b\u016btina atsi\u017evelgti \u012f j\u0173 prie\u017ei\u016bros ir remonto galimybes. Prieiga prie pagrindini\u0173 komponent\u0173 ap\u017ei\u016brai ir techninei prie\u017ei\u016brai gali gerokai suma\u017einti prastovas ir su technine prie\u017ei\u016bra susijusias i\u0161laidas. Siekiant palengvinti efektyv\u0173 remont\u0105 ir \u012fprastin\u0119 technin\u0119 prie\u017ei\u016br\u0105, projektavimo etape reik\u0117t\u0173 atsi\u017evelgti \u012f tokias savybes kaip kei\u010diami sandarikliai, lengva prieiga prie hidraulini\u0173 jung\u010di\u0173 ir ai\u0161k\u016bs aptarnavimo ta\u0161kai.<\/p>\n<p><img decoding=\"async\" src=\"https:\/\/www.hydraulic-cylinders.net\/wp-content\/uploads\/2025\/04\/songte-oil-pipes-and-spare-parts.webp\" alt=\"Naftos vamzd\u017eiai ir atsargin\u0117s dalys\" \/><\/p>\n<h2>Cilindro sandarinimas ir tepimas<\/h2>\n<p>\u012evairi\u0173 sandarinimo komponent\u0173, toki\u0173 kaip st\u016bmokli\u0173 ir kot\u0173 sandarikliai, naudojimas yra labai svarbus efektyviam str\u0117l\u0117s cilindr\u0173 veikimui. \u0160ie sandarikliai paprastai gaminami i\u0161 dilimui atspari\u0173 med\u017eiag\u0173, toki\u0173 kaip poliuretanas ir nitrilo kau\u010diukas, tod\u0117l padid\u0117ja j\u0173 patvarumas ir na\u0161umas. Be to, cilindro korpusas ir srieginiai galai turi b\u016bti tiksliai apdirbti, kad b\u016bt\u0173 pagerintas atsparumas dilimui ir u\u017etikrintas tinkamas sandarinimas. Reguliarus tepimas hidrauline alyva yra b\u016btinas, nes tai ne tik suma\u017eina trint\u012f, bet ir apsaugo nuo korozijos bei padeda palaikyti optimali\u0105 darbin\u0119 temperat\u016br\u0105. Tinkama sandarikli\u0173 ir tepimo sistem\u0173 prie\u017ei\u016bra yra labai svarbi patikimam hidraulini\u0173 cilindr\u0173 veikimui.<\/p>\n<h2>Prevencin\u0117s prie\u017ei\u016bros priemon\u0117s<\/h2>\n<ul>\n<li><strong>Reguliar\u016bs patikrinimai:<\/strong> Reguliariai atlikti patikrinimus yra b\u016btina norint nustatyti galim\u0105 str\u0117l\u0117s cilindro susid\u0117v\u0117jim\u0105 ar pa\u017eeidimus. Patikrinkite, ar n\u0117ra nuot\u0117ki\u0173, ne\u012fprast\u0173 gars\u0173 ir korozijos po\u017eymi\u0173. Ankstyvas aptikimas gali pad\u0117ti i\u0161vengti rimtesni\u0173 problem\u0173 ateityje.<\/li>\n<li><strong>Tinkamas tepimas:<\/strong> \u012esitikinkite, kad hidraulin\u0117s alyvos lygis yra pakankamas ir kad alyva kei\u010diama pagal gamintojo rekomendacijas. Tinkamas tepimas suma\u017eina trint\u012f ir susid\u0117v\u0117jim\u0105, pailgindamas cilindro tarnavimo laik\u0105.<\/li>\n<li><strong>Sandarinimo element\u0173 keitimas:<\/strong> Reguliariai tikrinkite ir prireikus keiskite sandariklius, kad i\u0161vengtum\u0117te nuot\u0117ki\u0173 ir palaikytum\u0117te hidraulin\u012f sl\u0117g\u012f. Susid\u0117v\u0117j\u0119 sandarikliai gali suma\u017einti efektyvum\u0105 ir sugadinti cilindr\u0105.<\/li>\n<\/ul>\n<h2>\u012erengimo gair\u0117s<\/h2>\n<p>Nor\u0117dami u\u017etikrinti tinkam\u0105 str\u0117l\u0117s cilindro montavim\u0105, atlikite \u0161iuos veiksmus:<\/p>\n<ol>\n<li><strong>Paruo\u0161imas:<\/strong> Surinkite visus reikalingus \u012frankius ir med\u017eiagas. \u012esitikinkite, kad darbo vieta yra \u0161vari ir be \u0161iuk\u0161li\u0173.<\/li>\n<li><strong>Lygiavimas:<\/strong> Tinkamai sulygiuokite cilindr\u0105 su tvirtinimo laikikliais. Neteisingas sulygiavimas gali sukelti pernelyg didel\u0119 apkrov\u0105 ir prie\u0161laikin\u012f gedim\u0105.<\/li>\n<li><strong>Montavimas:<\/strong> Cilindrui pritvirtinti naudokite tinkamus tvirtinimo laikiklius. \u012esitikinkite, kad visi var\u017etai ir tvirtinimo detal\u0117s yra priver\u017eti pagal gamintojo specifikacijas.<\/li>\n<li><strong>Hidraulin\u0117s jungtys:<\/strong> Prijunkite hidraulines \u017earnas, \u012fsitikindami, kad sistemoje n\u0117ra nuot\u0117ki\u0173. Prie\u0161 t\u0119sdami patikrinkite visas jungtis ir jungtis.<\/li>\n<li><strong>Testavimas:<\/strong> \u012erengus cilindr\u0105, atlikite funkcin\u012f bandym\u0105, kad \u012fsitikintum\u0117te, jog jis veikia skland\u017eiai ir be problem\u0173. Eksploatacijos metu steb\u0117kite, ar n\u0117ra koki\u0173 nors nukrypim\u0173 nuo normos.<\/li>\n<\/ol>\n<h2>\u012eprastos prie\u017ei\u016bros u\u017eduotys<\/h2>\n<h3>Reguliar\u016bs patikrinimai<\/h3>\n<p>Reguliar\u016bs str\u0117l\u0117s cilindro patikrinimai yra labai svarb\u016bs norint nustatyti galimas problemas, kol jos nepa\u016bm\u0117jo. Tai apima susid\u0117v\u0117jimo po\u017eymi\u0173, nuot\u0117ki\u0173 ir bet koki\u0173 keist\u0173 gars\u0173 patikrinim\u0105 eksploatacijos metu. \u012eprasto patikrinimo grafiko nustatymas padeda palaikyti optimal\u0173 na\u0161um\u0105 ir pailgina cilindro tarnavimo laik\u0105.<\/p>\n<h3>Tinkamas tepimas<\/h3>\n<p>Tinkamas str\u0117l\u0117s cilindro sutepimas yra labai svarbus jo veikimui. Reguliariai tikrinkite hidraulinio skys\u010dio lyg\u012f ir keiskite skyst\u012f pagal poreik\u012f. Tinkamas sutepimas suma\u017eina trint\u012f, apsaugo nuo perkaitimo ir suma\u017eina vidini\u0173 komponent\u0173 susid\u0117v\u0117jim\u0105, taip pailgindamas cilindro tarnavimo laik\u0105.<\/p>\n<h3>Tarpikli\u0173 keitimas ir kalibravimo patikrinimai<\/h3>\n<p>Susid\u0117v\u0117j\u0119 sandarikliai gali sukelti hidraulinio skys\u010dio nuot\u0117k\u012f ir suma\u017einti na\u0161um\u0105. Reguliariai steb\u0117kite sandarikli\u0173 b\u016bkl\u0119 ir prireikus juos pakeiskite. Be to, periodi\u0161kai atlikite kalibravimo patikrinimus, kad u\u017etikrintum\u0117te tiksl\u0173 ir efektyv\u0173 cilindro veikim\u0105, u\u017etikrindami skland\u0173 \u012fvairi\u0173 u\u017eduo\u010di\u0173 atlikim\u0105.<\/p>\n<p><img decoding=\"async\" src=\"https:\/\/www.hydraulic-cylinders.net\/wp-content\/uploads\/2025\/04\/songte-chushion-collar.webp\" alt=\"Pagalv\u0117l\u0117s apykakl\u0117\" \/><\/p>\n<h2>Saugos aspektai ir aplinkos veiksniai<\/h2>\n<p>Dirbant su hidrauliniais cilindrais, saugos priemon\u0117s yra nepaprastai svarbios. Operatoriai tur\u0117t\u0173 b\u016bti apmokyti teisingai naudoti \u012frang\u0105 ir pabr\u0117\u017eti asmenini\u0173 apsaugos priemoni\u0173 (AAP) d\u0117v\u0117jimo svarb\u0105, siekiant suma\u017einti rizik\u0105. Reguliar\u016bs mokymai ir saugos protokol\u0173 laikymasis gali pad\u0117ti suma\u017einti nelaiming\u0173 atsitikim\u0173 darbe skai\u010di\u0173 ir u\u017etikrinti naudojam\u0173 hidraulini\u0173 sistem\u0173 ilgaam\u017ei\u0161kum\u0105. Aplinkosauginiai aspektai taip pat vaidina svarb\u0173 vaidmen\u012f projektuojant ir eksploatuojant hidraulinius cilindrus. Naudojant ekologi\u0161kus hidraulinius skys\u010dius ir \u012fgyvendinant tinkamus sen\u0173 skys\u010di\u0173 \u0161alinimo b\u016bdus, galima \u017eymiai suma\u017einti hidraulini\u0173 ma\u0161in\u0173 ekologin\u012f p\u0117dsak\u0105.<\/p>\n<h2>Da\u017eniausiai pasitaikan\u010di\u0173 problem\u0173 \u0161alinimas<\/h2>\n<h3>Da\u017en\u0173 problem\u0173 nustatymas<\/h3>\n<ul>\n<li><strong>Skys\u010di\u0173 nuot\u0117kiai:<\/strong> Viena i\u0161 da\u017eniausiai pasitaikan\u010di\u0173 problem\u0173 yra hidraulinio skys\u010dio nuot\u0117kis. Patikrinkite sandariklius ir jungtis, kad nustatytum\u0117te nuot\u0117kio \u0161altin\u012f.<\/li>\n<li><strong>L\u0117tas atsakas:<\/strong> Jei cilindras reaguoja l\u0117tai, gali b\u016bti hidraulinio skys\u010dio lygio problema arba u\u017esikim\u0161imas linijose.<\/li>\n<li><strong>Ne\u012fprasti garsai:<\/strong> \u0160lifavimo ar beldimo garsai gali rodyti vidin\u012f susid\u0117v\u0117jim\u0105 ar pa\u017eeidim\u0105, tod\u0117l reikia nedelsiant patikrinti.<\/li>\n<\/ul>\n<h3>Trik\u010di\u0173 \u0161alinimo patarimai<\/h3>\n<p>Kiekvienai nustatytai problemai \u017er. gamintojo gaires ir atlikite \u0161iuos bendruosius trik\u010di\u0173 \u0161alinimo veiksmus:<\/p>\n<ol>\n<li>Patikrinkite hidraulinio skys\u010dio lyg\u012f ir, jei reikia, papildykite.<\/li>\n<li>Patikrinkite sandariklius ir jungtis, ar n\u0117ra susid\u0117v\u0117jimo ar pa\u017eeidim\u0173, ir prireikus pakeiskite.<\/li>\n<li>\u012esitikinkite, kad visos jungtys yra sandarios ir saugios, kad i\u0161vengtum\u0117te nuot\u0117kio.<\/li>\n<li>D\u0117l vidini\u0173 problem\u0173 ar sud\u0117tingo remonto kreipkit\u0117s \u012f profesional\u0173 technik\u0105.<\/li>\n<\/ol>\n<h3>Prevencin\u0117s priemon\u0117s<\/h3>\n<p>Siekiant suma\u017einti galimas problemas, laikykit\u0117s reguliarios technin\u0117s prie\u017ei\u016bros grafiko, kuris apima patikrinimus, tepim\u0105 ir savalaik\u012f sandarikli\u0173 keitim\u0105. Tinkam\u0173 eksploatavimo s\u0105lyg\u0173 palaikymas ir tinkamo \u012frangos naudojimo u\u017etikrinimas gali \u017eymiai suma\u017einti problem\u0173 tikimyb\u0119 ateityje.<\/p>\n<p><img decoding=\"async\" src=\"https:\/\/www.hydraulic-cylinders.net\/wp-content\/uploads\/2025\/04\/songte-bushings-with-all-kinds-of-excavator-models.webp\" alt=\"\u012evor\u0117s su ekskavatoriais\" \/><\/p>\n<h2>Apie m\u016bs\u0173 \u012fmon\u0119<\/h2>\n<p>Esame pirmaujanti hidraulini\u0173 cilindr\u0173 gamintoja ir didmenin\u0117 platintoja, specializuojam\u0117s pakaitin\u0117se dalyse. \u012evairus m\u016bs\u0173 gamini\u0173 asortimentas leid\u017eia mums tapti pagrindiniu \u017eaid\u0117ju tiek vietin\u0117je, tiek tarptautin\u0117je rinkose. Mes laikom\u0117s auk\u0161\u010diausios kokyb\u0117s principo, taikydami rafinuot\u0105 gamybos strategij\u0105 kartu su pa\u017eangia gamybos valdymo praktika. M\u016bs\u0173 komand\u0105 sudaro kvalifikuoti techniniai darbuotojai, o gamybos procesams tobulinti naudojame auk\u0161\u010diausios klas\u0117s gamybos \u012frang\u0105 ir profesionalias bandym\u0173 sistemas. M\u016bs\u0173 \u012fsipareigojimas u\u017etikrinti auk\u0161t\u0105 efektyvum\u0105, tikslum\u0105 ir kokyb\u0119 leid\u017eia mums efektyviai patenkinti \u012fvairius klient\u0173 poreikius.<\/p>\n<h3>Profesionali kompetencija<\/h3>\n<p>M\u016bs\u0173 komanda turi didel\u0119 patirt\u012f hidraulini\u0173 cilindr\u0173 gamyboje, u\u017etikrinan\u010di\u0105, kad m\u016bs\u0173 gaminiai atitikt\u0173 tarptautinius standartus. Si\u016blome individualius sprendimus, pritaikytus konkretiems klient\u0173 poreikiams, didindami hidraulini\u0173 sistem\u0173 na\u0161um\u0105 ir pritaikomum\u0105.<\/p>\n<h3>Tarptautiniai sertifikatai<\/h3>\n<p>Visi m\u016bs\u0173 gaminiai yra sertifikuoti pagal tarptautinius kokyb\u0117s standartus, u\u017etikrinant, kad m\u016bs\u0173 klientai gaut\u0173 patikimus ir patvarius hidraulinius cilindrus. Mes teikiame pirmenyb\u0119 saugos ir efektyvumo reglament\u0173 laikymuisi visame pasaulyje.<\/p>\n<h3>Individual\u016bs u\u017esakymai<\/h3>\n<p>Suprantame, kad kiekvienas klientas gali tur\u0117ti unikali\u0173 reikalavim\u0173, tod\u0117l si\u016blome individualiai pritaikytas gamybos paslaugas. Nesvarbu, ar tai konkretus dydis, dizainas, ar funkcionalumas, m\u016bs\u0173 komanda yra pasirengusi pasi\u016blyti individualius sprendimus.<\/p>\n<h3>Gamybos \u012franga<\/h3>\n<p>M\u016bs\u0173 moderniausia gamybos \u012franga leid\u017eia mums i\u0161laikyti auk\u0161tus kokyb\u0117s ir tikslumo standartus gamyboje. Esame \u012fsipareigoj\u0119 nuolat investuoti \u012f technologijas, siekdami didinti savo gamybos paj\u0117gumus.<\/p>\n<h3>Aptarnavimas po pardavimo<\/h3>\n<p>Mes tikime ilgalaiki\u0173 santyki\u0173 su savo klientais k\u016brimu, o m\u016bs\u0173 garantinio aptarnavimo paslaugos tai \u012frodo. M\u016bs\u0173 komanda yra pasirengusi pad\u0117ti, patarti ir teikti paslaugas, kad u\u017etikrint\u0173, jog m\u016bs\u0173 klientai kuo geriau i\u0161naudot\u0173 savo hidraulinius cilindrus.<\/p>\n<p><img decoding=\"async\" src=\"https:\/\/www.hydraulic-cylinders.net\/wp-content\/uploads\/2025\/04\/songte-company-4.webp\" alt=\"\u012emon\u0117s ap\u017evalga\" \/><br \/>\n<img decoding=\"async\" src=\"https:\/\/www.hydraulic-cylinders.net\/wp-content\/uploads\/2025\/04\/songte-company-3.webp\" alt=\"\u012emon\u0117s i\u0161tekliai\" \/><\/p>\n<p>Autorius: lyl<\/p>","protected":false},"excerpt":{"rendered":"<p>Boom Cylinder For NHIG 3306LC Introduction to Boom Cylinder The boom cylinder, specifically designed for the NHIG 3306LC, is a vital hydraulic component used in heavy machinery such as excavators, backhoe loaders, and front loaders. This hydraulic cylinder enables the controlled movement of the boom, allowing for precise lifting, lowering, and tilting of the bucket. [&hellip;]<\/p>","protected":false},"featured_media":17867,"comment_status":"open","ping_status":"closed","template":"","meta":{"_et_pb_use_builder":"","_et_pb_old_content":"","_et_gb_content_width":""},"product_brand":[],"product_cat":[1546],"product_tag":[1547,1496],"class_list":{"0":"post-19664","1":"product","2":"type-product","3":"status-publish","4":"has-post-thumbnail","6":"product_cat-boom-cylinders","7":"product_tag-boom-cylinders","8":"product_tag-hydraulic-cylinders","10":"first","11":"instock","12":"shipping-taxable","13":"product-type-simple"},"amp_enabled":true,"_links":{"self":[{"href":"https:\/\/www.hydraulic-cylinders.net\/lt\/wp-json\/wp\/v2\/product\/19664","targetHints":{"allow":["GET"]}}],"collection":[{"href":"https:\/\/www.hydraulic-cylinders.net\/lt\/wp-json\/wp\/v2\/product"}],"about":[{"href":"https:\/\/www.hydraulic-cylinders.net\/lt\/wp-json\/wp\/v2\/types\/product"}],"replies":[{"embeddable":true,"href":"https:\/\/www.hydraulic-cylinders.net\/lt\/wp-json\/wp\/v2\/comments?post=19664"}],"wp:featuredmedia":[{"embeddable":true,"href":"https:\/\/www.hydraulic-cylinders.net\/lt\/wp-json\/wp\/v2\/media\/17867"}],"wp:attachment":[{"href":"https:\/\/www.hydraulic-cylinders.net\/lt\/wp-json\/wp\/v2\/media?parent=19664"}],"wp:term":[{"taxonomy":"product_brand","embeddable":true,"href":"https:\/\/www.hydraulic-cylinders.net\/lt\/wp-json\/wp\/v2\/product_brand?post=19664"},{"taxonomy":"product_cat","embeddable":true,"href":"https:\/\/www.hydraulic-cylinders.net\/lt\/wp-json\/wp\/v2\/product_cat?post=19664"},{"taxonomy":"product_tag","embeddable":true,"href":"https:\/\/www.hydraulic-cylinders.net\/lt\/wp-json\/wp\/v2\/product_tag?post=19664"}],"curies":[{"name":"wp","href":"https:\/\/api.w.org\/{rel}","templated":true}]}}