{"id":19666,"date":"2025-04-07T07:00:33","date_gmt":"2025-04-07T07:00:33","guid":{"rendered":"https:\/\/www.hydraulic-cylinders.net\/product\/boom-cylinder-for-nhig-bf6m2012c\/"},"modified":"2025-04-07T07:00:36","modified_gmt":"2025-04-07T07:00:36","slug":"boom-cylinder-for-nhig-bf6m2012c","status":"publish","type":"product","link":"https:\/\/www.hydraulic-cylinders.net\/lt\/produktas\/boom-cylinder-for-nhig-bf6m2012c\/","title":{"rendered":"NHIG BF6m2012C str\u0117l\u0117s cilindras"},"content":{"rendered":"<h1>NHIG BF6m2012C str\u0117l\u0117s cilindras<\/h1>\n<h2>Str\u0117l\u0117s cilindro ap\u017evalga<\/h2>\n<p>Str\u0117l\u0117s cilindras yra labai svarbus hidraulini\u0173 sistem\u0173 komponentas, specialiai sukurtas valdyti kau\u0161\u0173 jud\u0117jim\u0105 \u012fvairiose sunkiosiose ma\u0161inose, tokiose kaip ekskavatoriai, ekskavatoriniai krautuvai ir frontaliniai krautuvai. \u0160is hidraulinis cilindras leid\u017eia kau\u0161\u0105 pakelti, nuleisti ir pakreipti, taip palengvindamas efektyv\u0173 med\u017eiag\u0173 tvarkym\u0105. Naudodami hidraulin\u012f sl\u0117g\u012f, \u0161ie cilindrai suteikia reikiam\u0105 j\u0117g\u0105, kad b\u016bt\u0173 galima tiksliai ir lengvai atlikti sud\u0117tingas operacijas.<\/p>\n<p><img decoding=\"async\" src=\"https:\/\/www.hydraulic-cylinders.net\/wp-content\/uploads\/2025\/04\/songte-company-1.webp\" alt=\"Str\u0117l\u0117s cilindro vaizdas\" \/><\/p>\n<h3>Apibr\u0117\u017eimas ir funkcija<\/h3>\n<p>Str\u0117l\u0117s cilindras yra specializuotas hidraulinis cilindras, naudojamas kau\u0161o jud\u0117jimui statybin\u0117se ma\u0161inose valdyti. Jis atlieka esmin\u012f vaidmen\u012f u\u017etikrinant veiklos efektyvum\u0105, leisdamas operatoriams efektyviai atlikti tokias u\u017eduotis kaip kasimas, k\u0117limas ir med\u017eiag\u0173 transportavimas. Kau\u0161o cilindro konstrukcija u\u017etikrina, kad jis atlaikyt\u0173 auk\u0161t\u0105 sl\u0117g\u012f ir dideles apkrovas, i\u0161laikant patikimum\u0105 at\u0161iauriomis darbo s\u0105lygomis.<\/p>\n<h2>Str\u0117l\u0117s cilindro savyb\u0117s<\/h2>\n<ul>\n<li><strong>Didelis stiprumas ir ilgaam\u017ei\u0161kumas:<\/strong> Paprastai pagaminti i\u0161 didelio stiprumo plieno arba aliuminio, \u0161ie cilindrai gali atlaikyti auk\u0161t\u0105 sl\u0117g\u012f ir dideles apkrovas, yra sukurti taip, kad atlaikyt\u0173 at\u0161iaurias darbo s\u0105lygas, kartu u\u017etikrindami atsparum\u0105 dilimui ir korozijai, taip pailgindami j\u0173 tarnavimo laik\u0105.<\/li>\n<li><strong>Efektyvus hidraulinis valdymas:<\/strong> Str\u0117l\u0117s cilindras naudoja hidraulin\u0117s alyvos sl\u0117g\u012f, kad str\u0117l\u0117 skland\u017eiai i\u0161skleist\u0173 ir atitraukt\u0173 str\u0117l\u0119. Jis greitai reaguoja \u012f valdymo komandas, u\u017etikrindamas stipri\u0105 st\u016bmimo ir traukimo j\u0117g\u0105, tinkam\u0105 sunki\u0173 med\u017eiag\u0173 tvarkymui ir sud\u0117tingoms u\u017eduotims atlikti.<\/li>\n<li><strong>Tip\u0173 \u012fvairov\u0117:<\/strong> Priklausomai nuo eksploatacini\u0173 reikalavim\u0173, vartotojai gali rinktis vieno veikimo (hidraulinis veikimas viena kryptimi) arba dvigubo veikimo (hidraulinis veikimas abiem kryptimis) cilindrus. Kai kurie modeliai yra teleskopiniai, tod\u0117l juos galima labiau i\u0161tiesti nedidinant i\u0161orini\u0173 matmen\u0173, tod\u0117l jie idealiai tinka naudoti ribotoje erdv\u0117je.<\/li>\n<li><strong>Individuali gamyba:<\/strong> M\u016bs\u0173 \u012fmon\u0117 specializuojasi str\u0117l\u0117s cilindr\u0173, kurie puikiai pakei\u010dia esamus hidraulinius cilindrus, gamyboje, u\u017etikrindami suderinamum\u0105 ir skland\u0173 integravim\u0105 \u012f j\u016bs\u0173 technik\u0105.<\/li>\n<li><strong>Pa\u017eangios technologijos:<\/strong> Pasitelkdami pa\u017eangiausias technologijas ir gamybos procesus, m\u016bs\u0173 str\u0117l\u0117s cilindrai yra sukurti optimaliam na\u0161umui ir ilgaam\u017ei\u0161kumui, atitinkant grie\u017etus \u012fvairi\u0173 sri\u010di\u0173 reikalavimus.<\/li>\n<\/ul>\n<p><img decoding=\"async\" src=\"https:\/\/www.hydraulic-cylinders.net\/wp-content\/uploads\/2025\/04\/songte-cylinder-head-with-all-kinds-excavator-models.webp\" alt=\"Cilindro galvut\u0117s vaizdas\" \/><\/p>\n<h2>Str\u0117l\u0117s cilindro pritaikymas<\/h2>\n<h3>Statybin\u0117 \u012franga<\/h3>\n<p>Ekskavatoriuose str\u0117l\u0117s cilindrai yra labai svarb\u016bs kasant, kraunant ir transportuojant grunt\u0105 ar \u0161iuk\u0161les. J\u0173 konstrukcija leid\u017eia padidinti kasimo galimybes ir keliam\u0105j\u0105 gali\u0105, palengvindama \u012fvairias statybos u\u017eduotis.<\/p>\n<h3>\u017dem\u0117s \u016bkio technika<\/h3>\n<p>Priekiniuose krautuvuose \u0161ie cilindrai naudojami dirvo\u017eemiui, \u0161ienui ir kitoms med\u017eiagoms semti, kelti ir transportuoti. Jie atlieka gyvybi\u0161kai svarb\u0173 vaidmen\u012f didinant \u017eem\u0117s \u016bkio darb\u0173 na\u0161um\u0105 ir efektyvum\u0105.<\/p>\n<h3>Ekskavatoriai<\/h3>\n<p>Str\u0117l\u0117s cilindras leid\u017eia kau\u0161ui \u012fsiskverbti \u012f \u017eem\u0119, tod\u0117l kasimo darbai tampa lengviau valdomi ir efektyvesni. Tai pagerina ma\u0161inos geb\u0117jim\u0105 atlikti gilumin\u012f kasim\u0105 ir med\u017eiag\u0173 perk\u0117lim\u0105.<\/p>\n<h3>Krautuvai<\/h3>\n<p>Priekiniuose krautuvuose str\u0117l\u0117s cilindrai padeda efektyviai kelti ir i\u0161versti krovinius. J\u0173 patikimas veikimas u\u017etikrina, kad med\u017eiagas b\u016bt\u0173 galima greitai ir saugiai perkelti, o tai prisideda prie bendro na\u0161umo.<\/p>\n<h2>Projektavimo aspektai ir atrankos kriterijai<\/h2>\n<h3>Keliamoji galia<\/h3>\n<p>Renkantis str\u0117l\u0117s cilindr\u0105, labai svarbu suprasti jo keliam\u0105j\u0105 gali\u0105. Cilindras turi atlaikyti maksimali\u0105 apkrov\u0105 nepakenkdamas na\u0161umui. Tai apima ne tik gamintojo pateiktas specifikacijas, bet ir darbo s\u0105lyg\u0173 \u012fvertinim\u0105.<\/p>\n<h3>Sandarumo vientisumas<\/h3>\n<p>Sandarinimas yra labai svarbus hidraulinio cilindro konstrukcijos aspektas. Tinkami sandarikliai apsaugo nuo skys\u010dio nuot\u0117kio, o tai yra b\u016btina norint palaikyti sl\u0117g\u012f sistemoje. Auk\u0161tos kokyb\u0117s sandarikliai, pagaminti i\u0161 toki\u0173 med\u017eiag\u0173 kaip poliuretanas ir nitrilo kau\u010diukas, u\u017etikrina patvarum\u0105 ir ilgaam\u017ei\u0161kum\u0105.<\/p>\n<h3>Patvarumas<\/h3>\n<p>Str\u0117l\u0117s cilindro patvarumas tiesiogiai veikia jo tarnavimo laik\u0105 ir efektyvum\u0105. Cilindrai turi b\u016bti suprojektuoti taip, kad atlaikyt\u0173 nusid\u0117v\u0117jim\u0105 ir aplinkos veiksnius, u\u017etikrindami, kad jie veikt\u0173 ilg\u0105 laik\u0105 be da\u017eno keitimo.<\/p>\n<h3>Saugos funkcijos<\/h3>\n<p>Svarbiausia \u012f str\u0117l\u0117s cilindr\u0173 konstrukcij\u0105 \u012ftraukti saugos funkcijas. Tai apima apsaug\u0105 nuo perkrov\u0173 ir avarinio stabdymo mechanizmus, kurie gali pad\u0117ti i\u0161vengti nelaiming\u0173 atsitikim\u0173 ir \u012frangos gedim\u0173 eksploatacijos metu.<\/p>\n<h3>Prieinamumas prie prie\u017ei\u016bros<\/h3>\n<p>Labai svarbu projektuoti taip, kad b\u016bt\u0173 lengva pri\u017ei\u016br\u0117ti. Balionai tur\u0117t\u0173 u\u017etikrinti lengv\u0105 prieig\u0105 prie sandarikli\u0173 ir kit\u0173 komponent\u0173, taip palengvinant reguliari\u0105 technin\u0119 prie\u017ei\u016br\u0105, kuri gali pad\u0117ti i\u0161vengti brangi\u0173 prastov\u0173 ir remonto darb\u0173.<\/p>\n<p><img decoding=\"async\" src=\"https:\/\/www.hydraulic-cylinders.net\/wp-content\/uploads\/2025\/04\/songte-oil-pipes-and-spare-parts.webp\" alt=\"Naftos vamzd\u017eiai ir atsargin\u0117s dalys Vaizdas\" \/><\/p>\n<h2>Sandarinimas ir tepimas<\/h2>\n<p>Tinkamas str\u0117l\u0117s cilindro sandarinimas ir tepimas yra b\u016btini optimaliam veikimui. Hidrauliniam skys\u010diui cilindre palaikyti naudojami \u012fvair\u016bs sandarikliai, \u012fskaitant st\u016bmoklio ir strypo sandariklius. D\u0117l atsparumo dilimui pirmenyb\u0117 teikiama sandarikliams, pagamintiems i\u0161 patvari\u0173 med\u017eiag\u0173, toki\u0173 kaip poliuretanas ir nitrilo kau\u010diukas.<\/p>\n<p>Cilindro korpusas ir srieginiai galiniai pavir\u0161iai yra tiksliai apdirbami, siekiant padidinti atsparum\u0105 dilimui. Norint suma\u017einti trint\u012f ir dilim\u0105, b\u016btina reguliariai tepti hidrauline alyva, kad b\u016bt\u0173 u\u017etikrintas sklandus veikimas.<\/p>\n<h2>Prevencin\u0117s prie\u017ei\u016bros priemon\u0117s<\/h2>\n<ul>\n<li><strong>Reguliar\u016bs patikrinimai:<\/strong> Atlikite reguliarius patikrinimus, kad anksti nustatytum\u0117te susid\u0117v\u0117jim\u0105 ar pa\u017eeidimus, kad laiku atliktum\u0117te remont\u0105 ir i\u0161vengtum\u0117te \u012frangos gedim\u0173.<\/li>\n<li><strong>Tinkamas tepimas:<\/strong> \u012esitikinkite, kad hidraulin\u0117s alyvos lygis yra rekomenduojamas, kad visos judan\u010dios cilindro dalys b\u016bt\u0173 pakankamai suteptos.<\/li>\n<li><strong>Sandariklio keitimas:<\/strong> Reguliariai tikrinkite sandariklius, ar jie nesusid\u0117v\u0117j\u0119, ir prireikus pakeiskite juos, kad i\u0161laikytum\u0117te hidraulin\u0117s sistemos vientisum\u0105.<\/li>\n<\/ul>\n<h2>\u012erengimo gair\u0117s<\/h2>\n<p>Nor\u0117dami u\u017etikrinti tinkam\u0105 str\u0117l\u0117s cilindro montavim\u0105, atlikite \u0161iuos veiksmus:<\/p>\n<ul>\n<li>Prie\u0161 prad\u0117dami montuoti, \u012fsitikinkite, kad visi komponentai yra \u0161var\u016bs ir be \u0161iuk\u0161li\u0173.<\/li>\n<li>Tinkamai sulygiuokite cilindr\u0105 su ma\u0161inos tvirtinimo ta\u0161kais, kad i\u0161vengtum\u0117te per didelio komponent\u0173 \u012ftempimo.<\/li>\n<li>Naudokite tinkamus tvirtinimo laikiklius, kad pritvirtintum\u0117te cilindr\u0105 vietoje ir u\u017etikrintum\u0117te stabilum\u0105 eksploatacijos metu.<\/li>\n<li>Dar kart\u0105 patikrinkite hidraulini\u0173 jung\u010di\u0173 sandarum\u0105 ir \u012fsitikinkite, kad visos jungtys yra priver\u017etos pagal specifikacijas.<\/li>\n<li>\u012edieg\u0119 cilindr\u0105, patikrinkite jo veikim\u0105 ir, jei reikia, atlikite pakeitimus.<\/li>\n<\/ul>\n<h2>\u012eprastos prie\u017ei\u016bros u\u017eduotys<\/h2>\n<h3>Reguliar\u016bs patikrinimai<\/h3>\n<p>Reguliar\u016bs patikrinimai yra labai svarb\u016bs siekiant u\u017etikrinti str\u0117l\u0117s cilindro ilgaam\u017ei\u0161kum\u0105. Operatoriai tur\u0117t\u0173 tikrinti, ar n\u0117ra susid\u0117v\u0117jimo, nuot\u0117ki\u0173 ar komponent\u0173 pa\u017eeidim\u0173. Toks aktyvus po\u017ei\u016bris padeda nustatyti galimas problemas, kol jos nepa\u016bm\u0117jo, ir u\u017etikrina skland\u0173 veikim\u0105.<\/p>\n<h3>Tinkamas tepimas<\/h3>\n<p>Tinkamas tepimas yra labai svarbus skland\u017eiam str\u0117l\u0117s cilindro veikimui. Operatoriai turi u\u017etikrinti, kad hidraulin\u0117s alyvos lygis b\u016bt\u0173 pakankamas ir kad visos judan\u010dios dalys b\u016bt\u0173 tinkamai suteptos, siekiant suma\u017einti trint\u012f ir susid\u0117v\u0117jim\u0105.<\/p>\n<h3>Tarpikli\u0173 keitimas ir kalibravimo patikrinimai<\/h3>\n<p>Siekiant i\u0161laikyti hidraulin\u012f vientisum\u0105, sandarikliai turi b\u016bti periodi\u0161kai kei\u010diami. Operatoriai tur\u0117t\u0173 sudaryti sandarikli\u0173 tikrinimo ir keitimo grafik\u0105, taip pat reguliarius kalibravimo patikrinimus, kad b\u016bt\u0173 u\u017etikrinta, jog cilindras veikia pagal numatytus parametrus.<\/p>\n<p><img decoding=\"async\" src=\"https:\/\/www.hydraulic-cylinders.net\/wp-content\/uploads\/2025\/04\/songte-chushion-collar.webp\" alt=\"Pagalv\u0117l\u0117s apykakl\u0117s vaizdas\" \/><\/p>\n<h2>Saugos aspektai ir aplinkos veiksniai<\/h2>\n<p>Labai svarbu \u012fdiegti saugos priemones dirbant su str\u0117l\u0117s cilindrais. Operatoriai tur\u0117t\u0173 b\u016bti apmokyti saugios praktikos, pavyzd\u017eiui, \u017einoti aplink\u0105 ir suprasti mechanizm\u0173 veikimo ribas. U\u017etikrinus, kad visi saugos \u012ftaisai veikt\u0173, bus suma\u017einta su hidrauline \u012franga susijusi rizika.<\/p>\n<h2>Gedim\u0173 diagnostika ir da\u017eniausios problemos<\/h2>\n<ul>\n<li><strong>Hidrauliniai nuot\u0117kiai:<\/strong> Viena i\u0161 da\u017eniausiai pasitaikan\u010di\u0173 problem\u0173 yra hidraulinio skys\u010dio nuot\u0117kis, d\u0117l kurio gali suma\u017e\u0117ti sl\u0117gis ir na\u0161umas. Reguliariai tikrinkite sandariklius ir jungtis, kad suma\u017eintum\u0117te \u0161i\u0105 rizik\u0105.<\/li>\n<li><strong>L\u0117tas veikimas:<\/strong> Jei cilindras veikia l\u0117tai, tai gali rodyti \u017eem\u0105 hidraulinio skys\u010dio lyg\u012f arba u\u017eter\u0161tum\u0105. Patikrinkite skys\u010dio lyg\u012f ir filtrus, kad u\u017etikrintum\u0117te tinkam\u0105 sraut\u0105.<\/li>\n<li><strong>Ne\u012fprasti garsai:<\/strong> Ne\u012fprasti garsai eksploatacijos metu gali signalizuoti apie vidinius pa\u017eeidimus arba or\u0105 hidraulin\u0117je sistemoje. Greitas \u0161i\u0173 gars\u0173 pa\u0161alinimas gali pad\u0117ti i\u0161vengti tolesn\u0117s \u017ealos.<\/li>\n<\/ul>\n<h2>Trik\u010di\u0173 \u0161alinimo patarimai<\/h2>\n<p>Nor\u0117dami efektyviai diagnozuoti ir pa\u0161alinti str\u0117l\u0117s cilindro problemas, operatoriai tur\u0117t\u0173 atlikti \u0161iuos trik\u010di\u0173 \u0161alinimo veiksmus:<\/p>\n<ul>\n<li>Patikrinkite hidraulin\u0119 sistem\u0105, ar n\u0117ra nuot\u0117ki\u0173, ir nedelsdami juos sutvarkykite.<\/li>\n<li>Patikrinkite skys\u010di\u0173 lyg\u012f ir \u012fpilkite atitinkamos hidraulin\u0117s alyvos.<\/li>\n<li>Patikrinkite sandariklius, ar jie nesusid\u0117v\u0117j\u0119, ir prireikus pakeiskite juos, kad i\u0161vengtum\u0117te tolesni\u0173 nuot\u0117ki\u0173.<\/li>\n<\/ul>\n<p><img decoding=\"async\" src=\"https:\/\/www.hydraulic-cylinders.net\/wp-content\/uploads\/2025\/04\/songte-bushings-with-all-kinds-of-excavator-models.webp\" alt=\"\u012evori\u0173 vaizdas\" \/><\/p>\n<h2>\u012emon\u0117s ap\u017evalga<\/h2>\n<p>Esame pirmaujantis pakaitini\u0173 hidraulini\u0173 cilindr\u0173 gamintojas, si\u016blantis plat\u0173 gamini\u0173 asortiment\u0105, skirt\u0105 tiek vidaus, tiek tarptautinei rinkai. M\u016bs\u0173 \u012fsipareigojimas siekti nepriekai\u0161tingos kokyb\u0117s skatina m\u016bs\u0173 pa\u017eangiausius gamybos procesus ir grie\u017etas gamybos valdymo strategijas. Sutelkdami d\u0117mes\u012f \u012f auk\u0161t\u0105 efektyvum\u0105, tikslum\u0105 ir kokyb\u0119, nuolat tobuliname savo gamybos paj\u0117gumus ir u\u017etikriname, kad m\u016bs\u0173 gaminiai atitikt\u0173 \u012fvairius m\u016bs\u0173 klient\u0173 poreikius.<\/p>\n<p>M\u016bs\u0173 \u012fmon\u0117 i\u0161siskiria profesionalia patirtimi, tarptautiniais sertifikatais ir individualiai pritaikytomis paslaugomis. Naudojame pa\u017eangi\u0105 gamybos \u012frang\u0105 ir patikim\u0105 garantinio aptarnavimo sistem\u0105, kad gal\u0117tume efektyviai aptarnauti savo klientus.<\/p>\n<p><img decoding=\"async\" src=\"https:\/\/www.hydraulic-cylinders.net\/wp-content\/uploads\/2025\/04\/songte-company-4.webp\" alt=\"\u012emon\u0117s paveiksl\u0117lis 1\" \/><br \/>\n<img decoding=\"async\" src=\"https:\/\/www.hydraulic-cylinders.net\/wp-content\/uploads\/2025\/04\/songte-company-3.webp\" alt=\"\u012emon\u0117s paveiksl\u0117lis 2\" \/><\/p>\n<p>Autorius: lyl<\/p>","protected":false},"excerpt":{"rendered":"<p>Boom Cylinder For NHIG BF6m2012C Overview of the Boom Cylinder The Boom Cylinder is a critical component in hydraulic systems, specifically designed for controlling the movement of buckets in various heavy machinery such as excavators, backhoe loaders, and front loaders. This hydraulic cylinder enables the bucket to lift, lower, and tilt, facilitating efficient material handling [&hellip;]<\/p>","protected":false},"featured_media":17869,"comment_status":"open","ping_status":"closed","template":"","meta":{"_et_pb_use_builder":"","_et_pb_old_content":"","_et_gb_content_width":""},"product_brand":[],"product_cat":[1546],"product_tag":[1547,1496],"class_list":{"0":"post-19666","1":"product","2":"type-product","3":"status-publish","4":"has-post-thumbnail","6":"product_cat-boom-cylinders","7":"product_tag-boom-cylinders","8":"product_tag-hydraulic-cylinders","10":"first","11":"instock","12":"shipping-taxable","13":"product-type-simple"},"amp_enabled":true,"_links":{"self":[{"href":"https:\/\/www.hydraulic-cylinders.net\/lt\/wp-json\/wp\/v2\/product\/19666","targetHints":{"allow":["GET"]}}],"collection":[{"href":"https:\/\/www.hydraulic-cylinders.net\/lt\/wp-json\/wp\/v2\/product"}],"about":[{"href":"https:\/\/www.hydraulic-cylinders.net\/lt\/wp-json\/wp\/v2\/types\/product"}],"replies":[{"embeddable":true,"href":"https:\/\/www.hydraulic-cylinders.net\/lt\/wp-json\/wp\/v2\/comments?post=19666"}],"wp:featuredmedia":[{"embeddable":true,"href":"https:\/\/www.hydraulic-cylinders.net\/lt\/wp-json\/wp\/v2\/media\/17869"}],"wp:attachment":[{"href":"https:\/\/www.hydraulic-cylinders.net\/lt\/wp-json\/wp\/v2\/media?parent=19666"}],"wp:term":[{"taxonomy":"product_brand","embeddable":true,"href":"https:\/\/www.hydraulic-cylinders.net\/lt\/wp-json\/wp\/v2\/product_brand?post=19666"},{"taxonomy":"product_cat","embeddable":true,"href":"https:\/\/www.hydraulic-cylinders.net\/lt\/wp-json\/wp\/v2\/product_cat?post=19666"},{"taxonomy":"product_tag","embeddable":true,"href":"https:\/\/www.hydraulic-cylinders.net\/lt\/wp-json\/wp\/v2\/product_tag?post=19666"}],"curies":[{"name":"wp","href":"https:\/\/api.w.org\/{rel}","templated":true}]}}