{"id":19667,"date":"2025-04-07T07:00:36","date_gmt":"2025-04-07T07:00:36","guid":{"rendered":"https:\/\/www.hydraulic-cylinders.net\/product\/boom-cylinder-for-nhig-2306lc\/"},"modified":"2025-04-07T07:00:38","modified_gmt":"2025-04-07T07:00:38","slug":"boom-cylinder-for-nhig-2306lc","status":"publish","type":"product","link":"https:\/\/www.hydraulic-cylinders.net\/lt\/produktas\/boom-cylinder-for-nhig-2306lc\/","title":{"rendered":"Str\u0117l\u0117s cilindras, skirtas NHIG 2306LC"},"content":{"rendered":"<h1>Str\u0117l\u0117s cilindras, skirtas NHIG 2306LC<\/h1>\n<h2>Produkto ap\u017evalga<\/h2>\n<p>NHIG 2306LC str\u0117l\u0117s cilindras yra specializuotas hidraulinis cilindras, skirtas sunkiosioms ma\u0161inoms, ypa\u010d ekskavatoriams, ekskavatoriniams krautuvams ir frontaliniams krautuvams. \u0160io tipo hidraulinis cilindras valdo kau\u0161o jud\u0117jim\u0105, leisdamas jam efektyviai kelti, nuleisti ir pakreipti. Str\u0117l\u0117s cilindras atlieka labai svarb\u0173 vaidmen\u012f hidraulin\u0117se sistemose, u\u017etikrindamas reikiam\u0105 j\u0117g\u0105 \u012fvairioms med\u017eiag\u0173 tvarkymo u\u017eduotims atlikti. Naudodami hidraulinio skys\u010dio sl\u0117g\u012f, \u0161ie cilindrai gali atlikti tikslius judesius, reikalingus kasti, kelti ir transportuoti sunkius krovinius. \u0160is hidraulinis cilindras yra b\u016btinas norint optimizuoti statybini\u0173 ir \u017eem\u0117s \u016bkio ma\u0161in\u0173 na\u0161um\u0105.<\/p>\n<p><img decoding=\"async\" src=\"https:\/\/www.hydraulic-cylinders.net\/wp-content\/uploads\/2025\/04\/songte-company-1.webp\" alt=\"Str\u0117l\u0117s cilindro vaizdas\"><\/p>\n<h2>Str\u0117l\u0117s cilindro savyb\u0117s<\/h2>\n<ul>\n<li><strong>Didelis stiprumas ir ilgaam\u017ei\u0161kumas:<\/strong> Pagamintas i\u0161 didelio stiprumo plieno arba aliuminio, \u0161is cilindras yra skirtas atlaikyti auk\u0161t\u0105 sl\u0117g\u012f ir dideles apkrovas, tod\u0117l tinka at\u0161iaurioms darbo aplinkoms.<\/li>\n<li><strong>Efektyvus hidraulinis valdymas:<\/strong> Jis naudoja hidraulin\u0117s alyvos sl\u0117g\u012f, kad i\u0161skleidimo ir atitraukimo procesas b\u016bt\u0173 sklandus ir jautrus, tod\u0117l galinga st\u016bmimo ir traukimo j\u0117ga idealiai tinka sunkioms ir sud\u0117tingoms u\u017eduotims atlikti.<\/li>\n<li><strong>\u012evair\u016bs tipai:<\/strong> Galima \u012fsigyti vienpusio veikimo (veikian\u010di\u0173 viena kryptimi) arba dvipusio veikimo (veikian\u010di\u0173 abiem kryptimis) konfig\u016bracij\u0173, kad b\u016bt\u0173 patenkinti \u012fvair\u016bs eksploatavimo poreikiai. Kai kurie modeliai pasi\u017eymi teleskopine konstrukcija, leid\u017eian\u010dia didesn\u012f i\u0161pl\u0117tim\u0105 nedidinant i\u0161orini\u0173 matmen\u0173, tod\u0117l tinka naudoti ribotoje erdv\u0117je.<\/li>\n<\/ul>\n<h2>M\u016bs\u0173 gamybos paj\u0117gumai<\/h2>\n<p>Mes did\u017eiuojam\u0117s gamindami \u0161\u012f produkt\u0105, u\u017etikrindami, kad m\u016bs\u0173 cilindrai puikiai pakeis esamus hidraulinius cilindrus rinkoje.<\/p>\n<p><img decoding=\"async\" src=\"https:\/\/www.hydraulic-cylinders.net\/wp-content\/uploads\/2025\/04\/songte-cylinder-head-with-all-kinds-excavator-models.webp\" alt=\"Cilindro gamybos vaizdas\"><\/p>\n<h2>Taikymo scenarijai<\/h2>\n<h3>Statybin\u0117 \u012franga<\/h3>\n<p>In excavators, the boom cylinder is vital for digging, loading, and moving dirt or debris. These cylinders provide the necessary force to penetrate the ground, facilitating efficient excavation. In backhoe loaders, the bucket cylinder aids in both digging and lifting, enhancing the machine&#8217;s versatility for various construction tasks.<\/p>\n<h3>\u017dem\u0117s \u016bkio technika<\/h3>\n<p>Priekiniuose krautuvuose str\u0117l\u0117s cilindras yra labai svarbus semiant, keliant ir transportuojant dirvo\u017eem\u012f, \u0161ien\u0105 ir kitas med\u017eiagas. D\u0117l savo patikimumo ir tvirtumo jis yra esminis komponentas \u017eem\u0117s \u016bkio darbuose, kur reikalingas efektyvus med\u017eiag\u0173 tvarkymas.<\/p>\n<h3>Ekskavatoriai<\/h3>\n<p>Ekskavatoriuose naudojami str\u0117l\u0117s cilindrai, kad kau\u0161as gal\u0117t\u0173 efektyviai \u012fsiskverbti \u012f \u017eem\u0119 ir atlikti gilius kasimo darbus. \u0160i\u0173 hidraulini\u0173 cilindr\u0173 u\u017etikrinamas tikslumas ir valdymas yra s\u0117kming\u0173 kasimo darb\u0173 raktas.<\/p>\n<h3>Krautuvai<\/h3>\n<p>Priekiniuose krautuvuose str\u0117l\u0117s cilindrai padeda efektyviai kelti ir i\u0161versti krovinius. J\u0173 geb\u0117jimas u\u017etikrinti didel\u0119 keliam\u0105j\u0105 j\u0117g\u0105 u\u017etikrina, kad med\u017eiagas b\u016bt\u0173 galima efektyviai perkelti ir pad\u0117ti ten, kur reikia.<\/p>\n<h2>Projektavimo aspektai ir atrankos kriterijai<\/h2>\n<h3>Keliamoji galia<\/h3>\n<p>Renkantis str\u0117l\u0117s cilindr\u0105, labai svarbus yra apkrovos paj\u0117gumas. Jis lemia maksimal\u0173 svor\u012f, kur\u012f cilindras gali saugiai atlaikyti be gedim\u0173. Tam \u012ftakos turi jo konstrukcijoje naudojama med\u017eiaga, cilindro skersmuo ir hidraulinis sl\u0117gis, kuriuo jis veikia. Gerai suprojektuoto cilindro apkrovos paj\u0117gumas tur\u0117t\u0173 vir\u0161yti maksimali\u0105 numatom\u0105 apkrov\u0105 eksploatacijos metu, kad b\u016bt\u0173 u\u017etikrintas saugumas ir patikimumas.<\/p>\n<h3>Sandarinimo efektyvumas<\/h3>\n<p>Effective sealing is essential to prevent hydraulic fluid leaks and ensure the efficient operation of the cylinder. The selection of high-quality seals, such as piston seals and rod seals, made from durable materials like polyurethane or nitrile rubber, is crucial. Proper sealing extends the cylinder&#8217;s lifespan and maintains operational efficiency by minimizing fluid loss.<\/p>\n<h3>Patvarumas<\/h3>\n<p>The durability of a boom cylinder is influenced by its construction materials and the quality of manufacturing. High-strength materials that can withstand wear and tear are essential for long-term performance. Additionally, surface treatments and coatings can enhance resistance to corrosion and abrasion, further extending the cylinder&#8217;s lifespan.<\/p>\n<h3>Saugos funkcijos<\/h3>\n<p>Projektuojant hidraulinius cilindrus, saugumas yra svarbiausias dalykas. Tokios savyb\u0117s kaip sl\u0117gio ma\u017einimo vo\u017etuvai ir saugos stabdymo mechanizmai gali u\u017ekirsti keli\u0105 perkrovoms, u\u017etikrinant, kad \u012franga veikt\u0173 saugiose ribose. \u0160ios saugos priemon\u0117s apsaugo tiek ma\u0161in\u0105, tiek operatori\u0173 nuo galim\u0173 pavoj\u0173, susijusi\u0173 su hidrauliniais gedimais.<\/p>\n<h3>Prieinamumas prie prie\u017ei\u016bros<\/h3>\n<p>Str\u0117l\u0117s cilindro projektavimas atsi\u017evelgiant \u012f technin\u0119 prie\u017ei\u016br\u0105 yra labai svarbus siekiant u\u017etikrinti ilgaam\u017ei\u0161kum\u0105 ir na\u0161um\u0105. Savyb\u0117s, leid\u017eian\u010dios lengvai pasiekti sandariklius ir kitus komponentus, supaprastina \u012fprastin\u0119 technin\u0119 prie\u017ei\u016br\u0105, suma\u017eina prastovas ir remonto i\u0161laidas. Galimyb\u0117 reguliariai atlikti patikras ir technin\u0119 prie\u017ei\u016br\u0105 laikui b\u0117gant \u017eymiai pagerins cilindro na\u0161um\u0105 ir patikimum\u0105.<\/p>\n<p><img decoding=\"async\" src=\"https:\/\/www.hydraulic-cylinders.net\/wp-content\/uploads\/2025\/04\/songte-oil-pipes-and-spare-parts.webp\" alt=\"Hidraulini\u0173 dali\u0173 vaizdas\"><\/p>\n<h2>Sandarinimas ir tepimas<\/h2>\n<p>Hidraulini\u0173 cilindr\u0173 efektyvumas labai priklauso nuo j\u0173 sandarinimo ir tepimo sistem\u0173. \u012evair\u016bs sandarinimo komponentai, tokie kaip st\u016bmokli\u0173 ir stryp\u0173 sandarikliai, naudojami hidrauliniam sl\u0117giui palaikyti ir nuot\u0117kiams i\u0161vengti. Optimaliam veikimui labai svarbu pasirinkti sandariklius, pagamintus i\u0161 atspari\u0173 dilimui med\u017eiag\u0173, toki\u0173 kaip poliuretanas ir nitrilo kau\u010diukas. Be to, cilindro korpusas ir srieginiai galai yra tiksliai apdirbami, siekiant padidinti atsparum\u0105 dilimui.<\/p>\n<p>Regular lubrication is also crucial for maintaining the cylinder&#8217;s performance. This involves periodically adding the appropriate type of hydraulic oil to ensure smooth operation and reduce friction between moving parts. Proper lubrication extends the lifespan of the seals and prevents premature wear, contributing to the overall reliability of the hydraulic system.<\/p>\n<h2>Reguliarus patikrinimas ir prevencin\u0117 prie\u017ei\u016bra<\/h2>\n<ul>\n<li><strong>Vizualiniai patikrinimai:<\/strong> Reguliar\u016bs vizualiniai patikrinimai padeda nustatyti bet kokius susid\u0117v\u0117jimo, nuot\u0117ki\u0173 ar pa\u017eeidim\u0173 po\u017eymius. Operatoriai tur\u0117t\u0173 b\u016bti apmokyti anksti atpa\u017einti galimas problemas, tokias kaip sudil\u0119 sandarikliai ar skys\u010di\u0173 nuot\u0117kiai, ir greitai jas spr\u0119sti.<\/li>\n<li><strong>Tepimo grafikas:<\/strong> Establishing a routine lubrication schedule is essential for maintaining the cylinder&#8217;s performance. Operators should adhere to the manufacturer\u2019s recommendations for lubrication intervals and quantities, ensuring that all moving parts are adequately lubricated to reduce friction and wear.<\/li>\n<li><strong>Sandariklio keitimas:<\/strong> Reguliarus sandarikli\u0173 tikrinimas ir keitimas pagal poreik\u012f yra labai svarbus norint palaikyti hidraulin\u012f sl\u0117g\u012f ir i\u0161vengti nuot\u0117ki\u0173. Operatoriai tur\u0117t\u0173 \u017einoti \u017eenklus, rodan\u010dius, kada reikia keisti sandariklius, kad cilindras veikt\u0173 efektyviai.<\/li>\n<\/ul>\n<h2>\u012erengimo gair\u0117s<\/h2>\n<p>Tinkamas str\u0117l\u0117s cilindr\u0173 montavimas yra b\u016btinas saugiam ir efektyviam darbui. \u012esitikinkite, kad cilindras yra tinkamai sulygiuotas su tvirtinimo ta\u0161kais, kad i\u0161vengtum\u0117te per didelio \u012ftempimo ir galimo gedimo. Naudokite tinkamus tvirtinimo laikiklius, kad tvirtai pritvirtintum\u0117te cilindr\u0105. Montuodami \u012fsitikinkite, kad visos hidraulin\u0117s linijos yra tinkamai prijungtos, be u\u017elenkim\u0173 ar kli\u016b\u010di\u0173, kurios gal\u0117t\u0173 trukdyti skys\u010dio tek\u0117jimui.<\/p>\n<p>It is also crucial to bleed the hydraulic system of any air pockets that may form during installation, as trapped air can affect the cylinder&#8217;s performance. After installation, conduct a test run to ensure that the cylinder operates smoothly and responds accurately to control commands. Regularly check for leaks around the fittings and seals after installation to ensure the integrity of the hydraulic system.<\/p>\n<h2>\u012eprastos prie\u017ei\u016bros u\u017eduotys<\/h2>\n<ul>\n<li><strong>Reguliar\u016bs patikrinimai:<\/strong> Reguliar\u016bs str\u0117l\u0117s cilindro patikrinimai padeda nustatyti problemas, kol jos nepa\u016bm\u0117jo. Patikrinkite, ar n\u0117ra nuot\u0117ki\u0173, susid\u0117v\u0117jimo ar pa\u017eeidim\u0173 po\u017eymi\u0173, kad i\u0161laikytum\u0117te veiklos efektyvum\u0105.<\/li>\n<li><strong>Tinkamas tepimas:<\/strong> Keeping the cylinder well-lubricated is essential for smooth operation. Follow the manufacturer&#8217;s guidelines for the type and frequency of lubrication to prevent friction and wear.<\/li>\n<li><strong>Sandariklio keitimas:<\/strong> Reguliariai steb\u0117kite tarpikli\u0173 b\u016bkl\u0119. Jei pastebite susid\u0117v\u0117jimo ar nusid\u0117v\u0117jimo po\u017eymi\u0173, nedelsdami pakeiskite tarpiklius, kad i\u0161vengtum\u0117te hidraulinio skys\u010dio nuot\u0117kio ir i\u0161laikytum\u0117te na\u0161um\u0105.<\/li>\n<\/ul>\n<h2>Saugos aspektai ir aplinkos veiksniai<\/h2>\n<p>When operating hydraulic equipment, safety measures are paramount. Operators should wear appropriate personal protective equipment (PPE) and ensure that safety features on the machinery are functioning correctly. It is also crucial to follow manufacturer&#8217;s guidelines regarding the operation and maintenance of hydraulic cylinders to minimize the risk of accidents.<\/p>\n<p>Taip pat reik\u0117t\u0173 atsi\u017evelgti \u012f aplinkos veiksnius. Tinkamas hidraulini\u0173 skys\u010di\u0173 ir prie\u017ei\u016bros med\u017eiag\u0173 utilizavimas yra b\u016btinas siekiant i\u0161vengti ekologin\u0117s \u017ealos. Naudojant aplinkai nekenksmingas hidraulines alyvas galima dar labiau suma\u017einti hidraulini\u0173 operacij\u0173 poveik\u012f aplinkai.<\/p>\n<h2>Gedim\u0173 diagnostika ir da\u017eniausios problemos<\/h2>\n<ul>\n<li><strong>Nesandar\u016bs sandarikliai:<\/strong> Viena i\u0161 da\u017eniausiai pasitaikan\u010di\u0173 problem\u0173 yra nesandar\u016bs sandarikliai, d\u0117l kuri\u0173 gali suma\u017e\u0117ti hidraulinis sl\u0117gis. D\u0117l \u0161ios problemos gali prireikti nedelsiant patikrinti ir pakeisti sandarikl\u012f.<\/li>\n<li><strong>L\u0117tas veikimas:<\/strong> Jei str\u0117l\u0117s cilindras veikia l\u0117tai, tai gali rodyti \u017eem\u0105 hidraulinio skys\u010dio lyg\u012f arba sistemoje yra \u012fstrigusio oro. Skys\u010dio lygio patikrinimas ir sistemos nuorinimas tur\u0117t\u0173 b\u016bti pirmieji trik\u010di\u0173 \u0161alinimo \u017eingsniai.<\/li>\n<li><strong>Nereaguojantys valdikliai:<\/strong> Nereaguojantis str\u0117l\u0117s cilindras gali rodyti hidraulinius u\u017esikim\u0161imus arba valdymo sistemos gedimus. B\u016btina patikrinti hidraulines linijas ir valdymo vo\u017etuvus, ar n\u0117ra u\u017esikim\u0161im\u0173.<\/li>\n<\/ul>\n<h2>Trik\u010di\u0173 \u0161alinimo patarimai<\/h2>\n<p>Nor\u0117dami veiksmingai diagnozuoti ir i\u0161spr\u0119sti str\u0117l\u0117s cilindro problemas, operatoriai pirmiausia tur\u0117t\u0173 nustatyti bet kokius nenormalius po\u017eymius darbo metu. Reguliar\u016bs technin\u0117s prie\u017ei\u016bros \u017eurnalai gali pad\u0117ti steb\u0117ti na\u0161umo poky\u010dius laikui b\u0117gant. Jei sandarikliai nesandar\u016bs, juos b\u016btina nedelsiant patikrinti ir pakeisti, kad b\u016bt\u0173 i\u0161vengta hidraulinio skys\u010dio praradimo. L\u0117to darbo metu na\u0161um\u0105 galima atkurti patikrinus skys\u010di\u0173 lyg\u012f ir \u012fsitikinus, kad sistemoje n\u0117ra oro. Nereaguojan\u010di\u0173 valdikli\u0173 atveju problem\u0105 galima nustatyti patikrinus \u017earnas ir vo\u017etuvus, ar n\u0117ra u\u017esikim\u0161im\u0173.<\/p>\n<p>\u012egyvendinant prevencines priemones, tokias kaip \u012fprasti patikrinimai ir savalaik\u0117 prie\u017ei\u016bra, galima suma\u017einti \u0161i\u0173 da\u017en\u0173 problem\u0173 rizik\u0105. Operatoriai tur\u0117t\u0173 b\u016bti apmokyti atpa\u017einti ankstyvuosius \u012fsp\u0117jamuosius \u017eenklus, kad gal\u0117t\u0173 greitai imtis taisom\u0173j\u0173 veiksm\u0173 ir u\u017etikrinti, kad hidraulin\u0117 sistema i\u0161likt\u0173 funkcionali ir efektyvi.<\/p>\n<p><img decoding=\"async\" src=\"https:\/\/www.hydraulic-cylinders.net\/wp-content\/uploads\/2025\/04\/songte-bushings-with-all-kinds-of-excavator-models.webp\" alt=\"\u012evori\u0173 vaizdas\"><\/p>\n<h2>\u012emon\u0117s ap\u017evalga<\/h2>\n<p>Esame pakaitini\u0173 hidraulini\u0173 cilindr\u0173 gamintojas, si\u016blantis plat\u0173 gamini\u0173 asortiment\u0105. B\u016bdami vieni i\u0161 pirmaujan\u010di\u0173 hidraulini\u0173 cilindr\u0173 gamintoj\u0173 ir didmeninink\u0173 tiek vidaus, tiek tarptautin\u0117se rinkose, laikom\u0117s auk\u0161\u010diausios kokyb\u0117s ir efektyvi\u0173 gamybos valdymo strategij\u0173. M\u016bs\u0173 \u012fmon\u0117 nuolat tobulina gamybos paj\u0117gumus, pasitelkdama kvalifikuotus specialistus, pa\u017eangi\u0105 skaitmenin\u0119 gamybos \u012frang\u0105 ir i\u0161samias bandym\u0173 sistemas.<\/p>\n<p>Esame \u012fsipareigoj\u0119 tenkinti \u012fvairius klient\u0173 poreikius, u\u017etikrindami auk\u0161t\u0105 efektyvum\u0105, tikslum\u0105 ir kokyb\u0119. M\u016bs\u0173 produktai yra sukurti atsi\u017evelgiant \u012f pritaikym\u0105, u\u017etikrinant, kad patenkintume konkre\u010dius klient\u0173 reikalavimus ir i\u0161laikytume tarptautinius sertifikatus. M\u016bs\u0173 patikimas garantinio aptarnavimo servisas dar labiau i\u0161skiria mus kaip patikim\u0105 partner\u012f hidraulini\u0173 cilindr\u0173 pramon\u0117je.<\/p>\n<p><img decoding=\"async\" src=\"https:\/\/www.hydraulic-cylinders.net\/wp-content\/uploads\/2025\/04\/songte-company-4.webp\" alt=\"\u012emon\u0117s \u012fvaizdis\"><br \/>\n<img decoding=\"async\" src=\"https:\/\/www.hydraulic-cylinders.net\/wp-content\/uploads\/2025\/04\/songte-company-3.webp\" alt=\"\u012emon\u0117s \u012fvaizdis\"><\/p>\n<p>Autorius: lyl<\/p>","protected":false},"excerpt":{"rendered":"<p>Boom Cylinder For NHIG 2306LC Product Overview The Boom Cylinder for NHIG 2306LC is a specialized hydraulic cylinder designed for heavy machinery, particularly excavators, backhoe loaders, and front loaders. This type of hydraulic cylinder controls the movement of the bucket, enabling it to lift, lower, and tilt efficiently. The boom cylinder plays a crucial role [&hellip;]<\/p>","protected":false},"featured_media":17870,"comment_status":"open","ping_status":"closed","template":"","meta":{"_et_pb_use_builder":"","_et_pb_old_content":"","_et_gb_content_width":""},"product_brand":[],"product_cat":[1546],"product_tag":[1547,1496],"class_list":{"0":"post-19667","1":"product","2":"type-product","3":"status-publish","4":"has-post-thumbnail","6":"product_cat-boom-cylinders","7":"product_tag-boom-cylinders","8":"product_tag-hydraulic-cylinders","10":"first","11":"instock","12":"shipping-taxable","13":"product-type-simple"},"amp_enabled":true,"_links":{"self":[{"href":"https:\/\/www.hydraulic-cylinders.net\/lt\/wp-json\/wp\/v2\/product\/19667","targetHints":{"allow":["GET"]}}],"collection":[{"href":"https:\/\/www.hydraulic-cylinders.net\/lt\/wp-json\/wp\/v2\/product"}],"about":[{"href":"https:\/\/www.hydraulic-cylinders.net\/lt\/wp-json\/wp\/v2\/types\/product"}],"replies":[{"embeddable":true,"href":"https:\/\/www.hydraulic-cylinders.net\/lt\/wp-json\/wp\/v2\/comments?post=19667"}],"wp:featuredmedia":[{"embeddable":true,"href":"https:\/\/www.hydraulic-cylinders.net\/lt\/wp-json\/wp\/v2\/media\/17870"}],"wp:attachment":[{"href":"https:\/\/www.hydraulic-cylinders.net\/lt\/wp-json\/wp\/v2\/media?parent=19667"}],"wp:term":[{"taxonomy":"product_brand","embeddable":true,"href":"https:\/\/www.hydraulic-cylinders.net\/lt\/wp-json\/wp\/v2\/product_brand?post=19667"},{"taxonomy":"product_cat","embeddable":true,"href":"https:\/\/www.hydraulic-cylinders.net\/lt\/wp-json\/wp\/v2\/product_cat?post=19667"},{"taxonomy":"product_tag","embeddable":true,"href":"https:\/\/www.hydraulic-cylinders.net\/lt\/wp-json\/wp\/v2\/product_tag?post=19667"}],"curies":[{"name":"wp","href":"https:\/\/api.w.org\/{rel}","templated":true}]}}