{"id":19669,"date":"2025-04-07T07:00:42","date_gmt":"2025-04-07T07:00:42","guid":{"rendered":"https:\/\/www.hydraulic-cylinders.net\/product\/boom-cylinder-for-bada-wys60\/"},"modified":"2025-04-07T07:00:52","modified_gmt":"2025-04-07T07:00:52","slug":"boom-cylinder-for-bada-wys60","status":"publish","type":"product","link":"https:\/\/www.hydraulic-cylinders.net\/lt\/produktas\/boom-cylinder-for-bada-wys60\/","title":{"rendered":"Str\u0117l\u0117s cilindras, skirtas Bada WYS60"},"content":{"rendered":"<h1>Str\u0117l\u0117s cilindras, skirtas Bada WYS60<\/h1>\n<h2>\u012evadas \u012f str\u0117l\u0117s cilindr\u0105<\/h2>\n<p>\u201eBada WYS60\u201c str\u0117l\u0117s cilindras yra esminis komponentas, skirtas sunkiosioms ma\u0161inoms, ypa\u010d hidraulin\u0117ms sistemoms. \u0160is hidraulinis cilindras atlieka labai svarb\u0173 vaidmen\u012f valdant kau\u0161o jud\u0117jim\u0105 ekskavatoriuose, ekskavatoriniuose krautuvais ir frontaliniuose krautuvuose. Leisdamas kau\u0161ui pakilti, nuleisti ir pakreipti, jis palengvina efektyv\u0173 med\u017eiag\u0173 tvarkym\u0105 \u012fvairiose pramon\u0117s \u0161akose.<\/p>\n<p>I\u0161 esm\u0117s str\u0117l\u0117s cilindras yra hidraulinis pavaros mechanizmas, kuris hidraulin\u0119 energij\u0105 paver\u010dia mechanine j\u0117ga, leisdamas operatoriams atlikti sud\u0117tingus judesius su sunkia \u012franga. \u0160ie cilindrai yra sukurti taip, kad atlaikyt\u0173 sud\u0117tingos darbo aplinkos s\u0105lygas, tod\u0117l jie yra gyvybi\u0161kai svarb\u016bs statybose, \u017eem\u0117s \u016bkyje ir kasyboje.<\/p>\n<p><img decoding=\"async\" src=\"https:\/\/www.hydraulic-cylinders.net\/wp-content\/uploads\/2025\/04\/songte-company-1.webp\" alt=\"Str\u0117l\u0117s cilindro vaizdas\" \/><\/p>\n<h2>Str\u0117l\u0117s cilindro savyb\u0117s<\/h2>\n<ul>\n<li>\n<h3>Didelis stiprumas ir ilgaam\u017ei\u0161kumas<\/h3>\n<p>Paprastai i\u0161 didelio stiprumo plieno arba aliuminio pagamintas str\u0117l\u0117s cilindras gali atlaikyti didel\u012f sl\u0117g\u012f ir dideles apkrovas. Jo konstrukcija atsi\u017evelgia \u012f atsparum\u0105 dilimui ir apsaug\u0105 nuo korozijos, u\u017etikrinant ilgaam\u017ei\u0161kum\u0105 at\u0161iauriomis darbo s\u0105lygomis.<\/p>\n<\/li>\n<li>\n<h3>Efektyvus hidraulinis valdymas<\/h3>\n<p>Naudodamas hidraulin\u0117s alyvos sl\u0117g\u012f, cilindras u\u017etikrina skland\u0173 i\u0161pl\u0117tim\u0105 ir \u012ftraukim\u0105. Jis greitai reaguoja \u012f operatoriaus komandas, u\u017etikrindamas galingas st\u016bmimo ir traukimo j\u0117gas, tinkamas sunkioms ir sud\u0117tingoms u\u017eduotims atlikti.<\/p>\n<\/li>\n<li>\n<h3>\u012evair\u016bs tipai<\/h3>\n<p>Str\u0117l\u0117s cilindr\u0105 galima pritaikyti kaip vienpusio veikimo (hidraulinis veikimas viena kryptimi) arba dvipusio veikimo (hidraulinis veikimas abiem kryptimis), kad b\u016bt\u0173 patenkinti \u012fvair\u016bs eksploatavimo reikalavimai. Kai kurie modeliai yra teleskopin\u0117s konstrukcijos, leid\u017eian\u010dios pasiekti didesn\u012f atstum\u0105 nedidinant i\u0161orini\u0173 matmen\u0173, tod\u0117l tai idealiai tinka naudoti ribotoje erdv\u0117je.<\/p>\n<\/li>\n<li>\n<h3>Individuali gamyba<\/h3>\n<p>Mes specializuojam\u0117s \u0161io produkto gamyboje, u\u017etikrindami, kad m\u016bs\u0173 hidrauliniai cilindrai puikiai pakeis esamus modelius ir klientams suteiks patikim\u0105 alternatyv\u0105.<\/p>\n<\/li>\n<\/ul>\n<p><img decoding=\"async\" src=\"https:\/\/www.hydraulic-cylinders.net\/wp-content\/uploads\/2025\/04\/songte-cylinder-head-with-all-kinds-excavator-models.webp\" alt=\"Ekskavatori\u0173 modeli\u0173 vaizdas\" \/><\/p>\n<h2>Str\u0117l\u0117s cilindro pritaikymas<\/h2>\n<ul>\n<li>\n<h3>Statybin\u0117 \u012franga<\/h3>\n<p>Ekskavatoriuose str\u0117l\u0117s cilindrai yra gyvybi\u0161kai svarb\u016bs kasant, kraunant ir perkeliant grunt\u0105 ar \u0161iuk\u0161les. Jie leid\u017eia kau\u0161ui efektyviai \u012fsiskverbti \u012f \u017eem\u0119, tod\u0117l kasimo darbai tampa efektyvesni. Ekskavatoriuose-krautuvuose \u0161ie cilindrai padeda atlikti tiek kasimo, tiek k\u0117limo operacijas, padidindami ma\u0161inos universalum\u0105.<\/p>\n<\/li>\n<li>\n<h3>\u017dem\u0117s \u016bkio technika<\/h3>\n<p>Priekiniuose krautuvuose naudojami str\u0117l\u0117s cilindrai yra labai svarb\u016bs dirvo\u017eemio, \u0161ieno ir kit\u0173 med\u017eiag\u0173 k\u0117limui, k\u0117limui ir transportavimui. Jie u\u017etikrina skland\u0173 darb\u0105 atliekant \u017eem\u0117s \u016bkio u\u017eduotis ir prisideda prie didesnio produktyvumo \u017eem\u0117s \u016bkio sektoriuose.<\/p>\n<\/li>\n<li>\n<h3>Ekskavatoriai<\/h3>\n<p>\u0160ie cilindrai leid\u017eia kau\u0161ui \u012fsiskverbti \u012f dirv\u0105, taip palengvindami efektyvius kasimo darbus. Tvirta j\u0173 konstrukcija u\u017etikrina, kad jie atlaikyt\u0173 dideles j\u0117gas, susidaran\u010dias kasimo metu, tod\u0117l jie yra nepakei\u010diami \u0161ioje srityje.<\/p>\n<\/li>\n<li>\n<h3>Krautuvai<\/h3>\n<p>Priekiniuose krautuvuose str\u0117l\u0117s cilindrai padeda efektyviai kelti ir i\u0161versti krovinius. Jie leid\u017eia operatoriams skland\u017eiai atlikti med\u017eiag\u0173 tvarkymo u\u017eduotis, padidinant veiklos efektyvum\u0105.<\/p>\n<\/li>\n<\/ul>\n<h2>Projektavimo aspektai ir atrankos kriterijai<\/h2>\n<ul>\n<li>\n<h3>Keliamoji galia<\/h3>\n<p>Renkantis str\u0117l\u0117s cilindr\u0105, labai svarbu suprasti keliam\u0105j\u0105 gali\u0105. Cilindras turi atlaikyti did\u017eiausias eksploatacijos metu kylan\u010dias apkrovas nepakenkiant na\u0161umui ar saugumui. Tinkamas apkrovos apskai\u010diavimas u\u017etikrina efektyv\u0173 cilindro veikim\u0105 ir suma\u017eina gedimo rizik\u0105.<\/p>\n<\/li>\n<li>\n<h3>Sandarinimo efektyvumas<\/h3>\n<p>Efektyvus sandarinimas yra labai svarbus hidrauliniams cilindrams, siekiant i\u0161vengti nuot\u0117ki\u0173 ir palaikyti optimal\u0173 sl\u0117g\u012f. Auk\u0161tos kokyb\u0117s sandarikliai u\u017etikrina, kad hidraulinis skystis likt\u0173 sandarus, tuo pa\u010diu u\u017etikrinant skland\u0173 cilindro veikim\u0105. Norint u\u017etikrinti nuolatin\u012f veikim\u0105, b\u016btina reguliariai tikrinti sandariklius.<\/p>\n<\/li>\n<li>\n<h3>Patvarumas<\/h3>\n<p>Str\u0117l\u0117s cilindro konstrukcijai labai svarbus ilgaam\u017ei\u0161kumas, nes \u0161ie komponentai veikiami at\u0161iauri\u0173 aplinkos s\u0105lyg\u0173 ir dideli\u0173 apkrov\u0173. Auk\u0161tos kokyb\u0117s med\u017eiag\u0173 ir dang\u0173 naudojimas gali \u017eymiai pailginti cilindro tarnavimo laik\u0105, suma\u017eindamas da\u017eno keitimo poreik\u012f.<\/p>\n<\/li>\n<li>\n<h3>Saugos funkcijos<\/h3>\n<p>Saugos funkcij\u0173 \u012ftraukimas \u012f str\u0117l\u0117s cilindr\u0173 konstrukcij\u0105 yra labai svarbus siekiant apsaugoti operatorius ir ma\u0161inas. Tokios funkcijos kaip sl\u0117gio ma\u017einimo vo\u017etuvai ir avarinio stabdymo mechanizmai gali pad\u0117ti i\u0161vengti nelaiming\u0173 atsitikim\u0173 ir \u012frangos pa\u017eeidim\u0173 eksploatacijos metu.<\/p>\n<\/li>\n<li>\n<h3>Prieinamumas prie prie\u017ei\u016bros<\/h3>\n<p>Konstrukcijos, kurios leid\u017eia lengvai pri\u017ei\u016br\u0117ti ir pasiekti vidinius komponentus, gali \u017eymiai suma\u017einti prastovas ir pagerinti eksploatavimo efektyvum\u0105. Reguliar\u016bs technin\u0117s prie\u017ei\u016bros patikrinimai ir lengva prieiga prie dali\u0173 palengvina remont\u0105 ir pailgina cilindro tarnavimo laik\u0105.<\/p>\n<\/li>\n<\/ul>\n<p><img decoding=\"async\" src=\"https:\/\/www.hydraulic-cylinders.net\/wp-content\/uploads\/2025\/04\/songte-oil-pipes-and-spare-parts.webp\" alt=\"Hidraulini\u0173 komponent\u0173 vaizdas\" \/><\/p>\n<h2>Hidraulinio cilindro sandarinimas ir tepimas<\/h2>\n<p>Tinkamas sandarinimas ir tepimas yra gyvybi\u0161kai svarb\u016bs optimaliam str\u0117l\u0117s cilindr\u0173 veikimui. \u012evair\u016bs sandarikliai, tokie kaip st\u016bmokli\u0173 ir stryp\u0173 sandarikliai, naudojami siekiant sukurti sandar\u0173 barjer\u0105, apsaugant\u012f nuo hidraulinio skys\u010dio nuot\u0117kio. Sandarikliai da\u017enai gaminami i\u0161 patvari\u0173 med\u017eiag\u0173, toki\u0173 kaip poliuretanas ir nitrilo kau\u010diukas, kad b\u016bt\u0173 atspar\u016bs nusid\u0117v\u0117jimui.<\/p>\n<p>Cilindro korpusas ir srieginiai galai yra kruop\u0161\u010diai apdirbti, siekiant padidinti atsparum\u0105 dilimui ir u\u017etikrinti ilgaam\u017ei\u0161kum\u0105. Reguliarus tepimas hidrauline alyva yra b\u016btinas norint u\u017etikrinti skland\u0173 veikim\u0105. Tinkamas alyvos lygis suma\u017eina trint\u012f ir \u0161ilumos kaupim\u0105si, pailgindamas cilindro tarnavimo laik\u0105 ir efektyvum\u0105.<\/p>\n<h2>Reguliarus patikrinimas ir prevencin\u0117 prie\u017ei\u016bra<\/h2>\n<ul>\n<li>\n<h3>\u012eprastin\u0117 ap\u017ei\u016bra<\/h3>\n<p>Reik\u0117t\u0173 reguliariai atlikti patikrinimus, kad b\u016bt\u0173 nustatyti bet kokie susid\u0117v\u0117jimo, nuot\u0117ki\u0173 ar pa\u017eeidim\u0173 po\u017eymiai. Laiku aptikus problemas galima i\u0161vengti rimtesni\u0173 problem\u0173 ateityje. Operatoriai tur\u0117t\u0173 b\u016bti apmokyti atpa\u017einti \u012fsp\u0117jamuosius \u017eenklus, u\u017etikrinant prevencin\u0119 prie\u017ei\u016br\u0105.<\/p>\n<\/li>\n<li>\n<h3>Tepimo grafikas<\/h3>\n<p>Tepimo grafiko sudarymas padeda u\u017etikrinti optimal\u0173 hidraulinio cilindro veikim\u0105. Operatoriai tur\u0117t\u0173 atid\u017eiai tikrinti alyvos lyg\u012f ir prireikus papildyti alyvos, kad i\u0161vengt\u0173 su tepimu susijusi\u0173 gedim\u0173.<\/p>\n<\/li>\n<li>\n<h3>Sandariklio keitimas<\/h3>\n<p>Reguliarus sandarikli\u0173 keitimas yra labai svarbus norint i\u0161laikyti hidraulin\u012f efektyvum\u0105. Susid\u0117v\u0117j\u0119 sandarikliai gali sukelti skys\u010di\u0173 nuot\u0117k\u012f, d\u0117l kurio suma\u017e\u0117ja na\u0161umas ir gali b\u016bti pa\u017eeista technika. Sistemingas sandarikli\u0173 keitimo metodas gali pagerinti bendr\u0105 na\u0161um\u0105.<\/p>\n<\/li>\n<\/ul>\n<h2>Str\u0117l\u0117s cilindro montavimo gair\u0117s<\/h2>\n<p>Teisingas montavimas yra nepaprastai svarbus siekiant u\u017etikrinti str\u0117l\u0117s cilindro ilgaam\u017ei\u0161kum\u0105 ir funkcionalum\u0105. Pirmiausia \u012fsitikinkite, kad cilindras yra \u0161varus ir be ter\u0161al\u0173. Tinkamas sulygiavimas yra labai svarbus; cilindras turi b\u016bti tinkamai sulygiuotas, kad b\u016bt\u0173 i\u0161vengta per didelio \u012ftempimo ant sandarikli\u0173 ir stryp\u0173. Naudokite tinkamus tvirtinimo laikiklius, kad pritvirtintum\u0117te cilindr\u0105 vietoje ir u\u017etikrintum\u0117te stabilum\u0105 eksploatavimo metu.<\/p>\n<p>Laikykit\u0117s gamintojo nurodym\u0173 d\u0117l sukimo momento specifikacij\u0173, kad i\u0161vengtum\u0117te per didelio arba per ma\u017eo jung\u010di\u0173 priver\u017eimo. Po montavimo atid\u017eiai patikrinkite, ar n\u0117ra nuot\u0117ki\u0173, ir \u012fsitikinkite, kad visos jungtys yra tvirtos. Reguliariai tikrinant lygiavim\u0105 ir tvirtinim\u0105 po montavimo, galima \u017eymiai pagerinti cilindro veikim\u0105.<\/p>\n<h2>\u012eprastos prie\u017ei\u016bros u\u017eduotys<\/h2>\n<ul>\n<li>\n<h3>Reguliar\u016bs patikrinimai<\/h3>\n<p>Reguliar\u016bs patikrinimai leid\u017eia anksti nustatyti galimas problemas. Operatoriai tur\u0117t\u0173 b\u016bti apmokyti ie\u0161koti susid\u0117v\u0117jimo ar nuot\u0117ki\u0173 po\u017eymi\u0173, u\u017etikrinant skland\u0173 \u012frangos veikim\u0105.<\/p>\n<\/li>\n<li>\n<h3>Tinkamas tepimas<\/h3>\n<p>Tinkamas tepimas yra b\u016btinas efektyviam hidraulini\u0173 cilindr\u0173 veikimui. Operatoriai tur\u0117t\u0173 laikytis grie\u017eto tepimo grafiko, kad u\u017etikrint\u0173 optimal\u0173 na\u0161um\u0105 ir pailgint\u0173 cilindro tarnavimo laik\u0105.<\/p>\n<\/li>\n<li>\n<h3>Sandariklio keitimas ir kalibravimas<\/h3>\n<p>Tarpikli\u0173 keitimas ir cilindro kalibravimas yra labai svarb\u016bs norint i\u0161laikyti na\u0161um\u0105. Operatoriai tur\u0117t\u0173 \u017einoti \u017eenklus, rodan\u010dius, kad reikia keisti tarpikl\u012f, ir u\u017etikrinti nepertraukiam\u0105 veikim\u0105.<\/p>\n<\/li>\n<\/ul>\n<p><img decoding=\"async\" src=\"https:\/\/www.hydraulic-cylinders.net\/wp-content\/uploads\/2025\/04\/songte-chushion-collar.webp\" alt=\"Pagalv\u0117l\u0117s apykakl\u0117s vaizdas\" \/><\/p>\n<h2>Saugos aspektai ir aplinkos veiksniai<\/h2>\n<p>Naudojant hidraulinius cilindrus, labai svarbu teikti pirmenyb\u0119 saugos priemon\u0117ms, siekiant apsaugoti tiek operatorius, tiek aplink\u0105. U\u017etikrinkite, kad visi operatoriai b\u016bt\u0173 apmokyti saugos protokol\u0173 ir suprast\u0173 su hidraulin\u0117mis sistemomis susijusi\u0105 rizik\u0105. Reguliar\u016bs saugos auditai gali pad\u0117ti nustatyti tobulintinas sritis ir \u012fgyvendinti reikiamus pakeitimus.<\/p>\n<p>Taip pat reik\u0117t\u0173 atsi\u017evelgti \u012f aplinkosaugos aspektus. Tinkamas hidraulini\u0173 skys\u010di\u0173 \u0161alinimas ir \u012frangos prie\u017ei\u016bra siekiant i\u0161vengti nuot\u0117ki\u0173 gali suma\u017einti poveik\u012f aplinkai. Ekologi\u0161kos praktikos diegimas gali pagerinti \u012fmon\u0117s reputacij\u0105 ir suma\u017einti reguliavimo rizik\u0105.<\/p>\n<h2>Trik\u010di\u0173 \u0161alinimas ir da\u017eniausiai pasitaikan\u010dios problemos<\/h2>\n<ul>\n<li>\n<h3>Nuot\u0117kio problemos<\/h3>\n<p>Nuot\u0117kiai gali atsirasti d\u0117l susid\u0117v\u0117jusi\u0173 sandarikli\u0173 arba pa\u017eeist\u0173 jungiam\u0173j\u0173 detali\u0173. Reguliarus sandarikli\u0173 ir jung\u010di\u0173 patikrinimas gali pad\u0117ti anksti nustatyti nuot\u0117kius. Tinkamas jungiam\u0173j\u0173 detali\u0173 priver\u017eimas ir periodi\u0161kas sandarikli\u0173 keitimas gali suma\u017einti nuot\u0117kio problemas.<\/p>\n<\/li>\n<li>\n<h3>Suma\u017e\u0117j\u0119s na\u0161umas<\/h3>\n<p>Jei cilindras neveikia taip, kaip tik\u0117tasi, tai gali b\u016bti d\u0117l nepakankamo tepimo arba susid\u0117v\u0117jusi\u0173 komponent\u0173. Reguliarus tepimas ir savalaikis susid\u0117v\u0117jusi\u0173 dali\u0173 keitimas yra labai svarb\u016bs optimaliam veikimui palaikyti.<\/p>\n<\/li>\n<li>\n<h3>Nereaguojantis \u012fjungimas<\/h3>\n<p>Prastas reagavimas gali rodyti hidraulinio skys\u010dio lygio arba sistemoje \u012fstrigusio oro problemas. Reguliariai tikrinant skys\u010di\u0173 lyg\u012f ir i\u0161leid\u017eiant sistem\u0105, galima i\u0161spr\u0119sti \u0161ias problemas.<\/p>\n<\/li>\n<\/ul>\n<h2>Trik\u010di\u0173 \u0161alinimo patarimai<\/h2>\n<p>Nor\u0117dami veiksmingai diagnozuoti ir i\u0161spr\u0119sti str\u0117l\u0117s cilindro problemas, operatoriai tur\u0117t\u0173 ai\u0161kiai registruoti patikrinimus ir technin\u0117s prie\u017ei\u016bros u\u017eduotis. \u0160i dokumentacija gali pad\u0117ti nustatyti d\u0117sningumus ir pasikartojan\u010dias problemas.<\/p>\n<p>Prevencin\u0117s priemon\u0117s, tokios kaip \u012fprastin\u0117 prie\u017ei\u016bra ir patikrinimai, yra labai svarbios siekiant suma\u017einti dideli\u0173 problem\u0173 rizik\u0105. Operatoriai taip pat tur\u0117t\u0173 b\u016bti apmokyti greitai reaguoti \u012f \u012fsp\u0117jamuosius \u017eenklus, u\u017etikrinant efektyv\u0173 ir saug\u0173 darb\u0105.<\/p>\n<p><img decoding=\"async\" src=\"https:\/\/www.hydraulic-cylinders.net\/wp-content\/uploads\/2025\/04\/songte-bushings-with-all-kinds-of-excavator-models.webp\" alt=\"\u012evori\u0173 vaizdas\" \/><\/p>\n<h2>Apie m\u016bs\u0173 \u012fmon\u0119<\/h2>\n<p>Esame pirmaujantis pakaitini\u0173 hidraulini\u0173 cilindr\u0173 gamintojas, si\u016blantis plat\u0173 gamini\u0173 asortiment\u0105. M\u016bs\u0173 \u012fsipareigojimas siekti meistri\u0161kumo leido mums tapti vienais i\u0161 pirmaujan\u010di\u0173 gamintoj\u0173 ir didmeninink\u0173 vidaus ir tarptautin\u0117se rinkose. Vadovaujam\u0117s kokybe pagr\u012fsta filosofija, kuri\u0105 palaiko rafinuotos gamybos strategijos ir moderni skaitmenin\u0117 \u012franga.<\/p>\n<p>M\u016bs\u0173 kvalifikuot\u0173 specialist\u0173 komanda yra atsidavusi gamybos platformos tobulinimui ir auk\u0161\u010diausios gamini\u0173 kokyb\u0117s u\u017etikrinimui. Si\u016blome individualius sprendimus, pritaikytus \u012fvairiems klient\u0173 poreikiams, kuriuos patvirtina tarptautiniai sertifikatai, garantuojantys m\u016bs\u0173 gamini\u0173 patikimum\u0105 ir na\u0161um\u0105.<\/p>\n<p><img decoding=\"async\" src=\"https:\/\/www.hydraulic-cylinders.net\/wp-content\/uploads\/2025\/04\/songte-company-4.webp\" alt=\"\u012emon\u0117s patalp\u0173 vaizdas\" \/><br \/>\n<img decoding=\"async\" src=\"https:\/\/www.hydraulic-cylinders.net\/wp-content\/uploads\/2025\/04\/songte-company-3.webp\" alt=\"\u012emon\u0117s gamybos vaizdas\" \/><\/p>\n<p>Autorius: lyl<\/p>","protected":false},"excerpt":{"rendered":"<p>Boom Cylinder For Bada WYS60 Introduction to Boom Cylinder The Boom Cylinder for Bada WYS60 is an essential component designed for heavy machinery, particularly in hydraulic systems. This hydraulic cylinder plays a crucial role in controlling the movement of the bucket in excavators, backhoe loaders, and front-end loaders. By allowing the bucket to lift, lower, [&hellip;]<\/p>","protected":false},"featured_media":17872,"comment_status":"open","ping_status":"closed","template":"","meta":{"_et_pb_use_builder":"","_et_pb_old_content":"","_et_gb_content_width":""},"product_brand":[],"product_cat":[1546],"product_tag":[1547,1496],"class_list":{"0":"post-19669","1":"product","2":"type-product","3":"status-publish","4":"has-post-thumbnail","6":"product_cat-boom-cylinders","7":"product_tag-boom-cylinders","8":"product_tag-hydraulic-cylinders","10":"first","11":"instock","12":"shipping-taxable","13":"product-type-simple"},"amp_enabled":true,"_links":{"self":[{"href":"https:\/\/www.hydraulic-cylinders.net\/lt\/wp-json\/wp\/v2\/product\/19669","targetHints":{"allow":["GET"]}}],"collection":[{"href":"https:\/\/www.hydraulic-cylinders.net\/lt\/wp-json\/wp\/v2\/product"}],"about":[{"href":"https:\/\/www.hydraulic-cylinders.net\/lt\/wp-json\/wp\/v2\/types\/product"}],"replies":[{"embeddable":true,"href":"https:\/\/www.hydraulic-cylinders.net\/lt\/wp-json\/wp\/v2\/comments?post=19669"}],"wp:featuredmedia":[{"embeddable":true,"href":"https:\/\/www.hydraulic-cylinders.net\/lt\/wp-json\/wp\/v2\/media\/17872"}],"wp:attachment":[{"href":"https:\/\/www.hydraulic-cylinders.net\/lt\/wp-json\/wp\/v2\/media?parent=19669"}],"wp:term":[{"taxonomy":"product_brand","embeddable":true,"href":"https:\/\/www.hydraulic-cylinders.net\/lt\/wp-json\/wp\/v2\/product_brand?post=19669"},{"taxonomy":"product_cat","embeddable":true,"href":"https:\/\/www.hydraulic-cylinders.net\/lt\/wp-json\/wp\/v2\/product_cat?post=19669"},{"taxonomy":"product_tag","embeddable":true,"href":"https:\/\/www.hydraulic-cylinders.net\/lt\/wp-json\/wp\/v2\/product_tag?post=19669"}],"curies":[{"name":"wp","href":"https:\/\/api.w.org\/{rel}","templated":true}]}}