{"id":19670,"date":"2025-04-07T07:00:52","date_gmt":"2025-04-07T07:00:52","guid":{"rendered":"https:\/\/www.hydraulic-cylinders.net\/product\/boom-cylinder-for-bada-wysbd500c-s\/"},"modified":"2025-04-07T07:00:56","modified_gmt":"2025-04-07T07:00:56","slug":"boom-cylinder-for-bada-wysbd500c-s","status":"publish","type":"product","link":"https:\/\/www.hydraulic-cylinders.net\/lt\/produktas\/boom-cylinder-for-bada-wysbd500c-s\/","title":{"rendered":"Str\u0117l\u0117s cilindras, skirtas Bada WYSBD500C-S"},"content":{"rendered":"<h1>Str\u0117l\u0117s cilindras, skirtas Bada WYSBD500C-S<\/h1>\n<h2>Str\u0117l\u0117s cilindro supratimas<\/h2>\n<p>Specialiai \u201eBada WYSBD500C-S\u201c sukurtas str\u0117l\u0117s cilindras yra esminis \u012fvairi\u0173 sunki\u0173j\u0173 ma\u0161in\u0173 hidraulini\u0173 sistem\u0173 komponentas. \u0160io tipo hidraulinis cilindras daugiausia naudojamas ekskavatori\u0173, ekskavatori\u0173 ir frontalini\u0173 krautuv\u0173 kau\u0161\u0173 jud\u0117jimui valdyti. \u012egalinant kau\u0161o k\u0117lim\u0105, nuleidim\u0105 ir pakreipim\u0105, jis labai palengvina med\u017eiag\u0173 tvarkymo u\u017eduotis. Kau\u0161o cilindras veikia naudodamas hidraulin\u0117s alyvos sl\u0117g\u012f judesiui sukurti, tod\u0117l jis yra labai svarbus elementas u\u017etikrinant sunkiosios technikos operacij\u0173 efektyvum\u0105 ir veiksmingum\u0105.<\/p>\n<p><img decoding=\"async\" src=\"https:\/\/www.hydraulic-cylinders.net\/wp-content\/uploads\/2025\/04\/songte-company-1.webp\" alt=\"Str\u0117l\u0117s cilindras\" \/><\/p>\n<h2>Str\u0117l\u0117s cilindro savyb\u0117s<\/h2>\n<h3>Didelis stiprumas ir ilgaam\u017ei\u0161kumas<\/h3>\n<ul>\n<li>Pagamintas i\u0161 didelio stiprumo plieno arba aliuminio, tod\u0117l atlaiko dideles apkrovas ir didel\u012f sl\u0117g\u012f.<\/li>\n<li>Sukurta veikti at\u0161iauriomis darbo s\u0105lygomis, atsi\u017evelgiant \u012f atsparum\u0105 dilimui ir apsaug\u0105 nuo korozijos.<\/li>\n<li>Ilgesnis tarnavimo laikas d\u0117l grie\u017et\u0173 gamybos standart\u0173.<\/li>\n<\/ul>\n<h3>Efektyvus hidraulinis valdymas<\/h3>\n<ul>\n<li>Naudoja hidraulin\u0117s alyvos sl\u0117g\u012f, kad b\u016bt\u0173 u\u017etikrintas sklandus i\u0161pl\u0117timas ir \u012ftraukimas.<\/li>\n<li>Greitai reaguoja \u012f operatoriaus komandas, u\u017etikrindamas galingas st\u016bmimo ir traukimo galimybes.<\/li>\n<li>Idealiai tinka sunkiems daiktams tvarkyti ir tiksliai atlikti sud\u0117tingas u\u017eduotis.<\/li>\n<\/ul>\n<h3>\u012evair\u016bs tipai<\/h3>\n<ul>\n<li>Galimyb\u0117s tarp vienpusio veikimo (veikian\u010di\u0173 viena kryptimi) ir dvipusio veikimo (veikian\u010di\u0173 abiem kryptimis) cilindr\u0173, kad atitikt\u0173 \u012fvairius eksploatacinius reikalavimus.<\/li>\n<li>Kai kurie modeliai yra teleskopiniai, tod\u0117l juos galima labiau i\u0161tiesti nepadidinant i\u0161orini\u0173 matmen\u0173, tod\u0117l jie tinka naudoti ribotoje erdv\u0117je.<\/li>\n<\/ul>\n<p>M\u016bs\u0173 \u012fmon\u0117 specializuojasi \u0161i\u0173 cilindr\u0173 gamyboje, u\u017etikrindama, kad jie puikiai pakeis esamus hidraulinius cilindrus.<\/p>\n<p><img decoding=\"async\" src=\"https:\/\/www.hydraulic-cylinders.net\/wp-content\/uploads\/2025\/04\/songte-cylinder-head-with-all-kinds-excavator-models.webp\" alt=\"Ekskavatori\u0173 modeliai\" \/><\/p>\n<h2>Str\u0117l\u0117s cilindro pritaikymas<\/h2>\n<h3>Statybin\u0117 \u012franga<\/h3>\n<p>Statybin\u0117je \u012frangoje, tokioje kaip ekskavatoriai, str\u0117l\u0117s cilindras atlieka pagrindin\u012f vaidmen\u012f kasant, kraunant ir perkeliant grunt\u0105 ar \u0161iuk\u0161les. Jo hidraulin\u0117s galimyb\u0117s leid\u017eia kasti giliai \u012f \u017eem\u0119, o efektyvus k\u0117limo judesys leid\u017eia transportuoti med\u017eiagas \u012f norimas vietas. Integruotas \u012f ekskavatorinius krautuvus, jis padeda ne tik kasant, bet ir k\u0117limo darbus, tod\u0117l yra universalus \u012frankis statybos darbams.<\/p>\n<h3>\u017dem\u0117s \u016bkio technika<\/h3>\n<p>\u017dem\u0117s \u016bkio srityje str\u0117l\u0117s cilindras yra labai svarbus frontaliniams krautuvams, nes jis palengvina dirvo\u017eemio, \u0161ieno ir kit\u0173 med\u017eiag\u0173 k\u0117lim\u0105, k\u0117lim\u0105 ir transportavim\u0105. Jo hidraulin\u0117 j\u0117ga padeda atlikti \u012fvairias \u017eem\u0117s \u016bkio u\u017eduotis, leisdama \u016bkininkams efektyviai valdyti savo veikl\u0105 ir didinti produktyvum\u0105.<\/p>\n<h3>Ekskavatoriai<\/h3>\n<p>Ekskavatoriams str\u0117l\u0117s cilindras yra b\u016btinas, kad kau\u0161as gal\u0117t\u0173 \u012fsiskverbti \u012f \u017eem\u0119 kasimo darb\u0173 metu. \u0160i savyb\u0117 u\u017etikrina efektyv\u0173 \u012fvairi\u0173 med\u017eiag\u0173 i\u0161kasim\u0105, tod\u0117l tai yra nepakei\u010diamas \u017eem\u0117s darb\u0173 komponentas.<\/p>\n<h3>Krautuvai<\/h3>\n<p>Priekiniuose krautuvuose str\u0117l\u0117s cilindrai padeda efektyviai pakelti ir i\u0161versti med\u017eiagas. J\u0173 konstrukcija u\u017etikrina skland\u0173 veikim\u0105, tod\u0117l lengviau tvarkyti birias med\u017eiagas ir pagerinti darbo greit\u012f bei efektyvum\u0105 statybviet\u0117je.<\/p>\n<h2>Projektavimo aspektai ir atrankos kriterijai<\/h2>\n<h3>Keliamoji galia<\/h3>\n<p>Renkantis str\u0117l\u0117s cilindr\u0105, svarbiausia suprasti jo keliam\u0105j\u0105 gali\u0105. Cilindras turi atlaikyti eksploatacines apkrovas be gedim\u0173, u\u017etikrindamas saugum\u0105 ir efektyvum\u0105. Gamintojai paprastai pateikia apkrovos \u012fvertinimus, pagr\u012fstus i\u0161samiais bandymais, tod\u0117l labai svarbu pasirinkti cilindr\u0105, kuris atitikt\u0173 arba vir\u0161yt\u0173 numatyto naudojimo reikalavimus.<\/p>\n<h3>Sandarinimas<\/h3>\n<p>Efektyvus sandarinimas yra labai svarbus norint i\u0161laikyti hidraulin\u012f sl\u0117g\u012f. Auk\u0161tos kokyb\u0117s sandarikliai apsaugo nuo nuot\u0117ki\u0173 ir u\u017etikrina optimal\u0173 cilindro veikim\u0105. Gamintojai da\u017enai naudoja sandariklius, pagamintus i\u0161 patvari\u0173 med\u017eiag\u0173, toki\u0173 kaip poliuretanas arba nitrilo kau\u010diukas, kurie yra sukurti taip, kad atlaikyt\u0173 nusid\u0117v\u0117jim\u0105 ir at\u0161iaurias s\u0105lygas. Reguliar\u016bs patikrinimai ir savalaikis keitimas padidina cilindro tarnavimo laik\u0105.<\/p>\n<h3>Patvarumas<\/h3>\n<p>Patvarumas yra pagrindinis str\u0117l\u0117s cilindr\u0173 konstrukcijos veiksnys. Komponentai da\u017enai patiria ekstremalias s\u0105lygas, \u012fskaitant sl\u0117gio svyravimus ir aplinkos elementus. Tod\u0117l pasirinkus cilindr\u0105, pagamint\u0105 i\u0161 didelio stiprumo med\u017eiag\u0173 su apsaugin\u0117mis dangomis, galima \u017eymiai pailginti jo tarnavimo laik\u0105 ir suma\u017einti prie\u017ei\u016bros poreik\u012f.<\/p>\n<h3>Saugos funkcijos<\/h3>\n<p>Projektuojant hidraulinius cilindrus, labai svarbu atsi\u017evelgti \u012f saugos aspektus. Tokios savyb\u0117s kaip sl\u0117gio ma\u017einimo vo\u017etuvai ir saug\u016bs tvirtinimo mechanizmai u\u017etikrina saug\u0173 veikim\u0105. Cilindr\u0173 su \u012fmontuotomis saugos funkcijomis pasirinkimas padeda i\u0161vengti nelaiming\u0173 atsitikim\u0173 ir \u012frangos pa\u017eeidim\u0173, taip prisidedant prie saugesn\u0117s darbo aplinkos.<\/p>\n<h3>Prieinamumas prie prie\u017ei\u016bros<\/h3>\n<p>Str\u0117l\u0117s cilindro konstrukcija taip pat tur\u0117t\u0173 b\u016bti skirta lengvam techniniam aptarnavimui. Lengvai pasiekiami aptarnavimo ta\u0161kai leid\u017eia greitai atlikti patikrinimus ir remont\u0105, taip suma\u017einant prastovas. Reguliarus techninis aptarnavimas yra b\u016btinas siekiant u\u017etikrinti efektyv\u0173 ir saug\u0173 cilindro veikim\u0105, pailginant jo tarnavimo laik\u0105.<\/p>\n<p><img decoding=\"async\" src=\"https:\/\/www.hydraulic-cylinders.net\/wp-content\/uploads\/2025\/04\/songte-oil-pipes-and-spare-parts.webp\" alt=\"Naftos vamzd\u017eiai ir atsargin\u0117s dalys\" \/><\/p>\n<h2>Hidraulinio cilindro sandarinimas ir tepimas<\/h2>\n<p>Siekiant i\u0161laikyti optimal\u0173 na\u0161um\u0105, naudojami \u012fvair\u016bs sandarinimo komponentai, \u012fskaitant st\u016bmokli\u0173 ir kot\u0173 sandariklius. Sandarikliai, pagaminti i\u0161 atspari\u0173 dilimui med\u017eiag\u0173, toki\u0173 kaip poliuretanas ir nitrilo kau\u010diukas, yra b\u016btini norint i\u0161vengti hidraulinio skys\u010dio nuot\u0117kio ir palaikyti sl\u0117g\u012f. Be to, cilindro korpusas ir srieginiai galai yra tiksliai apdirbami, siekiant padidinti patvarum\u0105 ir atsparum\u0105 dilimui. Norint u\u017etikrinti skland\u0173 veikim\u0105 ir i\u0161vengti vidini\u0173 pa\u017eeidim\u0173, b\u016btina reguliariai tepti hidrauline alyva, tod\u0117l reikia periodi\u0161kai tikrinti ir papildyti alyv\u0105.<\/p>\n<h2>Reguliar\u016bs patikrinimai ir prevencin\u0117s prie\u017ei\u016bros priemon\u0117s<\/h2>\n<ul>\n<li><strong>\u012eprastiniai patikrinimai:<\/strong> Reguliariai tikrinti str\u0117l\u0117s cilindr\u0105 yra labai svarbu norint nustatyti susid\u0117v\u0117jimo, nuot\u0117ki\u0173 ir pa\u017eeidim\u0173 po\u017eymius. Planiniai patikrinimai leid\u017eia laiku imtis veiksm\u0173, kurie gali pad\u0117ti i\u0161vengti rimtesni\u0173 problem\u0173 ateityje.<\/li>\n<li><strong>Profilaktin\u0117 prie\u017ei\u016bra:<\/strong> \u012egyvendinant prevencin\u0117s prie\u017ei\u016bros grafik\u0105 galima gerokai pagerinti cilindro na\u0161um\u0105 ir tarnavimo laik\u0105. Reguliarios prie\u017ei\u016bros u\u017eduotys tur\u0117t\u0173 apimti sandarikli\u0173 tikrinim\u0105, judan\u010di\u0173 dali\u0173 tepim\u0105 ir tinkamo hidraulinio skys\u010dio lygio u\u017etikrinim\u0105.<\/li>\n<li><strong>Komponent\u0173 keitimas:<\/strong> Komponent\u0173 nusid\u0117v\u0117jimo steb\u0117jimas ir j\u0173 keitimas prireikus yra labai svarbus norint i\u0161laikyti veiklos efektyvum\u0105. Reguliarus sandarikli\u0173, \u017earn\u0173 ir kit\u0173 svarbi\u0173 dali\u0173 keitimas gali pad\u0117ti i\u0161vengti gedim\u0173 ir pailginti \u012frangos tarnavimo laik\u0105.<\/li>\n<\/ul>\n<h2>\u012erengimo gair\u0117s<\/h2>\n<p>Nor\u0117dami tinkamai sumontuoti st\u016bmoklio cilindr\u0105, laikykit\u0117s \u0161i\u0173 nurodym\u0173:<\/p>\n<ol>\n<li>U\u017etikrinkite teising\u0105 cilindro sulygiavim\u0105 su mechanizmo tvirtinimo ta\u0161kais.<\/li>\n<li>Naudokite tinkamus tvirtinimo laikiklius, kad cilindras b\u016bt\u0173 pritvirtintas vietoje ir nejud\u0117t\u0173 eksploatacijos metu.<\/li>\n<li>Follow the manufacturer&#8217;s specifications for torque settings on bolts and connections to ensure a secure fit.<\/li>\n<li>Po \u012frengimo patikrinkite visas hidraulines jungtis, ar n\u0117ra nuot\u0117ki\u0173, ir \u012fsitikinkite, kad hidraulinio skys\u010dio lygis yra pakankamas.<\/li>\n<li>Atlikite bandom\u0105j\u012f veikim\u0105, kad \u012fsitikintum\u0117te, jog cilindras veikia tinkamai ir ar n\u0117ra joki\u0173 kli\u016b\u010di\u0173 ar nesutapim\u0173.<\/li>\n<\/ol>\n<h2>\u012eprastos prie\u017ei\u016bros u\u017eduotys<\/h2>\n<ul>\n<li><strong>Reguliar\u016bs patikrinimai:<\/strong> B\u016btina da\u017enai tikrinti str\u0117l\u0117s cilindr\u0105, ar n\u0117ra susid\u0117v\u0117jimo ar pa\u017eeidim\u0173 po\u017eymi\u0173. Ankstyvas galim\u0173 problem\u0173 nustatymas gali sutaupyti laiko ir i\u0161laid\u0173, susijusi\u0173 su \u012frangos gedimais.<\/li>\n<li><strong>Tinkamas tepimas:<\/strong> Tinkamas hidraulinio cilindro sutepimas apsaugo nuo vidinio susid\u0117v\u0117jimo ir u\u017etikrina skland\u0173 veikim\u0105. Reguliariai tikrinkite hidraulin\u0117s alyvos lyg\u012f ir prireikus papildykite.<\/li>\n<li><strong>Sandariklio keitimas:<\/strong> Over time, seals can wear out, leading to leaks and reduced performance. Making it a routine task to inspect and replace seals is vital for maintaining the hydraulic cylinder&#8217;s integrity.<\/li>\n<\/ul>\n<h2>Saugos aspektai ir aplinkos veiksniai<\/h2>\n<p>Naudojant hidraulinius cilindrus, labai svarbu integruoti saugos priemones, skirtas apsaugoti operatorius ir aplinkinius darbuotojus. Tinkam\u0173 mokymo program\u0173, skirt\u0173 saugiam hidraulini\u0173 sistem\u0173 naudojimui ir prie\u017ei\u016brai, \u012fgyvendinimas gali \u017eymiai suma\u017einti nelaiming\u0173 atsitikim\u0173 skai\u010di\u0173. Be to, atsi\u017evelkite \u012f aplinkos veiksnius, tokius kaip skys\u010di\u0173 \u0161alinimas ir \u012frangos valymas, kad suma\u017eintum\u0117te poveik\u012f aplinkai, u\u017etikrindami atitikt\u012f pramon\u0117s reglamentams ir skatindami tvari\u0105 praktik\u0105.<\/p>\n<h2>Gedim\u0173 diagnostika ir da\u017eniausios problemos<\/h2>\n<ul>\n<li><strong>Nuot\u0117kis:<\/strong> Viena i\u0161 da\u017eniausi\u0173 hidraulini\u0173 cilindr\u0173 problem\u0173 yra skys\u010dio nuot\u0117kis, kuris gali atsirasti d\u0117l susid\u0117v\u0117jusi\u0173 sandarikli\u0173 arba pa\u017eeist\u0173 komponent\u0173. Reguliarus nuot\u0117ki\u0173 patikrinimas gali pad\u0117ti anksti juos nustatyti ir sutaisyti.<\/li>\n<li><strong>Galios praradimas:<\/strong> Galios ar reagavimo suma\u017e\u0117jimas gali rodyti \u017eem\u0105 hidraulinio skys\u010dio lyg\u012f arba vidinius pa\u017eeidimus. Hidraulinio skys\u010dio lygio steb\u0117jimas ir \u012fprastin\u0117 prie\u017ei\u016bra gali pad\u0117ti i\u0161vengti \u0161ios problemos.<\/li>\n<li><strong>Perkaitimas:<\/strong> Per didelis kar\u0161tis gali paveikti hidraulin\u0117s sistemos veikim\u0105, da\u017enai d\u0117l perkrovos arba nepakankamo tepimo. U\u017etikrinus, kad hidraulin\u0117 sistema neb\u016bt\u0173 perkrauta, ir reguliariai tikrinant tepim\u0105, galima suma\u017einti perkaitimo rizik\u0105.<\/li>\n<\/ul>\n<h2>Trik\u010di\u0173 \u0161alinimo patarimai ir sprendimai<\/h2>\n<p>Nor\u0117dami efektyviai diagnozuoti ir i\u0161spr\u0119sti hidraulini\u0173 cilindr\u0173 problemas, atsi\u017evelkite \u012f \u0161iuos patarimus:<\/p>\n<ul>\n<li>Atlikite i\u0161samius patikrinimus, kad nustatytum\u0117te nuot\u0117kio \u0161altin\u012f, nesvarbu, ar tai b\u016bt\u0173 sandariklis, ar \u017earna. Nedelsdami pakeiskite susid\u0117v\u0117jusius komponentus, kad i\u0161vengtum\u0117te tolesn\u0117s \u017ealos.<\/li>\n<li>Jei suma\u017e\u0117ja galia, patikrinkite hidraulinio skys\u010dio lyg\u012f ir prireikus papildykite. Jei problema i\u0161lieka, patikrinkite, ar n\u0117ra vidini\u0173 pa\u017eeidim\u0173 ar u\u017esikim\u0161im\u0173.<\/li>\n<li>Kilus problem\u0173 d\u0117l perkaitimo, \u012fsitikinkite, kad sistema n\u0117ra perkrauta, ir palaikykite tinkam\u0105 tepimo lyg\u012f. Reguliarus steb\u0117jimas gali pad\u0117ti i\u0161vengti perkaitimo ir su tuo susijusios \u017ealos.<\/li>\n<\/ul>\n<p><img decoding=\"async\" src=\"https:\/\/www.hydraulic-cylinders.net\/wp-content\/uploads\/2025\/04\/songte-bushings-with-all-kinds-of-excavator-models.webp\" alt=\"Ekskavatori\u0173 modeli\u0173 \u012fvor\u0117s\" \/><\/p>\n<h2>Apie m\u016bs\u0173 \u012fmon\u0119<\/h2>\n<p>We are a leading manufacturer and wholesaler of hydraulic cylinders, committed to providing a comprehensive product range tailored to meet diverse market needs. Our dedication to excellence is evident in our precision manufacturing practices, driven by advanced technology and skilled personnel. By utilizing high-end digital manufacturing equipment and robust quality assurance systems, we continually enhance our production capabilities. Our commitment to high efficiency, accuracy, and quality enables us to fulfill our customers&#8217; various requirements effectively.<\/p>\n<p>Did\u017eiuojam\u0117s savo profesine patirtimi, tarptautiniais sertifikatais, individualiai pritaikytomis paslaugomis ir i\u0161skirtiniu aptarnavimu po pardavimo. M\u016bs\u0173 gamybos \u012frenginiai apr\u016bpinti moderniausiomis technologijomis, u\u017etikrinan\u010diomis, kad m\u016bs\u0173 gaminiai atitikt\u0173 auk\u0161\u010diausius kokyb\u0117s ir na\u0161umo standartus.<\/p>\n<p><img decoding=\"async\" src=\"https:\/\/www.hydraulic-cylinders.net\/wp-content\/uploads\/2025\/04\/songte-company-4.webp\" alt=\"\u012emon\u0117s patalpos\" \/><br \/>\n<img decoding=\"async\" src=\"https:\/\/www.hydraulic-cylinders.net\/wp-content\/uploads\/2025\/04\/songte-company-3.webp\" alt=\"\u012emon\u0117s ap\u017evalga\" \/><\/p>\n<p>Autorius: lyl<\/p>","protected":false},"excerpt":{"rendered":"<p>Boom Cylinder For Bada WYSBD500C-S Understanding the Boom Cylinder The Boom Cylinder, specifically designed for the Bada WYSBD500C-S, is an essential component of hydraulic systems used in various heavy machinery. This type of hydraulic cylinder is primarily employed to control the movement of buckets in excavators, backhoes, and front loaders. By enabling the lifting, lowering, [&hellip;]<\/p>","protected":false},"featured_media":17873,"comment_status":"open","ping_status":"closed","template":"","meta":{"_et_pb_use_builder":"","_et_pb_old_content":"","_et_gb_content_width":""},"product_brand":[],"product_cat":[1546],"product_tag":[1547,1496],"class_list":{"0":"post-19670","1":"product","2":"type-product","3":"status-publish","4":"has-post-thumbnail","6":"product_cat-boom-cylinders","7":"product_tag-boom-cylinders","8":"product_tag-hydraulic-cylinders","10":"first","11":"instock","12":"shipping-taxable","13":"product-type-simple"},"amp_enabled":true,"_links":{"self":[{"href":"https:\/\/www.hydraulic-cylinders.net\/lt\/wp-json\/wp\/v2\/product\/19670","targetHints":{"allow":["GET"]}}],"collection":[{"href":"https:\/\/www.hydraulic-cylinders.net\/lt\/wp-json\/wp\/v2\/product"}],"about":[{"href":"https:\/\/www.hydraulic-cylinders.net\/lt\/wp-json\/wp\/v2\/types\/product"}],"replies":[{"embeddable":true,"href":"https:\/\/www.hydraulic-cylinders.net\/lt\/wp-json\/wp\/v2\/comments?post=19670"}],"wp:featuredmedia":[{"embeddable":true,"href":"https:\/\/www.hydraulic-cylinders.net\/lt\/wp-json\/wp\/v2\/media\/17873"}],"wp:attachment":[{"href":"https:\/\/www.hydraulic-cylinders.net\/lt\/wp-json\/wp\/v2\/media?parent=19670"}],"wp:term":[{"taxonomy":"product_brand","embeddable":true,"href":"https:\/\/www.hydraulic-cylinders.net\/lt\/wp-json\/wp\/v2\/product_brand?post=19670"},{"taxonomy":"product_cat","embeddable":true,"href":"https:\/\/www.hydraulic-cylinders.net\/lt\/wp-json\/wp\/v2\/product_cat?post=19670"},{"taxonomy":"product_tag","embeddable":true,"href":"https:\/\/www.hydraulic-cylinders.net\/lt\/wp-json\/wp\/v2\/product_tag?post=19670"}],"curies":[{"name":"wp","href":"https:\/\/api.w.org\/{rel}","templated":true}]}}