{"id":19671,"date":"2025-04-07T07:00:56","date_gmt":"2025-04-07T07:00:56","guid":{"rendered":"https:\/\/www.hydraulic-cylinders.net\/product\/boom-cylinder-for-bada-wys50\/"},"modified":"2025-04-07T07:00:59","modified_gmt":"2025-04-07T07:00:59","slug":"boom-cylinder-for-bada-wys50","status":"publish","type":"product","link":"https:\/\/www.hydraulic-cylinders.net\/lt\/produktas\/boom-cylinder-for-bada-wys50\/","title":{"rendered":"Bada WYS50 str\u0117l\u0117s cilindras"},"content":{"rendered":"<h1>Bada WYS50 str\u0117l\u0117s cilindras<\/h1>\n<h2>Produkto ap\u017evalga<\/h2>\n<p>\u201eBada WYS50\u201c str\u0117l\u0117s cilindras yra specializuotas hidraulinis komponentas, skirtas \u012fvairi\u0173 sunkiosios technikos kau\u0161\u0173 jud\u0117jimui valdyti. \u0160is hidraulinis cilindras yra labai svarbus ekskavatori\u0173, ekskavatori\u0173-krautuv\u0173 ir frontalini\u0173 krautuv\u0173 veikimui, nes leid\u017eia kau\u0161\u0105 pakelti, nuleisti ir pakreipti, o tai palengvina efektyv\u0173 med\u017eiag\u0173 tvarkym\u0105.<\/p>\n<p>Kau\u0161o cilindras yra hidraulinio cilindro tipas, specialiai sukurtas sunkiems darbams. Jis veikia hidraulin\u0117se sistemose, kad valdyt\u0173 galingus judesius, reikalingus sunkiems kroviniams kelti ir perkelti. Hidraulin\u012f sl\u0117g\u012f paversdamas mechanine j\u0117ga, \u0161is cilindras atlieka gyvybi\u0161kai svarb\u0173 vaidmen\u012f didinant statybos ir \u017eem\u0117s \u016bkio technikos efektyvum\u0105 ir na\u0161um\u0105.<\/p>\n<p><img decoding=\"async\" src=\"https:\/\/www.hydraulic-cylinders.net\/wp-content\/uploads\/2025\/04\/songte-company-1.webp\" alt=\"Str\u0117l\u0117s cilindras\"><\/p>\n<h3>Str\u0117l\u0117s cilindro savyb\u0117s<\/h3>\n<ul>\n<li><strong>Didelis stiprumas ir ilgaam\u017ei\u0161kumas:<\/strong> Pagamintas i\u0161 didelio stiprumo plieno arba aliuminio, str\u0117l\u0117s cilindras yra sukurtas taip, kad atlaikyt\u0173 didel\u012f sl\u0117g\u012f ir dideles apkrovas, prisitaikydamas prie at\u0161iauri\u0173 darbo s\u0105lyg\u0173. Jo konstrukcija atsi\u017evelg\u0117 \u012f atsparum\u0105 dilimui ir apsaug\u0105 nuo korozijos, taip pailgindama jo tarnavimo laik\u0105.<\/li>\n<li><strong>Efektyvus hidraulinis valdymas:<\/strong> Cilindras naudoja hidraulin\u0117s alyvos sl\u0117g\u012f, kad skland\u017eiai i\u0161siskleist\u0173 ir susitraukt\u0173, greitai reaguot\u0173 \u012f valdymo komandas ir teikt\u0173 galingas st\u016bmimo ir traukimo j\u0117gas, b\u016btinas tvarkant sunkius objektus ir atliekant sud\u0117tingas u\u017eduotis.<\/li>\n<li><strong>\u012evair\u016bs tipai:<\/strong> Str\u0117l\u0117s cilindras, tiekiamas tiek vienpusio veikimo (hidraulin\u0117s j\u0117gos naudojimas viena kryptimi), tiek dvipusio veikimo (hidraulin\u0117s j\u0117gos naudojimas abiem kryptimis) konfig\u016bracijomis, gali patenkinti \u012fvairius eksploatacinius poreikius. Kai kurie modeliai pasi\u017eymi teleskopin\u0117mis konstrukcijomis, leid\u017eian\u010diomis didesn\u012f i\u0161pl\u0117tim\u0105 nedidinant i\u0161orini\u0173 matmen\u0173, tod\u0117l idealiai tinka ribotoms reikm\u0117ms.<\/li>\n<li><strong>Pritaikymas:<\/strong> M\u016bs\u0173 gamybos paj\u0117gumai leid\u017eia mums pagaminti \u0161\u012f gamin\u012f, kuris puikiai pakeis esamus hidraulinius cilindrus, u\u017etikrindamas suderinamum\u0105 ir na\u0161um\u0105.<\/li>\n<li><strong>Pa\u017eangi in\u017einerija:<\/strong> Str\u0117l\u0117s cilindrai yra suprojektuoti tiksliai, u\u017etikrinant optimal\u0173 veikim\u0105 \u012fvairiomis eksploatavimo s\u0105lygomis.<\/li>\n<\/ul>\n<p><img decoding=\"async\" src=\"https:\/\/www.hydraulic-cylinders.net\/wp-content\/uploads\/2025\/04\/songte-cylinder-head-with-all-kinds-excavator-models.webp\" alt=\"Ekskavatoriaus modelio str\u0117l\u0117s cilindras\"><\/p>\n<h2>Str\u0117l\u0117s cilindro pritaikymas<\/h2>\n<h3>Statybin\u0117 \u012franga<\/h3>\n<p>Ekskavatoriuose str\u0117l\u0117s cilindrai yra pagrindin\u0117 kasimo, krovimo ir dirvo\u017eemio ar \u0161iuk\u0161li\u0173 perk\u0117limo dalis. Jie leid\u017eia kau\u0161ui efektyviai \u012fsiskverbti \u012f \u017eem\u0119, tod\u0117l galima efektyviai atlikti kasimo darbus. Ekskavatoriuose-krautuvuose str\u0117l\u0117s cilindras atlieka ir kasimo, ir k\u0117limo funkcijas, tod\u0117l jis yra esminis komponentas atliekant universalius darbus.<\/p>\n<h3>\u017dem\u0117s \u016bkio technika<\/h3>\n<p>Priekiniuose krautuvuose naudojami str\u0117l\u0117s cilindrai yra atsakingi u\u017e dirvo\u017eemio, \u0161ieno ir kit\u0173 med\u017eiag\u0173 k\u0117lim\u0105, k\u0117lim\u0105 ir transportavim\u0105. J\u0173 geb\u0117jimas valdyti sunkius krovinius padidina \u017eem\u0117s \u016bkio darb\u0173 na\u0161um\u0105, tod\u0117l tokios u\u017eduotys kaip gr\u016bd\u0173 krovimas ar atsarg\u0173 perk\u0117limas tampa efektyvesn\u0117s.<\/p>\n<h3>Ekskavatoriai<\/h3>\n<p>Str\u0117l\u0117s cilindras palengvina kasimo veiksm\u0105, leisdamas kau\u0161ui \u012fsiskverbti \u012f dirv\u0105. \u0160i savyb\u0117 yra labai svarbi atliekant \u017eem\u0117s kasimo darbus, nes ji suteikia reikiam\u0105 j\u0117g\u0105, kad b\u016bt\u0173 galima prasibrauti pro skirtingus dirvo\u017eemio tipus ir lengvai perkelti didelius med\u017eiagos kiekius.<\/p>\n<h3>Krautuvai<\/h3>\n<p>Priekiniuose krautuvuose str\u0117l\u0117s cilindrai padeda efektyviai pakelti ir i\u0161versti med\u017eiagas. Jie u\u017etikrina reikiam\u0105 hidraulin\u0119 j\u0117g\u0105 kroviniams pakelti, u\u017etikrindami skland\u0173 med\u017eiag\u0173 perk\u0117lim\u0105 i\u0161 vienos vietos \u012f kit\u0105, o tai labai svarbu statybos ir kra\u0161tovaizd\u017eio tvarkymo projektuose.<\/p>\n<h2>Projektavimo aspektai ir atrankos kriterijai<\/h2>\n<h3>Keliamoji galia<\/h3>\n<p>Str\u0117l\u0117s cilindro keliamoji galia yra labai svarbus aspektas. Jis turi b\u016bti suprojektuotas taip, kad atlaikyt\u0173 maksimal\u0173 svor\u012f, kuris bus taikomas operacij\u0173 metu. Tam reikia atid\u017eiai apskai\u010diuoti cilindro matmenis, med\u017eiagos stiprum\u0105 ir hidraulinio sl\u0117gio galimybes, kad b\u016bt\u0173 u\u017etikrintas saugus ir efektyvus jo veikimas esant apkrovai.<\/p>\n<h3>Sandarinimo mechanizmai<\/h3>\n<p>Efektyvus sandarinimas yra b\u016btinas hidrauliniams cilindrams, siekiant i\u0161laikyti sl\u0117g\u012f ir i\u0161vengti nuot\u0117ki\u0173. Reik\u0117t\u0173 naudoti auk\u0161tos kokyb\u0117s sandariklius, pagamintus i\u0161 patvari\u0173 med\u017eiag\u0173, toki\u0173 kaip poliuretanas ir nitrilo kau\u010diukas. Konstrukcijoje tur\u0117t\u0173 b\u016bti numatyti pa\u017eang\u016bs sandarinimo sprendimai, kurie suma\u017eina susid\u0117v\u0117jim\u0105 ir pailgina cilindro tarnavimo laik\u0105 net ir sud\u0117tingomis s\u0105lygomis.<\/p>\n<h3>Patvarumas<\/h3>\n<p>Hidrauliniams cilindrams, veikiantiems at\u0161iauriomis s\u0105lygomis, patvarumas yra nepaprastai svarbus. Naudojamos med\u017eiagos turi b\u016bti atsparios korozijai, dilimui ir nuovargiui. Reguliar\u016bs bandymai ir kokyb\u0117s u\u017etikrinimas gamybos procese gali u\u017etikrinti, kad cilindrai atitikt\u0173 pramon\u0117s standartus, keliamus ilgaam\u017ei\u0161kumui ir patikimumui.<\/p>\n<h3>Saugos funkcijos<\/h3>\n<p>Saugumas yra svarbiausias hidraulini\u0173 cilindr\u0173 projektavimo prioritetas. Tokios savyb\u0117s kaip sl\u0117gio ma\u017einimo vo\u017etuvai ir saugos u\u017eraktai gali u\u017ekirsti keli\u0105 perkrovai ir atsitiktiniam jud\u0117jimui. Laikantis saugos taisykli\u0173, operatoriai gali dirbti u\u017etikrintai, suma\u017einant nelaiming\u0173 atsitikim\u0173 rizik\u0105 eksploatacijos metu.<\/p>\n<h3>Prieinamumas prie prie\u017ei\u016bros<\/h3>\n<p>Suprojektavus sistem\u0105 taip, kad b\u016bt\u0173 lengva atlikti technin\u0119 prie\u017ei\u016br\u0105, galima gerokai pailginti str\u0117l\u0117s cilindro tarnavimo laik\u0105 ir funkcionalum\u0105. Komponentai tur\u0117t\u0173 b\u016bti i\u0161d\u0117styti taip, kad juos b\u016bt\u0173 lengva pasiekti atliekant \u012fprastinius patikrinimus, taip u\u017etikrinant greitas ir efektyvias technin\u0117s prie\u017ei\u016bros proced\u016bras nei\u0161ardant visos sistemos.<\/p>\n<p><img decoding=\"async\" src=\"https:\/\/www.hydraulic-cylinders.net\/wp-content\/uploads\/2025\/04\/songte-oil-pipes-and-spare-parts.webp\" alt=\"Hidraulin\u0117s dalys\"><\/p>\n<h2>Sandarinimas ir tepimas<\/h2>\n<p>Tinkamas sandarinimas ir tepimas yra labai svarb\u016bs efektyviam hidraulini\u0173 cilindr\u0173 veikimui. \u012evair\u016bs sandarinimo komponentai, \u012fskaitant st\u016bmokli\u0173 ir kot\u0173 sandariklius, tur\u0117t\u0173 b\u016bti kruop\u0161\u010diai parinkti, siekiant u\u017etikrinti optimal\u0173 veikim\u0105. Sandarikliai, pagaminti i\u0161 atspari\u0173 dilimui med\u017eiag\u0173, toki\u0173 kaip poliuretanas ir nitrilo kau\u010diukas, gali \u017eymiai suma\u017einti trint\u012f ir dilim\u0105.<\/p>\n<p>Cilindro korpusas ir srieginiai galiniai pavir\u0161iai turi b\u016bti kruop\u0161\u010diai apdirbti, kad padid\u0117t\u0173 atsparumas dilimui, b\u016bt\u0173 i\u0161vengta nuot\u0117ki\u0173 ir gedim\u0173. Reguliarus tepimas hidrauline alyva yra b\u016btinas norint u\u017etikrinti skland\u0173 veikim\u0105 ir pailginti hidraulin\u0117s sistemos tarnavimo laik\u0105. Tinkamas tepimas suma\u017eina per didelio susid\u0117v\u0117jimo rizik\u0105, u\u017etikrindamas efektyv\u0173 cilindro veikim\u0105 laikui b\u0117gant.<\/p>\n<h2>Prevencin\u0117s prie\u017ei\u016bros priemon\u0117s<\/h2>\n<ul>\n<li><strong>Reguliar\u016bs patikrinimai:<\/strong> Reguliar\u016bs patikrinimai padeda nustatyti galimas problemas, kol jos nepa\u016bm\u0117jo. Ie\u0161kokite sandarikli\u0173 ir kit\u0173 svarbi\u0173 komponent\u0173 susid\u0117v\u0117jimo, nuot\u0117ki\u0173 ar pa\u017eeidim\u0173 po\u017eymi\u0173.<\/li>\n<li><strong>Savalaikis tepimas:<\/strong> Reguliariai pildykite hidraulin\u0119 alyv\u0105, kad b\u016bt\u0173 palaikomas tinkamas tepimas. Tai padeda i\u0161vengti judan\u010di\u0173 dali\u0173 trinties ir susid\u0117v\u0117jimo.<\/li>\n<li><strong>Sandariklio keitimas:<\/strong> Atid\u017eiai steb\u0117kite sandarinimo komponentus ir prireikus juos pakeiskite, kad i\u0161vengtum\u0117te nuot\u0117ki\u0173 ir i\u0161laikytum\u0117te sistemos vientisum\u0105. Reguliar\u016bs patikrinimai gali pad\u0117ti pasteb\u0117ti problemas, kol jos nesukels rimt\u0173 gedim\u0173.<\/li>\n<\/ul>\n<h2>Produkto \u012frengimo gair\u0117s<\/h2>\n<p>Tinkamas montavimas yra labai svarbus efektyviam str\u0117l\u0117s cilindro veikimui. Pirmiausia \u012fsitikinkite, kad montavimo vieta yra \u0161vari ir be \u0161iuk\u0161li\u0173. Tiksliai sulygiuokite cilindr\u0105 su tvirtinimo ta\u0161kais, kad i\u0161vengtum\u0117te per didelio \u012ftempimo. Naudokite tinkamus tvirtinimo laikiklius, kad tvirtai pritvirtintum\u0117te cilindr\u0105 ir u\u017etikrintum\u0117te optimal\u0173 jo veikim\u0105.<\/p>\n<p>Montavimo metu patikrinkite, ar hidraulin\u0117s \u017earnos ir jungtys tinkamai suderintos, kad i\u0161vengtum\u0117te nuot\u0117ki\u0173. Priver\u017edami var\u017etus ir jungiam\u0105sias detales, laikykit\u0117s gamintojo nurodym\u0173 d\u0117l sukimo momento nustatym\u0173. Po montavimo atlikite i\u0161sam\u0173 visos sistemos patikrinim\u0105, patikrinkite, ar n\u0117ra nuot\u0117ki\u0173, ir prie\u0161 prad\u0117dami eksploatuoti \u012frang\u0105, \u012fsitikinkite, kad ji veikia skland\u017eiai. Tinkamai sumontuoti ir pri\u017ei\u016brimi hidrauliniai cilindrai veiks efektyviai ir tarnaus ilgiau.<\/p>\n<h2>\u012eprastos prie\u017ei\u016bros u\u017eduotys<\/h2>\n<h3>Reguliar\u016bs patikrinimai<\/h3>\n<p>Reguliar\u016bs patikrinimai yra b\u016btini norint nustatyti str\u0117l\u0117s cilindro susid\u0117v\u0117jim\u0105. Ie\u0161kokite hidraulinio skys\u010dio nuot\u0117kio po\u017eymi\u0173, kurie gali rodyti galimas sandarikli\u0173 ar jung\u010di\u0173 problemas. Patikrinkite cilindr\u0105, ar n\u0117ra r\u016bd\u017ei\u0173 ar korozijos po\u017eymi\u0173, kurie gal\u0117t\u0173 pakenkti jo konstrukcijos vientisumui. Reguliar\u016bs patikrinimai gali pad\u0117ti anksti pasteb\u0117ti problemas, i\u0161vengti brangaus remonto ir prastov\u0173.<\/p>\n<h3>Tinkamas tepimas<\/h3>\n<p>Tinkamas tepimo lygis yra labai svarbus efektyviam hidraulini\u0173 cilindr\u0173 veikimui. \u012esitikinkite, kad laikot\u0117s gamintojo rekomendacij\u0173 d\u0117l hidraulin\u0117s alyvos tipo ir tepimo interval\u0173. Tepimo da\u017enumas tur\u0117t\u0173 b\u016bti reguliuojamas atsi\u017evelgiant \u012f eksploatavimo s\u0105lygas ir naudojimo da\u017enum\u0105. Tinkamas tepimas suma\u017eina trint\u012f ir susid\u0117v\u0117jim\u0105, u\u017etikrindamas skland\u0173 cilindro veikim\u0105 esant apkrovai.<\/p>\n<h3>Tarpikli\u0173 keitimas ir kalibravimo patikrinimai<\/h3>\n<p>Sandarikliai atlieka labai svarb\u0173 vaidmen\u012f palaikant hidraulin\u012f sl\u0117g\u012f ir u\u017ekertant keli\u0105 nuot\u0117kiams. Reguliariai tikrinkite, ar sandarikliai n\u0117ra susid\u0117v\u0117j\u0119, ir prireikus juos pakeiskite. Be to, reik\u0117t\u0173 atlikti kalibravimo patikrinimus, siekiant u\u017etikrinti, kad cilindras veikt\u0173 pagal nurodytus parametrus. Tinkamas reguliavimas gali pad\u0117ti i\u0161vengti perkrov\u0173 ir pagerinti bendr\u0105 hidraulin\u0117s sistemos na\u0161um\u0105.<\/p>\n<p><img decoding=\"async\" src=\"https:\/\/www.hydraulic-cylinders.net\/wp-content\/uploads\/2025\/04\/songte-chushion-collar.webp\" alt=\"Pagalv\u0117l\u0117s apykakl\u0117\"><\/p>\n<h2>Saugos aspektai ir aplinkos veiksniai<\/h2>\n<p>Naudojant hidraulinius cilindrus, svarbu \u012fdiegti saugos priemones, skirtas apsaugoti tiek operatorius, tiek \u012frang\u0105. \u012esitikinkite, kad visi darbuotojai yra apmokyti tinkamai naudoti hidraulines sistemas ir \u017eino apie galimus pavojus, susijusius su sunki\u0173j\u0173 ma\u0161in\u0173 valdymu. Be to, \u012fsitikinkite, kad yra apsaugos ir avarinio stabdymo mechanizmai, siekiant i\u0161vengti nelaiming\u0173 atsitikim\u0173.<\/p>\n<h2>Trik\u010di\u0173 \u0161alinimas ir da\u017eniausiai pasitaikan\u010dios problemos<\/h2>\n<ul>\n<li><strong>Hidraulini\u0173 skys\u010di\u0173 nuot\u0117kiai:<\/strong> Patikrinkite sandariklius ir jungtis, ar n\u0117ra nuot\u0117kio po\u017eymi\u0173. Susid\u0117v\u0117jusi\u0173 sandarikli\u0173 keitimas da\u017enai gali i\u0161spr\u0119sti \u0161i\u0105 problem\u0105.<\/li>\n<li><strong>Prastas cilindro veikimas:<\/strong> Jei cilindras nereaguoja taip, kaip tik\u0117tasi, patikrinkite, ar hidraulin\u0117se linijose n\u0117ra oro arba ar nepakankamas hidraulinio skys\u010dio lygis.<\/li>\n<li><strong>Perkaitimas:<\/strong> Per didelis kar\u0161tis gali rodyti perkrov\u0105 arba nepakankam\u0105 tepim\u0105. Steb\u0117kite darbo s\u0105lygas ir u\u017etikrinkite tinkam\u0105 skys\u010di\u0173 lyg\u012f.<\/li>\n<\/ul>\n<h2>Gedim\u0173 sprendimo patarimai<\/h2>\n<p>Efektyvus trik\u010di\u0173 \u0161alinimas prasideda nuo simptom\u0173 nustatymo. Jei pastebite hidraulinio skys\u010dio nuot\u0117k\u012f, nedelsdami patikrinkite sandariklius ir jungtis. Jei kyla problem\u0173 d\u0117l veikimo, \u012fsitikinkite, kad hidraulinio skys\u010dio lygis yra pakankamas, ir patikrinkite, ar sistemoje n\u0117ra oro ki\u0161eni\u0173. \u012egyvendinus prevencines priemones, pvz., reguliari\u0105 technin\u0119 prie\u017ei\u016br\u0105 ir eksploatavimo s\u0105lyg\u0173 steb\u0117jim\u0105, galima gerokai suma\u017einti galim\u0173 problem\u0173 tikimyb\u0119 ateityje.<\/p>\n<p><img decoding=\"async\" src=\"https:\/\/www.hydraulic-cylinders.net\/wp-content\/uploads\/2025\/04\/songte-bushings-with-all-kinds-of-excavator-models.webp\" alt=\"\u012evor\u0117s\"><\/p>\n<h2>Apie m\u016bs\u0173 \u012fmon\u0119<\/h2>\n<p>Esame pirmaujantis pakaitini\u0173 hidraulini\u0173 cilindr\u0173 gamintojas, si\u016blantis plat\u0173 gamini\u0173 asortiment\u0105, kad patenkintume \u012fvairius rinkos poreikius. M\u016bs\u0173 \u012fsipareigojimas siekti nepriekai\u0161tingos kokyb\u0117s ir inovacij\u0173 \u012ftvirtino mus kaip vienus i\u0161 geriausi\u0173 hidraulini\u0173 cilindr\u0173 gamintoj\u0173 ir didmenini\u0173 platintoj\u0173 tiek vidaus, tiek tarptautin\u0117se rinkose. Mes teikiame pirmenyb\u0119 tiksliajai gamybai ir \u012fgyvendiname rafinuot\u0105 gamybos valdymo strategij\u0105, kurioje pasitelkiami kvalifikuoti darbuotojai, pa\u017eangi skaitmenin\u0117 gamybos \u012franga ir speciali testavimo sistema.<\/p>\n<p>M\u016bs\u0173 gamybos paj\u0117gumai yra nuolat tobulinami, u\u017etikrinant auk\u0161tus kokyb\u0117s standartus. Did\u017eiuojam\u0117s savo efektyvumu, tikslumu ir geb\u0117jimu patenkinti \u012fvairius klient\u0173 poreikius. Didel\u012f d\u0117mes\u012f skirdami individualiam pritaikymui, si\u016blome individualiai pritaikytus sprendimus, atitinkan\u010dius konkre\u010dius reikalavimus, u\u017etikrindami visapusi\u0161k\u0105 klient\u0173 pasitenkinim\u0105.<\/p>\n<p><img decoding=\"async\" src=\"https:\/\/www.hydraulic-cylinders.net\/wp-content\/uploads\/2025\/04\/songte-company-4.webp\" alt=\"\u012emon\u0117s \u012fvaizdis\"><br \/>\n<img decoding=\"async\" src=\"https:\/\/www.hydraulic-cylinders.net\/wp-content\/uploads\/2025\/04\/songte-company-3.webp\" alt=\"\u012emon\u0117s \u012fvaizdis\"><\/p>\n<p>Autorius: lyl<\/p>","protected":false},"excerpt":{"rendered":"<p>Boom Cylinder For Bada WYS50 Product Overview The Boom Cylinder for Bada WYS50 is a specialized hydraulic component designed for controlling the movement of various heavy machinery buckets. This hydraulic cylinder is crucial for the operation of excavators, backhoe loaders, and front loaders, enabling the bucket to lift, lower, and tilt, which facilitates efficient material [&hellip;]<\/p>","protected":false},"featured_media":17874,"comment_status":"open","ping_status":"closed","template":"","meta":{"_et_pb_use_builder":"","_et_pb_old_content":"","_et_gb_content_width":""},"product_brand":[],"product_cat":[1546],"product_tag":[1547,1496],"class_list":{"0":"post-19671","1":"product","2":"type-product","3":"status-publish","4":"has-post-thumbnail","6":"product_cat-boom-cylinders","7":"product_tag-boom-cylinders","8":"product_tag-hydraulic-cylinders","10":"first","11":"instock","12":"shipping-taxable","13":"product-type-simple"},"amp_enabled":true,"_links":{"self":[{"href":"https:\/\/www.hydraulic-cylinders.net\/lt\/wp-json\/wp\/v2\/product\/19671","targetHints":{"allow":["GET"]}}],"collection":[{"href":"https:\/\/www.hydraulic-cylinders.net\/lt\/wp-json\/wp\/v2\/product"}],"about":[{"href":"https:\/\/www.hydraulic-cylinders.net\/lt\/wp-json\/wp\/v2\/types\/product"}],"replies":[{"embeddable":true,"href":"https:\/\/www.hydraulic-cylinders.net\/lt\/wp-json\/wp\/v2\/comments?post=19671"}],"wp:featuredmedia":[{"embeddable":true,"href":"https:\/\/www.hydraulic-cylinders.net\/lt\/wp-json\/wp\/v2\/media\/17874"}],"wp:attachment":[{"href":"https:\/\/www.hydraulic-cylinders.net\/lt\/wp-json\/wp\/v2\/media?parent=19671"}],"wp:term":[{"taxonomy":"product_brand","embeddable":true,"href":"https:\/\/www.hydraulic-cylinders.net\/lt\/wp-json\/wp\/v2\/product_brand?post=19671"},{"taxonomy":"product_cat","embeddable":true,"href":"https:\/\/www.hydraulic-cylinders.net\/lt\/wp-json\/wp\/v2\/product_cat?post=19671"},{"taxonomy":"product_tag","embeddable":true,"href":"https:\/\/www.hydraulic-cylinders.net\/lt\/wp-json\/wp\/v2\/product_tag?post=19671"}],"curies":[{"name":"wp","href":"https:\/\/api.w.org\/{rel}","templated":true}]}}