{"id":19672,"date":"2025-04-07T07:00:59","date_gmt":"2025-04-07T07:00:59","guid":{"rendered":"https:\/\/www.hydraulic-cylinders.net\/product\/boom-cylinder-for-bada-wys40\/"},"modified":"2025-04-07T07:01:02","modified_gmt":"2025-04-07T07:01:02","slug":"boom-cylinder-for-bada-wys40","status":"publish","type":"product","link":"https:\/\/www.hydraulic-cylinders.net\/lt\/produktas\/boom-cylinder-for-bada-wys40\/","title":{"rendered":"Str\u0117l\u0117s cilindras, skirtas Bada WYS40"},"content":{"rendered":"<h1>Str\u0117l\u0117s cilindras, skirtas Bada WYS40<\/h1>\n<h2>\u012evadas \u012f str\u0117l\u0117s cilindr\u0105<\/h2>\n<p>Str\u0117l\u0117s cilindras yra gyvybi\u0161kai svarbus hidraulinis komponentas, specialiai sukurtas valdyti kau\u0161\u0173 jud\u0117jim\u0105 \u012fvairiose sunkiosiose ma\u0161inose, tokiose kaip ekskavatoriai, ekskavatoriniai krautuvai ir frontaliniai krautuvai. \u0160is hidraulinis cilindras leid\u017eia kau\u0161ui pakelti, nuleisti ir pakreipti, taip palengvindamas efektyv\u0173 med\u017eiag\u0173 tvarkym\u0105. Kau\u0161o cilindras veikia esant auk\u0161tam sl\u0117giui ir atlieka labai svarb\u0173 vaidmen\u012f hidraulin\u0117se sistemose, kurios maitina \u0161ias ma\u0161inas.<\/p>\n<p><img decoding=\"async\" src=\"https:\/\/www.hydraulic-cylinders.net\/wp-content\/uploads\/2025\/04\/songte-company-1.webp\" alt=\"Str\u0117l\u0117s cilindro vaizdas\" \/><\/p>\n<h3>Apibr\u0117\u017eimas ir ap\u017evalga<\/h3>\n<p>Kau\u0161o cilindras, da\u017enai vadinamas str\u0117l\u0117s cilindru, yra suprojektuotas taip, kad atlaikyt\u0173 grie\u017etus sunki\u0173 darb\u0173 reikalavimus. Jo pagrindin\u0117 funkcija \u2013 u\u017etikrinti tiksl\u0173 kau\u0161o judesi\u0173 valdym\u0105, u\u017etikrinant, kad operatoriai gal\u0117t\u0173 lengvai atlikti tokias u\u017eduotis kaip kasimas, k\u0117limas ir med\u017eiag\u0173 transportavimas. Cilindro konstrukcija yra optimizuota patvarumui ir efektyvumui, tod\u0117l jis yra patikimas pasirinkimas \u012fvairioms pramon\u0117s reikm\u0117ms.<\/p>\n<h2>Str\u0117l\u0117s cilindro savyb\u0117s<\/h2>\n<ul>\n<li><strong>Didelis stiprumas ir ilgaam\u017ei\u0161kumas:<\/strong> Paprastai pagaminti i\u0161 didelio stiprumo plieno arba aliuminio, \u0161ie cilindrai gali atlaikyti auk\u0161t\u0105 sl\u0117g\u012f ir dideles apkrovas, prisitaikydami prie at\u0161iauri\u0173 darbo s\u0105lyg\u0173. Jie sukurti atsi\u017evelgiant \u012f atsparum\u0105 dilimui ir korozijai, taip pailginant j\u0173 tarnavimo laik\u0105.<\/li>\n<li><strong>Efektyvus hidraulinis valdymas:<\/strong> Naudodamas hidraulin\u0117s alyvos sl\u0117g\u012f, str\u0117l\u0117s cilindras skland\u017eiai i\u0161tiesia ir atitraukia str\u0117l\u0119. Toks reagavimas leid\u017eia pasiekti galingas st\u016bmimo ir traukimo j\u0117gas, tod\u0117l jis tinka sunki\u0173 med\u017eiag\u0173 tvarkymui ir sud\u0117tingoms operacijoms.<\/li>\n<li><strong>Tip\u0173 \u012fvairov\u0117:<\/strong> Priklausomai nuo skirting\u0173 eksploatacini\u0173 poreiki\u0173, galimi vienpusio veikimo (hidraulinis sl\u0117gis naudojamas viena kryptimi) arba dvipusio veikimo (hidraulinis sl\u0117gis naudojamas abiem kryptimis) cilindr\u0173 variantai. Kai kurie modeliai yra teleskopiniai, tod\u0117l juos galima labiau prailginti nedidinant i\u0161orini\u0173 matmen\u0173, tod\u0117l jie idealiai tinka ribotos erdv\u0117s pritaikymams.<\/li>\n<\/ul>\n<h3>Gamybos paj\u0117gumai<\/h3>\n<p>Specializuojam\u0117s str\u0117l\u0117s cilindr\u0173 gamyboje, u\u017etikrindami, kad m\u016bs\u0173 gaminiai puikiai pakeis esamus hidraulinius cilindrus. M\u016bs\u0173 \u012fsipareigojimas kokybei garantuoja, kad kiekvienas cilindras atitinka grie\u017etus eksploatacinius standartus.<\/p>\n<p><img decoding=\"async\" src=\"https:\/\/www.hydraulic-cylinders.net\/wp-content\/uploads\/2025\/04\/songte-cylinder-head-with-all-kinds-excavator-models.webp\" alt=\"Ekskavatori\u0173 modeliai\" \/><\/p>\n<h2>Str\u0117l\u0117s cilindro pritaikymas<\/h2>\n<h3>Statybin\u0117 \u012franga<\/h3>\n<p>Ekskavatoriuose str\u0117l\u0117s cilindrai yra labai svarb\u016bs kasant, kraunant ir perkeliant \u017eem\u0119 ar \u0161iuk\u0161les. Jie leid\u017eia atlikti tikslius kasimo ir k\u0117limo veiksmus, u\u017etikrindami, kad operatoriai gal\u0117t\u0173 efektyviai valdyti savo darbo kr\u016bv\u012f. Ekskavatoriuose-krautuvuose \u0161ie cilindrai padeda tiek kasti, tiek kelti, u\u017etikrindami universalum\u0105 darbo vietoje.<\/p>\n<h3>\u017dem\u0117s \u016bkio technika<\/h3>\n<p>Priekiniai krautuvai naudoja str\u0117l\u0117s cilindrus dirvo\u017eemiui, \u0161ienui ir kitoms med\u017eiagoms semti, kelti ir transportuoti. D\u0117l savo patikimumo jie yra nepakei\u010diami \u017eem\u0117s \u016bkio aplinkoje, kur efektyvus med\u017eiag\u0173 tvarkymas yra b\u016btinas produktyvumui.<\/p>\n<h3>Ekskavatoriai<\/h3>\n<p>Ekskavatoriuose str\u0117l\u0117s cilindras leid\u017eia kau\u0161ui efektyviai \u012fsiskverbti \u012f dirv\u0105, tod\u0117l galima efektyviai atlikti kasimo darbus. Cilindro teikiama hidraulin\u0117 valdymo sistema u\u017etikrina skland\u0173 ir tiksl\u0173 jud\u0117jim\u0105, kuris yra gyvybi\u0161kai svarbus statybos ir kra\u0161tovaizd\u017eio tvarkymo projektuose.<\/p>\n<h3>Krautuvai<\/h3>\n<p>Priekiniuose krautuvuose str\u0117l\u0117s cilindrai padeda efektyviai kelti ir i\u0161versti krovinius. J\u0173 konstrukcija u\u017etikrina didel\u0119 k\u0117limo gali\u0105, tod\u0117l jie idealiai tinka sunki\u0173 med\u017eiag\u0173 tvarkymui \u012fvairiose srityse.<\/p>\n<h2>Projektavimo aspektai ir atrankos kriterijai<\/h2>\n<h3>Keliamoji galia<\/h3>\n<p>Renkantis str\u0117l\u0117s cilindr\u0105, b\u016btina atsi\u017evelgti \u012f jo keliam\u0105j\u0105 gali\u0105. \u0160i keliamoji galia lemia maksimal\u0173 svor\u012f, kur\u012f cilindras gali atlaikyti nepakenkdamas na\u0161umui ar saugumui. Norint u\u017etikrinti, kad cilindras atitikt\u0173 konkre\u010di\u0173 pritaikym\u0173 reikalavimus, b\u016btini tiksl\u016bs skai\u010diavimai ir vertinimai.<\/p>\n<h3>Sandarumas ir ilgaam\u017ei\u0161kumas<\/h3>\n<p>Efektyvus sandarinimas yra labai svarbus hidraulini\u0173 cilindr\u0173 ilgaam\u017ei\u0161kumui. Auk\u0161tos kokyb\u0117s sandarikliai apsaugo nuo skys\u010dio nuot\u0117kio, u\u017etikrindami efektyv\u0173 hidraulin\u0117s sistemos veikim\u0105. Tinkamai parinktos sandarikli\u0173 med\u017eiagos, tokios kaip poliuretanas ir nitrilo kau\u010diukas, padidina atsparum\u0105 dilimui ir ilgaam\u017ei\u0161kum\u0105, taip pagerindamos bendr\u0105 cilindro veikim\u0105.<\/p>\n<h3>Saugos aspektai<\/h3>\n<p>Projektuojant str\u0117l\u0117s cilindrus, saugumas yra svarbiausias dalykas. Tokios savyb\u0117s kaip sl\u0117gio ma\u017einimo vo\u017etuvai ir gedim\u0173 prevencijos sistemos padeda suma\u017einti avarij\u0173 ir \u012frangos gedim\u0173 rizik\u0105. Reguliarus techninis aptarnavimas ir patikrinimai yra b\u016btini siekiant u\u017etikrinti tinkam\u0105 saugos mechanizm\u0173 veikim\u0105, apsaugant tiek operatorius, tiek \u012frang\u0105.<\/p>\n<p><img decoding=\"async\" src=\"https:\/\/www.hydraulic-cylinders.net\/wp-content\/uploads\/2025\/04\/songte-oil-pipes-and-spare-parts.webp\" alt=\"Naftos vamzd\u017eiai ir atsargin\u0117s dalys\" \/><\/p>\n<h2>Hidraulinio cilindro sandarinimas ir tepimas<\/h2>\n<p>Hidrauliniai cilindrai, siekdami i\u0161laikyti optimal\u0173 na\u0161um\u0105, naudoja \u012fvairius sandarinimo komponentus, tokius kaip st\u016bmokli\u0173 ir kot\u0173 sandarikliai. Sandarikli\u0173, pagamint\u0173 i\u0161 patvari\u0173 med\u017eiag\u0173, toki\u0173 kaip poliuretanas arba nitrilo kau\u010diukas, pasirinkimas yra labai svarbus siekiant u\u017etikrinti ilgalaik\u0119 apsaug\u0105 nuo dilimo. Be to, cilindro korpusas ir srieginiai galai yra kruop\u0161\u010diai apdorojami, siekiant padidinti atsparum\u0105 dilimui.<\/p>\n<p>Reguliarus tepimas hidrauline alyva yra b\u016btinas skland\u017eiam cilindro veikimui. Tinkamas tepimas suma\u017eina trint\u012f tarp judan\u010di\u0173 dali\u0173, u\u017etikrindamas efektyv\u0173 hidraulin\u012f veikim\u0105 ir pailgindamas cilindro tarnavimo laik\u0105. Operatoriai tur\u0117t\u0173 laikytis technin\u0117s prie\u017ei\u016bros grafik\u0173, kad u\u017etikrint\u0173 tinkam\u0105 tepimo lyg\u012f ir i\u0161vengt\u0173 prie\u0161laikinio susid\u0117v\u0117jimo.<\/p>\n<h2>Reguliarios patikros ir prevencin\u0117s prie\u017ei\u016bros priemon\u0117s<\/h2>\n<ul>\n<li><strong>\u012eprastiniai patikrinimai:<\/strong> Reguliar\u016bs patikrinimai padeda nustatyti galimas problemas, kol jos nepa\u016bm\u0117jo. Operatoriai tur\u0117t\u0173 ap\u017ei\u016br\u0117ti cilindr\u0105, ar n\u0117ra susid\u0117v\u0117jimo, nuot\u0117kio ar pa\u017eeidimo po\u017eymi\u0173, ir u\u017etikrinti, kad b\u016bt\u0173 galima greitai atlikti visus reikalingus remonto darbus.<\/li>\n<li><strong>Tinkamas tepimas:<\/strong> Hidraulinio cilindro ilgaam\u017ei\u0161kumui labai svarbu u\u017etikrinti tinkam\u0105 jo sutepim\u0105. Operatoriai tur\u0117t\u0173 laikytis technin\u0117s prie\u017ei\u016bros gairi\u0173 d\u0117l tepimo interval\u0173 ir kieki\u0173, kad i\u0161vengt\u0173 per didelio vidini\u0173 komponent\u0173 susid\u0117v\u0117jimo.<\/li>\n<li><strong>Sandariklio keitimas:<\/strong> Hidraulini\u0173 cilindr\u0173 sandarikliai yra susid\u0117vintys komponentai, kuriuos reikia periodi\u0161kai keisti. Ankstyvas sandarikli\u0173 susid\u0117v\u0117jimo po\u017eymi\u0173 nustatymas gali pad\u0117ti i\u0161vengti alyvos nuot\u0117kio ir i\u0161laikyti cilindro efektyvum\u0105.<\/li>\n<\/ul>\n<h2>Str\u0117l\u0117s cilindro montavimo gair\u0117s<\/h2>\n<p>Tinkamas str\u0117l\u0117s cilindro montavimas yra labai svarbus jo veikimui. \u0160tai keli pagrindiniai \u017eingsniai, kuri\u0173 reikia laikytis:<\/p>\n<ol>\n<li><strong>Lygiavimas:<\/strong> \u012esitikinkite, kad cilindras yra tinkamai sulygiuotas su ma\u0161inos tvirtinimo ta\u0161kais. Neteisingas sulygiavimas gali sukelti prie\u0161laikin\u012f susid\u0117v\u0117jim\u0105 ir galim\u0105 cilindro pa\u017eeidim\u0105.<\/li>\n<li><strong>Naudokite tinkamus tvirtinimo laikiklius:<\/strong> Cilindrui pritvirtinti naudokite tinkamus tvirtinimo laikiklius. Tai apsaugo nuo jud\u0117jimo eksploatacijos metu, d\u0117l kurio jis gali sugesti.<\/li>\n<li><strong>Laikykit\u0117s gamintojo nurodym\u0173:<\/strong> Laikykit\u0117s gamintojo pateikt\u0173 konkretaus modelio montavimo instrukcij\u0173. Tai apima sukimo momento specifikacijas ir hidraulini\u0173 linij\u0173 jungtis.<\/li>\n<li><strong>Patikrinkite, ar n\u0117ra nuot\u0117ki\u0173:<\/strong> \u012edieg\u0119, paleiskite hidraulin\u0119 sistem\u0105 ir patikrinkite, ar n\u0117ra nuot\u0117ki\u0173. Nedelsdami i\u0161spr\u0119skite visas problemas, kad i\u0161vengtum\u0117te hidraulinio skys\u010dio praradimo.<\/li>\n<\/ol>\n<h2>\u012eprastos prie\u017ei\u016bros u\u017eduotys<\/h2>\n<ul>\n<li><strong>Reguliar\u016bs patikrinimai:<\/strong> Da\u017enai atlikite patikrinimus, kad \u012fsitikintum\u0117te, jog visi komponentai veikia tinkamai. Ie\u0161kokite susid\u0117v\u0117jimo, pa\u017eeidim\u0173 ar nuot\u0117ki\u0173 po\u017eymi\u0173 ir nedelsdami juos pa\u0161alinkite.<\/li>\n<li><strong>Tinkamas tepimas:<\/strong> Naudokite tinkamo tipo hidraulin\u012f skyst\u012f ir reguliariai sutepkite judan\u010dias dalis, kad pagerintum\u0117te na\u0161um\u0105 ir i\u0161vengtum\u0117te nusid\u0117v\u0117jimo.<\/li>\n<li><strong>Sandariklio keitimas:<\/strong> Prireikus keiskite sandariklius, atsi\u017evelgdami \u012f j\u0173 nusid\u0117v\u0117jim\u0105. Reguliarus sandarikli\u0173 aptarnavimas padeda i\u0161laikyti sistemos vientisum\u0105 ir efektyvum\u0105.<\/li>\n<\/ul>\n<p>Tinkamas montavimas, tepimas ir reguliavimas yra labai svarb\u016bs hidraulinio cilindro ilgaam\u017ei\u0161kumui. Tikslus suderinimas montavimo metu padeda suma\u017einti cilindro ir prijungt\u0173 komponent\u0173 susid\u0117v\u0117jim\u0105.<\/p>\n<p><img decoding=\"async\" src=\"https:\/\/www.hydraulic-cylinders.net\/wp-content\/uploads\/2025\/04\/songte-chushion-collar.webp\" alt=\"Pagalv\u0117l\u0117s apykakl\u0117\" \/><\/p>\n<h2>Saugos aspektai ir aplinkos veiksniai<\/h2>\n<p>Dirbant su hidrauliniais cilindrais, labai svarbu \u012fdiegti saugos priemones, siekiant i\u0161vengti nelaiming\u0173 atsitikim\u0173. Operatoriai tur\u0117t\u0173 d\u0117v\u0117ti tinkamas asmenines apsaugos priemones (AAP) ir laikytis saugos protokol\u0173, kad u\u017etikrint\u0173 saugi\u0105 darbo aplink\u0105. Reguliar\u016bs mokymai ir informavimo programos gali pad\u0117ti suma\u017einti su hidraulin\u0117mis sistemomis susijusi\u0105 rizik\u0105.<\/p>\n<h2>Gedim\u0173 diagnostika ir da\u017eniausios problemos<\/h2>\n<ul>\n<li><strong>Nuot\u0117kis:<\/strong> Viena i\u0161 da\u017eniausi\u0173 hidraulini\u0173 cilindr\u0173 problem\u0173 yra nuot\u0117kis. Tai gali kilti d\u0117l susid\u0117v\u0117jusi\u0173 sandarikli\u0173 arba pa\u017eeist\u0173 jung\u010di\u0173. Norint pa\u0161alinti nuot\u0117kius, b\u016btini reguliar\u016bs patikrinimai ir savalaikis remontas.<\/li>\n<li><strong>L\u0117tas atsakas:<\/strong> Jei hidraulin\u0117 sistema reaguoja l\u0117tai, tai gali reik\u0161ti \u017eem\u0105 hidraulinio skys\u010dio lyg\u012f arba sistemoje \u012fstrigusi\u0105 or\u0105. \u0160i\u0105 problem\u0105 da\u017enai galima i\u0161spr\u0119sti pa\u0161alinus skys\u010dio lyg\u012f ir i\u0161leidus sistem\u0105.<\/li>\n<li><strong>Per didelis triuk\u0161mas:<\/strong> Ne\u012fprasti garsai eksploatacijos metu gali rodyti vidin\u012f susid\u0117v\u0117jim\u0105 arba tepimo poreik\u012f. Labai svarbu i\u0161tirti triuk\u0161mo \u0161altin\u012f ir imtis taisom\u0173j\u0173 veiksm\u0173, kad b\u016bt\u0173 i\u0161vengta tolesn\u0117s \u017ealos.<\/li>\n<\/ul>\n<h2>Trik\u010di\u0173 \u0161alinimo patarimai<\/h2>\n<p>Nor\u0117dami efektyviai diagnozuoti ir i\u0161spr\u0119sti str\u0117l\u0117s cilindro problemas, vadovaukit\u0117s \u0161iais trik\u010di\u0173 \u0161alinimo patarimais:<\/p>\n<ul>\n<li>Steb\u0117kite, ar n\u0117ra nuot\u0117kio ar skys\u010di\u0173 praradimo po\u017eymi\u0173, ir nedelsdami juos pa\u0161alinkite, kad i\u0161vengtum\u0117te tolesn\u0117s \u017ealos.<\/li>\n<li>Reguliariai tikrinkite hidraulinio skys\u010dio lyg\u012f ir kokyb\u0119, prireikus papildykite arba pakeiskite skys\u010dius, kad i\u0161laikytum\u0117te optimal\u0173 na\u0161um\u0105.<\/li>\n<li>\u012egyvendinkite prevencines prie\u017ei\u016bros priemones, tokias kaip periodiniai patikrinimai ir tepimas, kad prailgintum\u0117te hidraulin\u0117s sistemos tarnavimo cikl\u0105.<\/li>\n<\/ul>\n<p><img decoding=\"async\" src=\"https:\/\/www.hydraulic-cylinders.net\/wp-content\/uploads\/2025\/04\/songte-bushings-with-all-kinds-of-excavator-models.webp\" alt=\"Ekskavatori\u0173 modeli\u0173 \u012fvor\u0117s\" \/><\/p>\n<h2>\u012emon\u0117s ap\u017evalga<\/h2>\n<p>Esame pirmaujantis hidraulini\u0173 cilindr\u0173 gamintojas, si\u016blantis plat\u0173 gamini\u0173 asortiment\u0105, skirt\u0105 tiek vidaus, tiek tarptautinei rinkai. M\u016bs\u0173 \u012fsipareigojimas siekti meistri\u0161kumo leido mums tapti \u017eymiu hidraulini\u0173 cilindr\u0173 gamybos ir didmenin\u0117s prekybos pramon\u0117s dalyviu. Laikom\u0117s grie\u017et\u0173 kokyb\u0117s standart\u0173 ir naudojame pa\u017eangias gamybos strategijas, \u012fskaitant tikslius dirbtuves ir moderni\u0105 skaitmenin\u0119 \u012frang\u0105, kad padidintume savo gamybos paj\u0117gumus.<\/p>\n<p>M\u016bs\u0173 profesionali komanda kartu su patikima testavimo sistema u\u017etikrina, kad m\u016bs\u0173 produktai atitikt\u0173 auk\u0161\u010diausius kokyb\u0117s reikalavimus. Did\u017eiuojam\u0117s savo geb\u0117jimu patenkinti \u012fvairius klient\u0173 poreikius teikdami individualiai pritaikytas paslaugas ir sprendimus.<\/p>\n<p><img decoding=\"async\" src=\"https:\/\/www.hydraulic-cylinders.net\/wp-content\/uploads\/2025\/04\/songte-company-4.webp\" alt=\"\u012emon\u0117s ap\u017evalga\" \/><br \/>\n<img decoding=\"async\" src=\"https:\/\/www.hydraulic-cylinders.net\/wp-content\/uploads\/2025\/04\/songte-company-3.webp\" alt=\"\u012emon\u0117s patalpos\" \/><\/p>\n<p>Autorius: lyl<\/p>","protected":false},"excerpt":{"rendered":"<p>Boom Cylinder For Bada WYS40 Introduction to the Boom Cylinder The Boom Cylinder is a vital hydraulic component designed specifically for controlling the movement of buckets in various heavy machinery, such as excavators, backhoe loaders, and front loaders. This hydraulic cylinder enables the bucket to lift, lower, and tilt, facilitating efficient material handling tasks. The [&hellip;]<\/p>","protected":false},"featured_media":17875,"comment_status":"open","ping_status":"closed","template":"","meta":{"_et_pb_use_builder":"","_et_pb_old_content":"","_et_gb_content_width":""},"product_brand":[],"product_cat":[1546],"product_tag":[1547,1496],"class_list":{"0":"post-19672","1":"product","2":"type-product","3":"status-publish","4":"has-post-thumbnail","6":"product_cat-boom-cylinders","7":"product_tag-boom-cylinders","8":"product_tag-hydraulic-cylinders","10":"first","11":"instock","12":"shipping-taxable","13":"product-type-simple"},"amp_enabled":true,"_links":{"self":[{"href":"https:\/\/www.hydraulic-cylinders.net\/lt\/wp-json\/wp\/v2\/product\/19672","targetHints":{"allow":["GET"]}}],"collection":[{"href":"https:\/\/www.hydraulic-cylinders.net\/lt\/wp-json\/wp\/v2\/product"}],"about":[{"href":"https:\/\/www.hydraulic-cylinders.net\/lt\/wp-json\/wp\/v2\/types\/product"}],"replies":[{"embeddable":true,"href":"https:\/\/www.hydraulic-cylinders.net\/lt\/wp-json\/wp\/v2\/comments?post=19672"}],"wp:featuredmedia":[{"embeddable":true,"href":"https:\/\/www.hydraulic-cylinders.net\/lt\/wp-json\/wp\/v2\/media\/17875"}],"wp:attachment":[{"href":"https:\/\/www.hydraulic-cylinders.net\/lt\/wp-json\/wp\/v2\/media?parent=19672"}],"wp:term":[{"taxonomy":"product_brand","embeddable":true,"href":"https:\/\/www.hydraulic-cylinders.net\/lt\/wp-json\/wp\/v2\/product_brand?post=19672"},{"taxonomy":"product_cat","embeddable":true,"href":"https:\/\/www.hydraulic-cylinders.net\/lt\/wp-json\/wp\/v2\/product_cat?post=19672"},{"taxonomy":"product_tag","embeddable":true,"href":"https:\/\/www.hydraulic-cylinders.net\/lt\/wp-json\/wp\/v2\/product_tag?post=19672"}],"curies":[{"name":"wp","href":"https:\/\/api.w.org\/{rel}","templated":true}]}}