{"id":19673,"date":"2025-04-07T07:01:03","date_gmt":"2025-04-07T07:01:03","guid":{"rendered":"https:\/\/www.hydraulic-cylinders.net\/product\/boom-cylinder-for-baoding-wy65-6\/"},"modified":"2025-04-07T07:01:06","modified_gmt":"2025-04-07T07:01:06","slug":"boom-cylinder-for-baoding-wy65-6","status":"publish","type":"product","link":"https:\/\/www.hydraulic-cylinders.net\/lt\/produktas\/boom-cylinder-for-baoding-wy65-6\/","title":{"rendered":"Str\u0117l\u0117s cilindras Baodingo WY65-6"},"content":{"rendered":"<h1>Str\u0117l\u0117s cilindras Baodingo WY65-6<\/h1>\n<h2>Produkto ap\u017evalga<\/h2>\n<p>\u201eBaoding WY65-6\u201c str\u0117l\u0117s cilindras yra specializuotas hidraulinis cilindras, skirtas valdyti kau\u0161\u0173 jud\u0117jim\u0105 sunkiosiose technikose, tokiose kaip ekskavatoriai, ekskavatoriniai krautuvai ir frontaliniai krautuvai. \u0160is hidraulinis cilindras leid\u017eia kau\u0161\u0105 efektyviai pakelti, nuleisti ir pakreipti, palengvindamas \u012fvairias med\u017eiag\u0173 tvarkymo u\u017eduotis. Kau\u0161o cilindras yra esmin\u0117 hidraulini\u0173 sistem\u0173 dalis, nes jis hidraulin\u0119 energij\u0105 paver\u010dia mechanine energija, u\u017etikrindamas skland\u0173 ir kontroliuojam\u0105 jud\u0117jim\u0105 statybos ir \u017eem\u0117s \u016bkio \u012frangoje.<\/p>\n<p><img decoding=\"async\" src=\"https:\/\/www.hydraulic-cylinders.net\/wp-content\/uploads\/2025\/04\/songte-company-1.webp\" alt=\"Str\u0117l\u0117s cilindras\" \/><\/p>\n<h2>Pagrindin\u0117s savyb\u0117s<\/h2>\n<ul>\n<li><strong>Didelis stiprumas ir ilgaam\u017ei\u0161kumas:<\/strong> Pagaminta i\u0161 didelio stiprumo plieno arba aliuminio, galin\u010dio atlaikyti auk\u0161t\u0105 sl\u0117g\u012f ir dideles apkrovas. Sukurta atsparumui dilimui ir apsaugai nuo korozijos, prailginanti tarnavimo laik\u0105.<\/li>\n<li><strong>Efektyvus hidraulinis valdymas:<\/strong> Naudoja hidraulin\u0117s alyvos sl\u0117g\u012f skland\u017eiam i\u0161st\u016bmimui ir \u012ftraukimui, leid\u017eia greitai reaguoti \u012f valdymo komandas ir u\u017etikrinti didel\u0119 st\u016bmimo ir traukimo j\u0117g\u0105 atliekant sunkias ir sud\u0117tingas u\u017eduotis.<\/li>\n<li><strong>\u012evair\u016bs tipai:<\/strong> Galima \u012fsigyti vienpusio veikimo (hidraulin\u0117 sistema naudojama viena kryptimi) arba dvipusio veikimo (hidraulin\u0117 sistema naudojama abiem kryptimis) konfig\u016bracij\u0173, kad atitikt\u0173 \u012fvairius eksploatavimo poreikius. Kai kurie modeliai pasi\u017eymi teleskopin\u0117mis konstrukcijomis, kad b\u016bt\u0173 galima pasiekti didesn\u012f atstum\u0105 nedidinant dyd\u017eio, tod\u0117l tinka naudoti ribotoje erdv\u0117je.<\/li>\n<li><strong>Individuali gamyba:<\/strong> M\u016bs\u0173 gamybos paj\u0117gumai leid\u017eia mums gaminti \u0161\u012f produkt\u0105, u\u017etikrinant puik\u0173 \u012fvairi\u0173 rinkoje esan\u010di\u0173 hidraulini\u0173 cilindr\u0173 pakaital\u0105.<\/li>\n<li><strong>I\u0161sami kokyb\u0117s kontrol\u0117:<\/strong> Kiekvienas cilindras yra grie\u017etai testuojamas, siekiant u\u017etikrinti, kad jis atitikt\u0173 auk\u0161tus patikimumo ir na\u0161umo kokyb\u0117s standartus.<\/li>\n<\/ul>\n<p><img decoding=\"async\" src=\"https:\/\/www.hydraulic-cylinders.net\/wp-content\/uploads\/2025\/04\/songte-cylinder-head-with-all-kinds-excavator-models.webp\" alt=\"Hidraulinio cilindro parinktys\" \/><\/p>\n<h2>Taikymo scenarijai<\/h2>\n<h3>Statybin\u0117 \u012franga<\/h3>\n<p>In excavators, boom cylinders are crucial for digging, loading, and moving soil or debris. They provide the necessary force to lift heavy loads and are integral to the machine&#8217;s operation. In backhoe loaders, they assist in both digging and lifting, making them versatile for varied tasks.<\/p>\n<h3>\u017dem\u0117s \u016bkio technika<\/h3>\n<p>Priekiniuose krautuvuose str\u0117l\u0117s cilindrai naudojami dirvo\u017eemiui, \u0161ienui ir kitoms med\u017eiagoms semti, kelti ir transportuoti. J\u0173 patikimas veikimas u\u017etikrina efektyvius pakrovimo ir i\u0161krovimo procesus, didindamas produktyvum\u0105 \u016bkiuose ir darbo vietose.<\/p>\n<h3>Ekskavatoriai<\/h3>\n<p>Str\u0117l\u0117s cilindras leid\u017eia kau\u0161ui efektyviai \u012fsiskverbti \u012f dirv\u0105, palengvindamas kasimo darbus. \u0160i galimyb\u0117 yra b\u016btina tiek statybos, tiek griovimo projektuose, kur reikalingas tikslus kasimas.<\/p>\n<h3>Krautuvai<\/h3>\n<p>In front loaders, boom cylinders are pivotal for lifting and dumping materials efficiently. They enable operators to handle bulk materials with ease, enhancing the loader&#8217;s functionality and efficiency.<\/p>\n<h2>Projektavimo aspektai ir atrankos kriterijai<\/h2>\n<h3>Keliamoji galia<\/h3>\n<p>Renkantis str\u0117l\u0117s cilindr\u0105, svarbiausias aspektas yra hidraulinio cilindro keliamoji galia. Jis turi atlaikyti maksimali\u0105 eksploatacijos metu numatom\u0105 apkrov\u0105 nepakenkiant saugumui ar na\u0161umui. Gamintojai naudoja didelio stiprumo med\u017eiagas ir tvirtas konstrukcijas, kad u\u017etikrint\u0173, jog net ir sunkiausi kroviniai b\u016bt\u0173 valdomi efektyviai. Tinkamai \u012fvertintas cilindras ne tik veiks geriau, bet ir pailgins ma\u0161inos eksploatavimo laik\u0105.<\/p>\n<h3>Sandarinimo sistemos<\/h3>\n<p>Hidraulinio cilindro efektyvumui ir ilgaam\u017ei\u0161kumui didel\u0119 \u012ftak\u0105 daro jo sandarinimo sistemos. Siekiant i\u0161vengti hidraulinio skys\u010dio nuot\u0117kio ir u\u017eter\u0161imo, reikia naudoti auk\u0161tos kokyb\u0117s sandariklius. Tokios med\u017eiagos kaip poliuretanas ir nitrilo kau\u010diukas yra pageidaujamos d\u0117l j\u0173 ilgaam\u017ei\u0161kumo ir atsparumo dilimui. Tinkamas sandarinimas yra b\u016btinas norint palaikyti sistemos sl\u0117g\u012f ir u\u017etikrinti skland\u0173 cilindro veikim\u0105.<\/p>\n<h3>Patvarumas<\/h3>\n<p>Patvarumas yra dar vienas svarbus hidraulini\u0173 cilindr\u0173 pasirinkimo veiksnys. Komponentai turi atlaikyti at\u0161iaurias darbo s\u0105lygas, \u012fskaitant ekstremalias temperat\u016bras, dulkes ir dr\u0117gm\u0119. Gamintojai paprastai naudoja pa\u017eangias dangas ir apdorojim\u0105, kad padidint\u0173 hidraulini\u0173 cilindr\u0173 atsparum\u0105 korozijai ir dilimo charakteristikas, u\u017etikrindami, kad jie i\u0161likt\u0173 funkcional\u016bs net ir sud\u0117tingomis s\u0105lygomis.<\/p>\n<h3>Saugos funkcijos<\/h3>\n<p>Projektuojant str\u0117l\u0117s cilindrus, svarbiausia yra saugumas. Tokios savyb\u0117s kaip sl\u0117gio ma\u017einimo vo\u017etuvai ir tvirti galiniai dangteliai padeda i\u0161vengti katastrofi\u0161k\u0173 gedim\u0173. Labai svarbu, kad operatoriai \u017einot\u0173 saugos priemones ir u\u017etikrint\u0173, jog visos \u012fdiegtos sistemos veikt\u0173 tinkamai, kad b\u016bt\u0173 i\u0161vengta nelaiming\u0173 atsitikim\u0173 eksploatacijos metu.<\/p>\n<h3>Prieinamumas prie prie\u017ei\u016bros<\/h3>\n<p>Projektuojant hidraulinius cilindrus atsi\u017evelgiant \u012f j\u0173 technin\u0119 prie\u017ei\u016br\u0105, u\u017etikrinama lengvesn\u0117 prieiga ap\u017ei\u016brai, remontui ir keitimui. Tai suma\u017eina prastovas ir pagerina bendr\u0105 na\u0161um\u0105. Tokie konstrukciniai elementai kaip nuimami galiniai dangteliai ir lengvai prieinamos tepimo angos gali \u017eymiai padidinti technin\u0117s prie\u017ei\u016bros efektyvum\u0105.<\/p>\n<p><img decoding=\"async\" src=\"https:\/\/www.hydraulic-cylinders.net\/wp-content\/uploads\/2025\/04\/songte-oil-pipes-and-spare-parts.webp\" alt=\"Atsargin\u0117s dalys\" \/><\/p>\n<h2>Sandarinimas ir tepimas<\/h2>\n<p>Efektyvus sandarinimas ir tepimas yra gyvybi\u0161kai svarb\u016bs hidraulini\u0173 cilindr\u0173 veikimui. \u012evair\u016bs sandarinimo komponentai, \u012fskaitant st\u016bmokli\u0173 ir kot\u0173 sandariklius, atlieka svarb\u0173 vaidmen\u012f u\u017ekertant keli\u0105 nuot\u0117kiams ir palaikant sl\u0117g\u012f. Sandarikliai, pagaminti i\u0161 patvari\u0173 med\u017eiag\u0173, toki\u0173 kaip poliuretanas ir nitrilo kau\u010diukas, u\u017etikrina, kad jie b\u016bt\u0173 atspar\u016bs dilimui ir aplinkos veiksniams. Cilindro korpusas ir srieginiai galai yra tiksliai apdirbami, siekiant padidinti atsparum\u0105 dilimui. Reguliarus tepimas hidrauline alyva yra b\u016btinas norint suma\u017einti trint\u012f ir pailginti hidraulini\u0173 komponent\u0173 tarnavimo laik\u0105, u\u017etikrinant skland\u0173 j\u0173 veikim\u0105 laikui b\u0117gant.<\/p>\n<h2>Prevencin\u0117s prie\u017ei\u016bros priemon\u0117s<\/h2>\n<ul>\n<li><strong>Reguliar\u016bs patikrinimai:<\/strong> Da\u017enai tikrinkite hidraulin\u0119 sistem\u0105, ar n\u0117ra nuot\u0117ki\u0173, susid\u0117v\u0117jimo ar pa\u017eeidim\u0173. Ankstyvas problem\u0173 nustatymas gali pad\u0117ti i\u0161vengti rimtesni\u0173 problem\u0173 ateityje.<\/li>\n<li><strong>Tinkamas tepimas:<\/strong> U\u017etikrinkite, kad hidraulin\u0117s alyvos lygis b\u016bt\u0173 palaikomas, o tepimas b\u016bt\u0173 atliekamas pagal gamintojo rekomendacijas, kad sistema veikt\u0173 optimaliai.<\/li>\n<li><strong>Sandariklio keitimas:<\/strong> Regularly assess the condition of seals and replace them when signs of wear become apparent. Proper sealing is crucial to maintaining the hydraulic system&#8217;s integrity and efficiency.<\/li>\n<\/ul>\n<h2>\u012erengimo gair\u0117s<\/h2>\n<p>Tinkamas str\u0117l\u0117s cilindro montavimas yra b\u016btinas optimaliam veikimui. Pirmiausia \u012fsitikinkite, kad montavimo vieta yra \u0161vari ir be \u0161iuk\u0161li\u0173. Tiksliai sulygiuokite cilindr\u0105 su tvirtinimo laikikliais ir u\u017etikrinkite, kad jis b\u016bt\u0173 tvirtai pritvirtintas. Rekomenduojama naudoti tinkamus tvirtinimo laikiklius, kad b\u016bt\u0173 u\u017etikrintas stabilumas ir atrama eksploatacijos metu. Patikrinkite, ar hidraulin\u0117s linijos yra tinkamai prijungtos ir n\u0117ra nuot\u0117ki\u0173. Galiausiai, sumontavus, prie\u0161 prad\u0117dami eksploatuoti, atid\u017eiai patikrinkite vis\u0105 sistem\u0105, kad \u012fsitikintum\u0117te, jog n\u0117ra problem\u0173.<\/p>\n<h2>\u012eprastos prie\u017ei\u016bros u\u017eduotys<\/h2>\n<ul>\n<li><strong>Reguliar\u016bs patikrinimai:<\/strong> Atlikite reguliarius patikrinimus, kad anksti nustatytum\u0117te galimas problemas. Reguliar\u016bs patikrinimai padeda i\u0161laikyti sistemos vientisum\u0105 ir pailginti hidraulini\u0173 komponent\u0173 tarnavimo laik\u0105.<\/li>\n<li><strong>Tinkamas tepimas:<\/strong> Sutepkite judan\u010dias dalis pagal rekomendacijas, kad u\u017etikrintum\u0117te skland\u0173 veikim\u0105. Tinkamas tepimas suma\u017eina komponent\u0173 susid\u0117v\u0117jim\u0105 ir pagerina na\u0161um\u0105.<\/li>\n<li><strong>Sandariklio keitimas:<\/strong> Reguliariai tikrinkite ir keiskite tarpiklius pagal poreik\u012f. Gerai pri\u017ei\u016brimi tarpikliai apsaugo nuo nuot\u0117ki\u0173 ir palaiko sistemos sl\u0117g\u012f, o tai yra labai svarbu efektyviam veikimui.<\/li>\n<\/ul>\n<h2>Saugos aspektai ir aplinkos veiksniai<\/h2>\n<p>Dirbant su hidraulin\u0117mis sistemomis, b\u016btina \u012fdiegti saugos priemones. Operatoriai tur\u0117t\u0173 b\u016bti apmokyti saugiai valdyti hidraulines ma\u0161inas, kad b\u016bt\u0173 suma\u017eintas nelaiming\u0173 atsitikim\u0173 skai\u010dius. Reguliar\u016bs saugos auditai ir saugos protokol\u0173 laikymasis gali \u017eymiai suma\u017einti rizik\u0105. Be to, gyvybi\u0161kai svarb\u0173 vaidmen\u012f atlieka aplinkosauginiai aspektai; veiksmingas hidraulin\u0117s alyvos nuot\u0117ki\u0173 valdymas ir tinkamas susid\u0117v\u0117jusi\u0173 sandarikli\u0173 bei komponent\u0173 utilizavimas prisideda prie saugesn\u0117s aplinkos.<\/p>\n<h2>Trik\u010di\u0173 \u0161alinimas ir da\u017eniausiai pasitaikan\u010dios problemos<\/h2>\n<ul>\n<li><strong>Nuot\u0117kis:<\/strong> Jei pastebimai suma\u017e\u0117jo hidraulinio skys\u010dio lygis, patikrinkite, ar n\u0117ra sandarikli\u0173 ir jung\u010di\u0173. Problem\u0105 gali i\u0161spr\u0119sti jungiam\u0173j\u0173 detali\u0173 priver\u017eimas arba sandarikli\u0173 pakeitimas.<\/li>\n<li><strong>Prastas na\u0161umas:<\/strong> If the cylinder&#8217;s operation is sluggish, check the hydraulic oil levels and quality. Contamination may necessitate oil replacement and system flushing.<\/li>\n<li><strong>Triuk\u0161mingas veikimas:<\/strong> Ne\u012fprasti garsai gali rodyti vidinius pa\u017eeidimus arba tepimo tr\u016bkum\u0105. Patikrinkite, ar cilindre n\u0117ra susid\u0117v\u0117jimo po\u017eymi\u0173, ir \u012fsitikinkite, kad tepama pakankamai.<\/li>\n<\/ul>\n<p>Savalaikis \u0161i\u0173 problem\u0173 sprendimas gali pad\u0117ti i\u0161laikyti sistemos efektyvum\u0105 ir pailginti hidraulini\u0173 komponent\u0173 tarnavimo laik\u0105.<\/p>\n<p><img decoding=\"async\" src=\"https:\/\/www.hydraulic-cylinders.net\/wp-content\/uploads\/2025\/04\/songte-bushings-with-all-kinds-of-excavator-models.webp\" alt=\"Hidraulin\u0117s \u012fvor\u0117s\" \/><\/p>\n<h2>\u012emon\u0117s ap\u017evalga<\/h2>\n<p>Esame pirmaujanti pakaitini\u0173 hidraulini\u0173 cilindr\u0173 gamintoja ir didmeninink\u0117, si\u016blanti plat\u0173 gamini\u0173 asortiment\u0105 tiek vietin\u0117je, tiek tarptautin\u0117je rinkose. M\u016bs\u0173 \u012fsipareigojim\u0105 siekti nepriekai\u0161tingos kokyb\u0117s palaiko patobulinta gamybos valdymo strategija. Naudodami pa\u017eangias gamybos technologijas ir kvalifikuotus darbuotojus, nuolat tobuliname savo gamybos procesus. M\u016bs\u0173 patikimos kokyb\u0117s u\u017etikrinimo sistemos u\u017etikrina, kad patenkintume \u012fvairius klient\u0173 poreikius, i\u0161laikydami auk\u0161t\u0105 efektyvum\u0105, tikslum\u0105 ir kokyb\u0117s standartus.<\/p>\n<p><img decoding=\"async\" src=\"https:\/\/www.hydraulic-cylinders.net\/wp-content\/uploads\/2025\/04\/songte-company-4.webp\" alt=\"\u012emon\u0117s ap\u017evalga\" \/><br \/>\n<img decoding=\"async\" src=\"https:\/\/www.hydraulic-cylinders.net\/wp-content\/uploads\/2025\/04\/songte-company-3.webp\" alt=\"Gamybos \u012frenginiai\" \/><\/p>\n<p>M\u016bs\u0173 profesional\u016bs geb\u0117jimai, tarptautiniai sertifikatai, individualiai pritaikytos paslaugos, moderni gamybos \u012franga ir i\u0161skirtinis aptarnavimas po pardavimo i\u0161skiria mus \u0161ioje pramon\u0117s \u0161akoje. Mes teikiame pirmenyb\u0119 klient\u0173 pasitenkinimui ir stengiam\u0117s tiekti produktus, kurie atitinka auk\u0161\u010diausius standartus.<\/p>\n<p>Autorius: lyl<\/p>","protected":false},"excerpt":{"rendered":"<p>Boom Cylinder For Baoding WY65-6 Product Overview The Boom Cylinder for Baoding WY65-6 is a specialized hydraulic cylinder designed to control the movement of buckets in heavy machinery such as excavators, backhoe loaders, and front-end loaders. This hydraulic cylinder enables the bucket to lift, lower, and tilt efficiently, facilitating various material handling tasks. The bucket [&hellip;]<\/p>","protected":false},"featured_media":17876,"comment_status":"open","ping_status":"closed","template":"","meta":{"_et_pb_use_builder":"","_et_pb_old_content":"","_et_gb_content_width":""},"product_brand":[],"product_cat":[1546],"product_tag":[1547,1496],"class_list":{"0":"post-19673","1":"product","2":"type-product","3":"status-publish","4":"has-post-thumbnail","6":"product_cat-boom-cylinders","7":"product_tag-boom-cylinders","8":"product_tag-hydraulic-cylinders","10":"first","11":"instock","12":"shipping-taxable","13":"product-type-simple"},"amp_enabled":true,"_links":{"self":[{"href":"https:\/\/www.hydraulic-cylinders.net\/lt\/wp-json\/wp\/v2\/product\/19673","targetHints":{"allow":["GET"]}}],"collection":[{"href":"https:\/\/www.hydraulic-cylinders.net\/lt\/wp-json\/wp\/v2\/product"}],"about":[{"href":"https:\/\/www.hydraulic-cylinders.net\/lt\/wp-json\/wp\/v2\/types\/product"}],"replies":[{"embeddable":true,"href":"https:\/\/www.hydraulic-cylinders.net\/lt\/wp-json\/wp\/v2\/comments?post=19673"}],"wp:featuredmedia":[{"embeddable":true,"href":"https:\/\/www.hydraulic-cylinders.net\/lt\/wp-json\/wp\/v2\/media\/17876"}],"wp:attachment":[{"href":"https:\/\/www.hydraulic-cylinders.net\/lt\/wp-json\/wp\/v2\/media?parent=19673"}],"wp:term":[{"taxonomy":"product_brand","embeddable":true,"href":"https:\/\/www.hydraulic-cylinders.net\/lt\/wp-json\/wp\/v2\/product_brand?post=19673"},{"taxonomy":"product_cat","embeddable":true,"href":"https:\/\/www.hydraulic-cylinders.net\/lt\/wp-json\/wp\/v2\/product_cat?post=19673"},{"taxonomy":"product_tag","embeddable":true,"href":"https:\/\/www.hydraulic-cylinders.net\/lt\/wp-json\/wp\/v2\/product_tag?post=19673"}],"curies":[{"name":"wp","href":"https:\/\/api.w.org\/{rel}","templated":true}]}}